{"id":135192,"date":"2020-02-28T00:00:00","date_gmt":"2020-02-28T00:00:00","guid":{"rendered":"https:\/\/www.iplay.com\/games\/memoirs-of-murder-behind-the-scenes-collectors-edition\/"},"modified":"2020-02-28T00:00:00","modified_gmt":"2020-02-28T00:00:00","slug":"memoirs-of-murder-behind-the-scenes-collectors-edition","status":"publish","type":"product","link":"https:\/\/www.iplay.com\/fr\/games\/memoirs-of-murder-behind-the-scenes-collectors-edition\/","title":{"rendered":"Memoirs of Murder: Behind the Scenes Collector&#8217;s Edition"},"content":{"rendered":"<p>Embarquez pour un nouveau voyage avec l\u2019\u00e9quipe de d\u00e9tectives \u00e0 la retraite dans <em>Memoirs of Murder<\/em> ! Un voyage agr\u00e9able sur le plateau d\u2019un vrai film policier prend une tournure terrible lorsque le cousin d\u2019Aaron, Kevin, est soup\u00e7onn\u00e9 d\u2019avoir tu\u00e9 l\u2019actrice principale. Bien qu\u2019Aaron et Mary croient que Kevin est en train d\u2019\u00eatre pi\u00e9g\u00e9 pour prendre la chute, tout le monde dans cette petite communaut\u00e9 est s\u00fbr qu\u2019il est le meurtrier. Est-il possible de d\u00e9montrer l\u2019innocence de Kevin, ou fera-t-il face aux cons\u00e9quences d\u2019un crime qu\u2019il n\u2019a pas commis ? Jouez \u00e0 ce passionnant jeu d\u2019aventure et de puzzle d\u2019objets cach\u00e9s pour le d\u00e9couvrir ! Dans le jeu bonus, enqu\u00eatez sur une disparition et r\u00e9solvez un dernier myst\u00e8re !    <\/p>\n<p>&nbsp;<\/p>\n<p>&nbsp;<\/p>\n<p><strong>Fonctionnalit\u00e9s:<\/strong><\/p>\n<p>&nbsp;<\/p>\n<p>&#8211; Revivez vos meilleurs mini-jeux et SOC pour d\u00e9bloquer des succ\u00e8s !<\/p>\n<p>&#8211; Il y a une tonne d\u2019artefacts et de souvenirs disponibles !<\/p>\n<p>&#8211; Profitez de films, de musiques, d\u2019illustrations conceptuelles et de fonds d\u2019\u00e9cran uniques !<br \/>\n&#8211; Utilisez le guide de strat\u00e9gie pour ne jamais vous perdre !<\/p>\n","protected":false},"excerpt":{"rendered":"<p>Couper! Sc\u00e8ne de crime sur sc\u00e8ne ! Dans Memoirs of Murder&nbsp;: Behind the Scenes CE, aidez \u00e0 r\u00e9soudre le crime  <\/p>\n","protected":false},"author":17,"featured_media":83612,"comment_status":"open","ping_status":"closed","template":"","meta":{"_acf_changed":false,"inline_featured_image":false},"product_brand":[],"product_cat":[165],"product_tag":[287],"class_list":{"0":"post-135192","1":"product","2":"type-product","3":"status-publish","4":"has-post-thumbnail","6":"product_cat-hidden-object-fr","7":"product_tag-play-on-pc-fr","9":"first","10":"instock","11":"shipping-taxable","12":"purchasable","13":"product-type-simple"},"acf":[],"yoast_head":"<!-- This site is optimized with the Yoast SEO Premium plugin v25.2 (Yoast SEO v25.2) - https:\/\/yoast.com\/wordpress\/plugins\/seo\/ -->\n<title>Memoirs of Murder\u00a0: Les Coulisses Edition Collector - R\u00e9solvez le crime en travaillant dans les coulisses<\/title>\n<meta name=\"description\" content=\"Couper! Sc\u00e8ne de crime sur sc\u00e8ne ! Dans Memoirs of Murder&nbsp;: Behind the Scenes CE, aidez \u00e0 r\u00e9soudre le crime\" \/>\n<meta name=\"robots\" content=\"index, follow, max-snippet:-1, max-image-preview:large, max-video-preview:-1\" \/>\n<link rel=\"canonical\" href=\"https:\/\/www.iplay.com\/fr\/games\/memoirs-of-murder-behind-the-scenes-collectors-edition\/\" \/>\n<meta property=\"og:locale\" content=\"fr_FR\" \/>\n<meta property=\"og:type\" content=\"article\" \/>\n<meta property=\"og:title\" content=\"Memoirs of Murder: Behind the Scenes Collector&#039;s Edition\" \/>\n<meta property=\"og:description\" content=\"Couper! Sc\u00e8ne de crime sur sc\u00e8ne ! Dans Memoirs of Murder&nbsp;: Behind the Scenes CE, aidez \u00e0 r\u00e9soudre le crime\" \/>\n<meta property=\"og:url\" content=\"https:\/\/www.iplay.com\/fr\/games\/memoirs-of-murder-behind-the-scenes-collectors-edition\/\" \/>\n<meta property=\"og:site_name\" content=\"IPlay\" \/>\n<meta property=\"og:image\" content=\"https:\/\/www.iplay.com\/wp-content\/uploads\/2023\/12\/large_square_tile_image-2735.jpg\" \/>\n\t<meta property=\"og:image:width\" content=\"310\" \/>\n\t<meta property=\"og:image:height\" content=\"310\" \/>\n\t<meta property=\"og:image:type\" content=\"image\/jpeg\" \/>\n<meta name=\"twitter:card\" content=\"summary_large_image\" \/>\n<meta name=\"twitter:label1\" content=\"Dur\u00e9e de lecture estim\u00e9e\" \/>\n\t<meta name=\"twitter:data1\" content=\"1 minute\" \/>\n<script type=\"application\/ld+json\" class=\"yoast-schema-graph\">{\"@context\":\"https:\/\/schema.org\",\"@graph\":[{\"@type\":\"WebPage\",\"@id\":\"https:\/\/www.iplay.com\/fr\/games\/memoirs-of-murder-behind-the-scenes-collectors-edition\/\",\"url\":\"https:\/\/www.iplay.com\/fr\/games\/memoirs-of-murder-behind-the-scenes-collectors-edition\/\",\"name\":\"Memoirs of Murder\u00a0: Les Coulisses Edition Collector - R\u00e9solvez le crime en travaillant dans les coulisses\",\"isPartOf\":{\"@id\":\"https:\/\/www.iplay.com\/en\/#website\"},\"primaryImageOfPage\":{\"@id\":\"https:\/\/www.iplay.com\/fr\/games\/memoirs-of-murder-behind-the-scenes-collectors-edition\/#primaryimage\"},\"image\":{\"@id\":\"https:\/\/www.iplay.com\/fr\/games\/memoirs-of-murder-behind-the-scenes-collectors-edition\/#primaryimage\"},\"thumbnailUrl\":\"https:\/\/www.iplay.com\/wp-content\/uploads\/2023\/12\/large_square_tile_image-2735.jpg\",\"datePublished\":\"2020-02-28T00:00:00+00:00\",\"description\":\"Couper! Sc\u00e8ne de crime sur sc\u00e8ne ! Dans Memoirs of Murder&nbsp;: Behind the Scenes CE, aidez \u00e0 r\u00e9soudre le crime\",\"breadcrumb\":{\"@id\":\"https:\/\/www.iplay.com\/fr\/games\/memoirs-of-murder-behind-the-scenes-collectors-edition\/#breadcrumb\"},\"inLanguage\":\"fr-FR\",\"potentialAction\":[{\"@type\":\"ReadAction\",\"target\":[\"https:\/\/www.iplay.com\/fr\/games\/memoirs-of-murder-behind-the-scenes-collectors-edition\/\"]}]},{\"@type\":\"ImageObject\",\"inLanguage\":\"fr-FR\",\"@id\":\"https:\/\/www.iplay.com\/fr\/games\/memoirs-of-murder-behind-the-scenes-collectors-edition\/#primaryimage\",\"url\":\"https:\/\/www.iplay.com\/wp-content\/uploads\/2023\/12\/large_square_tile_image-2735.jpg\",\"contentUrl\":\"https:\/\/www.iplay.com\/wp-content\/uploads\/2023\/12\/large_square_tile_image-2735.jpg\",\"width\":310,\"height\":310},{\"@type\":\"BreadcrumbList\",\"@id\":\"https:\/\/www.iplay.com\/fr\/games\/memoirs-of-murder-behind-the-scenes-collectors-edition\/#breadcrumb\",\"itemListElement\":[{\"@type\":\"ListItem\",\"position\":1,\"name\":\"Home\",\"item\":\"https:\/\/www.iplay.com\/fr\/home-page-2\/\"},{\"@type\":\"ListItem\",\"position\":2,\"name\":\"Shop\",\"item\":\"https:\/\/www.iplay.com\/en\/shop\/\"},{\"@type\":\"ListItem\",\"position\":3,\"name\":\"Memoirs of Murder: Behind the Scenes Collector&#8217;s Edition\"}]},{\"@type\":\"WebSite\",\"@id\":\"https:\/\/www.iplay.com\/en\/#website\",\"url\":\"https:\/\/www.iplay.com\/en\/\",\"name\":\"IPlay\",\"description\":\"The Best Casual Games!\",\"publisher\":{\"@id\":\"https:\/\/www.iplay.com\/en\/#organization\"},\"potentialAction\":[{\"@type\":\"SearchAction\",\"target\":{\"@type\":\"EntryPoint\",\"urlTemplate\":\"https:\/\/www.iplay.com\/en\/?s={search_term_string}\"},\"query-input\":{\"@type\":\"PropertyValueSpecification\",\"valueRequired\":true,\"valueName\":\"search_term_string\"}}],\"inLanguage\":\"fr-FR\"},{\"@type\":\"Organization\",\"@id\":\"https:\/\/www.iplay.com\/en\/#organization\",\"name\":\"IPlay\",\"url\":\"https:\/\/www.iplay.com\/en\/\",\"logo\":{\"@type\":\"ImageObject\",\"inLanguage\":\"fr-FR\",\"@id\":\"https:\/\/www.iplay.com\/en\/#\/schema\/logo\/image\/\",\"url\":\"https:\/\/www.iplay.com\/wp-content\/uploads\/2023\/11\/Group-6100.svg\",\"contentUrl\":\"https:\/\/www.iplay.com\/wp-content\/uploads\/2023\/11\/Group-6100.svg\",\"width\":98,\"height\":25,\"caption\":\"IPlay\"},\"image\":{\"@id\":\"https:\/\/www.iplay.com\/en\/#\/schema\/logo\/image\/\"}}]}<\/script>\n<!-- \/ Yoast SEO Premium plugin. -->","yoast_head_json":{"title":"Memoirs of Murder\u00a0: Les Coulisses Edition Collector - R\u00e9solvez le crime en travaillant dans les coulisses","description":"Couper! Sc\u00e8ne de crime sur sc\u00e8ne ! Dans Memoirs of Murder&nbsp;: Behind the Scenes CE, aidez \u00e0 r\u00e9soudre le crime","robots":{"index":"index","follow":"follow","max-snippet":"max-snippet:-1","max-image-preview":"max-image-preview:large","max-video-preview":"max-video-preview:-1"},"canonical":"https:\/\/www.iplay.com\/fr\/games\/memoirs-of-murder-behind-the-scenes-collectors-edition\/","og_locale":"fr_FR","og_type":"article","og_title":"Memoirs of Murder: Behind the Scenes Collector's Edition","og_description":"Couper! Sc\u00e8ne de crime sur sc\u00e8ne ! Dans Memoirs of Murder&nbsp;: Behind the Scenes CE, aidez \u00e0 r\u00e9soudre le crime","og_url":"https:\/\/www.iplay.com\/fr\/games\/memoirs-of-murder-behind-the-scenes-collectors-edition\/","og_site_name":"IPlay","og_image":[{"width":310,"height":310,"url":"https:\/\/www.iplay.com\/wp-content\/uploads\/2023\/12\/large_square_tile_image-2735.jpg","type":"image\/jpeg"}],"twitter_card":"summary_large_image","twitter_misc":{"Dur\u00e9e de lecture estim\u00e9e":"1 minute"},"schema":{"@context":"https:\/\/schema.org","@graph":[{"@type":"WebPage","@id":"https:\/\/www.iplay.com\/fr\/games\/memoirs-of-murder-behind-the-scenes-collectors-edition\/","url":"https:\/\/www.iplay.com\/fr\/games\/memoirs-of-murder-behind-the-scenes-collectors-edition\/","name":"Memoirs of Murder\u00a0: Les Coulisses Edition Collector - R\u00e9solvez le crime en travaillant dans les coulisses","isPartOf":{"@id":"https:\/\/www.iplay.com\/en\/#website"},"primaryImageOfPage":{"@id":"https:\/\/www.iplay.com\/fr\/games\/memoirs-of-murder-behind-the-scenes-collectors-edition\/#primaryimage"},"image":{"@id":"https:\/\/www.iplay.com\/fr\/games\/memoirs-of-murder-behind-the-scenes-collectors-edition\/#primaryimage"},"thumbnailUrl":"https:\/\/www.iplay.com\/wp-content\/uploads\/2023\/12\/large_square_tile_image-2735.jpg","datePublished":"2020-02-28T00:00:00+00:00","description":"Couper! Sc\u00e8ne de crime sur sc\u00e8ne ! Dans Memoirs of Murder&nbsp;: Behind the Scenes CE, aidez \u00e0 r\u00e9soudre le crime","breadcrumb":{"@id":"https:\/\/www.iplay.com\/fr\/games\/memoirs-of-murder-behind-the-scenes-collectors-edition\/#breadcrumb"},"inLanguage":"fr-FR","potentialAction":[{"@type":"ReadAction","target":["https:\/\/www.iplay.com\/fr\/games\/memoirs-of-murder-behind-the-scenes-collectors-edition\/"]}]},{"@type":"ImageObject","inLanguage":"fr-FR","@id":"https:\/\/www.iplay.com\/fr\/games\/memoirs-of-murder-behind-the-scenes-collectors-edition\/#primaryimage","url":"https:\/\/www.iplay.com\/wp-content\/uploads\/2023\/12\/large_square_tile_image-2735.jpg","contentUrl":"https:\/\/www.iplay.com\/wp-content\/uploads\/2023\/12\/large_square_tile_image-2735.jpg","width":310,"height":310},{"@type":"BreadcrumbList","@id":"https:\/\/www.iplay.com\/fr\/games\/memoirs-of-murder-behind-the-scenes-collectors-edition\/#breadcrumb","itemListElement":[{"@type":"ListItem","position":1,"name":"Home","item":"https:\/\/www.iplay.com\/fr\/home-page-2\/"},{"@type":"ListItem","position":2,"name":"Shop","item":"https:\/\/www.iplay.com\/en\/shop\/"},{"@type":"ListItem","position":3,"name":"Memoirs of Murder: Behind the Scenes Collector&#8217;s Edition"}]},{"@type":"WebSite","@id":"https:\/\/www.iplay.com\/en\/#website","url":"https:\/\/www.iplay.com\/en\/","name":"IPlay","description":"The Best Casual Games!","publisher":{"@id":"https:\/\/www.iplay.com\/en\/#organization"},"potentialAction":[{"@type":"SearchAction","target":{"@type":"EntryPoint","urlTemplate":"https:\/\/www.iplay.com\/en\/?s={search_term_string}"},"query-input":{"@type":"PropertyValueSpecification","valueRequired":true,"valueName":"search_term_string"}}],"inLanguage":"fr-FR"},{"@type":"Organization","@id":"https:\/\/www.iplay.com\/en\/#organization","name":"IPlay","url":"https:\/\/www.iplay.com\/en\/","logo":{"@type":"ImageObject","inLanguage":"fr-FR","@id":"https:\/\/www.iplay.com\/en\/#\/schema\/logo\/image\/","url":"https:\/\/www.iplay.com\/wp-content\/uploads\/2023\/11\/Group-6100.svg","contentUrl":"https:\/\/www.iplay.com\/wp-content\/uploads\/2023\/11\/Group-6100.svg","width":98,"height":25,"caption":"IPlay"},"image":{"@id":"https:\/\/www.iplay.com\/en\/#\/schema\/logo\/image\/"}}]}},"_links":{"self":[{"href":"https:\/\/www.iplay.com\/fr\/wp-json\/wp\/v2\/product\/135192","targetHints":{"allow":["GET"]}}],"collection":[{"href":"https:\/\/www.iplay.com\/fr\/wp-json\/wp\/v2\/product"}],"about":[{"href":"https:\/\/www.iplay.com\/fr\/wp-json\/wp\/v2\/types\/product"}],"author":[{"embeddable":true,"href":"https:\/\/www.iplay.com\/fr\/wp-json\/wp\/v2\/users\/17"}],"replies":[{"embeddable":true,"href":"https:\/\/www.iplay.com\/fr\/wp-json\/wp\/v2\/comments?post=135192"}],"wp:featuredmedia":[{"embeddable":true,"href":"https:\/\/www.iplay.com\/fr\/wp-json\/wp\/v2\/media\/83612"}],"wp:attachment":[{"href":"https:\/\/www.iplay.com\/fr\/wp-json\/wp\/v2\/media?parent=135192"}],"wp:term":[{"taxonomy":"product_brand","embeddable":true,"href":"https:\/\/www.iplay.com\/fr\/wp-json\/wp\/v2\/product_brand?post=135192"},{"taxonomy":"product_cat","embeddable":true,"href":"https:\/\/www.iplay.com\/fr\/wp-json\/wp\/v2\/product_cat?post=135192"},{"taxonomy":"product_tag","embeddable":true,"href":"https:\/\/www.iplay.com\/fr\/wp-json\/wp\/v2\/product_tag?post=135192"}],"curies":[{"name":"wp","href":"https:\/\/api.w.org\/{rel}","templated":true}]}}