{"id":135127,"date":"2020-05-17T00:00:00","date_gmt":"2020-05-17T00:00:00","guid":{"rendered":"https:\/\/www.iplay.com\/games\/royal-detective-the-last-charm-collectors-edition\/"},"modified":"2020-05-17T00:00:00","modified_gmt":"2020-05-17T00:00:00","slug":"royal-detective-the-last-charm-collectors-edition","status":"publish","type":"product","link":"https:\/\/www.iplay.com\/fr\/games\/royal-detective-the-last-charm-collectors-edition\/","title":{"rendered":"Royal Detective: The Last Charm Collector&#8217;s Edition"},"content":{"rendered":"<p>\u00c9liminez une arm\u00e9e de fant\u00f4mes dans Riddles of Fate&nbsp;: Wild Hunt ! Vous \u00eates convoqu\u00e9 \u00e0 Osville, o\u00f9 une jeune fille solitaire est la cible d\u2019une horde de fant\u00f4mes command\u00e9s par les Quatre Cavaliers de l\u2019Apocalypse qui fouillent les rues. Le myst\u00e9rieux prisonnier emprisonn\u00e9 dans la tour a le secret pour sauver la ville, mais vous devez d\u2019abord le localiser ! D\u00e9couvrez le myst\u00e8re qui entoure l\u2019arm\u00e9e de la Chasse Sauvage et d\u00e9couvrez la v\u00e9ritable motivation derri\u00e8re la trahison ultime du prisonnier dans ce jeu d\u2019aventure d\u2019objets cach\u00e9s captivant ! Entrez dans deux jeux suppl\u00e9mentaires !    <\/p>\n<p>&nbsp;<\/p>\n<p>&nbsp;<\/p>\n<p><strong>Fonctionnalit\u00e9s:<\/strong><\/p>\n<p>&nbsp;<\/p>\n<p>&#8211; Sauvez la princesse et r\u00e9cup\u00e9rez son \u00e2me !<br \/>\n&#8211; Explorez les merveilles qui se cachent dans le Royaume des Morts en y faisant un voyage !<br \/>\n&#8211; D\u00e9couvrez les myst\u00e8res d\u2019Osville \u00e0 l\u2019aide de bonus et d\u2019objets de collection !<\/p>\n","protected":false},"excerpt":{"rendered":"<p>Explorez un monde sous le v\u00f4tre. L\u2019\u00e9dition collector de Royal Detective &#8211; The Last Charm <\/p>\n","protected":false},"author":17,"featured_media":91012,"comment_status":"open","ping_status":"closed","template":"","meta":{"_acf_changed":false,"inline_featured_image":false},"product_brand":[],"product_cat":[165],"product_tag":[287],"class_list":{"0":"post-135127","1":"product","2":"type-product","3":"status-publish","4":"has-post-thumbnail","6":"product_cat-hidden-object-fr","7":"product_tag-play-on-pc-fr","9":"first","10":"instock","11":"shipping-taxable","12":"purchasable","13":"product-type-simple"},"acf":[],"yoast_head":"<!-- This site is optimized with the Yoast SEO Premium plugin v25.2 (Yoast SEO v25.2) - https:\/\/yoast.com\/wordpress\/plugins\/seo\/ -->\n<title>Royal Detective\u00a0: The Last Charm Edition Collector - D\u00e9couvrez ci-dessous dans l\u2019\u00c9dition Collector de Royal Detective<\/title>\n<meta name=\"description\" content=\"Explorez un monde sous le v\u00f4tre. L\u2019\u00e9dition collector de Royal Detective - The Last Charm\" \/>\n<meta name=\"robots\" content=\"index, follow, max-snippet:-1, max-image-preview:large, max-video-preview:-1\" \/>\n<link rel=\"canonical\" href=\"https:\/\/www.iplay.com\/fr\/games\/royal-detective-the-last-charm-collectors-edition\/\" \/>\n<meta property=\"og:locale\" content=\"fr_FR\" \/>\n<meta property=\"og:type\" content=\"article\" \/>\n<meta property=\"og:title\" content=\"Royal Detective: The Last Charm Collector&#039;s Edition\" \/>\n<meta property=\"og:description\" content=\"Explorez un monde sous le v\u00f4tre. L\u2019\u00e9dition collector de Royal Detective - The Last Charm\" \/>\n<meta property=\"og:url\" content=\"https:\/\/www.iplay.com\/fr\/games\/royal-detective-the-last-charm-collectors-edition\/\" \/>\n<meta property=\"og:site_name\" content=\"IPlay\" \/>\n<meta property=\"og:image\" content=\"https:\/\/www.iplay.com\/wp-content\/uploads\/2023\/12\/large_square_tile_image-3203.jpg\" \/>\n\t<meta property=\"og:image:width\" content=\"310\" \/>\n\t<meta property=\"og:image:height\" content=\"310\" \/>\n\t<meta property=\"og:image:type\" content=\"image\/jpeg\" \/>\n<meta name=\"twitter:card\" content=\"summary_large_image\" \/>\n<meta name=\"twitter:label1\" content=\"Dur\u00e9e de lecture estim\u00e9e\" \/>\n\t<meta name=\"twitter:data1\" content=\"1 minute\" \/>\n<script type=\"application\/ld+json\" class=\"yoast-schema-graph\">{\"@context\":\"https:\/\/schema.org\",\"@graph\":[{\"@type\":\"WebPage\",\"@id\":\"https:\/\/www.iplay.com\/fr\/games\/royal-detective-the-last-charm-collectors-edition\/\",\"url\":\"https:\/\/www.iplay.com\/fr\/games\/royal-detective-the-last-charm-collectors-edition\/\",\"name\":\"Royal Detective\u00a0: The Last Charm Edition Collector - D\u00e9couvrez ci-dessous dans l\u2019\u00c9dition Collector de Royal Detective\",\"isPartOf\":{\"@id\":\"https:\/\/www.iplay.com\/en\/#website\"},\"primaryImageOfPage\":{\"@id\":\"https:\/\/www.iplay.com\/fr\/games\/royal-detective-the-last-charm-collectors-edition\/#primaryimage\"},\"image\":{\"@id\":\"https:\/\/www.iplay.com\/fr\/games\/royal-detective-the-last-charm-collectors-edition\/#primaryimage\"},\"thumbnailUrl\":\"https:\/\/www.iplay.com\/wp-content\/uploads\/2023\/12\/large_square_tile_image-3203.jpg\",\"datePublished\":\"2020-05-17T00:00:00+00:00\",\"description\":\"Explorez un monde sous le v\u00f4tre. L\u2019\u00e9dition collector de Royal Detective - The Last Charm\",\"breadcrumb\":{\"@id\":\"https:\/\/www.iplay.com\/fr\/games\/royal-detective-the-last-charm-collectors-edition\/#breadcrumb\"},\"inLanguage\":\"fr-FR\",\"potentialAction\":[{\"@type\":\"ReadAction\",\"target\":[\"https:\/\/www.iplay.com\/fr\/games\/royal-detective-the-last-charm-collectors-edition\/\"]}]},{\"@type\":\"ImageObject\",\"inLanguage\":\"fr-FR\",\"@id\":\"https:\/\/www.iplay.com\/fr\/games\/royal-detective-the-last-charm-collectors-edition\/#primaryimage\",\"url\":\"https:\/\/www.iplay.com\/wp-content\/uploads\/2023\/12\/large_square_tile_image-3203.jpg\",\"contentUrl\":\"https:\/\/www.iplay.com\/wp-content\/uploads\/2023\/12\/large_square_tile_image-3203.jpg\",\"width\":310,\"height\":310},{\"@type\":\"BreadcrumbList\",\"@id\":\"https:\/\/www.iplay.com\/fr\/games\/royal-detective-the-last-charm-collectors-edition\/#breadcrumb\",\"itemListElement\":[{\"@type\":\"ListItem\",\"position\":1,\"name\":\"Home\",\"item\":\"https:\/\/www.iplay.com\/fr\/home-page-2\/\"},{\"@type\":\"ListItem\",\"position\":2,\"name\":\"Shop\",\"item\":\"https:\/\/www.iplay.com\/en\/shop\/\"},{\"@type\":\"ListItem\",\"position\":3,\"name\":\"Royal Detective: The Last Charm Collector&#8217;s Edition\"}]},{\"@type\":\"WebSite\",\"@id\":\"https:\/\/www.iplay.com\/en\/#website\",\"url\":\"https:\/\/www.iplay.com\/en\/\",\"name\":\"IPlay\",\"description\":\"The Best Casual Games!\",\"publisher\":{\"@id\":\"https:\/\/www.iplay.com\/en\/#organization\"},\"potentialAction\":[{\"@type\":\"SearchAction\",\"target\":{\"@type\":\"EntryPoint\",\"urlTemplate\":\"https:\/\/www.iplay.com\/en\/?s={search_term_string}\"},\"query-input\":{\"@type\":\"PropertyValueSpecification\",\"valueRequired\":true,\"valueName\":\"search_term_string\"}}],\"inLanguage\":\"fr-FR\"},{\"@type\":\"Organization\",\"@id\":\"https:\/\/www.iplay.com\/en\/#organization\",\"name\":\"IPlay\",\"url\":\"https:\/\/www.iplay.com\/en\/\",\"logo\":{\"@type\":\"ImageObject\",\"inLanguage\":\"fr-FR\",\"@id\":\"https:\/\/www.iplay.com\/en\/#\/schema\/logo\/image\/\",\"url\":\"https:\/\/www.iplay.com\/wp-content\/uploads\/2023\/11\/Group-6100.svg\",\"contentUrl\":\"https:\/\/www.iplay.com\/wp-content\/uploads\/2023\/11\/Group-6100.svg\",\"width\":98,\"height\":25,\"caption\":\"IPlay\"},\"image\":{\"@id\":\"https:\/\/www.iplay.com\/en\/#\/schema\/logo\/image\/\"}}]}<\/script>\n<!-- \/ Yoast SEO Premium plugin. -->","yoast_head_json":{"title":"Royal Detective\u00a0: The Last Charm Edition Collector - D\u00e9couvrez ci-dessous dans l\u2019\u00c9dition Collector de Royal Detective","description":"Explorez un monde sous le v\u00f4tre. L\u2019\u00e9dition collector de Royal Detective - The Last Charm","robots":{"index":"index","follow":"follow","max-snippet":"max-snippet:-1","max-image-preview":"max-image-preview:large","max-video-preview":"max-video-preview:-1"},"canonical":"https:\/\/www.iplay.com\/fr\/games\/royal-detective-the-last-charm-collectors-edition\/","og_locale":"fr_FR","og_type":"article","og_title":"Royal Detective: The Last Charm Collector's Edition","og_description":"Explorez un monde sous le v\u00f4tre. L\u2019\u00e9dition collector de Royal Detective - The Last Charm","og_url":"https:\/\/www.iplay.com\/fr\/games\/royal-detective-the-last-charm-collectors-edition\/","og_site_name":"IPlay","og_image":[{"width":310,"height":310,"url":"https:\/\/www.iplay.com\/wp-content\/uploads\/2023\/12\/large_square_tile_image-3203.jpg","type":"image\/jpeg"}],"twitter_card":"summary_large_image","twitter_misc":{"Dur\u00e9e de lecture estim\u00e9e":"1 minute"},"schema":{"@context":"https:\/\/schema.org","@graph":[{"@type":"WebPage","@id":"https:\/\/www.iplay.com\/fr\/games\/royal-detective-the-last-charm-collectors-edition\/","url":"https:\/\/www.iplay.com\/fr\/games\/royal-detective-the-last-charm-collectors-edition\/","name":"Royal Detective\u00a0: The Last Charm Edition Collector - D\u00e9couvrez ci-dessous dans l\u2019\u00c9dition Collector de Royal Detective","isPartOf":{"@id":"https:\/\/www.iplay.com\/en\/#website"},"primaryImageOfPage":{"@id":"https:\/\/www.iplay.com\/fr\/games\/royal-detective-the-last-charm-collectors-edition\/#primaryimage"},"image":{"@id":"https:\/\/www.iplay.com\/fr\/games\/royal-detective-the-last-charm-collectors-edition\/#primaryimage"},"thumbnailUrl":"https:\/\/www.iplay.com\/wp-content\/uploads\/2023\/12\/large_square_tile_image-3203.jpg","datePublished":"2020-05-17T00:00:00+00:00","description":"Explorez un monde sous le v\u00f4tre. L\u2019\u00e9dition collector de Royal Detective - The Last Charm","breadcrumb":{"@id":"https:\/\/www.iplay.com\/fr\/games\/royal-detective-the-last-charm-collectors-edition\/#breadcrumb"},"inLanguage":"fr-FR","potentialAction":[{"@type":"ReadAction","target":["https:\/\/www.iplay.com\/fr\/games\/royal-detective-the-last-charm-collectors-edition\/"]}]},{"@type":"ImageObject","inLanguage":"fr-FR","@id":"https:\/\/www.iplay.com\/fr\/games\/royal-detective-the-last-charm-collectors-edition\/#primaryimage","url":"https:\/\/www.iplay.com\/wp-content\/uploads\/2023\/12\/large_square_tile_image-3203.jpg","contentUrl":"https:\/\/www.iplay.com\/wp-content\/uploads\/2023\/12\/large_square_tile_image-3203.jpg","width":310,"height":310},{"@type":"BreadcrumbList","@id":"https:\/\/www.iplay.com\/fr\/games\/royal-detective-the-last-charm-collectors-edition\/#breadcrumb","itemListElement":[{"@type":"ListItem","position":1,"name":"Home","item":"https:\/\/www.iplay.com\/fr\/home-page-2\/"},{"@type":"ListItem","position":2,"name":"Shop","item":"https:\/\/www.iplay.com\/en\/shop\/"},{"@type":"ListItem","position":3,"name":"Royal Detective: The Last Charm Collector&#8217;s Edition"}]},{"@type":"WebSite","@id":"https:\/\/www.iplay.com\/en\/#website","url":"https:\/\/www.iplay.com\/en\/","name":"IPlay","description":"The Best Casual Games!","publisher":{"@id":"https:\/\/www.iplay.com\/en\/#organization"},"potentialAction":[{"@type":"SearchAction","target":{"@type":"EntryPoint","urlTemplate":"https:\/\/www.iplay.com\/en\/?s={search_term_string}"},"query-input":{"@type":"PropertyValueSpecification","valueRequired":true,"valueName":"search_term_string"}}],"inLanguage":"fr-FR"},{"@type":"Organization","@id":"https:\/\/www.iplay.com\/en\/#organization","name":"IPlay","url":"https:\/\/www.iplay.com\/en\/","logo":{"@type":"ImageObject","inLanguage":"fr-FR","@id":"https:\/\/www.iplay.com\/en\/#\/schema\/logo\/image\/","url":"https:\/\/www.iplay.com\/wp-content\/uploads\/2023\/11\/Group-6100.svg","contentUrl":"https:\/\/www.iplay.com\/wp-content\/uploads\/2023\/11\/Group-6100.svg","width":98,"height":25,"caption":"IPlay"},"image":{"@id":"https:\/\/www.iplay.com\/en\/#\/schema\/logo\/image\/"}}]}},"_links":{"self":[{"href":"https:\/\/www.iplay.com\/fr\/wp-json\/wp\/v2\/product\/135127","targetHints":{"allow":["GET"]}}],"collection":[{"href":"https:\/\/www.iplay.com\/fr\/wp-json\/wp\/v2\/product"}],"about":[{"href":"https:\/\/www.iplay.com\/fr\/wp-json\/wp\/v2\/types\/product"}],"author":[{"embeddable":true,"href":"https:\/\/www.iplay.com\/fr\/wp-json\/wp\/v2\/users\/17"}],"replies":[{"embeddable":true,"href":"https:\/\/www.iplay.com\/fr\/wp-json\/wp\/v2\/comments?post=135127"}],"wp:featuredmedia":[{"embeddable":true,"href":"https:\/\/www.iplay.com\/fr\/wp-json\/wp\/v2\/media\/91012"}],"wp:attachment":[{"href":"https:\/\/www.iplay.com\/fr\/wp-json\/wp\/v2\/media?parent=135127"}],"wp:term":[{"taxonomy":"product_brand","embeddable":true,"href":"https:\/\/www.iplay.com\/fr\/wp-json\/wp\/v2\/product_brand?post=135127"},{"taxonomy":"product_cat","embeddable":true,"href":"https:\/\/www.iplay.com\/fr\/wp-json\/wp\/v2\/product_cat?post=135127"},{"taxonomy":"product_tag","embeddable":true,"href":"https:\/\/www.iplay.com\/fr\/wp-json\/wp\/v2\/product_tag?post=135127"}],"curies":[{"name":"wp","href":"https:\/\/api.w.org\/{rel}","templated":true}]}}