{"id":135113,"date":"2020-07-01T00:00:00","date_gmt":"2020-07-01T00:00:00","guid":{"rendered":"https:\/\/www.iplay.com\/games\/mystery-trackers-the-secret-of-watch-hill-collectors-edition\/"},"modified":"2020-07-01T00:00:00","modified_gmt":"2020-07-01T00:00:00","slug":"mystery-trackers-the-secret-of-watch-hill-collectors-edition","status":"publish","type":"product","link":"https:\/\/www.iplay.com\/fr\/games\/mystery-trackers-the-secret-of-watch-hill-collectors-edition\/","title":{"rendered":"Mystery Trackers: The Secret of Watch Hill Collector&#8217;s Edition"},"content":{"rendered":"<p>Prenez plaisir \u00e0 la plus r\u00e9cente enqu\u00eate sur les traqueurs de myst\u00e8res ! Vous retournez dans votre ville natale de Watch Hill \u00e0 la suite de vos recherches les plus r\u00e9centes. Quinze ans se sont \u00e9coul\u00e9s depuis que votre village a \u00e9t\u00e9 d\u00e9truit par une catastrophe inexpliqu\u00e9e qui a co\u00fbt\u00e9 la vie \u00e0 votre famille. Vous allez vous pencher sur les histoires d\u2019une \u00e9trange \u00e9pid\u00e9mie qui a mis la ville en quarantaine ! Il ne s\u2019agit pas d\u2019un voyage dans le pass\u00e9, car vous d\u00e9couvrirez bient\u00f4t que des puissances mal\u00e9fiques s\u2019opposent \u00e0 vous. Et lorsque vous rencontrez votre petit fr\u00e8re qui n\u2019a pas pris une ride, les choses deviennent encore plus folles ! Pouvez-vous emp\u00eacher le pass\u00e9 de se reproduire avant qu\u2019il ne soit trop tard ? Dans ce passionnant voyage de puzzle d\u2019objets cach\u00e9s, d\u00e9couvrez-le !       <\/p>\n<p>&nbsp;<\/p>\n<p>&nbsp;<\/p>\n<p><strong>Fonctionnalit\u00e9s:<\/strong><\/p>\n<p>&nbsp;<\/p>\n<p>&#8211; D\u00e9couvrez la vie de l\u2019autre c\u00f4t\u00e9 et r\u00e9solvez une affaire sous un angle unique dans le jeu bonus !<\/p>\n<p>&#8211; Accomplissez une s\u00e9rie d\u2019exploits exceptionnels ! Plusieurs objets m\u00e9tamorphes, pi\u00e8ces de puzzle et phares \u00e0 collectionner attendent d\u2019\u00eatre d\u00e9couverts !<br \/>\n&#8211; Profitez de fonds d\u2019\u00e9cran sp\u00e9ciaux, d\u2019illustrations conceptuelles, d\u2019une bande-son, de mini-jeux et de SOC rejouables !<br \/>\n&#8211; Utilisez le guide de strat\u00e9gie pour ne jamais vous perdre !<\/p>\n","protected":false},"excerpt":{"rendered":"<p>Dans Mystery Trackers&nbsp;: The Secret of Watch Hill Collector\u2019s Edition, pouvez-vous pr\u00e9server votre ville natale ?<\/p>\n","protected":false},"author":17,"featured_media":90884,"comment_status":"open","ping_status":"closed","template":"","meta":{"_acf_changed":false,"inline_featured_image":false},"product_brand":[],"product_cat":[165],"product_tag":[287],"class_list":{"0":"post-135113","1":"product","2":"type-product","3":"status-publish","4":"has-post-thumbnail","6":"product_cat-hidden-object-fr","7":"product_tag-play-on-pc-fr","9":"first","10":"instock","11":"shipping-taxable","12":"purchasable","13":"product-type-simple"},"acf":[],"yoast_head":"<!-- This site is optimized with the Yoast SEO Premium plugin v25.2 (Yoast SEO v25.2) - https:\/\/yoast.com\/wordpress\/plugins\/seo\/ -->\n<title>Mystery Trackers\u00a0: Le Secret de Watch Hill Edition Collector - Sauvez votre ville natale dans Mystery Trackers\u00a0: Le Secret de Watch Hill CE<\/title>\n<meta name=\"description\" content=\"Dans Mystery Trackers&nbsp;: The Secret of Watch Hill Collector\u2019s Edition, pouvez-vous pr\u00e9server votre ville natale ?\" \/>\n<meta name=\"robots\" content=\"index, follow, max-snippet:-1, max-image-preview:large, max-video-preview:-1\" \/>\n<link rel=\"canonical\" href=\"https:\/\/www.iplay.com\/fr\/games\/mystery-trackers-the-secret-of-watch-hill-collectors-edition\/\" \/>\n<meta property=\"og:locale\" content=\"fr_FR\" \/>\n<meta property=\"og:type\" content=\"article\" \/>\n<meta property=\"og:title\" content=\"Mystery Trackers: The Secret of Watch Hill Collector&#039;s Edition\" \/>\n<meta property=\"og:description\" content=\"Dans Mystery Trackers&nbsp;: The Secret of Watch Hill Collector\u2019s Edition, pouvez-vous pr\u00e9server votre ville natale ?\" \/>\n<meta property=\"og:url\" content=\"https:\/\/www.iplay.com\/fr\/games\/mystery-trackers-the-secret-of-watch-hill-collectors-edition\/\" \/>\n<meta property=\"og:site_name\" content=\"IPlay\" \/>\n<meta property=\"og:image\" content=\"https:\/\/www.iplay.com\/wp-content\/uploads\/2023\/12\/large_square_tile_image-3195.jpg\" \/>\n\t<meta property=\"og:image:width\" content=\"310\" \/>\n\t<meta property=\"og:image:height\" content=\"310\" \/>\n\t<meta property=\"og:image:type\" content=\"image\/jpeg\" \/>\n<meta name=\"twitter:card\" content=\"summary_large_image\" \/>\n<meta name=\"twitter:label1\" content=\"Dur\u00e9e de lecture estim\u00e9e\" \/>\n\t<meta name=\"twitter:data1\" content=\"1 minute\" \/>\n<script type=\"application\/ld+json\" class=\"yoast-schema-graph\">{\"@context\":\"https:\/\/schema.org\",\"@graph\":[{\"@type\":\"WebPage\",\"@id\":\"https:\/\/www.iplay.com\/fr\/games\/mystery-trackers-the-secret-of-watch-hill-collectors-edition\/\",\"url\":\"https:\/\/www.iplay.com\/fr\/games\/mystery-trackers-the-secret-of-watch-hill-collectors-edition\/\",\"name\":\"Mystery Trackers\u00a0: Le Secret de Watch Hill Edition Collector - Sauvez votre ville natale dans Mystery Trackers\u00a0: Le Secret de Watch Hill CE\",\"isPartOf\":{\"@id\":\"https:\/\/www.iplay.com\/en\/#website\"},\"primaryImageOfPage\":{\"@id\":\"https:\/\/www.iplay.com\/fr\/games\/mystery-trackers-the-secret-of-watch-hill-collectors-edition\/#primaryimage\"},\"image\":{\"@id\":\"https:\/\/www.iplay.com\/fr\/games\/mystery-trackers-the-secret-of-watch-hill-collectors-edition\/#primaryimage\"},\"thumbnailUrl\":\"https:\/\/www.iplay.com\/wp-content\/uploads\/2023\/12\/large_square_tile_image-3195.jpg\",\"datePublished\":\"2020-07-01T00:00:00+00:00\",\"description\":\"Dans Mystery Trackers&nbsp;: The Secret of Watch Hill Collector\u2019s Edition, pouvez-vous pr\u00e9server votre ville natale ?\",\"breadcrumb\":{\"@id\":\"https:\/\/www.iplay.com\/fr\/games\/mystery-trackers-the-secret-of-watch-hill-collectors-edition\/#breadcrumb\"},\"inLanguage\":\"fr-FR\",\"potentialAction\":[{\"@type\":\"ReadAction\",\"target\":[\"https:\/\/www.iplay.com\/fr\/games\/mystery-trackers-the-secret-of-watch-hill-collectors-edition\/\"]}]},{\"@type\":\"ImageObject\",\"inLanguage\":\"fr-FR\",\"@id\":\"https:\/\/www.iplay.com\/fr\/games\/mystery-trackers-the-secret-of-watch-hill-collectors-edition\/#primaryimage\",\"url\":\"https:\/\/www.iplay.com\/wp-content\/uploads\/2023\/12\/large_square_tile_image-3195.jpg\",\"contentUrl\":\"https:\/\/www.iplay.com\/wp-content\/uploads\/2023\/12\/large_square_tile_image-3195.jpg\",\"width\":310,\"height\":310},{\"@type\":\"BreadcrumbList\",\"@id\":\"https:\/\/www.iplay.com\/fr\/games\/mystery-trackers-the-secret-of-watch-hill-collectors-edition\/#breadcrumb\",\"itemListElement\":[{\"@type\":\"ListItem\",\"position\":1,\"name\":\"Home\",\"item\":\"https:\/\/www.iplay.com\/fr\/home-page-2\/\"},{\"@type\":\"ListItem\",\"position\":2,\"name\":\"Shop\",\"item\":\"https:\/\/www.iplay.com\/en\/shop\/\"},{\"@type\":\"ListItem\",\"position\":3,\"name\":\"Mystery Trackers: The Secret of Watch Hill Collector&#8217;s Edition\"}]},{\"@type\":\"WebSite\",\"@id\":\"https:\/\/www.iplay.com\/en\/#website\",\"url\":\"https:\/\/www.iplay.com\/en\/\",\"name\":\"IPlay\",\"description\":\"The Best Casual Games!\",\"publisher\":{\"@id\":\"https:\/\/www.iplay.com\/en\/#organization\"},\"potentialAction\":[{\"@type\":\"SearchAction\",\"target\":{\"@type\":\"EntryPoint\",\"urlTemplate\":\"https:\/\/www.iplay.com\/en\/?s={search_term_string}\"},\"query-input\":{\"@type\":\"PropertyValueSpecification\",\"valueRequired\":true,\"valueName\":\"search_term_string\"}}],\"inLanguage\":\"fr-FR\"},{\"@type\":\"Organization\",\"@id\":\"https:\/\/www.iplay.com\/en\/#organization\",\"name\":\"IPlay\",\"url\":\"https:\/\/www.iplay.com\/en\/\",\"logo\":{\"@type\":\"ImageObject\",\"inLanguage\":\"fr-FR\",\"@id\":\"https:\/\/www.iplay.com\/en\/#\/schema\/logo\/image\/\",\"url\":\"https:\/\/www.iplay.com\/wp-content\/uploads\/2023\/11\/Group-6100.svg\",\"contentUrl\":\"https:\/\/www.iplay.com\/wp-content\/uploads\/2023\/11\/Group-6100.svg\",\"width\":98,\"height\":25,\"caption\":\"IPlay\"},\"image\":{\"@id\":\"https:\/\/www.iplay.com\/en\/#\/schema\/logo\/image\/\"}}]}<\/script>\n<!-- \/ Yoast SEO Premium plugin. -->","yoast_head_json":{"title":"Mystery Trackers\u00a0: Le Secret de Watch Hill Edition Collector - Sauvez votre ville natale dans Mystery Trackers\u00a0: Le Secret de Watch Hill CE","description":"Dans Mystery Trackers&nbsp;: The Secret of Watch Hill Collector\u2019s Edition, pouvez-vous pr\u00e9server votre ville natale ?","robots":{"index":"index","follow":"follow","max-snippet":"max-snippet:-1","max-image-preview":"max-image-preview:large","max-video-preview":"max-video-preview:-1"},"canonical":"https:\/\/www.iplay.com\/fr\/games\/mystery-trackers-the-secret-of-watch-hill-collectors-edition\/","og_locale":"fr_FR","og_type":"article","og_title":"Mystery Trackers: The Secret of Watch Hill Collector's Edition","og_description":"Dans Mystery Trackers&nbsp;: The Secret of Watch Hill Collector\u2019s Edition, pouvez-vous pr\u00e9server votre ville natale ?","og_url":"https:\/\/www.iplay.com\/fr\/games\/mystery-trackers-the-secret-of-watch-hill-collectors-edition\/","og_site_name":"IPlay","og_image":[{"width":310,"height":310,"url":"https:\/\/www.iplay.com\/wp-content\/uploads\/2023\/12\/large_square_tile_image-3195.jpg","type":"image\/jpeg"}],"twitter_card":"summary_large_image","twitter_misc":{"Dur\u00e9e de lecture estim\u00e9e":"1 minute"},"schema":{"@context":"https:\/\/schema.org","@graph":[{"@type":"WebPage","@id":"https:\/\/www.iplay.com\/fr\/games\/mystery-trackers-the-secret-of-watch-hill-collectors-edition\/","url":"https:\/\/www.iplay.com\/fr\/games\/mystery-trackers-the-secret-of-watch-hill-collectors-edition\/","name":"Mystery Trackers\u00a0: Le Secret de Watch Hill Edition Collector - Sauvez votre ville natale dans Mystery Trackers\u00a0: Le Secret de Watch Hill CE","isPartOf":{"@id":"https:\/\/www.iplay.com\/en\/#website"},"primaryImageOfPage":{"@id":"https:\/\/www.iplay.com\/fr\/games\/mystery-trackers-the-secret-of-watch-hill-collectors-edition\/#primaryimage"},"image":{"@id":"https:\/\/www.iplay.com\/fr\/games\/mystery-trackers-the-secret-of-watch-hill-collectors-edition\/#primaryimage"},"thumbnailUrl":"https:\/\/www.iplay.com\/wp-content\/uploads\/2023\/12\/large_square_tile_image-3195.jpg","datePublished":"2020-07-01T00:00:00+00:00","description":"Dans Mystery Trackers&nbsp;: The Secret of Watch Hill Collector\u2019s Edition, pouvez-vous pr\u00e9server votre ville natale ?","breadcrumb":{"@id":"https:\/\/www.iplay.com\/fr\/games\/mystery-trackers-the-secret-of-watch-hill-collectors-edition\/#breadcrumb"},"inLanguage":"fr-FR","potentialAction":[{"@type":"ReadAction","target":["https:\/\/www.iplay.com\/fr\/games\/mystery-trackers-the-secret-of-watch-hill-collectors-edition\/"]}]},{"@type":"ImageObject","inLanguage":"fr-FR","@id":"https:\/\/www.iplay.com\/fr\/games\/mystery-trackers-the-secret-of-watch-hill-collectors-edition\/#primaryimage","url":"https:\/\/www.iplay.com\/wp-content\/uploads\/2023\/12\/large_square_tile_image-3195.jpg","contentUrl":"https:\/\/www.iplay.com\/wp-content\/uploads\/2023\/12\/large_square_tile_image-3195.jpg","width":310,"height":310},{"@type":"BreadcrumbList","@id":"https:\/\/www.iplay.com\/fr\/games\/mystery-trackers-the-secret-of-watch-hill-collectors-edition\/#breadcrumb","itemListElement":[{"@type":"ListItem","position":1,"name":"Home","item":"https:\/\/www.iplay.com\/fr\/home-page-2\/"},{"@type":"ListItem","position":2,"name":"Shop","item":"https:\/\/www.iplay.com\/en\/shop\/"},{"@type":"ListItem","position":3,"name":"Mystery Trackers: The Secret of Watch Hill Collector&#8217;s Edition"}]},{"@type":"WebSite","@id":"https:\/\/www.iplay.com\/en\/#website","url":"https:\/\/www.iplay.com\/en\/","name":"IPlay","description":"The Best Casual Games!","publisher":{"@id":"https:\/\/www.iplay.com\/en\/#organization"},"potentialAction":[{"@type":"SearchAction","target":{"@type":"EntryPoint","urlTemplate":"https:\/\/www.iplay.com\/en\/?s={search_term_string}"},"query-input":{"@type":"PropertyValueSpecification","valueRequired":true,"valueName":"search_term_string"}}],"inLanguage":"fr-FR"},{"@type":"Organization","@id":"https:\/\/www.iplay.com\/en\/#organization","name":"IPlay","url":"https:\/\/www.iplay.com\/en\/","logo":{"@type":"ImageObject","inLanguage":"fr-FR","@id":"https:\/\/www.iplay.com\/en\/#\/schema\/logo\/image\/","url":"https:\/\/www.iplay.com\/wp-content\/uploads\/2023\/11\/Group-6100.svg","contentUrl":"https:\/\/www.iplay.com\/wp-content\/uploads\/2023\/11\/Group-6100.svg","width":98,"height":25,"caption":"IPlay"},"image":{"@id":"https:\/\/www.iplay.com\/en\/#\/schema\/logo\/image\/"}}]}},"_links":{"self":[{"href":"https:\/\/www.iplay.com\/fr\/wp-json\/wp\/v2\/product\/135113","targetHints":{"allow":["GET"]}}],"collection":[{"href":"https:\/\/www.iplay.com\/fr\/wp-json\/wp\/v2\/product"}],"about":[{"href":"https:\/\/www.iplay.com\/fr\/wp-json\/wp\/v2\/types\/product"}],"author":[{"embeddable":true,"href":"https:\/\/www.iplay.com\/fr\/wp-json\/wp\/v2\/users\/17"}],"replies":[{"embeddable":true,"href":"https:\/\/www.iplay.com\/fr\/wp-json\/wp\/v2\/comments?post=135113"}],"wp:featuredmedia":[{"embeddable":true,"href":"https:\/\/www.iplay.com\/fr\/wp-json\/wp\/v2\/media\/90884"}],"wp:attachment":[{"href":"https:\/\/www.iplay.com\/fr\/wp-json\/wp\/v2\/media?parent=135113"}],"wp:term":[{"taxonomy":"product_brand","embeddable":true,"href":"https:\/\/www.iplay.com\/fr\/wp-json\/wp\/v2\/product_brand?post=135113"},{"taxonomy":"product_cat","embeddable":true,"href":"https:\/\/www.iplay.com\/fr\/wp-json\/wp\/v2\/product_cat?post=135113"},{"taxonomy":"product_tag","embeddable":true,"href":"https:\/\/www.iplay.com\/fr\/wp-json\/wp\/v2\/product_tag?post=135113"}],"curies":[{"name":"wp","href":"https:\/\/api.w.org\/{rel}","templated":true}]}}