{"id":135074,"date":"2020-06-14T00:00:00","date_gmt":"2020-06-14T00:00:00","guid":{"rendered":"https:\/\/www.iplay.com\/games\/hiddenverse-fate-of-ariadna\/"},"modified":"2020-06-14T00:00:00","modified_gmt":"2020-06-14T00:00:00","slug":"hiddenverse-fate-of-ariadna","status":"publish","type":"product","link":"https:\/\/www.iplay.com\/fr\/games\/hiddenverse-fate-of-ariadna\/","title":{"rendered":"Hiddenverse Fate of Ariadna"},"content":{"rendered":"<p>Le dernier volet de l\u2019histoire d\u2019Ariane, Seuss et leurs compagnons. L\u2019univers est sur le point de s\u2019effondrer \u00e0 cause des actes d\u2019Ariane, qui ont provoqu\u00e9 la fusion de tous les mondes en un seul et ont presque d\u00e9truit tous les h\u00e9ros qui ont tent\u00e9 de l\u2019arr\u00eater. M\u00eame lorsque tout semble d\u00e9sesp\u00e9r\u00e9, Gustavo Ecko, le puissant gecko, rejoint les autres h\u00e9ros. C\u2019est l\u2019occasion pour Seuss et ses amis de triompher.   <\/p>\n<p>Une aventure fascinante dans le genre des objets cach\u00e9s, des puzzles et du match 3, qui se d\u00e9roule dans diff\u00e9rents mondes distincts et \u00e9poques historiques !<\/p>\n<p>&nbsp;<\/p>\n<p>&nbsp;<\/p>\n<p><strong>Fonctionnalit\u00e9s:<\/strong><\/p>\n<p>&nbsp;<\/p>\n<p>&#8211; Plus de 100 \u00e9tapes de jeu.<\/p>\n<p>&#8211; Des jeux divertissants de match trois et de recherche de paires.<\/p>\n<p>&#8211; Plus de vingt fonctionnalit\u00e9s de jeu distinctes.<\/p>\n<p>&#8211; 500 outils de jeu distincts.<\/p>\n","protected":false},"excerpt":{"rendered":"<p>Le conflit ultime, dont l\u2019issue d\u00e9terminera le destin de chaque globe !<\/p>\n","protected":false},"author":195,"featured_media":90916,"comment_status":"open","ping_status":"closed","template":"","meta":{"_acf_changed":false,"inline_featured_image":false},"product_brand":[],"product_cat":[165],"product_tag":[287],"class_list":{"0":"post-135074","1":"product","2":"type-product","3":"status-publish","4":"has-post-thumbnail","6":"product_cat-hidden-object-fr","7":"product_tag-play-on-pc-fr","9":"first","10":"instock","11":"shipping-taxable","12":"purchasable","13":"product-type-simple"},"acf":[],"yoast_head":"<!-- This site is optimized with the Yoast SEO Premium plugin v25.2 (Yoast SEO v25.2) - https:\/\/yoast.com\/wordpress\/plugins\/seo\/ -->\n<title>Destin cach\u00e9 d\u2019Ariadna - La bataille finale d\u00e9cide du destin de tous les mondes<\/title>\n<meta name=\"description\" content=\"Le conflit ultime, dont l\u2019issue d\u00e9terminera le destin de chaque globe !\" \/>\n<meta name=\"robots\" content=\"index, follow, max-snippet:-1, max-image-preview:large, max-video-preview:-1\" \/>\n<link rel=\"canonical\" href=\"https:\/\/www.iplay.com\/fr\/games\/hiddenverse-fate-of-ariadna\/\" \/>\n<meta property=\"og:locale\" content=\"fr_FR\" \/>\n<meta property=\"og:type\" content=\"article\" \/>\n<meta property=\"og:title\" content=\"Hiddenverse Fate of Ariadna\" \/>\n<meta property=\"og:description\" content=\"Le conflit ultime, dont l\u2019issue d\u00e9terminera le destin de chaque globe !\" \/>\n<meta property=\"og:url\" content=\"https:\/\/www.iplay.com\/fr\/games\/hiddenverse-fate-of-ariadna\/\" \/>\n<meta property=\"og:site_name\" content=\"IPlay\" \/>\n<meta property=\"og:image\" content=\"https:\/\/www.iplay.com\/wp-content\/uploads\/2023\/12\/large_square_tile_image-3197.jpg\" \/>\n\t<meta property=\"og:image:width\" content=\"310\" \/>\n\t<meta property=\"og:image:height\" content=\"310\" \/>\n\t<meta property=\"og:image:type\" content=\"image\/jpeg\" \/>\n<meta name=\"twitter:card\" content=\"summary_large_image\" \/>\n<meta name=\"twitter:label1\" content=\"Dur\u00e9e de lecture estim\u00e9e\" \/>\n\t<meta name=\"twitter:data1\" content=\"1 minute\" \/>\n<script type=\"application\/ld+json\" class=\"yoast-schema-graph\">{\"@context\":\"https:\/\/schema.org\",\"@graph\":[{\"@type\":\"WebPage\",\"@id\":\"https:\/\/www.iplay.com\/fr\/games\/hiddenverse-fate-of-ariadna\/\",\"url\":\"https:\/\/www.iplay.com\/fr\/games\/hiddenverse-fate-of-ariadna\/\",\"name\":\"Destin cach\u00e9 d\u2019Ariadna - La bataille finale d\u00e9cide du destin de tous les mondes\",\"isPartOf\":{\"@id\":\"https:\/\/www.iplay.com\/en\/#website\"},\"primaryImageOfPage\":{\"@id\":\"https:\/\/www.iplay.com\/fr\/games\/hiddenverse-fate-of-ariadna\/#primaryimage\"},\"image\":{\"@id\":\"https:\/\/www.iplay.com\/fr\/games\/hiddenverse-fate-of-ariadna\/#primaryimage\"},\"thumbnailUrl\":\"https:\/\/www.iplay.com\/wp-content\/uploads\/2023\/12\/large_square_tile_image-3197.jpg\",\"datePublished\":\"2020-06-14T00:00:00+00:00\",\"description\":\"Le conflit ultime, dont l\u2019issue d\u00e9terminera le destin de chaque globe !\",\"breadcrumb\":{\"@id\":\"https:\/\/www.iplay.com\/fr\/games\/hiddenverse-fate-of-ariadna\/#breadcrumb\"},\"inLanguage\":\"fr-FR\",\"potentialAction\":[{\"@type\":\"ReadAction\",\"target\":[\"https:\/\/www.iplay.com\/fr\/games\/hiddenverse-fate-of-ariadna\/\"]}]},{\"@type\":\"ImageObject\",\"inLanguage\":\"fr-FR\",\"@id\":\"https:\/\/www.iplay.com\/fr\/games\/hiddenverse-fate-of-ariadna\/#primaryimage\",\"url\":\"https:\/\/www.iplay.com\/wp-content\/uploads\/2023\/12\/large_square_tile_image-3197.jpg\",\"contentUrl\":\"https:\/\/www.iplay.com\/wp-content\/uploads\/2023\/12\/large_square_tile_image-3197.jpg\",\"width\":310,\"height\":310},{\"@type\":\"BreadcrumbList\",\"@id\":\"https:\/\/www.iplay.com\/fr\/games\/hiddenverse-fate-of-ariadna\/#breadcrumb\",\"itemListElement\":[{\"@type\":\"ListItem\",\"position\":1,\"name\":\"Home\",\"item\":\"https:\/\/www.iplay.com\/fr\/home-page-2\/\"},{\"@type\":\"ListItem\",\"position\":2,\"name\":\"Shop\",\"item\":\"https:\/\/www.iplay.com\/en\/shop\/\"},{\"@type\":\"ListItem\",\"position\":3,\"name\":\"Hiddenverse Fate of Ariadna\"}]},{\"@type\":\"WebSite\",\"@id\":\"https:\/\/www.iplay.com\/en\/#website\",\"url\":\"https:\/\/www.iplay.com\/en\/\",\"name\":\"IPlay\",\"description\":\"The Best Casual Games!\",\"publisher\":{\"@id\":\"https:\/\/www.iplay.com\/en\/#organization\"},\"potentialAction\":[{\"@type\":\"SearchAction\",\"target\":{\"@type\":\"EntryPoint\",\"urlTemplate\":\"https:\/\/www.iplay.com\/en\/?s={search_term_string}\"},\"query-input\":{\"@type\":\"PropertyValueSpecification\",\"valueRequired\":true,\"valueName\":\"search_term_string\"}}],\"inLanguage\":\"fr-FR\"},{\"@type\":\"Organization\",\"@id\":\"https:\/\/www.iplay.com\/en\/#organization\",\"name\":\"IPlay\",\"url\":\"https:\/\/www.iplay.com\/en\/\",\"logo\":{\"@type\":\"ImageObject\",\"inLanguage\":\"fr-FR\",\"@id\":\"https:\/\/www.iplay.com\/en\/#\/schema\/logo\/image\/\",\"url\":\"https:\/\/www.iplay.com\/wp-content\/uploads\/2023\/11\/Group-6100.svg\",\"contentUrl\":\"https:\/\/www.iplay.com\/wp-content\/uploads\/2023\/11\/Group-6100.svg\",\"width\":98,\"height\":25,\"caption\":\"IPlay\"},\"image\":{\"@id\":\"https:\/\/www.iplay.com\/en\/#\/schema\/logo\/image\/\"}}]}<\/script>\n<!-- \/ Yoast SEO Premium plugin. -->","yoast_head_json":{"title":"Destin cach\u00e9 d\u2019Ariadna - La bataille finale d\u00e9cide du destin de tous les mondes","description":"Le conflit ultime, dont l\u2019issue d\u00e9terminera le destin de chaque globe !","robots":{"index":"index","follow":"follow","max-snippet":"max-snippet:-1","max-image-preview":"max-image-preview:large","max-video-preview":"max-video-preview:-1"},"canonical":"https:\/\/www.iplay.com\/fr\/games\/hiddenverse-fate-of-ariadna\/","og_locale":"fr_FR","og_type":"article","og_title":"Hiddenverse Fate of Ariadna","og_description":"Le conflit ultime, dont l\u2019issue d\u00e9terminera le destin de chaque globe !","og_url":"https:\/\/www.iplay.com\/fr\/games\/hiddenverse-fate-of-ariadna\/","og_site_name":"IPlay","og_image":[{"width":310,"height":310,"url":"https:\/\/www.iplay.com\/wp-content\/uploads\/2023\/12\/large_square_tile_image-3197.jpg","type":"image\/jpeg"}],"twitter_card":"summary_large_image","twitter_misc":{"Dur\u00e9e de lecture estim\u00e9e":"1 minute"},"schema":{"@context":"https:\/\/schema.org","@graph":[{"@type":"WebPage","@id":"https:\/\/www.iplay.com\/fr\/games\/hiddenverse-fate-of-ariadna\/","url":"https:\/\/www.iplay.com\/fr\/games\/hiddenverse-fate-of-ariadna\/","name":"Destin cach\u00e9 d\u2019Ariadna - La bataille finale d\u00e9cide du destin de tous les mondes","isPartOf":{"@id":"https:\/\/www.iplay.com\/en\/#website"},"primaryImageOfPage":{"@id":"https:\/\/www.iplay.com\/fr\/games\/hiddenverse-fate-of-ariadna\/#primaryimage"},"image":{"@id":"https:\/\/www.iplay.com\/fr\/games\/hiddenverse-fate-of-ariadna\/#primaryimage"},"thumbnailUrl":"https:\/\/www.iplay.com\/wp-content\/uploads\/2023\/12\/large_square_tile_image-3197.jpg","datePublished":"2020-06-14T00:00:00+00:00","description":"Le conflit ultime, dont l\u2019issue d\u00e9terminera le destin de chaque globe !","breadcrumb":{"@id":"https:\/\/www.iplay.com\/fr\/games\/hiddenverse-fate-of-ariadna\/#breadcrumb"},"inLanguage":"fr-FR","potentialAction":[{"@type":"ReadAction","target":["https:\/\/www.iplay.com\/fr\/games\/hiddenverse-fate-of-ariadna\/"]}]},{"@type":"ImageObject","inLanguage":"fr-FR","@id":"https:\/\/www.iplay.com\/fr\/games\/hiddenverse-fate-of-ariadna\/#primaryimage","url":"https:\/\/www.iplay.com\/wp-content\/uploads\/2023\/12\/large_square_tile_image-3197.jpg","contentUrl":"https:\/\/www.iplay.com\/wp-content\/uploads\/2023\/12\/large_square_tile_image-3197.jpg","width":310,"height":310},{"@type":"BreadcrumbList","@id":"https:\/\/www.iplay.com\/fr\/games\/hiddenverse-fate-of-ariadna\/#breadcrumb","itemListElement":[{"@type":"ListItem","position":1,"name":"Home","item":"https:\/\/www.iplay.com\/fr\/home-page-2\/"},{"@type":"ListItem","position":2,"name":"Shop","item":"https:\/\/www.iplay.com\/en\/shop\/"},{"@type":"ListItem","position":3,"name":"Hiddenverse Fate of Ariadna"}]},{"@type":"WebSite","@id":"https:\/\/www.iplay.com\/en\/#website","url":"https:\/\/www.iplay.com\/en\/","name":"IPlay","description":"The Best Casual Games!","publisher":{"@id":"https:\/\/www.iplay.com\/en\/#organization"},"potentialAction":[{"@type":"SearchAction","target":{"@type":"EntryPoint","urlTemplate":"https:\/\/www.iplay.com\/en\/?s={search_term_string}"},"query-input":{"@type":"PropertyValueSpecification","valueRequired":true,"valueName":"search_term_string"}}],"inLanguage":"fr-FR"},{"@type":"Organization","@id":"https:\/\/www.iplay.com\/en\/#organization","name":"IPlay","url":"https:\/\/www.iplay.com\/en\/","logo":{"@type":"ImageObject","inLanguage":"fr-FR","@id":"https:\/\/www.iplay.com\/en\/#\/schema\/logo\/image\/","url":"https:\/\/www.iplay.com\/wp-content\/uploads\/2023\/11\/Group-6100.svg","contentUrl":"https:\/\/www.iplay.com\/wp-content\/uploads\/2023\/11\/Group-6100.svg","width":98,"height":25,"caption":"IPlay"},"image":{"@id":"https:\/\/www.iplay.com\/en\/#\/schema\/logo\/image\/"}}]}},"_links":{"self":[{"href":"https:\/\/www.iplay.com\/fr\/wp-json\/wp\/v2\/product\/135074","targetHints":{"allow":["GET"]}}],"collection":[{"href":"https:\/\/www.iplay.com\/fr\/wp-json\/wp\/v2\/product"}],"about":[{"href":"https:\/\/www.iplay.com\/fr\/wp-json\/wp\/v2\/types\/product"}],"author":[{"embeddable":true,"href":"https:\/\/www.iplay.com\/fr\/wp-json\/wp\/v2\/users\/195"}],"replies":[{"embeddable":true,"href":"https:\/\/www.iplay.com\/fr\/wp-json\/wp\/v2\/comments?post=135074"}],"wp:featuredmedia":[{"embeddable":true,"href":"https:\/\/www.iplay.com\/fr\/wp-json\/wp\/v2\/media\/90916"}],"wp:attachment":[{"href":"https:\/\/www.iplay.com\/fr\/wp-json\/wp\/v2\/media?parent=135074"}],"wp:term":[{"taxonomy":"product_brand","embeddable":true,"href":"https:\/\/www.iplay.com\/fr\/wp-json\/wp\/v2\/product_brand?post=135074"},{"taxonomy":"product_cat","embeddable":true,"href":"https:\/\/www.iplay.com\/fr\/wp-json\/wp\/v2\/product_cat?post=135074"},{"taxonomy":"product_tag","embeddable":true,"href":"https:\/\/www.iplay.com\/fr\/wp-json\/wp\/v2\/product_tag?post=135074"}],"curies":[{"name":"wp","href":"https:\/\/api.w.org\/{rel}","templated":true}]}}