{"id":135071,"date":"2020-08-14T00:00:00","date_gmt":"2020-08-14T00:00:00","guid":{"rendered":"https:\/\/www.iplay.com\/games\/immortal-love-stone-beauty-collectors-edition\/"},"modified":"2020-08-14T00:00:00","modified_gmt":"2020-08-14T00:00:00","slug":"immortal-love-stone-beauty-collectors-edition","status":"publish","type":"product","link":"https:\/\/www.iplay.com\/fr\/games\/immortal-love-stone-beauty-collectors-edition\/","title":{"rendered":"Immortal Love: Stone Beauty Collector&#8217;s Edition"},"content":{"rendered":"<p>Amusez-vous bien avec le septi\u00e8me volet de la s\u00e9rie em&gt;Immortal Love\/em&gt; ! Enfin, vous \u00eates retourn\u00e9 aupr\u00e8s de votre bien-aim\u00e9e ! Il est temps de s\u2019installer avec la femme de vos r\u00eaves apr\u00e8s une vie en mer en tant que capitaine de marine. Mais votre joie est de courte dur\u00e9e lorsque vous revenez pour la d\u00e9couvrir disparue ! Personne ne l\u2019a vue depuis qu\u2019elle a remport\u00e9 un concours de beaut\u00e9 pour sculpteurs, et votre enqu\u00eate vous emm\u00e8ne rapidement \u00e0 une s\u00e9rie de disparitions et de personnes transform\u00e9es en pierre ! Pouvez-vous mettre un terme \u00e0 un perfectionniste dangereux avant qu\u2019il ne soit trop tard ? D\u00e9couvrez la r\u00e9ponse dans cette aventure palpitante de puzzle d\u2019objets cach\u00e9s ! Dans le jeu bonus, d\u00e9couvrez qui utilise la magie pour donner vie aux golems !       <\/p>\n<p>&nbsp;<\/p>\n<p>&nbsp;<\/p>\n<p><strong>Fonctionnalit\u00e9s:<\/strong><\/p>\n<p>&nbsp;<\/p>\n<p>&#8211; Gagnez des succ\u00e8s en rejouant \u00e0 vos SOC et mini-jeux pr\u00e9f\u00e9r\u00e9s !<\/p>\n<p>&#8211; En compl\u00e9tant votre collection d\u2019animaux, vous aurez acc\u00e8s \u00e0 un puzzle d\u2019objets cach\u00e9s bonus !<\/p>\n<p>&#8211; Acc\u00e9dez \u00e0 des fonds d\u2019\u00e9cran uniques, des \u00e9conomiseurs d\u2019\u00e9cran, des dessins conceptuels, des films et d\u2019autres goodies !<\/p>\n<p>&#8211; Avec le guide de strat\u00e9gie, vous ne vous perdrez jamais !<\/p>\n","protected":false},"excerpt":{"rendered":"<p>La poursuite de la perfection a des r\u00e9percussions mortelles. \u00c9dition collector de Immortal Love&nbsp;: Stone Beauty<\/p>\n","protected":false},"author":17,"featured_media":82434,"comment_status":"open","ping_status":"closed","template":"","meta":{"_acf_changed":false,"inline_featured_image":false},"product_brand":[],"product_cat":[165],"product_tag":[287],"class_list":{"0":"post-135071","1":"product","2":"type-product","3":"status-publish","4":"has-post-thumbnail","6":"product_cat-hidden-object-fr","7":"product_tag-play-on-pc-fr","9":"first","10":"instock","11":"shipping-taxable","12":"purchasable","13":"product-type-simple"},"acf":[],"yoast_head":"<!-- This site is optimized with the Yoast SEO Premium plugin v25.2 (Yoast SEO v25.2) - https:\/\/yoast.com\/wordpress\/plugins\/seo\/ -->\n<title>Immortal Love\u00a0: Stone Beauty Collector\u2019s Edition - Une qu\u00eate de perfection a des cons\u00e9quences mortelles<\/title>\n<meta name=\"description\" content=\"La poursuite de la perfection a des r\u00e9percussions mortelles. \u00c9dition collector de Immortal Love&nbsp;: Stone Beauty\" \/>\n<meta name=\"robots\" content=\"index, follow, max-snippet:-1, max-image-preview:large, max-video-preview:-1\" \/>\n<link rel=\"canonical\" href=\"https:\/\/www.iplay.com\/fr\/games\/immortal-love-stone-beauty-collectors-edition\/\" \/>\n<meta property=\"og:locale\" content=\"fr_FR\" \/>\n<meta property=\"og:type\" content=\"article\" \/>\n<meta property=\"og:title\" content=\"Immortal Love: Stone Beauty Collector&#039;s Edition\" \/>\n<meta property=\"og:description\" content=\"La poursuite de la perfection a des r\u00e9percussions mortelles. \u00c9dition collector de Immortal Love&nbsp;: Stone Beauty\" \/>\n<meta property=\"og:url\" content=\"https:\/\/www.iplay.com\/fr\/games\/immortal-love-stone-beauty-collectors-edition\/\" \/>\n<meta property=\"og:site_name\" content=\"IPlay\" \/>\n<meta property=\"og:image\" content=\"https:\/\/www.iplay.com\/wp-content\/uploads\/2023\/12\/large_square_tile_image-2659.jpg\" \/>\n\t<meta property=\"og:image:width\" content=\"310\" \/>\n\t<meta property=\"og:image:height\" content=\"310\" \/>\n\t<meta property=\"og:image:type\" content=\"image\/jpeg\" \/>\n<meta name=\"twitter:card\" content=\"summary_large_image\" \/>\n<meta name=\"twitter:label1\" content=\"Dur\u00e9e de lecture estim\u00e9e\" \/>\n\t<meta name=\"twitter:data1\" content=\"1 minute\" \/>\n<script type=\"application\/ld+json\" class=\"yoast-schema-graph\">{\"@context\":\"https:\/\/schema.org\",\"@graph\":[{\"@type\":\"WebPage\",\"@id\":\"https:\/\/www.iplay.com\/fr\/games\/immortal-love-stone-beauty-collectors-edition\/\",\"url\":\"https:\/\/www.iplay.com\/fr\/games\/immortal-love-stone-beauty-collectors-edition\/\",\"name\":\"Immortal Love\u00a0: Stone Beauty Collector\u2019s Edition - Une qu\u00eate de perfection a des cons\u00e9quences mortelles\",\"isPartOf\":{\"@id\":\"https:\/\/www.iplay.com\/en\/#website\"},\"primaryImageOfPage\":{\"@id\":\"https:\/\/www.iplay.com\/fr\/games\/immortal-love-stone-beauty-collectors-edition\/#primaryimage\"},\"image\":{\"@id\":\"https:\/\/www.iplay.com\/fr\/games\/immortal-love-stone-beauty-collectors-edition\/#primaryimage\"},\"thumbnailUrl\":\"https:\/\/www.iplay.com\/wp-content\/uploads\/2023\/12\/large_square_tile_image-2659.jpg\",\"datePublished\":\"2020-08-14T00:00:00+00:00\",\"description\":\"La poursuite de la perfection a des r\u00e9percussions mortelles. \u00c9dition collector de Immortal Love&nbsp;: Stone Beauty\",\"breadcrumb\":{\"@id\":\"https:\/\/www.iplay.com\/fr\/games\/immortal-love-stone-beauty-collectors-edition\/#breadcrumb\"},\"inLanguage\":\"fr-FR\",\"potentialAction\":[{\"@type\":\"ReadAction\",\"target\":[\"https:\/\/www.iplay.com\/fr\/games\/immortal-love-stone-beauty-collectors-edition\/\"]}]},{\"@type\":\"ImageObject\",\"inLanguage\":\"fr-FR\",\"@id\":\"https:\/\/www.iplay.com\/fr\/games\/immortal-love-stone-beauty-collectors-edition\/#primaryimage\",\"url\":\"https:\/\/www.iplay.com\/wp-content\/uploads\/2023\/12\/large_square_tile_image-2659.jpg\",\"contentUrl\":\"https:\/\/www.iplay.com\/wp-content\/uploads\/2023\/12\/large_square_tile_image-2659.jpg\",\"width\":310,\"height\":310},{\"@type\":\"BreadcrumbList\",\"@id\":\"https:\/\/www.iplay.com\/fr\/games\/immortal-love-stone-beauty-collectors-edition\/#breadcrumb\",\"itemListElement\":[{\"@type\":\"ListItem\",\"position\":1,\"name\":\"Home\",\"item\":\"https:\/\/www.iplay.com\/fr\/home-page-2\/\"},{\"@type\":\"ListItem\",\"position\":2,\"name\":\"Shop\",\"item\":\"https:\/\/www.iplay.com\/en\/shop\/\"},{\"@type\":\"ListItem\",\"position\":3,\"name\":\"Immortal Love: Stone Beauty Collector&#8217;s Edition\"}]},{\"@type\":\"WebSite\",\"@id\":\"https:\/\/www.iplay.com\/en\/#website\",\"url\":\"https:\/\/www.iplay.com\/en\/\",\"name\":\"IPlay\",\"description\":\"The Best Casual Games!\",\"publisher\":{\"@id\":\"https:\/\/www.iplay.com\/en\/#organization\"},\"potentialAction\":[{\"@type\":\"SearchAction\",\"target\":{\"@type\":\"EntryPoint\",\"urlTemplate\":\"https:\/\/www.iplay.com\/en\/?s={search_term_string}\"},\"query-input\":{\"@type\":\"PropertyValueSpecification\",\"valueRequired\":true,\"valueName\":\"search_term_string\"}}],\"inLanguage\":\"fr-FR\"},{\"@type\":\"Organization\",\"@id\":\"https:\/\/www.iplay.com\/en\/#organization\",\"name\":\"IPlay\",\"url\":\"https:\/\/www.iplay.com\/en\/\",\"logo\":{\"@type\":\"ImageObject\",\"inLanguage\":\"fr-FR\",\"@id\":\"https:\/\/www.iplay.com\/en\/#\/schema\/logo\/image\/\",\"url\":\"https:\/\/www.iplay.com\/wp-content\/uploads\/2023\/11\/Group-6100.svg\",\"contentUrl\":\"https:\/\/www.iplay.com\/wp-content\/uploads\/2023\/11\/Group-6100.svg\",\"width\":98,\"height\":25,\"caption\":\"IPlay\"},\"image\":{\"@id\":\"https:\/\/www.iplay.com\/en\/#\/schema\/logo\/image\/\"}}]}<\/script>\n<!-- \/ Yoast SEO Premium plugin. -->","yoast_head_json":{"title":"Immortal Love\u00a0: Stone Beauty Collector\u2019s Edition - Une qu\u00eate de perfection a des cons\u00e9quences mortelles","description":"La poursuite de la perfection a des r\u00e9percussions mortelles. \u00c9dition collector de Immortal Love&nbsp;: Stone Beauty","robots":{"index":"index","follow":"follow","max-snippet":"max-snippet:-1","max-image-preview":"max-image-preview:large","max-video-preview":"max-video-preview:-1"},"canonical":"https:\/\/www.iplay.com\/fr\/games\/immortal-love-stone-beauty-collectors-edition\/","og_locale":"fr_FR","og_type":"article","og_title":"Immortal Love: Stone Beauty Collector's Edition","og_description":"La poursuite de la perfection a des r\u00e9percussions mortelles. \u00c9dition collector de Immortal Love&nbsp;: Stone Beauty","og_url":"https:\/\/www.iplay.com\/fr\/games\/immortal-love-stone-beauty-collectors-edition\/","og_site_name":"IPlay","og_image":[{"width":310,"height":310,"url":"https:\/\/www.iplay.com\/wp-content\/uploads\/2023\/12\/large_square_tile_image-2659.jpg","type":"image\/jpeg"}],"twitter_card":"summary_large_image","twitter_misc":{"Dur\u00e9e de lecture estim\u00e9e":"1 minute"},"schema":{"@context":"https:\/\/schema.org","@graph":[{"@type":"WebPage","@id":"https:\/\/www.iplay.com\/fr\/games\/immortal-love-stone-beauty-collectors-edition\/","url":"https:\/\/www.iplay.com\/fr\/games\/immortal-love-stone-beauty-collectors-edition\/","name":"Immortal Love\u00a0: Stone Beauty Collector\u2019s Edition - Une qu\u00eate de perfection a des cons\u00e9quences mortelles","isPartOf":{"@id":"https:\/\/www.iplay.com\/en\/#website"},"primaryImageOfPage":{"@id":"https:\/\/www.iplay.com\/fr\/games\/immortal-love-stone-beauty-collectors-edition\/#primaryimage"},"image":{"@id":"https:\/\/www.iplay.com\/fr\/games\/immortal-love-stone-beauty-collectors-edition\/#primaryimage"},"thumbnailUrl":"https:\/\/www.iplay.com\/wp-content\/uploads\/2023\/12\/large_square_tile_image-2659.jpg","datePublished":"2020-08-14T00:00:00+00:00","description":"La poursuite de la perfection a des r\u00e9percussions mortelles. \u00c9dition collector de Immortal Love&nbsp;: Stone Beauty","breadcrumb":{"@id":"https:\/\/www.iplay.com\/fr\/games\/immortal-love-stone-beauty-collectors-edition\/#breadcrumb"},"inLanguage":"fr-FR","potentialAction":[{"@type":"ReadAction","target":["https:\/\/www.iplay.com\/fr\/games\/immortal-love-stone-beauty-collectors-edition\/"]}]},{"@type":"ImageObject","inLanguage":"fr-FR","@id":"https:\/\/www.iplay.com\/fr\/games\/immortal-love-stone-beauty-collectors-edition\/#primaryimage","url":"https:\/\/www.iplay.com\/wp-content\/uploads\/2023\/12\/large_square_tile_image-2659.jpg","contentUrl":"https:\/\/www.iplay.com\/wp-content\/uploads\/2023\/12\/large_square_tile_image-2659.jpg","width":310,"height":310},{"@type":"BreadcrumbList","@id":"https:\/\/www.iplay.com\/fr\/games\/immortal-love-stone-beauty-collectors-edition\/#breadcrumb","itemListElement":[{"@type":"ListItem","position":1,"name":"Home","item":"https:\/\/www.iplay.com\/fr\/home-page-2\/"},{"@type":"ListItem","position":2,"name":"Shop","item":"https:\/\/www.iplay.com\/en\/shop\/"},{"@type":"ListItem","position":3,"name":"Immortal Love: Stone Beauty Collector&#8217;s Edition"}]},{"@type":"WebSite","@id":"https:\/\/www.iplay.com\/en\/#website","url":"https:\/\/www.iplay.com\/en\/","name":"IPlay","description":"The Best Casual Games!","publisher":{"@id":"https:\/\/www.iplay.com\/en\/#organization"},"potentialAction":[{"@type":"SearchAction","target":{"@type":"EntryPoint","urlTemplate":"https:\/\/www.iplay.com\/en\/?s={search_term_string}"},"query-input":{"@type":"PropertyValueSpecification","valueRequired":true,"valueName":"search_term_string"}}],"inLanguage":"fr-FR"},{"@type":"Organization","@id":"https:\/\/www.iplay.com\/en\/#organization","name":"IPlay","url":"https:\/\/www.iplay.com\/en\/","logo":{"@type":"ImageObject","inLanguage":"fr-FR","@id":"https:\/\/www.iplay.com\/en\/#\/schema\/logo\/image\/","url":"https:\/\/www.iplay.com\/wp-content\/uploads\/2023\/11\/Group-6100.svg","contentUrl":"https:\/\/www.iplay.com\/wp-content\/uploads\/2023\/11\/Group-6100.svg","width":98,"height":25,"caption":"IPlay"},"image":{"@id":"https:\/\/www.iplay.com\/en\/#\/schema\/logo\/image\/"}}]}},"_links":{"self":[{"href":"https:\/\/www.iplay.com\/fr\/wp-json\/wp\/v2\/product\/135071","targetHints":{"allow":["GET"]}}],"collection":[{"href":"https:\/\/www.iplay.com\/fr\/wp-json\/wp\/v2\/product"}],"about":[{"href":"https:\/\/www.iplay.com\/fr\/wp-json\/wp\/v2\/types\/product"}],"author":[{"embeddable":true,"href":"https:\/\/www.iplay.com\/fr\/wp-json\/wp\/v2\/users\/17"}],"replies":[{"embeddable":true,"href":"https:\/\/www.iplay.com\/fr\/wp-json\/wp\/v2\/comments?post=135071"}],"wp:featuredmedia":[{"embeddable":true,"href":"https:\/\/www.iplay.com\/fr\/wp-json\/wp\/v2\/media\/82434"}],"wp:attachment":[{"href":"https:\/\/www.iplay.com\/fr\/wp-json\/wp\/v2\/media?parent=135071"}],"wp:term":[{"taxonomy":"product_brand","embeddable":true,"href":"https:\/\/www.iplay.com\/fr\/wp-json\/wp\/v2\/product_brand?post=135071"},{"taxonomy":"product_cat","embeddable":true,"href":"https:\/\/www.iplay.com\/fr\/wp-json\/wp\/v2\/product_cat?post=135071"},{"taxonomy":"product_tag","embeddable":true,"href":"https:\/\/www.iplay.com\/fr\/wp-json\/wp\/v2\/product_tag?post=135071"}],"curies":[{"name":"wp","href":"https:\/\/api.w.org\/{rel}","templated":true}]}}