{"id":135062,"date":"2020-06-17T00:00:00","date_gmt":"2020-06-17T00:00:00","guid":{"rendered":"https:\/\/www.iplay.com\/games\/spirit-legends-time-for-change-collectors-edition\/"},"modified":"2020-06-17T00:00:00","modified_gmt":"2020-06-17T00:00:00","slug":"spirit-legends-time-for-change-collectors-edition","status":"publish","type":"product","link":"https:\/\/www.iplay.com\/fr\/games\/spirit-legends-time-for-change-collectors-edition\/","title":{"rendered":"Spirit Legends: Time for Change Collector&#8217;s Edition"},"content":{"rendered":"<p>Prenez plaisir \u00e0 d\u00e9couvrir la toute nouvelle histoire de la s\u00e9rie fantastique bourr\u00e9e d\u2019action, <em>Spirit Legends&nbsp;: Time for Change<\/em> ! Lors de votre premier jour \u00e0 l\u2019Acad\u00e9mie des Chasseurs de Monstres, un homme myst\u00e9rieux portant un masque d\u00e9clare la guerre, ce qui en fait une \u00e9preuve du feu ! Personne n\u2019est \u00e0 l\u2019abri des dangereux monstres qui r\u00f4dent dans les couloirs, pas m\u00eame votre m\u00e8re, le professeur Helen Lyngren. Cependant, qui est ce fou d\u00e9guis\u00e9, et pourquoi m\u00e9prise-t-il les fant\u00f4mes et les personnes qui travaillent avec eux ?  <\/p>\n<p>&nbsp;<\/p>\n<p>&nbsp;<\/p>\n<p><strong>Fonctionnalit\u00e9s:<\/strong><\/p>\n<p>&nbsp;<\/p>\n<p>&#8211; Dans le jeu bonus, prot\u00e9gez votre m\u00e8re d\u2019un ennemi l\u00e9gendaire !<br \/>\n&#8211; Ornez le bureau de la t\u00eate de l\u2019Acad\u00e9mie !<\/p>\n<p>&#8211; Examinez des appareils magiques uniques et rassemblez des g\u00e9odes pour en savoir plus sur les esprits !<\/p>\n<p>&#8211; Profitez d\u2019illustrations conceptuelles, de films, de fonds d\u2019\u00e9cran sp\u00e9ciaux et bien plus encore !<br \/>\n&#8211; Utilisez le guide de strat\u00e9gie pour ne jamais vous perdre !<\/p>\n","protected":false},"excerpt":{"rendered":"<p>Nous sommes en classe maintenant ! L\u2019\u00e9dition collector de Spirit Legends&nbsp;: Time for Change. <\/p>\n","protected":false},"author":17,"featured_media":82930,"comment_status":"open","ping_status":"closed","template":"","meta":{"_acf_changed":false,"inline_featured_image":false},"product_brand":[],"product_cat":[165],"product_tag":[287],"class_list":{"0":"post-135062","1":"product","2":"type-product","3":"status-publish","4":"has-post-thumbnail","6":"product_cat-hidden-object-fr","7":"product_tag-play-on-pc-fr","9":"first","10":"instock","11":"shipping-taxable","12":"purchasable","13":"product-type-simple"},"acf":[],"yoast_head":"<!-- This site is optimized with the Yoast SEO Premium plugin v25.2 (Yoast SEO v25.2) - https:\/\/yoast.com\/wordpress\/plugins\/seo\/ -->\n<title>Spirit Legends\u00a0: Time for Change Collector\u2019s Edition - Rejoignez la classe et d\u00e9couvrez les l\u00e9gendes des esprits<\/title>\n<meta name=\"description\" content=\"Nous sommes en classe maintenant ! L\u2019\u00e9dition collector de Spirit Legends&nbsp;: Time for Change.\" \/>\n<meta name=\"robots\" content=\"index, follow, max-snippet:-1, max-image-preview:large, max-video-preview:-1\" \/>\n<link rel=\"canonical\" href=\"https:\/\/www.iplay.com\/fr\/games\/spirit-legends-time-for-change-collectors-edition\/\" \/>\n<meta property=\"og:locale\" content=\"fr_FR\" \/>\n<meta property=\"og:type\" content=\"article\" \/>\n<meta property=\"og:title\" content=\"Spirit Legends: Time for Change Collector&#039;s Edition\" \/>\n<meta property=\"og:description\" content=\"Nous sommes en classe maintenant ! L\u2019\u00e9dition collector de Spirit Legends&nbsp;: Time for Change.\" \/>\n<meta property=\"og:url\" content=\"https:\/\/www.iplay.com\/fr\/games\/spirit-legends-time-for-change-collectors-edition\/\" \/>\n<meta property=\"og:site_name\" content=\"IPlay\" \/>\n<meta property=\"og:image\" content=\"https:\/\/www.iplay.com\/wp-content\/uploads\/2023\/12\/large_square_tile_image-2690.jpg\" \/>\n\t<meta property=\"og:image:width\" content=\"310\" \/>\n\t<meta property=\"og:image:height\" content=\"310\" \/>\n\t<meta property=\"og:image:type\" content=\"image\/jpeg\" \/>\n<meta name=\"twitter:card\" content=\"summary_large_image\" \/>\n<meta name=\"twitter:label1\" content=\"Dur\u00e9e de lecture estim\u00e9e\" \/>\n\t<meta name=\"twitter:data1\" content=\"1 minute\" \/>\n<script type=\"application\/ld+json\" class=\"yoast-schema-graph\">{\"@context\":\"https:\/\/schema.org\",\"@graph\":[{\"@type\":\"WebPage\",\"@id\":\"https:\/\/www.iplay.com\/fr\/games\/spirit-legends-time-for-change-collectors-edition\/\",\"url\":\"https:\/\/www.iplay.com\/fr\/games\/spirit-legends-time-for-change-collectors-edition\/\",\"name\":\"Spirit Legends\u00a0: Time for Change Collector\u2019s Edition - Rejoignez la classe et d\u00e9couvrez les l\u00e9gendes des esprits\",\"isPartOf\":{\"@id\":\"https:\/\/www.iplay.com\/en\/#website\"},\"primaryImageOfPage\":{\"@id\":\"https:\/\/www.iplay.com\/fr\/games\/spirit-legends-time-for-change-collectors-edition\/#primaryimage\"},\"image\":{\"@id\":\"https:\/\/www.iplay.com\/fr\/games\/spirit-legends-time-for-change-collectors-edition\/#primaryimage\"},\"thumbnailUrl\":\"https:\/\/www.iplay.com\/wp-content\/uploads\/2023\/12\/large_square_tile_image-2690.jpg\",\"datePublished\":\"2020-06-17T00:00:00+00:00\",\"description\":\"Nous sommes en classe maintenant ! L\u2019\u00e9dition collector de Spirit Legends&nbsp;: Time for Change.\",\"breadcrumb\":{\"@id\":\"https:\/\/www.iplay.com\/fr\/games\/spirit-legends-time-for-change-collectors-edition\/#breadcrumb\"},\"inLanguage\":\"fr-FR\",\"potentialAction\":[{\"@type\":\"ReadAction\",\"target\":[\"https:\/\/www.iplay.com\/fr\/games\/spirit-legends-time-for-change-collectors-edition\/\"]}]},{\"@type\":\"ImageObject\",\"inLanguage\":\"fr-FR\",\"@id\":\"https:\/\/www.iplay.com\/fr\/games\/spirit-legends-time-for-change-collectors-edition\/#primaryimage\",\"url\":\"https:\/\/www.iplay.com\/wp-content\/uploads\/2023\/12\/large_square_tile_image-2690.jpg\",\"contentUrl\":\"https:\/\/www.iplay.com\/wp-content\/uploads\/2023\/12\/large_square_tile_image-2690.jpg\",\"width\":310,\"height\":310},{\"@type\":\"BreadcrumbList\",\"@id\":\"https:\/\/www.iplay.com\/fr\/games\/spirit-legends-time-for-change-collectors-edition\/#breadcrumb\",\"itemListElement\":[{\"@type\":\"ListItem\",\"position\":1,\"name\":\"Home\",\"item\":\"https:\/\/www.iplay.com\/fr\/home-page-2\/\"},{\"@type\":\"ListItem\",\"position\":2,\"name\":\"Shop\",\"item\":\"https:\/\/www.iplay.com\/en\/shop\/\"},{\"@type\":\"ListItem\",\"position\":3,\"name\":\"Spirit Legends: Time for Change Collector&#8217;s Edition\"}]},{\"@type\":\"WebSite\",\"@id\":\"https:\/\/www.iplay.com\/en\/#website\",\"url\":\"https:\/\/www.iplay.com\/en\/\",\"name\":\"IPlay\",\"description\":\"The Best Casual Games!\",\"publisher\":{\"@id\":\"https:\/\/www.iplay.com\/en\/#organization\"},\"potentialAction\":[{\"@type\":\"SearchAction\",\"target\":{\"@type\":\"EntryPoint\",\"urlTemplate\":\"https:\/\/www.iplay.com\/en\/?s={search_term_string}\"},\"query-input\":{\"@type\":\"PropertyValueSpecification\",\"valueRequired\":true,\"valueName\":\"search_term_string\"}}],\"inLanguage\":\"fr-FR\"},{\"@type\":\"Organization\",\"@id\":\"https:\/\/www.iplay.com\/en\/#organization\",\"name\":\"IPlay\",\"url\":\"https:\/\/www.iplay.com\/en\/\",\"logo\":{\"@type\":\"ImageObject\",\"inLanguage\":\"fr-FR\",\"@id\":\"https:\/\/www.iplay.com\/en\/#\/schema\/logo\/image\/\",\"url\":\"https:\/\/www.iplay.com\/wp-content\/uploads\/2023\/11\/Group-6100.svg\",\"contentUrl\":\"https:\/\/www.iplay.com\/wp-content\/uploads\/2023\/11\/Group-6100.svg\",\"width\":98,\"height\":25,\"caption\":\"IPlay\"},\"image\":{\"@id\":\"https:\/\/www.iplay.com\/en\/#\/schema\/logo\/image\/\"}}]}<\/script>\n<!-- \/ Yoast SEO Premium plugin. -->","yoast_head_json":{"title":"Spirit Legends\u00a0: Time for Change Collector\u2019s Edition - Rejoignez la classe et d\u00e9couvrez les l\u00e9gendes des esprits","description":"Nous sommes en classe maintenant ! L\u2019\u00e9dition collector de Spirit Legends&nbsp;: Time for Change.","robots":{"index":"index","follow":"follow","max-snippet":"max-snippet:-1","max-image-preview":"max-image-preview:large","max-video-preview":"max-video-preview:-1"},"canonical":"https:\/\/www.iplay.com\/fr\/games\/spirit-legends-time-for-change-collectors-edition\/","og_locale":"fr_FR","og_type":"article","og_title":"Spirit Legends: Time for Change Collector's Edition","og_description":"Nous sommes en classe maintenant ! L\u2019\u00e9dition collector de Spirit Legends&nbsp;: Time for Change.","og_url":"https:\/\/www.iplay.com\/fr\/games\/spirit-legends-time-for-change-collectors-edition\/","og_site_name":"IPlay","og_image":[{"width":310,"height":310,"url":"https:\/\/www.iplay.com\/wp-content\/uploads\/2023\/12\/large_square_tile_image-2690.jpg","type":"image\/jpeg"}],"twitter_card":"summary_large_image","twitter_misc":{"Dur\u00e9e de lecture estim\u00e9e":"1 minute"},"schema":{"@context":"https:\/\/schema.org","@graph":[{"@type":"WebPage","@id":"https:\/\/www.iplay.com\/fr\/games\/spirit-legends-time-for-change-collectors-edition\/","url":"https:\/\/www.iplay.com\/fr\/games\/spirit-legends-time-for-change-collectors-edition\/","name":"Spirit Legends\u00a0: Time for Change Collector\u2019s Edition - Rejoignez la classe et d\u00e9couvrez les l\u00e9gendes des esprits","isPartOf":{"@id":"https:\/\/www.iplay.com\/en\/#website"},"primaryImageOfPage":{"@id":"https:\/\/www.iplay.com\/fr\/games\/spirit-legends-time-for-change-collectors-edition\/#primaryimage"},"image":{"@id":"https:\/\/www.iplay.com\/fr\/games\/spirit-legends-time-for-change-collectors-edition\/#primaryimage"},"thumbnailUrl":"https:\/\/www.iplay.com\/wp-content\/uploads\/2023\/12\/large_square_tile_image-2690.jpg","datePublished":"2020-06-17T00:00:00+00:00","description":"Nous sommes en classe maintenant ! L\u2019\u00e9dition collector de Spirit Legends&nbsp;: Time for Change.","breadcrumb":{"@id":"https:\/\/www.iplay.com\/fr\/games\/spirit-legends-time-for-change-collectors-edition\/#breadcrumb"},"inLanguage":"fr-FR","potentialAction":[{"@type":"ReadAction","target":["https:\/\/www.iplay.com\/fr\/games\/spirit-legends-time-for-change-collectors-edition\/"]}]},{"@type":"ImageObject","inLanguage":"fr-FR","@id":"https:\/\/www.iplay.com\/fr\/games\/spirit-legends-time-for-change-collectors-edition\/#primaryimage","url":"https:\/\/www.iplay.com\/wp-content\/uploads\/2023\/12\/large_square_tile_image-2690.jpg","contentUrl":"https:\/\/www.iplay.com\/wp-content\/uploads\/2023\/12\/large_square_tile_image-2690.jpg","width":310,"height":310},{"@type":"BreadcrumbList","@id":"https:\/\/www.iplay.com\/fr\/games\/spirit-legends-time-for-change-collectors-edition\/#breadcrumb","itemListElement":[{"@type":"ListItem","position":1,"name":"Home","item":"https:\/\/www.iplay.com\/fr\/home-page-2\/"},{"@type":"ListItem","position":2,"name":"Shop","item":"https:\/\/www.iplay.com\/en\/shop\/"},{"@type":"ListItem","position":3,"name":"Spirit Legends: Time for Change Collector&#8217;s Edition"}]},{"@type":"WebSite","@id":"https:\/\/www.iplay.com\/en\/#website","url":"https:\/\/www.iplay.com\/en\/","name":"IPlay","description":"The Best Casual Games!","publisher":{"@id":"https:\/\/www.iplay.com\/en\/#organization"},"potentialAction":[{"@type":"SearchAction","target":{"@type":"EntryPoint","urlTemplate":"https:\/\/www.iplay.com\/en\/?s={search_term_string}"},"query-input":{"@type":"PropertyValueSpecification","valueRequired":true,"valueName":"search_term_string"}}],"inLanguage":"fr-FR"},{"@type":"Organization","@id":"https:\/\/www.iplay.com\/en\/#organization","name":"IPlay","url":"https:\/\/www.iplay.com\/en\/","logo":{"@type":"ImageObject","inLanguage":"fr-FR","@id":"https:\/\/www.iplay.com\/en\/#\/schema\/logo\/image\/","url":"https:\/\/www.iplay.com\/wp-content\/uploads\/2023\/11\/Group-6100.svg","contentUrl":"https:\/\/www.iplay.com\/wp-content\/uploads\/2023\/11\/Group-6100.svg","width":98,"height":25,"caption":"IPlay"},"image":{"@id":"https:\/\/www.iplay.com\/en\/#\/schema\/logo\/image\/"}}]}},"_links":{"self":[{"href":"https:\/\/www.iplay.com\/fr\/wp-json\/wp\/v2\/product\/135062","targetHints":{"allow":["GET"]}}],"collection":[{"href":"https:\/\/www.iplay.com\/fr\/wp-json\/wp\/v2\/product"}],"about":[{"href":"https:\/\/www.iplay.com\/fr\/wp-json\/wp\/v2\/types\/product"}],"author":[{"embeddable":true,"href":"https:\/\/www.iplay.com\/fr\/wp-json\/wp\/v2\/users\/17"}],"replies":[{"embeddable":true,"href":"https:\/\/www.iplay.com\/fr\/wp-json\/wp\/v2\/comments?post=135062"}],"wp:featuredmedia":[{"embeddable":true,"href":"https:\/\/www.iplay.com\/fr\/wp-json\/wp\/v2\/media\/82930"}],"wp:attachment":[{"href":"https:\/\/www.iplay.com\/fr\/wp-json\/wp\/v2\/media?parent=135062"}],"wp:term":[{"taxonomy":"product_brand","embeddable":true,"href":"https:\/\/www.iplay.com\/fr\/wp-json\/wp\/v2\/product_brand?post=135062"},{"taxonomy":"product_cat","embeddable":true,"href":"https:\/\/www.iplay.com\/fr\/wp-json\/wp\/v2\/product_cat?post=135062"},{"taxonomy":"product_tag","embeddable":true,"href":"https:\/\/www.iplay.com\/fr\/wp-json\/wp\/v2\/product_tag?post=135062"}],"curies":[{"name":"wp","href":"https:\/\/api.w.org\/{rel}","templated":true}]}}