{"id":135045,"date":"2020-07-08T00:00:00","date_gmt":"2020-07-08T00:00:00","guid":{"rendered":"https:\/\/www.iplay.com\/games\/labyrinths-of-the-world-the-wild-side-collectors-edition\/"},"modified":"2020-07-08T00:00:00","modified_gmt":"2020-07-08T00:00:00","slug":"labyrinths-of-the-world-the-wild-side-collectors-edition","status":"publish","type":"product","link":"https:\/\/www.iplay.com\/fr\/games\/labyrinths-of-the-world-the-wild-side-collectors-edition\/","title":{"rendered":"Labyrinths of the World: The Wild Side Collector&#8217;s Edition"},"content":{"rendered":"<p>Avec <em>Labyrinthes of the World&nbsp;: The Wild Side<\/em>, nous sommes heureux de vous pr\u00e9senter une histoire de pr\u00e9dictions p\u00e9rilleuses et de trahisons vicieuses inspir\u00e9e de la mythologie indienne du r\u00e8gne animal ! Tout se passait comme pr\u00e9vu lorsque vous \u00eates arriv\u00e9 en Inde, mais un voleur inattendu vous a entra\u00een\u00e9 dans le monde secret du r\u00e8gne animal. Vous avez maintenant \u00e9t\u00e9 appel\u00e9 \u00e0 aider Nanda, la gentille reine des \u00e9l\u00e9phants, et ses alli\u00e9s \u00e0 d\u00e9fendre la princesse Manu, la seule humaine du r\u00e8gne animal, contre les attaques f\u00e9roces de Jagan, le Roi Tigre, et de ses terribles sbires. Pouvez-vous sauver la princesse Manu et rendre le r\u00e8gne animal \u00e0 nouveau pacifique ? Dans cette f\u00e9roce aventure de puzzle d\u2019objets cach\u00e9s, vous aurez besoin de la curiosit\u00e9 d\u2019un chat et de la ruse d\u2019un renard pour le d\u00e9couvrir !    <\/p>\n<p>&nbsp;<\/p>\n<p>&nbsp;<\/p>\n<p><strong>Fonctionnalit\u00e9s:<\/strong><\/p>\n<p>&nbsp;<\/p>\n<p>&#8211; Jouez au jeu bonus pour abattre le dernier tyran et ramener la paix dans Animal-World !<br \/>\n&#8211; Revivez vos mini-jeux et SOC les plus appr\u00e9ci\u00e9s ! Rassemblez des assiettes et des figurines d\u2019animaux, et terminez votre boudoir avec votre assortiment de papillons ! Profitez d\u2019illustrations conceptuelles, de musiques, de films et de fonds d\u2019\u00e9cran sp\u00e9ciaux !<br \/>\n&#8211; Utilisez le guide de strat\u00e9gie pour ne jamais vous perdre !<\/p>\n","protected":false},"excerpt":{"rendered":"<p>Optez pour une promenade sauvage ! Dans World Labyrinths&nbsp;: The Wild Side <\/p>\n","protected":false},"author":17,"featured_media":82754,"comment_status":"open","ping_status":"closed","template":"","meta":{"_acf_changed":false,"inline_featured_image":false},"product_brand":[],"product_cat":[165],"product_tag":[287],"class_list":{"0":"post-135045","1":"product","2":"type-product","3":"status-publish","4":"has-post-thumbnail","6":"product_cat-hidden-object-fr","7":"product_tag-play-on-pc-fr","9":"first","10":"instock","11":"shipping-taxable","12":"purchasable","13":"product-type-simple"},"acf":[],"yoast_head":"<!-- This site is optimized with the Yoast SEO Premium plugin v25.2 (Yoast SEO v25.2) - https:\/\/yoast.com\/wordpress\/plugins\/seo\/ -->\n<title>Labyrinthes du Monde\u00a0: Le C\u00f4t\u00e9 Sauvage Edition Collector - Promenez-vous du c\u00f4t\u00e9 sauvage dans Les Labyrinthes du Monde<\/title>\n<meta name=\"description\" content=\"Optez pour une promenade sauvage ! Dans World Labyrinths&nbsp;: The Wild Side\" \/>\n<meta name=\"robots\" content=\"index, follow, max-snippet:-1, max-image-preview:large, max-video-preview:-1\" \/>\n<link rel=\"canonical\" href=\"https:\/\/www.iplay.com\/fr\/games\/labyrinths-of-the-world-the-wild-side-collectors-edition\/\" \/>\n<meta property=\"og:locale\" content=\"fr_FR\" \/>\n<meta property=\"og:type\" content=\"article\" \/>\n<meta property=\"og:title\" content=\"Labyrinths of the World: The Wild Side Collector&#039;s Edition\" \/>\n<meta property=\"og:description\" content=\"Optez pour une promenade sauvage ! Dans World Labyrinths&nbsp;: The Wild Side\" \/>\n<meta property=\"og:url\" content=\"https:\/\/www.iplay.com\/fr\/games\/labyrinths-of-the-world-the-wild-side-collectors-edition\/\" \/>\n<meta property=\"og:site_name\" content=\"IPlay\" \/>\n<meta property=\"og:image\" content=\"https:\/\/www.iplay.com\/wp-content\/uploads\/2023\/12\/large_square_tile_image-2679.jpg\" \/>\n\t<meta property=\"og:image:width\" content=\"310\" \/>\n\t<meta property=\"og:image:height\" content=\"310\" \/>\n\t<meta property=\"og:image:type\" content=\"image\/jpeg\" \/>\n<meta name=\"twitter:card\" content=\"summary_large_image\" \/>\n<meta name=\"twitter:label1\" content=\"Dur\u00e9e de lecture estim\u00e9e\" \/>\n\t<meta name=\"twitter:data1\" content=\"1 minute\" \/>\n<script type=\"application\/ld+json\" class=\"yoast-schema-graph\">{\"@context\":\"https:\/\/schema.org\",\"@graph\":[{\"@type\":\"WebPage\",\"@id\":\"https:\/\/www.iplay.com\/fr\/games\/labyrinths-of-the-world-the-wild-side-collectors-edition\/\",\"url\":\"https:\/\/www.iplay.com\/fr\/games\/labyrinths-of-the-world-the-wild-side-collectors-edition\/\",\"name\":\"Labyrinthes du Monde\u00a0: Le C\u00f4t\u00e9 Sauvage Edition Collector - Promenez-vous du c\u00f4t\u00e9 sauvage dans Les Labyrinthes du Monde\",\"isPartOf\":{\"@id\":\"https:\/\/www.iplay.com\/en\/#website\"},\"primaryImageOfPage\":{\"@id\":\"https:\/\/www.iplay.com\/fr\/games\/labyrinths-of-the-world-the-wild-side-collectors-edition\/#primaryimage\"},\"image\":{\"@id\":\"https:\/\/www.iplay.com\/fr\/games\/labyrinths-of-the-world-the-wild-side-collectors-edition\/#primaryimage\"},\"thumbnailUrl\":\"https:\/\/www.iplay.com\/wp-content\/uploads\/2023\/12\/large_square_tile_image-2679.jpg\",\"datePublished\":\"2020-07-08T00:00:00+00:00\",\"description\":\"Optez pour une promenade sauvage ! Dans World Labyrinths&nbsp;: The Wild Side\",\"breadcrumb\":{\"@id\":\"https:\/\/www.iplay.com\/fr\/games\/labyrinths-of-the-world-the-wild-side-collectors-edition\/#breadcrumb\"},\"inLanguage\":\"fr-FR\",\"potentialAction\":[{\"@type\":\"ReadAction\",\"target\":[\"https:\/\/www.iplay.com\/fr\/games\/labyrinths-of-the-world-the-wild-side-collectors-edition\/\"]}]},{\"@type\":\"ImageObject\",\"inLanguage\":\"fr-FR\",\"@id\":\"https:\/\/www.iplay.com\/fr\/games\/labyrinths-of-the-world-the-wild-side-collectors-edition\/#primaryimage\",\"url\":\"https:\/\/www.iplay.com\/wp-content\/uploads\/2023\/12\/large_square_tile_image-2679.jpg\",\"contentUrl\":\"https:\/\/www.iplay.com\/wp-content\/uploads\/2023\/12\/large_square_tile_image-2679.jpg\",\"width\":310,\"height\":310},{\"@type\":\"BreadcrumbList\",\"@id\":\"https:\/\/www.iplay.com\/fr\/games\/labyrinths-of-the-world-the-wild-side-collectors-edition\/#breadcrumb\",\"itemListElement\":[{\"@type\":\"ListItem\",\"position\":1,\"name\":\"Home\",\"item\":\"https:\/\/www.iplay.com\/fr\/home-page-2\/\"},{\"@type\":\"ListItem\",\"position\":2,\"name\":\"Shop\",\"item\":\"https:\/\/www.iplay.com\/en\/shop\/\"},{\"@type\":\"ListItem\",\"position\":3,\"name\":\"Labyrinths of the World: The Wild Side Collector&#8217;s Edition\"}]},{\"@type\":\"WebSite\",\"@id\":\"https:\/\/www.iplay.com\/en\/#website\",\"url\":\"https:\/\/www.iplay.com\/en\/\",\"name\":\"IPlay\",\"description\":\"The Best Casual Games!\",\"publisher\":{\"@id\":\"https:\/\/www.iplay.com\/en\/#organization\"},\"potentialAction\":[{\"@type\":\"SearchAction\",\"target\":{\"@type\":\"EntryPoint\",\"urlTemplate\":\"https:\/\/www.iplay.com\/en\/?s={search_term_string}\"},\"query-input\":{\"@type\":\"PropertyValueSpecification\",\"valueRequired\":true,\"valueName\":\"search_term_string\"}}],\"inLanguage\":\"fr-FR\"},{\"@type\":\"Organization\",\"@id\":\"https:\/\/www.iplay.com\/en\/#organization\",\"name\":\"IPlay\",\"url\":\"https:\/\/www.iplay.com\/en\/\",\"logo\":{\"@type\":\"ImageObject\",\"inLanguage\":\"fr-FR\",\"@id\":\"https:\/\/www.iplay.com\/en\/#\/schema\/logo\/image\/\",\"url\":\"https:\/\/www.iplay.com\/wp-content\/uploads\/2023\/11\/Group-6100.svg\",\"contentUrl\":\"https:\/\/www.iplay.com\/wp-content\/uploads\/2023\/11\/Group-6100.svg\",\"width\":98,\"height\":25,\"caption\":\"IPlay\"},\"image\":{\"@id\":\"https:\/\/www.iplay.com\/en\/#\/schema\/logo\/image\/\"}}]}<\/script>\n<!-- \/ Yoast SEO Premium plugin. -->","yoast_head_json":{"title":"Labyrinthes du Monde\u00a0: Le C\u00f4t\u00e9 Sauvage Edition Collector - Promenez-vous du c\u00f4t\u00e9 sauvage dans Les Labyrinthes du Monde","description":"Optez pour une promenade sauvage ! Dans World Labyrinths&nbsp;: The Wild Side","robots":{"index":"index","follow":"follow","max-snippet":"max-snippet:-1","max-image-preview":"max-image-preview:large","max-video-preview":"max-video-preview:-1"},"canonical":"https:\/\/www.iplay.com\/fr\/games\/labyrinths-of-the-world-the-wild-side-collectors-edition\/","og_locale":"fr_FR","og_type":"article","og_title":"Labyrinths of the World: The Wild Side Collector's Edition","og_description":"Optez pour une promenade sauvage ! Dans World Labyrinths&nbsp;: The Wild Side","og_url":"https:\/\/www.iplay.com\/fr\/games\/labyrinths-of-the-world-the-wild-side-collectors-edition\/","og_site_name":"IPlay","og_image":[{"width":310,"height":310,"url":"https:\/\/www.iplay.com\/wp-content\/uploads\/2023\/12\/large_square_tile_image-2679.jpg","type":"image\/jpeg"}],"twitter_card":"summary_large_image","twitter_misc":{"Dur\u00e9e de lecture estim\u00e9e":"1 minute"},"schema":{"@context":"https:\/\/schema.org","@graph":[{"@type":"WebPage","@id":"https:\/\/www.iplay.com\/fr\/games\/labyrinths-of-the-world-the-wild-side-collectors-edition\/","url":"https:\/\/www.iplay.com\/fr\/games\/labyrinths-of-the-world-the-wild-side-collectors-edition\/","name":"Labyrinthes du Monde\u00a0: Le C\u00f4t\u00e9 Sauvage Edition Collector - Promenez-vous du c\u00f4t\u00e9 sauvage dans Les Labyrinthes du Monde","isPartOf":{"@id":"https:\/\/www.iplay.com\/en\/#website"},"primaryImageOfPage":{"@id":"https:\/\/www.iplay.com\/fr\/games\/labyrinths-of-the-world-the-wild-side-collectors-edition\/#primaryimage"},"image":{"@id":"https:\/\/www.iplay.com\/fr\/games\/labyrinths-of-the-world-the-wild-side-collectors-edition\/#primaryimage"},"thumbnailUrl":"https:\/\/www.iplay.com\/wp-content\/uploads\/2023\/12\/large_square_tile_image-2679.jpg","datePublished":"2020-07-08T00:00:00+00:00","description":"Optez pour une promenade sauvage ! Dans World Labyrinths&nbsp;: The Wild Side","breadcrumb":{"@id":"https:\/\/www.iplay.com\/fr\/games\/labyrinths-of-the-world-the-wild-side-collectors-edition\/#breadcrumb"},"inLanguage":"fr-FR","potentialAction":[{"@type":"ReadAction","target":["https:\/\/www.iplay.com\/fr\/games\/labyrinths-of-the-world-the-wild-side-collectors-edition\/"]}]},{"@type":"ImageObject","inLanguage":"fr-FR","@id":"https:\/\/www.iplay.com\/fr\/games\/labyrinths-of-the-world-the-wild-side-collectors-edition\/#primaryimage","url":"https:\/\/www.iplay.com\/wp-content\/uploads\/2023\/12\/large_square_tile_image-2679.jpg","contentUrl":"https:\/\/www.iplay.com\/wp-content\/uploads\/2023\/12\/large_square_tile_image-2679.jpg","width":310,"height":310},{"@type":"BreadcrumbList","@id":"https:\/\/www.iplay.com\/fr\/games\/labyrinths-of-the-world-the-wild-side-collectors-edition\/#breadcrumb","itemListElement":[{"@type":"ListItem","position":1,"name":"Home","item":"https:\/\/www.iplay.com\/fr\/home-page-2\/"},{"@type":"ListItem","position":2,"name":"Shop","item":"https:\/\/www.iplay.com\/en\/shop\/"},{"@type":"ListItem","position":3,"name":"Labyrinths of the World: The Wild Side Collector&#8217;s Edition"}]},{"@type":"WebSite","@id":"https:\/\/www.iplay.com\/en\/#website","url":"https:\/\/www.iplay.com\/en\/","name":"IPlay","description":"The Best Casual Games!","publisher":{"@id":"https:\/\/www.iplay.com\/en\/#organization"},"potentialAction":[{"@type":"SearchAction","target":{"@type":"EntryPoint","urlTemplate":"https:\/\/www.iplay.com\/en\/?s={search_term_string}"},"query-input":{"@type":"PropertyValueSpecification","valueRequired":true,"valueName":"search_term_string"}}],"inLanguage":"fr-FR"},{"@type":"Organization","@id":"https:\/\/www.iplay.com\/en\/#organization","name":"IPlay","url":"https:\/\/www.iplay.com\/en\/","logo":{"@type":"ImageObject","inLanguage":"fr-FR","@id":"https:\/\/www.iplay.com\/en\/#\/schema\/logo\/image\/","url":"https:\/\/www.iplay.com\/wp-content\/uploads\/2023\/11\/Group-6100.svg","contentUrl":"https:\/\/www.iplay.com\/wp-content\/uploads\/2023\/11\/Group-6100.svg","width":98,"height":25,"caption":"IPlay"},"image":{"@id":"https:\/\/www.iplay.com\/en\/#\/schema\/logo\/image\/"}}]}},"_links":{"self":[{"href":"https:\/\/www.iplay.com\/fr\/wp-json\/wp\/v2\/product\/135045","targetHints":{"allow":["GET"]}}],"collection":[{"href":"https:\/\/www.iplay.com\/fr\/wp-json\/wp\/v2\/product"}],"about":[{"href":"https:\/\/www.iplay.com\/fr\/wp-json\/wp\/v2\/types\/product"}],"author":[{"embeddable":true,"href":"https:\/\/www.iplay.com\/fr\/wp-json\/wp\/v2\/users\/17"}],"replies":[{"embeddable":true,"href":"https:\/\/www.iplay.com\/fr\/wp-json\/wp\/v2\/comments?post=135045"}],"wp:featuredmedia":[{"embeddable":true,"href":"https:\/\/www.iplay.com\/fr\/wp-json\/wp\/v2\/media\/82754"}],"wp:attachment":[{"href":"https:\/\/www.iplay.com\/fr\/wp-json\/wp\/v2\/media?parent=135045"}],"wp:term":[{"taxonomy":"product_brand","embeddable":true,"href":"https:\/\/www.iplay.com\/fr\/wp-json\/wp\/v2\/product_brand?post=135045"},{"taxonomy":"product_cat","embeddable":true,"href":"https:\/\/www.iplay.com\/fr\/wp-json\/wp\/v2\/product_cat?post=135045"},{"taxonomy":"product_tag","embeddable":true,"href":"https:\/\/www.iplay.com\/fr\/wp-json\/wp\/v2\/product_tag?post=135045"}],"curies":[{"name":"wp","href":"https:\/\/api.w.org\/{rel}","templated":true}]}}