{"id":135042,"date":"2020-07-31T00:00:00","date_gmt":"2020-07-31T00:00:00","guid":{"rendered":"https:\/\/www.iplay.com\/games\/living-legends-the-crystal-tear-collectors-edition\/"},"modified":"2020-07-31T00:00:00","modified_gmt":"2020-07-31T00:00:00","slug":"living-legends-the-crystal-tear-collectors-edition","status":"publish","type":"product","link":"https:\/\/www.iplay.com\/fr\/games\/living-legends-the-crystal-tear-collectors-edition\/","title":{"rendered":"Living Legends: The Crystal Tear Collector&#8217;s Edition"},"content":{"rendered":"<p>Vivez un tout nouveau voyage passionnant avec <em>Living Legends&nbsp;: The Crystal Tear<\/em> !<\/p>\n<p>Vous avez \u00e9t\u00e9 invit\u00e9 au Royaume de Cristal pour c\u00e9l\u00e9brer les fian\u00e7ailles de votre ami le plus proche avec le prince ! Vous arrivez impatient de danser toute la nuit, mais lorsque minuit arrive, le ch\u00e2teau et ses habitants sont consum\u00e9s en cristaux ! Une telle magie interdite ne peut provenir que de la seule et unique f\u00e9e marraine, l\u2019enchanteresse mythique. Avec la mal\u00e9diction qui menace votre monde entier, pouvez-vous d\u00e9m\u00ealer le sombre r\u00e9cit derri\u00e8re la pantoufle de cristal originale et sauver les personnes que vous aimez \u00e0 temps ? D\u00e9couvrez-le dans cette intrigante aventure de puzzle d\u2019objets cach\u00e9s !    <\/p>\n<p>&nbsp;<\/p>\n<p>&nbsp;<\/p>\n<p><strong>Fonctionnalit\u00e9s:<\/strong><\/p>\n<p>&nbsp;<\/p>\n<p>&#8211; Dans le jeu bonus, utilisez la magie pour sauver votre s\u0153ur !<br \/>\n&#8211; Collectez des souris cach\u00e9es et changez des choses pendant que vous jouez !<br \/>\n&#8211; Profitez de fonds d\u2019\u00e9cran, de musique, d\u2019art conceptuel uniques et bien plus encore !<br \/>\n&#8211; Utilisez le guide de strat\u00e9gie pour ne jamais vous perdre !<\/p>\n","protected":false},"excerpt":{"rendered":"<p>Le palais est consum\u00e9 par la magie interdite ! Within Living Legends&nbsp;: L\u2019\u00e9dition collector de Crystal Tear <\/p>\n","protected":false},"author":17,"featured_media":89604,"comment_status":"open","ping_status":"closed","template":"","meta":{"_acf_changed":false,"inline_featured_image":false},"product_brand":[],"product_cat":[165],"product_tag":[287],"class_list":{"0":"post-135042","1":"product","2":"type-product","3":"status-publish","4":"has-post-thumbnail","6":"product_cat-hidden-object-fr","7":"product_tag-play-on-pc-fr","9":"first","10":"instock","11":"shipping-taxable","12":"purchasable","13":"product-type-simple"},"acf":[],"yoast_head":"<!-- This site is optimized with the Yoast SEO Premium plugin v25.2 (Yoast SEO v25.2) - https:\/\/yoast.com\/wordpress\/plugins\/seo\/ -->\n<title>Living Legends\u00a0: La Larme de Cristal Edition Collector - M\u00e9fiez-vous car la magie interdite consume le ch\u00e2teau<\/title>\n<meta name=\"description\" content=\"Le palais est consum\u00e9 par la magie interdite ! Within Living Legends&nbsp;: L\u2019\u00e9dition collector de Crystal Tear\" \/>\n<meta name=\"robots\" content=\"index, follow, max-snippet:-1, max-image-preview:large, max-video-preview:-1\" \/>\n<link rel=\"canonical\" href=\"https:\/\/www.iplay.com\/fr\/games\/living-legends-the-crystal-tear-collectors-edition\/\" \/>\n<meta property=\"og:locale\" content=\"fr_FR\" \/>\n<meta property=\"og:type\" content=\"article\" \/>\n<meta property=\"og:title\" content=\"Living Legends: The Crystal Tear Collector&#039;s Edition\" \/>\n<meta property=\"og:description\" content=\"Le palais est consum\u00e9 par la magie interdite ! Within Living Legends&nbsp;: L\u2019\u00e9dition collector de Crystal Tear\" \/>\n<meta property=\"og:url\" content=\"https:\/\/www.iplay.com\/fr\/games\/living-legends-the-crystal-tear-collectors-edition\/\" \/>\n<meta property=\"og:site_name\" content=\"IPlay\" \/>\n<meta property=\"og:image\" content=\"https:\/\/www.iplay.com\/wp-content\/uploads\/2023\/12\/large_square_tile_image-3112.jpg\" \/>\n\t<meta property=\"og:image:width\" content=\"310\" \/>\n\t<meta property=\"og:image:height\" content=\"310\" \/>\n\t<meta property=\"og:image:type\" content=\"image\/jpeg\" \/>\n<meta name=\"twitter:card\" content=\"summary_large_image\" \/>\n<meta name=\"twitter:label1\" content=\"Dur\u00e9e de lecture estim\u00e9e\" \/>\n\t<meta name=\"twitter:data1\" content=\"1 minute\" \/>\n<script type=\"application\/ld+json\" class=\"yoast-schema-graph\">{\"@context\":\"https:\/\/schema.org\",\"@graph\":[{\"@type\":\"WebPage\",\"@id\":\"https:\/\/www.iplay.com\/fr\/games\/living-legends-the-crystal-tear-collectors-edition\/\",\"url\":\"https:\/\/www.iplay.com\/fr\/games\/living-legends-the-crystal-tear-collectors-edition\/\",\"name\":\"Living Legends\u00a0: La Larme de Cristal Edition Collector - M\u00e9fiez-vous car la magie interdite consume le ch\u00e2teau\",\"isPartOf\":{\"@id\":\"https:\/\/www.iplay.com\/en\/#website\"},\"primaryImageOfPage\":{\"@id\":\"https:\/\/www.iplay.com\/fr\/games\/living-legends-the-crystal-tear-collectors-edition\/#primaryimage\"},\"image\":{\"@id\":\"https:\/\/www.iplay.com\/fr\/games\/living-legends-the-crystal-tear-collectors-edition\/#primaryimage\"},\"thumbnailUrl\":\"https:\/\/www.iplay.com\/wp-content\/uploads\/2023\/12\/large_square_tile_image-3112.jpg\",\"datePublished\":\"2020-07-31T00:00:00+00:00\",\"description\":\"Le palais est consum\u00e9 par la magie interdite ! Within Living Legends&nbsp;: L\u2019\u00e9dition collector de Crystal Tear\",\"breadcrumb\":{\"@id\":\"https:\/\/www.iplay.com\/fr\/games\/living-legends-the-crystal-tear-collectors-edition\/#breadcrumb\"},\"inLanguage\":\"fr-FR\",\"potentialAction\":[{\"@type\":\"ReadAction\",\"target\":[\"https:\/\/www.iplay.com\/fr\/games\/living-legends-the-crystal-tear-collectors-edition\/\"]}]},{\"@type\":\"ImageObject\",\"inLanguage\":\"fr-FR\",\"@id\":\"https:\/\/www.iplay.com\/fr\/games\/living-legends-the-crystal-tear-collectors-edition\/#primaryimage\",\"url\":\"https:\/\/www.iplay.com\/wp-content\/uploads\/2023\/12\/large_square_tile_image-3112.jpg\",\"contentUrl\":\"https:\/\/www.iplay.com\/wp-content\/uploads\/2023\/12\/large_square_tile_image-3112.jpg\",\"width\":310,\"height\":310},{\"@type\":\"BreadcrumbList\",\"@id\":\"https:\/\/www.iplay.com\/fr\/games\/living-legends-the-crystal-tear-collectors-edition\/#breadcrumb\",\"itemListElement\":[{\"@type\":\"ListItem\",\"position\":1,\"name\":\"Home\",\"item\":\"https:\/\/www.iplay.com\/fr\/home-page-2\/\"},{\"@type\":\"ListItem\",\"position\":2,\"name\":\"Shop\",\"item\":\"https:\/\/www.iplay.com\/en\/shop\/\"},{\"@type\":\"ListItem\",\"position\":3,\"name\":\"Living Legends: The Crystal Tear Collector&#8217;s Edition\"}]},{\"@type\":\"WebSite\",\"@id\":\"https:\/\/www.iplay.com\/en\/#website\",\"url\":\"https:\/\/www.iplay.com\/en\/\",\"name\":\"IPlay\",\"description\":\"The Best Casual Games!\",\"publisher\":{\"@id\":\"https:\/\/www.iplay.com\/en\/#organization\"},\"potentialAction\":[{\"@type\":\"SearchAction\",\"target\":{\"@type\":\"EntryPoint\",\"urlTemplate\":\"https:\/\/www.iplay.com\/en\/?s={search_term_string}\"},\"query-input\":{\"@type\":\"PropertyValueSpecification\",\"valueRequired\":true,\"valueName\":\"search_term_string\"}}],\"inLanguage\":\"fr-FR\"},{\"@type\":\"Organization\",\"@id\":\"https:\/\/www.iplay.com\/en\/#organization\",\"name\":\"IPlay\",\"url\":\"https:\/\/www.iplay.com\/en\/\",\"logo\":{\"@type\":\"ImageObject\",\"inLanguage\":\"fr-FR\",\"@id\":\"https:\/\/www.iplay.com\/en\/#\/schema\/logo\/image\/\",\"url\":\"https:\/\/www.iplay.com\/wp-content\/uploads\/2023\/11\/Group-6100.svg\",\"contentUrl\":\"https:\/\/www.iplay.com\/wp-content\/uploads\/2023\/11\/Group-6100.svg\",\"width\":98,\"height\":25,\"caption\":\"IPlay\"},\"image\":{\"@id\":\"https:\/\/www.iplay.com\/en\/#\/schema\/logo\/image\/\"}}]}<\/script>\n<!-- \/ Yoast SEO Premium plugin. -->","yoast_head_json":{"title":"Living Legends\u00a0: La Larme de Cristal Edition Collector - M\u00e9fiez-vous car la magie interdite consume le ch\u00e2teau","description":"Le palais est consum\u00e9 par la magie interdite ! Within Living Legends&nbsp;: L\u2019\u00e9dition collector de Crystal Tear","robots":{"index":"index","follow":"follow","max-snippet":"max-snippet:-1","max-image-preview":"max-image-preview:large","max-video-preview":"max-video-preview:-1"},"canonical":"https:\/\/www.iplay.com\/fr\/games\/living-legends-the-crystal-tear-collectors-edition\/","og_locale":"fr_FR","og_type":"article","og_title":"Living Legends: The Crystal Tear Collector's Edition","og_description":"Le palais est consum\u00e9 par la magie interdite ! Within Living Legends&nbsp;: L\u2019\u00e9dition collector de Crystal Tear","og_url":"https:\/\/www.iplay.com\/fr\/games\/living-legends-the-crystal-tear-collectors-edition\/","og_site_name":"IPlay","og_image":[{"width":310,"height":310,"url":"https:\/\/www.iplay.com\/wp-content\/uploads\/2023\/12\/large_square_tile_image-3112.jpg","type":"image\/jpeg"}],"twitter_card":"summary_large_image","twitter_misc":{"Dur\u00e9e de lecture estim\u00e9e":"1 minute"},"schema":{"@context":"https:\/\/schema.org","@graph":[{"@type":"WebPage","@id":"https:\/\/www.iplay.com\/fr\/games\/living-legends-the-crystal-tear-collectors-edition\/","url":"https:\/\/www.iplay.com\/fr\/games\/living-legends-the-crystal-tear-collectors-edition\/","name":"Living Legends\u00a0: La Larme de Cristal Edition Collector - M\u00e9fiez-vous car la magie interdite consume le ch\u00e2teau","isPartOf":{"@id":"https:\/\/www.iplay.com\/en\/#website"},"primaryImageOfPage":{"@id":"https:\/\/www.iplay.com\/fr\/games\/living-legends-the-crystal-tear-collectors-edition\/#primaryimage"},"image":{"@id":"https:\/\/www.iplay.com\/fr\/games\/living-legends-the-crystal-tear-collectors-edition\/#primaryimage"},"thumbnailUrl":"https:\/\/www.iplay.com\/wp-content\/uploads\/2023\/12\/large_square_tile_image-3112.jpg","datePublished":"2020-07-31T00:00:00+00:00","description":"Le palais est consum\u00e9 par la magie interdite ! Within Living Legends&nbsp;: L\u2019\u00e9dition collector de Crystal Tear","breadcrumb":{"@id":"https:\/\/www.iplay.com\/fr\/games\/living-legends-the-crystal-tear-collectors-edition\/#breadcrumb"},"inLanguage":"fr-FR","potentialAction":[{"@type":"ReadAction","target":["https:\/\/www.iplay.com\/fr\/games\/living-legends-the-crystal-tear-collectors-edition\/"]}]},{"@type":"ImageObject","inLanguage":"fr-FR","@id":"https:\/\/www.iplay.com\/fr\/games\/living-legends-the-crystal-tear-collectors-edition\/#primaryimage","url":"https:\/\/www.iplay.com\/wp-content\/uploads\/2023\/12\/large_square_tile_image-3112.jpg","contentUrl":"https:\/\/www.iplay.com\/wp-content\/uploads\/2023\/12\/large_square_tile_image-3112.jpg","width":310,"height":310},{"@type":"BreadcrumbList","@id":"https:\/\/www.iplay.com\/fr\/games\/living-legends-the-crystal-tear-collectors-edition\/#breadcrumb","itemListElement":[{"@type":"ListItem","position":1,"name":"Home","item":"https:\/\/www.iplay.com\/fr\/home-page-2\/"},{"@type":"ListItem","position":2,"name":"Shop","item":"https:\/\/www.iplay.com\/en\/shop\/"},{"@type":"ListItem","position":3,"name":"Living Legends: The Crystal Tear Collector&#8217;s Edition"}]},{"@type":"WebSite","@id":"https:\/\/www.iplay.com\/en\/#website","url":"https:\/\/www.iplay.com\/en\/","name":"IPlay","description":"The Best Casual Games!","publisher":{"@id":"https:\/\/www.iplay.com\/en\/#organization"},"potentialAction":[{"@type":"SearchAction","target":{"@type":"EntryPoint","urlTemplate":"https:\/\/www.iplay.com\/en\/?s={search_term_string}"},"query-input":{"@type":"PropertyValueSpecification","valueRequired":true,"valueName":"search_term_string"}}],"inLanguage":"fr-FR"},{"@type":"Organization","@id":"https:\/\/www.iplay.com\/en\/#organization","name":"IPlay","url":"https:\/\/www.iplay.com\/en\/","logo":{"@type":"ImageObject","inLanguage":"fr-FR","@id":"https:\/\/www.iplay.com\/en\/#\/schema\/logo\/image\/","url":"https:\/\/www.iplay.com\/wp-content\/uploads\/2023\/11\/Group-6100.svg","contentUrl":"https:\/\/www.iplay.com\/wp-content\/uploads\/2023\/11\/Group-6100.svg","width":98,"height":25,"caption":"IPlay"},"image":{"@id":"https:\/\/www.iplay.com\/en\/#\/schema\/logo\/image\/"}}]}},"_links":{"self":[{"href":"https:\/\/www.iplay.com\/fr\/wp-json\/wp\/v2\/product\/135042","targetHints":{"allow":["GET"]}}],"collection":[{"href":"https:\/\/www.iplay.com\/fr\/wp-json\/wp\/v2\/product"}],"about":[{"href":"https:\/\/www.iplay.com\/fr\/wp-json\/wp\/v2\/types\/product"}],"author":[{"embeddable":true,"href":"https:\/\/www.iplay.com\/fr\/wp-json\/wp\/v2\/users\/17"}],"replies":[{"embeddable":true,"href":"https:\/\/www.iplay.com\/fr\/wp-json\/wp\/v2\/comments?post=135042"}],"wp:featuredmedia":[{"embeddable":true,"href":"https:\/\/www.iplay.com\/fr\/wp-json\/wp\/v2\/media\/89604"}],"wp:attachment":[{"href":"https:\/\/www.iplay.com\/fr\/wp-json\/wp\/v2\/media?parent=135042"}],"wp:term":[{"taxonomy":"product_brand","embeddable":true,"href":"https:\/\/www.iplay.com\/fr\/wp-json\/wp\/v2\/product_brand?post=135042"},{"taxonomy":"product_cat","embeddable":true,"href":"https:\/\/www.iplay.com\/fr\/wp-json\/wp\/v2\/product_cat?post=135042"},{"taxonomy":"product_tag","embeddable":true,"href":"https:\/\/www.iplay.com\/fr\/wp-json\/wp\/v2\/product_tag?post=135042"}],"curies":[{"name":"wp","href":"https:\/\/api.w.org\/{rel}","templated":true}]}}