{"id":135040,"date":"2020-07-24T00:00:00","date_gmt":"2020-07-24T00:00:00","guid":{"rendered":"https:\/\/www.iplay.com\/games\/the-unseen-fears-ominous-talent-collectors-edition\/"},"modified":"2020-07-24T00:00:00","modified_gmt":"2020-07-24T00:00:00","slug":"the-unseen-fears-ominous-talent-collectors-edition","status":"publish","type":"product","link":"https:\/\/www.iplay.com\/fr\/games\/the-unseen-fears-ominous-talent-collectors-edition\/","title":{"rendered":"The Unseen Fears: Ominous Talent Collector&#8217;s Edition"},"content":{"rendered":"<p>Vivez un autre voyage \u00e9nigmatique hors du domaine ordinaire avec <em>The Unseen Fears&nbsp;: Ominous Talent<\/em> ! Vous avez \u00e9t\u00e9 invit\u00e9 en Italie par votre ami Carlos, critique d\u2019art, pour participer \u00e0 l\u2019enqu\u00eate sur la disparition d\u2019un coll\u00e8gue. Tous les indices pointent vers la m\u00eame galerie du quartier, o\u00f9 vous apprenez bient\u00f4t que cette disparition n\u2019\u00e9tait pas la premi\u00e8re. Et lorsque tout se met en place, vous trouverez un \u00e9trange r\u00e9seau de tromperie, de ressentiment et de trahison. Dans ce nouveau jeu d\u2019aventure captivant avec puzzle d\u2019objets cach\u00e9s, vous devrez traquer les indices, d\u00e9couvrir la v\u00e9rit\u00e9 et garder un \u0153il sur les personnes en qui vous pouvez avoir confiance afin de r\u00e9soudre l\u2019affaire et de mettre fin aux disparitions !   <\/p>\n<p>&nbsp;<\/p>\n<p>&nbsp;<\/p>\n<p><strong>Fonctionnalit\u00e9s:<\/strong><\/p>\n<p>&nbsp;<\/p>\n<p>&#8211; Dans le chapitre bonus, aidez une enfant muse \u00e0 d\u00e9couvrir sa v\u00e9ritable vocation !<br \/>\n&#8211; Revivez vos meilleurs mini-jeux et trouvez un bonus de puzzle d\u2019objets cach\u00e9s !<\/p>\n<p>&#8211; Rassemblez des palettes de peinture pour cr\u00e9er vos propres \u0153uvres d\u2019art !<\/p>\n<p>&#8211; Profitez d\u2019illustrations conceptuelles, de musiques, de films, de fonds d\u2019\u00e9cran sp\u00e9ciaux et bien plus encore !<br \/>\n&#8211; Utilisez le guide de strat\u00e9gie pour ne jamais vous perdre !<\/p>\n","protected":false},"excerpt":{"rendered":"<p>Ils prendront plus que votre photo ! L\u2019\u00e9dition collector de The Unseen Fears&nbsp;: Ominous Talent <\/p>\n","protected":false},"author":17,"featured_media":82642,"comment_status":"open","ping_status":"closed","template":"","meta":{"_acf_changed":false,"inline_featured_image":false},"product_brand":[],"product_cat":[165],"product_tag":[287],"class_list":{"0":"post-135040","1":"product","2":"type-product","3":"status-publish","4":"has-post-thumbnail","6":"product_cat-hidden-object-fr","7":"product_tag-play-on-pc-fr","9":"first","10":"instock","11":"shipping-taxable","12":"purchasable","13":"product-type-simple"},"acf":[],"yoast_head":"<!-- This site is optimized with the Yoast SEO Premium plugin v25.2 (Yoast SEO v25.2) - https:\/\/yoast.com\/wordpress\/plugins\/seo\/ -->\n<title>The Unseen Fears\u00a0: Ominous Talent Collector\u2019s Edition - Allez-vous capturer plus que votre photo cette fois-ci ?<\/title>\n<meta name=\"description\" content=\"Ils prendront plus que votre photo ! L\u2019\u00e9dition collector de The Unseen Fears&nbsp;: Ominous Talent\" \/>\n<meta name=\"robots\" content=\"index, follow, max-snippet:-1, max-image-preview:large, max-video-preview:-1\" \/>\n<link rel=\"canonical\" href=\"https:\/\/www.iplay.com\/fr\/games\/the-unseen-fears-ominous-talent-collectors-edition\/\" \/>\n<meta property=\"og:locale\" content=\"fr_FR\" \/>\n<meta property=\"og:type\" content=\"article\" \/>\n<meta property=\"og:title\" content=\"The Unseen Fears: Ominous Talent Collector&#039;s Edition\" \/>\n<meta property=\"og:description\" content=\"Ils prendront plus que votre photo ! L\u2019\u00e9dition collector de The Unseen Fears&nbsp;: Ominous Talent\" \/>\n<meta property=\"og:url\" content=\"https:\/\/www.iplay.com\/fr\/games\/the-unseen-fears-ominous-talent-collectors-edition\/\" \/>\n<meta property=\"og:site_name\" content=\"IPlay\" \/>\n<meta property=\"og:image\" content=\"https:\/\/www.iplay.com\/wp-content\/uploads\/2023\/12\/large_square_tile_image-2672.jpg\" \/>\n\t<meta property=\"og:image:width\" content=\"310\" \/>\n\t<meta property=\"og:image:height\" content=\"310\" \/>\n\t<meta property=\"og:image:type\" content=\"image\/jpeg\" \/>\n<meta name=\"twitter:card\" content=\"summary_large_image\" \/>\n<meta name=\"twitter:label1\" content=\"Dur\u00e9e de lecture estim\u00e9e\" \/>\n\t<meta name=\"twitter:data1\" content=\"1 minute\" \/>\n<script type=\"application\/ld+json\" class=\"yoast-schema-graph\">{\"@context\":\"https:\/\/schema.org\",\"@graph\":[{\"@type\":\"WebPage\",\"@id\":\"https:\/\/www.iplay.com\/fr\/games\/the-unseen-fears-ominous-talent-collectors-edition\/\",\"url\":\"https:\/\/www.iplay.com\/fr\/games\/the-unseen-fears-ominous-talent-collectors-edition\/\",\"name\":\"The Unseen Fears\u00a0: Ominous Talent Collector\u2019s Edition - Allez-vous capturer plus que votre photo cette fois-ci ?\",\"isPartOf\":{\"@id\":\"https:\/\/www.iplay.com\/en\/#website\"},\"primaryImageOfPage\":{\"@id\":\"https:\/\/www.iplay.com\/fr\/games\/the-unseen-fears-ominous-talent-collectors-edition\/#primaryimage\"},\"image\":{\"@id\":\"https:\/\/www.iplay.com\/fr\/games\/the-unseen-fears-ominous-talent-collectors-edition\/#primaryimage\"},\"thumbnailUrl\":\"https:\/\/www.iplay.com\/wp-content\/uploads\/2023\/12\/large_square_tile_image-2672.jpg\",\"datePublished\":\"2020-07-24T00:00:00+00:00\",\"description\":\"Ils prendront plus que votre photo ! L\u2019\u00e9dition collector de The Unseen Fears&nbsp;: Ominous Talent\",\"breadcrumb\":{\"@id\":\"https:\/\/www.iplay.com\/fr\/games\/the-unseen-fears-ominous-talent-collectors-edition\/#breadcrumb\"},\"inLanguage\":\"fr-FR\",\"potentialAction\":[{\"@type\":\"ReadAction\",\"target\":[\"https:\/\/www.iplay.com\/fr\/games\/the-unseen-fears-ominous-talent-collectors-edition\/\"]}]},{\"@type\":\"ImageObject\",\"inLanguage\":\"fr-FR\",\"@id\":\"https:\/\/www.iplay.com\/fr\/games\/the-unseen-fears-ominous-talent-collectors-edition\/#primaryimage\",\"url\":\"https:\/\/www.iplay.com\/wp-content\/uploads\/2023\/12\/large_square_tile_image-2672.jpg\",\"contentUrl\":\"https:\/\/www.iplay.com\/wp-content\/uploads\/2023\/12\/large_square_tile_image-2672.jpg\",\"width\":310,\"height\":310},{\"@type\":\"BreadcrumbList\",\"@id\":\"https:\/\/www.iplay.com\/fr\/games\/the-unseen-fears-ominous-talent-collectors-edition\/#breadcrumb\",\"itemListElement\":[{\"@type\":\"ListItem\",\"position\":1,\"name\":\"Home\",\"item\":\"https:\/\/www.iplay.com\/fr\/home-page-2\/\"},{\"@type\":\"ListItem\",\"position\":2,\"name\":\"Shop\",\"item\":\"https:\/\/www.iplay.com\/en\/shop\/\"},{\"@type\":\"ListItem\",\"position\":3,\"name\":\"The Unseen Fears: Ominous Talent Collector&#8217;s Edition\"}]},{\"@type\":\"WebSite\",\"@id\":\"https:\/\/www.iplay.com\/en\/#website\",\"url\":\"https:\/\/www.iplay.com\/en\/\",\"name\":\"IPlay\",\"description\":\"The Best Casual Games!\",\"publisher\":{\"@id\":\"https:\/\/www.iplay.com\/en\/#organization\"},\"potentialAction\":[{\"@type\":\"SearchAction\",\"target\":{\"@type\":\"EntryPoint\",\"urlTemplate\":\"https:\/\/www.iplay.com\/en\/?s={search_term_string}\"},\"query-input\":{\"@type\":\"PropertyValueSpecification\",\"valueRequired\":true,\"valueName\":\"search_term_string\"}}],\"inLanguage\":\"fr-FR\"},{\"@type\":\"Organization\",\"@id\":\"https:\/\/www.iplay.com\/en\/#organization\",\"name\":\"IPlay\",\"url\":\"https:\/\/www.iplay.com\/en\/\",\"logo\":{\"@type\":\"ImageObject\",\"inLanguage\":\"fr-FR\",\"@id\":\"https:\/\/www.iplay.com\/en\/#\/schema\/logo\/image\/\",\"url\":\"https:\/\/www.iplay.com\/wp-content\/uploads\/2023\/11\/Group-6100.svg\",\"contentUrl\":\"https:\/\/www.iplay.com\/wp-content\/uploads\/2023\/11\/Group-6100.svg\",\"width\":98,\"height\":25,\"caption\":\"IPlay\"},\"image\":{\"@id\":\"https:\/\/www.iplay.com\/en\/#\/schema\/logo\/image\/\"}}]}<\/script>\n<!-- \/ Yoast SEO Premium plugin. -->","yoast_head_json":{"title":"The Unseen Fears\u00a0: Ominous Talent Collector\u2019s Edition - Allez-vous capturer plus que votre photo cette fois-ci ?","description":"Ils prendront plus que votre photo ! L\u2019\u00e9dition collector de The Unseen Fears&nbsp;: Ominous Talent","robots":{"index":"index","follow":"follow","max-snippet":"max-snippet:-1","max-image-preview":"max-image-preview:large","max-video-preview":"max-video-preview:-1"},"canonical":"https:\/\/www.iplay.com\/fr\/games\/the-unseen-fears-ominous-talent-collectors-edition\/","og_locale":"fr_FR","og_type":"article","og_title":"The Unseen Fears: Ominous Talent Collector's Edition","og_description":"Ils prendront plus que votre photo ! L\u2019\u00e9dition collector de The Unseen Fears&nbsp;: Ominous Talent","og_url":"https:\/\/www.iplay.com\/fr\/games\/the-unseen-fears-ominous-talent-collectors-edition\/","og_site_name":"IPlay","og_image":[{"width":310,"height":310,"url":"https:\/\/www.iplay.com\/wp-content\/uploads\/2023\/12\/large_square_tile_image-2672.jpg","type":"image\/jpeg"}],"twitter_card":"summary_large_image","twitter_misc":{"Dur\u00e9e de lecture estim\u00e9e":"1 minute"},"schema":{"@context":"https:\/\/schema.org","@graph":[{"@type":"WebPage","@id":"https:\/\/www.iplay.com\/fr\/games\/the-unseen-fears-ominous-talent-collectors-edition\/","url":"https:\/\/www.iplay.com\/fr\/games\/the-unseen-fears-ominous-talent-collectors-edition\/","name":"The Unseen Fears\u00a0: Ominous Talent Collector\u2019s Edition - Allez-vous capturer plus que votre photo cette fois-ci ?","isPartOf":{"@id":"https:\/\/www.iplay.com\/en\/#website"},"primaryImageOfPage":{"@id":"https:\/\/www.iplay.com\/fr\/games\/the-unseen-fears-ominous-talent-collectors-edition\/#primaryimage"},"image":{"@id":"https:\/\/www.iplay.com\/fr\/games\/the-unseen-fears-ominous-talent-collectors-edition\/#primaryimage"},"thumbnailUrl":"https:\/\/www.iplay.com\/wp-content\/uploads\/2023\/12\/large_square_tile_image-2672.jpg","datePublished":"2020-07-24T00:00:00+00:00","description":"Ils prendront plus que votre photo ! L\u2019\u00e9dition collector de The Unseen Fears&nbsp;: Ominous Talent","breadcrumb":{"@id":"https:\/\/www.iplay.com\/fr\/games\/the-unseen-fears-ominous-talent-collectors-edition\/#breadcrumb"},"inLanguage":"fr-FR","potentialAction":[{"@type":"ReadAction","target":["https:\/\/www.iplay.com\/fr\/games\/the-unseen-fears-ominous-talent-collectors-edition\/"]}]},{"@type":"ImageObject","inLanguage":"fr-FR","@id":"https:\/\/www.iplay.com\/fr\/games\/the-unseen-fears-ominous-talent-collectors-edition\/#primaryimage","url":"https:\/\/www.iplay.com\/wp-content\/uploads\/2023\/12\/large_square_tile_image-2672.jpg","contentUrl":"https:\/\/www.iplay.com\/wp-content\/uploads\/2023\/12\/large_square_tile_image-2672.jpg","width":310,"height":310},{"@type":"BreadcrumbList","@id":"https:\/\/www.iplay.com\/fr\/games\/the-unseen-fears-ominous-talent-collectors-edition\/#breadcrumb","itemListElement":[{"@type":"ListItem","position":1,"name":"Home","item":"https:\/\/www.iplay.com\/fr\/home-page-2\/"},{"@type":"ListItem","position":2,"name":"Shop","item":"https:\/\/www.iplay.com\/en\/shop\/"},{"@type":"ListItem","position":3,"name":"The Unseen Fears: Ominous Talent Collector&#8217;s Edition"}]},{"@type":"WebSite","@id":"https:\/\/www.iplay.com\/en\/#website","url":"https:\/\/www.iplay.com\/en\/","name":"IPlay","description":"The Best Casual Games!","publisher":{"@id":"https:\/\/www.iplay.com\/en\/#organization"},"potentialAction":[{"@type":"SearchAction","target":{"@type":"EntryPoint","urlTemplate":"https:\/\/www.iplay.com\/en\/?s={search_term_string}"},"query-input":{"@type":"PropertyValueSpecification","valueRequired":true,"valueName":"search_term_string"}}],"inLanguage":"fr-FR"},{"@type":"Organization","@id":"https:\/\/www.iplay.com\/en\/#organization","name":"IPlay","url":"https:\/\/www.iplay.com\/en\/","logo":{"@type":"ImageObject","inLanguage":"fr-FR","@id":"https:\/\/www.iplay.com\/en\/#\/schema\/logo\/image\/","url":"https:\/\/www.iplay.com\/wp-content\/uploads\/2023\/11\/Group-6100.svg","contentUrl":"https:\/\/www.iplay.com\/wp-content\/uploads\/2023\/11\/Group-6100.svg","width":98,"height":25,"caption":"IPlay"},"image":{"@id":"https:\/\/www.iplay.com\/en\/#\/schema\/logo\/image\/"}}]}},"_links":{"self":[{"href":"https:\/\/www.iplay.com\/fr\/wp-json\/wp\/v2\/product\/135040","targetHints":{"allow":["GET"]}}],"collection":[{"href":"https:\/\/www.iplay.com\/fr\/wp-json\/wp\/v2\/product"}],"about":[{"href":"https:\/\/www.iplay.com\/fr\/wp-json\/wp\/v2\/types\/product"}],"author":[{"embeddable":true,"href":"https:\/\/www.iplay.com\/fr\/wp-json\/wp\/v2\/users\/17"}],"replies":[{"embeddable":true,"href":"https:\/\/www.iplay.com\/fr\/wp-json\/wp\/v2\/comments?post=135040"}],"wp:featuredmedia":[{"embeddable":true,"href":"https:\/\/www.iplay.com\/fr\/wp-json\/wp\/v2\/media\/82642"}],"wp:attachment":[{"href":"https:\/\/www.iplay.com\/fr\/wp-json\/wp\/v2\/media?parent=135040"}],"wp:term":[{"taxonomy":"product_brand","embeddable":true,"href":"https:\/\/www.iplay.com\/fr\/wp-json\/wp\/v2\/product_brand?post=135040"},{"taxonomy":"product_cat","embeddable":true,"href":"https:\/\/www.iplay.com\/fr\/wp-json\/wp\/v2\/product_cat?post=135040"},{"taxonomy":"product_tag","embeddable":true,"href":"https:\/\/www.iplay.com\/fr\/wp-json\/wp\/v2\/product_tag?post=135040"}],"curies":[{"name":"wp","href":"https:\/\/api.w.org\/{rel}","templated":true}]}}