{"id":135033,"date":"2020-12-04T00:00:00","date_gmt":"2020-12-04T00:00:00","guid":{"rendered":"https:\/\/www.iplay.com\/games\/christmas-stories-enchanted-express-collectors-edition\/"},"modified":"2020-12-04T00:00:00","modified_gmt":"2020-12-04T00:00:00","slug":"christmas-stories-enchanted-express-collectors-edition","status":"publish","type":"product","link":"https:\/\/www.iplay.com\/fr\/games\/christmas-stories-enchanted-express-collectors-edition\/","title":{"rendered":"Christmas Stories: Enchanted Express Collector&#8217;s Edition"},"content":{"rendered":"<p>D\u00e9couvrez le plus r\u00e9cent voyage captivant de la s\u00e9rie <em>Histoires de No\u00ebl<\/em> ! Le texte se lit comme suit : Votre jeune fr\u00e8re Hansel monte \u00e0 bord d\u2019un train de No\u00ebl inhabituel, interrompant votre promenade \u00e0 la maison pour c\u00e9l\u00e9brer la f\u00eate. Vous vous rendez vite compte que ce n\u2019est pas votre mode de transport habituel alors que vous vous pr\u00e9cipitez pour le ramener \u00e0 la maison. Votre fr\u00e8re a \u00e9t\u00e9 transform\u00e9 en souris et vous voyagez dans un train magique ! Votre fr\u00e8re finira-t-il pi\u00e9g\u00e9 de fa\u00e7on permanente comme une souris, ou pouvez-vous l\u2019aider \u00e0 sauver ses No\u00ebls en naviguant dans les histoires des passagers ? D\u00e9couvrez-le dans ce captivant voyage de puzzle d\u2019objets cach\u00e9s !     <\/p>\n<p>&nbsp;<\/p>\n<p>&nbsp;<\/p>\n<p><strong>Fonctionnalit\u00e9s:<\/strong><\/p>\n<p>&nbsp;<\/p>\n<p>&#8211; Dans le jeu bonus, travaillez sur une affaire pour le Roi des Chats !<\/p>\n<p>&#8211; Jouez \u00e0 des mini-jeux et des SOC rejouables pour revisiter les d\u00e9fis des f\u00eates et gagner des succ\u00e8s !<\/p>\n<p>&#8211; Parcourez les d\u00e9corations pour trouver des objets et des pi\u00e8ces de puzzle !<\/p>\n<p>&#8211; Profitez d\u2019\u00e9conomiseurs d\u2019\u00e9cran uniques, de musique, de fonds d\u2019\u00e9cran, d\u2019une qu\u00eate de pi\u00e8ce secr\u00e8te et bien plus encore !<br \/>\n&#8211; Utilisez le guide de strat\u00e9gie pour ne jamais vous perdre !<\/p>\n","protected":false},"excerpt":{"rendered":"<p>Pouvez-vous aider les voyageurs de Christmas Stories&nbsp;: Enchanted Express CE \u00e0 sauver leurs vacances&nbsp;?<\/p>\n","protected":false},"author":17,"featured_media":81394,"comment_status":"open","ping_status":"closed","template":"","meta":{"_acf_changed":false,"inline_featured_image":false},"product_brand":[],"product_cat":[165],"product_tag":[287],"class_list":{"0":"post-135033","1":"product","2":"type-product","3":"status-publish","4":"has-post-thumbnail","6":"product_cat-hidden-object-fr","7":"product_tag-play-on-pc-fr","9":"first","10":"instock","11":"shipping-taxable","12":"purchasable","13":"product-type-simple"},"acf":[],"yoast_head":"<!-- This site is optimized with the Yoast SEO Premium plugin v25.2 (Yoast SEO v25.2) - https:\/\/yoast.com\/wordpress\/plugins\/seo\/ -->\n<title>Christmas Stories\u00a0: Enchanted Express Collector\u2019s Edition - Aidez les passagers \u00e0 sauver les f\u00eates de fin d\u2019ann\u00e9e \u00e0 bord de l\u2019Enchanted Express<\/title>\n<meta name=\"description\" content=\"Pouvez-vous aider les voyageurs de Christmas Stories&nbsp;: Enchanted Express CE \u00e0 sauver leurs vacances&nbsp;?\" \/>\n<meta name=\"robots\" content=\"index, follow, max-snippet:-1, max-image-preview:large, max-video-preview:-1\" \/>\n<link rel=\"canonical\" href=\"https:\/\/www.iplay.com\/fr\/games\/christmas-stories-enchanted-express-collectors-edition\/\" \/>\n<meta property=\"og:locale\" content=\"fr_FR\" \/>\n<meta property=\"og:type\" content=\"article\" \/>\n<meta property=\"og:title\" content=\"Christmas Stories: Enchanted Express Collector&#039;s Edition\" \/>\n<meta property=\"og:description\" content=\"Pouvez-vous aider les voyageurs de Christmas Stories&nbsp;: Enchanted Express CE \u00e0 sauver leurs vacances&nbsp;?\" \/>\n<meta property=\"og:url\" content=\"https:\/\/www.iplay.com\/fr\/games\/christmas-stories-enchanted-express-collectors-edition\/\" \/>\n<meta property=\"og:site_name\" content=\"IPlay\" \/>\n<meta property=\"og:image\" content=\"https:\/\/www.iplay.com\/wp-content\/uploads\/2023\/12\/large_square_tile_image-2593.jpg\" \/>\n\t<meta property=\"og:image:width\" content=\"310\" \/>\n\t<meta property=\"og:image:height\" content=\"310\" \/>\n\t<meta property=\"og:image:type\" content=\"image\/jpeg\" \/>\n<meta name=\"twitter:card\" content=\"summary_large_image\" \/>\n<meta name=\"twitter:label1\" content=\"Dur\u00e9e de lecture estim\u00e9e\" \/>\n\t<meta name=\"twitter:data1\" content=\"1 minute\" \/>\n<script type=\"application\/ld+json\" class=\"yoast-schema-graph\">{\"@context\":\"https:\/\/schema.org\",\"@graph\":[{\"@type\":\"WebPage\",\"@id\":\"https:\/\/www.iplay.com\/fr\/games\/christmas-stories-enchanted-express-collectors-edition\/\",\"url\":\"https:\/\/www.iplay.com\/fr\/games\/christmas-stories-enchanted-express-collectors-edition\/\",\"name\":\"Christmas Stories\u00a0: Enchanted Express Collector\u2019s Edition - Aidez les passagers \u00e0 sauver les f\u00eates de fin d\u2019ann\u00e9e \u00e0 bord de l\u2019Enchanted Express\",\"isPartOf\":{\"@id\":\"https:\/\/www.iplay.com\/en\/#website\"},\"primaryImageOfPage\":{\"@id\":\"https:\/\/www.iplay.com\/fr\/games\/christmas-stories-enchanted-express-collectors-edition\/#primaryimage\"},\"image\":{\"@id\":\"https:\/\/www.iplay.com\/fr\/games\/christmas-stories-enchanted-express-collectors-edition\/#primaryimage\"},\"thumbnailUrl\":\"https:\/\/www.iplay.com\/wp-content\/uploads\/2023\/12\/large_square_tile_image-2593.jpg\",\"datePublished\":\"2020-12-04T00:00:00+00:00\",\"description\":\"Pouvez-vous aider les voyageurs de Christmas Stories&nbsp;: Enchanted Express CE \u00e0 sauver leurs vacances&nbsp;?\",\"breadcrumb\":{\"@id\":\"https:\/\/www.iplay.com\/fr\/games\/christmas-stories-enchanted-express-collectors-edition\/#breadcrumb\"},\"inLanguage\":\"fr-FR\",\"potentialAction\":[{\"@type\":\"ReadAction\",\"target\":[\"https:\/\/www.iplay.com\/fr\/games\/christmas-stories-enchanted-express-collectors-edition\/\"]}]},{\"@type\":\"ImageObject\",\"inLanguage\":\"fr-FR\",\"@id\":\"https:\/\/www.iplay.com\/fr\/games\/christmas-stories-enchanted-express-collectors-edition\/#primaryimage\",\"url\":\"https:\/\/www.iplay.com\/wp-content\/uploads\/2023\/12\/large_square_tile_image-2593.jpg\",\"contentUrl\":\"https:\/\/www.iplay.com\/wp-content\/uploads\/2023\/12\/large_square_tile_image-2593.jpg\",\"width\":310,\"height\":310},{\"@type\":\"BreadcrumbList\",\"@id\":\"https:\/\/www.iplay.com\/fr\/games\/christmas-stories-enchanted-express-collectors-edition\/#breadcrumb\",\"itemListElement\":[{\"@type\":\"ListItem\",\"position\":1,\"name\":\"Home\",\"item\":\"https:\/\/www.iplay.com\/fr\/home-page-2\/\"},{\"@type\":\"ListItem\",\"position\":2,\"name\":\"Shop\",\"item\":\"https:\/\/www.iplay.com\/en\/shop\/\"},{\"@type\":\"ListItem\",\"position\":3,\"name\":\"Christmas Stories: Enchanted Express Collector&#8217;s Edition\"}]},{\"@type\":\"WebSite\",\"@id\":\"https:\/\/www.iplay.com\/en\/#website\",\"url\":\"https:\/\/www.iplay.com\/en\/\",\"name\":\"IPlay\",\"description\":\"The Best Casual Games!\",\"publisher\":{\"@id\":\"https:\/\/www.iplay.com\/en\/#organization\"},\"potentialAction\":[{\"@type\":\"SearchAction\",\"target\":{\"@type\":\"EntryPoint\",\"urlTemplate\":\"https:\/\/www.iplay.com\/en\/?s={search_term_string}\"},\"query-input\":{\"@type\":\"PropertyValueSpecification\",\"valueRequired\":true,\"valueName\":\"search_term_string\"}}],\"inLanguage\":\"fr-FR\"},{\"@type\":\"Organization\",\"@id\":\"https:\/\/www.iplay.com\/en\/#organization\",\"name\":\"IPlay\",\"url\":\"https:\/\/www.iplay.com\/en\/\",\"logo\":{\"@type\":\"ImageObject\",\"inLanguage\":\"fr-FR\",\"@id\":\"https:\/\/www.iplay.com\/en\/#\/schema\/logo\/image\/\",\"url\":\"https:\/\/www.iplay.com\/wp-content\/uploads\/2023\/11\/Group-6100.svg\",\"contentUrl\":\"https:\/\/www.iplay.com\/wp-content\/uploads\/2023\/11\/Group-6100.svg\",\"width\":98,\"height\":25,\"caption\":\"IPlay\"},\"image\":{\"@id\":\"https:\/\/www.iplay.com\/en\/#\/schema\/logo\/image\/\"}}]}<\/script>\n<!-- \/ Yoast SEO Premium plugin. -->","yoast_head_json":{"title":"Christmas Stories\u00a0: Enchanted Express Collector\u2019s Edition - Aidez les passagers \u00e0 sauver les f\u00eates de fin d\u2019ann\u00e9e \u00e0 bord de l\u2019Enchanted Express","description":"Pouvez-vous aider les voyageurs de Christmas Stories&nbsp;: Enchanted Express CE \u00e0 sauver leurs vacances&nbsp;?","robots":{"index":"index","follow":"follow","max-snippet":"max-snippet:-1","max-image-preview":"max-image-preview:large","max-video-preview":"max-video-preview:-1"},"canonical":"https:\/\/www.iplay.com\/fr\/games\/christmas-stories-enchanted-express-collectors-edition\/","og_locale":"fr_FR","og_type":"article","og_title":"Christmas Stories: Enchanted Express Collector's Edition","og_description":"Pouvez-vous aider les voyageurs de Christmas Stories&nbsp;: Enchanted Express CE \u00e0 sauver leurs vacances&nbsp;?","og_url":"https:\/\/www.iplay.com\/fr\/games\/christmas-stories-enchanted-express-collectors-edition\/","og_site_name":"IPlay","og_image":[{"width":310,"height":310,"url":"https:\/\/www.iplay.com\/wp-content\/uploads\/2023\/12\/large_square_tile_image-2593.jpg","type":"image\/jpeg"}],"twitter_card":"summary_large_image","twitter_misc":{"Dur\u00e9e de lecture estim\u00e9e":"1 minute"},"schema":{"@context":"https:\/\/schema.org","@graph":[{"@type":"WebPage","@id":"https:\/\/www.iplay.com\/fr\/games\/christmas-stories-enchanted-express-collectors-edition\/","url":"https:\/\/www.iplay.com\/fr\/games\/christmas-stories-enchanted-express-collectors-edition\/","name":"Christmas Stories\u00a0: Enchanted Express Collector\u2019s Edition - Aidez les passagers \u00e0 sauver les f\u00eates de fin d\u2019ann\u00e9e \u00e0 bord de l\u2019Enchanted Express","isPartOf":{"@id":"https:\/\/www.iplay.com\/en\/#website"},"primaryImageOfPage":{"@id":"https:\/\/www.iplay.com\/fr\/games\/christmas-stories-enchanted-express-collectors-edition\/#primaryimage"},"image":{"@id":"https:\/\/www.iplay.com\/fr\/games\/christmas-stories-enchanted-express-collectors-edition\/#primaryimage"},"thumbnailUrl":"https:\/\/www.iplay.com\/wp-content\/uploads\/2023\/12\/large_square_tile_image-2593.jpg","datePublished":"2020-12-04T00:00:00+00:00","description":"Pouvez-vous aider les voyageurs de Christmas Stories&nbsp;: Enchanted Express CE \u00e0 sauver leurs vacances&nbsp;?","breadcrumb":{"@id":"https:\/\/www.iplay.com\/fr\/games\/christmas-stories-enchanted-express-collectors-edition\/#breadcrumb"},"inLanguage":"fr-FR","potentialAction":[{"@type":"ReadAction","target":["https:\/\/www.iplay.com\/fr\/games\/christmas-stories-enchanted-express-collectors-edition\/"]}]},{"@type":"ImageObject","inLanguage":"fr-FR","@id":"https:\/\/www.iplay.com\/fr\/games\/christmas-stories-enchanted-express-collectors-edition\/#primaryimage","url":"https:\/\/www.iplay.com\/wp-content\/uploads\/2023\/12\/large_square_tile_image-2593.jpg","contentUrl":"https:\/\/www.iplay.com\/wp-content\/uploads\/2023\/12\/large_square_tile_image-2593.jpg","width":310,"height":310},{"@type":"BreadcrumbList","@id":"https:\/\/www.iplay.com\/fr\/games\/christmas-stories-enchanted-express-collectors-edition\/#breadcrumb","itemListElement":[{"@type":"ListItem","position":1,"name":"Home","item":"https:\/\/www.iplay.com\/fr\/home-page-2\/"},{"@type":"ListItem","position":2,"name":"Shop","item":"https:\/\/www.iplay.com\/en\/shop\/"},{"@type":"ListItem","position":3,"name":"Christmas Stories: Enchanted Express Collector&#8217;s Edition"}]},{"@type":"WebSite","@id":"https:\/\/www.iplay.com\/en\/#website","url":"https:\/\/www.iplay.com\/en\/","name":"IPlay","description":"The Best Casual Games!","publisher":{"@id":"https:\/\/www.iplay.com\/en\/#organization"},"potentialAction":[{"@type":"SearchAction","target":{"@type":"EntryPoint","urlTemplate":"https:\/\/www.iplay.com\/en\/?s={search_term_string}"},"query-input":{"@type":"PropertyValueSpecification","valueRequired":true,"valueName":"search_term_string"}}],"inLanguage":"fr-FR"},{"@type":"Organization","@id":"https:\/\/www.iplay.com\/en\/#organization","name":"IPlay","url":"https:\/\/www.iplay.com\/en\/","logo":{"@type":"ImageObject","inLanguage":"fr-FR","@id":"https:\/\/www.iplay.com\/en\/#\/schema\/logo\/image\/","url":"https:\/\/www.iplay.com\/wp-content\/uploads\/2023\/11\/Group-6100.svg","contentUrl":"https:\/\/www.iplay.com\/wp-content\/uploads\/2023\/11\/Group-6100.svg","width":98,"height":25,"caption":"IPlay"},"image":{"@id":"https:\/\/www.iplay.com\/en\/#\/schema\/logo\/image\/"}}]}},"_links":{"self":[{"href":"https:\/\/www.iplay.com\/fr\/wp-json\/wp\/v2\/product\/135033","targetHints":{"allow":["GET"]}}],"collection":[{"href":"https:\/\/www.iplay.com\/fr\/wp-json\/wp\/v2\/product"}],"about":[{"href":"https:\/\/www.iplay.com\/fr\/wp-json\/wp\/v2\/types\/product"}],"author":[{"embeddable":true,"href":"https:\/\/www.iplay.com\/fr\/wp-json\/wp\/v2\/users\/17"}],"replies":[{"embeddable":true,"href":"https:\/\/www.iplay.com\/fr\/wp-json\/wp\/v2\/comments?post=135033"}],"wp:featuredmedia":[{"embeddable":true,"href":"https:\/\/www.iplay.com\/fr\/wp-json\/wp\/v2\/media\/81394"}],"wp:attachment":[{"href":"https:\/\/www.iplay.com\/fr\/wp-json\/wp\/v2\/media?parent=135033"}],"wp:term":[{"taxonomy":"product_brand","embeddable":true,"href":"https:\/\/www.iplay.com\/fr\/wp-json\/wp\/v2\/product_brand?post=135033"},{"taxonomy":"product_cat","embeddable":true,"href":"https:\/\/www.iplay.com\/fr\/wp-json\/wp\/v2\/product_cat?post=135033"},{"taxonomy":"product_tag","embeddable":true,"href":"https:\/\/www.iplay.com\/fr\/wp-json\/wp\/v2\/product_tag?post=135033"}],"curies":[{"name":"wp","href":"https:\/\/api.w.org\/{rel}","templated":true}]}}