{"id":135024,"date":"2020-11-27T00:00:00","date_gmt":"2020-11-27T00:00:00","guid":{"rendered":"https:\/\/www.iplay.com\/games\/enchanted-kingdom-the-secret-of-the-golden-lamp-collectors-edition\/"},"modified":"2020-11-27T00:00:00","modified_gmt":"2020-11-27T00:00:00","slug":"enchanted-kingdom-the-secret-of-the-golden-lamp-collectors-edition","status":"publish","type":"product","link":"https:\/\/www.iplay.com\/fr\/games\/enchanted-kingdom-the-secret-of-the-golden-lamp-collectors-edition\/","title":{"rendered":"Enchanted Kingdom: The Secret of the Golden Lamp Collector&#8217;s Edition"},"content":{"rendered":"<p>Profitez du plus r\u00e9cent voyage passionnant de la s\u00e9rie <em>Enchanted Kingdom<\/em> ! Le texte se lit comme suit : Bien que devenir gardien forestier demande beaucoup de travail, vous \u00eates ravi d\u2019avoir votre p\u00e8re comme tuteur. C\u2019est-\u00e0-dire, jusqu\u2019\u00e0 ce que votre p\u00e8re soit enlev\u00e9 dans une autre dimension par un g\u00e9nie effrayant ! Au fur et \u00e0 mesure que vous d\u00e9couvrez un aspect myst\u00e9rieux du pass\u00e9 de votre p\u00e8re que vous n\u2019auriez jamais pu imaginer, un aspect qui changera d\u00e9finitivement votre vie, vous r\u00e9alisez bient\u00f4t que c\u2019est plus qu\u2019une simple co\u00efncidence. Avant qu\u2019il ne soit trop tard, pouvez-vous emp\u00eacher un g\u00e9nie malveillant de d\u00e9truire votre plan\u00e8te et sauver votre p\u00e8re ? D\u00e9couvrez-en plus dans cet incroyable voyage de puzzle d\u2019objets cach\u00e9s !     <\/p>\n<p>&nbsp;<\/p>\n<p>&nbsp;<\/p>\n<p><strong>Fonctionnalit\u00e9s:<\/strong><\/p>\n<p>&nbsp;<\/p>\n<p>&#8211; Dans le chapitre suppl\u00e9mentaire, affrontez le plus grand g\u00e9nie de tous les temps !<\/p>\n<p>&#8211; Pr\u00e9parez des m\u00e9langes et des potions enchant\u00e9s !<\/p>\n<p>&#8211; Pour en savoir plus sur le monde, rassemblez des traces d\u2019animaux, des lampes magiques et d\u2019autres objets !<\/p>\n<p>&#8211; Profitez d\u2019illustrations conceptuelles, de bandes sonores, de fonds d\u2019\u00e9cran et bien plus encore !<\/p>\n<p>&#8211; Guide strat\u00e9gique d\u00e9taill\u00e9 fourni dans son int\u00e9gralit\u00e9 !<\/p>\n","protected":false},"excerpt":{"rendered":"<p>Dans Enchanted Kingdom&nbsp;: The Secret of the Golden Lamp CE, emp\u00eachez un g\u00e9nie de d\u00e9truire toute votre plan\u00e8te.<\/p>\n","protected":false},"author":17,"featured_media":81442,"comment_status":"open","ping_status":"closed","template":"","meta":{"_acf_changed":false,"inline_featured_image":false},"product_brand":[],"product_cat":[165],"product_tag":[287],"class_list":{"0":"post-135024","1":"product","2":"type-product","3":"status-publish","4":"has-post-thumbnail","6":"product_cat-hidden-object-fr","7":"product_tag-play-on-pc-fr","9":"first","10":"instock","11":"shipping-taxable","12":"purchasable","13":"product-type-simple"},"acf":[],"yoast_head":"<!-- This site is optimized with the Yoast SEO Premium plugin v25.2 (Yoast SEO v25.2) - https:\/\/yoast.com\/wordpress\/plugins\/seo\/ -->\n<title>Enchanted Kingdom\u00a0: Le Secret de la Lampe d\u2019Or Edition Collector - Arr\u00eatez les ravages d\u2019un g\u00e9nie dans les Royaumes Enchant\u00e9s<\/title>\n<meta name=\"description\" content=\"Dans Enchanted Kingdom&nbsp;: The Secret of the Golden Lamp CE, emp\u00eachez un g\u00e9nie de d\u00e9truire toute votre plan\u00e8te.\" \/>\n<meta name=\"robots\" content=\"index, follow, max-snippet:-1, max-image-preview:large, max-video-preview:-1\" \/>\n<link rel=\"canonical\" href=\"https:\/\/www.iplay.com\/fr\/games\/enchanted-kingdom-the-secret-of-the-golden-lamp-collectors-edition\/\" \/>\n<meta property=\"og:locale\" content=\"fr_FR\" \/>\n<meta property=\"og:type\" content=\"article\" \/>\n<meta property=\"og:title\" content=\"Enchanted Kingdom: The Secret of the Golden Lamp Collector&#039;s Edition\" \/>\n<meta property=\"og:description\" content=\"Dans Enchanted Kingdom&nbsp;: The Secret of the Golden Lamp CE, emp\u00eachez un g\u00e9nie de d\u00e9truire toute votre plan\u00e8te.\" \/>\n<meta property=\"og:url\" content=\"https:\/\/www.iplay.com\/fr\/games\/enchanted-kingdom-the-secret-of-the-golden-lamp-collectors-edition\/\" \/>\n<meta property=\"og:site_name\" content=\"IPlay\" \/>\n<meta property=\"og:image\" content=\"https:\/\/www.iplay.com\/wp-content\/uploads\/2023\/12\/large_square_tile_image-2596.jpg\" \/>\n\t<meta property=\"og:image:width\" content=\"310\" \/>\n\t<meta property=\"og:image:height\" content=\"310\" \/>\n\t<meta property=\"og:image:type\" content=\"image\/jpeg\" \/>\n<meta name=\"twitter:card\" content=\"summary_large_image\" \/>\n<meta name=\"twitter:label1\" content=\"Dur\u00e9e de lecture estim\u00e9e\" \/>\n\t<meta name=\"twitter:data1\" content=\"1 minute\" \/>\n<script type=\"application\/ld+json\" class=\"yoast-schema-graph\">{\"@context\":\"https:\/\/schema.org\",\"@graph\":[{\"@type\":\"WebPage\",\"@id\":\"https:\/\/www.iplay.com\/fr\/games\/enchanted-kingdom-the-secret-of-the-golden-lamp-collectors-edition\/\",\"url\":\"https:\/\/www.iplay.com\/fr\/games\/enchanted-kingdom-the-secret-of-the-golden-lamp-collectors-edition\/\",\"name\":\"Enchanted Kingdom\u00a0: Le Secret de la Lampe d\u2019Or Edition Collector - Arr\u00eatez les ravages d\u2019un g\u00e9nie dans les Royaumes Enchant\u00e9s\",\"isPartOf\":{\"@id\":\"https:\/\/www.iplay.com\/en\/#website\"},\"primaryImageOfPage\":{\"@id\":\"https:\/\/www.iplay.com\/fr\/games\/enchanted-kingdom-the-secret-of-the-golden-lamp-collectors-edition\/#primaryimage\"},\"image\":{\"@id\":\"https:\/\/www.iplay.com\/fr\/games\/enchanted-kingdom-the-secret-of-the-golden-lamp-collectors-edition\/#primaryimage\"},\"thumbnailUrl\":\"https:\/\/www.iplay.com\/wp-content\/uploads\/2023\/12\/large_square_tile_image-2596.jpg\",\"datePublished\":\"2020-11-27T00:00:00+00:00\",\"description\":\"Dans Enchanted Kingdom&nbsp;: The Secret of the Golden Lamp CE, emp\u00eachez un g\u00e9nie de d\u00e9truire toute votre plan\u00e8te.\",\"breadcrumb\":{\"@id\":\"https:\/\/www.iplay.com\/fr\/games\/enchanted-kingdom-the-secret-of-the-golden-lamp-collectors-edition\/#breadcrumb\"},\"inLanguage\":\"fr-FR\",\"potentialAction\":[{\"@type\":\"ReadAction\",\"target\":[\"https:\/\/www.iplay.com\/fr\/games\/enchanted-kingdom-the-secret-of-the-golden-lamp-collectors-edition\/\"]}]},{\"@type\":\"ImageObject\",\"inLanguage\":\"fr-FR\",\"@id\":\"https:\/\/www.iplay.com\/fr\/games\/enchanted-kingdom-the-secret-of-the-golden-lamp-collectors-edition\/#primaryimage\",\"url\":\"https:\/\/www.iplay.com\/wp-content\/uploads\/2023\/12\/large_square_tile_image-2596.jpg\",\"contentUrl\":\"https:\/\/www.iplay.com\/wp-content\/uploads\/2023\/12\/large_square_tile_image-2596.jpg\",\"width\":310,\"height\":310},{\"@type\":\"BreadcrumbList\",\"@id\":\"https:\/\/www.iplay.com\/fr\/games\/enchanted-kingdom-the-secret-of-the-golden-lamp-collectors-edition\/#breadcrumb\",\"itemListElement\":[{\"@type\":\"ListItem\",\"position\":1,\"name\":\"Home\",\"item\":\"https:\/\/www.iplay.com\/fr\/home-page-2\/\"},{\"@type\":\"ListItem\",\"position\":2,\"name\":\"Shop\",\"item\":\"https:\/\/www.iplay.com\/en\/shop\/\"},{\"@type\":\"ListItem\",\"position\":3,\"name\":\"Enchanted Kingdom: The Secret of the Golden Lamp Collector&#8217;s Edition\"}]},{\"@type\":\"WebSite\",\"@id\":\"https:\/\/www.iplay.com\/en\/#website\",\"url\":\"https:\/\/www.iplay.com\/en\/\",\"name\":\"IPlay\",\"description\":\"The Best Casual Games!\",\"publisher\":{\"@id\":\"https:\/\/www.iplay.com\/en\/#organization\"},\"potentialAction\":[{\"@type\":\"SearchAction\",\"target\":{\"@type\":\"EntryPoint\",\"urlTemplate\":\"https:\/\/www.iplay.com\/en\/?s={search_term_string}\"},\"query-input\":{\"@type\":\"PropertyValueSpecification\",\"valueRequired\":true,\"valueName\":\"search_term_string\"}}],\"inLanguage\":\"fr-FR\"},{\"@type\":\"Organization\",\"@id\":\"https:\/\/www.iplay.com\/en\/#organization\",\"name\":\"IPlay\",\"url\":\"https:\/\/www.iplay.com\/en\/\",\"logo\":{\"@type\":\"ImageObject\",\"inLanguage\":\"fr-FR\",\"@id\":\"https:\/\/www.iplay.com\/en\/#\/schema\/logo\/image\/\",\"url\":\"https:\/\/www.iplay.com\/wp-content\/uploads\/2023\/11\/Group-6100.svg\",\"contentUrl\":\"https:\/\/www.iplay.com\/wp-content\/uploads\/2023\/11\/Group-6100.svg\",\"width\":98,\"height\":25,\"caption\":\"IPlay\"},\"image\":{\"@id\":\"https:\/\/www.iplay.com\/en\/#\/schema\/logo\/image\/\"}}]}<\/script>\n<!-- \/ Yoast SEO Premium plugin. -->","yoast_head_json":{"title":"Enchanted Kingdom\u00a0: Le Secret de la Lampe d\u2019Or Edition Collector - Arr\u00eatez les ravages d\u2019un g\u00e9nie dans les Royaumes Enchant\u00e9s","description":"Dans Enchanted Kingdom&nbsp;: The Secret of the Golden Lamp CE, emp\u00eachez un g\u00e9nie de d\u00e9truire toute votre plan\u00e8te.","robots":{"index":"index","follow":"follow","max-snippet":"max-snippet:-1","max-image-preview":"max-image-preview:large","max-video-preview":"max-video-preview:-1"},"canonical":"https:\/\/www.iplay.com\/fr\/games\/enchanted-kingdom-the-secret-of-the-golden-lamp-collectors-edition\/","og_locale":"fr_FR","og_type":"article","og_title":"Enchanted Kingdom: The Secret of the Golden Lamp Collector's Edition","og_description":"Dans Enchanted Kingdom&nbsp;: The Secret of the Golden Lamp CE, emp\u00eachez un g\u00e9nie de d\u00e9truire toute votre plan\u00e8te.","og_url":"https:\/\/www.iplay.com\/fr\/games\/enchanted-kingdom-the-secret-of-the-golden-lamp-collectors-edition\/","og_site_name":"IPlay","og_image":[{"width":310,"height":310,"url":"https:\/\/www.iplay.com\/wp-content\/uploads\/2023\/12\/large_square_tile_image-2596.jpg","type":"image\/jpeg"}],"twitter_card":"summary_large_image","twitter_misc":{"Dur\u00e9e de lecture estim\u00e9e":"1 minute"},"schema":{"@context":"https:\/\/schema.org","@graph":[{"@type":"WebPage","@id":"https:\/\/www.iplay.com\/fr\/games\/enchanted-kingdom-the-secret-of-the-golden-lamp-collectors-edition\/","url":"https:\/\/www.iplay.com\/fr\/games\/enchanted-kingdom-the-secret-of-the-golden-lamp-collectors-edition\/","name":"Enchanted Kingdom\u00a0: Le Secret de la Lampe d\u2019Or Edition Collector - Arr\u00eatez les ravages d\u2019un g\u00e9nie dans les Royaumes Enchant\u00e9s","isPartOf":{"@id":"https:\/\/www.iplay.com\/en\/#website"},"primaryImageOfPage":{"@id":"https:\/\/www.iplay.com\/fr\/games\/enchanted-kingdom-the-secret-of-the-golden-lamp-collectors-edition\/#primaryimage"},"image":{"@id":"https:\/\/www.iplay.com\/fr\/games\/enchanted-kingdom-the-secret-of-the-golden-lamp-collectors-edition\/#primaryimage"},"thumbnailUrl":"https:\/\/www.iplay.com\/wp-content\/uploads\/2023\/12\/large_square_tile_image-2596.jpg","datePublished":"2020-11-27T00:00:00+00:00","description":"Dans Enchanted Kingdom&nbsp;: The Secret of the Golden Lamp CE, emp\u00eachez un g\u00e9nie de d\u00e9truire toute votre plan\u00e8te.","breadcrumb":{"@id":"https:\/\/www.iplay.com\/fr\/games\/enchanted-kingdom-the-secret-of-the-golden-lamp-collectors-edition\/#breadcrumb"},"inLanguage":"fr-FR","potentialAction":[{"@type":"ReadAction","target":["https:\/\/www.iplay.com\/fr\/games\/enchanted-kingdom-the-secret-of-the-golden-lamp-collectors-edition\/"]}]},{"@type":"ImageObject","inLanguage":"fr-FR","@id":"https:\/\/www.iplay.com\/fr\/games\/enchanted-kingdom-the-secret-of-the-golden-lamp-collectors-edition\/#primaryimage","url":"https:\/\/www.iplay.com\/wp-content\/uploads\/2023\/12\/large_square_tile_image-2596.jpg","contentUrl":"https:\/\/www.iplay.com\/wp-content\/uploads\/2023\/12\/large_square_tile_image-2596.jpg","width":310,"height":310},{"@type":"BreadcrumbList","@id":"https:\/\/www.iplay.com\/fr\/games\/enchanted-kingdom-the-secret-of-the-golden-lamp-collectors-edition\/#breadcrumb","itemListElement":[{"@type":"ListItem","position":1,"name":"Home","item":"https:\/\/www.iplay.com\/fr\/home-page-2\/"},{"@type":"ListItem","position":2,"name":"Shop","item":"https:\/\/www.iplay.com\/en\/shop\/"},{"@type":"ListItem","position":3,"name":"Enchanted Kingdom: The Secret of the Golden Lamp Collector&#8217;s Edition"}]},{"@type":"WebSite","@id":"https:\/\/www.iplay.com\/en\/#website","url":"https:\/\/www.iplay.com\/en\/","name":"IPlay","description":"The Best Casual Games!","publisher":{"@id":"https:\/\/www.iplay.com\/en\/#organization"},"potentialAction":[{"@type":"SearchAction","target":{"@type":"EntryPoint","urlTemplate":"https:\/\/www.iplay.com\/en\/?s={search_term_string}"},"query-input":{"@type":"PropertyValueSpecification","valueRequired":true,"valueName":"search_term_string"}}],"inLanguage":"fr-FR"},{"@type":"Organization","@id":"https:\/\/www.iplay.com\/en\/#organization","name":"IPlay","url":"https:\/\/www.iplay.com\/en\/","logo":{"@type":"ImageObject","inLanguage":"fr-FR","@id":"https:\/\/www.iplay.com\/en\/#\/schema\/logo\/image\/","url":"https:\/\/www.iplay.com\/wp-content\/uploads\/2023\/11\/Group-6100.svg","contentUrl":"https:\/\/www.iplay.com\/wp-content\/uploads\/2023\/11\/Group-6100.svg","width":98,"height":25,"caption":"IPlay"},"image":{"@id":"https:\/\/www.iplay.com\/en\/#\/schema\/logo\/image\/"}}]}},"_links":{"self":[{"href":"https:\/\/www.iplay.com\/fr\/wp-json\/wp\/v2\/product\/135024","targetHints":{"allow":["GET"]}}],"collection":[{"href":"https:\/\/www.iplay.com\/fr\/wp-json\/wp\/v2\/product"}],"about":[{"href":"https:\/\/www.iplay.com\/fr\/wp-json\/wp\/v2\/types\/product"}],"author":[{"embeddable":true,"href":"https:\/\/www.iplay.com\/fr\/wp-json\/wp\/v2\/users\/17"}],"replies":[{"embeddable":true,"href":"https:\/\/www.iplay.com\/fr\/wp-json\/wp\/v2\/comments?post=135024"}],"wp:featuredmedia":[{"embeddable":true,"href":"https:\/\/www.iplay.com\/fr\/wp-json\/wp\/v2\/media\/81442"}],"wp:attachment":[{"href":"https:\/\/www.iplay.com\/fr\/wp-json\/wp\/v2\/media?parent=135024"}],"wp:term":[{"taxonomy":"product_brand","embeddable":true,"href":"https:\/\/www.iplay.com\/fr\/wp-json\/wp\/v2\/product_brand?post=135024"},{"taxonomy":"product_cat","embeddable":true,"href":"https:\/\/www.iplay.com\/fr\/wp-json\/wp\/v2\/product_cat?post=135024"},{"taxonomy":"product_tag","embeddable":true,"href":"https:\/\/www.iplay.com\/fr\/wp-json\/wp\/v2\/product_tag?post=135024"}],"curies":[{"name":"wp","href":"https:\/\/api.w.org\/{rel}","templated":true}]}}