{"id":134930,"date":"2021-01-02T00:00:00","date_gmt":"2021-01-02T00:00:00","guid":{"rendered":"https:\/\/www.iplay.com\/games\/camelot-wrath-of-the-green-knight-collectors-edition\/"},"modified":"2021-01-02T00:00:00","modified_gmt":"2021-01-02T00:00:00","slug":"camelot-wrath-of-the-green-knight-collectors-edition","status":"publish","type":"product","link":"https:\/\/www.iplay.com\/fr\/games\/camelot-wrath-of-the-green-knight-collectors-edition\/","title":{"rendered":"Camelot: Wrath of the Green Knight: Collector&#8217;s Edition"},"content":{"rendered":"<p>Au-dessus de Camelot et du myst\u00e9rieux royaume du roi Arthur, des nuages mena\u00e7ants se profilent. En tant qu\u2019apprenti de Merlin, vous \u00eates charg\u00e9 de d\u00e9montrer que le roi Arthur n\u2019\u00e9tait pas en faute et \u00e9ventuellement d\u2019identifier le v\u00e9ritable auteur de cet enl\u00e8vement odieux. La Dame du Lac dispara\u00eet, et son mari, le Chevalier Vert, accuse le roi Arthur d\u2019\u00eatre \u00e0 bl\u00e2mer, mettant en danger la paix de Camelot pour tout le monde. Il est maintenant temps pour vous de d\u00e9montrer votre m\u00e9rite en tant que magicien de la cour. Pouvez-vous arr\u00eater le conflit et traquer le tra\u00eetre qui avait pr\u00e9vu de renverser le roi ?    <\/p>\n<p>&nbsp;<\/p>\n<p>&nbsp;<\/p>\n<p><strong>Fonctionnalit\u00e9s:<\/strong><\/p>\n<p>&nbsp;<\/p>\n<p>&#8211; Il y a des monstres dans le royaume de Camelot ! Vous devrez utiliser votre ruse et votre magie pour sauver la situation une fois de plus dans cette suite ! <\/p>\n<p>&#8211; De nouvelles sc\u00e8nes narratives et HOPA<\/p>\n<p>&#8211; De toutes nouvelles \u00e9nigmes et mini-jeux<\/p>\n<p>&#8211; Trouvez des objets de collection et des morphes<\/p>\n<p>&#8211; Images, fichiers audio, etc.<\/p>\n","protected":false},"excerpt":{"rendered":"<p>Dans Camelot&nbsp;: Wrath of the Green Knight &#8211; Collector\u2019s Edition, myst\u00e8re et intrigue vous attendent.<\/p>\n","protected":false},"author":196,"featured_media":81197,"comment_status":"open","ping_status":"closed","template":"","meta":{"_acf_changed":false,"inline_featured_image":false},"product_brand":[],"product_cat":[165],"product_tag":[287],"class_list":{"0":"post-134930","1":"product","2":"type-product","3":"status-publish","4":"has-post-thumbnail","6":"product_cat-hidden-object-fr","7":"product_tag-play-on-pc-fr","9":"first","10":"instock","11":"shipping-taxable","12":"purchasable","13":"product-type-simple"},"acf":[],"yoast_head":"<!-- This site is optimized with the Yoast SEO Premium plugin v25.2 (Yoast SEO v25.2) - https:\/\/yoast.com\/wordpress\/plugins\/seo\/ -->\n<title>Camelot\u00a0: La Col\u00e8re du Chevalier Vert\u00a0: \u00c9dition Collector - Le myst\u00e8re dans Camelot\u00a0: La Col\u00e8re du Chevalier Vert - CE<\/title>\n<meta name=\"description\" content=\"Dans Camelot&nbsp;: Wrath of the Green Knight - Collector\u2019s Edition, myst\u00e8re et intrigue vous attendent.\" \/>\n<meta name=\"robots\" content=\"index, follow, max-snippet:-1, max-image-preview:large, max-video-preview:-1\" \/>\n<link rel=\"canonical\" href=\"https:\/\/www.iplay.com\/fr\/games\/camelot-wrath-of-the-green-knight-collectors-edition\/\" \/>\n<meta property=\"og:locale\" content=\"fr_FR\" \/>\n<meta property=\"og:type\" content=\"article\" \/>\n<meta property=\"og:title\" content=\"Camelot: Wrath of the Green Knight: Collector&#039;s Edition\" \/>\n<meta property=\"og:description\" content=\"Dans Camelot&nbsp;: Wrath of the Green Knight - Collector\u2019s Edition, myst\u00e8re et intrigue vous attendent.\" \/>\n<meta property=\"og:url\" content=\"https:\/\/www.iplay.com\/fr\/games\/camelot-wrath-of-the-green-knight-collectors-edition\/\" \/>\n<meta property=\"og:site_name\" content=\"IPlay\" \/>\n<meta property=\"og:image\" content=\"https:\/\/www.iplay.com\/wp-content\/uploads\/2023\/12\/large_square_tile_image-2580.jpg\" \/>\n\t<meta property=\"og:image:width\" content=\"310\" \/>\n\t<meta property=\"og:image:height\" content=\"310\" \/>\n\t<meta property=\"og:image:type\" content=\"image\/jpeg\" \/>\n<meta name=\"twitter:card\" content=\"summary_large_image\" \/>\n<meta name=\"twitter:label1\" content=\"Dur\u00e9e de lecture estim\u00e9e\" \/>\n\t<meta name=\"twitter:data1\" content=\"1 minute\" \/>\n<script type=\"application\/ld+json\" class=\"yoast-schema-graph\">{\"@context\":\"https:\/\/schema.org\",\"@graph\":[{\"@type\":\"WebPage\",\"@id\":\"https:\/\/www.iplay.com\/fr\/games\/camelot-wrath-of-the-green-knight-collectors-edition\/\",\"url\":\"https:\/\/www.iplay.com\/fr\/games\/camelot-wrath-of-the-green-knight-collectors-edition\/\",\"name\":\"Camelot\u00a0: La Col\u00e8re du Chevalier Vert\u00a0: \u00c9dition Collector - Le myst\u00e8re dans Camelot\u00a0: La Col\u00e8re du Chevalier Vert - CE\",\"isPartOf\":{\"@id\":\"https:\/\/www.iplay.com\/en\/#website\"},\"primaryImageOfPage\":{\"@id\":\"https:\/\/www.iplay.com\/fr\/games\/camelot-wrath-of-the-green-knight-collectors-edition\/#primaryimage\"},\"image\":{\"@id\":\"https:\/\/www.iplay.com\/fr\/games\/camelot-wrath-of-the-green-knight-collectors-edition\/#primaryimage\"},\"thumbnailUrl\":\"https:\/\/www.iplay.com\/wp-content\/uploads\/2023\/12\/large_square_tile_image-2580.jpg\",\"datePublished\":\"2021-01-02T00:00:00+00:00\",\"description\":\"Dans Camelot&nbsp;: Wrath of the Green Knight - Collector\u2019s Edition, myst\u00e8re et intrigue vous attendent.\",\"breadcrumb\":{\"@id\":\"https:\/\/www.iplay.com\/fr\/games\/camelot-wrath-of-the-green-knight-collectors-edition\/#breadcrumb\"},\"inLanguage\":\"fr-FR\",\"potentialAction\":[{\"@type\":\"ReadAction\",\"target\":[\"https:\/\/www.iplay.com\/fr\/games\/camelot-wrath-of-the-green-knight-collectors-edition\/\"]}]},{\"@type\":\"ImageObject\",\"inLanguage\":\"fr-FR\",\"@id\":\"https:\/\/www.iplay.com\/fr\/games\/camelot-wrath-of-the-green-knight-collectors-edition\/#primaryimage\",\"url\":\"https:\/\/www.iplay.com\/wp-content\/uploads\/2023\/12\/large_square_tile_image-2580.jpg\",\"contentUrl\":\"https:\/\/www.iplay.com\/wp-content\/uploads\/2023\/12\/large_square_tile_image-2580.jpg\",\"width\":310,\"height\":310},{\"@type\":\"BreadcrumbList\",\"@id\":\"https:\/\/www.iplay.com\/fr\/games\/camelot-wrath-of-the-green-knight-collectors-edition\/#breadcrumb\",\"itemListElement\":[{\"@type\":\"ListItem\",\"position\":1,\"name\":\"Home\",\"item\":\"https:\/\/www.iplay.com\/fr\/home-page-2\/\"},{\"@type\":\"ListItem\",\"position\":2,\"name\":\"Shop\",\"item\":\"https:\/\/www.iplay.com\/en\/shop\/\"},{\"@type\":\"ListItem\",\"position\":3,\"name\":\"Camelot: Wrath of the Green Knight: Collector&#8217;s Edition\"}]},{\"@type\":\"WebSite\",\"@id\":\"https:\/\/www.iplay.com\/en\/#website\",\"url\":\"https:\/\/www.iplay.com\/en\/\",\"name\":\"IPlay\",\"description\":\"The Best Casual Games!\",\"publisher\":{\"@id\":\"https:\/\/www.iplay.com\/en\/#organization\"},\"potentialAction\":[{\"@type\":\"SearchAction\",\"target\":{\"@type\":\"EntryPoint\",\"urlTemplate\":\"https:\/\/www.iplay.com\/en\/?s={search_term_string}\"},\"query-input\":{\"@type\":\"PropertyValueSpecification\",\"valueRequired\":true,\"valueName\":\"search_term_string\"}}],\"inLanguage\":\"fr-FR\"},{\"@type\":\"Organization\",\"@id\":\"https:\/\/www.iplay.com\/en\/#organization\",\"name\":\"IPlay\",\"url\":\"https:\/\/www.iplay.com\/en\/\",\"logo\":{\"@type\":\"ImageObject\",\"inLanguage\":\"fr-FR\",\"@id\":\"https:\/\/www.iplay.com\/en\/#\/schema\/logo\/image\/\",\"url\":\"https:\/\/www.iplay.com\/wp-content\/uploads\/2023\/11\/Group-6100.svg\",\"contentUrl\":\"https:\/\/www.iplay.com\/wp-content\/uploads\/2023\/11\/Group-6100.svg\",\"width\":98,\"height\":25,\"caption\":\"IPlay\"},\"image\":{\"@id\":\"https:\/\/www.iplay.com\/en\/#\/schema\/logo\/image\/\"}}]}<\/script>\n<!-- \/ Yoast SEO Premium plugin. -->","yoast_head_json":{"title":"Camelot\u00a0: La Col\u00e8re du Chevalier Vert\u00a0: \u00c9dition Collector - Le myst\u00e8re dans Camelot\u00a0: La Col\u00e8re du Chevalier Vert - CE","description":"Dans Camelot&nbsp;: Wrath of the Green Knight - Collector\u2019s Edition, myst\u00e8re et intrigue vous attendent.","robots":{"index":"index","follow":"follow","max-snippet":"max-snippet:-1","max-image-preview":"max-image-preview:large","max-video-preview":"max-video-preview:-1"},"canonical":"https:\/\/www.iplay.com\/fr\/games\/camelot-wrath-of-the-green-knight-collectors-edition\/","og_locale":"fr_FR","og_type":"article","og_title":"Camelot: Wrath of the Green Knight: Collector's Edition","og_description":"Dans Camelot&nbsp;: Wrath of the Green Knight - Collector\u2019s Edition, myst\u00e8re et intrigue vous attendent.","og_url":"https:\/\/www.iplay.com\/fr\/games\/camelot-wrath-of-the-green-knight-collectors-edition\/","og_site_name":"IPlay","og_image":[{"width":310,"height":310,"url":"https:\/\/www.iplay.com\/wp-content\/uploads\/2023\/12\/large_square_tile_image-2580.jpg","type":"image\/jpeg"}],"twitter_card":"summary_large_image","twitter_misc":{"Dur\u00e9e de lecture estim\u00e9e":"1 minute"},"schema":{"@context":"https:\/\/schema.org","@graph":[{"@type":"WebPage","@id":"https:\/\/www.iplay.com\/fr\/games\/camelot-wrath-of-the-green-knight-collectors-edition\/","url":"https:\/\/www.iplay.com\/fr\/games\/camelot-wrath-of-the-green-knight-collectors-edition\/","name":"Camelot\u00a0: La Col\u00e8re du Chevalier Vert\u00a0: \u00c9dition Collector - Le myst\u00e8re dans Camelot\u00a0: La Col\u00e8re du Chevalier Vert - CE","isPartOf":{"@id":"https:\/\/www.iplay.com\/en\/#website"},"primaryImageOfPage":{"@id":"https:\/\/www.iplay.com\/fr\/games\/camelot-wrath-of-the-green-knight-collectors-edition\/#primaryimage"},"image":{"@id":"https:\/\/www.iplay.com\/fr\/games\/camelot-wrath-of-the-green-knight-collectors-edition\/#primaryimage"},"thumbnailUrl":"https:\/\/www.iplay.com\/wp-content\/uploads\/2023\/12\/large_square_tile_image-2580.jpg","datePublished":"2021-01-02T00:00:00+00:00","description":"Dans Camelot&nbsp;: Wrath of the Green Knight - Collector\u2019s Edition, myst\u00e8re et intrigue vous attendent.","breadcrumb":{"@id":"https:\/\/www.iplay.com\/fr\/games\/camelot-wrath-of-the-green-knight-collectors-edition\/#breadcrumb"},"inLanguage":"fr-FR","potentialAction":[{"@type":"ReadAction","target":["https:\/\/www.iplay.com\/fr\/games\/camelot-wrath-of-the-green-knight-collectors-edition\/"]}]},{"@type":"ImageObject","inLanguage":"fr-FR","@id":"https:\/\/www.iplay.com\/fr\/games\/camelot-wrath-of-the-green-knight-collectors-edition\/#primaryimage","url":"https:\/\/www.iplay.com\/wp-content\/uploads\/2023\/12\/large_square_tile_image-2580.jpg","contentUrl":"https:\/\/www.iplay.com\/wp-content\/uploads\/2023\/12\/large_square_tile_image-2580.jpg","width":310,"height":310},{"@type":"BreadcrumbList","@id":"https:\/\/www.iplay.com\/fr\/games\/camelot-wrath-of-the-green-knight-collectors-edition\/#breadcrumb","itemListElement":[{"@type":"ListItem","position":1,"name":"Home","item":"https:\/\/www.iplay.com\/fr\/home-page-2\/"},{"@type":"ListItem","position":2,"name":"Shop","item":"https:\/\/www.iplay.com\/en\/shop\/"},{"@type":"ListItem","position":3,"name":"Camelot: Wrath of the Green Knight: Collector&#8217;s Edition"}]},{"@type":"WebSite","@id":"https:\/\/www.iplay.com\/en\/#website","url":"https:\/\/www.iplay.com\/en\/","name":"IPlay","description":"The Best Casual Games!","publisher":{"@id":"https:\/\/www.iplay.com\/en\/#organization"},"potentialAction":[{"@type":"SearchAction","target":{"@type":"EntryPoint","urlTemplate":"https:\/\/www.iplay.com\/en\/?s={search_term_string}"},"query-input":{"@type":"PropertyValueSpecification","valueRequired":true,"valueName":"search_term_string"}}],"inLanguage":"fr-FR"},{"@type":"Organization","@id":"https:\/\/www.iplay.com\/en\/#organization","name":"IPlay","url":"https:\/\/www.iplay.com\/en\/","logo":{"@type":"ImageObject","inLanguage":"fr-FR","@id":"https:\/\/www.iplay.com\/en\/#\/schema\/logo\/image\/","url":"https:\/\/www.iplay.com\/wp-content\/uploads\/2023\/11\/Group-6100.svg","contentUrl":"https:\/\/www.iplay.com\/wp-content\/uploads\/2023\/11\/Group-6100.svg","width":98,"height":25,"caption":"IPlay"},"image":{"@id":"https:\/\/www.iplay.com\/en\/#\/schema\/logo\/image\/"}}]}},"_links":{"self":[{"href":"https:\/\/www.iplay.com\/fr\/wp-json\/wp\/v2\/product\/134930","targetHints":{"allow":["GET"]}}],"collection":[{"href":"https:\/\/www.iplay.com\/fr\/wp-json\/wp\/v2\/product"}],"about":[{"href":"https:\/\/www.iplay.com\/fr\/wp-json\/wp\/v2\/types\/product"}],"author":[{"embeddable":true,"href":"https:\/\/www.iplay.com\/fr\/wp-json\/wp\/v2\/users\/196"}],"replies":[{"embeddable":true,"href":"https:\/\/www.iplay.com\/fr\/wp-json\/wp\/v2\/comments?post=134930"}],"wp:featuredmedia":[{"embeddable":true,"href":"https:\/\/www.iplay.com\/fr\/wp-json\/wp\/v2\/media\/81197"}],"wp:attachment":[{"href":"https:\/\/www.iplay.com\/fr\/wp-json\/wp\/v2\/media?parent=134930"}],"wp:term":[{"taxonomy":"product_brand","embeddable":true,"href":"https:\/\/www.iplay.com\/fr\/wp-json\/wp\/v2\/product_brand?post=134930"},{"taxonomy":"product_cat","embeddable":true,"href":"https:\/\/www.iplay.com\/fr\/wp-json\/wp\/v2\/product_cat?post=134930"},{"taxonomy":"product_tag","embeddable":true,"href":"https:\/\/www.iplay.com\/fr\/wp-json\/wp\/v2\/product_tag?post=134930"}],"curies":[{"name":"wp","href":"https:\/\/api.w.org\/{rel}","templated":true}]}}