{"id":134908,"date":"2021-06-20T00:00:00","date_gmt":"2021-06-20T00:00:00","guid":{"rendered":"https:\/\/www.iplay.com\/games\/mystery-case-files-crossfade-collectors-edition\/"},"modified":"2021-06-20T00:00:00","modified_gmt":"2021-06-20T00:00:00","slug":"mystery-case-files-crossfade-collectors-edition","status":"publish","type":"product","link":"https:\/\/www.iplay.com\/fr\/games\/mystery-case-files-crossfade-collectors-edition\/","title":{"rendered":"Mystery Case Files: Crossfade Collector&#8217;s Edition"},"content":{"rendered":"<p>Dans cette suite passionnante de Mystery Case Files&nbsp;: The Harbinger, remettez-vous dans la peau du ma\u00eetre d\u00e9tective. Pour faire amende honorable, revenez en arri\u00e8re et passez en revue les \u00e9v\u00e9nements importants de cas ant\u00e9rieurs. Aidez le Master Detective \u00e0 restaurer une chronologie bris\u00e9e et \u00e0 sauver la vie telle que nous la connaissons. Vous affronterez des antagonistes reconnaissables, rattraperez d\u2019anciens alli\u00e9s et d\u00e9couvrirez des issues possibles. Qui sait ce que l\u2019avenir nous r\u00e9serve une fois que tout sera dit et fait ? Ce n\u2019est qu\u2019une question de temps avant que vous appreniez ! Rejoignez la bataille pour sauver les chronologies dans ce nouveau chapitre passionnant de la s\u00e9rie tr\u00e8s appr\u00e9ci\u00e9e Hidden-Object Puzzle Adventure !      <\/p>\n<p>&nbsp;<\/p>\n<p>&nbsp;<\/p>\n<p><strong>Fonctionnalit\u00e9s:<\/strong><\/p>\n<p>&nbsp;<\/p>\n<p>&#8211; Affrontez un ennemi l\u00e9gendaire et recevez un alli\u00e9 inattendu du destin !<\/p>\n<p>&#8211; Rejouez \u00e0 vos mini-jeux et HOPS pr\u00e9f\u00e9r\u00e9s pour d\u00e9bloquer plusieurs succ\u00e8s exclusifs !<\/p>\n<p>&#8211; Trouvez des preuves cach\u00e9es ou changeantes, ainsi que des pi\u00e8ces de puzzle qui peuvent \u00eatre collect\u00e9es !<\/p>\n<p>&#8211; Profitez d\u2019illustrations conceptuelles exclusives, d\u2019\u00e9conomiseurs d\u2019\u00e9cran, de fonds d\u2019\u00e9cran, de bandes sonores, de puzzles et bien plus encore !<\/p>\n<p>&#8211; \u00c9vitez de vous perdre en utilisant le guide de strat\u00e9gie !<\/p>\n","protected":false},"excerpt":{"rendered":"<p>Le passage du temps est le plus grand obstacle auquel le Master D\u00e9tective est confront\u00e9 ! Dans le Crossfade CE MCF <\/p>\n","protected":false},"author":17,"featured_media":79848,"comment_status":"open","ping_status":"closed","template":"","meta":{"_acf_changed":false,"inline_featured_image":false},"product_brand":[],"product_cat":[165],"product_tag":[287],"class_list":{"0":"post-134908","1":"product","2":"type-product","3":"status-publish","4":"has-post-thumbnail","6":"product_cat-hidden-object-fr","7":"product_tag-play-on-pc-fr","9":"first","10":"instock","11":"shipping-taxable","12":"purchasable","13":"product-type-simple"},"acf":[],"yoast_head":"<!-- This site is optimized with the Yoast SEO Premium plugin v25.2 (Yoast SEO v25.2) - https:\/\/yoast.com\/wordpress\/plugins\/seo\/ -->\n<title>Mystery Case Files\u00a0: Crossfade \u00c9dition Collector - Master Detective fait face au temps lui-m\u00eame dans MCF - Crossfade CE<\/title>\n<meta name=\"description\" content=\"Le passage du temps est le plus grand obstacle auquel le Master D\u00e9tective est confront\u00e9 ! Dans le Crossfade CE MCF\" \/>\n<meta name=\"robots\" content=\"index, follow, max-snippet:-1, max-image-preview:large, max-video-preview:-1\" \/>\n<link rel=\"canonical\" href=\"https:\/\/www.iplay.com\/fr\/games\/mystery-case-files-crossfade-collectors-edition\/\" \/>\n<meta property=\"og:locale\" content=\"fr_FR\" \/>\n<meta property=\"og:type\" content=\"article\" \/>\n<meta property=\"og:title\" content=\"Mystery Case Files: Crossfade Collector&#039;s Edition\" \/>\n<meta property=\"og:description\" content=\"Le passage du temps est le plus grand obstacle auquel le Master D\u00e9tective est confront\u00e9 ! Dans le Crossfade CE MCF\" \/>\n<meta property=\"og:url\" content=\"https:\/\/www.iplay.com\/fr\/games\/mystery-case-files-crossfade-collectors-edition\/\" \/>\n<meta property=\"og:site_name\" content=\"IPlay\" \/>\n<meta property=\"og:image\" content=\"https:\/\/www.iplay.com\/wp-content\/uploads\/2023\/12\/large_square_tile_image-2492.jpg\" \/>\n\t<meta property=\"og:image:width\" content=\"310\" \/>\n\t<meta property=\"og:image:height\" content=\"310\" \/>\n\t<meta property=\"og:image:type\" content=\"image\/jpeg\" \/>\n<meta name=\"twitter:card\" content=\"summary_large_image\" \/>\n<meta name=\"twitter:label1\" content=\"Dur\u00e9e de lecture estim\u00e9e\" \/>\n\t<meta name=\"twitter:data1\" content=\"1 minute\" \/>\n<script type=\"application\/ld+json\" class=\"yoast-schema-graph\">{\"@context\":\"https:\/\/schema.org\",\"@graph\":[{\"@type\":\"WebPage\",\"@id\":\"https:\/\/www.iplay.com\/fr\/games\/mystery-case-files-crossfade-collectors-edition\/\",\"url\":\"https:\/\/www.iplay.com\/fr\/games\/mystery-case-files-crossfade-collectors-edition\/\",\"name\":\"Mystery Case Files\u00a0: Crossfade \u00c9dition Collector - Master Detective fait face au temps lui-m\u00eame dans MCF - Crossfade CE\",\"isPartOf\":{\"@id\":\"https:\/\/www.iplay.com\/en\/#website\"},\"primaryImageOfPage\":{\"@id\":\"https:\/\/www.iplay.com\/fr\/games\/mystery-case-files-crossfade-collectors-edition\/#primaryimage\"},\"image\":{\"@id\":\"https:\/\/www.iplay.com\/fr\/games\/mystery-case-files-crossfade-collectors-edition\/#primaryimage\"},\"thumbnailUrl\":\"https:\/\/www.iplay.com\/wp-content\/uploads\/2023\/12\/large_square_tile_image-2492.jpg\",\"datePublished\":\"2021-06-20T00:00:00+00:00\",\"description\":\"Le passage du temps est le plus grand obstacle auquel le Master D\u00e9tective est confront\u00e9 ! Dans le Crossfade CE MCF\",\"breadcrumb\":{\"@id\":\"https:\/\/www.iplay.com\/fr\/games\/mystery-case-files-crossfade-collectors-edition\/#breadcrumb\"},\"inLanguage\":\"fr-FR\",\"potentialAction\":[{\"@type\":\"ReadAction\",\"target\":[\"https:\/\/www.iplay.com\/fr\/games\/mystery-case-files-crossfade-collectors-edition\/\"]}]},{\"@type\":\"ImageObject\",\"inLanguage\":\"fr-FR\",\"@id\":\"https:\/\/www.iplay.com\/fr\/games\/mystery-case-files-crossfade-collectors-edition\/#primaryimage\",\"url\":\"https:\/\/www.iplay.com\/wp-content\/uploads\/2023\/12\/large_square_tile_image-2492.jpg\",\"contentUrl\":\"https:\/\/www.iplay.com\/wp-content\/uploads\/2023\/12\/large_square_tile_image-2492.jpg\",\"width\":310,\"height\":310},{\"@type\":\"BreadcrumbList\",\"@id\":\"https:\/\/www.iplay.com\/fr\/games\/mystery-case-files-crossfade-collectors-edition\/#breadcrumb\",\"itemListElement\":[{\"@type\":\"ListItem\",\"position\":1,\"name\":\"Home\",\"item\":\"https:\/\/www.iplay.com\/fr\/home-page-2\/\"},{\"@type\":\"ListItem\",\"position\":2,\"name\":\"Shop\",\"item\":\"https:\/\/www.iplay.com\/en\/shop\/\"},{\"@type\":\"ListItem\",\"position\":3,\"name\":\"Mystery Case Files: Crossfade Collector&#8217;s Edition\"}]},{\"@type\":\"WebSite\",\"@id\":\"https:\/\/www.iplay.com\/en\/#website\",\"url\":\"https:\/\/www.iplay.com\/en\/\",\"name\":\"IPlay\",\"description\":\"The Best Casual Games!\",\"publisher\":{\"@id\":\"https:\/\/www.iplay.com\/en\/#organization\"},\"potentialAction\":[{\"@type\":\"SearchAction\",\"target\":{\"@type\":\"EntryPoint\",\"urlTemplate\":\"https:\/\/www.iplay.com\/en\/?s={search_term_string}\"},\"query-input\":{\"@type\":\"PropertyValueSpecification\",\"valueRequired\":true,\"valueName\":\"search_term_string\"}}],\"inLanguage\":\"fr-FR\"},{\"@type\":\"Organization\",\"@id\":\"https:\/\/www.iplay.com\/en\/#organization\",\"name\":\"IPlay\",\"url\":\"https:\/\/www.iplay.com\/en\/\",\"logo\":{\"@type\":\"ImageObject\",\"inLanguage\":\"fr-FR\",\"@id\":\"https:\/\/www.iplay.com\/en\/#\/schema\/logo\/image\/\",\"url\":\"https:\/\/www.iplay.com\/wp-content\/uploads\/2023\/11\/Group-6100.svg\",\"contentUrl\":\"https:\/\/www.iplay.com\/wp-content\/uploads\/2023\/11\/Group-6100.svg\",\"width\":98,\"height\":25,\"caption\":\"IPlay\"},\"image\":{\"@id\":\"https:\/\/www.iplay.com\/en\/#\/schema\/logo\/image\/\"}}]}<\/script>\n<!-- \/ Yoast SEO Premium plugin. -->","yoast_head_json":{"title":"Mystery Case Files\u00a0: Crossfade \u00c9dition Collector - Master Detective fait face au temps lui-m\u00eame dans MCF - Crossfade CE","description":"Le passage du temps est le plus grand obstacle auquel le Master D\u00e9tective est confront\u00e9 ! Dans le Crossfade CE MCF","robots":{"index":"index","follow":"follow","max-snippet":"max-snippet:-1","max-image-preview":"max-image-preview:large","max-video-preview":"max-video-preview:-1"},"canonical":"https:\/\/www.iplay.com\/fr\/games\/mystery-case-files-crossfade-collectors-edition\/","og_locale":"fr_FR","og_type":"article","og_title":"Mystery Case Files: Crossfade Collector's Edition","og_description":"Le passage du temps est le plus grand obstacle auquel le Master D\u00e9tective est confront\u00e9 ! Dans le Crossfade CE MCF","og_url":"https:\/\/www.iplay.com\/fr\/games\/mystery-case-files-crossfade-collectors-edition\/","og_site_name":"IPlay","og_image":[{"width":310,"height":310,"url":"https:\/\/www.iplay.com\/wp-content\/uploads\/2023\/12\/large_square_tile_image-2492.jpg","type":"image\/jpeg"}],"twitter_card":"summary_large_image","twitter_misc":{"Dur\u00e9e de lecture estim\u00e9e":"1 minute"},"schema":{"@context":"https:\/\/schema.org","@graph":[{"@type":"WebPage","@id":"https:\/\/www.iplay.com\/fr\/games\/mystery-case-files-crossfade-collectors-edition\/","url":"https:\/\/www.iplay.com\/fr\/games\/mystery-case-files-crossfade-collectors-edition\/","name":"Mystery Case Files\u00a0: Crossfade \u00c9dition Collector - Master Detective fait face au temps lui-m\u00eame dans MCF - Crossfade CE","isPartOf":{"@id":"https:\/\/www.iplay.com\/en\/#website"},"primaryImageOfPage":{"@id":"https:\/\/www.iplay.com\/fr\/games\/mystery-case-files-crossfade-collectors-edition\/#primaryimage"},"image":{"@id":"https:\/\/www.iplay.com\/fr\/games\/mystery-case-files-crossfade-collectors-edition\/#primaryimage"},"thumbnailUrl":"https:\/\/www.iplay.com\/wp-content\/uploads\/2023\/12\/large_square_tile_image-2492.jpg","datePublished":"2021-06-20T00:00:00+00:00","description":"Le passage du temps est le plus grand obstacle auquel le Master D\u00e9tective est confront\u00e9 ! Dans le Crossfade CE MCF","breadcrumb":{"@id":"https:\/\/www.iplay.com\/fr\/games\/mystery-case-files-crossfade-collectors-edition\/#breadcrumb"},"inLanguage":"fr-FR","potentialAction":[{"@type":"ReadAction","target":["https:\/\/www.iplay.com\/fr\/games\/mystery-case-files-crossfade-collectors-edition\/"]}]},{"@type":"ImageObject","inLanguage":"fr-FR","@id":"https:\/\/www.iplay.com\/fr\/games\/mystery-case-files-crossfade-collectors-edition\/#primaryimage","url":"https:\/\/www.iplay.com\/wp-content\/uploads\/2023\/12\/large_square_tile_image-2492.jpg","contentUrl":"https:\/\/www.iplay.com\/wp-content\/uploads\/2023\/12\/large_square_tile_image-2492.jpg","width":310,"height":310},{"@type":"BreadcrumbList","@id":"https:\/\/www.iplay.com\/fr\/games\/mystery-case-files-crossfade-collectors-edition\/#breadcrumb","itemListElement":[{"@type":"ListItem","position":1,"name":"Home","item":"https:\/\/www.iplay.com\/fr\/home-page-2\/"},{"@type":"ListItem","position":2,"name":"Shop","item":"https:\/\/www.iplay.com\/en\/shop\/"},{"@type":"ListItem","position":3,"name":"Mystery Case Files: Crossfade Collector&#8217;s Edition"}]},{"@type":"WebSite","@id":"https:\/\/www.iplay.com\/en\/#website","url":"https:\/\/www.iplay.com\/en\/","name":"IPlay","description":"The Best Casual Games!","publisher":{"@id":"https:\/\/www.iplay.com\/en\/#organization"},"potentialAction":[{"@type":"SearchAction","target":{"@type":"EntryPoint","urlTemplate":"https:\/\/www.iplay.com\/en\/?s={search_term_string}"},"query-input":{"@type":"PropertyValueSpecification","valueRequired":true,"valueName":"search_term_string"}}],"inLanguage":"fr-FR"},{"@type":"Organization","@id":"https:\/\/www.iplay.com\/en\/#organization","name":"IPlay","url":"https:\/\/www.iplay.com\/en\/","logo":{"@type":"ImageObject","inLanguage":"fr-FR","@id":"https:\/\/www.iplay.com\/en\/#\/schema\/logo\/image\/","url":"https:\/\/www.iplay.com\/wp-content\/uploads\/2023\/11\/Group-6100.svg","contentUrl":"https:\/\/www.iplay.com\/wp-content\/uploads\/2023\/11\/Group-6100.svg","width":98,"height":25,"caption":"IPlay"},"image":{"@id":"https:\/\/www.iplay.com\/en\/#\/schema\/logo\/image\/"}}]}},"_links":{"self":[{"href":"https:\/\/www.iplay.com\/fr\/wp-json\/wp\/v2\/product\/134908","targetHints":{"allow":["GET"]}}],"collection":[{"href":"https:\/\/www.iplay.com\/fr\/wp-json\/wp\/v2\/product"}],"about":[{"href":"https:\/\/www.iplay.com\/fr\/wp-json\/wp\/v2\/types\/product"}],"author":[{"embeddable":true,"href":"https:\/\/www.iplay.com\/fr\/wp-json\/wp\/v2\/users\/17"}],"replies":[{"embeddable":true,"href":"https:\/\/www.iplay.com\/fr\/wp-json\/wp\/v2\/comments?post=134908"}],"wp:featuredmedia":[{"embeddable":true,"href":"https:\/\/www.iplay.com\/fr\/wp-json\/wp\/v2\/media\/79848"}],"wp:attachment":[{"href":"https:\/\/www.iplay.com\/fr\/wp-json\/wp\/v2\/media?parent=134908"}],"wp:term":[{"taxonomy":"product_brand","embeddable":true,"href":"https:\/\/www.iplay.com\/fr\/wp-json\/wp\/v2\/product_brand?post=134908"},{"taxonomy":"product_cat","embeddable":true,"href":"https:\/\/www.iplay.com\/fr\/wp-json\/wp\/v2\/product_cat?post=134908"},{"taxonomy":"product_tag","embeddable":true,"href":"https:\/\/www.iplay.com\/fr\/wp-json\/wp\/v2\/product_tag?post=134908"}],"curies":[{"name":"wp","href":"https:\/\/api.w.org\/{rel}","templated":true}]}}