{"id":134904,"date":"2021-07-26T00:00:00","date_gmt":"2021-07-26T00:00:00","guid":{"rendered":"https:\/\/www.iplay.com\/games\/namariel-legends-iron-lord-collectors-edition\/"},"modified":"2021-07-26T00:00:00","modified_gmt":"2021-07-26T00:00:00","slug":"namariel-legends-iron-lord-collectors-edition","status":"publish","type":"product","link":"https:\/\/www.iplay.com\/fr\/games\/namariel-legends-iron-lord-collectors-edition\/","title":{"rendered":"Namariel Legends: Iron Lord Collector&#8217;s Edition"},"content":{"rendered":"<p>Le terrible Seigneur de Fer a d\u00e9barqu\u00e9 sur la riche nation de Namariel. Et il l\u2019a rapidement subjugu\u00e9 avec l\u2019aide d\u2019une l\u00e9gion de guerriers m\u00e9canis\u00e9s. C\u2019est \u00e0 vous d\u2019affronter le seigneur mal\u00e9fique et d\u2019\u00e9liminer la source d\u2019\u00e9nergie du Seigneur de Fer. Si vous \u00eates pr\u00eat \u00e0 relever le d\u00e9fi, vous vous retrouverez \u00e0 \u00e9merger dans un univers fantastique unique plein d\u2019aventures passionnantes, de v\u00e9ritable courage et d\u2019une plan\u00e8te fascinante !   <\/p>\n<p>&nbsp;<\/p>\n<p>&nbsp;<\/p>\n<p><strong>Caract\u00e9ristiques de l\u2019\u00e9dition collector :<\/strong><\/p>\n<p>&nbsp;<\/p>\n<p>&#8211; Treize lieux suppl\u00e9mentaires<\/p>\n<p>-Suivez le r\u00e9cit passionnant<\/p>\n<p>&#8211; Visitez 50 lieux de jeu diff\u00e9rents<\/p>\n<p>&#8211; Faites connaissance avec 15 personnalit\u00e9s fascinantes en 3D-Prenez plaisir dans 25 mini-jeux<\/p>\n","protected":false},"excerpt":{"rendered":"<p>\u00c9vadez-vous de prison, arrivez \u00e0 la base de la forteresse du Seigneur de Fer et percez le myst\u00e8re autour de sa force !<\/p>\n","protected":false},"author":27,"featured_media":54901,"comment_status":"open","ping_status":"closed","template":"","meta":{"_acf_changed":false,"inline_featured_image":false},"product_brand":[],"product_cat":[165],"product_tag":[287],"class_list":{"0":"post-134904","1":"product","2":"type-product","3":"status-publish","4":"has-post-thumbnail","6":"product_cat-hidden-object-fr","7":"product_tag-play-on-pc-fr","9":"first","10":"instock","11":"shipping-taxable","12":"purchasable","13":"product-type-simple"},"acf":[],"yoast_head":"<!-- This site is optimized with the Yoast SEO Premium plugin v25.2 (Yoast SEO v25.2) - https:\/\/yoast.com\/wordpress\/plugins\/seo\/ -->\n<title>Namariel Legends\u00a0: Le Seigneur de Fer Edition Collector - \u00c9vadez-vous de prison, atteignez la forteresse du Seigneur de Fer, r\u00e9solvez son myst\u00e8re<\/title>\n<meta name=\"description\" content=\"\u00c9vadez-vous de prison, arrivez \u00e0 la base de la forteresse du Seigneur de Fer et percez le myst\u00e8re autour de sa force !\" \/>\n<meta name=\"robots\" content=\"index, follow, max-snippet:-1, max-image-preview:large, max-video-preview:-1\" \/>\n<link rel=\"canonical\" href=\"https:\/\/www.iplay.com\/fr\/games\/namariel-legends-iron-lord-collectors-edition\/\" \/>\n<meta property=\"og:locale\" content=\"fr_FR\" \/>\n<meta property=\"og:type\" content=\"article\" \/>\n<meta property=\"og:title\" content=\"Namariel Legends: Iron Lord Collector&#039;s Edition\" \/>\n<meta property=\"og:description\" content=\"\u00c9vadez-vous de prison, arrivez \u00e0 la base de la forteresse du Seigneur de Fer et percez le myst\u00e8re autour de sa force !\" \/>\n<meta property=\"og:url\" content=\"https:\/\/www.iplay.com\/fr\/games\/namariel-legends-iron-lord-collectors-edition\/\" \/>\n<meta property=\"og:site_name\" content=\"IPlay\" \/>\n<meta property=\"og:image\" content=\"https:\/\/www.iplay.com\/wp-content\/uploads\/2023\/12\/large_square_tile_image-902.jpg\" \/>\n\t<meta property=\"og:image:width\" content=\"310\" \/>\n\t<meta property=\"og:image:height\" content=\"310\" \/>\n\t<meta property=\"og:image:type\" content=\"image\/jpeg\" \/>\n<meta name=\"twitter:card\" content=\"summary_large_image\" \/>\n<meta name=\"twitter:label1\" content=\"Dur\u00e9e de lecture estim\u00e9e\" \/>\n\t<meta name=\"twitter:data1\" content=\"1 minute\" \/>\n<script type=\"application\/ld+json\" class=\"yoast-schema-graph\">{\"@context\":\"https:\/\/schema.org\",\"@graph\":[{\"@type\":\"WebPage\",\"@id\":\"https:\/\/www.iplay.com\/fr\/games\/namariel-legends-iron-lord-collectors-edition\/\",\"url\":\"https:\/\/www.iplay.com\/fr\/games\/namariel-legends-iron-lord-collectors-edition\/\",\"name\":\"Namariel Legends\u00a0: Le Seigneur de Fer Edition Collector - \u00c9vadez-vous de prison, atteignez la forteresse du Seigneur de Fer, r\u00e9solvez son myst\u00e8re\",\"isPartOf\":{\"@id\":\"https:\/\/www.iplay.com\/en\/#website\"},\"primaryImageOfPage\":{\"@id\":\"https:\/\/www.iplay.com\/fr\/games\/namariel-legends-iron-lord-collectors-edition\/#primaryimage\"},\"image\":{\"@id\":\"https:\/\/www.iplay.com\/fr\/games\/namariel-legends-iron-lord-collectors-edition\/#primaryimage\"},\"thumbnailUrl\":\"https:\/\/www.iplay.com\/wp-content\/uploads\/2023\/12\/large_square_tile_image-902.jpg\",\"datePublished\":\"2021-07-26T00:00:00+00:00\",\"description\":\"\u00c9vadez-vous de prison, arrivez \u00e0 la base de la forteresse du Seigneur de Fer et percez le myst\u00e8re autour de sa force !\",\"breadcrumb\":{\"@id\":\"https:\/\/www.iplay.com\/fr\/games\/namariel-legends-iron-lord-collectors-edition\/#breadcrumb\"},\"inLanguage\":\"fr-FR\",\"potentialAction\":[{\"@type\":\"ReadAction\",\"target\":[\"https:\/\/www.iplay.com\/fr\/games\/namariel-legends-iron-lord-collectors-edition\/\"]}]},{\"@type\":\"ImageObject\",\"inLanguage\":\"fr-FR\",\"@id\":\"https:\/\/www.iplay.com\/fr\/games\/namariel-legends-iron-lord-collectors-edition\/#primaryimage\",\"url\":\"https:\/\/www.iplay.com\/wp-content\/uploads\/2023\/12\/large_square_tile_image-902.jpg\",\"contentUrl\":\"https:\/\/www.iplay.com\/wp-content\/uploads\/2023\/12\/large_square_tile_image-902.jpg\",\"width\":310,\"height\":310},{\"@type\":\"BreadcrumbList\",\"@id\":\"https:\/\/www.iplay.com\/fr\/games\/namariel-legends-iron-lord-collectors-edition\/#breadcrumb\",\"itemListElement\":[{\"@type\":\"ListItem\",\"position\":1,\"name\":\"Home\",\"item\":\"https:\/\/www.iplay.com\/fr\/home-page-2\/\"},{\"@type\":\"ListItem\",\"position\":2,\"name\":\"Shop\",\"item\":\"https:\/\/www.iplay.com\/en\/shop\/\"},{\"@type\":\"ListItem\",\"position\":3,\"name\":\"Namariel Legends: Iron Lord Collector&#8217;s Edition\"}]},{\"@type\":\"WebSite\",\"@id\":\"https:\/\/www.iplay.com\/en\/#website\",\"url\":\"https:\/\/www.iplay.com\/en\/\",\"name\":\"IPlay\",\"description\":\"The Best Casual Games!\",\"publisher\":{\"@id\":\"https:\/\/www.iplay.com\/en\/#organization\"},\"potentialAction\":[{\"@type\":\"SearchAction\",\"target\":{\"@type\":\"EntryPoint\",\"urlTemplate\":\"https:\/\/www.iplay.com\/en\/?s={search_term_string}\"},\"query-input\":{\"@type\":\"PropertyValueSpecification\",\"valueRequired\":true,\"valueName\":\"search_term_string\"}}],\"inLanguage\":\"fr-FR\"},{\"@type\":\"Organization\",\"@id\":\"https:\/\/www.iplay.com\/en\/#organization\",\"name\":\"IPlay\",\"url\":\"https:\/\/www.iplay.com\/en\/\",\"logo\":{\"@type\":\"ImageObject\",\"inLanguage\":\"fr-FR\",\"@id\":\"https:\/\/www.iplay.com\/en\/#\/schema\/logo\/image\/\",\"url\":\"https:\/\/www.iplay.com\/wp-content\/uploads\/2023\/11\/Group-6100.svg\",\"contentUrl\":\"https:\/\/www.iplay.com\/wp-content\/uploads\/2023\/11\/Group-6100.svg\",\"width\":98,\"height\":25,\"caption\":\"IPlay\"},\"image\":{\"@id\":\"https:\/\/www.iplay.com\/en\/#\/schema\/logo\/image\/\"}}]}<\/script>\n<!-- \/ Yoast SEO Premium plugin. -->","yoast_head_json":{"title":"Namariel Legends\u00a0: Le Seigneur de Fer Edition Collector - \u00c9vadez-vous de prison, atteignez la forteresse du Seigneur de Fer, r\u00e9solvez son myst\u00e8re","description":"\u00c9vadez-vous de prison, arrivez \u00e0 la base de la forteresse du Seigneur de Fer et percez le myst\u00e8re autour de sa force !","robots":{"index":"index","follow":"follow","max-snippet":"max-snippet:-1","max-image-preview":"max-image-preview:large","max-video-preview":"max-video-preview:-1"},"canonical":"https:\/\/www.iplay.com\/fr\/games\/namariel-legends-iron-lord-collectors-edition\/","og_locale":"fr_FR","og_type":"article","og_title":"Namariel Legends: Iron Lord Collector's Edition","og_description":"\u00c9vadez-vous de prison, arrivez \u00e0 la base de la forteresse du Seigneur de Fer et percez le myst\u00e8re autour de sa force !","og_url":"https:\/\/www.iplay.com\/fr\/games\/namariel-legends-iron-lord-collectors-edition\/","og_site_name":"IPlay","og_image":[{"width":310,"height":310,"url":"https:\/\/www.iplay.com\/wp-content\/uploads\/2023\/12\/large_square_tile_image-902.jpg","type":"image\/jpeg"}],"twitter_card":"summary_large_image","twitter_misc":{"Dur\u00e9e de lecture estim\u00e9e":"1 minute"},"schema":{"@context":"https:\/\/schema.org","@graph":[{"@type":"WebPage","@id":"https:\/\/www.iplay.com\/fr\/games\/namariel-legends-iron-lord-collectors-edition\/","url":"https:\/\/www.iplay.com\/fr\/games\/namariel-legends-iron-lord-collectors-edition\/","name":"Namariel Legends\u00a0: Le Seigneur de Fer Edition Collector - \u00c9vadez-vous de prison, atteignez la forteresse du Seigneur de Fer, r\u00e9solvez son myst\u00e8re","isPartOf":{"@id":"https:\/\/www.iplay.com\/en\/#website"},"primaryImageOfPage":{"@id":"https:\/\/www.iplay.com\/fr\/games\/namariel-legends-iron-lord-collectors-edition\/#primaryimage"},"image":{"@id":"https:\/\/www.iplay.com\/fr\/games\/namariel-legends-iron-lord-collectors-edition\/#primaryimage"},"thumbnailUrl":"https:\/\/www.iplay.com\/wp-content\/uploads\/2023\/12\/large_square_tile_image-902.jpg","datePublished":"2021-07-26T00:00:00+00:00","description":"\u00c9vadez-vous de prison, arrivez \u00e0 la base de la forteresse du Seigneur de Fer et percez le myst\u00e8re autour de sa force !","breadcrumb":{"@id":"https:\/\/www.iplay.com\/fr\/games\/namariel-legends-iron-lord-collectors-edition\/#breadcrumb"},"inLanguage":"fr-FR","potentialAction":[{"@type":"ReadAction","target":["https:\/\/www.iplay.com\/fr\/games\/namariel-legends-iron-lord-collectors-edition\/"]}]},{"@type":"ImageObject","inLanguage":"fr-FR","@id":"https:\/\/www.iplay.com\/fr\/games\/namariel-legends-iron-lord-collectors-edition\/#primaryimage","url":"https:\/\/www.iplay.com\/wp-content\/uploads\/2023\/12\/large_square_tile_image-902.jpg","contentUrl":"https:\/\/www.iplay.com\/wp-content\/uploads\/2023\/12\/large_square_tile_image-902.jpg","width":310,"height":310},{"@type":"BreadcrumbList","@id":"https:\/\/www.iplay.com\/fr\/games\/namariel-legends-iron-lord-collectors-edition\/#breadcrumb","itemListElement":[{"@type":"ListItem","position":1,"name":"Home","item":"https:\/\/www.iplay.com\/fr\/home-page-2\/"},{"@type":"ListItem","position":2,"name":"Shop","item":"https:\/\/www.iplay.com\/en\/shop\/"},{"@type":"ListItem","position":3,"name":"Namariel Legends: Iron Lord Collector&#8217;s Edition"}]},{"@type":"WebSite","@id":"https:\/\/www.iplay.com\/en\/#website","url":"https:\/\/www.iplay.com\/en\/","name":"IPlay","description":"The Best Casual Games!","publisher":{"@id":"https:\/\/www.iplay.com\/en\/#organization"},"potentialAction":[{"@type":"SearchAction","target":{"@type":"EntryPoint","urlTemplate":"https:\/\/www.iplay.com\/en\/?s={search_term_string}"},"query-input":{"@type":"PropertyValueSpecification","valueRequired":true,"valueName":"search_term_string"}}],"inLanguage":"fr-FR"},{"@type":"Organization","@id":"https:\/\/www.iplay.com\/en\/#organization","name":"IPlay","url":"https:\/\/www.iplay.com\/en\/","logo":{"@type":"ImageObject","inLanguage":"fr-FR","@id":"https:\/\/www.iplay.com\/en\/#\/schema\/logo\/image\/","url":"https:\/\/www.iplay.com\/wp-content\/uploads\/2023\/11\/Group-6100.svg","contentUrl":"https:\/\/www.iplay.com\/wp-content\/uploads\/2023\/11\/Group-6100.svg","width":98,"height":25,"caption":"IPlay"},"image":{"@id":"https:\/\/www.iplay.com\/en\/#\/schema\/logo\/image\/"}}]}},"_links":{"self":[{"href":"https:\/\/www.iplay.com\/fr\/wp-json\/wp\/v2\/product\/134904","targetHints":{"allow":["GET"]}}],"collection":[{"href":"https:\/\/www.iplay.com\/fr\/wp-json\/wp\/v2\/product"}],"about":[{"href":"https:\/\/www.iplay.com\/fr\/wp-json\/wp\/v2\/types\/product"}],"author":[{"embeddable":true,"href":"https:\/\/www.iplay.com\/fr\/wp-json\/wp\/v2\/users\/27"}],"replies":[{"embeddable":true,"href":"https:\/\/www.iplay.com\/fr\/wp-json\/wp\/v2\/comments?post=134904"}],"wp:featuredmedia":[{"embeddable":true,"href":"https:\/\/www.iplay.com\/fr\/wp-json\/wp\/v2\/media\/54901"}],"wp:attachment":[{"href":"https:\/\/www.iplay.com\/fr\/wp-json\/wp\/v2\/media?parent=134904"}],"wp:term":[{"taxonomy":"product_brand","embeddable":true,"href":"https:\/\/www.iplay.com\/fr\/wp-json\/wp\/v2\/product_brand?post=134904"},{"taxonomy":"product_cat","embeddable":true,"href":"https:\/\/www.iplay.com\/fr\/wp-json\/wp\/v2\/product_cat?post=134904"},{"taxonomy":"product_tag","embeddable":true,"href":"https:\/\/www.iplay.com\/fr\/wp-json\/wp\/v2\/product_tag?post=134904"}],"curies":[{"name":"wp","href":"https:\/\/api.w.org\/{rel}","templated":true}]}}