{"id":134901,"date":"2021-08-14T00:00:00","date_gmt":"2021-08-14T00:00:00","guid":{"rendered":"https:\/\/www.iplay.com\/games\/strange-investigations-becoming-collectors-edition\/"},"modified":"2021-08-14T00:00:00","modified_gmt":"2021-08-14T00:00:00","slug":"strange-investigations-becoming-collectors-edition","status":"publish","type":"product","link":"https:\/\/www.iplay.com\/fr\/games\/strange-investigations-becoming-collectors-edition\/","title":{"rendered":"Strange Investigations: Becoming Collector&#8217;s Edition"},"content":{"rendered":"<p><em>Strange Investigates&nbsp;: Becoming<\/em> est le premier d\u2019une toute nouvelle s\u00e9rie originale que vous devez voir ! Pendant des ann\u00e9es, Dana Strange a poursuivi sa formation de d\u00e9tective pour retrouver sa s\u0153ur disparue. Maintenant que l\u2019affaire \u00e9tait close et que ce chapitre de sa vie \u00e9tait clos, elle a quitt\u00e9 la police et a profit\u00e9 de vacances bien m\u00e9rit\u00e9es. Jusqu\u2019\u00e0 ce qu\u2019un vieil ami lui propose un emploi dans sa nouvelle soci\u00e9t\u00e9 d\u2019enqu\u00eate priv\u00e9e. Maintenant qu\u2019elle est dans la rue, Dana enqu\u00eate sur une disparition qui semble \u00eatre li\u00e9e \u00e0 son pass\u00e9. Cela devient fou l\u00e0-bas, avec plus de gens qui deviennent des suspects et un myst\u00e8re intriguant de quelqu\u2019un avec une perspicacit\u00e9 incroyable qui la poursuit&nbsp;! Jouez \u00e0 ce nouveau jeu d\u2019aventure et de puzzle d\u2019objets cach\u00e9s intriguant avec Dana alors qu\u2019elle se lance dans une enqu\u00eate qui devrait lui donner plus d\u2019informations qu\u2019elle n\u2019aurait pu r\u00eaver !      <\/p>\n<p>&nbsp;<\/p>\n<p>&nbsp;<\/p>\n<p><strong>Fonctionnalit\u00e9s:<\/strong><\/p>\n<p>&nbsp;<\/p>\n<p>&#8211; Plongez dans un braquage paranormal dans le chapitre bonus !<br \/>\n&#8211; Revivez vos meilleurs mini-jeux et SOC, collectez des succ\u00e8s et ouvrez la salle secr\u00e8te !<\/p>\n<p>&#8211; Rassemblez des pages de cahier et des pi\u00e8ces de puzzle pour d\u00e9couvrir encore plus de mat\u00e9riel !<\/p>\n<p>&#8211; Profitez de musique et de fonds d\u2019\u00e9cran sp\u00e9ciaux !<br \/>\n&#8211; Utilisez le guide de strat\u00e9gie pour ne jamais vous perdre !<\/p>\n","protected":false},"excerpt":{"rendered":"<p>Dans sa premi\u00e8re affaire, une d\u00e9tective rencontre un individu \u00e9nigmatique ! Dans Odd Research : Se transformer en CE <\/p>\n","protected":false},"author":17,"featured_media":79272,"comment_status":"open","ping_status":"closed","template":"","meta":{"_acf_changed":false,"inline_featured_image":false},"product_brand":[],"product_cat":[165],"product_tag":[287],"class_list":{"0":"post-134901","1":"product","2":"type-product","3":"status-publish","4":"has-post-thumbnail","6":"product_cat-hidden-object-fr","7":"product_tag-play-on-pc-fr","9":"first","10":"instock","11":"shipping-taxable","12":"purchasable","13":"product-type-simple"},"acf":[],"yoast_head":"<!-- This site is optimized with the Yoast SEO Premium plugin v25.2 (Yoast SEO v25.2) - https:\/\/yoast.com\/wordpress\/plugins\/seo\/ -->\n<title>Strange Investigations\u00a0: Becoming Collector\u2019s Edition - Un d\u00e9tective rencontre un myst\u00e9rieux inconnu dans Strange Investigations<\/title>\n<meta name=\"description\" content=\"Dans sa premi\u00e8re affaire, une d\u00e9tective rencontre un individu \u00e9nigmatique ! Dans Odd Research : Se transformer en CE\" \/>\n<meta name=\"robots\" content=\"index, follow, max-snippet:-1, max-image-preview:large, max-video-preview:-1\" \/>\n<link rel=\"canonical\" href=\"https:\/\/www.iplay.com\/fr\/games\/strange-investigations-becoming-collectors-edition\/\" \/>\n<meta property=\"og:locale\" content=\"fr_FR\" \/>\n<meta property=\"og:type\" content=\"article\" \/>\n<meta property=\"og:title\" content=\"Strange Investigations: Becoming Collector&#039;s Edition\" \/>\n<meta property=\"og:description\" content=\"Dans sa premi\u00e8re affaire, une d\u00e9tective rencontre un individu \u00e9nigmatique ! Dans Odd Research : Se transformer en CE\" \/>\n<meta property=\"og:url\" content=\"https:\/\/www.iplay.com\/fr\/games\/strange-investigations-becoming-collectors-edition\/\" \/>\n<meta property=\"og:site_name\" content=\"IPlay\" \/>\n<meta property=\"og:image\" content=\"https:\/\/www.iplay.com\/wp-content\/uploads\/2023\/12\/large_square_tile_image-2456.jpg\" \/>\n\t<meta property=\"og:image:width\" content=\"310\" \/>\n\t<meta property=\"og:image:height\" content=\"310\" \/>\n\t<meta property=\"og:image:type\" content=\"image\/jpeg\" \/>\n<meta name=\"twitter:card\" content=\"summary_large_image\" \/>\n<meta name=\"twitter:label1\" content=\"Dur\u00e9e de lecture estim\u00e9e\" \/>\n\t<meta name=\"twitter:data1\" content=\"1 minute\" \/>\n<script type=\"application\/ld+json\" class=\"yoast-schema-graph\">{\"@context\":\"https:\/\/schema.org\",\"@graph\":[{\"@type\":\"WebPage\",\"@id\":\"https:\/\/www.iplay.com\/fr\/games\/strange-investigations-becoming-collectors-edition\/\",\"url\":\"https:\/\/www.iplay.com\/fr\/games\/strange-investigations-becoming-collectors-edition\/\",\"name\":\"Strange Investigations\u00a0: Becoming Collector\u2019s Edition - Un d\u00e9tective rencontre un myst\u00e9rieux inconnu dans Strange Investigations\",\"isPartOf\":{\"@id\":\"https:\/\/www.iplay.com\/en\/#website\"},\"primaryImageOfPage\":{\"@id\":\"https:\/\/www.iplay.com\/fr\/games\/strange-investigations-becoming-collectors-edition\/#primaryimage\"},\"image\":{\"@id\":\"https:\/\/www.iplay.com\/fr\/games\/strange-investigations-becoming-collectors-edition\/#primaryimage\"},\"thumbnailUrl\":\"https:\/\/www.iplay.com\/wp-content\/uploads\/2023\/12\/large_square_tile_image-2456.jpg\",\"datePublished\":\"2021-08-14T00:00:00+00:00\",\"description\":\"Dans sa premi\u00e8re affaire, une d\u00e9tective rencontre un individu \u00e9nigmatique ! Dans Odd Research : Se transformer en CE\",\"breadcrumb\":{\"@id\":\"https:\/\/www.iplay.com\/fr\/games\/strange-investigations-becoming-collectors-edition\/#breadcrumb\"},\"inLanguage\":\"fr-FR\",\"potentialAction\":[{\"@type\":\"ReadAction\",\"target\":[\"https:\/\/www.iplay.com\/fr\/games\/strange-investigations-becoming-collectors-edition\/\"]}]},{\"@type\":\"ImageObject\",\"inLanguage\":\"fr-FR\",\"@id\":\"https:\/\/www.iplay.com\/fr\/games\/strange-investigations-becoming-collectors-edition\/#primaryimage\",\"url\":\"https:\/\/www.iplay.com\/wp-content\/uploads\/2023\/12\/large_square_tile_image-2456.jpg\",\"contentUrl\":\"https:\/\/www.iplay.com\/wp-content\/uploads\/2023\/12\/large_square_tile_image-2456.jpg\",\"width\":310,\"height\":310},{\"@type\":\"BreadcrumbList\",\"@id\":\"https:\/\/www.iplay.com\/fr\/games\/strange-investigations-becoming-collectors-edition\/#breadcrumb\",\"itemListElement\":[{\"@type\":\"ListItem\",\"position\":1,\"name\":\"Home\",\"item\":\"https:\/\/www.iplay.com\/fr\/home-page-2\/\"},{\"@type\":\"ListItem\",\"position\":2,\"name\":\"Shop\",\"item\":\"https:\/\/www.iplay.com\/en\/shop\/\"},{\"@type\":\"ListItem\",\"position\":3,\"name\":\"Strange Investigations: Becoming Collector&#8217;s Edition\"}]},{\"@type\":\"WebSite\",\"@id\":\"https:\/\/www.iplay.com\/en\/#website\",\"url\":\"https:\/\/www.iplay.com\/en\/\",\"name\":\"IPlay\",\"description\":\"The Best Casual Games!\",\"publisher\":{\"@id\":\"https:\/\/www.iplay.com\/en\/#organization\"},\"potentialAction\":[{\"@type\":\"SearchAction\",\"target\":{\"@type\":\"EntryPoint\",\"urlTemplate\":\"https:\/\/www.iplay.com\/en\/?s={search_term_string}\"},\"query-input\":{\"@type\":\"PropertyValueSpecification\",\"valueRequired\":true,\"valueName\":\"search_term_string\"}}],\"inLanguage\":\"fr-FR\"},{\"@type\":\"Organization\",\"@id\":\"https:\/\/www.iplay.com\/en\/#organization\",\"name\":\"IPlay\",\"url\":\"https:\/\/www.iplay.com\/en\/\",\"logo\":{\"@type\":\"ImageObject\",\"inLanguage\":\"fr-FR\",\"@id\":\"https:\/\/www.iplay.com\/en\/#\/schema\/logo\/image\/\",\"url\":\"https:\/\/www.iplay.com\/wp-content\/uploads\/2023\/11\/Group-6100.svg\",\"contentUrl\":\"https:\/\/www.iplay.com\/wp-content\/uploads\/2023\/11\/Group-6100.svg\",\"width\":98,\"height\":25,\"caption\":\"IPlay\"},\"image\":{\"@id\":\"https:\/\/www.iplay.com\/en\/#\/schema\/logo\/image\/\"}}]}<\/script>\n<!-- \/ Yoast SEO Premium plugin. -->","yoast_head_json":{"title":"Strange Investigations\u00a0: Becoming Collector\u2019s Edition - Un d\u00e9tective rencontre un myst\u00e9rieux inconnu dans Strange Investigations","description":"Dans sa premi\u00e8re affaire, une d\u00e9tective rencontre un individu \u00e9nigmatique ! Dans Odd Research : Se transformer en CE","robots":{"index":"index","follow":"follow","max-snippet":"max-snippet:-1","max-image-preview":"max-image-preview:large","max-video-preview":"max-video-preview:-1"},"canonical":"https:\/\/www.iplay.com\/fr\/games\/strange-investigations-becoming-collectors-edition\/","og_locale":"fr_FR","og_type":"article","og_title":"Strange Investigations: Becoming Collector's Edition","og_description":"Dans sa premi\u00e8re affaire, une d\u00e9tective rencontre un individu \u00e9nigmatique ! Dans Odd Research : Se transformer en CE","og_url":"https:\/\/www.iplay.com\/fr\/games\/strange-investigations-becoming-collectors-edition\/","og_site_name":"IPlay","og_image":[{"width":310,"height":310,"url":"https:\/\/www.iplay.com\/wp-content\/uploads\/2023\/12\/large_square_tile_image-2456.jpg","type":"image\/jpeg"}],"twitter_card":"summary_large_image","twitter_misc":{"Dur\u00e9e de lecture estim\u00e9e":"1 minute"},"schema":{"@context":"https:\/\/schema.org","@graph":[{"@type":"WebPage","@id":"https:\/\/www.iplay.com\/fr\/games\/strange-investigations-becoming-collectors-edition\/","url":"https:\/\/www.iplay.com\/fr\/games\/strange-investigations-becoming-collectors-edition\/","name":"Strange Investigations\u00a0: Becoming Collector\u2019s Edition - Un d\u00e9tective rencontre un myst\u00e9rieux inconnu dans Strange Investigations","isPartOf":{"@id":"https:\/\/www.iplay.com\/en\/#website"},"primaryImageOfPage":{"@id":"https:\/\/www.iplay.com\/fr\/games\/strange-investigations-becoming-collectors-edition\/#primaryimage"},"image":{"@id":"https:\/\/www.iplay.com\/fr\/games\/strange-investigations-becoming-collectors-edition\/#primaryimage"},"thumbnailUrl":"https:\/\/www.iplay.com\/wp-content\/uploads\/2023\/12\/large_square_tile_image-2456.jpg","datePublished":"2021-08-14T00:00:00+00:00","description":"Dans sa premi\u00e8re affaire, une d\u00e9tective rencontre un individu \u00e9nigmatique ! Dans Odd Research : Se transformer en CE","breadcrumb":{"@id":"https:\/\/www.iplay.com\/fr\/games\/strange-investigations-becoming-collectors-edition\/#breadcrumb"},"inLanguage":"fr-FR","potentialAction":[{"@type":"ReadAction","target":["https:\/\/www.iplay.com\/fr\/games\/strange-investigations-becoming-collectors-edition\/"]}]},{"@type":"ImageObject","inLanguage":"fr-FR","@id":"https:\/\/www.iplay.com\/fr\/games\/strange-investigations-becoming-collectors-edition\/#primaryimage","url":"https:\/\/www.iplay.com\/wp-content\/uploads\/2023\/12\/large_square_tile_image-2456.jpg","contentUrl":"https:\/\/www.iplay.com\/wp-content\/uploads\/2023\/12\/large_square_tile_image-2456.jpg","width":310,"height":310},{"@type":"BreadcrumbList","@id":"https:\/\/www.iplay.com\/fr\/games\/strange-investigations-becoming-collectors-edition\/#breadcrumb","itemListElement":[{"@type":"ListItem","position":1,"name":"Home","item":"https:\/\/www.iplay.com\/fr\/home-page-2\/"},{"@type":"ListItem","position":2,"name":"Shop","item":"https:\/\/www.iplay.com\/en\/shop\/"},{"@type":"ListItem","position":3,"name":"Strange Investigations: Becoming Collector&#8217;s Edition"}]},{"@type":"WebSite","@id":"https:\/\/www.iplay.com\/en\/#website","url":"https:\/\/www.iplay.com\/en\/","name":"IPlay","description":"The Best Casual Games!","publisher":{"@id":"https:\/\/www.iplay.com\/en\/#organization"},"potentialAction":[{"@type":"SearchAction","target":{"@type":"EntryPoint","urlTemplate":"https:\/\/www.iplay.com\/en\/?s={search_term_string}"},"query-input":{"@type":"PropertyValueSpecification","valueRequired":true,"valueName":"search_term_string"}}],"inLanguage":"fr-FR"},{"@type":"Organization","@id":"https:\/\/www.iplay.com\/en\/#organization","name":"IPlay","url":"https:\/\/www.iplay.com\/en\/","logo":{"@type":"ImageObject","inLanguage":"fr-FR","@id":"https:\/\/www.iplay.com\/en\/#\/schema\/logo\/image\/","url":"https:\/\/www.iplay.com\/wp-content\/uploads\/2023\/11\/Group-6100.svg","contentUrl":"https:\/\/www.iplay.com\/wp-content\/uploads\/2023\/11\/Group-6100.svg","width":98,"height":25,"caption":"IPlay"},"image":{"@id":"https:\/\/www.iplay.com\/en\/#\/schema\/logo\/image\/"}}]}},"_links":{"self":[{"href":"https:\/\/www.iplay.com\/fr\/wp-json\/wp\/v2\/product\/134901","targetHints":{"allow":["GET"]}}],"collection":[{"href":"https:\/\/www.iplay.com\/fr\/wp-json\/wp\/v2\/product"}],"about":[{"href":"https:\/\/www.iplay.com\/fr\/wp-json\/wp\/v2\/types\/product"}],"author":[{"embeddable":true,"href":"https:\/\/www.iplay.com\/fr\/wp-json\/wp\/v2\/users\/17"}],"replies":[{"embeddable":true,"href":"https:\/\/www.iplay.com\/fr\/wp-json\/wp\/v2\/comments?post=134901"}],"wp:featuredmedia":[{"embeddable":true,"href":"https:\/\/www.iplay.com\/fr\/wp-json\/wp\/v2\/media\/79272"}],"wp:attachment":[{"href":"https:\/\/www.iplay.com\/fr\/wp-json\/wp\/v2\/media?parent=134901"}],"wp:term":[{"taxonomy":"product_brand","embeddable":true,"href":"https:\/\/www.iplay.com\/fr\/wp-json\/wp\/v2\/product_brand?post=134901"},{"taxonomy":"product_cat","embeddable":true,"href":"https:\/\/www.iplay.com\/fr\/wp-json\/wp\/v2\/product_cat?post=134901"},{"taxonomy":"product_tag","embeddable":true,"href":"https:\/\/www.iplay.com\/fr\/wp-json\/wp\/v2\/product_tag?post=134901"}],"curies":[{"name":"wp","href":"https:\/\/api.w.org\/{rel}","templated":true}]}}