{"id":134892,"date":"2021-08-23T00:00:00","date_gmt":"2021-08-23T00:00:00","guid":{"rendered":"https:\/\/www.iplay.com\/games\/doodle-god-genesis-secrets\/"},"modified":"2021-08-23T00:00:00","modified_gmt":"2021-08-23T00:00:00","slug":"doodle-god-genesis-secrets","status":"publish","type":"product","link":"https:\/\/www.iplay.com\/fr\/games\/doodle-god-genesis-secrets\/","title":{"rendered":"Doodle God: Genesis Secrets"},"content":{"rendered":"<p>Naturellement, le cosmos ne s\u2019est pas form\u00e9 en un seul jour. Avant de pouvoir construire l\u2019univers, vous devrez vous frayer un chemin \u00e0 partir d\u2019une simple bact\u00e9rie pour cr\u00e9er des outils, des cr\u00e9atures, des temp\u00eates et m\u00eame des arm\u00e9es ! Mais soyez prudent : la capacit\u00e9 de cr\u00e9er peut avoir des effets inattendus. Par exemple, la cr\u00e9ation de la roue pourrait accidentellement d\u00e9clencher une apocalypse zombie. N\u00e9anmoins, ne vous inqui\u00e9tez pas, vous ne voyagez pas seul dans l\u2019espace ! Vous recevrez l\u2019esprit et la sagesse de certains des plus grands philosophes et com\u00e9diens de tous les temps chaque fois que vous d\u00e9velopperez avec succ\u00e8s un nouvel article. D\u00e9couvrez votre divinit\u00e9 int\u00e9rieure en lisant Doodle God : Genesis Secrets !      <\/p>\n<p>&nbsp;<\/p>\n<p>&nbsp;<\/p>\n<p><strong>Fonctionnalit\u00e9s:<\/strong><\/p>\n<p>&nbsp;<\/p>\n<p>&#8211; Am\u00e9lioration des mini-jeux pour les fans de jeux d\u2019arcade.<\/p>\n<p>&#8211; Moulez le feu, le vent, la terre et l\u2019air pour construire l\u2019univers.<\/p>\n<p>&#8211; Construisez + de 300 objets et concepts sophistiqu\u00e9s.<\/p>\n<p>&#8211; Le gameplay intuitif en un clic encourage un jeu intelligent et cr\u00e9atif.<\/p>\n","protected":false},"excerpt":{"rendered":"<p>D\u00e9couvrez un tout nouveau monde et lib\u00e9rez la divinit\u00e9 qui sommeille en vous !<\/p>\n","protected":false},"author":122,"featured_media":68181,"comment_status":"open","ping_status":"closed","template":"","meta":{"_acf_changed":false,"inline_featured_image":false},"product_brand":[],"product_cat":[165],"product_tag":[287],"class_list":{"0":"post-134892","1":"product","2":"type-product","3":"status-publish","4":"has-post-thumbnail","6":"product_cat-hidden-object-fr","7":"product_tag-play-on-pc-fr","9":"first","10":"instock","11":"shipping-taxable","12":"purchasable","13":"product-type-simple"},"acf":[],"yoast_head":"<!-- This site is optimized with the Yoast SEO Premium plugin v25.2 (Yoast SEO v25.2) - https:\/\/yoast.com\/wordpress\/plugins\/seo\/ -->\n<title>Doodle God\u00a0: Genesis Secrets - Lib\u00e9rez votre dieu int\u00e9rieur et d\u00e9couvrez un tout nouvel univers<\/title>\n<meta name=\"description\" content=\"D\u00e9couvrez un tout nouveau monde et lib\u00e9rez la divinit\u00e9 qui sommeille en vous !\" \/>\n<meta name=\"robots\" content=\"index, follow, max-snippet:-1, max-image-preview:large, max-video-preview:-1\" \/>\n<link rel=\"canonical\" href=\"https:\/\/www.iplay.com\/fr\/games\/doodle-god-genesis-secrets\/\" \/>\n<meta property=\"og:locale\" content=\"fr_FR\" \/>\n<meta property=\"og:type\" content=\"article\" \/>\n<meta property=\"og:title\" content=\"Doodle God: Genesis Secrets\" \/>\n<meta property=\"og:description\" content=\"D\u00e9couvrez un tout nouveau monde et lib\u00e9rez la divinit\u00e9 qui sommeille en vous !\" \/>\n<meta property=\"og:url\" content=\"https:\/\/www.iplay.com\/fr\/games\/doodle-god-genesis-secrets\/\" \/>\n<meta property=\"og:site_name\" content=\"IPlay\" \/>\n<meta property=\"og:image\" content=\"https:\/\/www.iplay.com\/wp-content\/uploads\/2023\/12\/large_square_tile_image-1750.jpg\" \/>\n\t<meta property=\"og:image:width\" content=\"310\" \/>\n\t<meta property=\"og:image:height\" content=\"310\" \/>\n\t<meta property=\"og:image:type\" content=\"image\/jpeg\" \/>\n<meta name=\"twitter:card\" content=\"summary_large_image\" \/>\n<meta name=\"twitter:label1\" content=\"Dur\u00e9e de lecture estim\u00e9e\" \/>\n\t<meta name=\"twitter:data1\" content=\"1 minute\" \/>\n<script type=\"application\/ld+json\" class=\"yoast-schema-graph\">{\"@context\":\"https:\/\/schema.org\",\"@graph\":[{\"@type\":\"WebPage\",\"@id\":\"https:\/\/www.iplay.com\/fr\/games\/doodle-god-genesis-secrets\/\",\"url\":\"https:\/\/www.iplay.com\/fr\/games\/doodle-god-genesis-secrets\/\",\"name\":\"Doodle God\u00a0: Genesis Secrets - Lib\u00e9rez votre dieu int\u00e9rieur et d\u00e9couvrez un tout nouvel univers\",\"isPartOf\":{\"@id\":\"https:\/\/www.iplay.com\/en\/#website\"},\"primaryImageOfPage\":{\"@id\":\"https:\/\/www.iplay.com\/fr\/games\/doodle-god-genesis-secrets\/#primaryimage\"},\"image\":{\"@id\":\"https:\/\/www.iplay.com\/fr\/games\/doodle-god-genesis-secrets\/#primaryimage\"},\"thumbnailUrl\":\"https:\/\/www.iplay.com\/wp-content\/uploads\/2023\/12\/large_square_tile_image-1750.jpg\",\"datePublished\":\"2021-08-23T00:00:00+00:00\",\"description\":\"D\u00e9couvrez un tout nouveau monde et lib\u00e9rez la divinit\u00e9 qui sommeille en vous !\",\"breadcrumb\":{\"@id\":\"https:\/\/www.iplay.com\/fr\/games\/doodle-god-genesis-secrets\/#breadcrumb\"},\"inLanguage\":\"fr-FR\",\"potentialAction\":[{\"@type\":\"ReadAction\",\"target\":[\"https:\/\/www.iplay.com\/fr\/games\/doodle-god-genesis-secrets\/\"]}]},{\"@type\":\"ImageObject\",\"inLanguage\":\"fr-FR\",\"@id\":\"https:\/\/www.iplay.com\/fr\/games\/doodle-god-genesis-secrets\/#primaryimage\",\"url\":\"https:\/\/www.iplay.com\/wp-content\/uploads\/2023\/12\/large_square_tile_image-1750.jpg\",\"contentUrl\":\"https:\/\/www.iplay.com\/wp-content\/uploads\/2023\/12\/large_square_tile_image-1750.jpg\",\"width\":310,\"height\":310},{\"@type\":\"BreadcrumbList\",\"@id\":\"https:\/\/www.iplay.com\/fr\/games\/doodle-god-genesis-secrets\/#breadcrumb\",\"itemListElement\":[{\"@type\":\"ListItem\",\"position\":1,\"name\":\"Home\",\"item\":\"https:\/\/www.iplay.com\/fr\/home-page-2\/\"},{\"@type\":\"ListItem\",\"position\":2,\"name\":\"Shop\",\"item\":\"https:\/\/www.iplay.com\/en\/shop\/\"},{\"@type\":\"ListItem\",\"position\":3,\"name\":\"Doodle God: Genesis Secrets\"}]},{\"@type\":\"WebSite\",\"@id\":\"https:\/\/www.iplay.com\/en\/#website\",\"url\":\"https:\/\/www.iplay.com\/en\/\",\"name\":\"IPlay\",\"description\":\"The Best Casual Games!\",\"publisher\":{\"@id\":\"https:\/\/www.iplay.com\/en\/#organization\"},\"potentialAction\":[{\"@type\":\"SearchAction\",\"target\":{\"@type\":\"EntryPoint\",\"urlTemplate\":\"https:\/\/www.iplay.com\/en\/?s={search_term_string}\"},\"query-input\":{\"@type\":\"PropertyValueSpecification\",\"valueRequired\":true,\"valueName\":\"search_term_string\"}}],\"inLanguage\":\"fr-FR\"},{\"@type\":\"Organization\",\"@id\":\"https:\/\/www.iplay.com\/en\/#organization\",\"name\":\"IPlay\",\"url\":\"https:\/\/www.iplay.com\/en\/\",\"logo\":{\"@type\":\"ImageObject\",\"inLanguage\":\"fr-FR\",\"@id\":\"https:\/\/www.iplay.com\/en\/#\/schema\/logo\/image\/\",\"url\":\"https:\/\/www.iplay.com\/wp-content\/uploads\/2023\/11\/Group-6100.svg\",\"contentUrl\":\"https:\/\/www.iplay.com\/wp-content\/uploads\/2023\/11\/Group-6100.svg\",\"width\":98,\"height\":25,\"caption\":\"IPlay\"},\"image\":{\"@id\":\"https:\/\/www.iplay.com\/en\/#\/schema\/logo\/image\/\"}}]}<\/script>\n<!-- \/ Yoast SEO Premium plugin. -->","yoast_head_json":{"title":"Doodle God\u00a0: Genesis Secrets - Lib\u00e9rez votre dieu int\u00e9rieur et d\u00e9couvrez un tout nouvel univers","description":"D\u00e9couvrez un tout nouveau monde et lib\u00e9rez la divinit\u00e9 qui sommeille en vous !","robots":{"index":"index","follow":"follow","max-snippet":"max-snippet:-1","max-image-preview":"max-image-preview:large","max-video-preview":"max-video-preview:-1"},"canonical":"https:\/\/www.iplay.com\/fr\/games\/doodle-god-genesis-secrets\/","og_locale":"fr_FR","og_type":"article","og_title":"Doodle God: Genesis Secrets","og_description":"D\u00e9couvrez un tout nouveau monde et lib\u00e9rez la divinit\u00e9 qui sommeille en vous !","og_url":"https:\/\/www.iplay.com\/fr\/games\/doodle-god-genesis-secrets\/","og_site_name":"IPlay","og_image":[{"width":310,"height":310,"url":"https:\/\/www.iplay.com\/wp-content\/uploads\/2023\/12\/large_square_tile_image-1750.jpg","type":"image\/jpeg"}],"twitter_card":"summary_large_image","twitter_misc":{"Dur\u00e9e de lecture estim\u00e9e":"1 minute"},"schema":{"@context":"https:\/\/schema.org","@graph":[{"@type":"WebPage","@id":"https:\/\/www.iplay.com\/fr\/games\/doodle-god-genesis-secrets\/","url":"https:\/\/www.iplay.com\/fr\/games\/doodle-god-genesis-secrets\/","name":"Doodle God\u00a0: Genesis Secrets - Lib\u00e9rez votre dieu int\u00e9rieur et d\u00e9couvrez un tout nouvel univers","isPartOf":{"@id":"https:\/\/www.iplay.com\/en\/#website"},"primaryImageOfPage":{"@id":"https:\/\/www.iplay.com\/fr\/games\/doodle-god-genesis-secrets\/#primaryimage"},"image":{"@id":"https:\/\/www.iplay.com\/fr\/games\/doodle-god-genesis-secrets\/#primaryimage"},"thumbnailUrl":"https:\/\/www.iplay.com\/wp-content\/uploads\/2023\/12\/large_square_tile_image-1750.jpg","datePublished":"2021-08-23T00:00:00+00:00","description":"D\u00e9couvrez un tout nouveau monde et lib\u00e9rez la divinit\u00e9 qui sommeille en vous !","breadcrumb":{"@id":"https:\/\/www.iplay.com\/fr\/games\/doodle-god-genesis-secrets\/#breadcrumb"},"inLanguage":"fr-FR","potentialAction":[{"@type":"ReadAction","target":["https:\/\/www.iplay.com\/fr\/games\/doodle-god-genesis-secrets\/"]}]},{"@type":"ImageObject","inLanguage":"fr-FR","@id":"https:\/\/www.iplay.com\/fr\/games\/doodle-god-genesis-secrets\/#primaryimage","url":"https:\/\/www.iplay.com\/wp-content\/uploads\/2023\/12\/large_square_tile_image-1750.jpg","contentUrl":"https:\/\/www.iplay.com\/wp-content\/uploads\/2023\/12\/large_square_tile_image-1750.jpg","width":310,"height":310},{"@type":"BreadcrumbList","@id":"https:\/\/www.iplay.com\/fr\/games\/doodle-god-genesis-secrets\/#breadcrumb","itemListElement":[{"@type":"ListItem","position":1,"name":"Home","item":"https:\/\/www.iplay.com\/fr\/home-page-2\/"},{"@type":"ListItem","position":2,"name":"Shop","item":"https:\/\/www.iplay.com\/en\/shop\/"},{"@type":"ListItem","position":3,"name":"Doodle God: Genesis Secrets"}]},{"@type":"WebSite","@id":"https:\/\/www.iplay.com\/en\/#website","url":"https:\/\/www.iplay.com\/en\/","name":"IPlay","description":"The Best Casual Games!","publisher":{"@id":"https:\/\/www.iplay.com\/en\/#organization"},"potentialAction":[{"@type":"SearchAction","target":{"@type":"EntryPoint","urlTemplate":"https:\/\/www.iplay.com\/en\/?s={search_term_string}"},"query-input":{"@type":"PropertyValueSpecification","valueRequired":true,"valueName":"search_term_string"}}],"inLanguage":"fr-FR"},{"@type":"Organization","@id":"https:\/\/www.iplay.com\/en\/#organization","name":"IPlay","url":"https:\/\/www.iplay.com\/en\/","logo":{"@type":"ImageObject","inLanguage":"fr-FR","@id":"https:\/\/www.iplay.com\/en\/#\/schema\/logo\/image\/","url":"https:\/\/www.iplay.com\/wp-content\/uploads\/2023\/11\/Group-6100.svg","contentUrl":"https:\/\/www.iplay.com\/wp-content\/uploads\/2023\/11\/Group-6100.svg","width":98,"height":25,"caption":"IPlay"},"image":{"@id":"https:\/\/www.iplay.com\/en\/#\/schema\/logo\/image\/"}}]}},"_links":{"self":[{"href":"https:\/\/www.iplay.com\/fr\/wp-json\/wp\/v2\/product\/134892","targetHints":{"allow":["GET"]}}],"collection":[{"href":"https:\/\/www.iplay.com\/fr\/wp-json\/wp\/v2\/product"}],"about":[{"href":"https:\/\/www.iplay.com\/fr\/wp-json\/wp\/v2\/types\/product"}],"author":[{"embeddable":true,"href":"https:\/\/www.iplay.com\/fr\/wp-json\/wp\/v2\/users\/122"}],"replies":[{"embeddable":true,"href":"https:\/\/www.iplay.com\/fr\/wp-json\/wp\/v2\/comments?post=134892"}],"wp:featuredmedia":[{"embeddable":true,"href":"https:\/\/www.iplay.com\/fr\/wp-json\/wp\/v2\/media\/68181"}],"wp:attachment":[{"href":"https:\/\/www.iplay.com\/fr\/wp-json\/wp\/v2\/media?parent=134892"}],"wp:term":[{"taxonomy":"product_brand","embeddable":true,"href":"https:\/\/www.iplay.com\/fr\/wp-json\/wp\/v2\/product_brand?post=134892"},{"taxonomy":"product_cat","embeddable":true,"href":"https:\/\/www.iplay.com\/fr\/wp-json\/wp\/v2\/product_cat?post=134892"},{"taxonomy":"product_tag","embeddable":true,"href":"https:\/\/www.iplay.com\/fr\/wp-json\/wp\/v2\/product_tag?post=134892"}],"curies":[{"name":"wp","href":"https:\/\/api.w.org\/{rel}","templated":true}]}}