{"id":134882,"date":"2021-08-29T00:00:00","date_gmt":"2021-08-29T00:00:00","guid":{"rendered":"https:\/\/www.iplay.com\/games\/immortal-love-sparkle-of-talent-collectors-edition\/"},"modified":"2021-08-29T00:00:00","modified_gmt":"2021-08-29T00:00:00","slug":"immortal-love-sparkle-of-talent-collectors-edition","status":"publish","type":"product","link":"https:\/\/www.iplay.com\/fr\/games\/immortal-love-sparkle-of-talent-collectors-edition\/","title":{"rendered":"Immortal Love: Sparkle of Talent Collector&#8217;s Edition"},"content":{"rendered":"<p>Le dernier \u00e9pisode passionnant de la passionnante s\u00e9rie Immortal Love est maintenant disponible ! Oliver est un acteur merveilleux, mais il a eu du mal \u00e0 percer jusqu\u2019\u00e0 ce que l\u2019\u00e9nigmatique M. Radcliffe lui confie le r\u00f4le du Roi Corbeau dans une s\u00e9rie de pi\u00e8ces bas\u00e9es sur la mythologie. Le travail surprenant d\u2019Oliver est r\u00e9v\u00e9l\u00e9 \u00e0 sa s\u00e9duisante \u00e9pouse, Emma, au moment m\u00eame o\u00f9 Radcliffe arrive avec sa propre surprise. Il a besoin du talent d\u2019Oliver et trouvera un moyen de l\u2019obtenir. Utilisez vos talents de chercheur et de r\u00e9solution d\u2019\u00e9nigmes pour aider Emma \u00e0 sauver les acteurs de la s\u00e9rie, \u00e0 vaincre M. Radcliffe et \u00e0 retrouver son mari aimant dans cette nouvelle aventure palpitante de puzzle d\u2019objets cach\u00e9s !    <\/p>\n<p>&nbsp;<\/p>\n<p>&nbsp;<\/p>\n<p><strong>Fonctionnalit\u00e9s:<\/strong><\/p>\n<p>&nbsp;<\/p>\n<p>&#8211; Dans le jeu bonus, d\u00e9couvrez les secrets du tr\u00e9sor enfoui du Roi Corbeau !<\/p>\n<p>&#8211; Une pl\u00e9thore de dragons cach\u00e9s et d\u2019objets m\u00e9tamorphes \u00e0 d\u00e9couvrir !<\/p>\n<p>&#8211; Utilisez le guide de strat\u00e9gie pour d\u00e9jouer M. Radcliffe !<\/p>\n<p>&#8211; Fonds d\u2019\u00e9cran gratuits pour garder l\u2019amour vivant !<\/p>\n<p>&#8211; Acc\u00e9dez \u00e0 de la musique exclusive, \u00e0 des illustrations conceptuelles et bien plus encore !<\/p>\n","protected":false},"excerpt":{"rendered":"<p>Immortal Love&nbsp;: Sparkle of Talent Collector\u2019s Edition a une place unique pour vous.<\/p>\n","protected":false},"author":17,"featured_media":79144,"comment_status":"open","ping_status":"closed","template":"","meta":{"_acf_changed":false,"inline_featured_image":false},"product_brand":[],"product_cat":[165],"product_tag":[287],"class_list":{"0":"post-134882","1":"product","2":"type-product","3":"status-publish","4":"has-post-thumbnail","6":"product_cat-hidden-object-fr","7":"product_tag-play-on-pc-fr","9":"first","10":"instock","11":"shipping-taxable","12":"purchasable","13":"product-type-simple"},"acf":[],"yoast_head":"<!-- This site is optimized with the Yoast SEO Premium plugin v25.2 (Yoast SEO v25.2) - https:\/\/yoast.com\/wordpress\/plugins\/seo\/ -->\n<title>Immortal Love\u00a0: Sparkle of Talent Edition Collector - Immortal Love\u00a0: Sparkle of Talent CE vous attend<\/title>\n<meta name=\"description\" content=\"Immortal Love&nbsp;: Sparkle of Talent Collector\u2019s Edition a une place unique pour vous.\" \/>\n<meta name=\"robots\" content=\"index, follow, max-snippet:-1, max-image-preview:large, max-video-preview:-1\" \/>\n<link rel=\"canonical\" href=\"https:\/\/www.iplay.com\/fr\/games\/immortal-love-sparkle-of-talent-collectors-edition\/\" \/>\n<meta property=\"og:locale\" content=\"fr_FR\" \/>\n<meta property=\"og:type\" content=\"article\" \/>\n<meta property=\"og:title\" content=\"Immortal Love: Sparkle of Talent Collector&#039;s Edition\" \/>\n<meta property=\"og:description\" content=\"Immortal Love&nbsp;: Sparkle of Talent Collector\u2019s Edition a une place unique pour vous.\" \/>\n<meta property=\"og:url\" content=\"https:\/\/www.iplay.com\/fr\/games\/immortal-love-sparkle-of-talent-collectors-edition\/\" \/>\n<meta property=\"og:site_name\" content=\"IPlay\" \/>\n<meta property=\"og:image\" content=\"https:\/\/www.iplay.com\/wp-content\/uploads\/2023\/12\/large_square_tile_image-2447.jpg\" \/>\n\t<meta property=\"og:image:width\" content=\"310\" \/>\n\t<meta property=\"og:image:height\" content=\"310\" \/>\n\t<meta property=\"og:image:type\" content=\"image\/jpeg\" \/>\n<meta name=\"twitter:card\" content=\"summary_large_image\" \/>\n<meta name=\"twitter:label1\" content=\"Dur\u00e9e de lecture estim\u00e9e\" \/>\n\t<meta name=\"twitter:data1\" content=\"1 minute\" \/>\n<script type=\"application\/ld+json\" class=\"yoast-schema-graph\">{\"@context\":\"https:\/\/schema.org\",\"@graph\":[{\"@type\":\"WebPage\",\"@id\":\"https:\/\/www.iplay.com\/fr\/games\/immortal-love-sparkle-of-talent-collectors-edition\/\",\"url\":\"https:\/\/www.iplay.com\/fr\/games\/immortal-love-sparkle-of-talent-collectors-edition\/\",\"name\":\"Immortal Love\u00a0: Sparkle of Talent Edition Collector - Immortal Love\u00a0: Sparkle of Talent CE vous attend\",\"isPartOf\":{\"@id\":\"https:\/\/www.iplay.com\/en\/#website\"},\"primaryImageOfPage\":{\"@id\":\"https:\/\/www.iplay.com\/fr\/games\/immortal-love-sparkle-of-talent-collectors-edition\/#primaryimage\"},\"image\":{\"@id\":\"https:\/\/www.iplay.com\/fr\/games\/immortal-love-sparkle-of-talent-collectors-edition\/#primaryimage\"},\"thumbnailUrl\":\"https:\/\/www.iplay.com\/wp-content\/uploads\/2023\/12\/large_square_tile_image-2447.jpg\",\"datePublished\":\"2021-08-29T00:00:00+00:00\",\"description\":\"Immortal Love&nbsp;: Sparkle of Talent Collector\u2019s Edition a une place unique pour vous.\",\"breadcrumb\":{\"@id\":\"https:\/\/www.iplay.com\/fr\/games\/immortal-love-sparkle-of-talent-collectors-edition\/#breadcrumb\"},\"inLanguage\":\"fr-FR\",\"potentialAction\":[{\"@type\":\"ReadAction\",\"target\":[\"https:\/\/www.iplay.com\/fr\/games\/immortal-love-sparkle-of-talent-collectors-edition\/\"]}]},{\"@type\":\"ImageObject\",\"inLanguage\":\"fr-FR\",\"@id\":\"https:\/\/www.iplay.com\/fr\/games\/immortal-love-sparkle-of-talent-collectors-edition\/#primaryimage\",\"url\":\"https:\/\/www.iplay.com\/wp-content\/uploads\/2023\/12\/large_square_tile_image-2447.jpg\",\"contentUrl\":\"https:\/\/www.iplay.com\/wp-content\/uploads\/2023\/12\/large_square_tile_image-2447.jpg\",\"width\":310,\"height\":310},{\"@type\":\"BreadcrumbList\",\"@id\":\"https:\/\/www.iplay.com\/fr\/games\/immortal-love-sparkle-of-talent-collectors-edition\/#breadcrumb\",\"itemListElement\":[{\"@type\":\"ListItem\",\"position\":1,\"name\":\"Home\",\"item\":\"https:\/\/www.iplay.com\/fr\/home-page-2\/\"},{\"@type\":\"ListItem\",\"position\":2,\"name\":\"Shop\",\"item\":\"https:\/\/www.iplay.com\/en\/shop\/\"},{\"@type\":\"ListItem\",\"position\":3,\"name\":\"Immortal Love: Sparkle of Talent Collector&#8217;s Edition\"}]},{\"@type\":\"WebSite\",\"@id\":\"https:\/\/www.iplay.com\/en\/#website\",\"url\":\"https:\/\/www.iplay.com\/en\/\",\"name\":\"IPlay\",\"description\":\"The Best Casual Games!\",\"publisher\":{\"@id\":\"https:\/\/www.iplay.com\/en\/#organization\"},\"potentialAction\":[{\"@type\":\"SearchAction\",\"target\":{\"@type\":\"EntryPoint\",\"urlTemplate\":\"https:\/\/www.iplay.com\/en\/?s={search_term_string}\"},\"query-input\":{\"@type\":\"PropertyValueSpecification\",\"valueRequired\":true,\"valueName\":\"search_term_string\"}}],\"inLanguage\":\"fr-FR\"},{\"@type\":\"Organization\",\"@id\":\"https:\/\/www.iplay.com\/en\/#organization\",\"name\":\"IPlay\",\"url\":\"https:\/\/www.iplay.com\/en\/\",\"logo\":{\"@type\":\"ImageObject\",\"inLanguage\":\"fr-FR\",\"@id\":\"https:\/\/www.iplay.com\/en\/#\/schema\/logo\/image\/\",\"url\":\"https:\/\/www.iplay.com\/wp-content\/uploads\/2023\/11\/Group-6100.svg\",\"contentUrl\":\"https:\/\/www.iplay.com\/wp-content\/uploads\/2023\/11\/Group-6100.svg\",\"width\":98,\"height\":25,\"caption\":\"IPlay\"},\"image\":{\"@id\":\"https:\/\/www.iplay.com\/en\/#\/schema\/logo\/image\/\"}}]}<\/script>\n<!-- \/ Yoast SEO Premium plugin. -->","yoast_head_json":{"title":"Immortal Love\u00a0: Sparkle of Talent Edition Collector - Immortal Love\u00a0: Sparkle of Talent CE vous attend","description":"Immortal Love&nbsp;: Sparkle of Talent Collector\u2019s Edition a une place unique pour vous.","robots":{"index":"index","follow":"follow","max-snippet":"max-snippet:-1","max-image-preview":"max-image-preview:large","max-video-preview":"max-video-preview:-1"},"canonical":"https:\/\/www.iplay.com\/fr\/games\/immortal-love-sparkle-of-talent-collectors-edition\/","og_locale":"fr_FR","og_type":"article","og_title":"Immortal Love: Sparkle of Talent Collector's Edition","og_description":"Immortal Love&nbsp;: Sparkle of Talent Collector\u2019s Edition a une place unique pour vous.","og_url":"https:\/\/www.iplay.com\/fr\/games\/immortal-love-sparkle-of-talent-collectors-edition\/","og_site_name":"IPlay","og_image":[{"width":310,"height":310,"url":"https:\/\/www.iplay.com\/wp-content\/uploads\/2023\/12\/large_square_tile_image-2447.jpg","type":"image\/jpeg"}],"twitter_card":"summary_large_image","twitter_misc":{"Dur\u00e9e de lecture estim\u00e9e":"1 minute"},"schema":{"@context":"https:\/\/schema.org","@graph":[{"@type":"WebPage","@id":"https:\/\/www.iplay.com\/fr\/games\/immortal-love-sparkle-of-talent-collectors-edition\/","url":"https:\/\/www.iplay.com\/fr\/games\/immortal-love-sparkle-of-talent-collectors-edition\/","name":"Immortal Love\u00a0: Sparkle of Talent Edition Collector - Immortal Love\u00a0: Sparkle of Talent CE vous attend","isPartOf":{"@id":"https:\/\/www.iplay.com\/en\/#website"},"primaryImageOfPage":{"@id":"https:\/\/www.iplay.com\/fr\/games\/immortal-love-sparkle-of-talent-collectors-edition\/#primaryimage"},"image":{"@id":"https:\/\/www.iplay.com\/fr\/games\/immortal-love-sparkle-of-talent-collectors-edition\/#primaryimage"},"thumbnailUrl":"https:\/\/www.iplay.com\/wp-content\/uploads\/2023\/12\/large_square_tile_image-2447.jpg","datePublished":"2021-08-29T00:00:00+00:00","description":"Immortal Love&nbsp;: Sparkle of Talent Collector\u2019s Edition a une place unique pour vous.","breadcrumb":{"@id":"https:\/\/www.iplay.com\/fr\/games\/immortal-love-sparkle-of-talent-collectors-edition\/#breadcrumb"},"inLanguage":"fr-FR","potentialAction":[{"@type":"ReadAction","target":["https:\/\/www.iplay.com\/fr\/games\/immortal-love-sparkle-of-talent-collectors-edition\/"]}]},{"@type":"ImageObject","inLanguage":"fr-FR","@id":"https:\/\/www.iplay.com\/fr\/games\/immortal-love-sparkle-of-talent-collectors-edition\/#primaryimage","url":"https:\/\/www.iplay.com\/wp-content\/uploads\/2023\/12\/large_square_tile_image-2447.jpg","contentUrl":"https:\/\/www.iplay.com\/wp-content\/uploads\/2023\/12\/large_square_tile_image-2447.jpg","width":310,"height":310},{"@type":"BreadcrumbList","@id":"https:\/\/www.iplay.com\/fr\/games\/immortal-love-sparkle-of-talent-collectors-edition\/#breadcrumb","itemListElement":[{"@type":"ListItem","position":1,"name":"Home","item":"https:\/\/www.iplay.com\/fr\/home-page-2\/"},{"@type":"ListItem","position":2,"name":"Shop","item":"https:\/\/www.iplay.com\/en\/shop\/"},{"@type":"ListItem","position":3,"name":"Immortal Love: Sparkle of Talent Collector&#8217;s Edition"}]},{"@type":"WebSite","@id":"https:\/\/www.iplay.com\/en\/#website","url":"https:\/\/www.iplay.com\/en\/","name":"IPlay","description":"The Best Casual Games!","publisher":{"@id":"https:\/\/www.iplay.com\/en\/#organization"},"potentialAction":[{"@type":"SearchAction","target":{"@type":"EntryPoint","urlTemplate":"https:\/\/www.iplay.com\/en\/?s={search_term_string}"},"query-input":{"@type":"PropertyValueSpecification","valueRequired":true,"valueName":"search_term_string"}}],"inLanguage":"fr-FR"},{"@type":"Organization","@id":"https:\/\/www.iplay.com\/en\/#organization","name":"IPlay","url":"https:\/\/www.iplay.com\/en\/","logo":{"@type":"ImageObject","inLanguage":"fr-FR","@id":"https:\/\/www.iplay.com\/en\/#\/schema\/logo\/image\/","url":"https:\/\/www.iplay.com\/wp-content\/uploads\/2023\/11\/Group-6100.svg","contentUrl":"https:\/\/www.iplay.com\/wp-content\/uploads\/2023\/11\/Group-6100.svg","width":98,"height":25,"caption":"IPlay"},"image":{"@id":"https:\/\/www.iplay.com\/en\/#\/schema\/logo\/image\/"}}]}},"_links":{"self":[{"href":"https:\/\/www.iplay.com\/fr\/wp-json\/wp\/v2\/product\/134882","targetHints":{"allow":["GET"]}}],"collection":[{"href":"https:\/\/www.iplay.com\/fr\/wp-json\/wp\/v2\/product"}],"about":[{"href":"https:\/\/www.iplay.com\/fr\/wp-json\/wp\/v2\/types\/product"}],"author":[{"embeddable":true,"href":"https:\/\/www.iplay.com\/fr\/wp-json\/wp\/v2\/users\/17"}],"replies":[{"embeddable":true,"href":"https:\/\/www.iplay.com\/fr\/wp-json\/wp\/v2\/comments?post=134882"}],"wp:featuredmedia":[{"embeddable":true,"href":"https:\/\/www.iplay.com\/fr\/wp-json\/wp\/v2\/media\/79144"}],"wp:attachment":[{"href":"https:\/\/www.iplay.com\/fr\/wp-json\/wp\/v2\/media?parent=134882"}],"wp:term":[{"taxonomy":"product_brand","embeddable":true,"href":"https:\/\/www.iplay.com\/fr\/wp-json\/wp\/v2\/product_brand?post=134882"},{"taxonomy":"product_cat","embeddable":true,"href":"https:\/\/www.iplay.com\/fr\/wp-json\/wp\/v2\/product_cat?post=134882"},{"taxonomy":"product_tag","embeddable":true,"href":"https:\/\/www.iplay.com\/fr\/wp-json\/wp\/v2\/product_tag?post=134882"}],"curies":[{"name":"wp","href":"https:\/\/api.w.org\/{rel}","templated":true}]}}