{"id":134866,"date":"2021-01-03T00:00:00","date_gmt":"2021-01-03T00:00:00","guid":{"rendered":"https:\/\/www.iplay.com\/games\/hidden-expedition-the-price-of-paradise-collectors-edition\/"},"modified":"2021-01-03T00:00:00","modified_gmt":"2021-01-03T00:00:00","slug":"hidden-expedition-the-price-of-paradise-collectors-edition","status":"publish","type":"product","link":"https:\/\/www.iplay.com\/fr\/games\/hidden-expedition-the-price-of-paradise-collectors-edition\/","title":{"rendered":"Hidden Expedition: The Price of Paradise Collector&#8217;s Edition"},"content":{"rendered":"<p>C\u2019est avec une grande fiert\u00e9 que nous vous pr\u00e9sentons le prochain volet passionnant de la s\u00e9rie <em>Hidden Expedition<\/em> . Le texte se lit comme suit : En tant que sp\u00e9cialiste des anciennes langues azt\u00e8ques, il s\u2019agit de votre premi\u00e8re excursion sur le terrain. Vous voulez impressionner les gens, mais lorsque Coatlicue, la d\u00e9esse azt\u00e8que de la nature, est r\u00e9veill\u00e9e, les choses prennent une tournure surprenante ! C\u2019est maintenant \u00e0 vous de trouver et d\u2019arr\u00eater l\u2019humain que Coatlicue a charg\u00e9 de mener \u00e0 bien sa mission de reconqu\u00e9rir la plan\u00e8te et de punir l\u2019humanit\u00e9. Il vous faudra toute votre ruse et vos capacit\u00e9s de r\u00e9solution d\u2019\u00e9nigmes pour d\u00e9jouer cette menace mortelle et livrer Coatlicue \u00e0 son repos \u00e9ternel. Pouvez-vous relever son d\u00e9fi avec suffisamment de bravoure ? D\u00e9couvrez-le dans cette nouvelle aventure de puzzle palpitante avec des objets cach\u00e9s !     <\/p>\n<p>&nbsp;<\/p>\n<p>&nbsp;<\/p>\n<p><strong>Fonctionnalit\u00e9s:<\/strong><\/p>\n<p>&nbsp;<\/p>\n<p>&#8211; Accompagnez Dave Brannan et l\u2019\u00e9quipe H.E.L.P. alors qu\u2019ils traquent les membres de la Relic Sales Company, un gang qui vole des artefacts et qui est assez dangereux.<\/p>\n<p>&#8211; Aidez \u00e0 pr\u00e9server le Vase du vent et d\u2019autres puissantes reliques azt\u00e8ques !<\/p>\n<p>&#8211; Tout au long du jeu, recherchez des souvenirs et des morceaux de calendrier azt\u00e8que pour d\u00e9bloquer des histoires suppl\u00e9mentaires.<\/p>\n<p>&#8211; Rejouez \u00e0 vos mini-jeux et SOC pr\u00e9f\u00e9r\u00e9s pour augmenter vos points de succ\u00e8s !<\/p>\n<p>&#8211; Stockez vos meilleures exp\u00e9riences azt\u00e8ques sous forme d\u2019art conceptuel, de musique et de fonds d\u2019\u00e9cran.<\/p>\n<p>&#8211; Utilisez le guide de strat\u00e9gie pour garder le cap sur votre voyage !<\/p>\n","protected":false},"excerpt":{"rendered":"<p>Dame Nature rend le feu ! L\u2019\u00e9dition collector de Hidden Expedition : Le Prix du Paradis <\/p>\n","protected":false},"author":17,"featured_media":81181,"comment_status":"open","ping_status":"closed","template":"","meta":{"_acf_changed":false,"inline_featured_image":false},"product_brand":[],"product_cat":[165],"product_tag":[287],"class_list":{"0":"post-134866","1":"product","2":"type-product","3":"status-publish","4":"has-post-thumbnail","6":"product_cat-hidden-object-fr","7":"product_tag-play-on-pc-fr","9":"first","10":"instock","11":"shipping-taxable","12":"purchasable","13":"product-type-simple"},"acf":[],"yoast_head":"<!-- This site is optimized with the Yoast SEO Premium plugin v25.2 (Yoast SEO v25.2) - https:\/\/yoast.com\/wordpress\/plugins\/seo\/ -->\n<title>Hidden Expedition\u00a0: Le Prix du Paradis Edition Collector - Il est temps pour Dame Nature de se battre<\/title>\n<meta name=\"description\" content=\"Dame Nature rend le feu ! L\u2019\u00e9dition collector de Hidden Expedition : Le Prix du Paradis\" \/>\n<meta name=\"robots\" content=\"index, follow, max-snippet:-1, max-image-preview:large, max-video-preview:-1\" \/>\n<link rel=\"canonical\" href=\"https:\/\/www.iplay.com\/fr\/games\/hidden-expedition-the-price-of-paradise-collectors-edition\/\" \/>\n<meta property=\"og:locale\" content=\"fr_FR\" \/>\n<meta property=\"og:type\" content=\"article\" \/>\n<meta property=\"og:title\" content=\"Hidden Expedition: The Price of Paradise Collector&#039;s Edition\" \/>\n<meta property=\"og:description\" content=\"Dame Nature rend le feu ! L\u2019\u00e9dition collector de Hidden Expedition : Le Prix du Paradis\" \/>\n<meta property=\"og:url\" content=\"https:\/\/www.iplay.com\/fr\/games\/hidden-expedition-the-price-of-paradise-collectors-edition\/\" \/>\n<meta property=\"og:site_name\" content=\"IPlay\" \/>\n<meta property=\"og:image\" content=\"https:\/\/www.iplay.com\/wp-content\/uploads\/2023\/12\/large_square_tile_image-2579.jpg\" \/>\n\t<meta property=\"og:image:width\" content=\"310\" \/>\n\t<meta property=\"og:image:height\" content=\"310\" \/>\n\t<meta property=\"og:image:type\" content=\"image\/jpeg\" \/>\n<meta name=\"twitter:card\" content=\"summary_large_image\" \/>\n<meta name=\"twitter:label1\" content=\"Dur\u00e9e de lecture estim\u00e9e\" \/>\n\t<meta name=\"twitter:data1\" content=\"1 minute\" \/>\n<script type=\"application\/ld+json\" class=\"yoast-schema-graph\">{\"@context\":\"https:\/\/schema.org\",\"@graph\":[{\"@type\":\"WebPage\",\"@id\":\"https:\/\/www.iplay.com\/fr\/games\/hidden-expedition-the-price-of-paradise-collectors-edition\/\",\"url\":\"https:\/\/www.iplay.com\/fr\/games\/hidden-expedition-the-price-of-paradise-collectors-edition\/\",\"name\":\"Hidden Expedition\u00a0: Le Prix du Paradis Edition Collector - Il est temps pour Dame Nature de se battre\",\"isPartOf\":{\"@id\":\"https:\/\/www.iplay.com\/en\/#website\"},\"primaryImageOfPage\":{\"@id\":\"https:\/\/www.iplay.com\/fr\/games\/hidden-expedition-the-price-of-paradise-collectors-edition\/#primaryimage\"},\"image\":{\"@id\":\"https:\/\/www.iplay.com\/fr\/games\/hidden-expedition-the-price-of-paradise-collectors-edition\/#primaryimage\"},\"thumbnailUrl\":\"https:\/\/www.iplay.com\/wp-content\/uploads\/2023\/12\/large_square_tile_image-2579.jpg\",\"datePublished\":\"2021-01-03T00:00:00+00:00\",\"description\":\"Dame Nature rend le feu ! L\u2019\u00e9dition collector de Hidden Expedition : Le Prix du Paradis\",\"breadcrumb\":{\"@id\":\"https:\/\/www.iplay.com\/fr\/games\/hidden-expedition-the-price-of-paradise-collectors-edition\/#breadcrumb\"},\"inLanguage\":\"fr-FR\",\"potentialAction\":[{\"@type\":\"ReadAction\",\"target\":[\"https:\/\/www.iplay.com\/fr\/games\/hidden-expedition-the-price-of-paradise-collectors-edition\/\"]}]},{\"@type\":\"ImageObject\",\"inLanguage\":\"fr-FR\",\"@id\":\"https:\/\/www.iplay.com\/fr\/games\/hidden-expedition-the-price-of-paradise-collectors-edition\/#primaryimage\",\"url\":\"https:\/\/www.iplay.com\/wp-content\/uploads\/2023\/12\/large_square_tile_image-2579.jpg\",\"contentUrl\":\"https:\/\/www.iplay.com\/wp-content\/uploads\/2023\/12\/large_square_tile_image-2579.jpg\",\"width\":310,\"height\":310},{\"@type\":\"BreadcrumbList\",\"@id\":\"https:\/\/www.iplay.com\/fr\/games\/hidden-expedition-the-price-of-paradise-collectors-edition\/#breadcrumb\",\"itemListElement\":[{\"@type\":\"ListItem\",\"position\":1,\"name\":\"Home\",\"item\":\"https:\/\/www.iplay.com\/fr\/home-page-2\/\"},{\"@type\":\"ListItem\",\"position\":2,\"name\":\"Shop\",\"item\":\"https:\/\/www.iplay.com\/en\/shop\/\"},{\"@type\":\"ListItem\",\"position\":3,\"name\":\"Hidden Expedition: The Price of Paradise Collector&#8217;s Edition\"}]},{\"@type\":\"WebSite\",\"@id\":\"https:\/\/www.iplay.com\/en\/#website\",\"url\":\"https:\/\/www.iplay.com\/en\/\",\"name\":\"IPlay\",\"description\":\"The Best Casual Games!\",\"publisher\":{\"@id\":\"https:\/\/www.iplay.com\/en\/#organization\"},\"potentialAction\":[{\"@type\":\"SearchAction\",\"target\":{\"@type\":\"EntryPoint\",\"urlTemplate\":\"https:\/\/www.iplay.com\/en\/?s={search_term_string}\"},\"query-input\":{\"@type\":\"PropertyValueSpecification\",\"valueRequired\":true,\"valueName\":\"search_term_string\"}}],\"inLanguage\":\"fr-FR\"},{\"@type\":\"Organization\",\"@id\":\"https:\/\/www.iplay.com\/en\/#organization\",\"name\":\"IPlay\",\"url\":\"https:\/\/www.iplay.com\/en\/\",\"logo\":{\"@type\":\"ImageObject\",\"inLanguage\":\"fr-FR\",\"@id\":\"https:\/\/www.iplay.com\/en\/#\/schema\/logo\/image\/\",\"url\":\"https:\/\/www.iplay.com\/wp-content\/uploads\/2023\/11\/Group-6100.svg\",\"contentUrl\":\"https:\/\/www.iplay.com\/wp-content\/uploads\/2023\/11\/Group-6100.svg\",\"width\":98,\"height\":25,\"caption\":\"IPlay\"},\"image\":{\"@id\":\"https:\/\/www.iplay.com\/en\/#\/schema\/logo\/image\/\"}}]}<\/script>\n<!-- \/ Yoast SEO Premium plugin. -->","yoast_head_json":{"title":"Hidden Expedition\u00a0: Le Prix du Paradis Edition Collector - Il est temps pour Dame Nature de se battre","description":"Dame Nature rend le feu ! L\u2019\u00e9dition collector de Hidden Expedition : Le Prix du Paradis","robots":{"index":"index","follow":"follow","max-snippet":"max-snippet:-1","max-image-preview":"max-image-preview:large","max-video-preview":"max-video-preview:-1"},"canonical":"https:\/\/www.iplay.com\/fr\/games\/hidden-expedition-the-price-of-paradise-collectors-edition\/","og_locale":"fr_FR","og_type":"article","og_title":"Hidden Expedition: The Price of Paradise Collector's Edition","og_description":"Dame Nature rend le feu ! L\u2019\u00e9dition collector de Hidden Expedition : Le Prix du Paradis","og_url":"https:\/\/www.iplay.com\/fr\/games\/hidden-expedition-the-price-of-paradise-collectors-edition\/","og_site_name":"IPlay","og_image":[{"width":310,"height":310,"url":"https:\/\/www.iplay.com\/wp-content\/uploads\/2023\/12\/large_square_tile_image-2579.jpg","type":"image\/jpeg"}],"twitter_card":"summary_large_image","twitter_misc":{"Dur\u00e9e de lecture estim\u00e9e":"1 minute"},"schema":{"@context":"https:\/\/schema.org","@graph":[{"@type":"WebPage","@id":"https:\/\/www.iplay.com\/fr\/games\/hidden-expedition-the-price-of-paradise-collectors-edition\/","url":"https:\/\/www.iplay.com\/fr\/games\/hidden-expedition-the-price-of-paradise-collectors-edition\/","name":"Hidden Expedition\u00a0: Le Prix du Paradis Edition Collector - Il est temps pour Dame Nature de se battre","isPartOf":{"@id":"https:\/\/www.iplay.com\/en\/#website"},"primaryImageOfPage":{"@id":"https:\/\/www.iplay.com\/fr\/games\/hidden-expedition-the-price-of-paradise-collectors-edition\/#primaryimage"},"image":{"@id":"https:\/\/www.iplay.com\/fr\/games\/hidden-expedition-the-price-of-paradise-collectors-edition\/#primaryimage"},"thumbnailUrl":"https:\/\/www.iplay.com\/wp-content\/uploads\/2023\/12\/large_square_tile_image-2579.jpg","datePublished":"2021-01-03T00:00:00+00:00","description":"Dame Nature rend le feu ! L\u2019\u00e9dition collector de Hidden Expedition : Le Prix du Paradis","breadcrumb":{"@id":"https:\/\/www.iplay.com\/fr\/games\/hidden-expedition-the-price-of-paradise-collectors-edition\/#breadcrumb"},"inLanguage":"fr-FR","potentialAction":[{"@type":"ReadAction","target":["https:\/\/www.iplay.com\/fr\/games\/hidden-expedition-the-price-of-paradise-collectors-edition\/"]}]},{"@type":"ImageObject","inLanguage":"fr-FR","@id":"https:\/\/www.iplay.com\/fr\/games\/hidden-expedition-the-price-of-paradise-collectors-edition\/#primaryimage","url":"https:\/\/www.iplay.com\/wp-content\/uploads\/2023\/12\/large_square_tile_image-2579.jpg","contentUrl":"https:\/\/www.iplay.com\/wp-content\/uploads\/2023\/12\/large_square_tile_image-2579.jpg","width":310,"height":310},{"@type":"BreadcrumbList","@id":"https:\/\/www.iplay.com\/fr\/games\/hidden-expedition-the-price-of-paradise-collectors-edition\/#breadcrumb","itemListElement":[{"@type":"ListItem","position":1,"name":"Home","item":"https:\/\/www.iplay.com\/fr\/home-page-2\/"},{"@type":"ListItem","position":2,"name":"Shop","item":"https:\/\/www.iplay.com\/en\/shop\/"},{"@type":"ListItem","position":3,"name":"Hidden Expedition: The Price of Paradise Collector&#8217;s Edition"}]},{"@type":"WebSite","@id":"https:\/\/www.iplay.com\/en\/#website","url":"https:\/\/www.iplay.com\/en\/","name":"IPlay","description":"The Best Casual Games!","publisher":{"@id":"https:\/\/www.iplay.com\/en\/#organization"},"potentialAction":[{"@type":"SearchAction","target":{"@type":"EntryPoint","urlTemplate":"https:\/\/www.iplay.com\/en\/?s={search_term_string}"},"query-input":{"@type":"PropertyValueSpecification","valueRequired":true,"valueName":"search_term_string"}}],"inLanguage":"fr-FR"},{"@type":"Organization","@id":"https:\/\/www.iplay.com\/en\/#organization","name":"IPlay","url":"https:\/\/www.iplay.com\/en\/","logo":{"@type":"ImageObject","inLanguage":"fr-FR","@id":"https:\/\/www.iplay.com\/en\/#\/schema\/logo\/image\/","url":"https:\/\/www.iplay.com\/wp-content\/uploads\/2023\/11\/Group-6100.svg","contentUrl":"https:\/\/www.iplay.com\/wp-content\/uploads\/2023\/11\/Group-6100.svg","width":98,"height":25,"caption":"IPlay"},"image":{"@id":"https:\/\/www.iplay.com\/en\/#\/schema\/logo\/image\/"}}]}},"_links":{"self":[{"href":"https:\/\/www.iplay.com\/fr\/wp-json\/wp\/v2\/product\/134866","targetHints":{"allow":["GET"]}}],"collection":[{"href":"https:\/\/www.iplay.com\/fr\/wp-json\/wp\/v2\/product"}],"about":[{"href":"https:\/\/www.iplay.com\/fr\/wp-json\/wp\/v2\/types\/product"}],"author":[{"embeddable":true,"href":"https:\/\/www.iplay.com\/fr\/wp-json\/wp\/v2\/users\/17"}],"replies":[{"embeddable":true,"href":"https:\/\/www.iplay.com\/fr\/wp-json\/wp\/v2\/comments?post=134866"}],"wp:featuredmedia":[{"embeddable":true,"href":"https:\/\/www.iplay.com\/fr\/wp-json\/wp\/v2\/media\/81181"}],"wp:attachment":[{"href":"https:\/\/www.iplay.com\/fr\/wp-json\/wp\/v2\/media?parent=134866"}],"wp:term":[{"taxonomy":"product_brand","embeddable":true,"href":"https:\/\/www.iplay.com\/fr\/wp-json\/wp\/v2\/product_brand?post=134866"},{"taxonomy":"product_cat","embeddable":true,"href":"https:\/\/www.iplay.com\/fr\/wp-json\/wp\/v2\/product_cat?post=134866"},{"taxonomy":"product_tag","embeddable":true,"href":"https:\/\/www.iplay.com\/fr\/wp-json\/wp\/v2\/product_tag?post=134866"}],"curies":[{"name":"wp","href":"https:\/\/api.w.org\/{rel}","templated":true}]}}