{"id":134852,"date":"2021-03-26T00:00:00","date_gmt":"2021-03-26T00:00:00","guid":{"rendered":"https:\/\/www.iplay.com\/games\/grim-tales-heritage-collectors-edition\/"},"modified":"2021-03-26T00:00:00","modified_gmt":"2021-03-26T00:00:00","slug":"grim-tales-heritage-collectors-edition","status":"publish","type":"product","link":"https:\/\/www.iplay.com\/fr\/games\/grim-tales-heritage-collectors-edition\/","title":{"rendered":"Grim Tales: Heritage Collector&#8217;s Edition"},"content":{"rendered":"<p>Grim Tales pr\u00e9sente le dernier \u00e9pisode qui fait froid dans le dos ! Maureen, votre belle-s\u0153ur, a re\u00e7u un article de journal du futur, qui raconte sa propre mort ! Vous et votre fille Alice venez \u00e0 son secours pendant que votre p\u00e8re Richard est hors de la ville. Le caract\u00e8re gentil de Maureen semble l\u2019avoir mise du mauvais c\u00f4t\u00e9 de quelqu\u2019un, mais qui veut sa mort et pourquoi ? Pouvez-vous aller \u00e0 temps et emp\u00eacher un criminel mortel de ruiner le bon travail et la vie de Maureen ? D\u00e9couvrez la r\u00e9ponse dans cette aventure passionnante de puzzle d\u2019objets cach\u00e9s ! Dans le jeu bonus, d\u00e9terrez le pass\u00e9 tumultueux de deux familles et tentez de mettre fin \u00e0 un conflit s\u00e9culaire !      <\/p>\n<p>&nbsp;<\/p>\n<p>&nbsp;<\/p>\n<p><strong>Fonctionnalit\u00e9s:<\/strong><\/p>\n<p>&nbsp;<\/p>\n<p>&#8211; Rejouez \u00e0 vos HOPS et mini-jeux pr\u00e9f\u00e9r\u00e9s pour obtenir une multitude de nouvelles r\u00e9alisations !<\/p>\n<p>&#8211; Il y a une pl\u00e9thore de mod\u00e8les \u00e0 collectionner, d\u2019\u00e9conomiseurs d\u2019\u00e9cran et de choses m\u00e9tamorphes \u00e0 d\u00e9couvrir !<\/p>\n<p>&#8211; Obtenez des \u00e9conomiseurs d\u2019\u00e9cran sp\u00e9ciaux, des fonds d\u2019\u00e9cran, une bande-son, des illustrations conceptuelles, la salle secr\u00e8te et bien plus encore !<\/p>\n<p>&#8211; Avec le guide de strat\u00e9gie, vous ne vous perdrez jamais !<\/p>\n","protected":false},"excerpt":{"rendered":"<p>Profitez de Grim Tales&nbsp;: Heritage Collector\u2019s Edition, le dernier opus qui fait froid dans le dos !<\/p>\n","protected":false},"author":17,"featured_media":80488,"comment_status":"open","ping_status":"closed","template":"","meta":{"_acf_changed":false,"inline_featured_image":false},"product_brand":[],"product_cat":[165],"product_tag":[287],"class_list":{"0":"post-134852","1":"product","2":"type-product","3":"status-publish","4":"has-post-thumbnail","6":"product_cat-hidden-object-fr","7":"product_tag-play-on-pc-fr","9":"first","10":"instock","11":"shipping-taxable","12":"purchasable","13":"product-type-simple"},"acf":[],"yoast_head":"<!-- This site is optimized with the Yoast SEO Premium plugin v25.2 (Yoast SEO v25.2) - https:\/\/yoast.com\/wordpress\/plugins\/seo\/ -->\n<title>Grim Tales\u00a0: Heritage Collector\u2019s Edition - Recevez un avertissement effrayant du futur<\/title>\n<meta name=\"description\" content=\"Profitez de Grim Tales&nbsp;: Heritage Collector\u2019s Edition, le dernier opus qui fait froid dans le dos !\" \/>\n<meta name=\"robots\" content=\"index, follow, max-snippet:-1, max-image-preview:large, max-video-preview:-1\" \/>\n<link rel=\"canonical\" href=\"https:\/\/www.iplay.com\/fr\/games\/grim-tales-heritage-collectors-edition\/\" \/>\n<meta property=\"og:locale\" content=\"fr_FR\" \/>\n<meta property=\"og:type\" content=\"article\" \/>\n<meta property=\"og:title\" content=\"Grim Tales: Heritage Collector&#039;s Edition\" \/>\n<meta property=\"og:description\" content=\"Profitez de Grim Tales&nbsp;: Heritage Collector\u2019s Edition, le dernier opus qui fait froid dans le dos !\" \/>\n<meta property=\"og:url\" content=\"https:\/\/www.iplay.com\/fr\/games\/grim-tales-heritage-collectors-edition\/\" \/>\n<meta property=\"og:site_name\" content=\"IPlay\" \/>\n<meta property=\"og:image\" content=\"https:\/\/www.iplay.com\/wp-content\/uploads\/2023\/12\/large_square_tile_image-2536.jpg\" \/>\n\t<meta property=\"og:image:width\" content=\"310\" \/>\n\t<meta property=\"og:image:height\" content=\"310\" \/>\n\t<meta property=\"og:image:type\" content=\"image\/jpeg\" \/>\n<meta name=\"twitter:card\" content=\"summary_large_image\" \/>\n<meta name=\"twitter:label1\" content=\"Dur\u00e9e de lecture estim\u00e9e\" \/>\n\t<meta name=\"twitter:data1\" content=\"1 minute\" \/>\n<script type=\"application\/ld+json\" class=\"yoast-schema-graph\">{\"@context\":\"https:\/\/schema.org\",\"@graph\":[{\"@type\":\"WebPage\",\"@id\":\"https:\/\/www.iplay.com\/fr\/games\/grim-tales-heritage-collectors-edition\/\",\"url\":\"https:\/\/www.iplay.com\/fr\/games\/grim-tales-heritage-collectors-edition\/\",\"name\":\"Grim Tales\u00a0: Heritage Collector\u2019s Edition - Recevez un avertissement effrayant du futur\",\"isPartOf\":{\"@id\":\"https:\/\/www.iplay.com\/en\/#website\"},\"primaryImageOfPage\":{\"@id\":\"https:\/\/www.iplay.com\/fr\/games\/grim-tales-heritage-collectors-edition\/#primaryimage\"},\"image\":{\"@id\":\"https:\/\/www.iplay.com\/fr\/games\/grim-tales-heritage-collectors-edition\/#primaryimage\"},\"thumbnailUrl\":\"https:\/\/www.iplay.com\/wp-content\/uploads\/2023\/12\/large_square_tile_image-2536.jpg\",\"datePublished\":\"2021-03-26T00:00:00+00:00\",\"description\":\"Profitez de Grim Tales&nbsp;: Heritage Collector\u2019s Edition, le dernier opus qui fait froid dans le dos !\",\"breadcrumb\":{\"@id\":\"https:\/\/www.iplay.com\/fr\/games\/grim-tales-heritage-collectors-edition\/#breadcrumb\"},\"inLanguage\":\"fr-FR\",\"potentialAction\":[{\"@type\":\"ReadAction\",\"target\":[\"https:\/\/www.iplay.com\/fr\/games\/grim-tales-heritage-collectors-edition\/\"]}]},{\"@type\":\"ImageObject\",\"inLanguage\":\"fr-FR\",\"@id\":\"https:\/\/www.iplay.com\/fr\/games\/grim-tales-heritage-collectors-edition\/#primaryimage\",\"url\":\"https:\/\/www.iplay.com\/wp-content\/uploads\/2023\/12\/large_square_tile_image-2536.jpg\",\"contentUrl\":\"https:\/\/www.iplay.com\/wp-content\/uploads\/2023\/12\/large_square_tile_image-2536.jpg\",\"width\":310,\"height\":310},{\"@type\":\"BreadcrumbList\",\"@id\":\"https:\/\/www.iplay.com\/fr\/games\/grim-tales-heritage-collectors-edition\/#breadcrumb\",\"itemListElement\":[{\"@type\":\"ListItem\",\"position\":1,\"name\":\"Home\",\"item\":\"https:\/\/www.iplay.com\/fr\/home-page-2\/\"},{\"@type\":\"ListItem\",\"position\":2,\"name\":\"Shop\",\"item\":\"https:\/\/www.iplay.com\/en\/shop\/\"},{\"@type\":\"ListItem\",\"position\":3,\"name\":\"Grim Tales: Heritage Collector&#8217;s Edition\"}]},{\"@type\":\"WebSite\",\"@id\":\"https:\/\/www.iplay.com\/en\/#website\",\"url\":\"https:\/\/www.iplay.com\/en\/\",\"name\":\"IPlay\",\"description\":\"The Best Casual Games!\",\"publisher\":{\"@id\":\"https:\/\/www.iplay.com\/en\/#organization\"},\"potentialAction\":[{\"@type\":\"SearchAction\",\"target\":{\"@type\":\"EntryPoint\",\"urlTemplate\":\"https:\/\/www.iplay.com\/en\/?s={search_term_string}\"},\"query-input\":{\"@type\":\"PropertyValueSpecification\",\"valueRequired\":true,\"valueName\":\"search_term_string\"}}],\"inLanguage\":\"fr-FR\"},{\"@type\":\"Organization\",\"@id\":\"https:\/\/www.iplay.com\/en\/#organization\",\"name\":\"IPlay\",\"url\":\"https:\/\/www.iplay.com\/en\/\",\"logo\":{\"@type\":\"ImageObject\",\"inLanguage\":\"fr-FR\",\"@id\":\"https:\/\/www.iplay.com\/en\/#\/schema\/logo\/image\/\",\"url\":\"https:\/\/www.iplay.com\/wp-content\/uploads\/2023\/11\/Group-6100.svg\",\"contentUrl\":\"https:\/\/www.iplay.com\/wp-content\/uploads\/2023\/11\/Group-6100.svg\",\"width\":98,\"height\":25,\"caption\":\"IPlay\"},\"image\":{\"@id\":\"https:\/\/www.iplay.com\/en\/#\/schema\/logo\/image\/\"}}]}<\/script>\n<!-- \/ Yoast SEO Premium plugin. -->","yoast_head_json":{"title":"Grim Tales\u00a0: Heritage Collector\u2019s Edition - Recevez un avertissement effrayant du futur","description":"Profitez de Grim Tales&nbsp;: Heritage Collector\u2019s Edition, le dernier opus qui fait froid dans le dos !","robots":{"index":"index","follow":"follow","max-snippet":"max-snippet:-1","max-image-preview":"max-image-preview:large","max-video-preview":"max-video-preview:-1"},"canonical":"https:\/\/www.iplay.com\/fr\/games\/grim-tales-heritage-collectors-edition\/","og_locale":"fr_FR","og_type":"article","og_title":"Grim Tales: Heritage Collector's Edition","og_description":"Profitez de Grim Tales&nbsp;: Heritage Collector\u2019s Edition, le dernier opus qui fait froid dans le dos !","og_url":"https:\/\/www.iplay.com\/fr\/games\/grim-tales-heritage-collectors-edition\/","og_site_name":"IPlay","og_image":[{"width":310,"height":310,"url":"https:\/\/www.iplay.com\/wp-content\/uploads\/2023\/12\/large_square_tile_image-2536.jpg","type":"image\/jpeg"}],"twitter_card":"summary_large_image","twitter_misc":{"Dur\u00e9e de lecture estim\u00e9e":"1 minute"},"schema":{"@context":"https:\/\/schema.org","@graph":[{"@type":"WebPage","@id":"https:\/\/www.iplay.com\/fr\/games\/grim-tales-heritage-collectors-edition\/","url":"https:\/\/www.iplay.com\/fr\/games\/grim-tales-heritage-collectors-edition\/","name":"Grim Tales\u00a0: Heritage Collector\u2019s Edition - Recevez un avertissement effrayant du futur","isPartOf":{"@id":"https:\/\/www.iplay.com\/en\/#website"},"primaryImageOfPage":{"@id":"https:\/\/www.iplay.com\/fr\/games\/grim-tales-heritage-collectors-edition\/#primaryimage"},"image":{"@id":"https:\/\/www.iplay.com\/fr\/games\/grim-tales-heritage-collectors-edition\/#primaryimage"},"thumbnailUrl":"https:\/\/www.iplay.com\/wp-content\/uploads\/2023\/12\/large_square_tile_image-2536.jpg","datePublished":"2021-03-26T00:00:00+00:00","description":"Profitez de Grim Tales&nbsp;: Heritage Collector\u2019s Edition, le dernier opus qui fait froid dans le dos !","breadcrumb":{"@id":"https:\/\/www.iplay.com\/fr\/games\/grim-tales-heritage-collectors-edition\/#breadcrumb"},"inLanguage":"fr-FR","potentialAction":[{"@type":"ReadAction","target":["https:\/\/www.iplay.com\/fr\/games\/grim-tales-heritage-collectors-edition\/"]}]},{"@type":"ImageObject","inLanguage":"fr-FR","@id":"https:\/\/www.iplay.com\/fr\/games\/grim-tales-heritage-collectors-edition\/#primaryimage","url":"https:\/\/www.iplay.com\/wp-content\/uploads\/2023\/12\/large_square_tile_image-2536.jpg","contentUrl":"https:\/\/www.iplay.com\/wp-content\/uploads\/2023\/12\/large_square_tile_image-2536.jpg","width":310,"height":310},{"@type":"BreadcrumbList","@id":"https:\/\/www.iplay.com\/fr\/games\/grim-tales-heritage-collectors-edition\/#breadcrumb","itemListElement":[{"@type":"ListItem","position":1,"name":"Home","item":"https:\/\/www.iplay.com\/fr\/home-page-2\/"},{"@type":"ListItem","position":2,"name":"Shop","item":"https:\/\/www.iplay.com\/en\/shop\/"},{"@type":"ListItem","position":3,"name":"Grim Tales: Heritage Collector&#8217;s Edition"}]},{"@type":"WebSite","@id":"https:\/\/www.iplay.com\/en\/#website","url":"https:\/\/www.iplay.com\/en\/","name":"IPlay","description":"The Best Casual Games!","publisher":{"@id":"https:\/\/www.iplay.com\/en\/#organization"},"potentialAction":[{"@type":"SearchAction","target":{"@type":"EntryPoint","urlTemplate":"https:\/\/www.iplay.com\/en\/?s={search_term_string}"},"query-input":{"@type":"PropertyValueSpecification","valueRequired":true,"valueName":"search_term_string"}}],"inLanguage":"fr-FR"},{"@type":"Organization","@id":"https:\/\/www.iplay.com\/en\/#organization","name":"IPlay","url":"https:\/\/www.iplay.com\/en\/","logo":{"@type":"ImageObject","inLanguage":"fr-FR","@id":"https:\/\/www.iplay.com\/en\/#\/schema\/logo\/image\/","url":"https:\/\/www.iplay.com\/wp-content\/uploads\/2023\/11\/Group-6100.svg","contentUrl":"https:\/\/www.iplay.com\/wp-content\/uploads\/2023\/11\/Group-6100.svg","width":98,"height":25,"caption":"IPlay"},"image":{"@id":"https:\/\/www.iplay.com\/en\/#\/schema\/logo\/image\/"}}]}},"_links":{"self":[{"href":"https:\/\/www.iplay.com\/fr\/wp-json\/wp\/v2\/product\/134852","targetHints":{"allow":["GET"]}}],"collection":[{"href":"https:\/\/www.iplay.com\/fr\/wp-json\/wp\/v2\/product"}],"about":[{"href":"https:\/\/www.iplay.com\/fr\/wp-json\/wp\/v2\/types\/product"}],"author":[{"embeddable":true,"href":"https:\/\/www.iplay.com\/fr\/wp-json\/wp\/v2\/users\/17"}],"replies":[{"embeddable":true,"href":"https:\/\/www.iplay.com\/fr\/wp-json\/wp\/v2\/comments?post=134852"}],"wp:featuredmedia":[{"embeddable":true,"href":"https:\/\/www.iplay.com\/fr\/wp-json\/wp\/v2\/media\/80488"}],"wp:attachment":[{"href":"https:\/\/www.iplay.com\/fr\/wp-json\/wp\/v2\/media?parent=134852"}],"wp:term":[{"taxonomy":"product_brand","embeddable":true,"href":"https:\/\/www.iplay.com\/fr\/wp-json\/wp\/v2\/product_brand?post=134852"},{"taxonomy":"product_cat","embeddable":true,"href":"https:\/\/www.iplay.com\/fr\/wp-json\/wp\/v2\/product_cat?post=134852"},{"taxonomy":"product_tag","embeddable":true,"href":"https:\/\/www.iplay.com\/fr\/wp-json\/wp\/v2\/product_tag?post=134852"}],"curies":[{"name":"wp","href":"https:\/\/api.w.org\/{rel}","templated":true}]}}