{"id":134838,"date":"2021-05-07T00:00:00","date_gmt":"2021-05-07T00:00:00","guid":{"rendered":"https:\/\/www.iplay.com\/games\/enchanted-kingdom-master-of-riddles-collectors-edition\/"},"modified":"2021-05-07T00:00:00","modified_gmt":"2021-05-07T00:00:00","slug":"enchanted-kingdom-master-of-riddles-collectors-edition","status":"publish","type":"product","link":"https:\/\/www.iplay.com\/fr\/games\/enchanted-kingdom-master-of-riddles-collectors-edition\/","title":{"rendered":"Enchanted Kingdom: Master of Riddles Collector&#8217;s Edition"},"content":{"rendered":"<p>Le dernier sorcier puissant a scell\u00e9 la magie du royaume il y a longtemps avec des \u00e9nigmes cryptiques et l\u2019a dissimul\u00e9e au sein de l\u2019empire. Vous avez \u00e9t\u00e9 appel\u00e9 pour aider l\u2019Empereur \u00e0 restaurer la magie comme moyen de pr\u00e9server votre pays alors qu\u2019une guerre est sur le point d\u2019\u00e9clater ! Ce ne sera pas une t\u00e2che facile, cependant. Votre grand-p\u00e8re a dissimul\u00e9 la magie dans un but, et elle a le potentiel d\u2019\u00eatre \u00e0 la fois b\u00e9n\u00e9fique et terrible. \u00cates-vous capable d\u2019explorer le royaume et de sauver votre maison avant qu\u2019il ne soit trop tard ? Vous le d\u00e9couvrirez dans ce captivant voyage de puzzle d\u2019objets cach\u00e9s !     <\/p>\n<p>&nbsp;<\/p>\n<p>&nbsp;<\/p>\n<p><strong>Fonctionnalit\u00e9s:<\/strong><\/p>\n<p>&nbsp;<\/p>\n<p>&#8211; Localisez les perles et redonnez de l\u2019allure au royaume !<\/p>\n<p>&#8211; Recherchez des pi\u00e8ces m\u00e9tamorphes, des potions et des coquillages cach\u00e9s pendant que vous jouez.<\/p>\n<p>&#8211; Vous pouvez perfectionner vos capacit\u00e9s en jouant \u00e0 des mini-jeux et \u00e0 des SOC dans les bonus.<\/p>\n<p>&#8211; Vous allez vous r\u00e9galer avec des fonds d\u2019\u00e9cran originaux, de la musique, des dessins conceptuels, des films et bien plus encore !<\/p>\n<p>&#8211; Vous ne vous perdrez jamais si vous utilisez le guide de strat\u00e9gie !<\/p>\n","protected":false},"excerpt":{"rendered":"<p>Pouvez-vous rendre de la magie dans votre maison \u00e0 temps pour la pr\u00e9server ? Dans Magical Kingdom&nbsp;: Le Ma\u00eetre des Myst\u00e8res CE <\/p>\n","protected":false},"author":17,"featured_media":106034,"comment_status":"open","ping_status":"closed","template":"","meta":{"_acf_changed":false,"inline_featured_image":false},"product_brand":[],"product_cat":[165],"product_tag":[287],"class_list":{"0":"post-134838","1":"product","2":"type-product","3":"status-publish","4":"has-post-thumbnail","6":"product_cat-hidden-object-fr","7":"product_tag-play-on-pc-fr","9":"first","10":"instock","11":"shipping-taxable","12":"purchasable","13":"product-type-simple"},"acf":[],"yoast_head":"<!-- This site is optimized with the Yoast SEO Premium plugin v25.2 (Yoast SEO v25.2) - https:\/\/yoast.com\/wordpress\/plugins\/seo\/ -->\n<title>Royaume Enchant\u00e9\u00a0: Le Ma\u00eetre des Jedusor \u00c9dition Collector - Restaurez la magie pour sauver votre maison dans le Royaume Enchant\u00e9<\/title>\n<meta name=\"description\" content=\"Pouvez-vous rendre de la magie dans votre maison \u00e0 temps pour la pr\u00e9server ? Dans Magical Kingdom&nbsp;: Le Ma\u00eetre des Myst\u00e8res CE\" \/>\n<meta name=\"robots\" content=\"index, follow, max-snippet:-1, max-image-preview:large, max-video-preview:-1\" \/>\n<link rel=\"canonical\" href=\"https:\/\/www.iplay.com\/fr\/games\/enchanted-kingdom-master-of-riddles-collectors-edition\/\" \/>\n<meta property=\"og:locale\" content=\"fr_FR\" \/>\n<meta property=\"og:type\" content=\"article\" \/>\n<meta property=\"og:title\" content=\"Enchanted Kingdom: Master of Riddles Collector&#039;s Edition\" \/>\n<meta property=\"og:description\" content=\"Pouvez-vous rendre de la magie dans votre maison \u00e0 temps pour la pr\u00e9server ? Dans Magical Kingdom&nbsp;: Le Ma\u00eetre des Myst\u00e8res CE\" \/>\n<meta property=\"og:url\" content=\"https:\/\/www.iplay.com\/fr\/games\/enchanted-kingdom-master-of-riddles-collectors-edition\/\" \/>\n<meta property=\"og:site_name\" content=\"IPlay\" \/>\n<meta property=\"og:image\" content=\"https:\/\/www.iplay.com\/wp-content\/uploads\/2023\/12\/large_square_tile_image-4145.jpg\" \/>\n\t<meta property=\"og:image:width\" content=\"310\" \/>\n\t<meta property=\"og:image:height\" content=\"310\" \/>\n\t<meta property=\"og:image:type\" content=\"image\/jpeg\" \/>\n<meta name=\"twitter:card\" content=\"summary_large_image\" \/>\n<meta name=\"twitter:label1\" content=\"Dur\u00e9e de lecture estim\u00e9e\" \/>\n\t<meta name=\"twitter:data1\" content=\"1 minute\" \/>\n<script type=\"application\/ld+json\" class=\"yoast-schema-graph\">{\"@context\":\"https:\/\/schema.org\",\"@graph\":[{\"@type\":\"WebPage\",\"@id\":\"https:\/\/www.iplay.com\/fr\/games\/enchanted-kingdom-master-of-riddles-collectors-edition\/\",\"url\":\"https:\/\/www.iplay.com\/fr\/games\/enchanted-kingdom-master-of-riddles-collectors-edition\/\",\"name\":\"Royaume Enchant\u00e9\u00a0: Le Ma\u00eetre des Jedusor \u00c9dition Collector - Restaurez la magie pour sauver votre maison dans le Royaume Enchant\u00e9\",\"isPartOf\":{\"@id\":\"https:\/\/www.iplay.com\/en\/#website\"},\"primaryImageOfPage\":{\"@id\":\"https:\/\/www.iplay.com\/fr\/games\/enchanted-kingdom-master-of-riddles-collectors-edition\/#primaryimage\"},\"image\":{\"@id\":\"https:\/\/www.iplay.com\/fr\/games\/enchanted-kingdom-master-of-riddles-collectors-edition\/#primaryimage\"},\"thumbnailUrl\":\"https:\/\/www.iplay.com\/wp-content\/uploads\/2023\/12\/large_square_tile_image-4145.jpg\",\"datePublished\":\"2021-05-07T00:00:00+00:00\",\"description\":\"Pouvez-vous rendre de la magie dans votre maison \u00e0 temps pour la pr\u00e9server ? Dans Magical Kingdom&nbsp;: Le Ma\u00eetre des Myst\u00e8res CE\",\"breadcrumb\":{\"@id\":\"https:\/\/www.iplay.com\/fr\/games\/enchanted-kingdom-master-of-riddles-collectors-edition\/#breadcrumb\"},\"inLanguage\":\"fr-FR\",\"potentialAction\":[{\"@type\":\"ReadAction\",\"target\":[\"https:\/\/www.iplay.com\/fr\/games\/enchanted-kingdom-master-of-riddles-collectors-edition\/\"]}]},{\"@type\":\"ImageObject\",\"inLanguage\":\"fr-FR\",\"@id\":\"https:\/\/www.iplay.com\/fr\/games\/enchanted-kingdom-master-of-riddles-collectors-edition\/#primaryimage\",\"url\":\"https:\/\/www.iplay.com\/wp-content\/uploads\/2023\/12\/large_square_tile_image-4145.jpg\",\"contentUrl\":\"https:\/\/www.iplay.com\/wp-content\/uploads\/2023\/12\/large_square_tile_image-4145.jpg\",\"width\":310,\"height\":310},{\"@type\":\"BreadcrumbList\",\"@id\":\"https:\/\/www.iplay.com\/fr\/games\/enchanted-kingdom-master-of-riddles-collectors-edition\/#breadcrumb\",\"itemListElement\":[{\"@type\":\"ListItem\",\"position\":1,\"name\":\"Home\",\"item\":\"https:\/\/www.iplay.com\/fr\/home-page-2\/\"},{\"@type\":\"ListItem\",\"position\":2,\"name\":\"Shop\",\"item\":\"https:\/\/www.iplay.com\/en\/shop\/\"},{\"@type\":\"ListItem\",\"position\":3,\"name\":\"Enchanted Kingdom: Master of Riddles Collector&#8217;s Edition\"}]},{\"@type\":\"WebSite\",\"@id\":\"https:\/\/www.iplay.com\/en\/#website\",\"url\":\"https:\/\/www.iplay.com\/en\/\",\"name\":\"IPlay\",\"description\":\"The Best Casual Games!\",\"publisher\":{\"@id\":\"https:\/\/www.iplay.com\/en\/#organization\"},\"potentialAction\":[{\"@type\":\"SearchAction\",\"target\":{\"@type\":\"EntryPoint\",\"urlTemplate\":\"https:\/\/www.iplay.com\/en\/?s={search_term_string}\"},\"query-input\":{\"@type\":\"PropertyValueSpecification\",\"valueRequired\":true,\"valueName\":\"search_term_string\"}}],\"inLanguage\":\"fr-FR\"},{\"@type\":\"Organization\",\"@id\":\"https:\/\/www.iplay.com\/en\/#organization\",\"name\":\"IPlay\",\"url\":\"https:\/\/www.iplay.com\/en\/\",\"logo\":{\"@type\":\"ImageObject\",\"inLanguage\":\"fr-FR\",\"@id\":\"https:\/\/www.iplay.com\/en\/#\/schema\/logo\/image\/\",\"url\":\"https:\/\/www.iplay.com\/wp-content\/uploads\/2023\/11\/Group-6100.svg\",\"contentUrl\":\"https:\/\/www.iplay.com\/wp-content\/uploads\/2023\/11\/Group-6100.svg\",\"width\":98,\"height\":25,\"caption\":\"IPlay\"},\"image\":{\"@id\":\"https:\/\/www.iplay.com\/en\/#\/schema\/logo\/image\/\"}}]}<\/script>\n<!-- \/ Yoast SEO Premium plugin. -->","yoast_head_json":{"title":"Royaume Enchant\u00e9\u00a0: Le Ma\u00eetre des Jedusor \u00c9dition Collector - Restaurez la magie pour sauver votre maison dans le Royaume Enchant\u00e9","description":"Pouvez-vous rendre de la magie dans votre maison \u00e0 temps pour la pr\u00e9server ? Dans Magical Kingdom&nbsp;: Le Ma\u00eetre des Myst\u00e8res CE","robots":{"index":"index","follow":"follow","max-snippet":"max-snippet:-1","max-image-preview":"max-image-preview:large","max-video-preview":"max-video-preview:-1"},"canonical":"https:\/\/www.iplay.com\/fr\/games\/enchanted-kingdom-master-of-riddles-collectors-edition\/","og_locale":"fr_FR","og_type":"article","og_title":"Enchanted Kingdom: Master of Riddles Collector's Edition","og_description":"Pouvez-vous rendre de la magie dans votre maison \u00e0 temps pour la pr\u00e9server ? Dans Magical Kingdom&nbsp;: Le Ma\u00eetre des Myst\u00e8res CE","og_url":"https:\/\/www.iplay.com\/fr\/games\/enchanted-kingdom-master-of-riddles-collectors-edition\/","og_site_name":"IPlay","og_image":[{"width":310,"height":310,"url":"https:\/\/www.iplay.com\/wp-content\/uploads\/2023\/12\/large_square_tile_image-4145.jpg","type":"image\/jpeg"}],"twitter_card":"summary_large_image","twitter_misc":{"Dur\u00e9e de lecture estim\u00e9e":"1 minute"},"schema":{"@context":"https:\/\/schema.org","@graph":[{"@type":"WebPage","@id":"https:\/\/www.iplay.com\/fr\/games\/enchanted-kingdom-master-of-riddles-collectors-edition\/","url":"https:\/\/www.iplay.com\/fr\/games\/enchanted-kingdom-master-of-riddles-collectors-edition\/","name":"Royaume Enchant\u00e9\u00a0: Le Ma\u00eetre des Jedusor \u00c9dition Collector - Restaurez la magie pour sauver votre maison dans le Royaume Enchant\u00e9","isPartOf":{"@id":"https:\/\/www.iplay.com\/en\/#website"},"primaryImageOfPage":{"@id":"https:\/\/www.iplay.com\/fr\/games\/enchanted-kingdom-master-of-riddles-collectors-edition\/#primaryimage"},"image":{"@id":"https:\/\/www.iplay.com\/fr\/games\/enchanted-kingdom-master-of-riddles-collectors-edition\/#primaryimage"},"thumbnailUrl":"https:\/\/www.iplay.com\/wp-content\/uploads\/2023\/12\/large_square_tile_image-4145.jpg","datePublished":"2021-05-07T00:00:00+00:00","description":"Pouvez-vous rendre de la magie dans votre maison \u00e0 temps pour la pr\u00e9server ? Dans Magical Kingdom&nbsp;: Le Ma\u00eetre des Myst\u00e8res CE","breadcrumb":{"@id":"https:\/\/www.iplay.com\/fr\/games\/enchanted-kingdom-master-of-riddles-collectors-edition\/#breadcrumb"},"inLanguage":"fr-FR","potentialAction":[{"@type":"ReadAction","target":["https:\/\/www.iplay.com\/fr\/games\/enchanted-kingdom-master-of-riddles-collectors-edition\/"]}]},{"@type":"ImageObject","inLanguage":"fr-FR","@id":"https:\/\/www.iplay.com\/fr\/games\/enchanted-kingdom-master-of-riddles-collectors-edition\/#primaryimage","url":"https:\/\/www.iplay.com\/wp-content\/uploads\/2023\/12\/large_square_tile_image-4145.jpg","contentUrl":"https:\/\/www.iplay.com\/wp-content\/uploads\/2023\/12\/large_square_tile_image-4145.jpg","width":310,"height":310},{"@type":"BreadcrumbList","@id":"https:\/\/www.iplay.com\/fr\/games\/enchanted-kingdom-master-of-riddles-collectors-edition\/#breadcrumb","itemListElement":[{"@type":"ListItem","position":1,"name":"Home","item":"https:\/\/www.iplay.com\/fr\/home-page-2\/"},{"@type":"ListItem","position":2,"name":"Shop","item":"https:\/\/www.iplay.com\/en\/shop\/"},{"@type":"ListItem","position":3,"name":"Enchanted Kingdom: Master of Riddles Collector&#8217;s Edition"}]},{"@type":"WebSite","@id":"https:\/\/www.iplay.com\/en\/#website","url":"https:\/\/www.iplay.com\/en\/","name":"IPlay","description":"The Best Casual Games!","publisher":{"@id":"https:\/\/www.iplay.com\/en\/#organization"},"potentialAction":[{"@type":"SearchAction","target":{"@type":"EntryPoint","urlTemplate":"https:\/\/www.iplay.com\/en\/?s={search_term_string}"},"query-input":{"@type":"PropertyValueSpecification","valueRequired":true,"valueName":"search_term_string"}}],"inLanguage":"fr-FR"},{"@type":"Organization","@id":"https:\/\/www.iplay.com\/en\/#organization","name":"IPlay","url":"https:\/\/www.iplay.com\/en\/","logo":{"@type":"ImageObject","inLanguage":"fr-FR","@id":"https:\/\/www.iplay.com\/en\/#\/schema\/logo\/image\/","url":"https:\/\/www.iplay.com\/wp-content\/uploads\/2023\/11\/Group-6100.svg","contentUrl":"https:\/\/www.iplay.com\/wp-content\/uploads\/2023\/11\/Group-6100.svg","width":98,"height":25,"caption":"IPlay"},"image":{"@id":"https:\/\/www.iplay.com\/en\/#\/schema\/logo\/image\/"}}]}},"_links":{"self":[{"href":"https:\/\/www.iplay.com\/fr\/wp-json\/wp\/v2\/product\/134838","targetHints":{"allow":["GET"]}}],"collection":[{"href":"https:\/\/www.iplay.com\/fr\/wp-json\/wp\/v2\/product"}],"about":[{"href":"https:\/\/www.iplay.com\/fr\/wp-json\/wp\/v2\/types\/product"}],"author":[{"embeddable":true,"href":"https:\/\/www.iplay.com\/fr\/wp-json\/wp\/v2\/users\/17"}],"replies":[{"embeddable":true,"href":"https:\/\/www.iplay.com\/fr\/wp-json\/wp\/v2\/comments?post=134838"}],"wp:featuredmedia":[{"embeddable":true,"href":"https:\/\/www.iplay.com\/fr\/wp-json\/wp\/v2\/media\/106034"}],"wp:attachment":[{"href":"https:\/\/www.iplay.com\/fr\/wp-json\/wp\/v2\/media?parent=134838"}],"wp:term":[{"taxonomy":"product_brand","embeddable":true,"href":"https:\/\/www.iplay.com\/fr\/wp-json\/wp\/v2\/product_brand?post=134838"},{"taxonomy":"product_cat","embeddable":true,"href":"https:\/\/www.iplay.com\/fr\/wp-json\/wp\/v2\/product_cat?post=134838"},{"taxonomy":"product_tag","embeddable":true,"href":"https:\/\/www.iplay.com\/fr\/wp-json\/wp\/v2\/product_tag?post=134838"}],"curies":[{"name":"wp","href":"https:\/\/api.w.org\/{rel}","templated":true}]}}