{"id":134809,"date":"2021-10-02T00:00:00","date_gmt":"2021-10-02T00:00:00","guid":{"rendered":"https:\/\/www.iplay.com\/games\/nevertales-faryon-collectors-edition\/"},"modified":"2021-10-02T00:00:00","modified_gmt":"2021-10-02T00:00:00","slug":"nevertales-faryon-collectors-edition","status":"publish","type":"product","link":"https:\/\/www.iplay.com\/fr\/games\/nevertales-faryon-collectors-edition\/","title":{"rendered":"Nevertales: Faryon Collector&#8217;s Edition"},"content":{"rendered":"<p>La onzi\u00e8me aventure passionnante de la s\u00e9rie Nevertales est maintenant disponible ! Quand votre m\u00e8re ne r\u00e9pond pas \u00e0 vos appels, vous ne pensez pas qu\u2019elle est prisonni\u00e8re sur une autre plan\u00e8te ! Tout le monde ne veut pas que vous utilisiez votre magie pour le bien, mais vous voyagez dans un pays mystique pour r\u00e9cup\u00e9rer les comp\u00e9tences myst\u00e9rieuses de votre famille et sauver votre m\u00e8re. Pouvez-vous sauver votre m\u00e8re et reprendre votre droit d\u2019a\u00eenesse avant que le mal ne l\u2019emporte ? Vous le d\u00e9couvrirez dans cette captivante aventure de puzzle d\u2019objets cach\u00e9s !    <\/p>\n<p>&nbsp;<\/p>\n<p>&nbsp;<\/p>\n<p><strong>Fonctionnalit\u00e9s:<\/strong><\/p>\n<p>&nbsp;<\/p>\n<p>&#8211; D\u00e9couvrez le pass\u00e9 de Faryon directement en suivant les actions vaillantes de Neero et de ses compagnons insolites !<\/p>\n<p>&#8211; Rejouez vos SOC pr\u00e9f\u00e9r\u00e9s pour d\u00e9bloquer plus de succ\u00e8s !<\/p>\n<p>&#8211; Rassemblez des souvenirs et changez d\u2019objets dans chaque sc\u00e8ne !<\/p>\n<p>&#8211; Savourez de magnifiques dessins conceptuels, de la musique, des fonds d\u2019\u00e9cran et bien plus encore !<\/p>\n<p>&#8211; \u00c9vitez de vous perdre en utilisant le guide de strat\u00e9gie !<\/p>\n","protected":false},"excerpt":{"rendered":"<p>Serez-vous capable d\u2019utiliser vos comp\u00e9tences \u00e0 temps pour sauver votre m\u00e8re ? D\u00e9couvrez avec Nevertales : CE Faryon <\/p>\n","protected":false},"author":17,"featured_media":78904,"comment_status":"open","ping_status":"closed","template":"","meta":{"_acf_changed":false,"inline_featured_image":false},"product_brand":[],"product_cat":[165],"product_tag":[287],"class_list":{"0":"post-134809","1":"product","2":"type-product","3":"status-publish","4":"has-post-thumbnail","6":"product_cat-hidden-object-fr","7":"product_tag-play-on-pc-fr","9":"first","10":"instock","11":"shipping-taxable","12":"purchasable","13":"product-type-simple"},"acf":[],"yoast_head":"<!-- This site is optimized with the Yoast SEO Premium plugin v25.2 (Yoast SEO v25.2) - https:\/\/yoast.com\/wordpress\/plugins\/seo\/ -->\n<title>Nevertales\u00a0: Faryon Edition Collector - Nevertales\u00a0: Faryon CE - Sauvez le royaume<\/title>\n<meta name=\"description\" content=\"Serez-vous capable d\u2019utiliser vos comp\u00e9tences \u00e0 temps pour sauver votre m\u00e8re ? D\u00e9couvrez avec Nevertales : CE Faryon\" \/>\n<meta name=\"robots\" content=\"index, follow, max-snippet:-1, max-image-preview:large, max-video-preview:-1\" \/>\n<link rel=\"canonical\" href=\"https:\/\/www.iplay.com\/fr\/games\/nevertales-faryon-collectors-edition\/\" \/>\n<meta property=\"og:locale\" content=\"fr_FR\" \/>\n<meta property=\"og:type\" content=\"article\" \/>\n<meta property=\"og:title\" content=\"Nevertales: Faryon Collector&#039;s Edition\" \/>\n<meta property=\"og:description\" content=\"Serez-vous capable d\u2019utiliser vos comp\u00e9tences \u00e0 temps pour sauver votre m\u00e8re ? D\u00e9couvrez avec Nevertales : CE Faryon\" \/>\n<meta property=\"og:url\" content=\"https:\/\/www.iplay.com\/fr\/games\/nevertales-faryon-collectors-edition\/\" \/>\n<meta property=\"og:site_name\" content=\"IPlay\" \/>\n<meta property=\"og:image\" content=\"https:\/\/www.iplay.com\/wp-content\/uploads\/2023\/12\/large_square_tile_image-2432.jpg\" \/>\n\t<meta property=\"og:image:width\" content=\"310\" \/>\n\t<meta property=\"og:image:height\" content=\"310\" \/>\n\t<meta property=\"og:image:type\" content=\"image\/jpeg\" \/>\n<meta name=\"twitter:card\" content=\"summary_large_image\" \/>\n<meta name=\"twitter:label1\" content=\"Dur\u00e9e de lecture estim\u00e9e\" \/>\n\t<meta name=\"twitter:data1\" content=\"1 minute\" \/>\n<script type=\"application\/ld+json\" class=\"yoast-schema-graph\">{\"@context\":\"https:\/\/schema.org\",\"@graph\":[{\"@type\":\"WebPage\",\"@id\":\"https:\/\/www.iplay.com\/fr\/games\/nevertales-faryon-collectors-edition\/\",\"url\":\"https:\/\/www.iplay.com\/fr\/games\/nevertales-faryon-collectors-edition\/\",\"name\":\"Nevertales\u00a0: Faryon Edition Collector - Nevertales\u00a0: Faryon CE - Sauvez le royaume\",\"isPartOf\":{\"@id\":\"https:\/\/www.iplay.com\/en\/#website\"},\"primaryImageOfPage\":{\"@id\":\"https:\/\/www.iplay.com\/fr\/games\/nevertales-faryon-collectors-edition\/#primaryimage\"},\"image\":{\"@id\":\"https:\/\/www.iplay.com\/fr\/games\/nevertales-faryon-collectors-edition\/#primaryimage\"},\"thumbnailUrl\":\"https:\/\/www.iplay.com\/wp-content\/uploads\/2023\/12\/large_square_tile_image-2432.jpg\",\"datePublished\":\"2021-10-02T00:00:00+00:00\",\"description\":\"Serez-vous capable d\u2019utiliser vos comp\u00e9tences \u00e0 temps pour sauver votre m\u00e8re ? D\u00e9couvrez avec Nevertales : CE Faryon\",\"breadcrumb\":{\"@id\":\"https:\/\/www.iplay.com\/fr\/games\/nevertales-faryon-collectors-edition\/#breadcrumb\"},\"inLanguage\":\"fr-FR\",\"potentialAction\":[{\"@type\":\"ReadAction\",\"target\":[\"https:\/\/www.iplay.com\/fr\/games\/nevertales-faryon-collectors-edition\/\"]}]},{\"@type\":\"ImageObject\",\"inLanguage\":\"fr-FR\",\"@id\":\"https:\/\/www.iplay.com\/fr\/games\/nevertales-faryon-collectors-edition\/#primaryimage\",\"url\":\"https:\/\/www.iplay.com\/wp-content\/uploads\/2023\/12\/large_square_tile_image-2432.jpg\",\"contentUrl\":\"https:\/\/www.iplay.com\/wp-content\/uploads\/2023\/12\/large_square_tile_image-2432.jpg\",\"width\":310,\"height\":310},{\"@type\":\"BreadcrumbList\",\"@id\":\"https:\/\/www.iplay.com\/fr\/games\/nevertales-faryon-collectors-edition\/#breadcrumb\",\"itemListElement\":[{\"@type\":\"ListItem\",\"position\":1,\"name\":\"Home\",\"item\":\"https:\/\/www.iplay.com\/fr\/home-page-2\/\"},{\"@type\":\"ListItem\",\"position\":2,\"name\":\"Shop\",\"item\":\"https:\/\/www.iplay.com\/en\/shop\/\"},{\"@type\":\"ListItem\",\"position\":3,\"name\":\"Nevertales: Faryon Collector&#8217;s Edition\"}]},{\"@type\":\"WebSite\",\"@id\":\"https:\/\/www.iplay.com\/en\/#website\",\"url\":\"https:\/\/www.iplay.com\/en\/\",\"name\":\"IPlay\",\"description\":\"The Best Casual Games!\",\"publisher\":{\"@id\":\"https:\/\/www.iplay.com\/en\/#organization\"},\"potentialAction\":[{\"@type\":\"SearchAction\",\"target\":{\"@type\":\"EntryPoint\",\"urlTemplate\":\"https:\/\/www.iplay.com\/en\/?s={search_term_string}\"},\"query-input\":{\"@type\":\"PropertyValueSpecification\",\"valueRequired\":true,\"valueName\":\"search_term_string\"}}],\"inLanguage\":\"fr-FR\"},{\"@type\":\"Organization\",\"@id\":\"https:\/\/www.iplay.com\/en\/#organization\",\"name\":\"IPlay\",\"url\":\"https:\/\/www.iplay.com\/en\/\",\"logo\":{\"@type\":\"ImageObject\",\"inLanguage\":\"fr-FR\",\"@id\":\"https:\/\/www.iplay.com\/en\/#\/schema\/logo\/image\/\",\"url\":\"https:\/\/www.iplay.com\/wp-content\/uploads\/2023\/11\/Group-6100.svg\",\"contentUrl\":\"https:\/\/www.iplay.com\/wp-content\/uploads\/2023\/11\/Group-6100.svg\",\"width\":98,\"height\":25,\"caption\":\"IPlay\"},\"image\":{\"@id\":\"https:\/\/www.iplay.com\/en\/#\/schema\/logo\/image\/\"}}]}<\/script>\n<!-- \/ Yoast SEO Premium plugin. -->","yoast_head_json":{"title":"Nevertales\u00a0: Faryon Edition Collector - Nevertales\u00a0: Faryon CE - Sauvez le royaume","description":"Serez-vous capable d\u2019utiliser vos comp\u00e9tences \u00e0 temps pour sauver votre m\u00e8re ? D\u00e9couvrez avec Nevertales : CE Faryon","robots":{"index":"index","follow":"follow","max-snippet":"max-snippet:-1","max-image-preview":"max-image-preview:large","max-video-preview":"max-video-preview:-1"},"canonical":"https:\/\/www.iplay.com\/fr\/games\/nevertales-faryon-collectors-edition\/","og_locale":"fr_FR","og_type":"article","og_title":"Nevertales: Faryon Collector's Edition","og_description":"Serez-vous capable d\u2019utiliser vos comp\u00e9tences \u00e0 temps pour sauver votre m\u00e8re ? D\u00e9couvrez avec Nevertales : CE Faryon","og_url":"https:\/\/www.iplay.com\/fr\/games\/nevertales-faryon-collectors-edition\/","og_site_name":"IPlay","og_image":[{"width":310,"height":310,"url":"https:\/\/www.iplay.com\/wp-content\/uploads\/2023\/12\/large_square_tile_image-2432.jpg","type":"image\/jpeg"}],"twitter_card":"summary_large_image","twitter_misc":{"Dur\u00e9e de lecture estim\u00e9e":"1 minute"},"schema":{"@context":"https:\/\/schema.org","@graph":[{"@type":"WebPage","@id":"https:\/\/www.iplay.com\/fr\/games\/nevertales-faryon-collectors-edition\/","url":"https:\/\/www.iplay.com\/fr\/games\/nevertales-faryon-collectors-edition\/","name":"Nevertales\u00a0: Faryon Edition Collector - Nevertales\u00a0: Faryon CE - Sauvez le royaume","isPartOf":{"@id":"https:\/\/www.iplay.com\/en\/#website"},"primaryImageOfPage":{"@id":"https:\/\/www.iplay.com\/fr\/games\/nevertales-faryon-collectors-edition\/#primaryimage"},"image":{"@id":"https:\/\/www.iplay.com\/fr\/games\/nevertales-faryon-collectors-edition\/#primaryimage"},"thumbnailUrl":"https:\/\/www.iplay.com\/wp-content\/uploads\/2023\/12\/large_square_tile_image-2432.jpg","datePublished":"2021-10-02T00:00:00+00:00","description":"Serez-vous capable d\u2019utiliser vos comp\u00e9tences \u00e0 temps pour sauver votre m\u00e8re ? D\u00e9couvrez avec Nevertales : CE Faryon","breadcrumb":{"@id":"https:\/\/www.iplay.com\/fr\/games\/nevertales-faryon-collectors-edition\/#breadcrumb"},"inLanguage":"fr-FR","potentialAction":[{"@type":"ReadAction","target":["https:\/\/www.iplay.com\/fr\/games\/nevertales-faryon-collectors-edition\/"]}]},{"@type":"ImageObject","inLanguage":"fr-FR","@id":"https:\/\/www.iplay.com\/fr\/games\/nevertales-faryon-collectors-edition\/#primaryimage","url":"https:\/\/www.iplay.com\/wp-content\/uploads\/2023\/12\/large_square_tile_image-2432.jpg","contentUrl":"https:\/\/www.iplay.com\/wp-content\/uploads\/2023\/12\/large_square_tile_image-2432.jpg","width":310,"height":310},{"@type":"BreadcrumbList","@id":"https:\/\/www.iplay.com\/fr\/games\/nevertales-faryon-collectors-edition\/#breadcrumb","itemListElement":[{"@type":"ListItem","position":1,"name":"Home","item":"https:\/\/www.iplay.com\/fr\/home-page-2\/"},{"@type":"ListItem","position":2,"name":"Shop","item":"https:\/\/www.iplay.com\/en\/shop\/"},{"@type":"ListItem","position":3,"name":"Nevertales: Faryon Collector&#8217;s Edition"}]},{"@type":"WebSite","@id":"https:\/\/www.iplay.com\/en\/#website","url":"https:\/\/www.iplay.com\/en\/","name":"IPlay","description":"The Best Casual Games!","publisher":{"@id":"https:\/\/www.iplay.com\/en\/#organization"},"potentialAction":[{"@type":"SearchAction","target":{"@type":"EntryPoint","urlTemplate":"https:\/\/www.iplay.com\/en\/?s={search_term_string}"},"query-input":{"@type":"PropertyValueSpecification","valueRequired":true,"valueName":"search_term_string"}}],"inLanguage":"fr-FR"},{"@type":"Organization","@id":"https:\/\/www.iplay.com\/en\/#organization","name":"IPlay","url":"https:\/\/www.iplay.com\/en\/","logo":{"@type":"ImageObject","inLanguage":"fr-FR","@id":"https:\/\/www.iplay.com\/en\/#\/schema\/logo\/image\/","url":"https:\/\/www.iplay.com\/wp-content\/uploads\/2023\/11\/Group-6100.svg","contentUrl":"https:\/\/www.iplay.com\/wp-content\/uploads\/2023\/11\/Group-6100.svg","width":98,"height":25,"caption":"IPlay"},"image":{"@id":"https:\/\/www.iplay.com\/en\/#\/schema\/logo\/image\/"}}]}},"_links":{"self":[{"href":"https:\/\/www.iplay.com\/fr\/wp-json\/wp\/v2\/product\/134809","targetHints":{"allow":["GET"]}}],"collection":[{"href":"https:\/\/www.iplay.com\/fr\/wp-json\/wp\/v2\/product"}],"about":[{"href":"https:\/\/www.iplay.com\/fr\/wp-json\/wp\/v2\/types\/product"}],"author":[{"embeddable":true,"href":"https:\/\/www.iplay.com\/fr\/wp-json\/wp\/v2\/users\/17"}],"replies":[{"embeddable":true,"href":"https:\/\/www.iplay.com\/fr\/wp-json\/wp\/v2\/comments?post=134809"}],"wp:featuredmedia":[{"embeddable":true,"href":"https:\/\/www.iplay.com\/fr\/wp-json\/wp\/v2\/media\/78904"}],"wp:attachment":[{"href":"https:\/\/www.iplay.com\/fr\/wp-json\/wp\/v2\/media?parent=134809"}],"wp:term":[{"taxonomy":"product_brand","embeddable":true,"href":"https:\/\/www.iplay.com\/fr\/wp-json\/wp\/v2\/product_brand?post=134809"},{"taxonomy":"product_cat","embeddable":true,"href":"https:\/\/www.iplay.com\/fr\/wp-json\/wp\/v2\/product_cat?post=134809"},{"taxonomy":"product_tag","embeddable":true,"href":"https:\/\/www.iplay.com\/fr\/wp-json\/wp\/v2\/product_tag?post=134809"}],"curies":[{"name":"wp","href":"https:\/\/api.w.org\/{rel}","templated":true}]}}