{"id":134781,"date":"2021-01-17T00:00:00","date_gmt":"2021-01-17T00:00:00","guid":{"rendered":"https:\/\/www.iplay.com\/games\/mediterranean-journey-4\/"},"modified":"2021-01-17T00:00:00","modified_gmt":"2021-01-17T00:00:00","slug":"mediterranean-journey-4","status":"publish","type":"product","link":"https:\/\/www.iplay.com\/fr\/games\/mediterranean-journey-4\/","title":{"rendered":"Mediterranean Journey 4"},"content":{"rendered":"<p>Partez \u00e0 la d\u00e9couverte de la M\u00e9diterran\u00e9e ! Vous d\u00e9couvrirez l\u2019essence et la culture de la M\u00e9diterran\u00e9e tout en passant un bon moment \u00e0 visiter ses villes et ses \u00eeles. Pour vos souvenirs, vous pouvez compiler des albums photos incluant des animaux. Il y a deux endroits o\u00f9 aller \u00e0 chaque niveau. Il y a dix mini-jeux distincts disponibles. La m\u00e9moire et le solitaire sont les deux jeux de cartes disponibles. Vous devez jouer au jeu de l\u2019encombrement, localiser 15 distinctions dans le sc\u00e9nario et vider le plateau dans le jeu de mahjong. D\u00e9couvrez comment vous \u00e9chapper du labyrinthe, r\u00e9solvez des puzzles pour d\u00e9couvrir de nouveaux endroits, brisez des tuiles en bois dans l\u2019incroyable jeu de match 2 pour r\u00e9v\u00e9ler de nouvelles zones, localisez des collections de divers groupes d\u2019animaux, trouvez deux objets identiques pour vider le plateau et faites pivoter les pi\u00e8ces du puzzle pour d\u00e9couvrir de nouveaux endroits. EASY (pas de restriction de temps, pas de p\u00e9nalit\u00e9s de mauvais clic), NORMAL (limite de temps, pas de p\u00e9nalit\u00e9s de mauvais clic) et DIFFICILE (limite de temps, p\u00e9nalit\u00e9s de mauvais clic) sont les trois modes de jeu disponibles. Vous pouvez choisir si vous voulez des lettres mal orthographi\u00e9es et\/ou des mots brouill\u00e9s dans le menu des options.         <\/p>\n<p>&nbsp;<\/p>\n<p>&nbsp;<\/p>\n<p><strong>Fonctionnalit\u00e9s:<\/strong><\/p>\n<p>&nbsp;<\/p>\n<p>&#8211; D\u00e9couvrez la r\u00e9gion<br \/>\n m\u00e9diterran\u00e9enne- Compilez des collections incroyables<br \/>\n&#8211; Profitez de visuels \u00e9poustouflants et de mini-jeux<br \/>\n captivants- Identifiez les diff\u00e9rences dans la sc\u00e8ne<br \/>\n&#8211; Jouez \u00e0 des \u00e9nigmes<br \/>\n de mahjong difficiles- Nettoyez l\u2019encombrement<br \/>\n&#8211; R\u00e9solvez un jeu<br \/>\n de match 2 incroyable- R\u00e9p\u00e9tez les niveaux et les mini-jeux pr\u00e9f\u00e9r\u00e9s<\/p>\n","protected":false},"excerpt":{"rendered":"<p>Dans Mediterranean Journey 4, revenez en arri\u00e8re et revisitez la r\u00e9gion m\u00e9diterran\u00e9enne.<\/p>\n","protected":false},"author":48,"featured_media":81085,"comment_status":"open","ping_status":"closed","template":"","meta":{"_acf_changed":false,"inline_featured_image":false},"product_brand":[],"product_cat":[165],"product_tag":[287],"class_list":{"0":"post-134781","1":"product","2":"type-product","3":"status-publish","4":"has-post-thumbnail","6":"product_cat-hidden-object-fr","7":"product_tag-play-on-pc-fr","9":"first","10":"instock","11":"shipping-taxable","12":"purchasable","13":"product-type-simple"},"acf":[],"yoast_head":"<!-- This site is optimized with the Yoast SEO Premium plugin v25.2 (Yoast SEO v25.2) - https:\/\/yoast.com\/wordpress\/plugins\/seo\/ -->\n<title>Voyage en M\u00e9diterran\u00e9e 4 - Explorez \u00e0 nouveau la M\u00e9diterran\u00e9e<\/title>\n<meta name=\"description\" content=\"Dans Mediterranean Journey 4, revenez en arri\u00e8re et revisitez la r\u00e9gion m\u00e9diterran\u00e9enne.\" \/>\n<meta name=\"robots\" content=\"index, follow, max-snippet:-1, max-image-preview:large, max-video-preview:-1\" \/>\n<link rel=\"canonical\" href=\"https:\/\/www.iplay.com\/fr\/games\/mediterranean-journey-4\/\" \/>\n<meta property=\"og:locale\" content=\"fr_FR\" \/>\n<meta property=\"og:type\" content=\"article\" \/>\n<meta property=\"og:title\" content=\"Mediterranean Journey 4\" \/>\n<meta property=\"og:description\" content=\"Dans Mediterranean Journey 4, revenez en arri\u00e8re et revisitez la r\u00e9gion m\u00e9diterran\u00e9enne.\" \/>\n<meta property=\"og:url\" content=\"https:\/\/www.iplay.com\/fr\/games\/mediterranean-journey-4\/\" \/>\n<meta property=\"og:site_name\" content=\"IPlay\" \/>\n<meta property=\"og:image\" content=\"https:\/\/www.iplay.com\/wp-content\/uploads\/2023\/12\/large_square_tile_image-2573.jpg\" \/>\n\t<meta property=\"og:image:width\" content=\"310\" \/>\n\t<meta property=\"og:image:height\" content=\"310\" \/>\n\t<meta property=\"og:image:type\" content=\"image\/jpeg\" \/>\n<meta name=\"twitter:card\" content=\"summary_large_image\" \/>\n<meta name=\"twitter:label1\" content=\"Dur\u00e9e de lecture estim\u00e9e\" \/>\n\t<meta name=\"twitter:data1\" content=\"1 minute\" \/>\n<script type=\"application\/ld+json\" class=\"yoast-schema-graph\">{\"@context\":\"https:\/\/schema.org\",\"@graph\":[{\"@type\":\"WebPage\",\"@id\":\"https:\/\/www.iplay.com\/fr\/games\/mediterranean-journey-4\/\",\"url\":\"https:\/\/www.iplay.com\/fr\/games\/mediterranean-journey-4\/\",\"name\":\"Voyage en M\u00e9diterran\u00e9e 4 - Explorez \u00e0 nouveau la M\u00e9diterran\u00e9e\",\"isPartOf\":{\"@id\":\"https:\/\/www.iplay.com\/en\/#website\"},\"primaryImageOfPage\":{\"@id\":\"https:\/\/www.iplay.com\/fr\/games\/mediterranean-journey-4\/#primaryimage\"},\"image\":{\"@id\":\"https:\/\/www.iplay.com\/fr\/games\/mediterranean-journey-4\/#primaryimage\"},\"thumbnailUrl\":\"https:\/\/www.iplay.com\/wp-content\/uploads\/2023\/12\/large_square_tile_image-2573.jpg\",\"datePublished\":\"2021-01-17T00:00:00+00:00\",\"description\":\"Dans Mediterranean Journey 4, revenez en arri\u00e8re et revisitez la r\u00e9gion m\u00e9diterran\u00e9enne.\",\"breadcrumb\":{\"@id\":\"https:\/\/www.iplay.com\/fr\/games\/mediterranean-journey-4\/#breadcrumb\"},\"inLanguage\":\"fr-FR\",\"potentialAction\":[{\"@type\":\"ReadAction\",\"target\":[\"https:\/\/www.iplay.com\/fr\/games\/mediterranean-journey-4\/\"]}]},{\"@type\":\"ImageObject\",\"inLanguage\":\"fr-FR\",\"@id\":\"https:\/\/www.iplay.com\/fr\/games\/mediterranean-journey-4\/#primaryimage\",\"url\":\"https:\/\/www.iplay.com\/wp-content\/uploads\/2023\/12\/large_square_tile_image-2573.jpg\",\"contentUrl\":\"https:\/\/www.iplay.com\/wp-content\/uploads\/2023\/12\/large_square_tile_image-2573.jpg\",\"width\":310,\"height\":310},{\"@type\":\"BreadcrumbList\",\"@id\":\"https:\/\/www.iplay.com\/fr\/games\/mediterranean-journey-4\/#breadcrumb\",\"itemListElement\":[{\"@type\":\"ListItem\",\"position\":1,\"name\":\"Home\",\"item\":\"https:\/\/www.iplay.com\/fr\/home-page-2\/\"},{\"@type\":\"ListItem\",\"position\":2,\"name\":\"Shop\",\"item\":\"https:\/\/www.iplay.com\/en\/shop\/\"},{\"@type\":\"ListItem\",\"position\":3,\"name\":\"Mediterranean Journey 4\"}]},{\"@type\":\"WebSite\",\"@id\":\"https:\/\/www.iplay.com\/en\/#website\",\"url\":\"https:\/\/www.iplay.com\/en\/\",\"name\":\"IPlay\",\"description\":\"The Best Casual Games!\",\"publisher\":{\"@id\":\"https:\/\/www.iplay.com\/en\/#organization\"},\"potentialAction\":[{\"@type\":\"SearchAction\",\"target\":{\"@type\":\"EntryPoint\",\"urlTemplate\":\"https:\/\/www.iplay.com\/en\/?s={search_term_string}\"},\"query-input\":{\"@type\":\"PropertyValueSpecification\",\"valueRequired\":true,\"valueName\":\"search_term_string\"}}],\"inLanguage\":\"fr-FR\"},{\"@type\":\"Organization\",\"@id\":\"https:\/\/www.iplay.com\/en\/#organization\",\"name\":\"IPlay\",\"url\":\"https:\/\/www.iplay.com\/en\/\",\"logo\":{\"@type\":\"ImageObject\",\"inLanguage\":\"fr-FR\",\"@id\":\"https:\/\/www.iplay.com\/en\/#\/schema\/logo\/image\/\",\"url\":\"https:\/\/www.iplay.com\/wp-content\/uploads\/2023\/11\/Group-6100.svg\",\"contentUrl\":\"https:\/\/www.iplay.com\/wp-content\/uploads\/2023\/11\/Group-6100.svg\",\"width\":98,\"height\":25,\"caption\":\"IPlay\"},\"image\":{\"@id\":\"https:\/\/www.iplay.com\/en\/#\/schema\/logo\/image\/\"}}]}<\/script>\n<!-- \/ Yoast SEO Premium plugin. -->","yoast_head_json":{"title":"Voyage en M\u00e9diterran\u00e9e 4 - Explorez \u00e0 nouveau la M\u00e9diterran\u00e9e","description":"Dans Mediterranean Journey 4, revenez en arri\u00e8re et revisitez la r\u00e9gion m\u00e9diterran\u00e9enne.","robots":{"index":"index","follow":"follow","max-snippet":"max-snippet:-1","max-image-preview":"max-image-preview:large","max-video-preview":"max-video-preview:-1"},"canonical":"https:\/\/www.iplay.com\/fr\/games\/mediterranean-journey-4\/","og_locale":"fr_FR","og_type":"article","og_title":"Mediterranean Journey 4","og_description":"Dans Mediterranean Journey 4, revenez en arri\u00e8re et revisitez la r\u00e9gion m\u00e9diterran\u00e9enne.","og_url":"https:\/\/www.iplay.com\/fr\/games\/mediterranean-journey-4\/","og_site_name":"IPlay","og_image":[{"width":310,"height":310,"url":"https:\/\/www.iplay.com\/wp-content\/uploads\/2023\/12\/large_square_tile_image-2573.jpg","type":"image\/jpeg"}],"twitter_card":"summary_large_image","twitter_misc":{"Dur\u00e9e de lecture estim\u00e9e":"1 minute"},"schema":{"@context":"https:\/\/schema.org","@graph":[{"@type":"WebPage","@id":"https:\/\/www.iplay.com\/fr\/games\/mediterranean-journey-4\/","url":"https:\/\/www.iplay.com\/fr\/games\/mediterranean-journey-4\/","name":"Voyage en M\u00e9diterran\u00e9e 4 - Explorez \u00e0 nouveau la M\u00e9diterran\u00e9e","isPartOf":{"@id":"https:\/\/www.iplay.com\/en\/#website"},"primaryImageOfPage":{"@id":"https:\/\/www.iplay.com\/fr\/games\/mediterranean-journey-4\/#primaryimage"},"image":{"@id":"https:\/\/www.iplay.com\/fr\/games\/mediterranean-journey-4\/#primaryimage"},"thumbnailUrl":"https:\/\/www.iplay.com\/wp-content\/uploads\/2023\/12\/large_square_tile_image-2573.jpg","datePublished":"2021-01-17T00:00:00+00:00","description":"Dans Mediterranean Journey 4, revenez en arri\u00e8re et revisitez la r\u00e9gion m\u00e9diterran\u00e9enne.","breadcrumb":{"@id":"https:\/\/www.iplay.com\/fr\/games\/mediterranean-journey-4\/#breadcrumb"},"inLanguage":"fr-FR","potentialAction":[{"@type":"ReadAction","target":["https:\/\/www.iplay.com\/fr\/games\/mediterranean-journey-4\/"]}]},{"@type":"ImageObject","inLanguage":"fr-FR","@id":"https:\/\/www.iplay.com\/fr\/games\/mediterranean-journey-4\/#primaryimage","url":"https:\/\/www.iplay.com\/wp-content\/uploads\/2023\/12\/large_square_tile_image-2573.jpg","contentUrl":"https:\/\/www.iplay.com\/wp-content\/uploads\/2023\/12\/large_square_tile_image-2573.jpg","width":310,"height":310},{"@type":"BreadcrumbList","@id":"https:\/\/www.iplay.com\/fr\/games\/mediterranean-journey-4\/#breadcrumb","itemListElement":[{"@type":"ListItem","position":1,"name":"Home","item":"https:\/\/www.iplay.com\/fr\/home-page-2\/"},{"@type":"ListItem","position":2,"name":"Shop","item":"https:\/\/www.iplay.com\/en\/shop\/"},{"@type":"ListItem","position":3,"name":"Mediterranean Journey 4"}]},{"@type":"WebSite","@id":"https:\/\/www.iplay.com\/en\/#website","url":"https:\/\/www.iplay.com\/en\/","name":"IPlay","description":"The Best Casual Games!","publisher":{"@id":"https:\/\/www.iplay.com\/en\/#organization"},"potentialAction":[{"@type":"SearchAction","target":{"@type":"EntryPoint","urlTemplate":"https:\/\/www.iplay.com\/en\/?s={search_term_string}"},"query-input":{"@type":"PropertyValueSpecification","valueRequired":true,"valueName":"search_term_string"}}],"inLanguage":"fr-FR"},{"@type":"Organization","@id":"https:\/\/www.iplay.com\/en\/#organization","name":"IPlay","url":"https:\/\/www.iplay.com\/en\/","logo":{"@type":"ImageObject","inLanguage":"fr-FR","@id":"https:\/\/www.iplay.com\/en\/#\/schema\/logo\/image\/","url":"https:\/\/www.iplay.com\/wp-content\/uploads\/2023\/11\/Group-6100.svg","contentUrl":"https:\/\/www.iplay.com\/wp-content\/uploads\/2023\/11\/Group-6100.svg","width":98,"height":25,"caption":"IPlay"},"image":{"@id":"https:\/\/www.iplay.com\/en\/#\/schema\/logo\/image\/"}}]}},"_links":{"self":[{"href":"https:\/\/www.iplay.com\/fr\/wp-json\/wp\/v2\/product\/134781","targetHints":{"allow":["GET"]}}],"collection":[{"href":"https:\/\/www.iplay.com\/fr\/wp-json\/wp\/v2\/product"}],"about":[{"href":"https:\/\/www.iplay.com\/fr\/wp-json\/wp\/v2\/types\/product"}],"author":[{"embeddable":true,"href":"https:\/\/www.iplay.com\/fr\/wp-json\/wp\/v2\/users\/48"}],"replies":[{"embeddable":true,"href":"https:\/\/www.iplay.com\/fr\/wp-json\/wp\/v2\/comments?post=134781"}],"wp:featuredmedia":[{"embeddable":true,"href":"https:\/\/www.iplay.com\/fr\/wp-json\/wp\/v2\/media\/81085"}],"wp:attachment":[{"href":"https:\/\/www.iplay.com\/fr\/wp-json\/wp\/v2\/media?parent=134781"}],"wp:term":[{"taxonomy":"product_brand","embeddable":true,"href":"https:\/\/www.iplay.com\/fr\/wp-json\/wp\/v2\/product_brand?post=134781"},{"taxonomy":"product_cat","embeddable":true,"href":"https:\/\/www.iplay.com\/fr\/wp-json\/wp\/v2\/product_cat?post=134781"},{"taxonomy":"product_tag","embeddable":true,"href":"https:\/\/www.iplay.com\/fr\/wp-json\/wp\/v2\/product_tag?post=134781"}],"curies":[{"name":"wp","href":"https:\/\/api.w.org\/{rel}","templated":true}]}}