{"id":134742,"date":"2021-08-21T00:00:00","date_gmt":"2021-08-21T00:00:00","guid":{"rendered":"https:\/\/www.iplay.com\/games\/rite-of-passage-embrace-of-ember-lake-ce\/"},"modified":"2021-08-21T00:00:00","modified_gmt":"2021-08-21T00:00:00","slug":"rite-of-passage-embrace-of-ember-lake-ce","status":"publish","type":"product","link":"https:\/\/www.iplay.com\/fr\/games\/rite-of-passage-embrace-of-ember-lake-ce\/","title":{"rendered":"Rite of Passage: Embrace of Ember Lake CE"},"content":{"rendered":"<p>Prenez plaisir \u00e0 un nouvel \u00e9pisode captivant de la s\u00e9rie tr\u00e8s appr\u00e9ci\u00e9e Rite of Passage. Halsey n\u2019\u00e9tait qu\u2019un b\u00e9b\u00e9 lorsque vous l\u2019avez adopt\u00e9e comme la v\u00f4tre. Au cours des seize derni\u00e8res ann\u00e9es, elle avait donn\u00e9 l\u2019impression d\u2019\u00eatre une enfant ordinaire, mais ses capacit\u00e9s \u00e9tonnantes, qu\u2019elle a d\u00e9voil\u00e9es le jour de son seizi\u00e8me anniversaire, ont montr\u00e9 qu\u2019elle \u00e9tait tout sauf ! Votre fr\u00e8re Jason est votre seul espoir, mais il a disparu et une agence secr\u00e8te vous recherche, vous et votre fille, autour du lac Ember ! Pour sauver votre fille, arr\u00eater les agents et r\u00e9soudre le myst\u00e8re du lac Ember, vous devrez utiliser toutes vos comp\u00e9tences d\u2019observation et de r\u00e9solution d\u2019\u00e9nigmes dans cette captivante aventure de puzzle d\u2019objets cach\u00e9s !    <\/p>\n<p>&nbsp;<\/p>\n<p>&nbsp;<\/p>\n<p><strong>Fonctionnalit\u00e9s:<\/strong><\/p>\n<p>&nbsp;<\/p>\n<p>&#8211; Dans le chapitre suppl\u00e9mentaire, rapportez le cristal magique au lac de braise !<br \/>\n&#8211; Terminez des r\u00e9alisations difficiles et relancez vos meilleures SOC !<br \/>\n&#8211; Assurez-vous de garder une longueur d\u2019avance sur les agents de Damien en utilisant le guide de strat\u00e9gie !<\/p>\n<p>&#8211; T\u00e9l\u00e9chargez de magnifiques fonds d\u2019\u00e9cran pour embellir votre bureau !<br \/>\n&#8211; Savourez des dessins conceptuels uniques, des bandes sonores et bien plus encore !<\/p>\n","protected":false},"excerpt":{"rendered":"<p>Le cadeau que votre fille offre dans Rite de passage &#8211; \u00c9treinte du lac Ember EC attire l\u2019attention malvenue.<\/p>\n","protected":false},"author":17,"featured_media":79208,"comment_status":"open","ping_status":"closed","template":"","meta":{"_acf_changed":false,"inline_featured_image":false},"product_brand":[],"product_cat":[165],"product_tag":[287],"class_list":{"0":"post-134742","1":"product","2":"type-product","3":"status-publish","4":"has-post-thumbnail","6":"product_cat-hidden-object-fr","7":"product_tag-play-on-pc-fr","9":"first","10":"instock","11":"shipping-taxable","12":"purchasable","13":"product-type-simple"},"acf":[],"yoast_head":"<!-- This site is optimized with the Yoast SEO Premium plugin v25.2 (Yoast SEO v25.2) - https:\/\/yoast.com\/wordpress\/plugins\/seo\/ -->\n<title>Rite de passage : \u00c9treinte du lac Ember CE - Le cadeau de la fille attire une attention ind\u00e9sirable<\/title>\n<meta name=\"description\" content=\"Le cadeau que votre fille offre dans Rite de passage - \u00c9treinte du lac Ember EC attire l\u2019attention malvenue.\" \/>\n<meta name=\"robots\" content=\"index, follow, max-snippet:-1, max-image-preview:large, max-video-preview:-1\" \/>\n<link rel=\"canonical\" href=\"https:\/\/www.iplay.com\/fr\/games\/rite-of-passage-embrace-of-ember-lake-ce\/\" \/>\n<meta property=\"og:locale\" content=\"fr_FR\" \/>\n<meta property=\"og:type\" content=\"article\" \/>\n<meta property=\"og:title\" content=\"Rite of Passage: Embrace of Ember Lake CE\" \/>\n<meta property=\"og:description\" content=\"Le cadeau que votre fille offre dans Rite de passage - \u00c9treinte du lac Ember EC attire l\u2019attention malvenue.\" \/>\n<meta property=\"og:url\" content=\"https:\/\/www.iplay.com\/fr\/games\/rite-of-passage-embrace-of-ember-lake-ce\/\" \/>\n<meta property=\"og:site_name\" content=\"IPlay\" \/>\n<meta property=\"og:image\" content=\"https:\/\/www.iplay.com\/wp-content\/uploads\/2023\/12\/large_square_tile_image-2451.jpg\" \/>\n\t<meta property=\"og:image:width\" content=\"310\" \/>\n\t<meta property=\"og:image:height\" content=\"310\" \/>\n\t<meta property=\"og:image:type\" content=\"image\/jpeg\" \/>\n<meta name=\"twitter:card\" content=\"summary_large_image\" \/>\n<meta name=\"twitter:label1\" content=\"Dur\u00e9e de lecture estim\u00e9e\" \/>\n\t<meta name=\"twitter:data1\" content=\"1 minute\" \/>\n<script type=\"application\/ld+json\" class=\"yoast-schema-graph\">{\"@context\":\"https:\/\/schema.org\",\"@graph\":[{\"@type\":\"WebPage\",\"@id\":\"https:\/\/www.iplay.com\/fr\/games\/rite-of-passage-embrace-of-ember-lake-ce\/\",\"url\":\"https:\/\/www.iplay.com\/fr\/games\/rite-of-passage-embrace-of-ember-lake-ce\/\",\"name\":\"Rite de passage : \u00c9treinte du lac Ember CE - Le cadeau de la fille attire une attention ind\u00e9sirable\",\"isPartOf\":{\"@id\":\"https:\/\/www.iplay.com\/en\/#website\"},\"primaryImageOfPage\":{\"@id\":\"https:\/\/www.iplay.com\/fr\/games\/rite-of-passage-embrace-of-ember-lake-ce\/#primaryimage\"},\"image\":{\"@id\":\"https:\/\/www.iplay.com\/fr\/games\/rite-of-passage-embrace-of-ember-lake-ce\/#primaryimage\"},\"thumbnailUrl\":\"https:\/\/www.iplay.com\/wp-content\/uploads\/2023\/12\/large_square_tile_image-2451.jpg\",\"datePublished\":\"2021-08-21T00:00:00+00:00\",\"description\":\"Le cadeau que votre fille offre dans Rite de passage - \u00c9treinte du lac Ember EC attire l\u2019attention malvenue.\",\"breadcrumb\":{\"@id\":\"https:\/\/www.iplay.com\/fr\/games\/rite-of-passage-embrace-of-ember-lake-ce\/#breadcrumb\"},\"inLanguage\":\"fr-FR\",\"potentialAction\":[{\"@type\":\"ReadAction\",\"target\":[\"https:\/\/www.iplay.com\/fr\/games\/rite-of-passage-embrace-of-ember-lake-ce\/\"]}]},{\"@type\":\"ImageObject\",\"inLanguage\":\"fr-FR\",\"@id\":\"https:\/\/www.iplay.com\/fr\/games\/rite-of-passage-embrace-of-ember-lake-ce\/#primaryimage\",\"url\":\"https:\/\/www.iplay.com\/wp-content\/uploads\/2023\/12\/large_square_tile_image-2451.jpg\",\"contentUrl\":\"https:\/\/www.iplay.com\/wp-content\/uploads\/2023\/12\/large_square_tile_image-2451.jpg\",\"width\":310,\"height\":310},{\"@type\":\"BreadcrumbList\",\"@id\":\"https:\/\/www.iplay.com\/fr\/games\/rite-of-passage-embrace-of-ember-lake-ce\/#breadcrumb\",\"itemListElement\":[{\"@type\":\"ListItem\",\"position\":1,\"name\":\"Home\",\"item\":\"https:\/\/www.iplay.com\/fr\/home-page-2\/\"},{\"@type\":\"ListItem\",\"position\":2,\"name\":\"Shop\",\"item\":\"https:\/\/www.iplay.com\/en\/shop\/\"},{\"@type\":\"ListItem\",\"position\":3,\"name\":\"Rite of Passage: Embrace of Ember Lake CE\"}]},{\"@type\":\"WebSite\",\"@id\":\"https:\/\/www.iplay.com\/en\/#website\",\"url\":\"https:\/\/www.iplay.com\/en\/\",\"name\":\"IPlay\",\"description\":\"The Best Casual Games!\",\"publisher\":{\"@id\":\"https:\/\/www.iplay.com\/en\/#organization\"},\"potentialAction\":[{\"@type\":\"SearchAction\",\"target\":{\"@type\":\"EntryPoint\",\"urlTemplate\":\"https:\/\/www.iplay.com\/en\/?s={search_term_string}\"},\"query-input\":{\"@type\":\"PropertyValueSpecification\",\"valueRequired\":true,\"valueName\":\"search_term_string\"}}],\"inLanguage\":\"fr-FR\"},{\"@type\":\"Organization\",\"@id\":\"https:\/\/www.iplay.com\/en\/#organization\",\"name\":\"IPlay\",\"url\":\"https:\/\/www.iplay.com\/en\/\",\"logo\":{\"@type\":\"ImageObject\",\"inLanguage\":\"fr-FR\",\"@id\":\"https:\/\/www.iplay.com\/en\/#\/schema\/logo\/image\/\",\"url\":\"https:\/\/www.iplay.com\/wp-content\/uploads\/2023\/11\/Group-6100.svg\",\"contentUrl\":\"https:\/\/www.iplay.com\/wp-content\/uploads\/2023\/11\/Group-6100.svg\",\"width\":98,\"height\":25,\"caption\":\"IPlay\"},\"image\":{\"@id\":\"https:\/\/www.iplay.com\/en\/#\/schema\/logo\/image\/\"}}]}<\/script>\n<!-- \/ Yoast SEO Premium plugin. -->","yoast_head_json":{"title":"Rite de passage : \u00c9treinte du lac Ember CE - Le cadeau de la fille attire une attention ind\u00e9sirable","description":"Le cadeau que votre fille offre dans Rite de passage - \u00c9treinte du lac Ember EC attire l\u2019attention malvenue.","robots":{"index":"index","follow":"follow","max-snippet":"max-snippet:-1","max-image-preview":"max-image-preview:large","max-video-preview":"max-video-preview:-1"},"canonical":"https:\/\/www.iplay.com\/fr\/games\/rite-of-passage-embrace-of-ember-lake-ce\/","og_locale":"fr_FR","og_type":"article","og_title":"Rite of Passage: Embrace of Ember Lake CE","og_description":"Le cadeau que votre fille offre dans Rite de passage - \u00c9treinte du lac Ember EC attire l\u2019attention malvenue.","og_url":"https:\/\/www.iplay.com\/fr\/games\/rite-of-passage-embrace-of-ember-lake-ce\/","og_site_name":"IPlay","og_image":[{"width":310,"height":310,"url":"https:\/\/www.iplay.com\/wp-content\/uploads\/2023\/12\/large_square_tile_image-2451.jpg","type":"image\/jpeg"}],"twitter_card":"summary_large_image","twitter_misc":{"Dur\u00e9e de lecture estim\u00e9e":"1 minute"},"schema":{"@context":"https:\/\/schema.org","@graph":[{"@type":"WebPage","@id":"https:\/\/www.iplay.com\/fr\/games\/rite-of-passage-embrace-of-ember-lake-ce\/","url":"https:\/\/www.iplay.com\/fr\/games\/rite-of-passage-embrace-of-ember-lake-ce\/","name":"Rite de passage : \u00c9treinte du lac Ember CE - Le cadeau de la fille attire une attention ind\u00e9sirable","isPartOf":{"@id":"https:\/\/www.iplay.com\/en\/#website"},"primaryImageOfPage":{"@id":"https:\/\/www.iplay.com\/fr\/games\/rite-of-passage-embrace-of-ember-lake-ce\/#primaryimage"},"image":{"@id":"https:\/\/www.iplay.com\/fr\/games\/rite-of-passage-embrace-of-ember-lake-ce\/#primaryimage"},"thumbnailUrl":"https:\/\/www.iplay.com\/wp-content\/uploads\/2023\/12\/large_square_tile_image-2451.jpg","datePublished":"2021-08-21T00:00:00+00:00","description":"Le cadeau que votre fille offre dans Rite de passage - \u00c9treinte du lac Ember EC attire l\u2019attention malvenue.","breadcrumb":{"@id":"https:\/\/www.iplay.com\/fr\/games\/rite-of-passage-embrace-of-ember-lake-ce\/#breadcrumb"},"inLanguage":"fr-FR","potentialAction":[{"@type":"ReadAction","target":["https:\/\/www.iplay.com\/fr\/games\/rite-of-passage-embrace-of-ember-lake-ce\/"]}]},{"@type":"ImageObject","inLanguage":"fr-FR","@id":"https:\/\/www.iplay.com\/fr\/games\/rite-of-passage-embrace-of-ember-lake-ce\/#primaryimage","url":"https:\/\/www.iplay.com\/wp-content\/uploads\/2023\/12\/large_square_tile_image-2451.jpg","contentUrl":"https:\/\/www.iplay.com\/wp-content\/uploads\/2023\/12\/large_square_tile_image-2451.jpg","width":310,"height":310},{"@type":"BreadcrumbList","@id":"https:\/\/www.iplay.com\/fr\/games\/rite-of-passage-embrace-of-ember-lake-ce\/#breadcrumb","itemListElement":[{"@type":"ListItem","position":1,"name":"Home","item":"https:\/\/www.iplay.com\/fr\/home-page-2\/"},{"@type":"ListItem","position":2,"name":"Shop","item":"https:\/\/www.iplay.com\/en\/shop\/"},{"@type":"ListItem","position":3,"name":"Rite of Passage: Embrace of Ember Lake CE"}]},{"@type":"WebSite","@id":"https:\/\/www.iplay.com\/en\/#website","url":"https:\/\/www.iplay.com\/en\/","name":"IPlay","description":"The Best Casual Games!","publisher":{"@id":"https:\/\/www.iplay.com\/en\/#organization"},"potentialAction":[{"@type":"SearchAction","target":{"@type":"EntryPoint","urlTemplate":"https:\/\/www.iplay.com\/en\/?s={search_term_string}"},"query-input":{"@type":"PropertyValueSpecification","valueRequired":true,"valueName":"search_term_string"}}],"inLanguage":"fr-FR"},{"@type":"Organization","@id":"https:\/\/www.iplay.com\/en\/#organization","name":"IPlay","url":"https:\/\/www.iplay.com\/en\/","logo":{"@type":"ImageObject","inLanguage":"fr-FR","@id":"https:\/\/www.iplay.com\/en\/#\/schema\/logo\/image\/","url":"https:\/\/www.iplay.com\/wp-content\/uploads\/2023\/11\/Group-6100.svg","contentUrl":"https:\/\/www.iplay.com\/wp-content\/uploads\/2023\/11\/Group-6100.svg","width":98,"height":25,"caption":"IPlay"},"image":{"@id":"https:\/\/www.iplay.com\/en\/#\/schema\/logo\/image\/"}}]}},"_links":{"self":[{"href":"https:\/\/www.iplay.com\/fr\/wp-json\/wp\/v2\/product\/134742","targetHints":{"allow":["GET"]}}],"collection":[{"href":"https:\/\/www.iplay.com\/fr\/wp-json\/wp\/v2\/product"}],"about":[{"href":"https:\/\/www.iplay.com\/fr\/wp-json\/wp\/v2\/types\/product"}],"author":[{"embeddable":true,"href":"https:\/\/www.iplay.com\/fr\/wp-json\/wp\/v2\/users\/17"}],"replies":[{"embeddable":true,"href":"https:\/\/www.iplay.com\/fr\/wp-json\/wp\/v2\/comments?post=134742"}],"wp:featuredmedia":[{"embeddable":true,"href":"https:\/\/www.iplay.com\/fr\/wp-json\/wp\/v2\/media\/79208"}],"wp:attachment":[{"href":"https:\/\/www.iplay.com\/fr\/wp-json\/wp\/v2\/media?parent=134742"}],"wp:term":[{"taxonomy":"product_brand","embeddable":true,"href":"https:\/\/www.iplay.com\/fr\/wp-json\/wp\/v2\/product_brand?post=134742"},{"taxonomy":"product_cat","embeddable":true,"href":"https:\/\/www.iplay.com\/fr\/wp-json\/wp\/v2\/product_cat?post=134742"},{"taxonomy":"product_tag","embeddable":true,"href":"https:\/\/www.iplay.com\/fr\/wp-json\/wp\/v2\/product_tag?post=134742"}],"curies":[{"name":"wp","href":"https:\/\/api.w.org\/{rel}","templated":true}]}}