{"id":134716,"date":"2021-10-23T00:00:00","date_gmt":"2021-10-23T00:00:00","guid":{"rendered":"https:\/\/www.iplay.com\/games\/halloween-stories-defying-death-collectors-edition\/"},"modified":"2021-10-23T00:00:00","modified_gmt":"2021-10-23T00:00:00","slug":"halloween-stories-defying-death-collectors-edition","status":"publish","type":"product","link":"https:\/\/www.iplay.com\/fr\/games\/halloween-stories-defying-death-collectors-edition\/","title":{"rendered":"Halloween Stories: Defying Death Collector&#8217;s Edition"},"content":{"rendered":"<p>D\u00e9couvrez le dernier opus de la s\u00e9rie Histoires d\u2019Halloween ! Vous \u00eates impatient de c\u00e9l\u00e9brer l\u2019Halloween en sortant avec votre ami le plus proche. Mais cette nuit heureuse se transforme rapidement en cauchemar lorsqu\u2019un myst\u00e9rieux fant\u00f4me de votre pass\u00e9 appara\u00eet pour prendre l\u2019\u00e2me de votre ami ! Ted et vous avez tous les deux \u00e9t\u00e9 dangereusement proches de la mort dans le pass\u00e9, mais serez-vous en mesure d\u2019\u00e9viter la Faucheuse lorsqu\u2019il viendra prendre ce qui lui est d\u00fb ? Vous le d\u00e9couvrirez dans cette captivante aventure de puzzle d\u2019objets cach\u00e9s !    <\/p>\n<p>&nbsp;<\/p>\n<p>&nbsp;<\/p>\n<p><strong>Fonctionnalit\u00e9s:<\/strong><\/p>\n<p>&nbsp;<\/p>\n<p>&#8211; Explorez les profondeurs de l\u2019\u00e2me \u00e9ternelle dans le jeu bonus pour d\u00e9couvrir le vrai sens de l\u2019humanit\u00e9 !<\/p>\n<p>&#8211; Rejouez \u00e0 vos mini-jeux et HOPS pr\u00e9f\u00e9r\u00e9s pour d\u00e9bloquer plusieurs succ\u00e8s exclusifs !<\/p>\n<p>&#8211; Profitez de bandes sonores sp\u00e9ciales, de fonds d\u2019\u00e9cran et bien plus encore !<\/p>\n<p>&#8211; \u00c9vitez de vous perdre en utilisant le guide de strat\u00e9gie !<\/p>\n","protected":false},"excerpt":{"rendered":"<p>La mort n\u2019est jamais prise \u00e0 la l\u00e9g\u00e8re&#8230; L\u2019\u00e9dition collector de Halloween Stories&nbsp;: Defying Death <\/p>\n","protected":false},"author":17,"featured_media":78664,"comment_status":"open","ping_status":"closed","template":"","meta":{"_acf_changed":false,"inline_featured_image":false},"product_brand":[],"product_cat":[165],"product_tag":[287],"class_list":{"0":"post-134716","1":"product","2":"type-product","3":"status-publish","4":"has-post-thumbnail","6":"product_cat-hidden-object-fr","7":"product_tag-play-on-pc-fr","9":"first","10":"instock","11":"shipping-taxable","12":"purchasable","13":"product-type-simple"},"acf":[],"yoast_head":"<!-- This site is optimized with the Yoast SEO Premium plugin v25.2 (Yoast SEO v25.2) - https:\/\/yoast.com\/wordpress\/plugins\/seo\/ -->\n<title>Halloween Stories\u00a0: D\u00e9fier la Mort Edition Collector - La mort est r\u00e9compens\u00e9e dans Halloween Stories\u00a0: D\u00e9fier la Mort - CE<\/title>\n<meta name=\"description\" content=\"La mort n\u2019est jamais prise \u00e0 la l\u00e9g\u00e8re... L\u2019\u00e9dition collector de Halloween Stories&nbsp;: Defying Death\" \/>\n<meta name=\"robots\" content=\"index, follow, max-snippet:-1, max-image-preview:large, max-video-preview:-1\" \/>\n<link rel=\"canonical\" href=\"https:\/\/www.iplay.com\/fr\/games\/halloween-stories-defying-death-collectors-edition\/\" \/>\n<meta property=\"og:locale\" content=\"fr_FR\" \/>\n<meta property=\"og:type\" content=\"article\" \/>\n<meta property=\"og:title\" content=\"Halloween Stories: Defying Death Collector&#039;s Edition\" \/>\n<meta property=\"og:description\" content=\"La mort n\u2019est jamais prise \u00e0 la l\u00e9g\u00e8re... L\u2019\u00e9dition collector de Halloween Stories&nbsp;: Defying Death\" \/>\n<meta property=\"og:url\" content=\"https:\/\/www.iplay.com\/fr\/games\/halloween-stories-defying-death-collectors-edition\/\" \/>\n<meta property=\"og:site_name\" content=\"IPlay\" \/>\n<meta property=\"og:image\" content=\"https:\/\/www.iplay.com\/wp-content\/uploads\/2023\/12\/large_square_tile_image-2417.jpg\" \/>\n\t<meta property=\"og:image:width\" content=\"310\" \/>\n\t<meta property=\"og:image:height\" content=\"310\" \/>\n\t<meta property=\"og:image:type\" content=\"image\/jpeg\" \/>\n<meta name=\"twitter:card\" content=\"summary_large_image\" \/>\n<meta name=\"twitter:label1\" content=\"Dur\u00e9e de lecture estim\u00e9e\" \/>\n\t<meta name=\"twitter:data1\" content=\"1 minute\" \/>\n<script type=\"application\/ld+json\" class=\"yoast-schema-graph\">{\"@context\":\"https:\/\/schema.org\",\"@graph\":[{\"@type\":\"WebPage\",\"@id\":\"https:\/\/www.iplay.com\/fr\/games\/halloween-stories-defying-death-collectors-edition\/\",\"url\":\"https:\/\/www.iplay.com\/fr\/games\/halloween-stories-defying-death-collectors-edition\/\",\"name\":\"Halloween Stories\u00a0: D\u00e9fier la Mort Edition Collector - La mort est r\u00e9compens\u00e9e dans Halloween Stories\u00a0: D\u00e9fier la Mort - CE\",\"isPartOf\":{\"@id\":\"https:\/\/www.iplay.com\/en\/#website\"},\"primaryImageOfPage\":{\"@id\":\"https:\/\/www.iplay.com\/fr\/games\/halloween-stories-defying-death-collectors-edition\/#primaryimage\"},\"image\":{\"@id\":\"https:\/\/www.iplay.com\/fr\/games\/halloween-stories-defying-death-collectors-edition\/#primaryimage\"},\"thumbnailUrl\":\"https:\/\/www.iplay.com\/wp-content\/uploads\/2023\/12\/large_square_tile_image-2417.jpg\",\"datePublished\":\"2021-10-23T00:00:00+00:00\",\"description\":\"La mort n\u2019est jamais prise \u00e0 la l\u00e9g\u00e8re... L\u2019\u00e9dition collector de Halloween Stories&nbsp;: Defying Death\",\"breadcrumb\":{\"@id\":\"https:\/\/www.iplay.com\/fr\/games\/halloween-stories-defying-death-collectors-edition\/#breadcrumb\"},\"inLanguage\":\"fr-FR\",\"potentialAction\":[{\"@type\":\"ReadAction\",\"target\":[\"https:\/\/www.iplay.com\/fr\/games\/halloween-stories-defying-death-collectors-edition\/\"]}]},{\"@type\":\"ImageObject\",\"inLanguage\":\"fr-FR\",\"@id\":\"https:\/\/www.iplay.com\/fr\/games\/halloween-stories-defying-death-collectors-edition\/#primaryimage\",\"url\":\"https:\/\/www.iplay.com\/wp-content\/uploads\/2023\/12\/large_square_tile_image-2417.jpg\",\"contentUrl\":\"https:\/\/www.iplay.com\/wp-content\/uploads\/2023\/12\/large_square_tile_image-2417.jpg\",\"width\":310,\"height\":310},{\"@type\":\"BreadcrumbList\",\"@id\":\"https:\/\/www.iplay.com\/fr\/games\/halloween-stories-defying-death-collectors-edition\/#breadcrumb\",\"itemListElement\":[{\"@type\":\"ListItem\",\"position\":1,\"name\":\"Home\",\"item\":\"https:\/\/www.iplay.com\/fr\/home-page-2\/\"},{\"@type\":\"ListItem\",\"position\":2,\"name\":\"Shop\",\"item\":\"https:\/\/www.iplay.com\/en\/shop\/\"},{\"@type\":\"ListItem\",\"position\":3,\"name\":\"Halloween Stories: Defying Death Collector&#8217;s Edition\"}]},{\"@type\":\"WebSite\",\"@id\":\"https:\/\/www.iplay.com\/en\/#website\",\"url\":\"https:\/\/www.iplay.com\/en\/\",\"name\":\"IPlay\",\"description\":\"The Best Casual Games!\",\"publisher\":{\"@id\":\"https:\/\/www.iplay.com\/en\/#organization\"},\"potentialAction\":[{\"@type\":\"SearchAction\",\"target\":{\"@type\":\"EntryPoint\",\"urlTemplate\":\"https:\/\/www.iplay.com\/en\/?s={search_term_string}\"},\"query-input\":{\"@type\":\"PropertyValueSpecification\",\"valueRequired\":true,\"valueName\":\"search_term_string\"}}],\"inLanguage\":\"fr-FR\"},{\"@type\":\"Organization\",\"@id\":\"https:\/\/www.iplay.com\/en\/#organization\",\"name\":\"IPlay\",\"url\":\"https:\/\/www.iplay.com\/en\/\",\"logo\":{\"@type\":\"ImageObject\",\"inLanguage\":\"fr-FR\",\"@id\":\"https:\/\/www.iplay.com\/en\/#\/schema\/logo\/image\/\",\"url\":\"https:\/\/www.iplay.com\/wp-content\/uploads\/2023\/11\/Group-6100.svg\",\"contentUrl\":\"https:\/\/www.iplay.com\/wp-content\/uploads\/2023\/11\/Group-6100.svg\",\"width\":98,\"height\":25,\"caption\":\"IPlay\"},\"image\":{\"@id\":\"https:\/\/www.iplay.com\/en\/#\/schema\/logo\/image\/\"}}]}<\/script>\n<!-- \/ Yoast SEO Premium plugin. -->","yoast_head_json":{"title":"Halloween Stories\u00a0: D\u00e9fier la Mort Edition Collector - La mort est r\u00e9compens\u00e9e dans Halloween Stories\u00a0: D\u00e9fier la Mort - CE","description":"La mort n\u2019est jamais prise \u00e0 la l\u00e9g\u00e8re... L\u2019\u00e9dition collector de Halloween Stories&nbsp;: Defying Death","robots":{"index":"index","follow":"follow","max-snippet":"max-snippet:-1","max-image-preview":"max-image-preview:large","max-video-preview":"max-video-preview:-1"},"canonical":"https:\/\/www.iplay.com\/fr\/games\/halloween-stories-defying-death-collectors-edition\/","og_locale":"fr_FR","og_type":"article","og_title":"Halloween Stories: Defying Death Collector's Edition","og_description":"La mort n\u2019est jamais prise \u00e0 la l\u00e9g\u00e8re... L\u2019\u00e9dition collector de Halloween Stories&nbsp;: Defying Death","og_url":"https:\/\/www.iplay.com\/fr\/games\/halloween-stories-defying-death-collectors-edition\/","og_site_name":"IPlay","og_image":[{"width":310,"height":310,"url":"https:\/\/www.iplay.com\/wp-content\/uploads\/2023\/12\/large_square_tile_image-2417.jpg","type":"image\/jpeg"}],"twitter_card":"summary_large_image","twitter_misc":{"Dur\u00e9e de lecture estim\u00e9e":"1 minute"},"schema":{"@context":"https:\/\/schema.org","@graph":[{"@type":"WebPage","@id":"https:\/\/www.iplay.com\/fr\/games\/halloween-stories-defying-death-collectors-edition\/","url":"https:\/\/www.iplay.com\/fr\/games\/halloween-stories-defying-death-collectors-edition\/","name":"Halloween Stories\u00a0: D\u00e9fier la Mort Edition Collector - La mort est r\u00e9compens\u00e9e dans Halloween Stories\u00a0: D\u00e9fier la Mort - CE","isPartOf":{"@id":"https:\/\/www.iplay.com\/en\/#website"},"primaryImageOfPage":{"@id":"https:\/\/www.iplay.com\/fr\/games\/halloween-stories-defying-death-collectors-edition\/#primaryimage"},"image":{"@id":"https:\/\/www.iplay.com\/fr\/games\/halloween-stories-defying-death-collectors-edition\/#primaryimage"},"thumbnailUrl":"https:\/\/www.iplay.com\/wp-content\/uploads\/2023\/12\/large_square_tile_image-2417.jpg","datePublished":"2021-10-23T00:00:00+00:00","description":"La mort n\u2019est jamais prise \u00e0 la l\u00e9g\u00e8re... L\u2019\u00e9dition collector de Halloween Stories&nbsp;: Defying Death","breadcrumb":{"@id":"https:\/\/www.iplay.com\/fr\/games\/halloween-stories-defying-death-collectors-edition\/#breadcrumb"},"inLanguage":"fr-FR","potentialAction":[{"@type":"ReadAction","target":["https:\/\/www.iplay.com\/fr\/games\/halloween-stories-defying-death-collectors-edition\/"]}]},{"@type":"ImageObject","inLanguage":"fr-FR","@id":"https:\/\/www.iplay.com\/fr\/games\/halloween-stories-defying-death-collectors-edition\/#primaryimage","url":"https:\/\/www.iplay.com\/wp-content\/uploads\/2023\/12\/large_square_tile_image-2417.jpg","contentUrl":"https:\/\/www.iplay.com\/wp-content\/uploads\/2023\/12\/large_square_tile_image-2417.jpg","width":310,"height":310},{"@type":"BreadcrumbList","@id":"https:\/\/www.iplay.com\/fr\/games\/halloween-stories-defying-death-collectors-edition\/#breadcrumb","itemListElement":[{"@type":"ListItem","position":1,"name":"Home","item":"https:\/\/www.iplay.com\/fr\/home-page-2\/"},{"@type":"ListItem","position":2,"name":"Shop","item":"https:\/\/www.iplay.com\/en\/shop\/"},{"@type":"ListItem","position":3,"name":"Halloween Stories: Defying Death Collector&#8217;s Edition"}]},{"@type":"WebSite","@id":"https:\/\/www.iplay.com\/en\/#website","url":"https:\/\/www.iplay.com\/en\/","name":"IPlay","description":"The Best Casual Games!","publisher":{"@id":"https:\/\/www.iplay.com\/en\/#organization"},"potentialAction":[{"@type":"SearchAction","target":{"@type":"EntryPoint","urlTemplate":"https:\/\/www.iplay.com\/en\/?s={search_term_string}"},"query-input":{"@type":"PropertyValueSpecification","valueRequired":true,"valueName":"search_term_string"}}],"inLanguage":"fr-FR"},{"@type":"Organization","@id":"https:\/\/www.iplay.com\/en\/#organization","name":"IPlay","url":"https:\/\/www.iplay.com\/en\/","logo":{"@type":"ImageObject","inLanguage":"fr-FR","@id":"https:\/\/www.iplay.com\/en\/#\/schema\/logo\/image\/","url":"https:\/\/www.iplay.com\/wp-content\/uploads\/2023\/11\/Group-6100.svg","contentUrl":"https:\/\/www.iplay.com\/wp-content\/uploads\/2023\/11\/Group-6100.svg","width":98,"height":25,"caption":"IPlay"},"image":{"@id":"https:\/\/www.iplay.com\/en\/#\/schema\/logo\/image\/"}}]}},"_links":{"self":[{"href":"https:\/\/www.iplay.com\/fr\/wp-json\/wp\/v2\/product\/134716","targetHints":{"allow":["GET"]}}],"collection":[{"href":"https:\/\/www.iplay.com\/fr\/wp-json\/wp\/v2\/product"}],"about":[{"href":"https:\/\/www.iplay.com\/fr\/wp-json\/wp\/v2\/types\/product"}],"author":[{"embeddable":true,"href":"https:\/\/www.iplay.com\/fr\/wp-json\/wp\/v2\/users\/17"}],"replies":[{"embeddable":true,"href":"https:\/\/www.iplay.com\/fr\/wp-json\/wp\/v2\/comments?post=134716"}],"wp:featuredmedia":[{"embeddable":true,"href":"https:\/\/www.iplay.com\/fr\/wp-json\/wp\/v2\/media\/78664"}],"wp:attachment":[{"href":"https:\/\/www.iplay.com\/fr\/wp-json\/wp\/v2\/media?parent=134716"}],"wp:term":[{"taxonomy":"product_brand","embeddable":true,"href":"https:\/\/www.iplay.com\/fr\/wp-json\/wp\/v2\/product_brand?post=134716"},{"taxonomy":"product_cat","embeddable":true,"href":"https:\/\/www.iplay.com\/fr\/wp-json\/wp\/v2\/product_cat?post=134716"},{"taxonomy":"product_tag","embeddable":true,"href":"https:\/\/www.iplay.com\/fr\/wp-json\/wp\/v2\/product_tag?post=134716"}],"curies":[{"name":"wp","href":"https:\/\/api.w.org\/{rel}","templated":true}]}}