{"id":134659,"date":"2021-11-29T00:00:00","date_gmt":"2021-11-29T00:00:00","guid":{"rendered":"https:\/\/www.iplay.com\/games\/spirit-legends-the-aeon-heart\/"},"modified":"2021-11-29T00:00:00","modified_gmt":"2021-11-29T00:00:00","slug":"spirit-legends-the-aeon-heart","status":"publish","type":"product","link":"https:\/\/www.iplay.com\/fr\/games\/spirit-legends-the-aeon-heart\/","title":{"rendered":"Spirit Legends: The Aeon Heart"},"content":{"rendered":"<p>Le dernier volume surnaturel de Spirit Legends est maintenant disponible ! Tout s\u2019est parfaitement d\u00e9roul\u00e9 dans votre transplantation cardiaque m\u00e9canique ! C\u2019est le moment de faire le point avec votre oncle scientifique. Mais lorsque vous y arrivez, vous d\u00e9couvrez qu\u2019un Ordre magique et t\u00e9n\u00e9breux a pris votre oncle en otage ! Certaines personnes utiliseront des monstres mythologiques terrifiants pour \u00e9jecter quiconque ose croiser leur chemin parce qu\u2019elles ne font pas confiance \u00e0 la combinaison de la magie et de la science ! Serez-vous capable de sauver votre oncle et les esprits \u00e0 temps en utilisant un puissant bestiaire pour apprivoiser les monstres sauvages ? Vous le d\u00e9couvrirez dans cette captivante aventure de puzzle d\u2019objets cach\u00e9s !      <\/p>\n<p>&nbsp;<\/p>\n<p>&nbsp;<\/p>\n<p><strong>Fonctionnalit\u00e9s:<\/strong><\/p>\n<p>&nbsp;<\/p>\n<p>&#8211; Plongez dans une histoire<br \/>\n fantastique- Traquez un meurtrier et lib\u00e9rez les Gardiens de l\u2019Harmonie<br \/>\n&#8211; S\u00e9quences exceptionnellement complexes impliquant des objets<br \/>\n cach\u00e9s- Utilisez votre bestiaire pour vaincre les monstres<\/p>\n","protected":false},"excerpt":{"rendered":"<p>Serez-vous capable de ma\u00eetriser les cr\u00e9atures indomptables et de sauver les esprits et votre oncle \u00e0 temps ?<\/p>\n","protected":false},"author":17,"featured_media":89444,"comment_status":"open","ping_status":"closed","template":"","meta":{"_acf_changed":false,"inline_featured_image":false},"product_brand":[],"product_cat":[165],"product_tag":[287],"class_list":{"0":"post-134659","1":"product","2":"type-product","3":"status-publish","4":"has-post-thumbnail","6":"product_cat-hidden-object-fr","7":"product_tag-play-on-pc-fr","9":"first","10":"instock","11":"shipping-taxable","12":"purchasable","13":"product-type-simple"},"acf":[],"yoast_head":"<!-- This site is optimized with the Yoast SEO Premium plugin v25.2 (Yoast SEO v25.2) - https:\/\/yoast.com\/wordpress\/plugins\/seo\/ -->\n<title>Spirit Legends\u00a0: The Aeon Heart - Sauvez votre oncle, les Esprits - domptez des monstres sauvages \u00e0 temps<\/title>\n<meta name=\"description\" content=\"Serez-vous capable de ma\u00eetriser les cr\u00e9atures indomptables et de sauver les esprits et votre oncle \u00e0 temps ?\" \/>\n<meta name=\"robots\" content=\"index, follow, max-snippet:-1, max-image-preview:large, max-video-preview:-1\" \/>\n<link rel=\"canonical\" href=\"https:\/\/www.iplay.com\/fr\/games\/spirit-legends-the-aeon-heart\/\" \/>\n<meta property=\"og:locale\" content=\"fr_FR\" \/>\n<meta property=\"og:type\" content=\"article\" \/>\n<meta property=\"og:title\" content=\"Spirit Legends: The Aeon Heart\" \/>\n<meta property=\"og:description\" content=\"Serez-vous capable de ma\u00eetriser les cr\u00e9atures indomptables et de sauver les esprits et votre oncle \u00e0 temps ?\" \/>\n<meta property=\"og:url\" content=\"https:\/\/www.iplay.com\/fr\/games\/spirit-legends-the-aeon-heart\/\" \/>\n<meta property=\"og:site_name\" content=\"IPlay\" \/>\n<meta property=\"og:image\" content=\"https:\/\/www.iplay.com\/wp-content\/uploads\/2023\/12\/large_square_tile_image-3102.jpg\" \/>\n\t<meta property=\"og:image:width\" content=\"310\" \/>\n\t<meta property=\"og:image:height\" content=\"310\" \/>\n\t<meta property=\"og:image:type\" content=\"image\/jpeg\" \/>\n<meta name=\"twitter:card\" content=\"summary_large_image\" \/>\n<meta name=\"twitter:label1\" content=\"Dur\u00e9e de lecture estim\u00e9e\" \/>\n\t<meta name=\"twitter:data1\" content=\"1 minute\" \/>\n<script type=\"application\/ld+json\" class=\"yoast-schema-graph\">{\"@context\":\"https:\/\/schema.org\",\"@graph\":[{\"@type\":\"WebPage\",\"@id\":\"https:\/\/www.iplay.com\/fr\/games\/spirit-legends-the-aeon-heart\/\",\"url\":\"https:\/\/www.iplay.com\/fr\/games\/spirit-legends-the-aeon-heart\/\",\"name\":\"Spirit Legends\u00a0: The Aeon Heart - Sauvez votre oncle, les Esprits - domptez des monstres sauvages \u00e0 temps\",\"isPartOf\":{\"@id\":\"https:\/\/www.iplay.com\/en\/#website\"},\"primaryImageOfPage\":{\"@id\":\"https:\/\/www.iplay.com\/fr\/games\/spirit-legends-the-aeon-heart\/#primaryimage\"},\"image\":{\"@id\":\"https:\/\/www.iplay.com\/fr\/games\/spirit-legends-the-aeon-heart\/#primaryimage\"},\"thumbnailUrl\":\"https:\/\/www.iplay.com\/wp-content\/uploads\/2023\/12\/large_square_tile_image-3102.jpg\",\"datePublished\":\"2021-11-29T00:00:00+00:00\",\"description\":\"Serez-vous capable de ma\u00eetriser les cr\u00e9atures indomptables et de sauver les esprits et votre oncle \u00e0 temps ?\",\"breadcrumb\":{\"@id\":\"https:\/\/www.iplay.com\/fr\/games\/spirit-legends-the-aeon-heart\/#breadcrumb\"},\"inLanguage\":\"fr-FR\",\"potentialAction\":[{\"@type\":\"ReadAction\",\"target\":[\"https:\/\/www.iplay.com\/fr\/games\/spirit-legends-the-aeon-heart\/\"]}]},{\"@type\":\"ImageObject\",\"inLanguage\":\"fr-FR\",\"@id\":\"https:\/\/www.iplay.com\/fr\/games\/spirit-legends-the-aeon-heart\/#primaryimage\",\"url\":\"https:\/\/www.iplay.com\/wp-content\/uploads\/2023\/12\/large_square_tile_image-3102.jpg\",\"contentUrl\":\"https:\/\/www.iplay.com\/wp-content\/uploads\/2023\/12\/large_square_tile_image-3102.jpg\",\"width\":310,\"height\":310},{\"@type\":\"BreadcrumbList\",\"@id\":\"https:\/\/www.iplay.com\/fr\/games\/spirit-legends-the-aeon-heart\/#breadcrumb\",\"itemListElement\":[{\"@type\":\"ListItem\",\"position\":1,\"name\":\"Home\",\"item\":\"https:\/\/www.iplay.com\/fr\/home-page-2\/\"},{\"@type\":\"ListItem\",\"position\":2,\"name\":\"Shop\",\"item\":\"https:\/\/www.iplay.com\/en\/shop\/\"},{\"@type\":\"ListItem\",\"position\":3,\"name\":\"Spirit Legends: The Aeon Heart\"}]},{\"@type\":\"WebSite\",\"@id\":\"https:\/\/www.iplay.com\/en\/#website\",\"url\":\"https:\/\/www.iplay.com\/en\/\",\"name\":\"IPlay\",\"description\":\"The Best Casual Games!\",\"publisher\":{\"@id\":\"https:\/\/www.iplay.com\/en\/#organization\"},\"potentialAction\":[{\"@type\":\"SearchAction\",\"target\":{\"@type\":\"EntryPoint\",\"urlTemplate\":\"https:\/\/www.iplay.com\/en\/?s={search_term_string}\"},\"query-input\":{\"@type\":\"PropertyValueSpecification\",\"valueRequired\":true,\"valueName\":\"search_term_string\"}}],\"inLanguage\":\"fr-FR\"},{\"@type\":\"Organization\",\"@id\":\"https:\/\/www.iplay.com\/en\/#organization\",\"name\":\"IPlay\",\"url\":\"https:\/\/www.iplay.com\/en\/\",\"logo\":{\"@type\":\"ImageObject\",\"inLanguage\":\"fr-FR\",\"@id\":\"https:\/\/www.iplay.com\/en\/#\/schema\/logo\/image\/\",\"url\":\"https:\/\/www.iplay.com\/wp-content\/uploads\/2023\/11\/Group-6100.svg\",\"contentUrl\":\"https:\/\/www.iplay.com\/wp-content\/uploads\/2023\/11\/Group-6100.svg\",\"width\":98,\"height\":25,\"caption\":\"IPlay\"},\"image\":{\"@id\":\"https:\/\/www.iplay.com\/en\/#\/schema\/logo\/image\/\"}}]}<\/script>\n<!-- \/ Yoast SEO Premium plugin. -->","yoast_head_json":{"title":"Spirit Legends\u00a0: The Aeon Heart - Sauvez votre oncle, les Esprits - domptez des monstres sauvages \u00e0 temps","description":"Serez-vous capable de ma\u00eetriser les cr\u00e9atures indomptables et de sauver les esprits et votre oncle \u00e0 temps ?","robots":{"index":"index","follow":"follow","max-snippet":"max-snippet:-1","max-image-preview":"max-image-preview:large","max-video-preview":"max-video-preview:-1"},"canonical":"https:\/\/www.iplay.com\/fr\/games\/spirit-legends-the-aeon-heart\/","og_locale":"fr_FR","og_type":"article","og_title":"Spirit Legends: The Aeon Heart","og_description":"Serez-vous capable de ma\u00eetriser les cr\u00e9atures indomptables et de sauver les esprits et votre oncle \u00e0 temps ?","og_url":"https:\/\/www.iplay.com\/fr\/games\/spirit-legends-the-aeon-heart\/","og_site_name":"IPlay","og_image":[{"width":310,"height":310,"url":"https:\/\/www.iplay.com\/wp-content\/uploads\/2023\/12\/large_square_tile_image-3102.jpg","type":"image\/jpeg"}],"twitter_card":"summary_large_image","twitter_misc":{"Dur\u00e9e de lecture estim\u00e9e":"1 minute"},"schema":{"@context":"https:\/\/schema.org","@graph":[{"@type":"WebPage","@id":"https:\/\/www.iplay.com\/fr\/games\/spirit-legends-the-aeon-heart\/","url":"https:\/\/www.iplay.com\/fr\/games\/spirit-legends-the-aeon-heart\/","name":"Spirit Legends\u00a0: The Aeon Heart - Sauvez votre oncle, les Esprits - domptez des monstres sauvages \u00e0 temps","isPartOf":{"@id":"https:\/\/www.iplay.com\/en\/#website"},"primaryImageOfPage":{"@id":"https:\/\/www.iplay.com\/fr\/games\/spirit-legends-the-aeon-heart\/#primaryimage"},"image":{"@id":"https:\/\/www.iplay.com\/fr\/games\/spirit-legends-the-aeon-heart\/#primaryimage"},"thumbnailUrl":"https:\/\/www.iplay.com\/wp-content\/uploads\/2023\/12\/large_square_tile_image-3102.jpg","datePublished":"2021-11-29T00:00:00+00:00","description":"Serez-vous capable de ma\u00eetriser les cr\u00e9atures indomptables et de sauver les esprits et votre oncle \u00e0 temps ?","breadcrumb":{"@id":"https:\/\/www.iplay.com\/fr\/games\/spirit-legends-the-aeon-heart\/#breadcrumb"},"inLanguage":"fr-FR","potentialAction":[{"@type":"ReadAction","target":["https:\/\/www.iplay.com\/fr\/games\/spirit-legends-the-aeon-heart\/"]}]},{"@type":"ImageObject","inLanguage":"fr-FR","@id":"https:\/\/www.iplay.com\/fr\/games\/spirit-legends-the-aeon-heart\/#primaryimage","url":"https:\/\/www.iplay.com\/wp-content\/uploads\/2023\/12\/large_square_tile_image-3102.jpg","contentUrl":"https:\/\/www.iplay.com\/wp-content\/uploads\/2023\/12\/large_square_tile_image-3102.jpg","width":310,"height":310},{"@type":"BreadcrumbList","@id":"https:\/\/www.iplay.com\/fr\/games\/spirit-legends-the-aeon-heart\/#breadcrumb","itemListElement":[{"@type":"ListItem","position":1,"name":"Home","item":"https:\/\/www.iplay.com\/fr\/home-page-2\/"},{"@type":"ListItem","position":2,"name":"Shop","item":"https:\/\/www.iplay.com\/en\/shop\/"},{"@type":"ListItem","position":3,"name":"Spirit Legends: The Aeon Heart"}]},{"@type":"WebSite","@id":"https:\/\/www.iplay.com\/en\/#website","url":"https:\/\/www.iplay.com\/en\/","name":"IPlay","description":"The Best Casual Games!","publisher":{"@id":"https:\/\/www.iplay.com\/en\/#organization"},"potentialAction":[{"@type":"SearchAction","target":{"@type":"EntryPoint","urlTemplate":"https:\/\/www.iplay.com\/en\/?s={search_term_string}"},"query-input":{"@type":"PropertyValueSpecification","valueRequired":true,"valueName":"search_term_string"}}],"inLanguage":"fr-FR"},{"@type":"Organization","@id":"https:\/\/www.iplay.com\/en\/#organization","name":"IPlay","url":"https:\/\/www.iplay.com\/en\/","logo":{"@type":"ImageObject","inLanguage":"fr-FR","@id":"https:\/\/www.iplay.com\/en\/#\/schema\/logo\/image\/","url":"https:\/\/www.iplay.com\/wp-content\/uploads\/2023\/11\/Group-6100.svg","contentUrl":"https:\/\/www.iplay.com\/wp-content\/uploads\/2023\/11\/Group-6100.svg","width":98,"height":25,"caption":"IPlay"},"image":{"@id":"https:\/\/www.iplay.com\/en\/#\/schema\/logo\/image\/"}}]}},"_links":{"self":[{"href":"https:\/\/www.iplay.com\/fr\/wp-json\/wp\/v2\/product\/134659","targetHints":{"allow":["GET"]}}],"collection":[{"href":"https:\/\/www.iplay.com\/fr\/wp-json\/wp\/v2\/product"}],"about":[{"href":"https:\/\/www.iplay.com\/fr\/wp-json\/wp\/v2\/types\/product"}],"author":[{"embeddable":true,"href":"https:\/\/www.iplay.com\/fr\/wp-json\/wp\/v2\/users\/17"}],"replies":[{"embeddable":true,"href":"https:\/\/www.iplay.com\/fr\/wp-json\/wp\/v2\/comments?post=134659"}],"wp:featuredmedia":[{"embeddable":true,"href":"https:\/\/www.iplay.com\/fr\/wp-json\/wp\/v2\/media\/89444"}],"wp:attachment":[{"href":"https:\/\/www.iplay.com\/fr\/wp-json\/wp\/v2\/media?parent=134659"}],"wp:term":[{"taxonomy":"product_brand","embeddable":true,"href":"https:\/\/www.iplay.com\/fr\/wp-json\/wp\/v2\/product_brand?post=134659"},{"taxonomy":"product_cat","embeddable":true,"href":"https:\/\/www.iplay.com\/fr\/wp-json\/wp\/v2\/product_cat?post=134659"},{"taxonomy":"product_tag","embeddable":true,"href":"https:\/\/www.iplay.com\/fr\/wp-json\/wp\/v2\/product_tag?post=134659"}],"curies":[{"name":"wp","href":"https:\/\/api.w.org\/{rel}","templated":true}]}}