{"id":134651,"date":"2021-12-11T00:00:00","date_gmt":"2021-12-11T00:00:00","guid":{"rendered":"https:\/\/www.iplay.com\/games\/haunted-hotel-a-past-redeemed-ce\/"},"modified":"2021-12-11T00:00:00","modified_gmt":"2021-12-11T00:00:00","slug":"haunted-hotel-a-past-redeemed-ce","status":"publish","type":"product","link":"https:\/\/www.iplay.com\/fr\/games\/haunted-hotel-a-past-redeemed-ce\/","title":{"rendered":"Haunted Hotel: A Past Redeemed CE"},"content":{"rendered":"<p>Le 20e et dernier \u00e9pisode de la s\u00e9rie effrayante Haunted Hotel ! Il est presque l\u2019heure de se marier ! Apr\u00e8s avoir failli vous \u00e9chapper lors de votre derni\u00e8re affaire avec votre bien-aim\u00e9, aujourd\u2019hui est enfin le jour de votre mariage. Votre ardeur et votre d\u00e9termination sont rapidement mises \u00e0 l\u2019\u00e9preuve lorsque votre cousin dispara\u00eet et que des fant\u00f4mes commencent \u00e0 prendre le contr\u00f4le de votre emplacement ! Avant qu\u2019il ne soit trop tard, serez-vous capable de vaincre un vieil ennemi et de changer le cours de l\u2019histoire ? Vous le d\u00e9couvrirez dans cette passionnante aventure de puzzle d\u2019objets cach\u00e9s !     <\/p>\n<p>&nbsp;<\/p>\n<p>&nbsp;<\/p>\n<p><strong>Fonctionnalit\u00e9s:<\/strong><\/p>\n<p>&nbsp;<\/p>\n<p>&#8211; Dans le jeu bonus, hant\u00e9 prend un tout nouveau sens lorsque quelque chose d\u2019inattendu se produit !<\/p>\n<p>&#8211; Rejouez \u00e0 vos mini-jeux et SOC pr\u00e9f\u00e9r\u00e9s pour d\u00e9bloquer des succ\u00e8s !<\/p>\n<p>&#8211; D\u00e9couvrez une tonne d\u2019\u00e9l\u00e9ments d\u2019images secr\u00e8tes, des photos qui changent et la salle secr\u00e8te !<\/p>\n<p>&#8211; Une bande-son et des arri\u00e8re-plans uniques !<\/p>\n<p>&#8211; \u00c9vitez de vous perdre en utilisant le guide de strat\u00e9gie !<\/p>\n","protected":false},"excerpt":{"rendered":"<p>Pouvez-vous d\u00e9chiffrer le code et sauver votre mariage ? IN Haunted Hotel&nbsp;: Un CE rachet\u00e9 par le pass\u00e9 <\/p>\n","protected":false},"author":17,"featured_media":108642,"comment_status":"open","ping_status":"closed","template":"","meta":{"_acf_changed":false,"inline_featured_image":false},"product_brand":[],"product_cat":[165],"product_tag":[287],"class_list":{"0":"post-134651","1":"product","2":"type-product","3":"status-publish","4":"has-post-thumbnail","6":"product_cat-hidden-object-fr","7":"product_tag-play-on-pc-fr","9":"first","10":"instock","11":"shipping-taxable","12":"purchasable","13":"product-type-simple"},"acf":[],"yoast_head":"<!-- This site is optimized with the Yoast SEO Premium plugin v25.2 (Yoast SEO v25.2) - https:\/\/yoast.com\/wordpress\/plugins\/seo\/ -->\n<title>Haunted Hotel\u00a0: A Past Reredeem CE - R\u00e9solvez un myst\u00e8re \u00e0 temps pour sauver vos noces<\/title>\n<meta name=\"description\" content=\"Pouvez-vous d\u00e9chiffrer le code et sauver votre mariage ? IN Haunted Hotel&nbsp;: Un CE rachet\u00e9 par le pass\u00e9\" \/>\n<meta name=\"robots\" content=\"index, follow, max-snippet:-1, max-image-preview:large, max-video-preview:-1\" \/>\n<link rel=\"canonical\" href=\"https:\/\/www.iplay.com\/fr\/games\/haunted-hotel-a-past-redeemed-ce\/\" \/>\n<meta property=\"og:locale\" content=\"fr_FR\" \/>\n<meta property=\"og:type\" content=\"article\" \/>\n<meta property=\"og:title\" content=\"Haunted Hotel: A Past Redeemed CE\" \/>\n<meta property=\"og:description\" content=\"Pouvez-vous d\u00e9chiffrer le code et sauver votre mariage ? IN Haunted Hotel&nbsp;: Un CE rachet\u00e9 par le pass\u00e9\" \/>\n<meta property=\"og:url\" content=\"https:\/\/www.iplay.com\/fr\/games\/haunted-hotel-a-past-redeemed-ce\/\" \/>\n<meta property=\"og:site_name\" content=\"IPlay\" \/>\n<meta property=\"og:image\" content=\"https:\/\/www.iplay.com\/wp-content\/uploads\/2023\/12\/large_square_tile_image-4311.jpg\" \/>\n\t<meta property=\"og:image:width\" content=\"310\" \/>\n\t<meta property=\"og:image:height\" content=\"310\" \/>\n\t<meta property=\"og:image:type\" content=\"image\/jpeg\" \/>\n<meta name=\"twitter:card\" content=\"summary_large_image\" \/>\n<meta name=\"twitter:label1\" content=\"Dur\u00e9e de lecture estim\u00e9e\" \/>\n\t<meta name=\"twitter:data1\" content=\"1 minute\" \/>\n<script type=\"application\/ld+json\" class=\"yoast-schema-graph\">{\"@context\":\"https:\/\/schema.org\",\"@graph\":[{\"@type\":\"WebPage\",\"@id\":\"https:\/\/www.iplay.com\/fr\/games\/haunted-hotel-a-past-redeemed-ce\/\",\"url\":\"https:\/\/www.iplay.com\/fr\/games\/haunted-hotel-a-past-redeemed-ce\/\",\"name\":\"Haunted Hotel\u00a0: A Past Reredeem CE - R\u00e9solvez un myst\u00e8re \u00e0 temps pour sauver vos noces\",\"isPartOf\":{\"@id\":\"https:\/\/www.iplay.com\/en\/#website\"},\"primaryImageOfPage\":{\"@id\":\"https:\/\/www.iplay.com\/fr\/games\/haunted-hotel-a-past-redeemed-ce\/#primaryimage\"},\"image\":{\"@id\":\"https:\/\/www.iplay.com\/fr\/games\/haunted-hotel-a-past-redeemed-ce\/#primaryimage\"},\"thumbnailUrl\":\"https:\/\/www.iplay.com\/wp-content\/uploads\/2023\/12\/large_square_tile_image-4311.jpg\",\"datePublished\":\"2021-12-11T00:00:00+00:00\",\"description\":\"Pouvez-vous d\u00e9chiffrer le code et sauver votre mariage ? IN Haunted Hotel&nbsp;: Un CE rachet\u00e9 par le pass\u00e9\",\"breadcrumb\":{\"@id\":\"https:\/\/www.iplay.com\/fr\/games\/haunted-hotel-a-past-redeemed-ce\/#breadcrumb\"},\"inLanguage\":\"fr-FR\",\"potentialAction\":[{\"@type\":\"ReadAction\",\"target\":[\"https:\/\/www.iplay.com\/fr\/games\/haunted-hotel-a-past-redeemed-ce\/\"]}]},{\"@type\":\"ImageObject\",\"inLanguage\":\"fr-FR\",\"@id\":\"https:\/\/www.iplay.com\/fr\/games\/haunted-hotel-a-past-redeemed-ce\/#primaryimage\",\"url\":\"https:\/\/www.iplay.com\/wp-content\/uploads\/2023\/12\/large_square_tile_image-4311.jpg\",\"contentUrl\":\"https:\/\/www.iplay.com\/wp-content\/uploads\/2023\/12\/large_square_tile_image-4311.jpg\",\"width\":310,\"height\":310},{\"@type\":\"BreadcrumbList\",\"@id\":\"https:\/\/www.iplay.com\/fr\/games\/haunted-hotel-a-past-redeemed-ce\/#breadcrumb\",\"itemListElement\":[{\"@type\":\"ListItem\",\"position\":1,\"name\":\"Home\",\"item\":\"https:\/\/www.iplay.com\/fr\/home-page-2\/\"},{\"@type\":\"ListItem\",\"position\":2,\"name\":\"Shop\",\"item\":\"https:\/\/www.iplay.com\/en\/shop\/\"},{\"@type\":\"ListItem\",\"position\":3,\"name\":\"Haunted Hotel: A Past Redeemed CE\"}]},{\"@type\":\"WebSite\",\"@id\":\"https:\/\/www.iplay.com\/en\/#website\",\"url\":\"https:\/\/www.iplay.com\/en\/\",\"name\":\"IPlay\",\"description\":\"The Best Casual Games!\",\"publisher\":{\"@id\":\"https:\/\/www.iplay.com\/en\/#organization\"},\"potentialAction\":[{\"@type\":\"SearchAction\",\"target\":{\"@type\":\"EntryPoint\",\"urlTemplate\":\"https:\/\/www.iplay.com\/en\/?s={search_term_string}\"},\"query-input\":{\"@type\":\"PropertyValueSpecification\",\"valueRequired\":true,\"valueName\":\"search_term_string\"}}],\"inLanguage\":\"fr-FR\"},{\"@type\":\"Organization\",\"@id\":\"https:\/\/www.iplay.com\/en\/#organization\",\"name\":\"IPlay\",\"url\":\"https:\/\/www.iplay.com\/en\/\",\"logo\":{\"@type\":\"ImageObject\",\"inLanguage\":\"fr-FR\",\"@id\":\"https:\/\/www.iplay.com\/en\/#\/schema\/logo\/image\/\",\"url\":\"https:\/\/www.iplay.com\/wp-content\/uploads\/2023\/11\/Group-6100.svg\",\"contentUrl\":\"https:\/\/www.iplay.com\/wp-content\/uploads\/2023\/11\/Group-6100.svg\",\"width\":98,\"height\":25,\"caption\":\"IPlay\"},\"image\":{\"@id\":\"https:\/\/www.iplay.com\/en\/#\/schema\/logo\/image\/\"}}]}<\/script>\n<!-- \/ Yoast SEO Premium plugin. -->","yoast_head_json":{"title":"Haunted Hotel\u00a0: A Past Reredeem CE - R\u00e9solvez un myst\u00e8re \u00e0 temps pour sauver vos noces","description":"Pouvez-vous d\u00e9chiffrer le code et sauver votre mariage ? IN Haunted Hotel&nbsp;: Un CE rachet\u00e9 par le pass\u00e9","robots":{"index":"index","follow":"follow","max-snippet":"max-snippet:-1","max-image-preview":"max-image-preview:large","max-video-preview":"max-video-preview:-1"},"canonical":"https:\/\/www.iplay.com\/fr\/games\/haunted-hotel-a-past-redeemed-ce\/","og_locale":"fr_FR","og_type":"article","og_title":"Haunted Hotel: A Past Redeemed CE","og_description":"Pouvez-vous d\u00e9chiffrer le code et sauver votre mariage ? IN Haunted Hotel&nbsp;: Un CE rachet\u00e9 par le pass\u00e9","og_url":"https:\/\/www.iplay.com\/fr\/games\/haunted-hotel-a-past-redeemed-ce\/","og_site_name":"IPlay","og_image":[{"width":310,"height":310,"url":"https:\/\/www.iplay.com\/wp-content\/uploads\/2023\/12\/large_square_tile_image-4311.jpg","type":"image\/jpeg"}],"twitter_card":"summary_large_image","twitter_misc":{"Dur\u00e9e de lecture estim\u00e9e":"1 minute"},"schema":{"@context":"https:\/\/schema.org","@graph":[{"@type":"WebPage","@id":"https:\/\/www.iplay.com\/fr\/games\/haunted-hotel-a-past-redeemed-ce\/","url":"https:\/\/www.iplay.com\/fr\/games\/haunted-hotel-a-past-redeemed-ce\/","name":"Haunted Hotel\u00a0: A Past Reredeem CE - R\u00e9solvez un myst\u00e8re \u00e0 temps pour sauver vos noces","isPartOf":{"@id":"https:\/\/www.iplay.com\/en\/#website"},"primaryImageOfPage":{"@id":"https:\/\/www.iplay.com\/fr\/games\/haunted-hotel-a-past-redeemed-ce\/#primaryimage"},"image":{"@id":"https:\/\/www.iplay.com\/fr\/games\/haunted-hotel-a-past-redeemed-ce\/#primaryimage"},"thumbnailUrl":"https:\/\/www.iplay.com\/wp-content\/uploads\/2023\/12\/large_square_tile_image-4311.jpg","datePublished":"2021-12-11T00:00:00+00:00","description":"Pouvez-vous d\u00e9chiffrer le code et sauver votre mariage ? IN Haunted Hotel&nbsp;: Un CE rachet\u00e9 par le pass\u00e9","breadcrumb":{"@id":"https:\/\/www.iplay.com\/fr\/games\/haunted-hotel-a-past-redeemed-ce\/#breadcrumb"},"inLanguage":"fr-FR","potentialAction":[{"@type":"ReadAction","target":["https:\/\/www.iplay.com\/fr\/games\/haunted-hotel-a-past-redeemed-ce\/"]}]},{"@type":"ImageObject","inLanguage":"fr-FR","@id":"https:\/\/www.iplay.com\/fr\/games\/haunted-hotel-a-past-redeemed-ce\/#primaryimage","url":"https:\/\/www.iplay.com\/wp-content\/uploads\/2023\/12\/large_square_tile_image-4311.jpg","contentUrl":"https:\/\/www.iplay.com\/wp-content\/uploads\/2023\/12\/large_square_tile_image-4311.jpg","width":310,"height":310},{"@type":"BreadcrumbList","@id":"https:\/\/www.iplay.com\/fr\/games\/haunted-hotel-a-past-redeemed-ce\/#breadcrumb","itemListElement":[{"@type":"ListItem","position":1,"name":"Home","item":"https:\/\/www.iplay.com\/fr\/home-page-2\/"},{"@type":"ListItem","position":2,"name":"Shop","item":"https:\/\/www.iplay.com\/en\/shop\/"},{"@type":"ListItem","position":3,"name":"Haunted Hotel: A Past Redeemed CE"}]},{"@type":"WebSite","@id":"https:\/\/www.iplay.com\/en\/#website","url":"https:\/\/www.iplay.com\/en\/","name":"IPlay","description":"The Best Casual Games!","publisher":{"@id":"https:\/\/www.iplay.com\/en\/#organization"},"potentialAction":[{"@type":"SearchAction","target":{"@type":"EntryPoint","urlTemplate":"https:\/\/www.iplay.com\/en\/?s={search_term_string}"},"query-input":{"@type":"PropertyValueSpecification","valueRequired":true,"valueName":"search_term_string"}}],"inLanguage":"fr-FR"},{"@type":"Organization","@id":"https:\/\/www.iplay.com\/en\/#organization","name":"IPlay","url":"https:\/\/www.iplay.com\/en\/","logo":{"@type":"ImageObject","inLanguage":"fr-FR","@id":"https:\/\/www.iplay.com\/en\/#\/schema\/logo\/image\/","url":"https:\/\/www.iplay.com\/wp-content\/uploads\/2023\/11\/Group-6100.svg","contentUrl":"https:\/\/www.iplay.com\/wp-content\/uploads\/2023\/11\/Group-6100.svg","width":98,"height":25,"caption":"IPlay"},"image":{"@id":"https:\/\/www.iplay.com\/en\/#\/schema\/logo\/image\/"}}]}},"_links":{"self":[{"href":"https:\/\/www.iplay.com\/fr\/wp-json\/wp\/v2\/product\/134651","targetHints":{"allow":["GET"]}}],"collection":[{"href":"https:\/\/www.iplay.com\/fr\/wp-json\/wp\/v2\/product"}],"about":[{"href":"https:\/\/www.iplay.com\/fr\/wp-json\/wp\/v2\/types\/product"}],"author":[{"embeddable":true,"href":"https:\/\/www.iplay.com\/fr\/wp-json\/wp\/v2\/users\/17"}],"replies":[{"embeddable":true,"href":"https:\/\/www.iplay.com\/fr\/wp-json\/wp\/v2\/comments?post=134651"}],"wp:featuredmedia":[{"embeddable":true,"href":"https:\/\/www.iplay.com\/fr\/wp-json\/wp\/v2\/media\/108642"}],"wp:attachment":[{"href":"https:\/\/www.iplay.com\/fr\/wp-json\/wp\/v2\/media?parent=134651"}],"wp:term":[{"taxonomy":"product_brand","embeddable":true,"href":"https:\/\/www.iplay.com\/fr\/wp-json\/wp\/v2\/product_brand?post=134651"},{"taxonomy":"product_cat","embeddable":true,"href":"https:\/\/www.iplay.com\/fr\/wp-json\/wp\/v2\/product_cat?post=134651"},{"taxonomy":"product_tag","embeddable":true,"href":"https:\/\/www.iplay.com\/fr\/wp-json\/wp\/v2\/product_tag?post=134651"}],"curies":[{"name":"wp","href":"https:\/\/api.w.org\/{rel}","templated":true}]}}