{"id":134645,"date":"2021-12-18T00:00:00","date_gmt":"2021-12-18T00:00:00","guid":{"rendered":"https:\/\/www.iplay.com\/games\/the-christmas-spirit-journey-before-christmas-ce\/"},"modified":"2021-12-18T00:00:00","modified_gmt":"2021-12-18T00:00:00","slug":"the-christmas-spirit-journey-before-christmas-ce","status":"publish","type":"product","link":"https:\/\/www.iplay.com\/fr\/games\/the-christmas-spirit-journey-before-christmas-ce\/","title":{"rendered":"The Christmas Spirit: Journey Before Christmas CE"},"content":{"rendered":"<p>Embarquez avec nous pour pr\u00e9server No\u00ebl dans le dernier \u00e9pisode de la s\u00e9rie L\u2019esprit de No\u00ebl ! Le p\u00f4le Nord est une ruche d\u2019activit\u00e9 et votre petit c\u0153ur de poup\u00e9e explose d\u2019excitation lorsqu\u2019une petite fille vous demande No\u00ebl ! Cependant, il n\u2019est pas toujours facile d\u2019\u00eatre un cadeau, et tout le monde au p\u00f4le Nord n\u2019esp\u00e8re pas que les f\u00eates de fin d\u2019ann\u00e9e seront heureuses. Le temps presse pour quelqu\u2019un qui essaie d\u2019emp\u00eacher les jouets d\u2019arriver dans leur nouvelle maison ! Est-il possible pour vous et les autres jouets d\u2019arriver dans vos nouvelles maisons \u00e0 temps pour No\u00ebl ? Vous le d\u00e9couvrirez dans ce captivant voyage de puzzle d\u2019objets cach\u00e9s !     <\/p>\n<p>&nbsp;<\/p>\n<p>&nbsp;<\/p>\n<p><strong>Fonctionnalit\u00e9s:<\/strong><\/p>\n<p>&#8211; Lib\u00e9rez Carlos de l\u2019emprise de Mme Tovenare en brisant l\u2019enchantement !<br \/>\n&#8211; Essayez de terminer chaque puzzle dans les niveaux de difficult\u00e9 Facile et Difficile !<br \/>\n&#8211; Rassemblez des cadeaux et des friandises festives du monde entier !<br \/>\n&#8211; Profitez d\u2019illustrations conceptuelles, de fonds d\u2019\u00e9cran, de bandes sonores et bien plus encore !<br \/>\n&#8211; Un guide de strat\u00e9gie complet est inclus ! Disponible en permanence quand vous en avez besoin !<\/p>\n","protected":false},"excerpt":{"rendered":"<p>\u00cates-vous en mesure de rejoindre votre nouvelle famille \u00e0 temps&nbsp;? D\u00e9couvrez l\u2019ambiance de No\u00ebl : le voyage avant No\u00ebl CE <\/p>\n","protected":false},"author":17,"featured_media":90500,"comment_status":"open","ping_status":"closed","template":"","meta":{"_acf_changed":false,"inline_featured_image":false},"product_brand":[],"product_cat":[165],"product_tag":[287],"class_list":{"0":"post-134645","1":"product","2":"type-product","3":"status-publish","4":"has-post-thumbnail","6":"product_cat-hidden-object-fr","7":"product_tag-play-on-pc-fr","9":"first","10":"instock","11":"shipping-taxable","12":"purchasable","13":"product-type-simple"},"acf":[],"yoast_head":"<!-- This site is optimized with the Yoast SEO Premium plugin v25.2 (Yoast SEO v25.2) - https:\/\/yoast.com\/wordpress\/plugins\/seo\/ -->\n<title>L\u2019esprit de No\u00ebl : Voyage avant No\u00ebl CE - Rejoignez votre nouvelle famille \u00e0 temps et surmontez les d\u00e9fis<\/title>\n<meta name=\"description\" content=\"\u00cates-vous en mesure de rejoindre votre nouvelle famille \u00e0 temps&nbsp;? D\u00e9couvrez l\u2019ambiance de No\u00ebl : le voyage avant No\u00ebl CE\" \/>\n<meta name=\"robots\" content=\"index, follow, max-snippet:-1, max-image-preview:large, max-video-preview:-1\" \/>\n<link rel=\"canonical\" href=\"https:\/\/www.iplay.com\/fr\/games\/the-christmas-spirit-journey-before-christmas-ce\/\" \/>\n<meta property=\"og:locale\" content=\"fr_FR\" \/>\n<meta property=\"og:type\" content=\"article\" \/>\n<meta property=\"og:title\" content=\"The Christmas Spirit: Journey Before Christmas CE\" \/>\n<meta property=\"og:description\" content=\"\u00cates-vous en mesure de rejoindre votre nouvelle famille \u00e0 temps&nbsp;? D\u00e9couvrez l\u2019ambiance de No\u00ebl : le voyage avant No\u00ebl CE\" \/>\n<meta property=\"og:url\" content=\"https:\/\/www.iplay.com\/fr\/games\/the-christmas-spirit-journey-before-christmas-ce\/\" \/>\n<meta property=\"og:site_name\" content=\"IPlay\" \/>\n<meta property=\"og:image\" content=\"https:\/\/www.iplay.com\/wp-content\/uploads\/2023\/12\/large_square_tile_image-3170.jpg\" \/>\n\t<meta property=\"og:image:width\" content=\"310\" \/>\n\t<meta property=\"og:image:height\" content=\"310\" \/>\n\t<meta property=\"og:image:type\" content=\"image\/jpeg\" \/>\n<meta name=\"twitter:card\" content=\"summary_large_image\" \/>\n<meta name=\"twitter:label1\" content=\"Dur\u00e9e de lecture estim\u00e9e\" \/>\n\t<meta name=\"twitter:data1\" content=\"1 minute\" \/>\n<script type=\"application\/ld+json\" class=\"yoast-schema-graph\">{\"@context\":\"https:\/\/schema.org\",\"@graph\":[{\"@type\":\"WebPage\",\"@id\":\"https:\/\/www.iplay.com\/fr\/games\/the-christmas-spirit-journey-before-christmas-ce\/\",\"url\":\"https:\/\/www.iplay.com\/fr\/games\/the-christmas-spirit-journey-before-christmas-ce\/\",\"name\":\"L\u2019esprit de No\u00ebl : Voyage avant No\u00ebl CE - Rejoignez votre nouvelle famille \u00e0 temps et surmontez les d\u00e9fis\",\"isPartOf\":{\"@id\":\"https:\/\/www.iplay.com\/en\/#website\"},\"primaryImageOfPage\":{\"@id\":\"https:\/\/www.iplay.com\/fr\/games\/the-christmas-spirit-journey-before-christmas-ce\/#primaryimage\"},\"image\":{\"@id\":\"https:\/\/www.iplay.com\/fr\/games\/the-christmas-spirit-journey-before-christmas-ce\/#primaryimage\"},\"thumbnailUrl\":\"https:\/\/www.iplay.com\/wp-content\/uploads\/2023\/12\/large_square_tile_image-3170.jpg\",\"datePublished\":\"2021-12-18T00:00:00+00:00\",\"description\":\"\u00cates-vous en mesure de rejoindre votre nouvelle famille \u00e0 temps&nbsp;? D\u00e9couvrez l\u2019ambiance de No\u00ebl : le voyage avant No\u00ebl CE\",\"breadcrumb\":{\"@id\":\"https:\/\/www.iplay.com\/fr\/games\/the-christmas-spirit-journey-before-christmas-ce\/#breadcrumb\"},\"inLanguage\":\"fr-FR\",\"potentialAction\":[{\"@type\":\"ReadAction\",\"target\":[\"https:\/\/www.iplay.com\/fr\/games\/the-christmas-spirit-journey-before-christmas-ce\/\"]}]},{\"@type\":\"ImageObject\",\"inLanguage\":\"fr-FR\",\"@id\":\"https:\/\/www.iplay.com\/fr\/games\/the-christmas-spirit-journey-before-christmas-ce\/#primaryimage\",\"url\":\"https:\/\/www.iplay.com\/wp-content\/uploads\/2023\/12\/large_square_tile_image-3170.jpg\",\"contentUrl\":\"https:\/\/www.iplay.com\/wp-content\/uploads\/2023\/12\/large_square_tile_image-3170.jpg\",\"width\":310,\"height\":310},{\"@type\":\"BreadcrumbList\",\"@id\":\"https:\/\/www.iplay.com\/fr\/games\/the-christmas-spirit-journey-before-christmas-ce\/#breadcrumb\",\"itemListElement\":[{\"@type\":\"ListItem\",\"position\":1,\"name\":\"Home\",\"item\":\"https:\/\/www.iplay.com\/fr\/home-page-2\/\"},{\"@type\":\"ListItem\",\"position\":2,\"name\":\"Shop\",\"item\":\"https:\/\/www.iplay.com\/en\/shop\/\"},{\"@type\":\"ListItem\",\"position\":3,\"name\":\"The Christmas Spirit: Journey Before Christmas CE\"}]},{\"@type\":\"WebSite\",\"@id\":\"https:\/\/www.iplay.com\/en\/#website\",\"url\":\"https:\/\/www.iplay.com\/en\/\",\"name\":\"IPlay\",\"description\":\"The Best Casual Games!\",\"publisher\":{\"@id\":\"https:\/\/www.iplay.com\/en\/#organization\"},\"potentialAction\":[{\"@type\":\"SearchAction\",\"target\":{\"@type\":\"EntryPoint\",\"urlTemplate\":\"https:\/\/www.iplay.com\/en\/?s={search_term_string}\"},\"query-input\":{\"@type\":\"PropertyValueSpecification\",\"valueRequired\":true,\"valueName\":\"search_term_string\"}}],\"inLanguage\":\"fr-FR\"},{\"@type\":\"Organization\",\"@id\":\"https:\/\/www.iplay.com\/en\/#organization\",\"name\":\"IPlay\",\"url\":\"https:\/\/www.iplay.com\/en\/\",\"logo\":{\"@type\":\"ImageObject\",\"inLanguage\":\"fr-FR\",\"@id\":\"https:\/\/www.iplay.com\/en\/#\/schema\/logo\/image\/\",\"url\":\"https:\/\/www.iplay.com\/wp-content\/uploads\/2023\/11\/Group-6100.svg\",\"contentUrl\":\"https:\/\/www.iplay.com\/wp-content\/uploads\/2023\/11\/Group-6100.svg\",\"width\":98,\"height\":25,\"caption\":\"IPlay\"},\"image\":{\"@id\":\"https:\/\/www.iplay.com\/en\/#\/schema\/logo\/image\/\"}}]}<\/script>\n<!-- \/ Yoast SEO Premium plugin. -->","yoast_head_json":{"title":"L\u2019esprit de No\u00ebl : Voyage avant No\u00ebl CE - Rejoignez votre nouvelle famille \u00e0 temps et surmontez les d\u00e9fis","description":"\u00cates-vous en mesure de rejoindre votre nouvelle famille \u00e0 temps&nbsp;? D\u00e9couvrez l\u2019ambiance de No\u00ebl : le voyage avant No\u00ebl CE","robots":{"index":"index","follow":"follow","max-snippet":"max-snippet:-1","max-image-preview":"max-image-preview:large","max-video-preview":"max-video-preview:-1"},"canonical":"https:\/\/www.iplay.com\/fr\/games\/the-christmas-spirit-journey-before-christmas-ce\/","og_locale":"fr_FR","og_type":"article","og_title":"The Christmas Spirit: Journey Before Christmas CE","og_description":"\u00cates-vous en mesure de rejoindre votre nouvelle famille \u00e0 temps&nbsp;? D\u00e9couvrez l\u2019ambiance de No\u00ebl : le voyage avant No\u00ebl CE","og_url":"https:\/\/www.iplay.com\/fr\/games\/the-christmas-spirit-journey-before-christmas-ce\/","og_site_name":"IPlay","og_image":[{"width":310,"height":310,"url":"https:\/\/www.iplay.com\/wp-content\/uploads\/2023\/12\/large_square_tile_image-3170.jpg","type":"image\/jpeg"}],"twitter_card":"summary_large_image","twitter_misc":{"Dur\u00e9e de lecture estim\u00e9e":"1 minute"},"schema":{"@context":"https:\/\/schema.org","@graph":[{"@type":"WebPage","@id":"https:\/\/www.iplay.com\/fr\/games\/the-christmas-spirit-journey-before-christmas-ce\/","url":"https:\/\/www.iplay.com\/fr\/games\/the-christmas-spirit-journey-before-christmas-ce\/","name":"L\u2019esprit de No\u00ebl : Voyage avant No\u00ebl CE - Rejoignez votre nouvelle famille \u00e0 temps et surmontez les d\u00e9fis","isPartOf":{"@id":"https:\/\/www.iplay.com\/en\/#website"},"primaryImageOfPage":{"@id":"https:\/\/www.iplay.com\/fr\/games\/the-christmas-spirit-journey-before-christmas-ce\/#primaryimage"},"image":{"@id":"https:\/\/www.iplay.com\/fr\/games\/the-christmas-spirit-journey-before-christmas-ce\/#primaryimage"},"thumbnailUrl":"https:\/\/www.iplay.com\/wp-content\/uploads\/2023\/12\/large_square_tile_image-3170.jpg","datePublished":"2021-12-18T00:00:00+00:00","description":"\u00cates-vous en mesure de rejoindre votre nouvelle famille \u00e0 temps&nbsp;? D\u00e9couvrez l\u2019ambiance de No\u00ebl : le voyage avant No\u00ebl CE","breadcrumb":{"@id":"https:\/\/www.iplay.com\/fr\/games\/the-christmas-spirit-journey-before-christmas-ce\/#breadcrumb"},"inLanguage":"fr-FR","potentialAction":[{"@type":"ReadAction","target":["https:\/\/www.iplay.com\/fr\/games\/the-christmas-spirit-journey-before-christmas-ce\/"]}]},{"@type":"ImageObject","inLanguage":"fr-FR","@id":"https:\/\/www.iplay.com\/fr\/games\/the-christmas-spirit-journey-before-christmas-ce\/#primaryimage","url":"https:\/\/www.iplay.com\/wp-content\/uploads\/2023\/12\/large_square_tile_image-3170.jpg","contentUrl":"https:\/\/www.iplay.com\/wp-content\/uploads\/2023\/12\/large_square_tile_image-3170.jpg","width":310,"height":310},{"@type":"BreadcrumbList","@id":"https:\/\/www.iplay.com\/fr\/games\/the-christmas-spirit-journey-before-christmas-ce\/#breadcrumb","itemListElement":[{"@type":"ListItem","position":1,"name":"Home","item":"https:\/\/www.iplay.com\/fr\/home-page-2\/"},{"@type":"ListItem","position":2,"name":"Shop","item":"https:\/\/www.iplay.com\/en\/shop\/"},{"@type":"ListItem","position":3,"name":"The Christmas Spirit: Journey Before Christmas CE"}]},{"@type":"WebSite","@id":"https:\/\/www.iplay.com\/en\/#website","url":"https:\/\/www.iplay.com\/en\/","name":"IPlay","description":"The Best Casual Games!","publisher":{"@id":"https:\/\/www.iplay.com\/en\/#organization"},"potentialAction":[{"@type":"SearchAction","target":{"@type":"EntryPoint","urlTemplate":"https:\/\/www.iplay.com\/en\/?s={search_term_string}"},"query-input":{"@type":"PropertyValueSpecification","valueRequired":true,"valueName":"search_term_string"}}],"inLanguage":"fr-FR"},{"@type":"Organization","@id":"https:\/\/www.iplay.com\/en\/#organization","name":"IPlay","url":"https:\/\/www.iplay.com\/en\/","logo":{"@type":"ImageObject","inLanguage":"fr-FR","@id":"https:\/\/www.iplay.com\/en\/#\/schema\/logo\/image\/","url":"https:\/\/www.iplay.com\/wp-content\/uploads\/2023\/11\/Group-6100.svg","contentUrl":"https:\/\/www.iplay.com\/wp-content\/uploads\/2023\/11\/Group-6100.svg","width":98,"height":25,"caption":"IPlay"},"image":{"@id":"https:\/\/www.iplay.com\/en\/#\/schema\/logo\/image\/"}}]}},"_links":{"self":[{"href":"https:\/\/www.iplay.com\/fr\/wp-json\/wp\/v2\/product\/134645","targetHints":{"allow":["GET"]}}],"collection":[{"href":"https:\/\/www.iplay.com\/fr\/wp-json\/wp\/v2\/product"}],"about":[{"href":"https:\/\/www.iplay.com\/fr\/wp-json\/wp\/v2\/types\/product"}],"author":[{"embeddable":true,"href":"https:\/\/www.iplay.com\/fr\/wp-json\/wp\/v2\/users\/17"}],"replies":[{"embeddable":true,"href":"https:\/\/www.iplay.com\/fr\/wp-json\/wp\/v2\/comments?post=134645"}],"wp:featuredmedia":[{"embeddable":true,"href":"https:\/\/www.iplay.com\/fr\/wp-json\/wp\/v2\/media\/90500"}],"wp:attachment":[{"href":"https:\/\/www.iplay.com\/fr\/wp-json\/wp\/v2\/media?parent=134645"}],"wp:term":[{"taxonomy":"product_brand","embeddable":true,"href":"https:\/\/www.iplay.com\/fr\/wp-json\/wp\/v2\/product_brand?post=134645"},{"taxonomy":"product_cat","embeddable":true,"href":"https:\/\/www.iplay.com\/fr\/wp-json\/wp\/v2\/product_cat?post=134645"},{"taxonomy":"product_tag","embeddable":true,"href":"https:\/\/www.iplay.com\/fr\/wp-json\/wp\/v2\/product_tag?post=134645"}],"curies":[{"name":"wp","href":"https:\/\/api.w.org\/{rel}","templated":true}]}}