{"id":134641,"date":"2021-12-19T00:00:00","date_gmt":"2021-12-19T00:00:00","guid":{"rendered":"https:\/\/www.iplay.com\/games\/hidden-expedition-a-kings-line-collectors-edition\/"},"modified":"2021-12-19T00:00:00","modified_gmt":"2021-12-19T00:00:00","slug":"hidden-expedition-a-kings-line-collectors-edition","status":"publish","type":"product","link":"https:\/\/www.iplay.com\/fr\/games\/hidden-expedition-a-kings-line-collectors-edition\/","title":{"rendered":"Hidden Expedition: A King&#8217;s Line Collector&#8217;s Edition"},"content":{"rendered":"<p>Explorez une histoire bien connue et la recherche de la v\u00e9rit\u00e9 dans ce nouveau livre passionnant Hidden Expedition ! Alors qu\u2019un riche philanthrope nomm\u00e9 Preston Rutland r\u00e9v\u00e8le son intention de construire un centre de recherche scientifique \u00e0 la pointe de la technologie sur un monument anglais controvers\u00e9, le H.E.L.P. vous charge de d\u00e9fendre le site en prouvant qu\u2019il s\u2019agit du dernier lieu de repos du l\u00e9gendaire roi Arthur. Le seul probl\u00e8me est que pour y parvenir, vous devrez d\u2019abord d\u00e9montrer qu\u2019Arthur \u00e9tait une personne r\u00e9elle ! Pire encore, vous n\u2019avez que dix jours pour r\u00e9soudre un myst\u00e8re vieux de plusieurs si\u00e8cles et faire ce qui semblait impossible. Qui \u00e9tait le vrai roi Arthur et quelle \u00e9tait son origine ? Attendez-vous \u00e0 d\u00e9couvrir les histoires d\u2019Arthur et de ses Chevaliers de la Table Ronde dans ce jeu d\u2019aventure et de puzzle d\u2019objets cach\u00e9s palpitant comme jamais auparavant !     <\/p>\n<p>&nbsp;<\/p>\n<p>&nbsp;<\/p>\n<p><strong>Fonctionnalit\u00e9s:<\/strong><\/p>\n<p>&nbsp;<\/p>\n<p>&#8211; Jouez au jeu suppl\u00e9mentaire pour d\u00e9couvrir la v\u00e9rit\u00e9 derri\u00e8re les histoires entourant le roi Arthur !<br \/>\n&#8211; Revivez vos meilleurs mini-jeux et SOC pour d\u00e9bloquer des succ\u00e8s !<\/p>\n<p>&#8211; De nombreux souvenirs \u00e0 d\u00e9couvrir, des boucliers historiques \u00e0 amasser et bien plus encore !<\/p>\n<p>&#8211; Utilisez un guide de strat\u00e9gie pour vous aider \u00e0 trouver le chemin de la v\u00e9rit\u00e9 !<\/p>\n<p>&#8211; Apportez la l\u00e9gende directement sur votre PC avec la musique et les fonds d\u2019\u00e9cran t\u00e9l\u00e9chargeables !<\/p>\n","protected":false},"excerpt":{"rendered":"<p>L\u2019histoire du roi Arthur est de nouveau vivante ! L\u2019\u00e9dition collector de Hidden Expedition&nbsp;: A King\u2019s Line <\/p>\n","protected":false},"author":17,"featured_media":90484,"comment_status":"open","ping_status":"closed","template":"","meta":{"_acf_changed":false,"inline_featured_image":false},"product_brand":[],"product_cat":[165],"product_tag":[287],"class_list":{"0":"post-134641","1":"product","2":"type-product","3":"status-publish","4":"has-post-thumbnail","6":"product_cat-hidden-object-fr","7":"product_tag-play-on-pc-fr","9":"first","10":"instock","11":"shipping-taxable","12":"purchasable","13":"product-type-simple"},"acf":[],"yoast_head":"<!-- This site is optimized with the Yoast SEO Premium plugin v25.2 (Yoast SEO v25.2) - https:\/\/yoast.com\/wordpress\/plugins\/seo\/ -->\n<title>Hidden Expedition\u00a0: A King\u2019s Line \u00c9dition Collector - La L\u00e9gende du Roi Arthur est Ressuscit\u00e9e<\/title>\n<meta name=\"description\" content=\"L\u2019histoire du roi Arthur est de nouveau vivante ! L\u2019\u00e9dition collector de Hidden Expedition&nbsp;: A King\u2019s Line\" \/>\n<meta name=\"robots\" content=\"index, follow, max-snippet:-1, max-image-preview:large, max-video-preview:-1\" \/>\n<link rel=\"canonical\" href=\"https:\/\/www.iplay.com\/fr\/games\/hidden-expedition-a-kings-line-collectors-edition\/\" \/>\n<meta property=\"og:locale\" content=\"fr_FR\" \/>\n<meta property=\"og:type\" content=\"article\" \/>\n<meta property=\"og:title\" content=\"Hidden Expedition: A King&#039;s Line Collector&#039;s Edition\" \/>\n<meta property=\"og:description\" content=\"L\u2019histoire du roi Arthur est de nouveau vivante ! L\u2019\u00e9dition collector de Hidden Expedition&nbsp;: A King\u2019s Line\" \/>\n<meta property=\"og:url\" content=\"https:\/\/www.iplay.com\/fr\/games\/hidden-expedition-a-kings-line-collectors-edition\/\" \/>\n<meta property=\"og:site_name\" content=\"IPlay\" \/>\n<meta property=\"og:image\" content=\"https:\/\/www.iplay.com\/wp-content\/uploads\/2023\/12\/large_square_tile_image-3169.jpg\" \/>\n\t<meta property=\"og:image:width\" content=\"310\" \/>\n\t<meta property=\"og:image:height\" content=\"310\" \/>\n\t<meta property=\"og:image:type\" content=\"image\/jpeg\" \/>\n<meta name=\"twitter:card\" content=\"summary_large_image\" \/>\n<meta name=\"twitter:label1\" content=\"Dur\u00e9e de lecture estim\u00e9e\" \/>\n\t<meta name=\"twitter:data1\" content=\"1 minute\" \/>\n<script type=\"application\/ld+json\" class=\"yoast-schema-graph\">{\"@context\":\"https:\/\/schema.org\",\"@graph\":[{\"@type\":\"WebPage\",\"@id\":\"https:\/\/www.iplay.com\/fr\/games\/hidden-expedition-a-kings-line-collectors-edition\/\",\"url\":\"https:\/\/www.iplay.com\/fr\/games\/hidden-expedition-a-kings-line-collectors-edition\/\",\"name\":\"Hidden Expedition\u00a0: A King\u2019s Line \u00c9dition Collector - La L\u00e9gende du Roi Arthur est Ressuscit\u00e9e\",\"isPartOf\":{\"@id\":\"https:\/\/www.iplay.com\/en\/#website\"},\"primaryImageOfPage\":{\"@id\":\"https:\/\/www.iplay.com\/fr\/games\/hidden-expedition-a-kings-line-collectors-edition\/#primaryimage\"},\"image\":{\"@id\":\"https:\/\/www.iplay.com\/fr\/games\/hidden-expedition-a-kings-line-collectors-edition\/#primaryimage\"},\"thumbnailUrl\":\"https:\/\/www.iplay.com\/wp-content\/uploads\/2023\/12\/large_square_tile_image-3169.jpg\",\"datePublished\":\"2021-12-19T00:00:00+00:00\",\"description\":\"L\u2019histoire du roi Arthur est de nouveau vivante ! L\u2019\u00e9dition collector de Hidden Expedition&nbsp;: A King\u2019s Line\",\"breadcrumb\":{\"@id\":\"https:\/\/www.iplay.com\/fr\/games\/hidden-expedition-a-kings-line-collectors-edition\/#breadcrumb\"},\"inLanguage\":\"fr-FR\",\"potentialAction\":[{\"@type\":\"ReadAction\",\"target\":[\"https:\/\/www.iplay.com\/fr\/games\/hidden-expedition-a-kings-line-collectors-edition\/\"]}]},{\"@type\":\"ImageObject\",\"inLanguage\":\"fr-FR\",\"@id\":\"https:\/\/www.iplay.com\/fr\/games\/hidden-expedition-a-kings-line-collectors-edition\/#primaryimage\",\"url\":\"https:\/\/www.iplay.com\/wp-content\/uploads\/2023\/12\/large_square_tile_image-3169.jpg\",\"contentUrl\":\"https:\/\/www.iplay.com\/wp-content\/uploads\/2023\/12\/large_square_tile_image-3169.jpg\",\"width\":310,\"height\":310},{\"@type\":\"BreadcrumbList\",\"@id\":\"https:\/\/www.iplay.com\/fr\/games\/hidden-expedition-a-kings-line-collectors-edition\/#breadcrumb\",\"itemListElement\":[{\"@type\":\"ListItem\",\"position\":1,\"name\":\"Home\",\"item\":\"https:\/\/www.iplay.com\/fr\/home-page-2\/\"},{\"@type\":\"ListItem\",\"position\":2,\"name\":\"Shop\",\"item\":\"https:\/\/www.iplay.com\/en\/shop\/\"},{\"@type\":\"ListItem\",\"position\":3,\"name\":\"Hidden Expedition: A King&#8217;s Line Collector&#8217;s Edition\"}]},{\"@type\":\"WebSite\",\"@id\":\"https:\/\/www.iplay.com\/en\/#website\",\"url\":\"https:\/\/www.iplay.com\/en\/\",\"name\":\"IPlay\",\"description\":\"The Best Casual Games!\",\"publisher\":{\"@id\":\"https:\/\/www.iplay.com\/en\/#organization\"},\"potentialAction\":[{\"@type\":\"SearchAction\",\"target\":{\"@type\":\"EntryPoint\",\"urlTemplate\":\"https:\/\/www.iplay.com\/en\/?s={search_term_string}\"},\"query-input\":{\"@type\":\"PropertyValueSpecification\",\"valueRequired\":true,\"valueName\":\"search_term_string\"}}],\"inLanguage\":\"fr-FR\"},{\"@type\":\"Organization\",\"@id\":\"https:\/\/www.iplay.com\/en\/#organization\",\"name\":\"IPlay\",\"url\":\"https:\/\/www.iplay.com\/en\/\",\"logo\":{\"@type\":\"ImageObject\",\"inLanguage\":\"fr-FR\",\"@id\":\"https:\/\/www.iplay.com\/en\/#\/schema\/logo\/image\/\",\"url\":\"https:\/\/www.iplay.com\/wp-content\/uploads\/2023\/11\/Group-6100.svg\",\"contentUrl\":\"https:\/\/www.iplay.com\/wp-content\/uploads\/2023\/11\/Group-6100.svg\",\"width\":98,\"height\":25,\"caption\":\"IPlay\"},\"image\":{\"@id\":\"https:\/\/www.iplay.com\/en\/#\/schema\/logo\/image\/\"}}]}<\/script>\n<!-- \/ Yoast SEO Premium plugin. -->","yoast_head_json":{"title":"Hidden Expedition\u00a0: A King\u2019s Line \u00c9dition Collector - La L\u00e9gende du Roi Arthur est Ressuscit\u00e9e","description":"L\u2019histoire du roi Arthur est de nouveau vivante ! L\u2019\u00e9dition collector de Hidden Expedition&nbsp;: A King\u2019s Line","robots":{"index":"index","follow":"follow","max-snippet":"max-snippet:-1","max-image-preview":"max-image-preview:large","max-video-preview":"max-video-preview:-1"},"canonical":"https:\/\/www.iplay.com\/fr\/games\/hidden-expedition-a-kings-line-collectors-edition\/","og_locale":"fr_FR","og_type":"article","og_title":"Hidden Expedition: A King's Line Collector's Edition","og_description":"L\u2019histoire du roi Arthur est de nouveau vivante ! L\u2019\u00e9dition collector de Hidden Expedition&nbsp;: A King\u2019s Line","og_url":"https:\/\/www.iplay.com\/fr\/games\/hidden-expedition-a-kings-line-collectors-edition\/","og_site_name":"IPlay","og_image":[{"width":310,"height":310,"url":"https:\/\/www.iplay.com\/wp-content\/uploads\/2023\/12\/large_square_tile_image-3169.jpg","type":"image\/jpeg"}],"twitter_card":"summary_large_image","twitter_misc":{"Dur\u00e9e de lecture estim\u00e9e":"1 minute"},"schema":{"@context":"https:\/\/schema.org","@graph":[{"@type":"WebPage","@id":"https:\/\/www.iplay.com\/fr\/games\/hidden-expedition-a-kings-line-collectors-edition\/","url":"https:\/\/www.iplay.com\/fr\/games\/hidden-expedition-a-kings-line-collectors-edition\/","name":"Hidden Expedition\u00a0: A King\u2019s Line \u00c9dition Collector - La L\u00e9gende du Roi Arthur est Ressuscit\u00e9e","isPartOf":{"@id":"https:\/\/www.iplay.com\/en\/#website"},"primaryImageOfPage":{"@id":"https:\/\/www.iplay.com\/fr\/games\/hidden-expedition-a-kings-line-collectors-edition\/#primaryimage"},"image":{"@id":"https:\/\/www.iplay.com\/fr\/games\/hidden-expedition-a-kings-line-collectors-edition\/#primaryimage"},"thumbnailUrl":"https:\/\/www.iplay.com\/wp-content\/uploads\/2023\/12\/large_square_tile_image-3169.jpg","datePublished":"2021-12-19T00:00:00+00:00","description":"L\u2019histoire du roi Arthur est de nouveau vivante ! L\u2019\u00e9dition collector de Hidden Expedition&nbsp;: A King\u2019s Line","breadcrumb":{"@id":"https:\/\/www.iplay.com\/fr\/games\/hidden-expedition-a-kings-line-collectors-edition\/#breadcrumb"},"inLanguage":"fr-FR","potentialAction":[{"@type":"ReadAction","target":["https:\/\/www.iplay.com\/fr\/games\/hidden-expedition-a-kings-line-collectors-edition\/"]}]},{"@type":"ImageObject","inLanguage":"fr-FR","@id":"https:\/\/www.iplay.com\/fr\/games\/hidden-expedition-a-kings-line-collectors-edition\/#primaryimage","url":"https:\/\/www.iplay.com\/wp-content\/uploads\/2023\/12\/large_square_tile_image-3169.jpg","contentUrl":"https:\/\/www.iplay.com\/wp-content\/uploads\/2023\/12\/large_square_tile_image-3169.jpg","width":310,"height":310},{"@type":"BreadcrumbList","@id":"https:\/\/www.iplay.com\/fr\/games\/hidden-expedition-a-kings-line-collectors-edition\/#breadcrumb","itemListElement":[{"@type":"ListItem","position":1,"name":"Home","item":"https:\/\/www.iplay.com\/fr\/home-page-2\/"},{"@type":"ListItem","position":2,"name":"Shop","item":"https:\/\/www.iplay.com\/en\/shop\/"},{"@type":"ListItem","position":3,"name":"Hidden Expedition: A King&#8217;s Line Collector&#8217;s Edition"}]},{"@type":"WebSite","@id":"https:\/\/www.iplay.com\/en\/#website","url":"https:\/\/www.iplay.com\/en\/","name":"IPlay","description":"The Best Casual Games!","publisher":{"@id":"https:\/\/www.iplay.com\/en\/#organization"},"potentialAction":[{"@type":"SearchAction","target":{"@type":"EntryPoint","urlTemplate":"https:\/\/www.iplay.com\/en\/?s={search_term_string}"},"query-input":{"@type":"PropertyValueSpecification","valueRequired":true,"valueName":"search_term_string"}}],"inLanguage":"fr-FR"},{"@type":"Organization","@id":"https:\/\/www.iplay.com\/en\/#organization","name":"IPlay","url":"https:\/\/www.iplay.com\/en\/","logo":{"@type":"ImageObject","inLanguage":"fr-FR","@id":"https:\/\/www.iplay.com\/en\/#\/schema\/logo\/image\/","url":"https:\/\/www.iplay.com\/wp-content\/uploads\/2023\/11\/Group-6100.svg","contentUrl":"https:\/\/www.iplay.com\/wp-content\/uploads\/2023\/11\/Group-6100.svg","width":98,"height":25,"caption":"IPlay"},"image":{"@id":"https:\/\/www.iplay.com\/en\/#\/schema\/logo\/image\/"}}]}},"_links":{"self":[{"href":"https:\/\/www.iplay.com\/fr\/wp-json\/wp\/v2\/product\/134641","targetHints":{"allow":["GET"]}}],"collection":[{"href":"https:\/\/www.iplay.com\/fr\/wp-json\/wp\/v2\/product"}],"about":[{"href":"https:\/\/www.iplay.com\/fr\/wp-json\/wp\/v2\/types\/product"}],"author":[{"embeddable":true,"href":"https:\/\/www.iplay.com\/fr\/wp-json\/wp\/v2\/users\/17"}],"replies":[{"embeddable":true,"href":"https:\/\/www.iplay.com\/fr\/wp-json\/wp\/v2\/comments?post=134641"}],"wp:featuredmedia":[{"embeddable":true,"href":"https:\/\/www.iplay.com\/fr\/wp-json\/wp\/v2\/media\/90484"}],"wp:attachment":[{"href":"https:\/\/www.iplay.com\/fr\/wp-json\/wp\/v2\/media?parent=134641"}],"wp:term":[{"taxonomy":"product_brand","embeddable":true,"href":"https:\/\/www.iplay.com\/fr\/wp-json\/wp\/v2\/product_brand?post=134641"},{"taxonomy":"product_cat","embeddable":true,"href":"https:\/\/www.iplay.com\/fr\/wp-json\/wp\/v2\/product_cat?post=134641"},{"taxonomy":"product_tag","embeddable":true,"href":"https:\/\/www.iplay.com\/fr\/wp-json\/wp\/v2\/product_tag?post=134641"}],"curies":[{"name":"wp","href":"https:\/\/api.w.org\/{rel}","templated":true}]}}