{"id":134603,"date":"2022-02-04T00:00:00","date_gmt":"2022-02-04T00:00:00","guid":{"rendered":"https:\/\/www.iplay.com\/games\/chimeras-what-wishes-may-come-collectors-edition\/"},"modified":"2022-02-04T00:00:00","modified_gmt":"2022-02-04T00:00:00","slug":"chimeras-what-wishes-may-come-collectors-edition","status":"publish","type":"product","link":"https:\/\/www.iplay.com\/fr\/games\/chimeras-what-wishes-may-come-collectors-edition\/","title":{"rendered":"Chimeras: What Wishes May Come Collector&#8217;s Edition"},"content":{"rendered":"<p>Cette toute nouvelle histoire de souffrance et de tromperie s\u2019appelle Chimeras&nbsp;: What Wishes May Come &#8211; Collector\u2019s Edition. Derek Pierce croit qu\u2019il a caus\u00e9 l\u2019accident qui a rendu sa femme inconsciente. Bien que son syst\u00e8me de soutien ait \u00e9t\u00e9 utile, il donnerait n\u2019importe quoi pour voir Christina souriante et r\u00e9veill\u00e9e une fois de plus. Derek, cependant, va recevoir une le\u00e7on tr\u00e8s importante sur l\u2019importance de regarder ce que vous souhaitez. Lorsqu\u2019un \u00e9trange personnage semblable \u00e0 un g\u00e9nie s\u2019approche de Derek \u00e0 l\u2019ext\u00e9rieur de la clinique un soir avec une offre rare, il voit une opportunit\u00e9 d\u2019arranger les choses, mais il ne pense pas \u00e0 ce qu\u2019il devra abandonner pour r\u00e9aliser son souhait. Maintenant, avant que la chose ne vienne \u00e0 r\u00e9cup\u00e9rer, Derek est dans une course contre la montre pour d\u00e9couvrir d\u2019o\u00f9 elle vient et quels sont ses v\u00e9ritables objectifs !     <\/p>\n<p>&nbsp;<\/p>\n<p>&nbsp;<\/p>\n<p><strong>Fonctionnalit\u00e9s:<\/strong><\/p>\n<p>&nbsp;<\/p>\n<p>&#8211; Dans le chapitre bonus, renversez une coutume archa\u00efque pour sauver Robert !<\/p>\n<p>&#8211; Rassemblez toutes les cartes et les pi\u00e8ces du puzzle, puis participez \u00e0 la sagesse historique !<\/p>\n<p>&#8211; Utilisez le guide de strat\u00e9gie officiel pour d\u00e9jouer le g\u00e9nie mal\u00e9fique !<\/p>\n<p>&#8211; T\u00e9l\u00e9chargez de jolis arri\u00e8re-plans et une m\u00e9lodie entra\u00eenante !<\/p>\n","protected":false},"excerpt":{"rendered":"<p>Un mari d\u00e9sempar\u00e9 fait tout ce qui est en son pouvoir pour garder sa femme !<\/p>\n","protected":false},"author":17,"featured_media":90516,"comment_status":"open","ping_status":"closed","template":"","meta":{"_acf_changed":false,"inline_featured_image":false},"product_brand":[],"product_cat":[165],"product_tag":[287],"class_list":{"0":"post-134603","1":"product","2":"type-product","3":"status-publish","4":"has-post-thumbnail","6":"product_cat-hidden-object-fr","7":"product_tag-play-on-pc-fr","9":"first","10":"instock","11":"shipping-taxable","12":"purchasable","13":"product-type-simple"},"acf":[],"yoast_head":"<!-- This site is optimized with the Yoast SEO Premium plugin v25.2 (Yoast SEO v25.2) - https:\/\/yoast.com\/wordpress\/plugins\/seo\/ -->\n<title>Chimeras\u00a0: What Wishes May Come Edition Collector - Un mari fait un dernier effort pour sauver sa femme<\/title>\n<meta name=\"description\" content=\"Un mari d\u00e9sempar\u00e9 fait tout ce qui est en son pouvoir pour garder sa femme !\" \/>\n<meta name=\"robots\" content=\"index, follow, max-snippet:-1, max-image-preview:large, max-video-preview:-1\" \/>\n<link rel=\"canonical\" href=\"https:\/\/www.iplay.com\/fr\/games\/chimeras-what-wishes-may-come-collectors-edition\/\" \/>\n<meta property=\"og:locale\" content=\"fr_FR\" \/>\n<meta property=\"og:type\" content=\"article\" \/>\n<meta property=\"og:title\" content=\"Chimeras: What Wishes May Come Collector&#039;s Edition\" \/>\n<meta property=\"og:description\" content=\"Un mari d\u00e9sempar\u00e9 fait tout ce qui est en son pouvoir pour garder sa femme !\" \/>\n<meta property=\"og:url\" content=\"https:\/\/www.iplay.com\/fr\/games\/chimeras-what-wishes-may-come-collectors-edition\/\" \/>\n<meta property=\"og:site_name\" content=\"IPlay\" \/>\n<meta property=\"og:image\" content=\"https:\/\/www.iplay.com\/wp-content\/uploads\/2023\/12\/large_square_tile_image-3171.jpg\" \/>\n\t<meta property=\"og:image:width\" content=\"310\" \/>\n\t<meta property=\"og:image:height\" content=\"310\" \/>\n\t<meta property=\"og:image:type\" content=\"image\/jpeg\" \/>\n<meta name=\"twitter:card\" content=\"summary_large_image\" \/>\n<meta name=\"twitter:label1\" content=\"Dur\u00e9e de lecture estim\u00e9e\" \/>\n\t<meta name=\"twitter:data1\" content=\"1 minute\" \/>\n<script type=\"application\/ld+json\" class=\"yoast-schema-graph\">{\"@context\":\"https:\/\/schema.org\",\"@graph\":[{\"@type\":\"WebPage\",\"@id\":\"https:\/\/www.iplay.com\/fr\/games\/chimeras-what-wishes-may-come-collectors-edition\/\",\"url\":\"https:\/\/www.iplay.com\/fr\/games\/chimeras-what-wishes-may-come-collectors-edition\/\",\"name\":\"Chimeras\u00a0: What Wishes May Come Edition Collector - Un mari fait un dernier effort pour sauver sa femme\",\"isPartOf\":{\"@id\":\"https:\/\/www.iplay.com\/en\/#website\"},\"primaryImageOfPage\":{\"@id\":\"https:\/\/www.iplay.com\/fr\/games\/chimeras-what-wishes-may-come-collectors-edition\/#primaryimage\"},\"image\":{\"@id\":\"https:\/\/www.iplay.com\/fr\/games\/chimeras-what-wishes-may-come-collectors-edition\/#primaryimage\"},\"thumbnailUrl\":\"https:\/\/www.iplay.com\/wp-content\/uploads\/2023\/12\/large_square_tile_image-3171.jpg\",\"datePublished\":\"2022-02-04T00:00:00+00:00\",\"description\":\"Un mari d\u00e9sempar\u00e9 fait tout ce qui est en son pouvoir pour garder sa femme !\",\"breadcrumb\":{\"@id\":\"https:\/\/www.iplay.com\/fr\/games\/chimeras-what-wishes-may-come-collectors-edition\/#breadcrumb\"},\"inLanguage\":\"fr-FR\",\"potentialAction\":[{\"@type\":\"ReadAction\",\"target\":[\"https:\/\/www.iplay.com\/fr\/games\/chimeras-what-wishes-may-come-collectors-edition\/\"]}]},{\"@type\":\"ImageObject\",\"inLanguage\":\"fr-FR\",\"@id\":\"https:\/\/www.iplay.com\/fr\/games\/chimeras-what-wishes-may-come-collectors-edition\/#primaryimage\",\"url\":\"https:\/\/www.iplay.com\/wp-content\/uploads\/2023\/12\/large_square_tile_image-3171.jpg\",\"contentUrl\":\"https:\/\/www.iplay.com\/wp-content\/uploads\/2023\/12\/large_square_tile_image-3171.jpg\",\"width\":310,\"height\":310},{\"@type\":\"BreadcrumbList\",\"@id\":\"https:\/\/www.iplay.com\/fr\/games\/chimeras-what-wishes-may-come-collectors-edition\/#breadcrumb\",\"itemListElement\":[{\"@type\":\"ListItem\",\"position\":1,\"name\":\"Home\",\"item\":\"https:\/\/www.iplay.com\/fr\/home-page-2\/\"},{\"@type\":\"ListItem\",\"position\":2,\"name\":\"Shop\",\"item\":\"https:\/\/www.iplay.com\/en\/shop\/\"},{\"@type\":\"ListItem\",\"position\":3,\"name\":\"Chimeras: What Wishes May Come Collector&#8217;s Edition\"}]},{\"@type\":\"WebSite\",\"@id\":\"https:\/\/www.iplay.com\/en\/#website\",\"url\":\"https:\/\/www.iplay.com\/en\/\",\"name\":\"IPlay\",\"description\":\"The Best Casual Games!\",\"publisher\":{\"@id\":\"https:\/\/www.iplay.com\/en\/#organization\"},\"potentialAction\":[{\"@type\":\"SearchAction\",\"target\":{\"@type\":\"EntryPoint\",\"urlTemplate\":\"https:\/\/www.iplay.com\/en\/?s={search_term_string}\"},\"query-input\":{\"@type\":\"PropertyValueSpecification\",\"valueRequired\":true,\"valueName\":\"search_term_string\"}}],\"inLanguage\":\"fr-FR\"},{\"@type\":\"Organization\",\"@id\":\"https:\/\/www.iplay.com\/en\/#organization\",\"name\":\"IPlay\",\"url\":\"https:\/\/www.iplay.com\/en\/\",\"logo\":{\"@type\":\"ImageObject\",\"inLanguage\":\"fr-FR\",\"@id\":\"https:\/\/www.iplay.com\/en\/#\/schema\/logo\/image\/\",\"url\":\"https:\/\/www.iplay.com\/wp-content\/uploads\/2023\/11\/Group-6100.svg\",\"contentUrl\":\"https:\/\/www.iplay.com\/wp-content\/uploads\/2023\/11\/Group-6100.svg\",\"width\":98,\"height\":25,\"caption\":\"IPlay\"},\"image\":{\"@id\":\"https:\/\/www.iplay.com\/en\/#\/schema\/logo\/image\/\"}}]}<\/script>\n<!-- \/ Yoast SEO Premium plugin. -->","yoast_head_json":{"title":"Chimeras\u00a0: What Wishes May Come Edition Collector - Un mari fait un dernier effort pour sauver sa femme","description":"Un mari d\u00e9sempar\u00e9 fait tout ce qui est en son pouvoir pour garder sa femme !","robots":{"index":"index","follow":"follow","max-snippet":"max-snippet:-1","max-image-preview":"max-image-preview:large","max-video-preview":"max-video-preview:-1"},"canonical":"https:\/\/www.iplay.com\/fr\/games\/chimeras-what-wishes-may-come-collectors-edition\/","og_locale":"fr_FR","og_type":"article","og_title":"Chimeras: What Wishes May Come Collector's Edition","og_description":"Un mari d\u00e9sempar\u00e9 fait tout ce qui est en son pouvoir pour garder sa femme !","og_url":"https:\/\/www.iplay.com\/fr\/games\/chimeras-what-wishes-may-come-collectors-edition\/","og_site_name":"IPlay","og_image":[{"width":310,"height":310,"url":"https:\/\/www.iplay.com\/wp-content\/uploads\/2023\/12\/large_square_tile_image-3171.jpg","type":"image\/jpeg"}],"twitter_card":"summary_large_image","twitter_misc":{"Dur\u00e9e de lecture estim\u00e9e":"1 minute"},"schema":{"@context":"https:\/\/schema.org","@graph":[{"@type":"WebPage","@id":"https:\/\/www.iplay.com\/fr\/games\/chimeras-what-wishes-may-come-collectors-edition\/","url":"https:\/\/www.iplay.com\/fr\/games\/chimeras-what-wishes-may-come-collectors-edition\/","name":"Chimeras\u00a0: What Wishes May Come Edition Collector - Un mari fait un dernier effort pour sauver sa femme","isPartOf":{"@id":"https:\/\/www.iplay.com\/en\/#website"},"primaryImageOfPage":{"@id":"https:\/\/www.iplay.com\/fr\/games\/chimeras-what-wishes-may-come-collectors-edition\/#primaryimage"},"image":{"@id":"https:\/\/www.iplay.com\/fr\/games\/chimeras-what-wishes-may-come-collectors-edition\/#primaryimage"},"thumbnailUrl":"https:\/\/www.iplay.com\/wp-content\/uploads\/2023\/12\/large_square_tile_image-3171.jpg","datePublished":"2022-02-04T00:00:00+00:00","description":"Un mari d\u00e9sempar\u00e9 fait tout ce qui est en son pouvoir pour garder sa femme !","breadcrumb":{"@id":"https:\/\/www.iplay.com\/fr\/games\/chimeras-what-wishes-may-come-collectors-edition\/#breadcrumb"},"inLanguage":"fr-FR","potentialAction":[{"@type":"ReadAction","target":["https:\/\/www.iplay.com\/fr\/games\/chimeras-what-wishes-may-come-collectors-edition\/"]}]},{"@type":"ImageObject","inLanguage":"fr-FR","@id":"https:\/\/www.iplay.com\/fr\/games\/chimeras-what-wishes-may-come-collectors-edition\/#primaryimage","url":"https:\/\/www.iplay.com\/wp-content\/uploads\/2023\/12\/large_square_tile_image-3171.jpg","contentUrl":"https:\/\/www.iplay.com\/wp-content\/uploads\/2023\/12\/large_square_tile_image-3171.jpg","width":310,"height":310},{"@type":"BreadcrumbList","@id":"https:\/\/www.iplay.com\/fr\/games\/chimeras-what-wishes-may-come-collectors-edition\/#breadcrumb","itemListElement":[{"@type":"ListItem","position":1,"name":"Home","item":"https:\/\/www.iplay.com\/fr\/home-page-2\/"},{"@type":"ListItem","position":2,"name":"Shop","item":"https:\/\/www.iplay.com\/en\/shop\/"},{"@type":"ListItem","position":3,"name":"Chimeras: What Wishes May Come Collector&#8217;s Edition"}]},{"@type":"WebSite","@id":"https:\/\/www.iplay.com\/en\/#website","url":"https:\/\/www.iplay.com\/en\/","name":"IPlay","description":"The Best Casual Games!","publisher":{"@id":"https:\/\/www.iplay.com\/en\/#organization"},"potentialAction":[{"@type":"SearchAction","target":{"@type":"EntryPoint","urlTemplate":"https:\/\/www.iplay.com\/en\/?s={search_term_string}"},"query-input":{"@type":"PropertyValueSpecification","valueRequired":true,"valueName":"search_term_string"}}],"inLanguage":"fr-FR"},{"@type":"Organization","@id":"https:\/\/www.iplay.com\/en\/#organization","name":"IPlay","url":"https:\/\/www.iplay.com\/en\/","logo":{"@type":"ImageObject","inLanguage":"fr-FR","@id":"https:\/\/www.iplay.com\/en\/#\/schema\/logo\/image\/","url":"https:\/\/www.iplay.com\/wp-content\/uploads\/2023\/11\/Group-6100.svg","contentUrl":"https:\/\/www.iplay.com\/wp-content\/uploads\/2023\/11\/Group-6100.svg","width":98,"height":25,"caption":"IPlay"},"image":{"@id":"https:\/\/www.iplay.com\/en\/#\/schema\/logo\/image\/"}}]}},"_links":{"self":[{"href":"https:\/\/www.iplay.com\/fr\/wp-json\/wp\/v2\/product\/134603","targetHints":{"allow":["GET"]}}],"collection":[{"href":"https:\/\/www.iplay.com\/fr\/wp-json\/wp\/v2\/product"}],"about":[{"href":"https:\/\/www.iplay.com\/fr\/wp-json\/wp\/v2\/types\/product"}],"author":[{"embeddable":true,"href":"https:\/\/www.iplay.com\/fr\/wp-json\/wp\/v2\/users\/17"}],"replies":[{"embeddable":true,"href":"https:\/\/www.iplay.com\/fr\/wp-json\/wp\/v2\/comments?post=134603"}],"wp:featuredmedia":[{"embeddable":true,"href":"https:\/\/www.iplay.com\/fr\/wp-json\/wp\/v2\/media\/90516"}],"wp:attachment":[{"href":"https:\/\/www.iplay.com\/fr\/wp-json\/wp\/v2\/media?parent=134603"}],"wp:term":[{"taxonomy":"product_brand","embeddable":true,"href":"https:\/\/www.iplay.com\/fr\/wp-json\/wp\/v2\/product_brand?post=134603"},{"taxonomy":"product_cat","embeddable":true,"href":"https:\/\/www.iplay.com\/fr\/wp-json\/wp\/v2\/product_cat?post=134603"},{"taxonomy":"product_tag","embeddable":true,"href":"https:\/\/www.iplay.com\/fr\/wp-json\/wp\/v2\/product_tag?post=134603"}],"curies":[{"name":"wp","href":"https:\/\/api.w.org\/{rel}","templated":true}]}}