{"id":134568,"date":"2022-04-17T00:00:00","date_gmt":"2022-04-17T00:00:00","guid":{"rendered":"https:\/\/www.iplay.com\/games\/shopping-clutter-15-around-the-campfire\/"},"modified":"2022-04-17T00:00:00","modified_gmt":"2022-04-17T00:00:00","slug":"shopping-clutter-15-around-the-campfire","status":"publish","type":"product","link":"https:\/\/www.iplay.com\/fr\/games\/shopping-clutter-15-around-the-campfire\/","title":{"rendered":"Shopping Clutter 15: Around the Campfire"},"content":{"rendered":"<p>\u00c0 Animalville, le printemps est incroyable&nbsp;! Avec un temps si beau et chaud, la nature se renouvelle et s\u2019\u00e9panouit, et personne ne veut passer son temps \u00e0 l\u2019int\u00e9rieur. Les Walkers surtout ! Ils ont donc d\u00e9cid\u00e9 d\u2019aller camper ! La famille a d\u00e9j\u00e0 d\u00e9cid\u00e9 de l\u2019endroit id\u00e9al pour le camp, mais il y a quelques choses qu\u2019ils doivent faire pour l\u2019installer. La d\u00e9cision des parents Walker de ne pas faire de liste \u00e0 l\u2019avance pour \u00e9viter que leurs enfants ne m\u00e9morisent des choses inint\u00e9ressantes est un autre obstacle. Ils souhaitaient plut\u00f4t que les enfants fassent l\u2019exp\u00e9rience du camping et comprennent sa signification. Pour le jeune li\u00e8vre qui va rejoindre les Fluffy Scouts, ce genre de le\u00e7ons est essentiel. Cela implique que les Walkers devront acheter rapidement, et ils auront besoin de l\u2019aide de la personne la plus intelligente, la plus agile et la plus comp\u00e9tente du monde ! \u00cates-vous pr\u00eat \u00e0 r\u00e9pondre lorsqu\u2019ils vous appelleront ?         <\/p>\n<p>&nbsp;<\/p>\n<p>&nbsp;<\/p>\n<p><strong>Fonctionnalit\u00e9s:<\/strong><\/p>\n<p>&nbsp;<\/p>\n<p>&#8211; 200 autres NOUVEAUX jouets sur le th\u00e8me du camping !<br \/>\n&#8211; Un feu de camp, des guimauves et du plaisir&nbsp;!<br \/>\n&#8211; 140 puzzles d\u2019encombrement plus 20 puzzles<br \/>\n suppl\u00e9mentaires- Des bruits calmes et une belle musique pour des jeux<br \/>\n relaxants- Personnages pr\u00e9f\u00e9r\u00e9s et plaisanteries<br \/>\n humoristiques- Des graphismes vibrants et de v\u00e9ritables difficult\u00e9s pour tous les joueurs<br \/>\nde puzzles D\u00e9couvrez tous les enseignements perspicaces de Sloth&nbsp;!<\/p>\n","protected":false},"excerpt":{"rendered":"<p>avec Shopping Clutter 15 : Autour du feu de camp, aidez les promeneurs \u00e0 se pr\u00e9parer pour un tout nouveau voyage de camping.<\/p>\n","protected":false},"author":14,"featured_media":77384,"comment_status":"open","ping_status":"closed","template":"","meta":{"_acf_changed":false,"inline_featured_image":false},"product_brand":[],"product_cat":[165],"product_tag":[287],"class_list":{"0":"post-134568","1":"product","2":"type-product","3":"status-publish","4":"has-post-thumbnail","6":"product_cat-hidden-object-fr","7":"product_tag-play-on-pc-fr","9":"first","10":"instock","11":"shipping-taxable","12":"purchasable","13":"product-type-simple"},"acf":[],"yoast_head":"<!-- This site is optimized with the Yoast SEO Premium plugin v25.2 (Yoast SEO v25.2) - https:\/\/yoast.com\/wordpress\/plugins\/seo\/ -->\n<title>Shopping Clutter 15 : Autour du feu de camp - Rejoignez les promeneurs pour une aventure de camping<\/title>\n<meta name=\"description\" content=\"avec Shopping Clutter 15 : Autour du feu de camp, aidez les promeneurs \u00e0 se pr\u00e9parer pour un tout nouveau voyage de camping.\" \/>\n<meta name=\"robots\" content=\"index, follow, max-snippet:-1, max-image-preview:large, max-video-preview:-1\" \/>\n<link rel=\"canonical\" href=\"https:\/\/www.iplay.com\/fr\/games\/shopping-clutter-15-around-the-campfire\/\" \/>\n<meta property=\"og:locale\" content=\"fr_FR\" \/>\n<meta property=\"og:type\" content=\"article\" \/>\n<meta property=\"og:title\" content=\"Shopping Clutter 15: Around the Campfire\" \/>\n<meta property=\"og:description\" content=\"avec Shopping Clutter 15 : Autour du feu de camp, aidez les promeneurs \u00e0 se pr\u00e9parer pour un tout nouveau voyage de camping.\" \/>\n<meta property=\"og:url\" content=\"https:\/\/www.iplay.com\/fr\/games\/shopping-clutter-15-around-the-campfire\/\" \/>\n<meta property=\"og:site_name\" content=\"IPlay\" \/>\n<meta property=\"og:image\" content=\"https:\/\/www.iplay.com\/wp-content\/uploads\/2023\/12\/large_square_tile_image-2334.jpg\" \/>\n\t<meta property=\"og:image:width\" content=\"310\" \/>\n\t<meta property=\"og:image:height\" content=\"310\" \/>\n\t<meta property=\"og:image:type\" content=\"image\/jpeg\" \/>\n<meta name=\"twitter:card\" content=\"summary_large_image\" \/>\n<meta name=\"twitter:label1\" content=\"Dur\u00e9e de lecture estim\u00e9e\" \/>\n\t<meta name=\"twitter:data1\" content=\"1 minute\" \/>\n<script type=\"application\/ld+json\" class=\"yoast-schema-graph\">{\"@context\":\"https:\/\/schema.org\",\"@graph\":[{\"@type\":\"WebPage\",\"@id\":\"https:\/\/www.iplay.com\/fr\/games\/shopping-clutter-15-around-the-campfire\/\",\"url\":\"https:\/\/www.iplay.com\/fr\/games\/shopping-clutter-15-around-the-campfire\/\",\"name\":\"Shopping Clutter 15 : Autour du feu de camp - Rejoignez les promeneurs pour une aventure de camping\",\"isPartOf\":{\"@id\":\"https:\/\/www.iplay.com\/en\/#website\"},\"primaryImageOfPage\":{\"@id\":\"https:\/\/www.iplay.com\/fr\/games\/shopping-clutter-15-around-the-campfire\/#primaryimage\"},\"image\":{\"@id\":\"https:\/\/www.iplay.com\/fr\/games\/shopping-clutter-15-around-the-campfire\/#primaryimage\"},\"thumbnailUrl\":\"https:\/\/www.iplay.com\/wp-content\/uploads\/2023\/12\/large_square_tile_image-2334.jpg\",\"datePublished\":\"2022-04-17T00:00:00+00:00\",\"description\":\"avec Shopping Clutter 15 : Autour du feu de camp, aidez les promeneurs \u00e0 se pr\u00e9parer pour un tout nouveau voyage de camping.\",\"breadcrumb\":{\"@id\":\"https:\/\/www.iplay.com\/fr\/games\/shopping-clutter-15-around-the-campfire\/#breadcrumb\"},\"inLanguage\":\"fr-FR\",\"potentialAction\":[{\"@type\":\"ReadAction\",\"target\":[\"https:\/\/www.iplay.com\/fr\/games\/shopping-clutter-15-around-the-campfire\/\"]}]},{\"@type\":\"ImageObject\",\"inLanguage\":\"fr-FR\",\"@id\":\"https:\/\/www.iplay.com\/fr\/games\/shopping-clutter-15-around-the-campfire\/#primaryimage\",\"url\":\"https:\/\/www.iplay.com\/wp-content\/uploads\/2023\/12\/large_square_tile_image-2334.jpg\",\"contentUrl\":\"https:\/\/www.iplay.com\/wp-content\/uploads\/2023\/12\/large_square_tile_image-2334.jpg\",\"width\":310,\"height\":310},{\"@type\":\"BreadcrumbList\",\"@id\":\"https:\/\/www.iplay.com\/fr\/games\/shopping-clutter-15-around-the-campfire\/#breadcrumb\",\"itemListElement\":[{\"@type\":\"ListItem\",\"position\":1,\"name\":\"Home\",\"item\":\"https:\/\/www.iplay.com\/fr\/home-page-2\/\"},{\"@type\":\"ListItem\",\"position\":2,\"name\":\"Shop\",\"item\":\"https:\/\/www.iplay.com\/en\/shop\/\"},{\"@type\":\"ListItem\",\"position\":3,\"name\":\"Shopping Clutter 15: Around the Campfire\"}]},{\"@type\":\"WebSite\",\"@id\":\"https:\/\/www.iplay.com\/en\/#website\",\"url\":\"https:\/\/www.iplay.com\/en\/\",\"name\":\"IPlay\",\"description\":\"The Best Casual Games!\",\"publisher\":{\"@id\":\"https:\/\/www.iplay.com\/en\/#organization\"},\"potentialAction\":[{\"@type\":\"SearchAction\",\"target\":{\"@type\":\"EntryPoint\",\"urlTemplate\":\"https:\/\/www.iplay.com\/en\/?s={search_term_string}\"},\"query-input\":{\"@type\":\"PropertyValueSpecification\",\"valueRequired\":true,\"valueName\":\"search_term_string\"}}],\"inLanguage\":\"fr-FR\"},{\"@type\":\"Organization\",\"@id\":\"https:\/\/www.iplay.com\/en\/#organization\",\"name\":\"IPlay\",\"url\":\"https:\/\/www.iplay.com\/en\/\",\"logo\":{\"@type\":\"ImageObject\",\"inLanguage\":\"fr-FR\",\"@id\":\"https:\/\/www.iplay.com\/en\/#\/schema\/logo\/image\/\",\"url\":\"https:\/\/www.iplay.com\/wp-content\/uploads\/2023\/11\/Group-6100.svg\",\"contentUrl\":\"https:\/\/www.iplay.com\/wp-content\/uploads\/2023\/11\/Group-6100.svg\",\"width\":98,\"height\":25,\"caption\":\"IPlay\"},\"image\":{\"@id\":\"https:\/\/www.iplay.com\/en\/#\/schema\/logo\/image\/\"}}]}<\/script>\n<!-- \/ Yoast SEO Premium plugin. -->","yoast_head_json":{"title":"Shopping Clutter 15 : Autour du feu de camp - Rejoignez les promeneurs pour une aventure de camping","description":"avec Shopping Clutter 15 : Autour du feu de camp, aidez les promeneurs \u00e0 se pr\u00e9parer pour un tout nouveau voyage de camping.","robots":{"index":"index","follow":"follow","max-snippet":"max-snippet:-1","max-image-preview":"max-image-preview:large","max-video-preview":"max-video-preview:-1"},"canonical":"https:\/\/www.iplay.com\/fr\/games\/shopping-clutter-15-around-the-campfire\/","og_locale":"fr_FR","og_type":"article","og_title":"Shopping Clutter 15: Around the Campfire","og_description":"avec Shopping Clutter 15 : Autour du feu de camp, aidez les promeneurs \u00e0 se pr\u00e9parer pour un tout nouveau voyage de camping.","og_url":"https:\/\/www.iplay.com\/fr\/games\/shopping-clutter-15-around-the-campfire\/","og_site_name":"IPlay","og_image":[{"width":310,"height":310,"url":"https:\/\/www.iplay.com\/wp-content\/uploads\/2023\/12\/large_square_tile_image-2334.jpg","type":"image\/jpeg"}],"twitter_card":"summary_large_image","twitter_misc":{"Dur\u00e9e de lecture estim\u00e9e":"1 minute"},"schema":{"@context":"https:\/\/schema.org","@graph":[{"@type":"WebPage","@id":"https:\/\/www.iplay.com\/fr\/games\/shopping-clutter-15-around-the-campfire\/","url":"https:\/\/www.iplay.com\/fr\/games\/shopping-clutter-15-around-the-campfire\/","name":"Shopping Clutter 15 : Autour du feu de camp - Rejoignez les promeneurs pour une aventure de camping","isPartOf":{"@id":"https:\/\/www.iplay.com\/en\/#website"},"primaryImageOfPage":{"@id":"https:\/\/www.iplay.com\/fr\/games\/shopping-clutter-15-around-the-campfire\/#primaryimage"},"image":{"@id":"https:\/\/www.iplay.com\/fr\/games\/shopping-clutter-15-around-the-campfire\/#primaryimage"},"thumbnailUrl":"https:\/\/www.iplay.com\/wp-content\/uploads\/2023\/12\/large_square_tile_image-2334.jpg","datePublished":"2022-04-17T00:00:00+00:00","description":"avec Shopping Clutter 15 : Autour du feu de camp, aidez les promeneurs \u00e0 se pr\u00e9parer pour un tout nouveau voyage de camping.","breadcrumb":{"@id":"https:\/\/www.iplay.com\/fr\/games\/shopping-clutter-15-around-the-campfire\/#breadcrumb"},"inLanguage":"fr-FR","potentialAction":[{"@type":"ReadAction","target":["https:\/\/www.iplay.com\/fr\/games\/shopping-clutter-15-around-the-campfire\/"]}]},{"@type":"ImageObject","inLanguage":"fr-FR","@id":"https:\/\/www.iplay.com\/fr\/games\/shopping-clutter-15-around-the-campfire\/#primaryimage","url":"https:\/\/www.iplay.com\/wp-content\/uploads\/2023\/12\/large_square_tile_image-2334.jpg","contentUrl":"https:\/\/www.iplay.com\/wp-content\/uploads\/2023\/12\/large_square_tile_image-2334.jpg","width":310,"height":310},{"@type":"BreadcrumbList","@id":"https:\/\/www.iplay.com\/fr\/games\/shopping-clutter-15-around-the-campfire\/#breadcrumb","itemListElement":[{"@type":"ListItem","position":1,"name":"Home","item":"https:\/\/www.iplay.com\/fr\/home-page-2\/"},{"@type":"ListItem","position":2,"name":"Shop","item":"https:\/\/www.iplay.com\/en\/shop\/"},{"@type":"ListItem","position":3,"name":"Shopping Clutter 15: Around the Campfire"}]},{"@type":"WebSite","@id":"https:\/\/www.iplay.com\/en\/#website","url":"https:\/\/www.iplay.com\/en\/","name":"IPlay","description":"The Best Casual Games!","publisher":{"@id":"https:\/\/www.iplay.com\/en\/#organization"},"potentialAction":[{"@type":"SearchAction","target":{"@type":"EntryPoint","urlTemplate":"https:\/\/www.iplay.com\/en\/?s={search_term_string}"},"query-input":{"@type":"PropertyValueSpecification","valueRequired":true,"valueName":"search_term_string"}}],"inLanguage":"fr-FR"},{"@type":"Organization","@id":"https:\/\/www.iplay.com\/en\/#organization","name":"IPlay","url":"https:\/\/www.iplay.com\/en\/","logo":{"@type":"ImageObject","inLanguage":"fr-FR","@id":"https:\/\/www.iplay.com\/en\/#\/schema\/logo\/image\/","url":"https:\/\/www.iplay.com\/wp-content\/uploads\/2023\/11\/Group-6100.svg","contentUrl":"https:\/\/www.iplay.com\/wp-content\/uploads\/2023\/11\/Group-6100.svg","width":98,"height":25,"caption":"IPlay"},"image":{"@id":"https:\/\/www.iplay.com\/en\/#\/schema\/logo\/image\/"}}]}},"_links":{"self":[{"href":"https:\/\/www.iplay.com\/fr\/wp-json\/wp\/v2\/product\/134568","targetHints":{"allow":["GET"]}}],"collection":[{"href":"https:\/\/www.iplay.com\/fr\/wp-json\/wp\/v2\/product"}],"about":[{"href":"https:\/\/www.iplay.com\/fr\/wp-json\/wp\/v2\/types\/product"}],"author":[{"embeddable":true,"href":"https:\/\/www.iplay.com\/fr\/wp-json\/wp\/v2\/users\/14"}],"replies":[{"embeddable":true,"href":"https:\/\/www.iplay.com\/fr\/wp-json\/wp\/v2\/comments?post=134568"}],"wp:featuredmedia":[{"embeddable":true,"href":"https:\/\/www.iplay.com\/fr\/wp-json\/wp\/v2\/media\/77384"}],"wp:attachment":[{"href":"https:\/\/www.iplay.com\/fr\/wp-json\/wp\/v2\/media?parent=134568"}],"wp:term":[{"taxonomy":"product_brand","embeddable":true,"href":"https:\/\/www.iplay.com\/fr\/wp-json\/wp\/v2\/product_brand?post=134568"},{"taxonomy":"product_cat","embeddable":true,"href":"https:\/\/www.iplay.com\/fr\/wp-json\/wp\/v2\/product_cat?post=134568"},{"taxonomy":"product_tag","embeddable":true,"href":"https:\/\/www.iplay.com\/fr\/wp-json\/wp\/v2\/product_tag?post=134568"}],"curies":[{"name":"wp","href":"https:\/\/api.w.org\/{rel}","templated":true}]}}