{"id":134530,"date":"2022-06-29T00:00:00","date_gmt":"2022-06-29T00:00:00","guid":{"rendered":"https:\/\/www.iplay.com\/games\/ms-holmes-the-adventure-of-the-mckirk-ritual-ce\/"},"modified":"2022-06-29T00:00:00","modified_gmt":"2022-06-29T00:00:00","slug":"ms-holmes-the-adventure-of-the-mckirk-ritual-ce","status":"publish","type":"product","link":"https:\/\/www.iplay.com\/fr\/games\/ms-holmes-the-adventure-of-the-mckirk-ritual-ce\/","title":{"rendered":"Ms. Holmes: The Adventure of the McKirk Ritual CE"},"content":{"rendered":"<p>Testez vos talents de d\u00e9tective dans la nouvelle aventure de Ms. Holmes ! Salut Sharlotte Holmes, bon retour ! De nouvelles situations, certaines plus risqu\u00e9es que d\u2019autres, surgissent au fur et \u00e0 mesure que la notori\u00e9t\u00e9 augmente. Mallory McKirk a besoin de votre aide car elle croit qu\u2019une femme fantomatique hante la r\u00e9sidence McKirk. Cependant, ce n\u2019est pas une histoire de fant\u00f4me typique. Cette figure fantomatique est un voleur de diamants qui semble essayer de r\u00e9parer des torts historiques. Cependant, quels secrets le domaine garde-t-il cach\u00e9s, et qui est responsable des interactions les plus risqu\u00e9es avec l\u2019inconnu ? C\u2019est \u00e0 vous de r\u00e9soudre ce passionnant casse-t\u00eate d\u2019objets cach\u00e9s pour d\u00e9couvrir la v\u00e9rit\u00e9 ! Le chapitre bonus vous offre la chance de faire un nouveau voyage passionnant dans la p\u00e8gre criminelle de Londres. Au fur et \u00e0 mesure que vous terminez des SOC et des mini-jeux et d\u00e9bloquez des succ\u00e8s, vous passerez d\u2019un magnifique manoir au bord de la Tamise \u00e0 une pension pittoresque ! Il y a des tonnes de pi\u00e8ces de puzzle et d\u2019objets de collection \u00e0 trouver ! Profitez de fonds d\u2019\u00e9cran sp\u00e9ciaux et plus encore ! Utilisez le guide de strat\u00e9gie pour ne jamais vous perdre !<\/p>\n","protected":false},"excerpt":{"rendered":"<p>Pouvez-vous aider Mme Holmes \u00e0 identifier la personne qui hante le domaine McKirk ?<\/p>\n","protected":false},"author":17,"featured_media":76696,"comment_status":"open","ping_status":"closed","template":"","meta":{"_acf_changed":false,"inline_featured_image":false},"product_brand":[],"product_cat":[165],"product_tag":[287],"class_list":{"0":"post-134530","1":"product","2":"type-product","3":"status-publish","4":"has-post-thumbnail","6":"product_cat-hidden-object-fr","7":"product_tag-play-on-pc-fr","9":"first","10":"instock","11":"shipping-taxable","12":"purchasable","13":"product-type-simple"},"acf":[],"yoast_head":"<!-- This site is optimized with the Yoast SEO Premium plugin v25.2 (Yoast SEO v25.2) - https:\/\/yoast.com\/wordpress\/plugins\/seo\/ -->\n<title>Mme Holmes : L\u2019aventure du rituel McKirk CE - Aidez Mme Holmes \u00e0 r\u00e9soudre le myst\u00e8re du domaine McKirk<\/title>\n<meta name=\"description\" content=\"Pouvez-vous aider Mme Holmes \u00e0 identifier la personne qui hante le domaine McKirk ?\" \/>\n<meta name=\"robots\" content=\"index, follow, max-snippet:-1, max-image-preview:large, max-video-preview:-1\" \/>\n<link rel=\"canonical\" href=\"https:\/\/www.iplay.com\/fr\/games\/ms-holmes-the-adventure-of-the-mckirk-ritual-ce\/\" \/>\n<meta property=\"og:locale\" content=\"fr_FR\" \/>\n<meta property=\"og:type\" content=\"article\" \/>\n<meta property=\"og:title\" content=\"Ms. Holmes: The Adventure of the McKirk Ritual CE\" \/>\n<meta property=\"og:description\" content=\"Pouvez-vous aider Mme Holmes \u00e0 identifier la personne qui hante le domaine McKirk ?\" \/>\n<meta property=\"og:url\" content=\"https:\/\/www.iplay.com\/fr\/games\/ms-holmes-the-adventure-of-the-mckirk-ritual-ce\/\" \/>\n<meta property=\"og:site_name\" content=\"IPlay\" \/>\n<meta property=\"og:image\" content=\"https:\/\/www.iplay.com\/wp-content\/uploads\/2023\/12\/large_square_tile_image-2291.jpg\" \/>\n\t<meta property=\"og:image:width\" content=\"310\" \/>\n\t<meta property=\"og:image:height\" content=\"310\" \/>\n\t<meta property=\"og:image:type\" content=\"image\/jpeg\" \/>\n<meta name=\"twitter:card\" content=\"summary_large_image\" \/>\n<meta name=\"twitter:label1\" content=\"Dur\u00e9e de lecture estim\u00e9e\" \/>\n\t<meta name=\"twitter:data1\" content=\"1 minute\" \/>\n<script type=\"application\/ld+json\" class=\"yoast-schema-graph\">{\"@context\":\"https:\/\/schema.org\",\"@graph\":[{\"@type\":\"WebPage\",\"@id\":\"https:\/\/www.iplay.com\/fr\/games\/ms-holmes-the-adventure-of-the-mckirk-ritual-ce\/\",\"url\":\"https:\/\/www.iplay.com\/fr\/games\/ms-holmes-the-adventure-of-the-mckirk-ritual-ce\/\",\"name\":\"Mme Holmes : L\u2019aventure du rituel McKirk CE - Aidez Mme Holmes \u00e0 r\u00e9soudre le myst\u00e8re du domaine McKirk\",\"isPartOf\":{\"@id\":\"https:\/\/www.iplay.com\/en\/#website\"},\"primaryImageOfPage\":{\"@id\":\"https:\/\/www.iplay.com\/fr\/games\/ms-holmes-the-adventure-of-the-mckirk-ritual-ce\/#primaryimage\"},\"image\":{\"@id\":\"https:\/\/www.iplay.com\/fr\/games\/ms-holmes-the-adventure-of-the-mckirk-ritual-ce\/#primaryimage\"},\"thumbnailUrl\":\"https:\/\/www.iplay.com\/wp-content\/uploads\/2023\/12\/large_square_tile_image-2291.jpg\",\"datePublished\":\"2022-06-29T00:00:00+00:00\",\"description\":\"Pouvez-vous aider Mme Holmes \u00e0 identifier la personne qui hante le domaine McKirk ?\",\"breadcrumb\":{\"@id\":\"https:\/\/www.iplay.com\/fr\/games\/ms-holmes-the-adventure-of-the-mckirk-ritual-ce\/#breadcrumb\"},\"inLanguage\":\"fr-FR\",\"potentialAction\":[{\"@type\":\"ReadAction\",\"target\":[\"https:\/\/www.iplay.com\/fr\/games\/ms-holmes-the-adventure-of-the-mckirk-ritual-ce\/\"]}]},{\"@type\":\"ImageObject\",\"inLanguage\":\"fr-FR\",\"@id\":\"https:\/\/www.iplay.com\/fr\/games\/ms-holmes-the-adventure-of-the-mckirk-ritual-ce\/#primaryimage\",\"url\":\"https:\/\/www.iplay.com\/wp-content\/uploads\/2023\/12\/large_square_tile_image-2291.jpg\",\"contentUrl\":\"https:\/\/www.iplay.com\/wp-content\/uploads\/2023\/12\/large_square_tile_image-2291.jpg\",\"width\":310,\"height\":310},{\"@type\":\"BreadcrumbList\",\"@id\":\"https:\/\/www.iplay.com\/fr\/games\/ms-holmes-the-adventure-of-the-mckirk-ritual-ce\/#breadcrumb\",\"itemListElement\":[{\"@type\":\"ListItem\",\"position\":1,\"name\":\"Home\",\"item\":\"https:\/\/www.iplay.com\/fr\/home-page-2\/\"},{\"@type\":\"ListItem\",\"position\":2,\"name\":\"Shop\",\"item\":\"https:\/\/www.iplay.com\/en\/shop\/\"},{\"@type\":\"ListItem\",\"position\":3,\"name\":\"Ms. Holmes: The Adventure of the McKirk Ritual CE\"}]},{\"@type\":\"WebSite\",\"@id\":\"https:\/\/www.iplay.com\/en\/#website\",\"url\":\"https:\/\/www.iplay.com\/en\/\",\"name\":\"IPlay\",\"description\":\"The Best Casual Games!\",\"publisher\":{\"@id\":\"https:\/\/www.iplay.com\/en\/#organization\"},\"potentialAction\":[{\"@type\":\"SearchAction\",\"target\":{\"@type\":\"EntryPoint\",\"urlTemplate\":\"https:\/\/www.iplay.com\/en\/?s={search_term_string}\"},\"query-input\":{\"@type\":\"PropertyValueSpecification\",\"valueRequired\":true,\"valueName\":\"search_term_string\"}}],\"inLanguage\":\"fr-FR\"},{\"@type\":\"Organization\",\"@id\":\"https:\/\/www.iplay.com\/en\/#organization\",\"name\":\"IPlay\",\"url\":\"https:\/\/www.iplay.com\/en\/\",\"logo\":{\"@type\":\"ImageObject\",\"inLanguage\":\"fr-FR\",\"@id\":\"https:\/\/www.iplay.com\/en\/#\/schema\/logo\/image\/\",\"url\":\"https:\/\/www.iplay.com\/wp-content\/uploads\/2023\/11\/Group-6100.svg\",\"contentUrl\":\"https:\/\/www.iplay.com\/wp-content\/uploads\/2023\/11\/Group-6100.svg\",\"width\":98,\"height\":25,\"caption\":\"IPlay\"},\"image\":{\"@id\":\"https:\/\/www.iplay.com\/en\/#\/schema\/logo\/image\/\"}}]}<\/script>\n<!-- \/ Yoast SEO Premium plugin. -->","yoast_head_json":{"title":"Mme Holmes : L\u2019aventure du rituel McKirk CE - Aidez Mme Holmes \u00e0 r\u00e9soudre le myst\u00e8re du domaine McKirk","description":"Pouvez-vous aider Mme Holmes \u00e0 identifier la personne qui hante le domaine McKirk ?","robots":{"index":"index","follow":"follow","max-snippet":"max-snippet:-1","max-image-preview":"max-image-preview:large","max-video-preview":"max-video-preview:-1"},"canonical":"https:\/\/www.iplay.com\/fr\/games\/ms-holmes-the-adventure-of-the-mckirk-ritual-ce\/","og_locale":"fr_FR","og_type":"article","og_title":"Ms. Holmes: The Adventure of the McKirk Ritual CE","og_description":"Pouvez-vous aider Mme Holmes \u00e0 identifier la personne qui hante le domaine McKirk ?","og_url":"https:\/\/www.iplay.com\/fr\/games\/ms-holmes-the-adventure-of-the-mckirk-ritual-ce\/","og_site_name":"IPlay","og_image":[{"width":310,"height":310,"url":"https:\/\/www.iplay.com\/wp-content\/uploads\/2023\/12\/large_square_tile_image-2291.jpg","type":"image\/jpeg"}],"twitter_card":"summary_large_image","twitter_misc":{"Dur\u00e9e de lecture estim\u00e9e":"1 minute"},"schema":{"@context":"https:\/\/schema.org","@graph":[{"@type":"WebPage","@id":"https:\/\/www.iplay.com\/fr\/games\/ms-holmes-the-adventure-of-the-mckirk-ritual-ce\/","url":"https:\/\/www.iplay.com\/fr\/games\/ms-holmes-the-adventure-of-the-mckirk-ritual-ce\/","name":"Mme Holmes : L\u2019aventure du rituel McKirk CE - Aidez Mme Holmes \u00e0 r\u00e9soudre le myst\u00e8re du domaine McKirk","isPartOf":{"@id":"https:\/\/www.iplay.com\/en\/#website"},"primaryImageOfPage":{"@id":"https:\/\/www.iplay.com\/fr\/games\/ms-holmes-the-adventure-of-the-mckirk-ritual-ce\/#primaryimage"},"image":{"@id":"https:\/\/www.iplay.com\/fr\/games\/ms-holmes-the-adventure-of-the-mckirk-ritual-ce\/#primaryimage"},"thumbnailUrl":"https:\/\/www.iplay.com\/wp-content\/uploads\/2023\/12\/large_square_tile_image-2291.jpg","datePublished":"2022-06-29T00:00:00+00:00","description":"Pouvez-vous aider Mme Holmes \u00e0 identifier la personne qui hante le domaine McKirk ?","breadcrumb":{"@id":"https:\/\/www.iplay.com\/fr\/games\/ms-holmes-the-adventure-of-the-mckirk-ritual-ce\/#breadcrumb"},"inLanguage":"fr-FR","potentialAction":[{"@type":"ReadAction","target":["https:\/\/www.iplay.com\/fr\/games\/ms-holmes-the-adventure-of-the-mckirk-ritual-ce\/"]}]},{"@type":"ImageObject","inLanguage":"fr-FR","@id":"https:\/\/www.iplay.com\/fr\/games\/ms-holmes-the-adventure-of-the-mckirk-ritual-ce\/#primaryimage","url":"https:\/\/www.iplay.com\/wp-content\/uploads\/2023\/12\/large_square_tile_image-2291.jpg","contentUrl":"https:\/\/www.iplay.com\/wp-content\/uploads\/2023\/12\/large_square_tile_image-2291.jpg","width":310,"height":310},{"@type":"BreadcrumbList","@id":"https:\/\/www.iplay.com\/fr\/games\/ms-holmes-the-adventure-of-the-mckirk-ritual-ce\/#breadcrumb","itemListElement":[{"@type":"ListItem","position":1,"name":"Home","item":"https:\/\/www.iplay.com\/fr\/home-page-2\/"},{"@type":"ListItem","position":2,"name":"Shop","item":"https:\/\/www.iplay.com\/en\/shop\/"},{"@type":"ListItem","position":3,"name":"Ms. Holmes: The Adventure of the McKirk Ritual CE"}]},{"@type":"WebSite","@id":"https:\/\/www.iplay.com\/en\/#website","url":"https:\/\/www.iplay.com\/en\/","name":"IPlay","description":"The Best Casual Games!","publisher":{"@id":"https:\/\/www.iplay.com\/en\/#organization"},"potentialAction":[{"@type":"SearchAction","target":{"@type":"EntryPoint","urlTemplate":"https:\/\/www.iplay.com\/en\/?s={search_term_string}"},"query-input":{"@type":"PropertyValueSpecification","valueRequired":true,"valueName":"search_term_string"}}],"inLanguage":"fr-FR"},{"@type":"Organization","@id":"https:\/\/www.iplay.com\/en\/#organization","name":"IPlay","url":"https:\/\/www.iplay.com\/en\/","logo":{"@type":"ImageObject","inLanguage":"fr-FR","@id":"https:\/\/www.iplay.com\/en\/#\/schema\/logo\/image\/","url":"https:\/\/www.iplay.com\/wp-content\/uploads\/2023\/11\/Group-6100.svg","contentUrl":"https:\/\/www.iplay.com\/wp-content\/uploads\/2023\/11\/Group-6100.svg","width":98,"height":25,"caption":"IPlay"},"image":{"@id":"https:\/\/www.iplay.com\/en\/#\/schema\/logo\/image\/"}}]}},"_links":{"self":[{"href":"https:\/\/www.iplay.com\/fr\/wp-json\/wp\/v2\/product\/134530","targetHints":{"allow":["GET"]}}],"collection":[{"href":"https:\/\/www.iplay.com\/fr\/wp-json\/wp\/v2\/product"}],"about":[{"href":"https:\/\/www.iplay.com\/fr\/wp-json\/wp\/v2\/types\/product"}],"author":[{"embeddable":true,"href":"https:\/\/www.iplay.com\/fr\/wp-json\/wp\/v2\/users\/17"}],"replies":[{"embeddable":true,"href":"https:\/\/www.iplay.com\/fr\/wp-json\/wp\/v2\/comments?post=134530"}],"wp:featuredmedia":[{"embeddable":true,"href":"https:\/\/www.iplay.com\/fr\/wp-json\/wp\/v2\/media\/76696"}],"wp:attachment":[{"href":"https:\/\/www.iplay.com\/fr\/wp-json\/wp\/v2\/media?parent=134530"}],"wp:term":[{"taxonomy":"product_brand","embeddable":true,"href":"https:\/\/www.iplay.com\/fr\/wp-json\/wp\/v2\/product_brand?post=134530"},{"taxonomy":"product_cat","embeddable":true,"href":"https:\/\/www.iplay.com\/fr\/wp-json\/wp\/v2\/product_cat?post=134530"},{"taxonomy":"product_tag","embeddable":true,"href":"https:\/\/www.iplay.com\/fr\/wp-json\/wp\/v2\/product_tag?post=134530"}],"curies":[{"name":"wp","href":"https:\/\/api.w.org\/{rel}","templated":true}]}}