{"id":134356,"date":"2021-01-06T00:00:00","date_gmt":"2021-01-06T00:00:00","guid":{"rendered":"https:\/\/www.iplay.com\/games\/paint-by-numbers-16\/"},"modified":"2021-01-06T00:00:00","modified_gmt":"2021-01-06T00:00:00","slug":"paint-by-numbers-16","status":"publish","type":"product","link":"https:\/\/www.iplay.com\/fr\/games\/paint-by-numbers-16\/","title":{"rendered":"Paint By Numbers 16"},"content":{"rendered":"<p>Explorez le monde de <strong>Paint By Numbers 16<\/strong> sans les contraintes de la pression d\u2019identification des couleurs ! Retrouvez la joie de l\u2019expression artistique tout en vous relaxant et en laissant le processus cr\u00e9atif se d\u00e9rouler. Plongez dans une collection vari\u00e9e de 64 photos visuellement attrayantes, chacune vous invitant \u00e0 embarquer pour un voyage unique. Suivez le guide num\u00e9rique, en donnant vie \u00e0 des images statiques, et assistez \u00e0 ce que vos cr\u00e9ations deviennent des sources de plaisir et de d\u00e9tente prolong\u00e9s, enrichissant votre parcours artistique.   <\/p>\n<p>&nbsp;<\/p>\n<p>&nbsp;<\/p>\n<p><strong>Fonctionnalit\u00e9s:<\/strong><\/p>\n<p>&nbsp;<\/p>\n<p>&#8211; 64 photos \u00e9poustouflantes<\/p>\n<p>&#8211; Profitez d\u2019heures de plaisir et de d\u00e9tente !<\/p>\n","protected":false},"excerpt":{"rendered":"<p>Peinture simplifi\u00e9e &#8211; Oubliez les d\u00e9cisions de couleur&nbsp;; il suffit de se d\u00e9tendre et de laisser l\u2019exploration artistique se d\u00e9rouler dans Paint by Numbers 16.<\/p>\n","protected":false},"author":21,"featured_media":81165,"comment_status":"open","ping_status":"closed","template":"","meta":{"_acf_changed":false,"inline_featured_image":false},"product_brand":[],"product_cat":[193],"product_tag":[],"class_list":{"0":"post-134356","1":"product","2":"type-product","3":"status-publish","4":"has-post-thumbnail","6":"product_cat-puzzle-fr","8":"first","9":"instock","10":"shipping-taxable","11":"purchasable","12":"product-type-simple"},"acf":[],"yoast_head":"<!-- This site is optimized with the Yoast SEO Premium plugin v25.2 (Yoast SEO v25.2) - https:\/\/yoast.com\/wordpress\/plugins\/seo\/ -->\n<title>Paint By Numbers 16 - Peindre n\u2019a jamais \u00e9t\u00e9 aussi facile ! D\u00e9tendez-vous et profitez<\/title>\n<meta name=\"description\" content=\"Peinture simplifi\u00e9e - Oubliez les d\u00e9cisions de couleur&nbsp;; il suffit de se d\u00e9tendre et de laisser l\u2019exploration artistique se d\u00e9rouler dans Paint by Numbers 16.\" \/>\n<meta name=\"robots\" content=\"index, follow, max-snippet:-1, max-image-preview:large, max-video-preview:-1\" \/>\n<link rel=\"canonical\" href=\"https:\/\/www.iplay.com\/fr\/games\/paint-by-numbers-16\/\" \/>\n<meta property=\"og:locale\" content=\"fr_FR\" \/>\n<meta property=\"og:type\" content=\"article\" \/>\n<meta property=\"og:title\" content=\"Paint By Numbers 16\" \/>\n<meta property=\"og:description\" content=\"Peinture simplifi\u00e9e - Oubliez les d\u00e9cisions de couleur&nbsp;; il suffit de se d\u00e9tendre et de laisser l\u2019exploration artistique se d\u00e9rouler dans Paint by Numbers 16.\" \/>\n<meta property=\"og:url\" content=\"https:\/\/www.iplay.com\/fr\/games\/paint-by-numbers-16\/\" \/>\n<meta property=\"og:site_name\" content=\"IPlay\" \/>\n<meta property=\"og:image\" content=\"https:\/\/www.iplay.com\/wp-content\/uploads\/2023\/12\/large_square_tile_image-2578.jpg\" \/>\n\t<meta property=\"og:image:width\" content=\"310\" \/>\n\t<meta property=\"og:image:height\" content=\"310\" \/>\n\t<meta property=\"og:image:type\" content=\"image\/jpeg\" \/>\n<meta name=\"twitter:card\" content=\"summary_large_image\" \/>\n<meta name=\"twitter:label1\" content=\"Dur\u00e9e de lecture estim\u00e9e\" \/>\n\t<meta name=\"twitter:data1\" content=\"1 minute\" \/>\n<script type=\"application\/ld+json\" class=\"yoast-schema-graph\">{\"@context\":\"https:\/\/schema.org\",\"@graph\":[{\"@type\":\"WebPage\",\"@id\":\"https:\/\/www.iplay.com\/fr\/games\/paint-by-numbers-16\/\",\"url\":\"https:\/\/www.iplay.com\/fr\/games\/paint-by-numbers-16\/\",\"name\":\"Paint By Numbers 16 - Peindre n\u2019a jamais \u00e9t\u00e9 aussi facile ! D\u00e9tendez-vous et profitez\",\"isPartOf\":{\"@id\":\"https:\/\/www.iplay.com\/en\/#website\"},\"primaryImageOfPage\":{\"@id\":\"https:\/\/www.iplay.com\/fr\/games\/paint-by-numbers-16\/#primaryimage\"},\"image\":{\"@id\":\"https:\/\/www.iplay.com\/fr\/games\/paint-by-numbers-16\/#primaryimage\"},\"thumbnailUrl\":\"https:\/\/www.iplay.com\/wp-content\/uploads\/2023\/12\/large_square_tile_image-2578.jpg\",\"datePublished\":\"2021-01-06T00:00:00+00:00\",\"description\":\"Peinture simplifi\u00e9e - Oubliez les d\u00e9cisions de couleur&nbsp;; il suffit de se d\u00e9tendre et de laisser l\u2019exploration artistique se d\u00e9rouler dans Paint by Numbers 16.\",\"breadcrumb\":{\"@id\":\"https:\/\/www.iplay.com\/fr\/games\/paint-by-numbers-16\/#breadcrumb\"},\"inLanguage\":\"fr-FR\",\"potentialAction\":[{\"@type\":\"ReadAction\",\"target\":[\"https:\/\/www.iplay.com\/fr\/games\/paint-by-numbers-16\/\"]}]},{\"@type\":\"ImageObject\",\"inLanguage\":\"fr-FR\",\"@id\":\"https:\/\/www.iplay.com\/fr\/games\/paint-by-numbers-16\/#primaryimage\",\"url\":\"https:\/\/www.iplay.com\/wp-content\/uploads\/2023\/12\/large_square_tile_image-2578.jpg\",\"contentUrl\":\"https:\/\/www.iplay.com\/wp-content\/uploads\/2023\/12\/large_square_tile_image-2578.jpg\",\"width\":310,\"height\":310},{\"@type\":\"BreadcrumbList\",\"@id\":\"https:\/\/www.iplay.com\/fr\/games\/paint-by-numbers-16\/#breadcrumb\",\"itemListElement\":[{\"@type\":\"ListItem\",\"position\":1,\"name\":\"Home\",\"item\":\"https:\/\/www.iplay.com\/fr\/home-page-2\/\"},{\"@type\":\"ListItem\",\"position\":2,\"name\":\"Shop\",\"item\":\"https:\/\/www.iplay.com\/en\/shop\/\"},{\"@type\":\"ListItem\",\"position\":3,\"name\":\"Paint By Numbers 16\"}]},{\"@type\":\"WebSite\",\"@id\":\"https:\/\/www.iplay.com\/en\/#website\",\"url\":\"https:\/\/www.iplay.com\/en\/\",\"name\":\"IPlay\",\"description\":\"The Best Casual Games!\",\"publisher\":{\"@id\":\"https:\/\/www.iplay.com\/en\/#organization\"},\"potentialAction\":[{\"@type\":\"SearchAction\",\"target\":{\"@type\":\"EntryPoint\",\"urlTemplate\":\"https:\/\/www.iplay.com\/en\/?s={search_term_string}\"},\"query-input\":{\"@type\":\"PropertyValueSpecification\",\"valueRequired\":true,\"valueName\":\"search_term_string\"}}],\"inLanguage\":\"fr-FR\"},{\"@type\":\"Organization\",\"@id\":\"https:\/\/www.iplay.com\/en\/#organization\",\"name\":\"IPlay\",\"url\":\"https:\/\/www.iplay.com\/en\/\",\"logo\":{\"@type\":\"ImageObject\",\"inLanguage\":\"fr-FR\",\"@id\":\"https:\/\/www.iplay.com\/en\/#\/schema\/logo\/image\/\",\"url\":\"https:\/\/www.iplay.com\/wp-content\/uploads\/2023\/11\/Group-6100.svg\",\"contentUrl\":\"https:\/\/www.iplay.com\/wp-content\/uploads\/2023\/11\/Group-6100.svg\",\"width\":98,\"height\":25,\"caption\":\"IPlay\"},\"image\":{\"@id\":\"https:\/\/www.iplay.com\/en\/#\/schema\/logo\/image\/\"}}]}<\/script>\n<!-- \/ Yoast SEO Premium plugin. -->","yoast_head_json":{"title":"Paint By Numbers 16 - Peindre n\u2019a jamais \u00e9t\u00e9 aussi facile ! D\u00e9tendez-vous et profitez","description":"Peinture simplifi\u00e9e - Oubliez les d\u00e9cisions de couleur&nbsp;; il suffit de se d\u00e9tendre et de laisser l\u2019exploration artistique se d\u00e9rouler dans Paint by Numbers 16.","robots":{"index":"index","follow":"follow","max-snippet":"max-snippet:-1","max-image-preview":"max-image-preview:large","max-video-preview":"max-video-preview:-1"},"canonical":"https:\/\/www.iplay.com\/fr\/games\/paint-by-numbers-16\/","og_locale":"fr_FR","og_type":"article","og_title":"Paint By Numbers 16","og_description":"Peinture simplifi\u00e9e - Oubliez les d\u00e9cisions de couleur&nbsp;; il suffit de se d\u00e9tendre et de laisser l\u2019exploration artistique se d\u00e9rouler dans Paint by Numbers 16.","og_url":"https:\/\/www.iplay.com\/fr\/games\/paint-by-numbers-16\/","og_site_name":"IPlay","og_image":[{"width":310,"height":310,"url":"https:\/\/www.iplay.com\/wp-content\/uploads\/2023\/12\/large_square_tile_image-2578.jpg","type":"image\/jpeg"}],"twitter_card":"summary_large_image","twitter_misc":{"Dur\u00e9e de lecture estim\u00e9e":"1 minute"},"schema":{"@context":"https:\/\/schema.org","@graph":[{"@type":"WebPage","@id":"https:\/\/www.iplay.com\/fr\/games\/paint-by-numbers-16\/","url":"https:\/\/www.iplay.com\/fr\/games\/paint-by-numbers-16\/","name":"Paint By Numbers 16 - Peindre n\u2019a jamais \u00e9t\u00e9 aussi facile ! D\u00e9tendez-vous et profitez","isPartOf":{"@id":"https:\/\/www.iplay.com\/en\/#website"},"primaryImageOfPage":{"@id":"https:\/\/www.iplay.com\/fr\/games\/paint-by-numbers-16\/#primaryimage"},"image":{"@id":"https:\/\/www.iplay.com\/fr\/games\/paint-by-numbers-16\/#primaryimage"},"thumbnailUrl":"https:\/\/www.iplay.com\/wp-content\/uploads\/2023\/12\/large_square_tile_image-2578.jpg","datePublished":"2021-01-06T00:00:00+00:00","description":"Peinture simplifi\u00e9e - Oubliez les d\u00e9cisions de couleur&nbsp;; il suffit de se d\u00e9tendre et de laisser l\u2019exploration artistique se d\u00e9rouler dans Paint by Numbers 16.","breadcrumb":{"@id":"https:\/\/www.iplay.com\/fr\/games\/paint-by-numbers-16\/#breadcrumb"},"inLanguage":"fr-FR","potentialAction":[{"@type":"ReadAction","target":["https:\/\/www.iplay.com\/fr\/games\/paint-by-numbers-16\/"]}]},{"@type":"ImageObject","inLanguage":"fr-FR","@id":"https:\/\/www.iplay.com\/fr\/games\/paint-by-numbers-16\/#primaryimage","url":"https:\/\/www.iplay.com\/wp-content\/uploads\/2023\/12\/large_square_tile_image-2578.jpg","contentUrl":"https:\/\/www.iplay.com\/wp-content\/uploads\/2023\/12\/large_square_tile_image-2578.jpg","width":310,"height":310},{"@type":"BreadcrumbList","@id":"https:\/\/www.iplay.com\/fr\/games\/paint-by-numbers-16\/#breadcrumb","itemListElement":[{"@type":"ListItem","position":1,"name":"Home","item":"https:\/\/www.iplay.com\/fr\/home-page-2\/"},{"@type":"ListItem","position":2,"name":"Shop","item":"https:\/\/www.iplay.com\/en\/shop\/"},{"@type":"ListItem","position":3,"name":"Paint By Numbers 16"}]},{"@type":"WebSite","@id":"https:\/\/www.iplay.com\/en\/#website","url":"https:\/\/www.iplay.com\/en\/","name":"IPlay","description":"The Best Casual Games!","publisher":{"@id":"https:\/\/www.iplay.com\/en\/#organization"},"potentialAction":[{"@type":"SearchAction","target":{"@type":"EntryPoint","urlTemplate":"https:\/\/www.iplay.com\/en\/?s={search_term_string}"},"query-input":{"@type":"PropertyValueSpecification","valueRequired":true,"valueName":"search_term_string"}}],"inLanguage":"fr-FR"},{"@type":"Organization","@id":"https:\/\/www.iplay.com\/en\/#organization","name":"IPlay","url":"https:\/\/www.iplay.com\/en\/","logo":{"@type":"ImageObject","inLanguage":"fr-FR","@id":"https:\/\/www.iplay.com\/en\/#\/schema\/logo\/image\/","url":"https:\/\/www.iplay.com\/wp-content\/uploads\/2023\/11\/Group-6100.svg","contentUrl":"https:\/\/www.iplay.com\/wp-content\/uploads\/2023\/11\/Group-6100.svg","width":98,"height":25,"caption":"IPlay"},"image":{"@id":"https:\/\/www.iplay.com\/en\/#\/schema\/logo\/image\/"}}]}},"_links":{"self":[{"href":"https:\/\/www.iplay.com\/fr\/wp-json\/wp\/v2\/product\/134356","targetHints":{"allow":["GET"]}}],"collection":[{"href":"https:\/\/www.iplay.com\/fr\/wp-json\/wp\/v2\/product"}],"about":[{"href":"https:\/\/www.iplay.com\/fr\/wp-json\/wp\/v2\/types\/product"}],"author":[{"embeddable":true,"href":"https:\/\/www.iplay.com\/fr\/wp-json\/wp\/v2\/users\/21"}],"replies":[{"embeddable":true,"href":"https:\/\/www.iplay.com\/fr\/wp-json\/wp\/v2\/comments?post=134356"}],"wp:featuredmedia":[{"embeddable":true,"href":"https:\/\/www.iplay.com\/fr\/wp-json\/wp\/v2\/media\/81165"}],"wp:attachment":[{"href":"https:\/\/www.iplay.com\/fr\/wp-json\/wp\/v2\/media?parent=134356"}],"wp:term":[{"taxonomy":"product_brand","embeddable":true,"href":"https:\/\/www.iplay.com\/fr\/wp-json\/wp\/v2\/product_brand?post=134356"},{"taxonomy":"product_cat","embeddable":true,"href":"https:\/\/www.iplay.com\/fr\/wp-json\/wp\/v2\/product_cat?post=134356"},{"taxonomy":"product_tag","embeddable":true,"href":"https:\/\/www.iplay.com\/fr\/wp-json\/wp\/v2\/product_tag?post=134356"}],"curies":[{"name":"wp","href":"https:\/\/api.w.org\/{rel}","templated":true}]}}