{"id":134320,"date":"2018-07-16T00:00:00","date_gmt":"2018-07-16T00:00:00","guid":{"rendered":"https:\/\/www.iplay.com\/games\/pixel-art\/"},"modified":"2018-07-16T00:00:00","modified_gmt":"2018-07-16T00:00:00","slug":"pixel-art","status":"publish","type":"product","link":"https:\/\/www.iplay.com\/fr\/games\/pixel-art\/","title":{"rendered":"Pixel Art"},"content":{"rendered":"<p>Embarquez pour un voyage cr\u00e9atif passionnant avec le dernier ajout \u00e0 la s\u00e9rie Pixel Art &#8211; Pixel Art ! Red\u00e9couvrez les joies du pixel painting alors qu\u2019il revient, promettant une exp\u00e9rience plus facile que jamais. Plongez dans un monde sans stress o\u00f9 l\u2019identification des couleurs appartient au pass\u00e9. Lib\u00e9rez votre cr\u00e9ativit\u00e9 et choisissez parmi un large \u00e9ventail d\u2019images captivantes. Suivez le guide num\u00e9rot\u00e9 pour donner vie \u00e0 ces images. Faites partie du septi\u00e8me volet de cette s\u00e9rie incroyablement populaire et plongez dans l\u2019aventure pixellis\u00e9e ultime !     <\/p>\n<p>&nbsp;<\/p>\n<p>&nbsp;<\/p>\n<p><strong>Fonctionnalit\u00e9s<\/strong><\/p>\n<p>&nbsp;<\/p>\n<p>&#8211; Des heures de pur plaisir et de d\u00e9tente<\/p>\n<p>&#8211; Plus de 100 photographies incroyables et captivantes<\/p>\n<p>&#8211; L\u2019outil pratique de zone de remplissage pour compl\u00e9ter sans effort votre chef-d\u2019\u0153uvre<\/p>\n<p>&nbsp;<\/p>\n","protected":false},"excerpt":{"rendered":"<p>Lib\u00e9rez l\u2019artiste qui sommeille en vous sans effort &#8211; Pas de dilemmes de couleur, d\u00e9tendez-vous et amusez-vous dans Pixel Art 7<\/p>\n","protected":false},"author":21,"featured_media":123300,"comment_status":"open","ping_status":"closed","template":"","meta":{"_acf_changed":false,"inline_featured_image":false},"product_brand":[],"product_cat":[183],"product_tag":[279,287],"class_list":{"0":"post-134320","1":"product","2":"type-product","3":"status-publish","4":"has-post-thumbnail","6":"product_cat-paint-by-numbers-series-fr","7":"product_tag-pixel-art-series-fr","8":"product_tag-play-on-pc-fr","10":"first","11":"instock","12":"shipping-taxable","13":"purchasable","14":"product-type-simple"},"acf":[],"yoast_head":"<!-- This site is optimized with the Yoast SEO Premium plugin v25.2 (Yoast SEO v25.2) - https:\/\/yoast.com\/wordpress\/plugins\/seo\/ -->\n<title>Pixel Art - Exprimez votre cr\u00e9ativit\u00e9 avec Paint by Numbers<\/title>\n<meta name=\"description\" content=\"Lib\u00e9rez l\u2019artiste qui sommeille en vous sans effort - Pas de dilemmes de couleur, d\u00e9tendez-vous et amusez-vous dans Pixel Art 7\" \/>\n<meta name=\"robots\" content=\"index, follow, max-snippet:-1, max-image-preview:large, max-video-preview:-1\" \/>\n<link rel=\"canonical\" href=\"https:\/\/www.iplay.com\/fr\/games\/pixel-art\/\" \/>\n<meta property=\"og:locale\" content=\"fr_FR\" \/>\n<meta property=\"og:type\" content=\"article\" \/>\n<meta property=\"og:title\" content=\"Pixel Art\" \/>\n<meta property=\"og:description\" content=\"Lib\u00e9rez l\u2019artiste qui sommeille en vous sans effort - Pas de dilemmes de couleur, d\u00e9tendez-vous et amusez-vous dans Pixel Art 7\" \/>\n<meta property=\"og:url\" content=\"https:\/\/www.iplay.com\/fr\/games\/pixel-art\/\" \/>\n<meta property=\"og:site_name\" content=\"IPlay\" \/>\n<meta property=\"og:image\" content=\"https:\/\/www.iplay.com\/wp-content\/uploads\/2018\/07\/pixel_art_large_square_tile_image.webp\" \/>\n\t<meta property=\"og:image:width\" content=\"715\" \/>\n\t<meta property=\"og:image:height\" content=\"485\" \/>\n\t<meta property=\"og:image:type\" content=\"image\/webp\" \/>\n<meta name=\"twitter:card\" content=\"summary_large_image\" \/>\n<meta name=\"twitter:label1\" content=\"Dur\u00e9e de lecture estim\u00e9e\" \/>\n\t<meta name=\"twitter:data1\" content=\"1 minute\" \/>\n<script type=\"application\/ld+json\" class=\"yoast-schema-graph\">{\"@context\":\"https:\/\/schema.org\",\"@graph\":[{\"@type\":\"WebPage\",\"@id\":\"https:\/\/www.iplay.com\/fr\/games\/pixel-art\/\",\"url\":\"https:\/\/www.iplay.com\/fr\/games\/pixel-art\/\",\"name\":\"Pixel Art - Exprimez votre cr\u00e9ativit\u00e9 avec Paint by Numbers\",\"isPartOf\":{\"@id\":\"https:\/\/www.iplay.com\/en\/#website\"},\"primaryImageOfPage\":{\"@id\":\"https:\/\/www.iplay.com\/fr\/games\/pixel-art\/#primaryimage\"},\"image\":{\"@id\":\"https:\/\/www.iplay.com\/fr\/games\/pixel-art\/#primaryimage\"},\"thumbnailUrl\":\"https:\/\/www.iplay.com\/wp-content\/uploads\/2018\/07\/pixel_art_large_square_tile_image.webp\",\"datePublished\":\"2018-07-16T00:00:00+00:00\",\"description\":\"Lib\u00e9rez l\u2019artiste qui sommeille en vous sans effort - Pas de dilemmes de couleur, d\u00e9tendez-vous et amusez-vous dans Pixel Art 7\",\"breadcrumb\":{\"@id\":\"https:\/\/www.iplay.com\/fr\/games\/pixel-art\/#breadcrumb\"},\"inLanguage\":\"fr-FR\",\"potentialAction\":[{\"@type\":\"ReadAction\",\"target\":[\"https:\/\/www.iplay.com\/fr\/games\/pixel-art\/\"]}]},{\"@type\":\"ImageObject\",\"inLanguage\":\"fr-FR\",\"@id\":\"https:\/\/www.iplay.com\/fr\/games\/pixel-art\/#primaryimage\",\"url\":\"https:\/\/www.iplay.com\/wp-content\/uploads\/2018\/07\/pixel_art_large_square_tile_image.webp\",\"contentUrl\":\"https:\/\/www.iplay.com\/wp-content\/uploads\/2018\/07\/pixel_art_large_square_tile_image.webp\",\"width\":715,\"height\":485},{\"@type\":\"BreadcrumbList\",\"@id\":\"https:\/\/www.iplay.com\/fr\/games\/pixel-art\/#breadcrumb\",\"itemListElement\":[{\"@type\":\"ListItem\",\"position\":1,\"name\":\"Home\",\"item\":\"https:\/\/www.iplay.com\/fr\/home-page-2\/\"},{\"@type\":\"ListItem\",\"position\":2,\"name\":\"Shop\",\"item\":\"https:\/\/www.iplay.com\/en\/shop\/\"},{\"@type\":\"ListItem\",\"position\":3,\"name\":\"Pixel Art\"}]},{\"@type\":\"WebSite\",\"@id\":\"https:\/\/www.iplay.com\/en\/#website\",\"url\":\"https:\/\/www.iplay.com\/en\/\",\"name\":\"IPlay\",\"description\":\"The Best Casual Games!\",\"publisher\":{\"@id\":\"https:\/\/www.iplay.com\/en\/#organization\"},\"potentialAction\":[{\"@type\":\"SearchAction\",\"target\":{\"@type\":\"EntryPoint\",\"urlTemplate\":\"https:\/\/www.iplay.com\/en\/?s={search_term_string}\"},\"query-input\":{\"@type\":\"PropertyValueSpecification\",\"valueRequired\":true,\"valueName\":\"search_term_string\"}}],\"inLanguage\":\"fr-FR\"},{\"@type\":\"Organization\",\"@id\":\"https:\/\/www.iplay.com\/en\/#organization\",\"name\":\"IPlay\",\"url\":\"https:\/\/www.iplay.com\/en\/\",\"logo\":{\"@type\":\"ImageObject\",\"inLanguage\":\"fr-FR\",\"@id\":\"https:\/\/www.iplay.com\/en\/#\/schema\/logo\/image\/\",\"url\":\"https:\/\/www.iplay.com\/wp-content\/uploads\/2023\/11\/Group-6100.svg\",\"contentUrl\":\"https:\/\/www.iplay.com\/wp-content\/uploads\/2023\/11\/Group-6100.svg\",\"width\":98,\"height\":25,\"caption\":\"IPlay\"},\"image\":{\"@id\":\"https:\/\/www.iplay.com\/en\/#\/schema\/logo\/image\/\"}}]}<\/script>\n<!-- \/ Yoast SEO Premium plugin. -->","yoast_head_json":{"title":"Pixel Art - Exprimez votre cr\u00e9ativit\u00e9 avec Paint by Numbers","description":"Lib\u00e9rez l\u2019artiste qui sommeille en vous sans effort - Pas de dilemmes de couleur, d\u00e9tendez-vous et amusez-vous dans Pixel Art 7","robots":{"index":"index","follow":"follow","max-snippet":"max-snippet:-1","max-image-preview":"max-image-preview:large","max-video-preview":"max-video-preview:-1"},"canonical":"https:\/\/www.iplay.com\/fr\/games\/pixel-art\/","og_locale":"fr_FR","og_type":"article","og_title":"Pixel Art","og_description":"Lib\u00e9rez l\u2019artiste qui sommeille en vous sans effort - Pas de dilemmes de couleur, d\u00e9tendez-vous et amusez-vous dans Pixel Art 7","og_url":"https:\/\/www.iplay.com\/fr\/games\/pixel-art\/","og_site_name":"IPlay","og_image":[{"width":715,"height":485,"url":"https:\/\/www.iplay.com\/wp-content\/uploads\/2018\/07\/pixel_art_large_square_tile_image.webp","type":"image\/webp"}],"twitter_card":"summary_large_image","twitter_misc":{"Dur\u00e9e de lecture estim\u00e9e":"1 minute"},"schema":{"@context":"https:\/\/schema.org","@graph":[{"@type":"WebPage","@id":"https:\/\/www.iplay.com\/fr\/games\/pixel-art\/","url":"https:\/\/www.iplay.com\/fr\/games\/pixel-art\/","name":"Pixel Art - Exprimez votre cr\u00e9ativit\u00e9 avec Paint by Numbers","isPartOf":{"@id":"https:\/\/www.iplay.com\/en\/#website"},"primaryImageOfPage":{"@id":"https:\/\/www.iplay.com\/fr\/games\/pixel-art\/#primaryimage"},"image":{"@id":"https:\/\/www.iplay.com\/fr\/games\/pixel-art\/#primaryimage"},"thumbnailUrl":"https:\/\/www.iplay.com\/wp-content\/uploads\/2018\/07\/pixel_art_large_square_tile_image.webp","datePublished":"2018-07-16T00:00:00+00:00","description":"Lib\u00e9rez l\u2019artiste qui sommeille en vous sans effort - Pas de dilemmes de couleur, d\u00e9tendez-vous et amusez-vous dans Pixel Art 7","breadcrumb":{"@id":"https:\/\/www.iplay.com\/fr\/games\/pixel-art\/#breadcrumb"},"inLanguage":"fr-FR","potentialAction":[{"@type":"ReadAction","target":["https:\/\/www.iplay.com\/fr\/games\/pixel-art\/"]}]},{"@type":"ImageObject","inLanguage":"fr-FR","@id":"https:\/\/www.iplay.com\/fr\/games\/pixel-art\/#primaryimage","url":"https:\/\/www.iplay.com\/wp-content\/uploads\/2018\/07\/pixel_art_large_square_tile_image.webp","contentUrl":"https:\/\/www.iplay.com\/wp-content\/uploads\/2018\/07\/pixel_art_large_square_tile_image.webp","width":715,"height":485},{"@type":"BreadcrumbList","@id":"https:\/\/www.iplay.com\/fr\/games\/pixel-art\/#breadcrumb","itemListElement":[{"@type":"ListItem","position":1,"name":"Home","item":"https:\/\/www.iplay.com\/fr\/home-page-2\/"},{"@type":"ListItem","position":2,"name":"Shop","item":"https:\/\/www.iplay.com\/en\/shop\/"},{"@type":"ListItem","position":3,"name":"Pixel Art"}]},{"@type":"WebSite","@id":"https:\/\/www.iplay.com\/en\/#website","url":"https:\/\/www.iplay.com\/en\/","name":"IPlay","description":"The Best Casual Games!","publisher":{"@id":"https:\/\/www.iplay.com\/en\/#organization"},"potentialAction":[{"@type":"SearchAction","target":{"@type":"EntryPoint","urlTemplate":"https:\/\/www.iplay.com\/en\/?s={search_term_string}"},"query-input":{"@type":"PropertyValueSpecification","valueRequired":true,"valueName":"search_term_string"}}],"inLanguage":"fr-FR"},{"@type":"Organization","@id":"https:\/\/www.iplay.com\/en\/#organization","name":"IPlay","url":"https:\/\/www.iplay.com\/en\/","logo":{"@type":"ImageObject","inLanguage":"fr-FR","@id":"https:\/\/www.iplay.com\/en\/#\/schema\/logo\/image\/","url":"https:\/\/www.iplay.com\/wp-content\/uploads\/2023\/11\/Group-6100.svg","contentUrl":"https:\/\/www.iplay.com\/wp-content\/uploads\/2023\/11\/Group-6100.svg","width":98,"height":25,"caption":"IPlay"},"image":{"@id":"https:\/\/www.iplay.com\/en\/#\/schema\/logo\/image\/"}}]}},"_links":{"self":[{"href":"https:\/\/www.iplay.com\/fr\/wp-json\/wp\/v2\/product\/134320","targetHints":{"allow":["GET"]}}],"collection":[{"href":"https:\/\/www.iplay.com\/fr\/wp-json\/wp\/v2\/product"}],"about":[{"href":"https:\/\/www.iplay.com\/fr\/wp-json\/wp\/v2\/types\/product"}],"author":[{"embeddable":true,"href":"https:\/\/www.iplay.com\/fr\/wp-json\/wp\/v2\/users\/21"}],"replies":[{"embeddable":true,"href":"https:\/\/www.iplay.com\/fr\/wp-json\/wp\/v2\/comments?post=134320"}],"wp:featuredmedia":[{"embeddable":true,"href":"https:\/\/www.iplay.com\/fr\/wp-json\/wp\/v2\/media\/123300"}],"wp:attachment":[{"href":"https:\/\/www.iplay.com\/fr\/wp-json\/wp\/v2\/media?parent=134320"}],"wp:term":[{"taxonomy":"product_brand","embeddable":true,"href":"https:\/\/www.iplay.com\/fr\/wp-json\/wp\/v2\/product_brand?post=134320"},{"taxonomy":"product_cat","embeddable":true,"href":"https:\/\/www.iplay.com\/fr\/wp-json\/wp\/v2\/product_cat?post=134320"},{"taxonomy":"product_tag","embeddable":true,"href":"https:\/\/www.iplay.com\/fr\/wp-json\/wp\/v2\/product_tag?post=134320"}],"curies":[{"name":"wp","href":"https:\/\/api.w.org\/{rel}","templated":true}]}}