{"id":134272,"date":"2020-03-21T00:00:00","date_gmt":"2020-03-21T00:00:00","guid":{"rendered":"https:\/\/www.iplay.com\/games\/pixel-art-17\/"},"modified":"2020-03-21T00:00:00","modified_gmt":"2020-03-21T00:00:00","slug":"pixel-art-17","status":"publish","type":"product","link":"https:\/\/www.iplay.com\/fr\/games\/pixel-art-17\/","title":{"rendered":"Pixel Art 17"},"content":{"rendered":"<p>Plongez dans le monde de la peinture insouciante, o\u00f9 la simplicit\u00e9 du processus rehausse la joie de la cr\u00e9ativit\u00e9 ! Avec Pixel Art 17, dites adieu au stress de l\u2019identification des couleurs et plongez dans un plaisir pur et pur. Choisissez parmi une vari\u00e9t\u00e9 de photos immens\u00e9ment divertissantes et, \u00e0 l\u2019aide d\u2019indices num\u00e9rot\u00e9s, regardez-les se transformer en cr\u00e9ations anim\u00e9es.  <\/p>\n<p>&nbsp;<\/p>\n<p>&nbsp;<\/p>\n<p><strong>Fonctionnalit\u00e9s:<\/strong><\/p>\n<p>&nbsp;<\/p>\n<p>S\u2019engager dans de longues heures de plaisir artistique et de d\u00e9tente<\/p>\n<p>Compl\u00e9tez votre photo de mani\u00e8re transparente avec l\u2019outil de zone de remplissage<\/p>\n<p>Explorez un \u00e9ventail captivant de plus de 100 photos d\u2019une beaut\u00e9 exquise<\/p>\n","protected":false},"excerpt":{"rendered":"<p>Adoptez la simplicit\u00e9 de la peinture &#8211; Avec Pixel Art 17, d\u00e9tendez-vous et amusez-vous &#8211; Insufflez de la vie \u00e0 l\u2019art en utilisant des guides num\u00e9rot\u00e9s<\/p>\n","protected":false},"author":21,"featured_media":83495,"comment_status":"open","ping_status":"closed","template":"","meta":{"_acf_changed":false,"inline_featured_image":false},"product_brand":[],"product_cat":[183],"product_tag":[279,287],"class_list":{"0":"post-134272","1":"product","2":"type-product","3":"status-publish","4":"has-post-thumbnail","6":"product_cat-paint-by-numbers-series-fr","7":"product_tag-pixel-art-series-fr","8":"product_tag-play-on-pc-fr","10":"first","11":"instock","12":"shipping-taxable","13":"purchasable","14":"product-type-simple"},"acf":[],"yoast_head":"<!-- This site is optimized with the Yoast SEO Premium plugin v25.2 (Yoast SEO v25.2) - https:\/\/yoast.com\/wordpress\/plugins\/seo\/ -->\n<title>Pixel Art 17 - Pixel Art 17 apporte de l\u2019excitation dans la s\u00e9rie<\/title>\n<meta name=\"description\" content=\"Adoptez la simplicit\u00e9 de la peinture - Avec Pixel Art 17, d\u00e9tendez-vous et amusez-vous - Insufflez de la vie \u00e0 l\u2019art en utilisant des guides num\u00e9rot\u00e9s\" \/>\n<meta name=\"robots\" content=\"index, follow, max-snippet:-1, max-image-preview:large, max-video-preview:-1\" \/>\n<link rel=\"canonical\" href=\"https:\/\/www.iplay.com\/fr\/games\/pixel-art-17\/\" \/>\n<meta property=\"og:locale\" content=\"fr_FR\" \/>\n<meta property=\"og:type\" content=\"article\" \/>\n<meta property=\"og:title\" content=\"Pixel Art 17\" \/>\n<meta property=\"og:description\" content=\"Adoptez la simplicit\u00e9 de la peinture - Avec Pixel Art 17, d\u00e9tendez-vous et amusez-vous - Insufflez de la vie \u00e0 l\u2019art en utilisant des guides num\u00e9rot\u00e9s\" \/>\n<meta property=\"og:url\" content=\"https:\/\/www.iplay.com\/fr\/games\/pixel-art-17\/\" \/>\n<meta property=\"og:site_name\" content=\"IPlay\" \/>\n<meta property=\"og:image\" content=\"https:\/\/www.iplay.com\/wp-content\/uploads\/2023\/12\/large_square_tile_image-2728.jpg\" \/>\n\t<meta property=\"og:image:width\" content=\"310\" \/>\n\t<meta property=\"og:image:height\" content=\"310\" \/>\n\t<meta property=\"og:image:type\" content=\"image\/jpeg\" \/>\n<meta name=\"twitter:card\" content=\"summary_large_image\" \/>\n<meta name=\"twitter:label1\" content=\"Dur\u00e9e de lecture estim\u00e9e\" \/>\n\t<meta name=\"twitter:data1\" content=\"1 minute\" \/>\n<script type=\"application\/ld+json\" class=\"yoast-schema-graph\">{\"@context\":\"https:\/\/schema.org\",\"@graph\":[{\"@type\":\"WebPage\",\"@id\":\"https:\/\/www.iplay.com\/fr\/games\/pixel-art-17\/\",\"url\":\"https:\/\/www.iplay.com\/fr\/games\/pixel-art-17\/\",\"name\":\"Pixel Art 17 - Pixel Art 17 apporte de l\u2019excitation dans la s\u00e9rie\",\"isPartOf\":{\"@id\":\"https:\/\/www.iplay.com\/en\/#website\"},\"primaryImageOfPage\":{\"@id\":\"https:\/\/www.iplay.com\/fr\/games\/pixel-art-17\/#primaryimage\"},\"image\":{\"@id\":\"https:\/\/www.iplay.com\/fr\/games\/pixel-art-17\/#primaryimage\"},\"thumbnailUrl\":\"https:\/\/www.iplay.com\/wp-content\/uploads\/2023\/12\/large_square_tile_image-2728.jpg\",\"datePublished\":\"2020-03-21T00:00:00+00:00\",\"description\":\"Adoptez la simplicit\u00e9 de la peinture - Avec Pixel Art 17, d\u00e9tendez-vous et amusez-vous - Insufflez de la vie \u00e0 l\u2019art en utilisant des guides num\u00e9rot\u00e9s\",\"breadcrumb\":{\"@id\":\"https:\/\/www.iplay.com\/fr\/games\/pixel-art-17\/#breadcrumb\"},\"inLanguage\":\"fr-FR\",\"potentialAction\":[{\"@type\":\"ReadAction\",\"target\":[\"https:\/\/www.iplay.com\/fr\/games\/pixel-art-17\/\"]}]},{\"@type\":\"ImageObject\",\"inLanguage\":\"fr-FR\",\"@id\":\"https:\/\/www.iplay.com\/fr\/games\/pixel-art-17\/#primaryimage\",\"url\":\"https:\/\/www.iplay.com\/wp-content\/uploads\/2023\/12\/large_square_tile_image-2728.jpg\",\"contentUrl\":\"https:\/\/www.iplay.com\/wp-content\/uploads\/2023\/12\/large_square_tile_image-2728.jpg\",\"width\":310,\"height\":310},{\"@type\":\"BreadcrumbList\",\"@id\":\"https:\/\/www.iplay.com\/fr\/games\/pixel-art-17\/#breadcrumb\",\"itemListElement\":[{\"@type\":\"ListItem\",\"position\":1,\"name\":\"Home\",\"item\":\"https:\/\/www.iplay.com\/fr\/home-page-2\/\"},{\"@type\":\"ListItem\",\"position\":2,\"name\":\"Shop\",\"item\":\"https:\/\/www.iplay.com\/en\/shop\/\"},{\"@type\":\"ListItem\",\"position\":3,\"name\":\"Pixel Art 17\"}]},{\"@type\":\"WebSite\",\"@id\":\"https:\/\/www.iplay.com\/en\/#website\",\"url\":\"https:\/\/www.iplay.com\/en\/\",\"name\":\"IPlay\",\"description\":\"The Best Casual Games!\",\"publisher\":{\"@id\":\"https:\/\/www.iplay.com\/en\/#organization\"},\"potentialAction\":[{\"@type\":\"SearchAction\",\"target\":{\"@type\":\"EntryPoint\",\"urlTemplate\":\"https:\/\/www.iplay.com\/en\/?s={search_term_string}\"},\"query-input\":{\"@type\":\"PropertyValueSpecification\",\"valueRequired\":true,\"valueName\":\"search_term_string\"}}],\"inLanguage\":\"fr-FR\"},{\"@type\":\"Organization\",\"@id\":\"https:\/\/www.iplay.com\/en\/#organization\",\"name\":\"IPlay\",\"url\":\"https:\/\/www.iplay.com\/en\/\",\"logo\":{\"@type\":\"ImageObject\",\"inLanguage\":\"fr-FR\",\"@id\":\"https:\/\/www.iplay.com\/en\/#\/schema\/logo\/image\/\",\"url\":\"https:\/\/www.iplay.com\/wp-content\/uploads\/2023\/11\/Group-6100.svg\",\"contentUrl\":\"https:\/\/www.iplay.com\/wp-content\/uploads\/2023\/11\/Group-6100.svg\",\"width\":98,\"height\":25,\"caption\":\"IPlay\"},\"image\":{\"@id\":\"https:\/\/www.iplay.com\/en\/#\/schema\/logo\/image\/\"}}]}<\/script>\n<!-- \/ Yoast SEO Premium plugin. -->","yoast_head_json":{"title":"Pixel Art 17 - Pixel Art 17 apporte de l\u2019excitation dans la s\u00e9rie","description":"Adoptez la simplicit\u00e9 de la peinture - Avec Pixel Art 17, d\u00e9tendez-vous et amusez-vous - Insufflez de la vie \u00e0 l\u2019art en utilisant des guides num\u00e9rot\u00e9s","robots":{"index":"index","follow":"follow","max-snippet":"max-snippet:-1","max-image-preview":"max-image-preview:large","max-video-preview":"max-video-preview:-1"},"canonical":"https:\/\/www.iplay.com\/fr\/games\/pixel-art-17\/","og_locale":"fr_FR","og_type":"article","og_title":"Pixel Art 17","og_description":"Adoptez la simplicit\u00e9 de la peinture - Avec Pixel Art 17, d\u00e9tendez-vous et amusez-vous - Insufflez de la vie \u00e0 l\u2019art en utilisant des guides num\u00e9rot\u00e9s","og_url":"https:\/\/www.iplay.com\/fr\/games\/pixel-art-17\/","og_site_name":"IPlay","og_image":[{"width":310,"height":310,"url":"https:\/\/www.iplay.com\/wp-content\/uploads\/2023\/12\/large_square_tile_image-2728.jpg","type":"image\/jpeg"}],"twitter_card":"summary_large_image","twitter_misc":{"Dur\u00e9e de lecture estim\u00e9e":"1 minute"},"schema":{"@context":"https:\/\/schema.org","@graph":[{"@type":"WebPage","@id":"https:\/\/www.iplay.com\/fr\/games\/pixel-art-17\/","url":"https:\/\/www.iplay.com\/fr\/games\/pixel-art-17\/","name":"Pixel Art 17 - Pixel Art 17 apporte de l\u2019excitation dans la s\u00e9rie","isPartOf":{"@id":"https:\/\/www.iplay.com\/en\/#website"},"primaryImageOfPage":{"@id":"https:\/\/www.iplay.com\/fr\/games\/pixel-art-17\/#primaryimage"},"image":{"@id":"https:\/\/www.iplay.com\/fr\/games\/pixel-art-17\/#primaryimage"},"thumbnailUrl":"https:\/\/www.iplay.com\/wp-content\/uploads\/2023\/12\/large_square_tile_image-2728.jpg","datePublished":"2020-03-21T00:00:00+00:00","description":"Adoptez la simplicit\u00e9 de la peinture - Avec Pixel Art 17, d\u00e9tendez-vous et amusez-vous - Insufflez de la vie \u00e0 l\u2019art en utilisant des guides num\u00e9rot\u00e9s","breadcrumb":{"@id":"https:\/\/www.iplay.com\/fr\/games\/pixel-art-17\/#breadcrumb"},"inLanguage":"fr-FR","potentialAction":[{"@type":"ReadAction","target":["https:\/\/www.iplay.com\/fr\/games\/pixel-art-17\/"]}]},{"@type":"ImageObject","inLanguage":"fr-FR","@id":"https:\/\/www.iplay.com\/fr\/games\/pixel-art-17\/#primaryimage","url":"https:\/\/www.iplay.com\/wp-content\/uploads\/2023\/12\/large_square_tile_image-2728.jpg","contentUrl":"https:\/\/www.iplay.com\/wp-content\/uploads\/2023\/12\/large_square_tile_image-2728.jpg","width":310,"height":310},{"@type":"BreadcrumbList","@id":"https:\/\/www.iplay.com\/fr\/games\/pixel-art-17\/#breadcrumb","itemListElement":[{"@type":"ListItem","position":1,"name":"Home","item":"https:\/\/www.iplay.com\/fr\/home-page-2\/"},{"@type":"ListItem","position":2,"name":"Shop","item":"https:\/\/www.iplay.com\/en\/shop\/"},{"@type":"ListItem","position":3,"name":"Pixel Art 17"}]},{"@type":"WebSite","@id":"https:\/\/www.iplay.com\/en\/#website","url":"https:\/\/www.iplay.com\/en\/","name":"IPlay","description":"The Best Casual Games!","publisher":{"@id":"https:\/\/www.iplay.com\/en\/#organization"},"potentialAction":[{"@type":"SearchAction","target":{"@type":"EntryPoint","urlTemplate":"https:\/\/www.iplay.com\/en\/?s={search_term_string}"},"query-input":{"@type":"PropertyValueSpecification","valueRequired":true,"valueName":"search_term_string"}}],"inLanguage":"fr-FR"},{"@type":"Organization","@id":"https:\/\/www.iplay.com\/en\/#organization","name":"IPlay","url":"https:\/\/www.iplay.com\/en\/","logo":{"@type":"ImageObject","inLanguage":"fr-FR","@id":"https:\/\/www.iplay.com\/en\/#\/schema\/logo\/image\/","url":"https:\/\/www.iplay.com\/wp-content\/uploads\/2023\/11\/Group-6100.svg","contentUrl":"https:\/\/www.iplay.com\/wp-content\/uploads\/2023\/11\/Group-6100.svg","width":98,"height":25,"caption":"IPlay"},"image":{"@id":"https:\/\/www.iplay.com\/en\/#\/schema\/logo\/image\/"}}]}},"_links":{"self":[{"href":"https:\/\/www.iplay.com\/fr\/wp-json\/wp\/v2\/product\/134272","targetHints":{"allow":["GET"]}}],"collection":[{"href":"https:\/\/www.iplay.com\/fr\/wp-json\/wp\/v2\/product"}],"about":[{"href":"https:\/\/www.iplay.com\/fr\/wp-json\/wp\/v2\/types\/product"}],"author":[{"embeddable":true,"href":"https:\/\/www.iplay.com\/fr\/wp-json\/wp\/v2\/users\/21"}],"replies":[{"embeddable":true,"href":"https:\/\/www.iplay.com\/fr\/wp-json\/wp\/v2\/comments?post=134272"}],"wp:featuredmedia":[{"embeddable":true,"href":"https:\/\/www.iplay.com\/fr\/wp-json\/wp\/v2\/media\/83495"}],"wp:attachment":[{"href":"https:\/\/www.iplay.com\/fr\/wp-json\/wp\/v2\/media?parent=134272"}],"wp:term":[{"taxonomy":"product_brand","embeddable":true,"href":"https:\/\/www.iplay.com\/fr\/wp-json\/wp\/v2\/product_brand?post=134272"},{"taxonomy":"product_cat","embeddable":true,"href":"https:\/\/www.iplay.com\/fr\/wp-json\/wp\/v2\/product_cat?post=134272"},{"taxonomy":"product_tag","embeddable":true,"href":"https:\/\/www.iplay.com\/fr\/wp-json\/wp\/v2\/product_tag?post=134272"}],"curies":[{"name":"wp","href":"https:\/\/api.w.org\/{rel}","templated":true}]}}