{"id":133988,"date":"2022-07-21T00:00:00","date_gmt":"2022-07-21T00:00:00","guid":{"rendered":"https:\/\/www.iplay.com\/games\/jewel-quest-the-sleepless-star-premium-edition\/"},"modified":"2022-07-21T00:00:00","modified_gmt":"2022-07-21T00:00:00","slug":"jewel-quest-the-sleepless-star-premium-edition","status":"publish","type":"product","link":"https:\/\/www.iplay.com\/fr\/games\/jewel-quest-the-sleepless-star-premium-edition\/","title":{"rendered":"Jewel Quest: The Sleepless Star Premium Edition"},"content":{"rendered":"<p><strong>Ce jeu de l\u2019\u00e9dition Premium comprend :<br \/>\n<\/strong>\u2022 3 planches de joyaux suppl\u00e9mentaires dans chaque chapitre<br \/>\n\u2022 Acc\u00e8s \u00e0 un 7<sup>e<\/sup> chapitre, compos\u00e9 de 40 planches de joyaux<br \/>\n premium\u2022 Objets<br \/>\n de collection suppl\u00e9mentaires\u2022 Qu\u00eates bonus<\/p>\n<p>&nbsp;<\/p>\n<p>Suivez les d\u00e9boires de l\u2019intr\u00e9pide explorateur, Percy Pack, dans Jewel Quest&nbsp;: The Sleepless Star. Alors qu\u2019il est \u00e0 la recherche d\u2019une pierre pr\u00e9cieuse connue sous le nom d\u2019\u00c9toile Blanche, Pack apprend qu\u2019un collectionneur de bijoux malhonn\u00eate a pris la gemme d\u2019une ville am\u00e9rindienne ! R\u00e9solvez plus de 200 \u00e9nigmes de tableau de bijoux, y compris des \u00e9nigmes d\u2019obstacles jamais vues auparavant ! Voyagez dans des lieux exotiques sur deux continents avec Percy et un magnifique Algonquin nomm\u00e9 Plume Jaune, et affrontez le p\u00e9ril \u00e0 chaque tournant dans votre qu\u00eate pour r\u00e9cup\u00e9rer le joyau ! Naviguez dans un r\u00e9cit magnifiquement rendu et enti\u00e8rement doubl\u00e9, y compris une tonne de bonus collect\u00e9s et d\u2019options de qu\u00eate qui vous feront d\u00e9couvrir tous vos jeux Jewel Quest pr\u00e9f\u00e9r\u00e9s du pass\u00e9.<\/p>\n","protected":false},"excerpt":{"rendered":"<p>Une magnifique histoire de romance, d\u2019excitation et de joyaux chapard\u00e9s !<\/p>\n","protected":false},"author":4,"featured_media":55701,"comment_status":"open","ping_status":"closed","template":"","meta":{"_acf_changed":false,"inline_featured_image":false},"product_brand":[],"product_cat":[193],"product_tag":[],"class_list":{"0":"post-133988","1":"product","2":"type-product","3":"status-publish","4":"has-post-thumbnail","6":"product_cat-puzzle-fr","8":"first","9":"instock","10":"shipping-taxable","11":"purchasable","12":"product-type-simple"},"acf":[],"yoast_head":"<!-- This site is optimized with the Yoast SEO Premium plugin v25.2 (Yoast SEO v25.2) - https:\/\/yoast.com\/wordpress\/plugins\/seo\/ -->\n<title>Jewel Quest\u00a0: The Sleepless Star Premium Edition - Une histoire \u00e9pique d\u2019amour, d\u2019aventure et de bijoux vol\u00e9s<\/title>\n<meta name=\"description\" content=\"Une magnifique histoire de romance, d\u2019excitation et de joyaux chapard\u00e9s !\" \/>\n<meta name=\"robots\" content=\"index, follow, max-snippet:-1, max-image-preview:large, max-video-preview:-1\" \/>\n<link rel=\"canonical\" href=\"https:\/\/www.iplay.com\/fr\/games\/jewel-quest-the-sleepless-star-premium-edition\/\" \/>\n<meta property=\"og:locale\" content=\"fr_FR\" \/>\n<meta property=\"og:type\" content=\"article\" \/>\n<meta property=\"og:title\" content=\"Jewel Quest: The Sleepless Star Premium Edition\" \/>\n<meta property=\"og:description\" content=\"Une magnifique histoire de romance, d\u2019excitation et de joyaux chapard\u00e9s !\" \/>\n<meta property=\"og:url\" content=\"https:\/\/www.iplay.com\/fr\/games\/jewel-quest-the-sleepless-star-premium-edition\/\" \/>\n<meta property=\"og:site_name\" content=\"IPlay\" \/>\n<meta property=\"og:image\" content=\"https:\/\/www.iplay.com\/wp-content\/uploads\/2023\/12\/large_square_tile_image-952.jpg\" \/>\n\t<meta property=\"og:image:width\" content=\"310\" \/>\n\t<meta property=\"og:image:height\" content=\"310\" \/>\n\t<meta property=\"og:image:type\" content=\"image\/jpeg\" \/>\n<meta name=\"twitter:card\" content=\"summary_large_image\" \/>\n<meta name=\"twitter:label1\" content=\"Dur\u00e9e de lecture estim\u00e9e\" \/>\n\t<meta name=\"twitter:data1\" content=\"1 minute\" \/>\n<script type=\"application\/ld+json\" class=\"yoast-schema-graph\">{\"@context\":\"https:\/\/schema.org\",\"@graph\":[{\"@type\":\"WebPage\",\"@id\":\"https:\/\/www.iplay.com\/fr\/games\/jewel-quest-the-sleepless-star-premium-edition\/\",\"url\":\"https:\/\/www.iplay.com\/fr\/games\/jewel-quest-the-sleepless-star-premium-edition\/\",\"name\":\"Jewel Quest\u00a0: The Sleepless Star Premium Edition - Une histoire \u00e9pique d\u2019amour, d\u2019aventure et de bijoux vol\u00e9s\",\"isPartOf\":{\"@id\":\"https:\/\/www.iplay.com\/en\/#website\"},\"primaryImageOfPage\":{\"@id\":\"https:\/\/www.iplay.com\/fr\/games\/jewel-quest-the-sleepless-star-premium-edition\/#primaryimage\"},\"image\":{\"@id\":\"https:\/\/www.iplay.com\/fr\/games\/jewel-quest-the-sleepless-star-premium-edition\/#primaryimage\"},\"thumbnailUrl\":\"https:\/\/www.iplay.com\/wp-content\/uploads\/2023\/12\/large_square_tile_image-952.jpg\",\"datePublished\":\"2022-07-21T00:00:00+00:00\",\"description\":\"Une magnifique histoire de romance, d\u2019excitation et de joyaux chapard\u00e9s !\",\"breadcrumb\":{\"@id\":\"https:\/\/www.iplay.com\/fr\/games\/jewel-quest-the-sleepless-star-premium-edition\/#breadcrumb\"},\"inLanguage\":\"fr-FR\",\"potentialAction\":[{\"@type\":\"ReadAction\",\"target\":[\"https:\/\/www.iplay.com\/fr\/games\/jewel-quest-the-sleepless-star-premium-edition\/\"]}]},{\"@type\":\"ImageObject\",\"inLanguage\":\"fr-FR\",\"@id\":\"https:\/\/www.iplay.com\/fr\/games\/jewel-quest-the-sleepless-star-premium-edition\/#primaryimage\",\"url\":\"https:\/\/www.iplay.com\/wp-content\/uploads\/2023\/12\/large_square_tile_image-952.jpg\",\"contentUrl\":\"https:\/\/www.iplay.com\/wp-content\/uploads\/2023\/12\/large_square_tile_image-952.jpg\",\"width\":310,\"height\":310},{\"@type\":\"BreadcrumbList\",\"@id\":\"https:\/\/www.iplay.com\/fr\/games\/jewel-quest-the-sleepless-star-premium-edition\/#breadcrumb\",\"itemListElement\":[{\"@type\":\"ListItem\",\"position\":1,\"name\":\"Home\",\"item\":\"https:\/\/www.iplay.com\/fr\/home-page-2\/\"},{\"@type\":\"ListItem\",\"position\":2,\"name\":\"Shop\",\"item\":\"https:\/\/www.iplay.com\/en\/shop\/\"},{\"@type\":\"ListItem\",\"position\":3,\"name\":\"Jewel Quest: The Sleepless Star Premium Edition\"}]},{\"@type\":\"WebSite\",\"@id\":\"https:\/\/www.iplay.com\/en\/#website\",\"url\":\"https:\/\/www.iplay.com\/en\/\",\"name\":\"IPlay\",\"description\":\"The Best Casual Games!\",\"publisher\":{\"@id\":\"https:\/\/www.iplay.com\/en\/#organization\"},\"potentialAction\":[{\"@type\":\"SearchAction\",\"target\":{\"@type\":\"EntryPoint\",\"urlTemplate\":\"https:\/\/www.iplay.com\/en\/?s={search_term_string}\"},\"query-input\":{\"@type\":\"PropertyValueSpecification\",\"valueRequired\":true,\"valueName\":\"search_term_string\"}}],\"inLanguage\":\"fr-FR\"},{\"@type\":\"Organization\",\"@id\":\"https:\/\/www.iplay.com\/en\/#organization\",\"name\":\"IPlay\",\"url\":\"https:\/\/www.iplay.com\/en\/\",\"logo\":{\"@type\":\"ImageObject\",\"inLanguage\":\"fr-FR\",\"@id\":\"https:\/\/www.iplay.com\/en\/#\/schema\/logo\/image\/\",\"url\":\"https:\/\/www.iplay.com\/wp-content\/uploads\/2023\/11\/Group-6100.svg\",\"contentUrl\":\"https:\/\/www.iplay.com\/wp-content\/uploads\/2023\/11\/Group-6100.svg\",\"width\":98,\"height\":25,\"caption\":\"IPlay\"},\"image\":{\"@id\":\"https:\/\/www.iplay.com\/en\/#\/schema\/logo\/image\/\"}}]}<\/script>\n<!-- \/ Yoast SEO Premium plugin. -->","yoast_head_json":{"title":"Jewel Quest\u00a0: The Sleepless Star Premium Edition - Une histoire \u00e9pique d\u2019amour, d\u2019aventure et de bijoux vol\u00e9s","description":"Une magnifique histoire de romance, d\u2019excitation et de joyaux chapard\u00e9s !","robots":{"index":"index","follow":"follow","max-snippet":"max-snippet:-1","max-image-preview":"max-image-preview:large","max-video-preview":"max-video-preview:-1"},"canonical":"https:\/\/www.iplay.com\/fr\/games\/jewel-quest-the-sleepless-star-premium-edition\/","og_locale":"fr_FR","og_type":"article","og_title":"Jewel Quest: The Sleepless Star Premium Edition","og_description":"Une magnifique histoire de romance, d\u2019excitation et de joyaux chapard\u00e9s !","og_url":"https:\/\/www.iplay.com\/fr\/games\/jewel-quest-the-sleepless-star-premium-edition\/","og_site_name":"IPlay","og_image":[{"width":310,"height":310,"url":"https:\/\/www.iplay.com\/wp-content\/uploads\/2023\/12\/large_square_tile_image-952.jpg","type":"image\/jpeg"}],"twitter_card":"summary_large_image","twitter_misc":{"Dur\u00e9e de lecture estim\u00e9e":"1 minute"},"schema":{"@context":"https:\/\/schema.org","@graph":[{"@type":"WebPage","@id":"https:\/\/www.iplay.com\/fr\/games\/jewel-quest-the-sleepless-star-premium-edition\/","url":"https:\/\/www.iplay.com\/fr\/games\/jewel-quest-the-sleepless-star-premium-edition\/","name":"Jewel Quest\u00a0: The Sleepless Star Premium Edition - Une histoire \u00e9pique d\u2019amour, d\u2019aventure et de bijoux vol\u00e9s","isPartOf":{"@id":"https:\/\/www.iplay.com\/en\/#website"},"primaryImageOfPage":{"@id":"https:\/\/www.iplay.com\/fr\/games\/jewel-quest-the-sleepless-star-premium-edition\/#primaryimage"},"image":{"@id":"https:\/\/www.iplay.com\/fr\/games\/jewel-quest-the-sleepless-star-premium-edition\/#primaryimage"},"thumbnailUrl":"https:\/\/www.iplay.com\/wp-content\/uploads\/2023\/12\/large_square_tile_image-952.jpg","datePublished":"2022-07-21T00:00:00+00:00","description":"Une magnifique histoire de romance, d\u2019excitation et de joyaux chapard\u00e9s !","breadcrumb":{"@id":"https:\/\/www.iplay.com\/fr\/games\/jewel-quest-the-sleepless-star-premium-edition\/#breadcrumb"},"inLanguage":"fr-FR","potentialAction":[{"@type":"ReadAction","target":["https:\/\/www.iplay.com\/fr\/games\/jewel-quest-the-sleepless-star-premium-edition\/"]}]},{"@type":"ImageObject","inLanguage":"fr-FR","@id":"https:\/\/www.iplay.com\/fr\/games\/jewel-quest-the-sleepless-star-premium-edition\/#primaryimage","url":"https:\/\/www.iplay.com\/wp-content\/uploads\/2023\/12\/large_square_tile_image-952.jpg","contentUrl":"https:\/\/www.iplay.com\/wp-content\/uploads\/2023\/12\/large_square_tile_image-952.jpg","width":310,"height":310},{"@type":"BreadcrumbList","@id":"https:\/\/www.iplay.com\/fr\/games\/jewel-quest-the-sleepless-star-premium-edition\/#breadcrumb","itemListElement":[{"@type":"ListItem","position":1,"name":"Home","item":"https:\/\/www.iplay.com\/fr\/home-page-2\/"},{"@type":"ListItem","position":2,"name":"Shop","item":"https:\/\/www.iplay.com\/en\/shop\/"},{"@type":"ListItem","position":3,"name":"Jewel Quest: The Sleepless Star Premium Edition"}]},{"@type":"WebSite","@id":"https:\/\/www.iplay.com\/en\/#website","url":"https:\/\/www.iplay.com\/en\/","name":"IPlay","description":"The Best Casual Games!","publisher":{"@id":"https:\/\/www.iplay.com\/en\/#organization"},"potentialAction":[{"@type":"SearchAction","target":{"@type":"EntryPoint","urlTemplate":"https:\/\/www.iplay.com\/en\/?s={search_term_string}"},"query-input":{"@type":"PropertyValueSpecification","valueRequired":true,"valueName":"search_term_string"}}],"inLanguage":"fr-FR"},{"@type":"Organization","@id":"https:\/\/www.iplay.com\/en\/#organization","name":"IPlay","url":"https:\/\/www.iplay.com\/en\/","logo":{"@type":"ImageObject","inLanguage":"fr-FR","@id":"https:\/\/www.iplay.com\/en\/#\/schema\/logo\/image\/","url":"https:\/\/www.iplay.com\/wp-content\/uploads\/2023\/11\/Group-6100.svg","contentUrl":"https:\/\/www.iplay.com\/wp-content\/uploads\/2023\/11\/Group-6100.svg","width":98,"height":25,"caption":"IPlay"},"image":{"@id":"https:\/\/www.iplay.com\/en\/#\/schema\/logo\/image\/"}}]}},"_links":{"self":[{"href":"https:\/\/www.iplay.com\/fr\/wp-json\/wp\/v2\/product\/133988","targetHints":{"allow":["GET"]}}],"collection":[{"href":"https:\/\/www.iplay.com\/fr\/wp-json\/wp\/v2\/product"}],"about":[{"href":"https:\/\/www.iplay.com\/fr\/wp-json\/wp\/v2\/types\/product"}],"author":[{"embeddable":true,"href":"https:\/\/www.iplay.com\/fr\/wp-json\/wp\/v2\/users\/4"}],"replies":[{"embeddable":true,"href":"https:\/\/www.iplay.com\/fr\/wp-json\/wp\/v2\/comments?post=133988"}],"wp:featuredmedia":[{"embeddable":true,"href":"https:\/\/www.iplay.com\/fr\/wp-json\/wp\/v2\/media\/55701"}],"wp:attachment":[{"href":"https:\/\/www.iplay.com\/fr\/wp-json\/wp\/v2\/media?parent=133988"}],"wp:term":[{"taxonomy":"product_brand","embeddable":true,"href":"https:\/\/www.iplay.com\/fr\/wp-json\/wp\/v2\/product_brand?post=133988"},{"taxonomy":"product_cat","embeddable":true,"href":"https:\/\/www.iplay.com\/fr\/wp-json\/wp\/v2\/product_cat?post=133988"},{"taxonomy":"product_tag","embeddable":true,"href":"https:\/\/www.iplay.com\/fr\/wp-json\/wp\/v2\/product_tag?post=133988"}],"curies":[{"name":"wp","href":"https:\/\/api.w.org\/{rel}","templated":true}]}}