{"id":133979,"date":"2022-08-07T00:00:00","date_gmt":"2022-08-07T00:00:00","guid":{"rendered":"https:\/\/www.iplay.com\/games\/golden-rails-4-worlds-fair-collectors-edition\/"},"modified":"2025-08-22T10:48:10","modified_gmt":"2025-08-22T10:48:10","slug":"golden-rails-4-worlds-fair-collectors-edition","status":"publish","type":"product","link":"https:\/\/www.iplay.com\/fr\/games\/golden-rails-4-worlds-fair-collectors-edition\/","title":{"rendered":"Golden Rails 4: World&#8217;s Fair Collector&#8217;s Edition"},"content":{"rendered":"<p>Le maire de votre ville souhaite votre aide dans la construction d\u2019une exposition universelle ! Retroussez vos manches, car vous \u00eates sur le point de faire une bonne s\u00e9ance d\u2019entra\u00eenement. R\u00e9parez les lignes rouill\u00e9es et construisez de nouvelles voies ferr\u00e9es afin que les visiteurs et les r\u00e9sidents puissent assister de premi\u00e8re main \u00e0 l\u2019\u00e9mergence de l\u2019\u00e8re \u00e9lectrique. Combattez les voleurs mal\u00e9fiques qui cherchent \u00e0 saboter vos plans. Dans le m\u00eame temps, vous devez \u00e9teindre des incendies, reconstruire des colonies d\u00e9truites, cr\u00e9er des routes commerciales terrestres et maritimes et vous pr\u00e9parer \u00e0 l\u2019ouverture de la plus grande exposition du monde ! Au fur et \u00e0 mesure que vous progressez \u00e0 travers plusieurs niveaux passionnants, continuez \u00e0 conqu\u00e9rir le Far West avec vos h\u00e9ros bien-aim\u00e9s, Jack et Jill. Au fur et \u00e0 mesure de votre progression, vous gagnerez des \u00e9toiles que vous pourrez utiliser pour acheter des am\u00e9liorations.      <\/p>\n<p>&nbsp;<\/p>\n<p>&nbsp;<\/p>\n<p><strong>  Caract\u00e9ristiques de l\u2019\u00e9dition collector :<\/strong><\/p>\n<p>&nbsp;<\/p>\n<p>&#8211; 15 niveaux bonus<\/p>\n<p>-R\u00e9alisations<\/p>\n<p>&#8211; Bandes sonores t\u00e9l\u00e9chargeables<\/p>\n<p>&#8211; De beaux fonds d\u2019\u00e9cran<\/p>\n<p>&#8211; Guide de niveau \u00e9tape par \u00e9tape<\/p>\n","protected":false},"excerpt":{"rendered":"<p>Le maire de votre ville veut votre aide dans la construction d\u2019une exposition universelle !<\/p>\n","protected":false},"author":8,"featured_media":76312,"comment_status":"open","ping_status":"closed","template":"","meta":{"_acf_changed":false,"inline_featured_image":false},"product_brand":[],"product_cat":[216],"product_tag":[258,287],"class_list":{"0":"post-133979","1":"product","2":"type-product","3":"status-publish","4":"has-post-thumbnail","6":"product_cat-time-management-fr","7":"product_tag-golden-rails-series-fr","8":"product_tag-play-on-pc-fr","10":"first","11":"instock","12":"shipping-taxable","13":"purchasable","14":"product-type-simple"},"acf":[],"yoast_head":"<!-- This site is optimized with the Yoast SEO Premium plugin v25.2 (Yoast SEO v25.2) - https:\/\/yoast.com\/wordpress\/plugins\/seo\/ -->\n<title>Golden Rails 4\u00a0: World\u2019s Fair Collector\u2019s Edition - Contribuez \u00e0 la construction d\u2019une exposition universelle<\/title>\n<meta name=\"description\" content=\"Le maire de votre ville veut votre aide dans la construction d\u2019une exposition universelle !\" \/>\n<meta name=\"robots\" content=\"index, follow, max-snippet:-1, max-image-preview:large, max-video-preview:-1\" \/>\n<link rel=\"canonical\" href=\"https:\/\/www.iplay.com\/fr\/games\/golden-rails-4-worlds-fair-collectors-edition\/\" \/>\n<meta property=\"og:locale\" content=\"fr_FR\" \/>\n<meta property=\"og:type\" content=\"article\" \/>\n<meta property=\"og:title\" content=\"Golden Rails 4: World&#039;s Fair Collector&#039;s Edition\" \/>\n<meta property=\"og:description\" content=\"Le maire de votre ville veut votre aide dans la construction d\u2019une exposition universelle !\" \/>\n<meta property=\"og:url\" content=\"https:\/\/www.iplay.com\/fr\/games\/golden-rails-4-worlds-fair-collectors-edition\/\" \/>\n<meta property=\"og:site_name\" content=\"IPlay\" \/>\n<meta property=\"article:modified_time\" content=\"2025-08-22T10:48:10+00:00\" \/>\n<meta property=\"og:image\" content=\"https:\/\/www.iplay.com\/wp-content\/uploads\/2023\/12\/large_square_tile_image-2267.jpg\" \/>\n\t<meta property=\"og:image:width\" content=\"310\" \/>\n\t<meta property=\"og:image:height\" content=\"310\" \/>\n\t<meta property=\"og:image:type\" content=\"image\/jpeg\" \/>\n<meta name=\"twitter:card\" content=\"summary_large_image\" \/>\n<meta name=\"twitter:label1\" content=\"Dur\u00e9e de lecture estim\u00e9e\" \/>\n\t<meta name=\"twitter:data1\" content=\"1 minute\" \/>\n<script type=\"application\/ld+json\" class=\"yoast-schema-graph\">{\"@context\":\"https:\/\/schema.org\",\"@graph\":[{\"@type\":\"WebPage\",\"@id\":\"https:\/\/www.iplay.com\/fr\/games\/golden-rails-4-worlds-fair-collectors-edition\/\",\"url\":\"https:\/\/www.iplay.com\/fr\/games\/golden-rails-4-worlds-fair-collectors-edition\/\",\"name\":\"Golden Rails 4\u00a0: World\u2019s Fair Collector\u2019s Edition - Contribuez \u00e0 la construction d\u2019une exposition universelle\",\"isPartOf\":{\"@id\":\"https:\/\/www.iplay.com\/en\/#website\"},\"primaryImageOfPage\":{\"@id\":\"https:\/\/www.iplay.com\/fr\/games\/golden-rails-4-worlds-fair-collectors-edition\/#primaryimage\"},\"image\":{\"@id\":\"https:\/\/www.iplay.com\/fr\/games\/golden-rails-4-worlds-fair-collectors-edition\/#primaryimage\"},\"thumbnailUrl\":\"https:\/\/www.iplay.com\/wp-content\/uploads\/2023\/12\/large_square_tile_image-2267.jpg\",\"datePublished\":\"2022-08-07T00:00:00+00:00\",\"dateModified\":\"2025-08-22T10:48:10+00:00\",\"description\":\"Le maire de votre ville veut votre aide dans la construction d\u2019une exposition universelle !\",\"breadcrumb\":{\"@id\":\"https:\/\/www.iplay.com\/fr\/games\/golden-rails-4-worlds-fair-collectors-edition\/#breadcrumb\"},\"inLanguage\":\"fr-FR\",\"potentialAction\":[{\"@type\":\"ReadAction\",\"target\":[\"https:\/\/www.iplay.com\/fr\/games\/golden-rails-4-worlds-fair-collectors-edition\/\"]}]},{\"@type\":\"ImageObject\",\"inLanguage\":\"fr-FR\",\"@id\":\"https:\/\/www.iplay.com\/fr\/games\/golden-rails-4-worlds-fair-collectors-edition\/#primaryimage\",\"url\":\"https:\/\/www.iplay.com\/wp-content\/uploads\/2023\/12\/large_square_tile_image-2267.jpg\",\"contentUrl\":\"https:\/\/www.iplay.com\/wp-content\/uploads\/2023\/12\/large_square_tile_image-2267.jpg\",\"width\":310,\"height\":310},{\"@type\":\"BreadcrumbList\",\"@id\":\"https:\/\/www.iplay.com\/fr\/games\/golden-rails-4-worlds-fair-collectors-edition\/#breadcrumb\",\"itemListElement\":[{\"@type\":\"ListItem\",\"position\":1,\"name\":\"Home\",\"item\":\"https:\/\/www.iplay.com\/fr\/home-page-2\/\"},{\"@type\":\"ListItem\",\"position\":2,\"name\":\"Shop\",\"item\":\"https:\/\/www.iplay.com\/en\/shop\/\"},{\"@type\":\"ListItem\",\"position\":3,\"name\":\"Golden Rails 4: World&#8217;s Fair Collector&#8217;s Edition\"}]},{\"@type\":\"WebSite\",\"@id\":\"https:\/\/www.iplay.com\/en\/#website\",\"url\":\"https:\/\/www.iplay.com\/en\/\",\"name\":\"IPlay\",\"description\":\"The Best Casual Games!\",\"publisher\":{\"@id\":\"https:\/\/www.iplay.com\/en\/#organization\"},\"potentialAction\":[{\"@type\":\"SearchAction\",\"target\":{\"@type\":\"EntryPoint\",\"urlTemplate\":\"https:\/\/www.iplay.com\/en\/?s={search_term_string}\"},\"query-input\":{\"@type\":\"PropertyValueSpecification\",\"valueRequired\":true,\"valueName\":\"search_term_string\"}}],\"inLanguage\":\"fr-FR\"},{\"@type\":\"Organization\",\"@id\":\"https:\/\/www.iplay.com\/en\/#organization\",\"name\":\"IPlay\",\"url\":\"https:\/\/www.iplay.com\/en\/\",\"logo\":{\"@type\":\"ImageObject\",\"inLanguage\":\"fr-FR\",\"@id\":\"https:\/\/www.iplay.com\/en\/#\/schema\/logo\/image\/\",\"url\":\"https:\/\/www.iplay.com\/wp-content\/uploads\/2023\/11\/Group-6100.svg\",\"contentUrl\":\"https:\/\/www.iplay.com\/wp-content\/uploads\/2023\/11\/Group-6100.svg\",\"width\":98,\"height\":25,\"caption\":\"IPlay\"},\"image\":{\"@id\":\"https:\/\/www.iplay.com\/en\/#\/schema\/logo\/image\/\"}}]}<\/script>\n<!-- \/ Yoast SEO Premium plugin. -->","yoast_head_json":{"title":"Golden Rails 4\u00a0: World\u2019s Fair Collector\u2019s Edition - Contribuez \u00e0 la construction d\u2019une exposition universelle","description":"Le maire de votre ville veut votre aide dans la construction d\u2019une exposition universelle !","robots":{"index":"index","follow":"follow","max-snippet":"max-snippet:-1","max-image-preview":"max-image-preview:large","max-video-preview":"max-video-preview:-1"},"canonical":"https:\/\/www.iplay.com\/fr\/games\/golden-rails-4-worlds-fair-collectors-edition\/","og_locale":"fr_FR","og_type":"article","og_title":"Golden Rails 4: World's Fair Collector's Edition","og_description":"Le maire de votre ville veut votre aide dans la construction d\u2019une exposition universelle !","og_url":"https:\/\/www.iplay.com\/fr\/games\/golden-rails-4-worlds-fair-collectors-edition\/","og_site_name":"IPlay","article_modified_time":"2025-08-22T10:48:10+00:00","og_image":[{"width":310,"height":310,"url":"https:\/\/www.iplay.com\/wp-content\/uploads\/2023\/12\/large_square_tile_image-2267.jpg","type":"image\/jpeg"}],"twitter_card":"summary_large_image","twitter_misc":{"Dur\u00e9e de lecture estim\u00e9e":"1 minute"},"schema":{"@context":"https:\/\/schema.org","@graph":[{"@type":"WebPage","@id":"https:\/\/www.iplay.com\/fr\/games\/golden-rails-4-worlds-fair-collectors-edition\/","url":"https:\/\/www.iplay.com\/fr\/games\/golden-rails-4-worlds-fair-collectors-edition\/","name":"Golden Rails 4\u00a0: World\u2019s Fair Collector\u2019s Edition - Contribuez \u00e0 la construction d\u2019une exposition universelle","isPartOf":{"@id":"https:\/\/www.iplay.com\/en\/#website"},"primaryImageOfPage":{"@id":"https:\/\/www.iplay.com\/fr\/games\/golden-rails-4-worlds-fair-collectors-edition\/#primaryimage"},"image":{"@id":"https:\/\/www.iplay.com\/fr\/games\/golden-rails-4-worlds-fair-collectors-edition\/#primaryimage"},"thumbnailUrl":"https:\/\/www.iplay.com\/wp-content\/uploads\/2023\/12\/large_square_tile_image-2267.jpg","datePublished":"2022-08-07T00:00:00+00:00","dateModified":"2025-08-22T10:48:10+00:00","description":"Le maire de votre ville veut votre aide dans la construction d\u2019une exposition universelle !","breadcrumb":{"@id":"https:\/\/www.iplay.com\/fr\/games\/golden-rails-4-worlds-fair-collectors-edition\/#breadcrumb"},"inLanguage":"fr-FR","potentialAction":[{"@type":"ReadAction","target":["https:\/\/www.iplay.com\/fr\/games\/golden-rails-4-worlds-fair-collectors-edition\/"]}]},{"@type":"ImageObject","inLanguage":"fr-FR","@id":"https:\/\/www.iplay.com\/fr\/games\/golden-rails-4-worlds-fair-collectors-edition\/#primaryimage","url":"https:\/\/www.iplay.com\/wp-content\/uploads\/2023\/12\/large_square_tile_image-2267.jpg","contentUrl":"https:\/\/www.iplay.com\/wp-content\/uploads\/2023\/12\/large_square_tile_image-2267.jpg","width":310,"height":310},{"@type":"BreadcrumbList","@id":"https:\/\/www.iplay.com\/fr\/games\/golden-rails-4-worlds-fair-collectors-edition\/#breadcrumb","itemListElement":[{"@type":"ListItem","position":1,"name":"Home","item":"https:\/\/www.iplay.com\/fr\/home-page-2\/"},{"@type":"ListItem","position":2,"name":"Shop","item":"https:\/\/www.iplay.com\/en\/shop\/"},{"@type":"ListItem","position":3,"name":"Golden Rails 4: World&#8217;s Fair Collector&#8217;s Edition"}]},{"@type":"WebSite","@id":"https:\/\/www.iplay.com\/en\/#website","url":"https:\/\/www.iplay.com\/en\/","name":"IPlay","description":"The Best Casual Games!","publisher":{"@id":"https:\/\/www.iplay.com\/en\/#organization"},"potentialAction":[{"@type":"SearchAction","target":{"@type":"EntryPoint","urlTemplate":"https:\/\/www.iplay.com\/en\/?s={search_term_string}"},"query-input":{"@type":"PropertyValueSpecification","valueRequired":true,"valueName":"search_term_string"}}],"inLanguage":"fr-FR"},{"@type":"Organization","@id":"https:\/\/www.iplay.com\/en\/#organization","name":"IPlay","url":"https:\/\/www.iplay.com\/en\/","logo":{"@type":"ImageObject","inLanguage":"fr-FR","@id":"https:\/\/www.iplay.com\/en\/#\/schema\/logo\/image\/","url":"https:\/\/www.iplay.com\/wp-content\/uploads\/2023\/11\/Group-6100.svg","contentUrl":"https:\/\/www.iplay.com\/wp-content\/uploads\/2023\/11\/Group-6100.svg","width":98,"height":25,"caption":"IPlay"},"image":{"@id":"https:\/\/www.iplay.com\/en\/#\/schema\/logo\/image\/"}}]}},"_links":{"self":[{"href":"https:\/\/www.iplay.com\/fr\/wp-json\/wp\/v2\/product\/133979","targetHints":{"allow":["GET"]}}],"collection":[{"href":"https:\/\/www.iplay.com\/fr\/wp-json\/wp\/v2\/product"}],"about":[{"href":"https:\/\/www.iplay.com\/fr\/wp-json\/wp\/v2\/types\/product"}],"author":[{"embeddable":true,"href":"https:\/\/www.iplay.com\/fr\/wp-json\/wp\/v2\/users\/8"}],"replies":[{"embeddable":true,"href":"https:\/\/www.iplay.com\/fr\/wp-json\/wp\/v2\/comments?post=133979"}],"wp:featuredmedia":[{"embeddable":true,"href":"https:\/\/www.iplay.com\/fr\/wp-json\/wp\/v2\/media\/76312"}],"wp:attachment":[{"href":"https:\/\/www.iplay.com\/fr\/wp-json\/wp\/v2\/media?parent=133979"}],"wp:term":[{"taxonomy":"product_brand","embeddable":true,"href":"https:\/\/www.iplay.com\/fr\/wp-json\/wp\/v2\/product_brand?post=133979"},{"taxonomy":"product_cat","embeddable":true,"href":"https:\/\/www.iplay.com\/fr\/wp-json\/wp\/v2\/product_cat?post=133979"},{"taxonomy":"product_tag","embeddable":true,"href":"https:\/\/www.iplay.com\/fr\/wp-json\/wp\/v2\/product_tag?post=133979"}],"curies":[{"name":"wp","href":"https:\/\/api.w.org\/{rel}","templated":true}]}}