{"id":133922,"date":"2022-07-29T00:00:00","date_gmt":"2022-07-29T00:00:00","guid":{"rendered":"https:\/\/www.iplay.com\/games\/alices-wonderland-5-a-ray-of-hope-collectors-edition\/"},"modified":"2022-07-29T00:00:00","modified_gmt":"2022-07-29T00:00:00","slug":"alices-wonderland-5-a-ray-of-hope-collectors-edition","status":"publish","type":"product","link":"https:\/\/www.iplay.com\/fr\/games\/alices-wonderland-5-a-ray-of-hope-collectors-edition\/","title":{"rendered":"Alices Wonderland 5 &#8211; A Ray of Hope Collectors Edition"},"content":{"rendered":"<p>Certains m\u00e9chants sont tout simplement plus patients que d\u2019autres. Cela, ou ils sont simplement plus craintifs et n\u2019attaqueront pas tant que la victoire n\u2019est pas assur\u00e9e. Pendant des ann\u00e9es, Jack of Tr\u00e8fle a attendu ce moment, et il est enfin arriv\u00e9. Jack of Tr\u00e8fle a pour objectif de faire avancer son arm\u00e9e de monstres d\u2019encre lors de la prochaine \u00e9clipse lorsque le Pays des Merveilles sera compl\u00e8tement sombre, et il n\u2019y a pas grand-chose que vous puissiez faire contre un ph\u00e9nom\u00e8ne astronomique de cette taille ! Alice et ses amis doivent trouver une solution au plus vite. Tout le pays des merveilles viendra \u00e0 leur aide cette fois-ci, et les reines sages dirigeront les d\u00e9fenses d\u00e8s le d\u00e9but. Meilleurs v\u0153ux, et n\u2019oubliez pas de ne jamais abandonner&nbsp;!      <\/p>\n<p>&nbsp;<\/p>\n<p>&nbsp;<\/p>\n<p><strong>  Caract\u00e9ristiques de l\u2019\u00e9dition collector :<\/strong><\/p>\n<p>&nbsp;<\/p>\n<p>-12 nouveaux niveaux d\u2019histoire&nbsp;;<\/p>\n<p>&#8211; des objets cach\u00e9s et des \u00e9nigmes suppl\u00e9mentaires ;<\/p>\n<p>&#8211; plus de t\u00e2ches et de r\u00e9alisations&nbsp;;<\/p>\n<p>&#8211; Guide de strat\u00e9gie int\u00e9gr\u00e9e.<\/p>\n","protected":false},"excerpt":{"rendered":"<p>Dans Alices Wonderland 5 &#8211; A Ray of Hope Collectors Edition, vous pouvez aider \u00e0 sauver le pays des merveilles une fois de plus !<\/p>\n","protected":false},"author":53,"featured_media":103442,"comment_status":"open","ping_status":"closed","template":"","meta":{"_acf_changed":false,"inline_featured_image":false},"product_brand":[],"product_cat":[216],"product_tag":[287],"class_list":{"0":"post-133922","1":"product","2":"type-product","3":"status-publish","4":"has-post-thumbnail","6":"product_cat-time-management-fr","7":"product_tag-play-on-pc-fr","9":"first","10":"instock","11":"shipping-taxable","12":"purchasable","13":"product-type-simple"},"acf":[],"yoast_head":"<!-- This site is optimized with the Yoast SEO Premium plugin v25.2 (Yoast SEO v25.2) - https:\/\/yoast.com\/wordpress\/plugins\/seo\/ -->\n<title>Alices Wonderland 5 - Une lueur d\u2019espoir \u00c9dition Collector - Le pays des merveilles \u00e0 nouveau sauv\u00e9 ! (Le pays des merveilles d\u2019Alice 5)<\/title>\n<meta name=\"description\" content=\"Dans Alices Wonderland 5 - A Ray of Hope Collectors Edition, vous pouvez aider \u00e0 sauver le pays des merveilles une fois de plus !\" \/>\n<meta name=\"robots\" content=\"index, follow, max-snippet:-1, max-image-preview:large, max-video-preview:-1\" \/>\n<link rel=\"canonical\" href=\"https:\/\/www.iplay.com\/fr\/games\/alices-wonderland-5-a-ray-of-hope-collectors-edition\/\" \/>\n<meta property=\"og:locale\" content=\"fr_FR\" \/>\n<meta property=\"og:type\" content=\"article\" \/>\n<meta property=\"og:title\" content=\"Alices Wonderland 5 - A Ray of Hope Collectors Edition\" \/>\n<meta property=\"og:description\" content=\"Dans Alices Wonderland 5 - A Ray of Hope Collectors Edition, vous pouvez aider \u00e0 sauver le pays des merveilles une fois de plus !\" \/>\n<meta property=\"og:url\" content=\"https:\/\/www.iplay.com\/fr\/games\/alices-wonderland-5-a-ray-of-hope-collectors-edition\/\" \/>\n<meta property=\"og:site_name\" content=\"IPlay\" \/>\n<meta property=\"og:image\" content=\"https:\/\/www.iplay.com\/wp-content\/uploads\/2023\/12\/large_square_tile_image-3979.jpg\" \/>\n\t<meta property=\"og:image:width\" content=\"310\" \/>\n\t<meta property=\"og:image:height\" content=\"310\" \/>\n\t<meta property=\"og:image:type\" content=\"image\/jpeg\" \/>\n<meta name=\"twitter:card\" content=\"summary_large_image\" \/>\n<meta name=\"twitter:label1\" content=\"Dur\u00e9e de lecture estim\u00e9e\" \/>\n\t<meta name=\"twitter:data1\" content=\"1 minute\" \/>\n<script type=\"application\/ld+json\" class=\"yoast-schema-graph\">{\"@context\":\"https:\/\/schema.org\",\"@graph\":[{\"@type\":\"WebPage\",\"@id\":\"https:\/\/www.iplay.com\/fr\/games\/alices-wonderland-5-a-ray-of-hope-collectors-edition\/\",\"url\":\"https:\/\/www.iplay.com\/fr\/games\/alices-wonderland-5-a-ray-of-hope-collectors-edition\/\",\"name\":\"Alices Wonderland 5 - Une lueur d\u2019espoir \u00c9dition Collector - Le pays des merveilles \u00e0 nouveau sauv\u00e9 ! (Le pays des merveilles d\u2019Alice 5)\",\"isPartOf\":{\"@id\":\"https:\/\/www.iplay.com\/en\/#website\"},\"primaryImageOfPage\":{\"@id\":\"https:\/\/www.iplay.com\/fr\/games\/alices-wonderland-5-a-ray-of-hope-collectors-edition\/#primaryimage\"},\"image\":{\"@id\":\"https:\/\/www.iplay.com\/fr\/games\/alices-wonderland-5-a-ray-of-hope-collectors-edition\/#primaryimage\"},\"thumbnailUrl\":\"https:\/\/www.iplay.com\/wp-content\/uploads\/2023\/12\/large_square_tile_image-3979.jpg\",\"datePublished\":\"2022-07-29T00:00:00+00:00\",\"description\":\"Dans Alices Wonderland 5 - A Ray of Hope Collectors Edition, vous pouvez aider \u00e0 sauver le pays des merveilles une fois de plus !\",\"breadcrumb\":{\"@id\":\"https:\/\/www.iplay.com\/fr\/games\/alices-wonderland-5-a-ray-of-hope-collectors-edition\/#breadcrumb\"},\"inLanguage\":\"fr-FR\",\"potentialAction\":[{\"@type\":\"ReadAction\",\"target\":[\"https:\/\/www.iplay.com\/fr\/games\/alices-wonderland-5-a-ray-of-hope-collectors-edition\/\"]}]},{\"@type\":\"ImageObject\",\"inLanguage\":\"fr-FR\",\"@id\":\"https:\/\/www.iplay.com\/fr\/games\/alices-wonderland-5-a-ray-of-hope-collectors-edition\/#primaryimage\",\"url\":\"https:\/\/www.iplay.com\/wp-content\/uploads\/2023\/12\/large_square_tile_image-3979.jpg\",\"contentUrl\":\"https:\/\/www.iplay.com\/wp-content\/uploads\/2023\/12\/large_square_tile_image-3979.jpg\",\"width\":310,\"height\":310},{\"@type\":\"BreadcrumbList\",\"@id\":\"https:\/\/www.iplay.com\/fr\/games\/alices-wonderland-5-a-ray-of-hope-collectors-edition\/#breadcrumb\",\"itemListElement\":[{\"@type\":\"ListItem\",\"position\":1,\"name\":\"Home\",\"item\":\"https:\/\/www.iplay.com\/fr\/home-page-2\/\"},{\"@type\":\"ListItem\",\"position\":2,\"name\":\"Shop\",\"item\":\"https:\/\/www.iplay.com\/en\/shop\/\"},{\"@type\":\"ListItem\",\"position\":3,\"name\":\"Alices Wonderland 5 &#8211; A Ray of Hope Collectors Edition\"}]},{\"@type\":\"WebSite\",\"@id\":\"https:\/\/www.iplay.com\/en\/#website\",\"url\":\"https:\/\/www.iplay.com\/en\/\",\"name\":\"IPlay\",\"description\":\"The Best Casual Games!\",\"publisher\":{\"@id\":\"https:\/\/www.iplay.com\/en\/#organization\"},\"potentialAction\":[{\"@type\":\"SearchAction\",\"target\":{\"@type\":\"EntryPoint\",\"urlTemplate\":\"https:\/\/www.iplay.com\/en\/?s={search_term_string}\"},\"query-input\":{\"@type\":\"PropertyValueSpecification\",\"valueRequired\":true,\"valueName\":\"search_term_string\"}}],\"inLanguage\":\"fr-FR\"},{\"@type\":\"Organization\",\"@id\":\"https:\/\/www.iplay.com\/en\/#organization\",\"name\":\"IPlay\",\"url\":\"https:\/\/www.iplay.com\/en\/\",\"logo\":{\"@type\":\"ImageObject\",\"inLanguage\":\"fr-FR\",\"@id\":\"https:\/\/www.iplay.com\/en\/#\/schema\/logo\/image\/\",\"url\":\"https:\/\/www.iplay.com\/wp-content\/uploads\/2023\/11\/Group-6100.svg\",\"contentUrl\":\"https:\/\/www.iplay.com\/wp-content\/uploads\/2023\/11\/Group-6100.svg\",\"width\":98,\"height\":25,\"caption\":\"IPlay\"},\"image\":{\"@id\":\"https:\/\/www.iplay.com\/en\/#\/schema\/logo\/image\/\"}}]}<\/script>\n<!-- \/ Yoast SEO Premium plugin. -->","yoast_head_json":{"title":"Alices Wonderland 5 - Une lueur d\u2019espoir \u00c9dition Collector - Le pays des merveilles \u00e0 nouveau sauv\u00e9 ! (Le pays des merveilles d\u2019Alice 5)","description":"Dans Alices Wonderland 5 - A Ray of Hope Collectors Edition, vous pouvez aider \u00e0 sauver le pays des merveilles une fois de plus !","robots":{"index":"index","follow":"follow","max-snippet":"max-snippet:-1","max-image-preview":"max-image-preview:large","max-video-preview":"max-video-preview:-1"},"canonical":"https:\/\/www.iplay.com\/fr\/games\/alices-wonderland-5-a-ray-of-hope-collectors-edition\/","og_locale":"fr_FR","og_type":"article","og_title":"Alices Wonderland 5 - A Ray of Hope Collectors Edition","og_description":"Dans Alices Wonderland 5 - A Ray of Hope Collectors Edition, vous pouvez aider \u00e0 sauver le pays des merveilles une fois de plus !","og_url":"https:\/\/www.iplay.com\/fr\/games\/alices-wonderland-5-a-ray-of-hope-collectors-edition\/","og_site_name":"IPlay","og_image":[{"width":310,"height":310,"url":"https:\/\/www.iplay.com\/wp-content\/uploads\/2023\/12\/large_square_tile_image-3979.jpg","type":"image\/jpeg"}],"twitter_card":"summary_large_image","twitter_misc":{"Dur\u00e9e de lecture estim\u00e9e":"1 minute"},"schema":{"@context":"https:\/\/schema.org","@graph":[{"@type":"WebPage","@id":"https:\/\/www.iplay.com\/fr\/games\/alices-wonderland-5-a-ray-of-hope-collectors-edition\/","url":"https:\/\/www.iplay.com\/fr\/games\/alices-wonderland-5-a-ray-of-hope-collectors-edition\/","name":"Alices Wonderland 5 - Une lueur d\u2019espoir \u00c9dition Collector - Le pays des merveilles \u00e0 nouveau sauv\u00e9 ! (Le pays des merveilles d\u2019Alice 5)","isPartOf":{"@id":"https:\/\/www.iplay.com\/en\/#website"},"primaryImageOfPage":{"@id":"https:\/\/www.iplay.com\/fr\/games\/alices-wonderland-5-a-ray-of-hope-collectors-edition\/#primaryimage"},"image":{"@id":"https:\/\/www.iplay.com\/fr\/games\/alices-wonderland-5-a-ray-of-hope-collectors-edition\/#primaryimage"},"thumbnailUrl":"https:\/\/www.iplay.com\/wp-content\/uploads\/2023\/12\/large_square_tile_image-3979.jpg","datePublished":"2022-07-29T00:00:00+00:00","description":"Dans Alices Wonderland 5 - A Ray of Hope Collectors Edition, vous pouvez aider \u00e0 sauver le pays des merveilles une fois de plus !","breadcrumb":{"@id":"https:\/\/www.iplay.com\/fr\/games\/alices-wonderland-5-a-ray-of-hope-collectors-edition\/#breadcrumb"},"inLanguage":"fr-FR","potentialAction":[{"@type":"ReadAction","target":["https:\/\/www.iplay.com\/fr\/games\/alices-wonderland-5-a-ray-of-hope-collectors-edition\/"]}]},{"@type":"ImageObject","inLanguage":"fr-FR","@id":"https:\/\/www.iplay.com\/fr\/games\/alices-wonderland-5-a-ray-of-hope-collectors-edition\/#primaryimage","url":"https:\/\/www.iplay.com\/wp-content\/uploads\/2023\/12\/large_square_tile_image-3979.jpg","contentUrl":"https:\/\/www.iplay.com\/wp-content\/uploads\/2023\/12\/large_square_tile_image-3979.jpg","width":310,"height":310},{"@type":"BreadcrumbList","@id":"https:\/\/www.iplay.com\/fr\/games\/alices-wonderland-5-a-ray-of-hope-collectors-edition\/#breadcrumb","itemListElement":[{"@type":"ListItem","position":1,"name":"Home","item":"https:\/\/www.iplay.com\/fr\/home-page-2\/"},{"@type":"ListItem","position":2,"name":"Shop","item":"https:\/\/www.iplay.com\/en\/shop\/"},{"@type":"ListItem","position":3,"name":"Alices Wonderland 5 &#8211; A Ray of Hope Collectors Edition"}]},{"@type":"WebSite","@id":"https:\/\/www.iplay.com\/en\/#website","url":"https:\/\/www.iplay.com\/en\/","name":"IPlay","description":"The Best Casual Games!","publisher":{"@id":"https:\/\/www.iplay.com\/en\/#organization"},"potentialAction":[{"@type":"SearchAction","target":{"@type":"EntryPoint","urlTemplate":"https:\/\/www.iplay.com\/en\/?s={search_term_string}"},"query-input":{"@type":"PropertyValueSpecification","valueRequired":true,"valueName":"search_term_string"}}],"inLanguage":"fr-FR"},{"@type":"Organization","@id":"https:\/\/www.iplay.com\/en\/#organization","name":"IPlay","url":"https:\/\/www.iplay.com\/en\/","logo":{"@type":"ImageObject","inLanguage":"fr-FR","@id":"https:\/\/www.iplay.com\/en\/#\/schema\/logo\/image\/","url":"https:\/\/www.iplay.com\/wp-content\/uploads\/2023\/11\/Group-6100.svg","contentUrl":"https:\/\/www.iplay.com\/wp-content\/uploads\/2023\/11\/Group-6100.svg","width":98,"height":25,"caption":"IPlay"},"image":{"@id":"https:\/\/www.iplay.com\/en\/#\/schema\/logo\/image\/"}}]}},"_links":{"self":[{"href":"https:\/\/www.iplay.com\/fr\/wp-json\/wp\/v2\/product\/133922","targetHints":{"allow":["GET"]}}],"collection":[{"href":"https:\/\/www.iplay.com\/fr\/wp-json\/wp\/v2\/product"}],"about":[{"href":"https:\/\/www.iplay.com\/fr\/wp-json\/wp\/v2\/types\/product"}],"author":[{"embeddable":true,"href":"https:\/\/www.iplay.com\/fr\/wp-json\/wp\/v2\/users\/53"}],"replies":[{"embeddable":true,"href":"https:\/\/www.iplay.com\/fr\/wp-json\/wp\/v2\/comments?post=133922"}],"wp:featuredmedia":[{"embeddable":true,"href":"https:\/\/www.iplay.com\/fr\/wp-json\/wp\/v2\/media\/103442"}],"wp:attachment":[{"href":"https:\/\/www.iplay.com\/fr\/wp-json\/wp\/v2\/media?parent=133922"}],"wp:term":[{"taxonomy":"product_brand","embeddable":true,"href":"https:\/\/www.iplay.com\/fr\/wp-json\/wp\/v2\/product_brand?post=133922"},{"taxonomy":"product_cat","embeddable":true,"href":"https:\/\/www.iplay.com\/fr\/wp-json\/wp\/v2\/product_cat?post=133922"},{"taxonomy":"product_tag","embeddable":true,"href":"https:\/\/www.iplay.com\/fr\/wp-json\/wp\/v2\/product_tag?post=133922"}],"curies":[{"name":"wp","href":"https:\/\/api.w.org\/{rel}","templated":true}]}}