{"id":133885,"date":"2022-08-09T00:00:00","date_gmt":"2022-08-09T00:00:00","guid":{"rendered":"https:\/\/www.iplay.com\/games\/jojos-fashion-show\/"},"modified":"2022-08-09T00:00:00","modified_gmt":"2022-08-09T00:00:00","slug":"jojos-fashion-show","status":"publish","type":"product","link":"https:\/\/www.iplay.com\/fr\/games\/jojos-fashion-show\/","title":{"rendered":"Jojo&#8217;s Fashion Show"},"content":{"rendered":"<p>Jojo Cruz, un cr\u00e9ateur de mode en vogue, a brusquement disparu des podiums apr\u00e8s une ascension fulgurante. Elle s\u2019est retir\u00e9e des projecteurs pour \u00e9lever sa fille et g\u00e9rer son propre petit magasin. Simultan\u00e9ment, son ancien assistant, le f\u00e9roce Claudio Maximiro, a acc\u00e9d\u00e9 \u00e0 la notori\u00e9t\u00e9 internationale. Vingt ans plus tard, Rosalind, la fille de Jojo, a persuad\u00e9 sa m\u00e8re de revenir. Jojo est impatiente de prouver \u00e0 l\u2019industrie de la mode qu\u2019elle a toujours du style, surtout avec Rosalind comme nouvelle assistante. Poss\u00e8de-t-elle toujours le sens de la coordination sans faille qui l\u2019a fait conna\u00eetre comme la Ma\u00eetresse du Mix ? Alors que Jojo organise des pr\u00e9sentations de mode incroyables de New York \u00e0 Paris en passant par Milan, vous pouvez l\u2019aider \u00e0 revenir sur les podiums. Cr\u00e9ez des ensembles \u00e0 la mode en utilisant des hauts chics, des robes sophistiqu\u00e9es et des talons saisissants pour afficher votre sens du style sur les podiums du monde entier. De plus, gardez \u00e0 l\u2019esprit que l\u2019article parfait peut faire l\u2019ensemble du look !<\/p>\n","protected":false},"excerpt":{"rendered":"<p>Jojo Cruz, un cr\u00e9ateur de mode en vogue, a brusquement disparu des podiums apr\u00e8s une ascension fulgurante.<\/p>\n","protected":false},"author":4,"featured_media":45077,"comment_status":"open","ping_status":"closed","template":"","meta":{"_acf_changed":false,"inline_featured_image":false},"product_brand":[],"product_cat":[216],"product_tag":[287],"class_list":{"0":"post-133885","1":"product","2":"type-product","3":"status-publish","4":"has-post-thumbnail","6":"product_cat-time-management-fr","7":"product_tag-play-on-pc-fr","9":"first","10":"instock","11":"shipping-taxable","12":"purchasable","13":"product-type-simple"},"acf":[],"yoast_head":"<!-- This site is optimized with the Yoast SEO Premium plugin v25.2 (Yoast SEO v25.2) - https:\/\/yoast.com\/wordpress\/plugins\/seo\/ -->\n<title>Jojo\u2019s Fashion Show - Affichez votre style sur le podium glamour<\/title>\n<meta name=\"description\" content=\"Jojo Cruz, un cr\u00e9ateur de mode en vogue, a brusquement disparu des podiums apr\u00e8s une ascension fulgurante.\" \/>\n<meta name=\"robots\" content=\"index, follow, max-snippet:-1, max-image-preview:large, max-video-preview:-1\" \/>\n<link rel=\"canonical\" href=\"https:\/\/www.iplay.com\/fr\/games\/jojos-fashion-show\/\" \/>\n<meta property=\"og:locale\" content=\"fr_FR\" \/>\n<meta property=\"og:type\" content=\"article\" \/>\n<meta property=\"og:title\" content=\"Jojo&#039;s Fashion Show\" \/>\n<meta property=\"og:description\" content=\"Jojo Cruz, un cr\u00e9ateur de mode en vogue, a brusquement disparu des podiums apr\u00e8s une ascension fulgurante.\" \/>\n<meta property=\"og:url\" content=\"https:\/\/www.iplay.com\/fr\/games\/jojos-fashion-show\/\" \/>\n<meta property=\"og:site_name\" content=\"IPlay\" \/>\n<meta property=\"og:image\" content=\"https:\/\/www.iplay.com\/wp-content\/uploads\/2023\/12\/large_square_tile_image-259.jpg\" \/>\n\t<meta property=\"og:image:width\" content=\"310\" \/>\n\t<meta property=\"og:image:height\" content=\"310\" \/>\n\t<meta property=\"og:image:type\" content=\"image\/jpeg\" \/>\n<meta name=\"twitter:card\" content=\"summary_large_image\" \/>\n<meta name=\"twitter:label1\" content=\"Dur\u00e9e de lecture estim\u00e9e\" \/>\n\t<meta name=\"twitter:data1\" content=\"1 minute\" \/>\n<script type=\"application\/ld+json\" class=\"yoast-schema-graph\">{\"@context\":\"https:\/\/schema.org\",\"@graph\":[{\"@type\":\"WebPage\",\"@id\":\"https:\/\/www.iplay.com\/fr\/games\/jojos-fashion-show\/\",\"url\":\"https:\/\/www.iplay.com\/fr\/games\/jojos-fashion-show\/\",\"name\":\"Jojo\u2019s Fashion Show - Affichez votre style sur le podium glamour\",\"isPartOf\":{\"@id\":\"https:\/\/www.iplay.com\/en\/#website\"},\"primaryImageOfPage\":{\"@id\":\"https:\/\/www.iplay.com\/fr\/games\/jojos-fashion-show\/#primaryimage\"},\"image\":{\"@id\":\"https:\/\/www.iplay.com\/fr\/games\/jojos-fashion-show\/#primaryimage\"},\"thumbnailUrl\":\"https:\/\/www.iplay.com\/wp-content\/uploads\/2023\/12\/large_square_tile_image-259.jpg\",\"datePublished\":\"2022-08-09T00:00:00+00:00\",\"description\":\"Jojo Cruz, un cr\u00e9ateur de mode en vogue, a brusquement disparu des podiums apr\u00e8s une ascension fulgurante.\",\"breadcrumb\":{\"@id\":\"https:\/\/www.iplay.com\/fr\/games\/jojos-fashion-show\/#breadcrumb\"},\"inLanguage\":\"fr-FR\",\"potentialAction\":[{\"@type\":\"ReadAction\",\"target\":[\"https:\/\/www.iplay.com\/fr\/games\/jojos-fashion-show\/\"]}]},{\"@type\":\"ImageObject\",\"inLanguage\":\"fr-FR\",\"@id\":\"https:\/\/www.iplay.com\/fr\/games\/jojos-fashion-show\/#primaryimage\",\"url\":\"https:\/\/www.iplay.com\/wp-content\/uploads\/2023\/12\/large_square_tile_image-259.jpg\",\"contentUrl\":\"https:\/\/www.iplay.com\/wp-content\/uploads\/2023\/12\/large_square_tile_image-259.jpg\",\"width\":310,\"height\":310},{\"@type\":\"BreadcrumbList\",\"@id\":\"https:\/\/www.iplay.com\/fr\/games\/jojos-fashion-show\/#breadcrumb\",\"itemListElement\":[{\"@type\":\"ListItem\",\"position\":1,\"name\":\"Home\",\"item\":\"https:\/\/www.iplay.com\/fr\/home-page-2\/\"},{\"@type\":\"ListItem\",\"position\":2,\"name\":\"Shop\",\"item\":\"https:\/\/www.iplay.com\/en\/shop\/\"},{\"@type\":\"ListItem\",\"position\":3,\"name\":\"Jojo&#8217;s Fashion Show\"}]},{\"@type\":\"WebSite\",\"@id\":\"https:\/\/www.iplay.com\/en\/#website\",\"url\":\"https:\/\/www.iplay.com\/en\/\",\"name\":\"IPlay\",\"description\":\"The Best Casual Games!\",\"publisher\":{\"@id\":\"https:\/\/www.iplay.com\/en\/#organization\"},\"potentialAction\":[{\"@type\":\"SearchAction\",\"target\":{\"@type\":\"EntryPoint\",\"urlTemplate\":\"https:\/\/www.iplay.com\/en\/?s={search_term_string}\"},\"query-input\":{\"@type\":\"PropertyValueSpecification\",\"valueRequired\":true,\"valueName\":\"search_term_string\"}}],\"inLanguage\":\"fr-FR\"},{\"@type\":\"Organization\",\"@id\":\"https:\/\/www.iplay.com\/en\/#organization\",\"name\":\"IPlay\",\"url\":\"https:\/\/www.iplay.com\/en\/\",\"logo\":{\"@type\":\"ImageObject\",\"inLanguage\":\"fr-FR\",\"@id\":\"https:\/\/www.iplay.com\/en\/#\/schema\/logo\/image\/\",\"url\":\"https:\/\/www.iplay.com\/wp-content\/uploads\/2023\/11\/Group-6100.svg\",\"contentUrl\":\"https:\/\/www.iplay.com\/wp-content\/uploads\/2023\/11\/Group-6100.svg\",\"width\":98,\"height\":25,\"caption\":\"IPlay\"},\"image\":{\"@id\":\"https:\/\/www.iplay.com\/en\/#\/schema\/logo\/image\/\"}}]}<\/script>\n<!-- \/ Yoast SEO Premium plugin. -->","yoast_head_json":{"title":"Jojo\u2019s Fashion Show - Affichez votre style sur le podium glamour","description":"Jojo Cruz, un cr\u00e9ateur de mode en vogue, a brusquement disparu des podiums apr\u00e8s une ascension fulgurante.","robots":{"index":"index","follow":"follow","max-snippet":"max-snippet:-1","max-image-preview":"max-image-preview:large","max-video-preview":"max-video-preview:-1"},"canonical":"https:\/\/www.iplay.com\/fr\/games\/jojos-fashion-show\/","og_locale":"fr_FR","og_type":"article","og_title":"Jojo's Fashion Show","og_description":"Jojo Cruz, un cr\u00e9ateur de mode en vogue, a brusquement disparu des podiums apr\u00e8s une ascension fulgurante.","og_url":"https:\/\/www.iplay.com\/fr\/games\/jojos-fashion-show\/","og_site_name":"IPlay","og_image":[{"width":310,"height":310,"url":"https:\/\/www.iplay.com\/wp-content\/uploads\/2023\/12\/large_square_tile_image-259.jpg","type":"image\/jpeg"}],"twitter_card":"summary_large_image","twitter_misc":{"Dur\u00e9e de lecture estim\u00e9e":"1 minute"},"schema":{"@context":"https:\/\/schema.org","@graph":[{"@type":"WebPage","@id":"https:\/\/www.iplay.com\/fr\/games\/jojos-fashion-show\/","url":"https:\/\/www.iplay.com\/fr\/games\/jojos-fashion-show\/","name":"Jojo\u2019s Fashion Show - Affichez votre style sur le podium glamour","isPartOf":{"@id":"https:\/\/www.iplay.com\/en\/#website"},"primaryImageOfPage":{"@id":"https:\/\/www.iplay.com\/fr\/games\/jojos-fashion-show\/#primaryimage"},"image":{"@id":"https:\/\/www.iplay.com\/fr\/games\/jojos-fashion-show\/#primaryimage"},"thumbnailUrl":"https:\/\/www.iplay.com\/wp-content\/uploads\/2023\/12\/large_square_tile_image-259.jpg","datePublished":"2022-08-09T00:00:00+00:00","description":"Jojo Cruz, un cr\u00e9ateur de mode en vogue, a brusquement disparu des podiums apr\u00e8s une ascension fulgurante.","breadcrumb":{"@id":"https:\/\/www.iplay.com\/fr\/games\/jojos-fashion-show\/#breadcrumb"},"inLanguage":"fr-FR","potentialAction":[{"@type":"ReadAction","target":["https:\/\/www.iplay.com\/fr\/games\/jojos-fashion-show\/"]}]},{"@type":"ImageObject","inLanguage":"fr-FR","@id":"https:\/\/www.iplay.com\/fr\/games\/jojos-fashion-show\/#primaryimage","url":"https:\/\/www.iplay.com\/wp-content\/uploads\/2023\/12\/large_square_tile_image-259.jpg","contentUrl":"https:\/\/www.iplay.com\/wp-content\/uploads\/2023\/12\/large_square_tile_image-259.jpg","width":310,"height":310},{"@type":"BreadcrumbList","@id":"https:\/\/www.iplay.com\/fr\/games\/jojos-fashion-show\/#breadcrumb","itemListElement":[{"@type":"ListItem","position":1,"name":"Home","item":"https:\/\/www.iplay.com\/fr\/home-page-2\/"},{"@type":"ListItem","position":2,"name":"Shop","item":"https:\/\/www.iplay.com\/en\/shop\/"},{"@type":"ListItem","position":3,"name":"Jojo&#8217;s Fashion Show"}]},{"@type":"WebSite","@id":"https:\/\/www.iplay.com\/en\/#website","url":"https:\/\/www.iplay.com\/en\/","name":"IPlay","description":"The Best Casual Games!","publisher":{"@id":"https:\/\/www.iplay.com\/en\/#organization"},"potentialAction":[{"@type":"SearchAction","target":{"@type":"EntryPoint","urlTemplate":"https:\/\/www.iplay.com\/en\/?s={search_term_string}"},"query-input":{"@type":"PropertyValueSpecification","valueRequired":true,"valueName":"search_term_string"}}],"inLanguage":"fr-FR"},{"@type":"Organization","@id":"https:\/\/www.iplay.com\/en\/#organization","name":"IPlay","url":"https:\/\/www.iplay.com\/en\/","logo":{"@type":"ImageObject","inLanguage":"fr-FR","@id":"https:\/\/www.iplay.com\/en\/#\/schema\/logo\/image\/","url":"https:\/\/www.iplay.com\/wp-content\/uploads\/2023\/11\/Group-6100.svg","contentUrl":"https:\/\/www.iplay.com\/wp-content\/uploads\/2023\/11\/Group-6100.svg","width":98,"height":25,"caption":"IPlay"},"image":{"@id":"https:\/\/www.iplay.com\/en\/#\/schema\/logo\/image\/"}}]}},"_links":{"self":[{"href":"https:\/\/www.iplay.com\/fr\/wp-json\/wp\/v2\/product\/133885","targetHints":{"allow":["GET"]}}],"collection":[{"href":"https:\/\/www.iplay.com\/fr\/wp-json\/wp\/v2\/product"}],"about":[{"href":"https:\/\/www.iplay.com\/fr\/wp-json\/wp\/v2\/types\/product"}],"author":[{"embeddable":true,"href":"https:\/\/www.iplay.com\/fr\/wp-json\/wp\/v2\/users\/4"}],"replies":[{"embeddable":true,"href":"https:\/\/www.iplay.com\/fr\/wp-json\/wp\/v2\/comments?post=133885"}],"wp:featuredmedia":[{"embeddable":true,"href":"https:\/\/www.iplay.com\/fr\/wp-json\/wp\/v2\/media\/45077"}],"wp:attachment":[{"href":"https:\/\/www.iplay.com\/fr\/wp-json\/wp\/v2\/media?parent=133885"}],"wp:term":[{"taxonomy":"product_brand","embeddable":true,"href":"https:\/\/www.iplay.com\/fr\/wp-json\/wp\/v2\/product_brand?post=133885"},{"taxonomy":"product_cat","embeddable":true,"href":"https:\/\/www.iplay.com\/fr\/wp-json\/wp\/v2\/product_cat?post=133885"},{"taxonomy":"product_tag","embeddable":true,"href":"https:\/\/www.iplay.com\/fr\/wp-json\/wp\/v2\/product_tag?post=133885"}],"curies":[{"name":"wp","href":"https:\/\/api.w.org\/{rel}","templated":true}]}}