{"id":133864,"date":"2022-08-22T00:00:00","date_gmt":"2022-08-22T00:00:00","guid":{"rendered":"https:\/\/www.iplay.com\/games\/mystery-solitaire-dreamcatcher-2\/"},"modified":"2022-08-22T00:00:00","modified_gmt":"2022-08-22T00:00:00","slug":"mystery-solitaire-dreamcatcher-2","status":"publish","type":"product","link":"https:\/\/www.iplay.com\/fr\/games\/mystery-solitaire-dreamcatcher-2\/","title":{"rendered":"Mystery Solitaire Dreamcatcher 2"},"content":{"rendered":"<p>Une fille s\u2019est aventur\u00e9e dans le domaine des r\u00eaves et des visions afin de d\u00e9couvrir les myst\u00e8res ! Cependant, le domaine des r\u00eaves n\u2019est pas aussi simple qu\u2019elle l\u2019avait imagin\u00e9 : il s\u2019agit d\u2019un espace p\u00e9rilleux et infini ! Vous risquez d\u2019y \u00eatre pi\u00e9g\u00e9 pour toujours si vous ne vous r\u00e9veillez pas \u00e0 temps. Visitez des lieux \u00e0 couper le souffle, prot\u00e9gez la fille endormie des mauvais esprits et d\u00e9couvrez tous les myst\u00e8res du monde des r\u00eaves ! Vous allez vous lancer dans un voyage incroyable avec de nombreux designs de cartes compliqu\u00e9s ! Vous y parviendrez, mais cela demandera un peu de travail !     <\/p>\n<p>&nbsp;<\/p>\n<p>&nbsp;<\/p>\n<p><strong>Fonctionnalit\u00e9s:<\/strong><\/p>\n<p>&nbsp;<\/p>\n<p>&#8211; D\u00e9montrez-vous en faisant de votre mieux pour terminer chaque niveau ! Jouez au jeu de cartes solitaire et construisez des cha\u00eenes de cartes ! L\u2019excitation abonde \u00e0 chaque seconde gr\u00e2ce \u00e0 ces niveaux ! Avec ses visuels vivants et sa musique de pirate captivante, ce solitaire est un gagnant ! Les jokers vous permettent de vous d\u00e9fausser des cartes plus rapidement tout en augmentant le multiplicateur de combinaison pour maximiser vos gains de pi\u00e8ces !<br \/>\n&#8211; Des t\u00e2ches sp\u00e9ciales et plus de 15 r\u00e9compenses color\u00e9es pour les joueurs audacieux ! Laissez le plaisir prendre le dessus !<\/p>\n","protected":false},"excerpt":{"rendered":"<p>Pouvez-vous aider une fille \u00e0 \u00e9chapper \u00e0 son monde de r\u00eave et de vision&nbsp;? Solitaire Unknown\u2019s Dreamcatcher 2 <\/p>\n","protected":false},"author":13,"featured_media":76216,"comment_status":"open","ping_status":"closed","template":"","meta":{"_acf_changed":false,"inline_featured_image":false},"product_brand":[],"product_cat":[155,207],"product_tag":[287],"class_list":{"0":"post-133864","1":"product","2":"type-product","3":"status-publish","4":"has-post-thumbnail","6":"product_cat-card-fr-2","7":"product_cat-solitaire-fr","8":"product_tag-play-on-pc-fr","10":"first","11":"instock","12":"shipping-taxable","13":"purchasable","14":"product-type-simple"},"acf":[],"yoast_head":"<!-- This site is optimized with the Yoast SEO Premium plugin v25.2 (Yoast SEO v25.2) - https:\/\/yoast.com\/wordpress\/plugins\/seo\/ -->\n<title>Mystery Solitaire Dreamcatcher 2 - Aidez une fille \u00e0 \u00e9chapper au monde des r\u00eaves et des visions<\/title>\n<meta name=\"description\" content=\"Pouvez-vous aider une fille \u00e0 \u00e9chapper \u00e0 son monde de r\u00eave et de vision&nbsp;? Solitaire Unknown\u2019s Dreamcatcher 2\" \/>\n<meta name=\"robots\" content=\"index, follow, max-snippet:-1, max-image-preview:large, max-video-preview:-1\" \/>\n<link rel=\"canonical\" href=\"https:\/\/www.iplay.com\/fr\/games\/mystery-solitaire-dreamcatcher-2\/\" \/>\n<meta property=\"og:locale\" content=\"fr_FR\" \/>\n<meta property=\"og:type\" content=\"article\" \/>\n<meta property=\"og:title\" content=\"Mystery Solitaire Dreamcatcher 2\" \/>\n<meta property=\"og:description\" content=\"Pouvez-vous aider une fille \u00e0 \u00e9chapper \u00e0 son monde de r\u00eave et de vision&nbsp;? Solitaire Unknown\u2019s Dreamcatcher 2\" \/>\n<meta property=\"og:url\" content=\"https:\/\/www.iplay.com\/fr\/games\/mystery-solitaire-dreamcatcher-2\/\" \/>\n<meta property=\"og:site_name\" content=\"IPlay\" \/>\n<meta property=\"og:image\" content=\"https:\/\/www.iplay.com\/wp-content\/uploads\/2023\/12\/large_square_tile_image-2261.jpg\" \/>\n\t<meta property=\"og:image:width\" content=\"310\" \/>\n\t<meta property=\"og:image:height\" content=\"310\" \/>\n\t<meta property=\"og:image:type\" content=\"image\/jpeg\" \/>\n<meta name=\"twitter:card\" content=\"summary_large_image\" \/>\n<meta name=\"twitter:label1\" content=\"Dur\u00e9e de lecture estim\u00e9e\" \/>\n\t<meta name=\"twitter:data1\" content=\"1 minute\" \/>\n<script type=\"application\/ld+json\" class=\"yoast-schema-graph\">{\"@context\":\"https:\/\/schema.org\",\"@graph\":[{\"@type\":\"WebPage\",\"@id\":\"https:\/\/www.iplay.com\/fr\/games\/mystery-solitaire-dreamcatcher-2\/\",\"url\":\"https:\/\/www.iplay.com\/fr\/games\/mystery-solitaire-dreamcatcher-2\/\",\"name\":\"Mystery Solitaire Dreamcatcher 2 - Aidez une fille \u00e0 \u00e9chapper au monde des r\u00eaves et des visions\",\"isPartOf\":{\"@id\":\"https:\/\/www.iplay.com\/en\/#website\"},\"primaryImageOfPage\":{\"@id\":\"https:\/\/www.iplay.com\/fr\/games\/mystery-solitaire-dreamcatcher-2\/#primaryimage\"},\"image\":{\"@id\":\"https:\/\/www.iplay.com\/fr\/games\/mystery-solitaire-dreamcatcher-2\/#primaryimage\"},\"thumbnailUrl\":\"https:\/\/www.iplay.com\/wp-content\/uploads\/2023\/12\/large_square_tile_image-2261.jpg\",\"datePublished\":\"2022-08-22T00:00:00+00:00\",\"description\":\"Pouvez-vous aider une fille \u00e0 \u00e9chapper \u00e0 son monde de r\u00eave et de vision&nbsp;? Solitaire Unknown\u2019s Dreamcatcher 2\",\"breadcrumb\":{\"@id\":\"https:\/\/www.iplay.com\/fr\/games\/mystery-solitaire-dreamcatcher-2\/#breadcrumb\"},\"inLanguage\":\"fr-FR\",\"potentialAction\":[{\"@type\":\"ReadAction\",\"target\":[\"https:\/\/www.iplay.com\/fr\/games\/mystery-solitaire-dreamcatcher-2\/\"]}]},{\"@type\":\"ImageObject\",\"inLanguage\":\"fr-FR\",\"@id\":\"https:\/\/www.iplay.com\/fr\/games\/mystery-solitaire-dreamcatcher-2\/#primaryimage\",\"url\":\"https:\/\/www.iplay.com\/wp-content\/uploads\/2023\/12\/large_square_tile_image-2261.jpg\",\"contentUrl\":\"https:\/\/www.iplay.com\/wp-content\/uploads\/2023\/12\/large_square_tile_image-2261.jpg\",\"width\":310,\"height\":310},{\"@type\":\"BreadcrumbList\",\"@id\":\"https:\/\/www.iplay.com\/fr\/games\/mystery-solitaire-dreamcatcher-2\/#breadcrumb\",\"itemListElement\":[{\"@type\":\"ListItem\",\"position\":1,\"name\":\"Home\",\"item\":\"https:\/\/www.iplay.com\/fr\/home-page-2\/\"},{\"@type\":\"ListItem\",\"position\":2,\"name\":\"Shop\",\"item\":\"https:\/\/www.iplay.com\/en\/shop\/\"},{\"@type\":\"ListItem\",\"position\":3,\"name\":\"Mystery Solitaire Dreamcatcher 2\"}]},{\"@type\":\"WebSite\",\"@id\":\"https:\/\/www.iplay.com\/en\/#website\",\"url\":\"https:\/\/www.iplay.com\/en\/\",\"name\":\"IPlay\",\"description\":\"The Best Casual Games!\",\"publisher\":{\"@id\":\"https:\/\/www.iplay.com\/en\/#organization\"},\"potentialAction\":[{\"@type\":\"SearchAction\",\"target\":{\"@type\":\"EntryPoint\",\"urlTemplate\":\"https:\/\/www.iplay.com\/en\/?s={search_term_string}\"},\"query-input\":{\"@type\":\"PropertyValueSpecification\",\"valueRequired\":true,\"valueName\":\"search_term_string\"}}],\"inLanguage\":\"fr-FR\"},{\"@type\":\"Organization\",\"@id\":\"https:\/\/www.iplay.com\/en\/#organization\",\"name\":\"IPlay\",\"url\":\"https:\/\/www.iplay.com\/en\/\",\"logo\":{\"@type\":\"ImageObject\",\"inLanguage\":\"fr-FR\",\"@id\":\"https:\/\/www.iplay.com\/en\/#\/schema\/logo\/image\/\",\"url\":\"https:\/\/www.iplay.com\/wp-content\/uploads\/2023\/11\/Group-6100.svg\",\"contentUrl\":\"https:\/\/www.iplay.com\/wp-content\/uploads\/2023\/11\/Group-6100.svg\",\"width\":98,\"height\":25,\"caption\":\"IPlay\"},\"image\":{\"@id\":\"https:\/\/www.iplay.com\/en\/#\/schema\/logo\/image\/\"}}]}<\/script>\n<!-- \/ Yoast SEO Premium plugin. -->","yoast_head_json":{"title":"Mystery Solitaire Dreamcatcher 2 - Aidez une fille \u00e0 \u00e9chapper au monde des r\u00eaves et des visions","description":"Pouvez-vous aider une fille \u00e0 \u00e9chapper \u00e0 son monde de r\u00eave et de vision&nbsp;? Solitaire Unknown\u2019s Dreamcatcher 2","robots":{"index":"index","follow":"follow","max-snippet":"max-snippet:-1","max-image-preview":"max-image-preview:large","max-video-preview":"max-video-preview:-1"},"canonical":"https:\/\/www.iplay.com\/fr\/games\/mystery-solitaire-dreamcatcher-2\/","og_locale":"fr_FR","og_type":"article","og_title":"Mystery Solitaire Dreamcatcher 2","og_description":"Pouvez-vous aider une fille \u00e0 \u00e9chapper \u00e0 son monde de r\u00eave et de vision&nbsp;? Solitaire Unknown\u2019s Dreamcatcher 2","og_url":"https:\/\/www.iplay.com\/fr\/games\/mystery-solitaire-dreamcatcher-2\/","og_site_name":"IPlay","og_image":[{"width":310,"height":310,"url":"https:\/\/www.iplay.com\/wp-content\/uploads\/2023\/12\/large_square_tile_image-2261.jpg","type":"image\/jpeg"}],"twitter_card":"summary_large_image","twitter_misc":{"Dur\u00e9e de lecture estim\u00e9e":"1 minute"},"schema":{"@context":"https:\/\/schema.org","@graph":[{"@type":"WebPage","@id":"https:\/\/www.iplay.com\/fr\/games\/mystery-solitaire-dreamcatcher-2\/","url":"https:\/\/www.iplay.com\/fr\/games\/mystery-solitaire-dreamcatcher-2\/","name":"Mystery Solitaire Dreamcatcher 2 - Aidez une fille \u00e0 \u00e9chapper au monde des r\u00eaves et des visions","isPartOf":{"@id":"https:\/\/www.iplay.com\/en\/#website"},"primaryImageOfPage":{"@id":"https:\/\/www.iplay.com\/fr\/games\/mystery-solitaire-dreamcatcher-2\/#primaryimage"},"image":{"@id":"https:\/\/www.iplay.com\/fr\/games\/mystery-solitaire-dreamcatcher-2\/#primaryimage"},"thumbnailUrl":"https:\/\/www.iplay.com\/wp-content\/uploads\/2023\/12\/large_square_tile_image-2261.jpg","datePublished":"2022-08-22T00:00:00+00:00","description":"Pouvez-vous aider une fille \u00e0 \u00e9chapper \u00e0 son monde de r\u00eave et de vision&nbsp;? Solitaire Unknown\u2019s Dreamcatcher 2","breadcrumb":{"@id":"https:\/\/www.iplay.com\/fr\/games\/mystery-solitaire-dreamcatcher-2\/#breadcrumb"},"inLanguage":"fr-FR","potentialAction":[{"@type":"ReadAction","target":["https:\/\/www.iplay.com\/fr\/games\/mystery-solitaire-dreamcatcher-2\/"]}]},{"@type":"ImageObject","inLanguage":"fr-FR","@id":"https:\/\/www.iplay.com\/fr\/games\/mystery-solitaire-dreamcatcher-2\/#primaryimage","url":"https:\/\/www.iplay.com\/wp-content\/uploads\/2023\/12\/large_square_tile_image-2261.jpg","contentUrl":"https:\/\/www.iplay.com\/wp-content\/uploads\/2023\/12\/large_square_tile_image-2261.jpg","width":310,"height":310},{"@type":"BreadcrumbList","@id":"https:\/\/www.iplay.com\/fr\/games\/mystery-solitaire-dreamcatcher-2\/#breadcrumb","itemListElement":[{"@type":"ListItem","position":1,"name":"Home","item":"https:\/\/www.iplay.com\/fr\/home-page-2\/"},{"@type":"ListItem","position":2,"name":"Shop","item":"https:\/\/www.iplay.com\/en\/shop\/"},{"@type":"ListItem","position":3,"name":"Mystery Solitaire Dreamcatcher 2"}]},{"@type":"WebSite","@id":"https:\/\/www.iplay.com\/en\/#website","url":"https:\/\/www.iplay.com\/en\/","name":"IPlay","description":"The Best Casual Games!","publisher":{"@id":"https:\/\/www.iplay.com\/en\/#organization"},"potentialAction":[{"@type":"SearchAction","target":{"@type":"EntryPoint","urlTemplate":"https:\/\/www.iplay.com\/en\/?s={search_term_string}"},"query-input":{"@type":"PropertyValueSpecification","valueRequired":true,"valueName":"search_term_string"}}],"inLanguage":"fr-FR"},{"@type":"Organization","@id":"https:\/\/www.iplay.com\/en\/#organization","name":"IPlay","url":"https:\/\/www.iplay.com\/en\/","logo":{"@type":"ImageObject","inLanguage":"fr-FR","@id":"https:\/\/www.iplay.com\/en\/#\/schema\/logo\/image\/","url":"https:\/\/www.iplay.com\/wp-content\/uploads\/2023\/11\/Group-6100.svg","contentUrl":"https:\/\/www.iplay.com\/wp-content\/uploads\/2023\/11\/Group-6100.svg","width":98,"height":25,"caption":"IPlay"},"image":{"@id":"https:\/\/www.iplay.com\/en\/#\/schema\/logo\/image\/"}}]}},"_links":{"self":[{"href":"https:\/\/www.iplay.com\/fr\/wp-json\/wp\/v2\/product\/133864","targetHints":{"allow":["GET"]}}],"collection":[{"href":"https:\/\/www.iplay.com\/fr\/wp-json\/wp\/v2\/product"}],"about":[{"href":"https:\/\/www.iplay.com\/fr\/wp-json\/wp\/v2\/types\/product"}],"author":[{"embeddable":true,"href":"https:\/\/www.iplay.com\/fr\/wp-json\/wp\/v2\/users\/13"}],"replies":[{"embeddable":true,"href":"https:\/\/www.iplay.com\/fr\/wp-json\/wp\/v2\/comments?post=133864"}],"wp:featuredmedia":[{"embeddable":true,"href":"https:\/\/www.iplay.com\/fr\/wp-json\/wp\/v2\/media\/76216"}],"wp:attachment":[{"href":"https:\/\/www.iplay.com\/fr\/wp-json\/wp\/v2\/media?parent=133864"}],"wp:term":[{"taxonomy":"product_brand","embeddable":true,"href":"https:\/\/www.iplay.com\/fr\/wp-json\/wp\/v2\/product_brand?post=133864"},{"taxonomy":"product_cat","embeddable":true,"href":"https:\/\/www.iplay.com\/fr\/wp-json\/wp\/v2\/product_cat?post=133864"},{"taxonomy":"product_tag","embeddable":true,"href":"https:\/\/www.iplay.com\/fr\/wp-json\/wp\/v2\/product_tag?post=133864"}],"curies":[{"name":"wp","href":"https:\/\/api.w.org\/{rel}","templated":true}]}}