{"id":133808,"date":"2022-09-04T00:00:00","date_gmt":"2022-09-04T00:00:00","guid":{"rendered":"https:\/\/www.iplay.com\/games\/shopping-clutter-17-detective-agency\/"},"modified":"2022-09-04T00:00:00","modified_gmt":"2022-09-04T00:00:00","slug":"shopping-clutter-17-detective-agency","status":"publish","type":"product","link":"https:\/\/www.iplay.com\/fr\/games\/shopping-clutter-17-detective-agency\/","title":{"rendered":"Shopping Clutter 17: Detective Agency"},"content":{"rendered":"<p>Animalville a toujours \u00e9t\u00e9 un quartier paisible. Le plus grand crime qui ait jamais eu lieu ici \u00e9tait le stationnement ill\u00e9gal. Mais une nuit, tout a chang\u00e9. Un acte horrible avait \u00e9t\u00e9 commis. Les Walker avaient achet\u00e9 \u00e0 Petit Li\u00e8vre un v\u00e9lo tout neuf, exquis et brillant pour son anniversaire, mais il avait disparu ! Squirrel \u00e9tait incapable de supporter d\u2019\u00eatre t\u00e9moin de la souffrance de son fr\u00e8re. Elle a d\u00e9cid\u00e9 qu\u2019il \u00e9tait temps de s\u2019occuper des choses elle-m\u00eame. Ses parents et le service de police se sont naturellement pr\u00e9cipit\u00e9s pour aider l\u2019enqu\u00eateur d\u00e9butant dans une affaire aussi \u00e9trange. L\u2019agence de d\u00e9tectives Walkers se pr\u00e9parait \u00e0 se mettre en affaires, apr\u00e8s avoir lou\u00e9 un bureau ! En plus des articles n\u00e9cessaires pour interroger les t\u00e9moins et obtenir des preuves, la famille aura \u00e9galement besoin de fournitures pour meubler le bureau. Sans l\u2019aide d\u2019un observateur aiguis\u00e9 et d\u2019un penseur logique, les Walker ne seront jamais en mesure d\u2019identifier l\u2019horrible d\u00e9linquant ! Dans Shopping Clutter 17&nbsp;: Detective Agency, vous participerez \u00e0 une enqu\u00eate passionnante visant \u00e0 ramener la paix \u00e0 Animalville !           <\/p>\n<p>&nbsp;<\/p>\n<p>&nbsp;<\/p>\n<p><strong>Fonctionnalit\u00e9s:<\/strong><\/p>\n<p>&nbsp;<\/p>\n<p>&#8211; De tout nouveaux jouets sur le th\u00e8me du d\u00e9tective !<br \/>\n&#8211; 140 puzzles de style encombrement plus 20 puzzles<br \/>\n suppl\u00e9mentaires- Musique calme et sons apaisants pour un jeu<br \/>\n amusant- Personnages bien connus et dialogues<br \/>\n humoristiques- Graphismes vibrants et v\u00e9ritables d\u00e9fis pour les amateurs de puzzles<br \/>\n&#8211; Des puzzles qui n\u00e9cessitent des d\u00e9ductions, des rebondissements inattendus et une atmosph\u00e8re unique !<\/p>\n<p>&#8211; D\u00e9couvrez qui est le pire criminel d\u2019Animalville !<\/p>\n","protected":false},"excerpt":{"rendered":"<p>Aidez les Walkers dans leur enqu\u00eate sur le vol d\u2019un v\u00e9lo par un li\u00e8vre !<\/p>\n","protected":false},"author":14,"featured_media":76088,"comment_status":"open","ping_status":"closed","template":"","meta":{"_acf_changed":false,"inline_featured_image":false},"product_brand":[],"product_cat":[165],"product_tag":[287],"class_list":{"0":"post-133808","1":"product","2":"type-product","3":"status-publish","4":"has-post-thumbnail","6":"product_cat-hidden-object-fr","7":"product_tag-play-on-pc-fr","9":"first","10":"instock","11":"shipping-taxable","12":"purchasable","13":"product-type-simple"},"acf":[],"yoast_head":"<!-- This site is optimized with the Yoast SEO Premium plugin v25.2 (Yoast SEO v25.2) - https:\/\/yoast.com\/wordpress\/plugins\/seo\/ -->\n<title>Shopping Clutter 17\u00a0: Detective Agency - L\u2019enqu\u00eate de Hare sur le vol de v\u00e9lo : r\u00e9solvez un myst\u00e8re de v\u00e9lo insolite<\/title>\n<meta name=\"description\" content=\"Aidez les Walkers dans leur enqu\u00eate sur le vol d\u2019un v\u00e9lo par un li\u00e8vre !\" \/>\n<meta name=\"robots\" content=\"index, follow, max-snippet:-1, max-image-preview:large, max-video-preview:-1\" \/>\n<link rel=\"canonical\" href=\"https:\/\/www.iplay.com\/fr\/games\/shopping-clutter-17-detective-agency\/\" \/>\n<meta property=\"og:locale\" content=\"fr_FR\" \/>\n<meta property=\"og:type\" content=\"article\" \/>\n<meta property=\"og:title\" content=\"Shopping Clutter 17: Detective Agency\" \/>\n<meta property=\"og:description\" content=\"Aidez les Walkers dans leur enqu\u00eate sur le vol d\u2019un v\u00e9lo par un li\u00e8vre !\" \/>\n<meta property=\"og:url\" content=\"https:\/\/www.iplay.com\/fr\/games\/shopping-clutter-17-detective-agency\/\" \/>\n<meta property=\"og:site_name\" content=\"IPlay\" \/>\n<meta property=\"og:image\" content=\"https:\/\/www.iplay.com\/wp-content\/uploads\/2023\/12\/large_square_tile_image-2253.jpg\" \/>\n\t<meta property=\"og:image:width\" content=\"310\" \/>\n\t<meta property=\"og:image:height\" content=\"310\" \/>\n\t<meta property=\"og:image:type\" content=\"image\/jpeg\" \/>\n<meta name=\"twitter:card\" content=\"summary_large_image\" \/>\n<meta name=\"twitter:label1\" content=\"Dur\u00e9e de lecture estim\u00e9e\" \/>\n\t<meta name=\"twitter:data1\" content=\"1 minute\" \/>\n<script type=\"application\/ld+json\" class=\"yoast-schema-graph\">{\"@context\":\"https:\/\/schema.org\",\"@graph\":[{\"@type\":\"WebPage\",\"@id\":\"https:\/\/www.iplay.com\/fr\/games\/shopping-clutter-17-detective-agency\/\",\"url\":\"https:\/\/www.iplay.com\/fr\/games\/shopping-clutter-17-detective-agency\/\",\"name\":\"Shopping Clutter 17\u00a0: Detective Agency - L\u2019enqu\u00eate de Hare sur le vol de v\u00e9lo : r\u00e9solvez un myst\u00e8re de v\u00e9lo insolite\",\"isPartOf\":{\"@id\":\"https:\/\/www.iplay.com\/en\/#website\"},\"primaryImageOfPage\":{\"@id\":\"https:\/\/www.iplay.com\/fr\/games\/shopping-clutter-17-detective-agency\/#primaryimage\"},\"image\":{\"@id\":\"https:\/\/www.iplay.com\/fr\/games\/shopping-clutter-17-detective-agency\/#primaryimage\"},\"thumbnailUrl\":\"https:\/\/www.iplay.com\/wp-content\/uploads\/2023\/12\/large_square_tile_image-2253.jpg\",\"datePublished\":\"2022-09-04T00:00:00+00:00\",\"description\":\"Aidez les Walkers dans leur enqu\u00eate sur le vol d\u2019un v\u00e9lo par un li\u00e8vre !\",\"breadcrumb\":{\"@id\":\"https:\/\/www.iplay.com\/fr\/games\/shopping-clutter-17-detective-agency\/#breadcrumb\"},\"inLanguage\":\"fr-FR\",\"potentialAction\":[{\"@type\":\"ReadAction\",\"target\":[\"https:\/\/www.iplay.com\/fr\/games\/shopping-clutter-17-detective-agency\/\"]}]},{\"@type\":\"ImageObject\",\"inLanguage\":\"fr-FR\",\"@id\":\"https:\/\/www.iplay.com\/fr\/games\/shopping-clutter-17-detective-agency\/#primaryimage\",\"url\":\"https:\/\/www.iplay.com\/wp-content\/uploads\/2023\/12\/large_square_tile_image-2253.jpg\",\"contentUrl\":\"https:\/\/www.iplay.com\/wp-content\/uploads\/2023\/12\/large_square_tile_image-2253.jpg\",\"width\":310,\"height\":310},{\"@type\":\"BreadcrumbList\",\"@id\":\"https:\/\/www.iplay.com\/fr\/games\/shopping-clutter-17-detective-agency\/#breadcrumb\",\"itemListElement\":[{\"@type\":\"ListItem\",\"position\":1,\"name\":\"Home\",\"item\":\"https:\/\/www.iplay.com\/fr\/home-page-2\/\"},{\"@type\":\"ListItem\",\"position\":2,\"name\":\"Shop\",\"item\":\"https:\/\/www.iplay.com\/en\/shop\/\"},{\"@type\":\"ListItem\",\"position\":3,\"name\":\"Shopping Clutter 17: Detective Agency\"}]},{\"@type\":\"WebSite\",\"@id\":\"https:\/\/www.iplay.com\/en\/#website\",\"url\":\"https:\/\/www.iplay.com\/en\/\",\"name\":\"IPlay\",\"description\":\"The Best Casual Games!\",\"publisher\":{\"@id\":\"https:\/\/www.iplay.com\/en\/#organization\"},\"potentialAction\":[{\"@type\":\"SearchAction\",\"target\":{\"@type\":\"EntryPoint\",\"urlTemplate\":\"https:\/\/www.iplay.com\/en\/?s={search_term_string}\"},\"query-input\":{\"@type\":\"PropertyValueSpecification\",\"valueRequired\":true,\"valueName\":\"search_term_string\"}}],\"inLanguage\":\"fr-FR\"},{\"@type\":\"Organization\",\"@id\":\"https:\/\/www.iplay.com\/en\/#organization\",\"name\":\"IPlay\",\"url\":\"https:\/\/www.iplay.com\/en\/\",\"logo\":{\"@type\":\"ImageObject\",\"inLanguage\":\"fr-FR\",\"@id\":\"https:\/\/www.iplay.com\/en\/#\/schema\/logo\/image\/\",\"url\":\"https:\/\/www.iplay.com\/wp-content\/uploads\/2023\/11\/Group-6100.svg\",\"contentUrl\":\"https:\/\/www.iplay.com\/wp-content\/uploads\/2023\/11\/Group-6100.svg\",\"width\":98,\"height\":25,\"caption\":\"IPlay\"},\"image\":{\"@id\":\"https:\/\/www.iplay.com\/en\/#\/schema\/logo\/image\/\"}}]}<\/script>\n<!-- \/ Yoast SEO Premium plugin. -->","yoast_head_json":{"title":"Shopping Clutter 17\u00a0: Detective Agency - L\u2019enqu\u00eate de Hare sur le vol de v\u00e9lo : r\u00e9solvez un myst\u00e8re de v\u00e9lo insolite","description":"Aidez les Walkers dans leur enqu\u00eate sur le vol d\u2019un v\u00e9lo par un li\u00e8vre !","robots":{"index":"index","follow":"follow","max-snippet":"max-snippet:-1","max-image-preview":"max-image-preview:large","max-video-preview":"max-video-preview:-1"},"canonical":"https:\/\/www.iplay.com\/fr\/games\/shopping-clutter-17-detective-agency\/","og_locale":"fr_FR","og_type":"article","og_title":"Shopping Clutter 17: Detective Agency","og_description":"Aidez les Walkers dans leur enqu\u00eate sur le vol d\u2019un v\u00e9lo par un li\u00e8vre !","og_url":"https:\/\/www.iplay.com\/fr\/games\/shopping-clutter-17-detective-agency\/","og_site_name":"IPlay","og_image":[{"width":310,"height":310,"url":"https:\/\/www.iplay.com\/wp-content\/uploads\/2023\/12\/large_square_tile_image-2253.jpg","type":"image\/jpeg"}],"twitter_card":"summary_large_image","twitter_misc":{"Dur\u00e9e de lecture estim\u00e9e":"1 minute"},"schema":{"@context":"https:\/\/schema.org","@graph":[{"@type":"WebPage","@id":"https:\/\/www.iplay.com\/fr\/games\/shopping-clutter-17-detective-agency\/","url":"https:\/\/www.iplay.com\/fr\/games\/shopping-clutter-17-detective-agency\/","name":"Shopping Clutter 17\u00a0: Detective Agency - L\u2019enqu\u00eate de Hare sur le vol de v\u00e9lo : r\u00e9solvez un myst\u00e8re de v\u00e9lo insolite","isPartOf":{"@id":"https:\/\/www.iplay.com\/en\/#website"},"primaryImageOfPage":{"@id":"https:\/\/www.iplay.com\/fr\/games\/shopping-clutter-17-detective-agency\/#primaryimage"},"image":{"@id":"https:\/\/www.iplay.com\/fr\/games\/shopping-clutter-17-detective-agency\/#primaryimage"},"thumbnailUrl":"https:\/\/www.iplay.com\/wp-content\/uploads\/2023\/12\/large_square_tile_image-2253.jpg","datePublished":"2022-09-04T00:00:00+00:00","description":"Aidez les Walkers dans leur enqu\u00eate sur le vol d\u2019un v\u00e9lo par un li\u00e8vre !","breadcrumb":{"@id":"https:\/\/www.iplay.com\/fr\/games\/shopping-clutter-17-detective-agency\/#breadcrumb"},"inLanguage":"fr-FR","potentialAction":[{"@type":"ReadAction","target":["https:\/\/www.iplay.com\/fr\/games\/shopping-clutter-17-detective-agency\/"]}]},{"@type":"ImageObject","inLanguage":"fr-FR","@id":"https:\/\/www.iplay.com\/fr\/games\/shopping-clutter-17-detective-agency\/#primaryimage","url":"https:\/\/www.iplay.com\/wp-content\/uploads\/2023\/12\/large_square_tile_image-2253.jpg","contentUrl":"https:\/\/www.iplay.com\/wp-content\/uploads\/2023\/12\/large_square_tile_image-2253.jpg","width":310,"height":310},{"@type":"BreadcrumbList","@id":"https:\/\/www.iplay.com\/fr\/games\/shopping-clutter-17-detective-agency\/#breadcrumb","itemListElement":[{"@type":"ListItem","position":1,"name":"Home","item":"https:\/\/www.iplay.com\/fr\/home-page-2\/"},{"@type":"ListItem","position":2,"name":"Shop","item":"https:\/\/www.iplay.com\/en\/shop\/"},{"@type":"ListItem","position":3,"name":"Shopping Clutter 17: Detective Agency"}]},{"@type":"WebSite","@id":"https:\/\/www.iplay.com\/en\/#website","url":"https:\/\/www.iplay.com\/en\/","name":"IPlay","description":"The Best Casual Games!","publisher":{"@id":"https:\/\/www.iplay.com\/en\/#organization"},"potentialAction":[{"@type":"SearchAction","target":{"@type":"EntryPoint","urlTemplate":"https:\/\/www.iplay.com\/en\/?s={search_term_string}"},"query-input":{"@type":"PropertyValueSpecification","valueRequired":true,"valueName":"search_term_string"}}],"inLanguage":"fr-FR"},{"@type":"Organization","@id":"https:\/\/www.iplay.com\/en\/#organization","name":"IPlay","url":"https:\/\/www.iplay.com\/en\/","logo":{"@type":"ImageObject","inLanguage":"fr-FR","@id":"https:\/\/www.iplay.com\/en\/#\/schema\/logo\/image\/","url":"https:\/\/www.iplay.com\/wp-content\/uploads\/2023\/11\/Group-6100.svg","contentUrl":"https:\/\/www.iplay.com\/wp-content\/uploads\/2023\/11\/Group-6100.svg","width":98,"height":25,"caption":"IPlay"},"image":{"@id":"https:\/\/www.iplay.com\/en\/#\/schema\/logo\/image\/"}}]}},"_links":{"self":[{"href":"https:\/\/www.iplay.com\/fr\/wp-json\/wp\/v2\/product\/133808","targetHints":{"allow":["GET"]}}],"collection":[{"href":"https:\/\/www.iplay.com\/fr\/wp-json\/wp\/v2\/product"}],"about":[{"href":"https:\/\/www.iplay.com\/fr\/wp-json\/wp\/v2\/types\/product"}],"author":[{"embeddable":true,"href":"https:\/\/www.iplay.com\/fr\/wp-json\/wp\/v2\/users\/14"}],"replies":[{"embeddable":true,"href":"https:\/\/www.iplay.com\/fr\/wp-json\/wp\/v2\/comments?post=133808"}],"wp:featuredmedia":[{"embeddable":true,"href":"https:\/\/www.iplay.com\/fr\/wp-json\/wp\/v2\/media\/76088"}],"wp:attachment":[{"href":"https:\/\/www.iplay.com\/fr\/wp-json\/wp\/v2\/media?parent=133808"}],"wp:term":[{"taxonomy":"product_brand","embeddable":true,"href":"https:\/\/www.iplay.com\/fr\/wp-json\/wp\/v2\/product_brand?post=133808"},{"taxonomy":"product_cat","embeddable":true,"href":"https:\/\/www.iplay.com\/fr\/wp-json\/wp\/v2\/product_cat?post=133808"},{"taxonomy":"product_tag","embeddable":true,"href":"https:\/\/www.iplay.com\/fr\/wp-json\/wp\/v2\/product_tag?post=133808"}],"curies":[{"name":"wp","href":"https:\/\/api.w.org\/{rel}","templated":true}]}}