{"id":133807,"date":"2022-09-06T00:00:00","date_gmt":"2022-09-06T00:00:00","guid":{"rendered":"https:\/\/www.iplay.com\/games\/fantasy-mosaics-16-six-colors-in-wonderland\/"},"modified":"2022-09-06T00:00:00","modified_gmt":"2022-09-06T00:00:00","slug":"fantasy-mosaics-16-six-colors-in-wonderland","status":"publish","type":"product","link":"https:\/\/www.iplay.com\/fr\/games\/fantasy-mosaics-16-six-colors-in-wonderland\/","title":{"rendered":"Fantasy Mosaics 16: Six Colors in Wonderland"},"content":{"rendered":"<p>Cette fois-ci, la famille de pingouins visite le pays des merveilles multicolores ! Ils d\u00e9couvriront un tout nouvel assortiment de puzzles en mosa\u00efque qui comportent jusqu\u2019\u00e0 six couleurs ! Cette invention vous offre de nombreuses heures de plaisir et ouvre un tout nouveau niveau de d\u00e9fi. La famille des pingouins est impatiente que vous entrepreniez cette nouvelle t\u00e2che et que vous vous amusiez tout en cr\u00e9ant un cadre \u00e9poustouflant au pays des merveilles en trouvant les images multicolores cach\u00e9es.   <\/p>\n<p>&nbsp;<\/p>\n<p>&nbsp;<\/p>\n<p><strong>Fonctionnalit\u00e9s:<\/strong><\/p>\n<p>&nbsp;<\/p>\n<p>&#8211; Puzzles en mosa\u00efque avec un maximum de six couleurs<br \/>\n&#8211; De nouveaux d\u00e9fis avec plusieurs couleurs-Construisez<br \/>\n un paysage<br \/>\n \u00e9poustouflant- Puzzles bas\u00e9s sur la logique<\/p>\n","protected":false},"excerpt":{"rendered":"<p>La famille des pingouins voyage au pays des merveilles de la couleur !<\/p>\n","protected":false},"author":43,"featured_media":37029,"comment_status":"open","ping_status":"closed","template":"","meta":{"_acf_changed":false,"inline_featured_image":false},"product_brand":[],"product_cat":[193],"product_tag":[],"class_list":{"0":"post-133807","1":"product","2":"type-product","3":"status-publish","4":"has-post-thumbnail","6":"product_cat-puzzle-fr","8":"first","9":"instock","10":"shipping-taxable","11":"purchasable","12":"product-type-simple"},"acf":[],"yoast_head":"<!-- This site is optimized with the Yoast SEO Premium plugin v25.2 (Yoast SEO v25.2) - https:\/\/yoast.com\/wordpress\/plugins\/seo\/ -->\n<title>Fantasy Mosaics 16\u00a0: Six Colors in Wonderland - Une famille de pingouins fait un voyage au pays des merveilles multicolore<\/title>\n<meta name=\"description\" content=\"La famille des pingouins voyage au pays des merveilles de la couleur !\" \/>\n<meta name=\"robots\" content=\"index, follow, max-snippet:-1, max-image-preview:large, max-video-preview:-1\" \/>\n<link rel=\"canonical\" href=\"https:\/\/www.iplay.com\/fr\/games\/fantasy-mosaics-16-six-colors-in-wonderland\/\" \/>\n<meta property=\"og:locale\" content=\"fr_FR\" \/>\n<meta property=\"og:type\" content=\"article\" \/>\n<meta property=\"og:title\" content=\"Fantasy Mosaics 16: Six Colors in Wonderland\" \/>\n<meta property=\"og:description\" content=\"La famille des pingouins voyage au pays des merveilles de la couleur !\" \/>\n<meta property=\"og:url\" content=\"https:\/\/www.iplay.com\/fr\/games\/fantasy-mosaics-16-six-colors-in-wonderland\/\" \/>\n<meta property=\"og:site_name\" content=\"IPlay\" \/>\n<meta property=\"og:image\" content=\"https:\/\/www.iplay.com\/wp-content\/uploads\/2023\/12\/large_square_tile_image-121.jpg\" \/>\n\t<meta property=\"og:image:width\" content=\"310\" \/>\n\t<meta property=\"og:image:height\" content=\"310\" \/>\n\t<meta property=\"og:image:type\" content=\"image\/jpeg\" \/>\n<meta name=\"twitter:card\" content=\"summary_large_image\" \/>\n<meta name=\"twitter:label1\" content=\"Dur\u00e9e de lecture estim\u00e9e\" \/>\n\t<meta name=\"twitter:data1\" content=\"1 minute\" \/>\n<script type=\"application\/ld+json\" class=\"yoast-schema-graph\">{\"@context\":\"https:\/\/schema.org\",\"@graph\":[{\"@type\":\"WebPage\",\"@id\":\"https:\/\/www.iplay.com\/fr\/games\/fantasy-mosaics-16-six-colors-in-wonderland\/\",\"url\":\"https:\/\/www.iplay.com\/fr\/games\/fantasy-mosaics-16-six-colors-in-wonderland\/\",\"name\":\"Fantasy Mosaics 16\u00a0: Six Colors in Wonderland - Une famille de pingouins fait un voyage au pays des merveilles multicolore\",\"isPartOf\":{\"@id\":\"https:\/\/www.iplay.com\/en\/#website\"},\"primaryImageOfPage\":{\"@id\":\"https:\/\/www.iplay.com\/fr\/games\/fantasy-mosaics-16-six-colors-in-wonderland\/#primaryimage\"},\"image\":{\"@id\":\"https:\/\/www.iplay.com\/fr\/games\/fantasy-mosaics-16-six-colors-in-wonderland\/#primaryimage\"},\"thumbnailUrl\":\"https:\/\/www.iplay.com\/wp-content\/uploads\/2023\/12\/large_square_tile_image-121.jpg\",\"datePublished\":\"2022-09-06T00:00:00+00:00\",\"description\":\"La famille des pingouins voyage au pays des merveilles de la couleur !\",\"breadcrumb\":{\"@id\":\"https:\/\/www.iplay.com\/fr\/games\/fantasy-mosaics-16-six-colors-in-wonderland\/#breadcrumb\"},\"inLanguage\":\"fr-FR\",\"potentialAction\":[{\"@type\":\"ReadAction\",\"target\":[\"https:\/\/www.iplay.com\/fr\/games\/fantasy-mosaics-16-six-colors-in-wonderland\/\"]}]},{\"@type\":\"ImageObject\",\"inLanguage\":\"fr-FR\",\"@id\":\"https:\/\/www.iplay.com\/fr\/games\/fantasy-mosaics-16-six-colors-in-wonderland\/#primaryimage\",\"url\":\"https:\/\/www.iplay.com\/wp-content\/uploads\/2023\/12\/large_square_tile_image-121.jpg\",\"contentUrl\":\"https:\/\/www.iplay.com\/wp-content\/uploads\/2023\/12\/large_square_tile_image-121.jpg\",\"width\":310,\"height\":310},{\"@type\":\"BreadcrumbList\",\"@id\":\"https:\/\/www.iplay.com\/fr\/games\/fantasy-mosaics-16-six-colors-in-wonderland\/#breadcrumb\",\"itemListElement\":[{\"@type\":\"ListItem\",\"position\":1,\"name\":\"Home\",\"item\":\"https:\/\/www.iplay.com\/fr\/home-page-2\/\"},{\"@type\":\"ListItem\",\"position\":2,\"name\":\"Shop\",\"item\":\"https:\/\/www.iplay.com\/en\/shop\/\"},{\"@type\":\"ListItem\",\"position\":3,\"name\":\"Fantasy Mosaics 16: Six Colors in Wonderland\"}]},{\"@type\":\"WebSite\",\"@id\":\"https:\/\/www.iplay.com\/en\/#website\",\"url\":\"https:\/\/www.iplay.com\/en\/\",\"name\":\"IPlay\",\"description\":\"The Best Casual Games!\",\"publisher\":{\"@id\":\"https:\/\/www.iplay.com\/en\/#organization\"},\"potentialAction\":[{\"@type\":\"SearchAction\",\"target\":{\"@type\":\"EntryPoint\",\"urlTemplate\":\"https:\/\/www.iplay.com\/en\/?s={search_term_string}\"},\"query-input\":{\"@type\":\"PropertyValueSpecification\",\"valueRequired\":true,\"valueName\":\"search_term_string\"}}],\"inLanguage\":\"fr-FR\"},{\"@type\":\"Organization\",\"@id\":\"https:\/\/www.iplay.com\/en\/#organization\",\"name\":\"IPlay\",\"url\":\"https:\/\/www.iplay.com\/en\/\",\"logo\":{\"@type\":\"ImageObject\",\"inLanguage\":\"fr-FR\",\"@id\":\"https:\/\/www.iplay.com\/en\/#\/schema\/logo\/image\/\",\"url\":\"https:\/\/www.iplay.com\/wp-content\/uploads\/2023\/11\/Group-6100.svg\",\"contentUrl\":\"https:\/\/www.iplay.com\/wp-content\/uploads\/2023\/11\/Group-6100.svg\",\"width\":98,\"height\":25,\"caption\":\"IPlay\"},\"image\":{\"@id\":\"https:\/\/www.iplay.com\/en\/#\/schema\/logo\/image\/\"}}]}<\/script>\n<!-- \/ Yoast SEO Premium plugin. -->","yoast_head_json":{"title":"Fantasy Mosaics 16\u00a0: Six Colors in Wonderland - Une famille de pingouins fait un voyage au pays des merveilles multicolore","description":"La famille des pingouins voyage au pays des merveilles de la couleur !","robots":{"index":"index","follow":"follow","max-snippet":"max-snippet:-1","max-image-preview":"max-image-preview:large","max-video-preview":"max-video-preview:-1"},"canonical":"https:\/\/www.iplay.com\/fr\/games\/fantasy-mosaics-16-six-colors-in-wonderland\/","og_locale":"fr_FR","og_type":"article","og_title":"Fantasy Mosaics 16: Six Colors in Wonderland","og_description":"La famille des pingouins voyage au pays des merveilles de la couleur !","og_url":"https:\/\/www.iplay.com\/fr\/games\/fantasy-mosaics-16-six-colors-in-wonderland\/","og_site_name":"IPlay","og_image":[{"width":310,"height":310,"url":"https:\/\/www.iplay.com\/wp-content\/uploads\/2023\/12\/large_square_tile_image-121.jpg","type":"image\/jpeg"}],"twitter_card":"summary_large_image","twitter_misc":{"Dur\u00e9e de lecture estim\u00e9e":"1 minute"},"schema":{"@context":"https:\/\/schema.org","@graph":[{"@type":"WebPage","@id":"https:\/\/www.iplay.com\/fr\/games\/fantasy-mosaics-16-six-colors-in-wonderland\/","url":"https:\/\/www.iplay.com\/fr\/games\/fantasy-mosaics-16-six-colors-in-wonderland\/","name":"Fantasy Mosaics 16\u00a0: Six Colors in Wonderland - Une famille de pingouins fait un voyage au pays des merveilles multicolore","isPartOf":{"@id":"https:\/\/www.iplay.com\/en\/#website"},"primaryImageOfPage":{"@id":"https:\/\/www.iplay.com\/fr\/games\/fantasy-mosaics-16-six-colors-in-wonderland\/#primaryimage"},"image":{"@id":"https:\/\/www.iplay.com\/fr\/games\/fantasy-mosaics-16-six-colors-in-wonderland\/#primaryimage"},"thumbnailUrl":"https:\/\/www.iplay.com\/wp-content\/uploads\/2023\/12\/large_square_tile_image-121.jpg","datePublished":"2022-09-06T00:00:00+00:00","description":"La famille des pingouins voyage au pays des merveilles de la couleur !","breadcrumb":{"@id":"https:\/\/www.iplay.com\/fr\/games\/fantasy-mosaics-16-six-colors-in-wonderland\/#breadcrumb"},"inLanguage":"fr-FR","potentialAction":[{"@type":"ReadAction","target":["https:\/\/www.iplay.com\/fr\/games\/fantasy-mosaics-16-six-colors-in-wonderland\/"]}]},{"@type":"ImageObject","inLanguage":"fr-FR","@id":"https:\/\/www.iplay.com\/fr\/games\/fantasy-mosaics-16-six-colors-in-wonderland\/#primaryimage","url":"https:\/\/www.iplay.com\/wp-content\/uploads\/2023\/12\/large_square_tile_image-121.jpg","contentUrl":"https:\/\/www.iplay.com\/wp-content\/uploads\/2023\/12\/large_square_tile_image-121.jpg","width":310,"height":310},{"@type":"BreadcrumbList","@id":"https:\/\/www.iplay.com\/fr\/games\/fantasy-mosaics-16-six-colors-in-wonderland\/#breadcrumb","itemListElement":[{"@type":"ListItem","position":1,"name":"Home","item":"https:\/\/www.iplay.com\/fr\/home-page-2\/"},{"@type":"ListItem","position":2,"name":"Shop","item":"https:\/\/www.iplay.com\/en\/shop\/"},{"@type":"ListItem","position":3,"name":"Fantasy Mosaics 16: Six Colors in Wonderland"}]},{"@type":"WebSite","@id":"https:\/\/www.iplay.com\/en\/#website","url":"https:\/\/www.iplay.com\/en\/","name":"IPlay","description":"The Best Casual Games!","publisher":{"@id":"https:\/\/www.iplay.com\/en\/#organization"},"potentialAction":[{"@type":"SearchAction","target":{"@type":"EntryPoint","urlTemplate":"https:\/\/www.iplay.com\/en\/?s={search_term_string}"},"query-input":{"@type":"PropertyValueSpecification","valueRequired":true,"valueName":"search_term_string"}}],"inLanguage":"fr-FR"},{"@type":"Organization","@id":"https:\/\/www.iplay.com\/en\/#organization","name":"IPlay","url":"https:\/\/www.iplay.com\/en\/","logo":{"@type":"ImageObject","inLanguage":"fr-FR","@id":"https:\/\/www.iplay.com\/en\/#\/schema\/logo\/image\/","url":"https:\/\/www.iplay.com\/wp-content\/uploads\/2023\/11\/Group-6100.svg","contentUrl":"https:\/\/www.iplay.com\/wp-content\/uploads\/2023\/11\/Group-6100.svg","width":98,"height":25,"caption":"IPlay"},"image":{"@id":"https:\/\/www.iplay.com\/en\/#\/schema\/logo\/image\/"}}]}},"_links":{"self":[{"href":"https:\/\/www.iplay.com\/fr\/wp-json\/wp\/v2\/product\/133807","targetHints":{"allow":["GET"]}}],"collection":[{"href":"https:\/\/www.iplay.com\/fr\/wp-json\/wp\/v2\/product"}],"about":[{"href":"https:\/\/www.iplay.com\/fr\/wp-json\/wp\/v2\/types\/product"}],"author":[{"embeddable":true,"href":"https:\/\/www.iplay.com\/fr\/wp-json\/wp\/v2\/users\/43"}],"replies":[{"embeddable":true,"href":"https:\/\/www.iplay.com\/fr\/wp-json\/wp\/v2\/comments?post=133807"}],"wp:featuredmedia":[{"embeddable":true,"href":"https:\/\/www.iplay.com\/fr\/wp-json\/wp\/v2\/media\/37029"}],"wp:attachment":[{"href":"https:\/\/www.iplay.com\/fr\/wp-json\/wp\/v2\/media?parent=133807"}],"wp:term":[{"taxonomy":"product_brand","embeddable":true,"href":"https:\/\/www.iplay.com\/fr\/wp-json\/wp\/v2\/product_brand?post=133807"},{"taxonomy":"product_cat","embeddable":true,"href":"https:\/\/www.iplay.com\/fr\/wp-json\/wp\/v2\/product_cat?post=133807"},{"taxonomy":"product_tag","embeddable":true,"href":"https:\/\/www.iplay.com\/fr\/wp-json\/wp\/v2\/product_tag?post=133807"}],"curies":[{"name":"wp","href":"https:\/\/api.w.org\/{rel}","templated":true}]}}