{"id":133751,"date":"2022-09-28T00:00:00","date_gmt":"2022-09-28T00:00:00","guid":{"rendered":"https:\/\/www.iplay.com\/games\/jake-everest-wakanga-the-unseen-civilization\/"},"modified":"2022-09-28T00:00:00","modified_gmt":"2022-09-28T00:00:00","slug":"jake-everest-wakanga-the-unseen-civilization","status":"publish","type":"product","link":"https:\/\/www.iplay.com\/fr\/games\/jake-everest-wakanga-the-unseen-civilization\/","title":{"rendered":"Jake Everest: Wakanga The Unseen Civilization"},"content":{"rendered":"<p>Alors qu\u2019il poursuivait sa passion pour la recherche d\u2019antiquit\u00e9s vol\u00e9es sur le march\u00e9 noir et leur restitution \u00e0 leurs propri\u00e9taires l\u00e9gitimes, Jake Everest s\u2019est vite rendu compte que la vie avait pour lui des projets plus fascinants que l\u2019arch\u00e9ologie. Il a maintenant une grande r\u00e9putation \u00e0 cause de ses actes, et les gens viennent \u00e0 lui de partout pour obtenir de l\u2019aide. La demande la plus r\u00e9cente a \u00e9t\u00e9 formul\u00e9e par une soci\u00e9t\u00e9 mini\u00e8re qui faisait face \u00e0 un obstacle inhabituel. Leur travail est entrav\u00e9 par un avion inhabituel qui s\u2019est \u00e9cras\u00e9 pr\u00e8s de leur mine. Il se rend en Papouasie pour enqu\u00eater sur le plan et d\u00e9couvrir les nouvelles exp\u00e9riences qui l\u2019attendent.    <\/p>\n<p>&nbsp;<\/p>\n<p>&nbsp;<\/p>\n<p><strong>Fonctionnalit\u00e9s:<\/strong><\/p>\n<p>&nbsp;<\/p>\n<p>&#8211; Partez en voyage avec Jake pour d\u00e9couvrir les secrets<br \/>\n&#8211; Apprenez les secrets alors qu\u2019une conspiration se d\u00e9veloppe en arri\u00e8re-plan<br \/>\n&#8211; Trouvez d\u2019anciens artefacts et un village<br \/>\n cach\u00e9- D\u00e9bloquez 20 am\u00e9liorations pour suivre chaque \u00e9tape de Jake en 5 chapitres<br \/>\n&#8211; Mettez-vous \u00e0 l\u2019\u00e9preuve avec des \u00e9nigmes de match-3 stimulantes pour d\u00e9couvrir les ressources dont vous avez besoin pour d\u00e9bloquer chaque nouvelle mise \u00e0 niveau<\/p>\n","protected":false},"excerpt":{"rendered":"<p>Embarquez pour un voyage frais et mortel avec Jake ! D\u00e9bordant de probl\u00e8mes de match-3 !<\/p>\n","protected":false},"author":42,"featured_media":75903,"comment_status":"open","ping_status":"closed","template":"","meta":{"_acf_changed":false,"inline_featured_image":false},"product_brand":[],"product_cat":[193],"product_tag":[],"class_list":{"0":"post-133751","1":"product","2":"type-product","3":"status-publish","4":"has-post-thumbnail","6":"product_cat-puzzle-fr","8":"first","9":"instock","10":"shipping-taxable","11":"purchasable","12":"product-type-simple"},"acf":[],"yoast_head":"<!-- This site is optimized with the Yoast SEO Premium plugin v25.2 (Yoast SEO v25.2) - https:\/\/yoast.com\/wordpress\/plugins\/seo\/ -->\n<title>Jake Everest\u00a0: Wakanga The Unseen Civilization - Une aventure mortelle avec Jake, des \u00e9nigmes de match-3 passionnantes vous attendent<\/title>\n<meta name=\"description\" content=\"Embarquez pour un voyage frais et mortel avec Jake ! D\u00e9bordant de probl\u00e8mes de match-3 !\" \/>\n<meta name=\"robots\" content=\"index, follow, max-snippet:-1, max-image-preview:large, max-video-preview:-1\" \/>\n<link rel=\"canonical\" href=\"https:\/\/www.iplay.com\/fr\/games\/jake-everest-wakanga-the-unseen-civilization\/\" \/>\n<meta property=\"og:locale\" content=\"fr_FR\" \/>\n<meta property=\"og:type\" content=\"article\" \/>\n<meta property=\"og:title\" content=\"Jake Everest: Wakanga The Unseen Civilization\" \/>\n<meta property=\"og:description\" content=\"Embarquez pour un voyage frais et mortel avec Jake ! D\u00e9bordant de probl\u00e8mes de match-3 !\" \/>\n<meta property=\"og:url\" content=\"https:\/\/www.iplay.com\/fr\/games\/jake-everest-wakanga-the-unseen-civilization\/\" \/>\n<meta property=\"og:site_name\" content=\"IPlay\" \/>\n<meta property=\"og:image\" content=\"https:\/\/www.iplay.com\/wp-content\/uploads\/2023\/12\/large_square_tile_image-2239.jpg\" \/>\n\t<meta property=\"og:image:width\" content=\"310\" \/>\n\t<meta property=\"og:image:height\" content=\"310\" \/>\n\t<meta property=\"og:image:type\" content=\"image\/jpeg\" \/>\n<meta name=\"twitter:card\" content=\"summary_large_image\" \/>\n<meta name=\"twitter:label1\" content=\"Dur\u00e9e de lecture estim\u00e9e\" \/>\n\t<meta name=\"twitter:data1\" content=\"1 minute\" \/>\n<script type=\"application\/ld+json\" class=\"yoast-schema-graph\">{\"@context\":\"https:\/\/schema.org\",\"@graph\":[{\"@type\":\"WebPage\",\"@id\":\"https:\/\/www.iplay.com\/fr\/games\/jake-everest-wakanga-the-unseen-civilization\/\",\"url\":\"https:\/\/www.iplay.com\/fr\/games\/jake-everest-wakanga-the-unseen-civilization\/\",\"name\":\"Jake Everest\u00a0: Wakanga The Unseen Civilization - Une aventure mortelle avec Jake, des \u00e9nigmes de match-3 passionnantes vous attendent\",\"isPartOf\":{\"@id\":\"https:\/\/www.iplay.com\/en\/#website\"},\"primaryImageOfPage\":{\"@id\":\"https:\/\/www.iplay.com\/fr\/games\/jake-everest-wakanga-the-unseen-civilization\/#primaryimage\"},\"image\":{\"@id\":\"https:\/\/www.iplay.com\/fr\/games\/jake-everest-wakanga-the-unseen-civilization\/#primaryimage\"},\"thumbnailUrl\":\"https:\/\/www.iplay.com\/wp-content\/uploads\/2023\/12\/large_square_tile_image-2239.jpg\",\"datePublished\":\"2022-09-28T00:00:00+00:00\",\"description\":\"Embarquez pour un voyage frais et mortel avec Jake ! D\u00e9bordant de probl\u00e8mes de match-3 !\",\"breadcrumb\":{\"@id\":\"https:\/\/www.iplay.com\/fr\/games\/jake-everest-wakanga-the-unseen-civilization\/#breadcrumb\"},\"inLanguage\":\"fr-FR\",\"potentialAction\":[{\"@type\":\"ReadAction\",\"target\":[\"https:\/\/www.iplay.com\/fr\/games\/jake-everest-wakanga-the-unseen-civilization\/\"]}]},{\"@type\":\"ImageObject\",\"inLanguage\":\"fr-FR\",\"@id\":\"https:\/\/www.iplay.com\/fr\/games\/jake-everest-wakanga-the-unseen-civilization\/#primaryimage\",\"url\":\"https:\/\/www.iplay.com\/wp-content\/uploads\/2023\/12\/large_square_tile_image-2239.jpg\",\"contentUrl\":\"https:\/\/www.iplay.com\/wp-content\/uploads\/2023\/12\/large_square_tile_image-2239.jpg\",\"width\":310,\"height\":310},{\"@type\":\"BreadcrumbList\",\"@id\":\"https:\/\/www.iplay.com\/fr\/games\/jake-everest-wakanga-the-unseen-civilization\/#breadcrumb\",\"itemListElement\":[{\"@type\":\"ListItem\",\"position\":1,\"name\":\"Home\",\"item\":\"https:\/\/www.iplay.com\/fr\/home-page-2\/\"},{\"@type\":\"ListItem\",\"position\":2,\"name\":\"Shop\",\"item\":\"https:\/\/www.iplay.com\/en\/shop\/\"},{\"@type\":\"ListItem\",\"position\":3,\"name\":\"Jake Everest: Wakanga The Unseen Civilization\"}]},{\"@type\":\"WebSite\",\"@id\":\"https:\/\/www.iplay.com\/en\/#website\",\"url\":\"https:\/\/www.iplay.com\/en\/\",\"name\":\"IPlay\",\"description\":\"The Best Casual Games!\",\"publisher\":{\"@id\":\"https:\/\/www.iplay.com\/en\/#organization\"},\"potentialAction\":[{\"@type\":\"SearchAction\",\"target\":{\"@type\":\"EntryPoint\",\"urlTemplate\":\"https:\/\/www.iplay.com\/en\/?s={search_term_string}\"},\"query-input\":{\"@type\":\"PropertyValueSpecification\",\"valueRequired\":true,\"valueName\":\"search_term_string\"}}],\"inLanguage\":\"fr-FR\"},{\"@type\":\"Organization\",\"@id\":\"https:\/\/www.iplay.com\/en\/#organization\",\"name\":\"IPlay\",\"url\":\"https:\/\/www.iplay.com\/en\/\",\"logo\":{\"@type\":\"ImageObject\",\"inLanguage\":\"fr-FR\",\"@id\":\"https:\/\/www.iplay.com\/en\/#\/schema\/logo\/image\/\",\"url\":\"https:\/\/www.iplay.com\/wp-content\/uploads\/2023\/11\/Group-6100.svg\",\"contentUrl\":\"https:\/\/www.iplay.com\/wp-content\/uploads\/2023\/11\/Group-6100.svg\",\"width\":98,\"height\":25,\"caption\":\"IPlay\"},\"image\":{\"@id\":\"https:\/\/www.iplay.com\/en\/#\/schema\/logo\/image\/\"}}]}<\/script>\n<!-- \/ Yoast SEO Premium plugin. -->","yoast_head_json":{"title":"Jake Everest\u00a0: Wakanga The Unseen Civilization - Une aventure mortelle avec Jake, des \u00e9nigmes de match-3 passionnantes vous attendent","description":"Embarquez pour un voyage frais et mortel avec Jake ! D\u00e9bordant de probl\u00e8mes de match-3 !","robots":{"index":"index","follow":"follow","max-snippet":"max-snippet:-1","max-image-preview":"max-image-preview:large","max-video-preview":"max-video-preview:-1"},"canonical":"https:\/\/www.iplay.com\/fr\/games\/jake-everest-wakanga-the-unseen-civilization\/","og_locale":"fr_FR","og_type":"article","og_title":"Jake Everest: Wakanga The Unseen Civilization","og_description":"Embarquez pour un voyage frais et mortel avec Jake ! D\u00e9bordant de probl\u00e8mes de match-3 !","og_url":"https:\/\/www.iplay.com\/fr\/games\/jake-everest-wakanga-the-unseen-civilization\/","og_site_name":"IPlay","og_image":[{"width":310,"height":310,"url":"https:\/\/www.iplay.com\/wp-content\/uploads\/2023\/12\/large_square_tile_image-2239.jpg","type":"image\/jpeg"}],"twitter_card":"summary_large_image","twitter_misc":{"Dur\u00e9e de lecture estim\u00e9e":"1 minute"},"schema":{"@context":"https:\/\/schema.org","@graph":[{"@type":"WebPage","@id":"https:\/\/www.iplay.com\/fr\/games\/jake-everest-wakanga-the-unseen-civilization\/","url":"https:\/\/www.iplay.com\/fr\/games\/jake-everest-wakanga-the-unseen-civilization\/","name":"Jake Everest\u00a0: Wakanga The Unseen Civilization - Une aventure mortelle avec Jake, des \u00e9nigmes de match-3 passionnantes vous attendent","isPartOf":{"@id":"https:\/\/www.iplay.com\/en\/#website"},"primaryImageOfPage":{"@id":"https:\/\/www.iplay.com\/fr\/games\/jake-everest-wakanga-the-unseen-civilization\/#primaryimage"},"image":{"@id":"https:\/\/www.iplay.com\/fr\/games\/jake-everest-wakanga-the-unseen-civilization\/#primaryimage"},"thumbnailUrl":"https:\/\/www.iplay.com\/wp-content\/uploads\/2023\/12\/large_square_tile_image-2239.jpg","datePublished":"2022-09-28T00:00:00+00:00","description":"Embarquez pour un voyage frais et mortel avec Jake ! D\u00e9bordant de probl\u00e8mes de match-3 !","breadcrumb":{"@id":"https:\/\/www.iplay.com\/fr\/games\/jake-everest-wakanga-the-unseen-civilization\/#breadcrumb"},"inLanguage":"fr-FR","potentialAction":[{"@type":"ReadAction","target":["https:\/\/www.iplay.com\/fr\/games\/jake-everest-wakanga-the-unseen-civilization\/"]}]},{"@type":"ImageObject","inLanguage":"fr-FR","@id":"https:\/\/www.iplay.com\/fr\/games\/jake-everest-wakanga-the-unseen-civilization\/#primaryimage","url":"https:\/\/www.iplay.com\/wp-content\/uploads\/2023\/12\/large_square_tile_image-2239.jpg","contentUrl":"https:\/\/www.iplay.com\/wp-content\/uploads\/2023\/12\/large_square_tile_image-2239.jpg","width":310,"height":310},{"@type":"BreadcrumbList","@id":"https:\/\/www.iplay.com\/fr\/games\/jake-everest-wakanga-the-unseen-civilization\/#breadcrumb","itemListElement":[{"@type":"ListItem","position":1,"name":"Home","item":"https:\/\/www.iplay.com\/fr\/home-page-2\/"},{"@type":"ListItem","position":2,"name":"Shop","item":"https:\/\/www.iplay.com\/en\/shop\/"},{"@type":"ListItem","position":3,"name":"Jake Everest: Wakanga The Unseen Civilization"}]},{"@type":"WebSite","@id":"https:\/\/www.iplay.com\/en\/#website","url":"https:\/\/www.iplay.com\/en\/","name":"IPlay","description":"The Best Casual Games!","publisher":{"@id":"https:\/\/www.iplay.com\/en\/#organization"},"potentialAction":[{"@type":"SearchAction","target":{"@type":"EntryPoint","urlTemplate":"https:\/\/www.iplay.com\/en\/?s={search_term_string}"},"query-input":{"@type":"PropertyValueSpecification","valueRequired":true,"valueName":"search_term_string"}}],"inLanguage":"fr-FR"},{"@type":"Organization","@id":"https:\/\/www.iplay.com\/en\/#organization","name":"IPlay","url":"https:\/\/www.iplay.com\/en\/","logo":{"@type":"ImageObject","inLanguage":"fr-FR","@id":"https:\/\/www.iplay.com\/en\/#\/schema\/logo\/image\/","url":"https:\/\/www.iplay.com\/wp-content\/uploads\/2023\/11\/Group-6100.svg","contentUrl":"https:\/\/www.iplay.com\/wp-content\/uploads\/2023\/11\/Group-6100.svg","width":98,"height":25,"caption":"IPlay"},"image":{"@id":"https:\/\/www.iplay.com\/en\/#\/schema\/logo\/image\/"}}]}},"_links":{"self":[{"href":"https:\/\/www.iplay.com\/fr\/wp-json\/wp\/v2\/product\/133751","targetHints":{"allow":["GET"]}}],"collection":[{"href":"https:\/\/www.iplay.com\/fr\/wp-json\/wp\/v2\/product"}],"about":[{"href":"https:\/\/www.iplay.com\/fr\/wp-json\/wp\/v2\/types\/product"}],"author":[{"embeddable":true,"href":"https:\/\/www.iplay.com\/fr\/wp-json\/wp\/v2\/users\/42"}],"replies":[{"embeddable":true,"href":"https:\/\/www.iplay.com\/fr\/wp-json\/wp\/v2\/comments?post=133751"}],"wp:featuredmedia":[{"embeddable":true,"href":"https:\/\/www.iplay.com\/fr\/wp-json\/wp\/v2\/media\/75903"}],"wp:attachment":[{"href":"https:\/\/www.iplay.com\/fr\/wp-json\/wp\/v2\/media?parent=133751"}],"wp:term":[{"taxonomy":"product_brand","embeddable":true,"href":"https:\/\/www.iplay.com\/fr\/wp-json\/wp\/v2\/product_brand?post=133751"},{"taxonomy":"product_cat","embeddable":true,"href":"https:\/\/www.iplay.com\/fr\/wp-json\/wp\/v2\/product_cat?post=133751"},{"taxonomy":"product_tag","embeddable":true,"href":"https:\/\/www.iplay.com\/fr\/wp-json\/wp\/v2\/product_tag?post=133751"}],"curies":[{"name":"wp","href":"https:\/\/api.w.org\/{rel}","templated":true}]}}