{"id":133732,"date":"2022-09-24T00:00:00","date_gmt":"2022-09-24T00:00:00","guid":{"rendered":"https:\/\/www.iplay.com\/games\/camelot-2-quest-for-the-holy-grail-collectors-edition\/"},"modified":"2022-09-24T00:00:00","modified_gmt":"2022-09-24T00:00:00","slug":"camelot-2-quest-for-the-holy-grail-collectors-edition","status":"publish","type":"product","link":"https:\/\/www.iplay.com\/fr\/games\/camelot-2-quest-for-the-holy-grail-collectors-edition\/","title":{"rendered":"Camelot 2: Quest for the Holy Grail Collector&#8217;s Edition"},"content":{"rendered":"<p>Des nouvelles troublantes secou\u00e8rent Camelot. La reine Gueni\u00e8vre a contract\u00e9 une terrible maladie et, par cons\u00e9quent, le magicien de la cour a \u00e9t\u00e9 appel\u00e9 \u00e0 la cour. La seule chose qui peut \u00e9pargner la bien-aim\u00e9e du roi Arthur de la mort est le Saint Graal, qui a des propri\u00e9t\u00e9s curatives. Mais cela fait un moment, et il est perdu dans l\u2019immensit\u00e9 d\u2019Avalon. Une vieille sorci\u00e8re \u00e9nigmatique pr\u00e9tend qu\u2019il peut \u00eatre localis\u00e9 en passant par des portails cach\u00e9s dans la grotte et en explorant trois royaumes distincts. Mais serons-nous capables de surmonter tous les obstacles et de sauver la reine ?     <\/p>\n<p>&nbsp;<\/p>\n<p>&nbsp;<\/p>\n<p><strong>Fonctionnalit\u00e9s:<\/strong><\/p>\n<p>&nbsp;<\/p>\n<p>&#8211; Revenez \u00e0 la tranquillit\u00e9 dans le royaume de Camelot<\/p>\n<p>&#8211; Excellent jeu pour les fans de puzzles<\/p>\n<p>&#8211; Recherchez chaque objet de morphing pr\u00e9sent dans chaque sc\u00e9nario<\/p>\n<p>&#8211; Savourez le dernier \u00e9pisode du r\u00e9cit<\/p>\n<p>&#8211; Quarante nouvelles sc\u00e8nes<\/p>\n<p>&#8211; 26 Petits jeux<\/p>\n","protected":false},"excerpt":{"rendered":"<p>Aidez le roi Arthur \u00e0 sauver la belle reine Gueni\u00e8vre.<\/p>\n","protected":false},"author":196,"featured_media":90148,"comment_status":"open","ping_status":"closed","template":"","meta":{"_acf_changed":false,"inline_featured_image":false},"product_brand":[],"product_cat":[165],"product_tag":[287],"class_list":{"0":"post-133732","1":"product","2":"type-product","3":"status-publish","4":"has-post-thumbnail","6":"product_cat-hidden-object-fr","7":"product_tag-play-on-pc-fr","9":"first","10":"instock","11":"shipping-taxable","12":"purchasable","13":"product-type-simple"},"acf":[],"yoast_head":"<!-- This site is optimized with the Yoast SEO Premium plugin v25.2 (Yoast SEO v25.2) - https:\/\/yoast.com\/wordpress\/plugins\/seo\/ -->\n<title>Camelot 2\u00a0: La Qu\u00eate du Saint Graal Edition Collector - Aidez le roi Arthur \u00e0 sauver sa charmante reine Gueni\u00e8vre<\/title>\n<meta name=\"description\" content=\"Aidez le roi Arthur \u00e0 sauver la belle reine Gueni\u00e8vre.\" \/>\n<meta name=\"robots\" content=\"index, follow, max-snippet:-1, max-image-preview:large, max-video-preview:-1\" \/>\n<link rel=\"canonical\" href=\"https:\/\/www.iplay.com\/fr\/games\/camelot-2-quest-for-the-holy-grail-collectors-edition\/\" \/>\n<meta property=\"og:locale\" content=\"fr_FR\" \/>\n<meta property=\"og:type\" content=\"article\" \/>\n<meta property=\"og:title\" content=\"Camelot 2: Quest for the Holy Grail Collector&#039;s Edition\" \/>\n<meta property=\"og:description\" content=\"Aidez le roi Arthur \u00e0 sauver la belle reine Gueni\u00e8vre.\" \/>\n<meta property=\"og:url\" content=\"https:\/\/www.iplay.com\/fr\/games\/camelot-2-quest-for-the-holy-grail-collectors-edition\/\" \/>\n<meta property=\"og:site_name\" content=\"IPlay\" \/>\n<meta property=\"og:image\" content=\"https:\/\/www.iplay.com\/wp-content\/uploads\/2023\/12\/large_square_tile_image-3148.jpg\" \/>\n\t<meta property=\"og:image:width\" content=\"310\" \/>\n\t<meta property=\"og:image:height\" content=\"310\" \/>\n\t<meta property=\"og:image:type\" content=\"image\/jpeg\" \/>\n<meta name=\"twitter:card\" content=\"summary_large_image\" \/>\n<meta name=\"twitter:label1\" content=\"Dur\u00e9e de lecture estim\u00e9e\" \/>\n\t<meta name=\"twitter:data1\" content=\"1 minute\" \/>\n<script type=\"application\/ld+json\" class=\"yoast-schema-graph\">{\"@context\":\"https:\/\/schema.org\",\"@graph\":[{\"@type\":\"WebPage\",\"@id\":\"https:\/\/www.iplay.com\/fr\/games\/camelot-2-quest-for-the-holy-grail-collectors-edition\/\",\"url\":\"https:\/\/www.iplay.com\/fr\/games\/camelot-2-quest-for-the-holy-grail-collectors-edition\/\",\"name\":\"Camelot 2\u00a0: La Qu\u00eate du Saint Graal Edition Collector - Aidez le roi Arthur \u00e0 sauver sa charmante reine Gueni\u00e8vre\",\"isPartOf\":{\"@id\":\"https:\/\/www.iplay.com\/en\/#website\"},\"primaryImageOfPage\":{\"@id\":\"https:\/\/www.iplay.com\/fr\/games\/camelot-2-quest-for-the-holy-grail-collectors-edition\/#primaryimage\"},\"image\":{\"@id\":\"https:\/\/www.iplay.com\/fr\/games\/camelot-2-quest-for-the-holy-grail-collectors-edition\/#primaryimage\"},\"thumbnailUrl\":\"https:\/\/www.iplay.com\/wp-content\/uploads\/2023\/12\/large_square_tile_image-3148.jpg\",\"datePublished\":\"2022-09-24T00:00:00+00:00\",\"description\":\"Aidez le roi Arthur \u00e0 sauver la belle reine Gueni\u00e8vre.\",\"breadcrumb\":{\"@id\":\"https:\/\/www.iplay.com\/fr\/games\/camelot-2-quest-for-the-holy-grail-collectors-edition\/#breadcrumb\"},\"inLanguage\":\"fr-FR\",\"potentialAction\":[{\"@type\":\"ReadAction\",\"target\":[\"https:\/\/www.iplay.com\/fr\/games\/camelot-2-quest-for-the-holy-grail-collectors-edition\/\"]}]},{\"@type\":\"ImageObject\",\"inLanguage\":\"fr-FR\",\"@id\":\"https:\/\/www.iplay.com\/fr\/games\/camelot-2-quest-for-the-holy-grail-collectors-edition\/#primaryimage\",\"url\":\"https:\/\/www.iplay.com\/wp-content\/uploads\/2023\/12\/large_square_tile_image-3148.jpg\",\"contentUrl\":\"https:\/\/www.iplay.com\/wp-content\/uploads\/2023\/12\/large_square_tile_image-3148.jpg\",\"width\":310,\"height\":310},{\"@type\":\"BreadcrumbList\",\"@id\":\"https:\/\/www.iplay.com\/fr\/games\/camelot-2-quest-for-the-holy-grail-collectors-edition\/#breadcrumb\",\"itemListElement\":[{\"@type\":\"ListItem\",\"position\":1,\"name\":\"Home\",\"item\":\"https:\/\/www.iplay.com\/fr\/home-page-2\/\"},{\"@type\":\"ListItem\",\"position\":2,\"name\":\"Shop\",\"item\":\"https:\/\/www.iplay.com\/en\/shop\/\"},{\"@type\":\"ListItem\",\"position\":3,\"name\":\"Camelot 2: Quest for the Holy Grail Collector&#8217;s Edition\"}]},{\"@type\":\"WebSite\",\"@id\":\"https:\/\/www.iplay.com\/en\/#website\",\"url\":\"https:\/\/www.iplay.com\/en\/\",\"name\":\"IPlay\",\"description\":\"The Best Casual Games!\",\"publisher\":{\"@id\":\"https:\/\/www.iplay.com\/en\/#organization\"},\"potentialAction\":[{\"@type\":\"SearchAction\",\"target\":{\"@type\":\"EntryPoint\",\"urlTemplate\":\"https:\/\/www.iplay.com\/en\/?s={search_term_string}\"},\"query-input\":{\"@type\":\"PropertyValueSpecification\",\"valueRequired\":true,\"valueName\":\"search_term_string\"}}],\"inLanguage\":\"fr-FR\"},{\"@type\":\"Organization\",\"@id\":\"https:\/\/www.iplay.com\/en\/#organization\",\"name\":\"IPlay\",\"url\":\"https:\/\/www.iplay.com\/en\/\",\"logo\":{\"@type\":\"ImageObject\",\"inLanguage\":\"fr-FR\",\"@id\":\"https:\/\/www.iplay.com\/en\/#\/schema\/logo\/image\/\",\"url\":\"https:\/\/www.iplay.com\/wp-content\/uploads\/2023\/11\/Group-6100.svg\",\"contentUrl\":\"https:\/\/www.iplay.com\/wp-content\/uploads\/2023\/11\/Group-6100.svg\",\"width\":98,\"height\":25,\"caption\":\"IPlay\"},\"image\":{\"@id\":\"https:\/\/www.iplay.com\/en\/#\/schema\/logo\/image\/\"}}]}<\/script>\n<!-- \/ Yoast SEO Premium plugin. -->","yoast_head_json":{"title":"Camelot 2\u00a0: La Qu\u00eate du Saint Graal Edition Collector - Aidez le roi Arthur \u00e0 sauver sa charmante reine Gueni\u00e8vre","description":"Aidez le roi Arthur \u00e0 sauver la belle reine Gueni\u00e8vre.","robots":{"index":"index","follow":"follow","max-snippet":"max-snippet:-1","max-image-preview":"max-image-preview:large","max-video-preview":"max-video-preview:-1"},"canonical":"https:\/\/www.iplay.com\/fr\/games\/camelot-2-quest-for-the-holy-grail-collectors-edition\/","og_locale":"fr_FR","og_type":"article","og_title":"Camelot 2: Quest for the Holy Grail Collector's Edition","og_description":"Aidez le roi Arthur \u00e0 sauver la belle reine Gueni\u00e8vre.","og_url":"https:\/\/www.iplay.com\/fr\/games\/camelot-2-quest-for-the-holy-grail-collectors-edition\/","og_site_name":"IPlay","og_image":[{"width":310,"height":310,"url":"https:\/\/www.iplay.com\/wp-content\/uploads\/2023\/12\/large_square_tile_image-3148.jpg","type":"image\/jpeg"}],"twitter_card":"summary_large_image","twitter_misc":{"Dur\u00e9e de lecture estim\u00e9e":"1 minute"},"schema":{"@context":"https:\/\/schema.org","@graph":[{"@type":"WebPage","@id":"https:\/\/www.iplay.com\/fr\/games\/camelot-2-quest-for-the-holy-grail-collectors-edition\/","url":"https:\/\/www.iplay.com\/fr\/games\/camelot-2-quest-for-the-holy-grail-collectors-edition\/","name":"Camelot 2\u00a0: La Qu\u00eate du Saint Graal Edition Collector - Aidez le roi Arthur \u00e0 sauver sa charmante reine Gueni\u00e8vre","isPartOf":{"@id":"https:\/\/www.iplay.com\/en\/#website"},"primaryImageOfPage":{"@id":"https:\/\/www.iplay.com\/fr\/games\/camelot-2-quest-for-the-holy-grail-collectors-edition\/#primaryimage"},"image":{"@id":"https:\/\/www.iplay.com\/fr\/games\/camelot-2-quest-for-the-holy-grail-collectors-edition\/#primaryimage"},"thumbnailUrl":"https:\/\/www.iplay.com\/wp-content\/uploads\/2023\/12\/large_square_tile_image-3148.jpg","datePublished":"2022-09-24T00:00:00+00:00","description":"Aidez le roi Arthur \u00e0 sauver la belle reine Gueni\u00e8vre.","breadcrumb":{"@id":"https:\/\/www.iplay.com\/fr\/games\/camelot-2-quest-for-the-holy-grail-collectors-edition\/#breadcrumb"},"inLanguage":"fr-FR","potentialAction":[{"@type":"ReadAction","target":["https:\/\/www.iplay.com\/fr\/games\/camelot-2-quest-for-the-holy-grail-collectors-edition\/"]}]},{"@type":"ImageObject","inLanguage":"fr-FR","@id":"https:\/\/www.iplay.com\/fr\/games\/camelot-2-quest-for-the-holy-grail-collectors-edition\/#primaryimage","url":"https:\/\/www.iplay.com\/wp-content\/uploads\/2023\/12\/large_square_tile_image-3148.jpg","contentUrl":"https:\/\/www.iplay.com\/wp-content\/uploads\/2023\/12\/large_square_tile_image-3148.jpg","width":310,"height":310},{"@type":"BreadcrumbList","@id":"https:\/\/www.iplay.com\/fr\/games\/camelot-2-quest-for-the-holy-grail-collectors-edition\/#breadcrumb","itemListElement":[{"@type":"ListItem","position":1,"name":"Home","item":"https:\/\/www.iplay.com\/fr\/home-page-2\/"},{"@type":"ListItem","position":2,"name":"Shop","item":"https:\/\/www.iplay.com\/en\/shop\/"},{"@type":"ListItem","position":3,"name":"Camelot 2: Quest for the Holy Grail Collector&#8217;s Edition"}]},{"@type":"WebSite","@id":"https:\/\/www.iplay.com\/en\/#website","url":"https:\/\/www.iplay.com\/en\/","name":"IPlay","description":"The Best Casual Games!","publisher":{"@id":"https:\/\/www.iplay.com\/en\/#organization"},"potentialAction":[{"@type":"SearchAction","target":{"@type":"EntryPoint","urlTemplate":"https:\/\/www.iplay.com\/en\/?s={search_term_string}"},"query-input":{"@type":"PropertyValueSpecification","valueRequired":true,"valueName":"search_term_string"}}],"inLanguage":"fr-FR"},{"@type":"Organization","@id":"https:\/\/www.iplay.com\/en\/#organization","name":"IPlay","url":"https:\/\/www.iplay.com\/en\/","logo":{"@type":"ImageObject","inLanguage":"fr-FR","@id":"https:\/\/www.iplay.com\/en\/#\/schema\/logo\/image\/","url":"https:\/\/www.iplay.com\/wp-content\/uploads\/2023\/11\/Group-6100.svg","contentUrl":"https:\/\/www.iplay.com\/wp-content\/uploads\/2023\/11\/Group-6100.svg","width":98,"height":25,"caption":"IPlay"},"image":{"@id":"https:\/\/www.iplay.com\/en\/#\/schema\/logo\/image\/"}}]}},"_links":{"self":[{"href":"https:\/\/www.iplay.com\/fr\/wp-json\/wp\/v2\/product\/133732","targetHints":{"allow":["GET"]}}],"collection":[{"href":"https:\/\/www.iplay.com\/fr\/wp-json\/wp\/v2\/product"}],"about":[{"href":"https:\/\/www.iplay.com\/fr\/wp-json\/wp\/v2\/types\/product"}],"author":[{"embeddable":true,"href":"https:\/\/www.iplay.com\/fr\/wp-json\/wp\/v2\/users\/196"}],"replies":[{"embeddable":true,"href":"https:\/\/www.iplay.com\/fr\/wp-json\/wp\/v2\/comments?post=133732"}],"wp:featuredmedia":[{"embeddable":true,"href":"https:\/\/www.iplay.com\/fr\/wp-json\/wp\/v2\/media\/90148"}],"wp:attachment":[{"href":"https:\/\/www.iplay.com\/fr\/wp-json\/wp\/v2\/media?parent=133732"}],"wp:term":[{"taxonomy":"product_brand","embeddable":true,"href":"https:\/\/www.iplay.com\/fr\/wp-json\/wp\/v2\/product_brand?post=133732"},{"taxonomy":"product_cat","embeddable":true,"href":"https:\/\/www.iplay.com\/fr\/wp-json\/wp\/v2\/product_cat?post=133732"},{"taxonomy":"product_tag","embeddable":true,"href":"https:\/\/www.iplay.com\/fr\/wp-json\/wp\/v2\/product_tag?post=133732"}],"curies":[{"name":"wp","href":"https:\/\/api.w.org\/{rel}","templated":true}]}}