{"id":133668,"date":"2024-04-08T16:52:05","date_gmt":"2024-04-08T16:52:05","guid":{"rendered":"https:\/\/www.iplay.com\/games\/solitaire-tripeaks-harvest\/"},"modified":"2024-04-08T16:52:05","modified_gmt":"2024-04-08T16:52:05","slug":"solitaire-tripeaks-harvest","status":"publish","type":"product","link":"https:\/\/www.iplay.com\/fr\/games\/solitaire-tripeaks-harvest\/","title":{"rendered":"Solitaire Tripeaks Harvest"},"content":{"rendered":"<p>Consid\u00e9rez-vous comme un agriculteur en cultivant vos propres fruits et l\u00e9gumes. Avec Solitaire TriPeaks Farming, vous pouvez jouer \u00e0 des niveaux captivants avec une vari\u00e9t\u00e9 infinie tout en profitant des paysages \u00e9poustouflants. Le plaisir est la chose la plus importante.  <\/p>\n<p>&nbsp;<\/p>\n<p><b>FONCTIONNALIT\u00c9S<\/b><\/p>\n<ul>\n<li>Niveaux cr\u00e9\u00e9s \u00e0 la main<\/li>\n<li>Des environnements magnifiques<\/li>\n<li>Rencontre apaisante<\/li>\n<li>Des r\u00e9compenses abondantes<\/li>\n<\/ul>\n<p>&nbsp;<\/p>\n<p><b>COMMENT JOUER<\/b><\/p>\n<ul>\n<li>Terminer les niveaux de jeux de solitaire tripeaks de difficult\u00e9s variables est votre objectif.<\/li>\n<li>Vous pouvez obtenir jusqu\u2019\u00e0 trois \u00e9toiles \u00e0 chaque niveau. Vous pouvez agrandir votre ferme en gagnant plus d\u2019\u00e9toiles. <\/li>\n<\/ul>\n","protected":false},"excerpt":{"rendered":"<p>Prenez soin de votre ferme en jouant au solitaire tripeaks !<\/p>\n","protected":false},"author":325,"featured_media":0,"comment_status":"open","ping_status":"closed","template":"","meta":{"_acf_changed":false,"inline_featured_image":false},"product_brand":[],"product_cat":[155,179,207],"product_tag":[285,305,287],"class_list":{"0":"post-133668","1":"product","2":"type-product","3":"status-publish","5":"product_cat-card-fr-2","6":"product_cat-mobile-games-fr","7":"product_cat-solitaire-fr","8":"product_tag-play-on-mac-fr","9":"product_tag-play-on-mobile-fr","10":"product_tag-play-on-pc-fr","12":"first","13":"instock","14":"shipping-taxable","15":"purchasable","16":"product-type-html5_game"},"acf":[],"yoast_head":"<!-- This site is optimized with the Yoast SEO Premium plugin v25.2 (Yoast SEO v25.2) - https:\/\/yoast.com\/wordpress\/plugins\/seo\/ -->\n<title>Solitaire Tripeaks Harvest - Jouez sur IPlay<\/title>\n<meta name=\"description\" content=\"Prenez soin de votre ferme en jouant au solitaire tripeaks !\" \/>\n<meta name=\"robots\" content=\"index, follow, max-snippet:-1, max-image-preview:large, max-video-preview:-1\" \/>\n<link rel=\"canonical\" href=\"https:\/\/www.iplay.com\/fr\/games\/solitaire-tripeaks-harvest\/\" \/>\n<meta property=\"og:locale\" content=\"fr_FR\" \/>\n<meta property=\"og:type\" content=\"article\" \/>\n<meta property=\"og:title\" content=\"Solitaire Tripeaks Harvest\" \/>\n<meta property=\"og:description\" content=\"Prenez soin de votre ferme en jouant au solitaire tripeaks !\" \/>\n<meta property=\"og:url\" content=\"https:\/\/www.iplay.com\/fr\/games\/solitaire-tripeaks-harvest\/\" \/>\n<meta property=\"og:site_name\" content=\"IPlay\" \/>\n<meta name=\"twitter:card\" content=\"summary_large_image\" \/>\n<script type=\"application\/ld+json\" class=\"yoast-schema-graph\">{\"@context\":\"https:\/\/schema.org\",\"@graph\":[{\"@type\":\"WebPage\",\"@id\":\"https:\/\/www.iplay.com\/fr\/games\/solitaire-tripeaks-harvest\/\",\"url\":\"https:\/\/www.iplay.com\/fr\/games\/solitaire-tripeaks-harvest\/\",\"name\":\"Solitaire Tripeaks Harvest - Jouez sur IPlay\",\"isPartOf\":{\"@id\":\"https:\/\/www.iplay.com\/en\/#website\"},\"datePublished\":\"2024-04-08T16:52:05+00:00\",\"description\":\"Prenez soin de votre ferme en jouant au solitaire tripeaks !\",\"breadcrumb\":{\"@id\":\"https:\/\/www.iplay.com\/fr\/games\/solitaire-tripeaks-harvest\/#breadcrumb\"},\"inLanguage\":\"fr-FR\",\"potentialAction\":[{\"@type\":\"ReadAction\",\"target\":[\"https:\/\/www.iplay.com\/fr\/games\/solitaire-tripeaks-harvest\/\"]}]},{\"@type\":\"BreadcrumbList\",\"@id\":\"https:\/\/www.iplay.com\/fr\/games\/solitaire-tripeaks-harvest\/#breadcrumb\",\"itemListElement\":[{\"@type\":\"ListItem\",\"position\":1,\"name\":\"Home\",\"item\":\"https:\/\/www.iplay.com\/fr\/home-page-2\/\"},{\"@type\":\"ListItem\",\"position\":2,\"name\":\"Shop\",\"item\":\"https:\/\/www.iplay.com\/en\/shop\/\"},{\"@type\":\"ListItem\",\"position\":3,\"name\":\"Solitaire Tripeaks Harvest\"}]},{\"@type\":\"WebSite\",\"@id\":\"https:\/\/www.iplay.com\/en\/#website\",\"url\":\"https:\/\/www.iplay.com\/en\/\",\"name\":\"IPlay\",\"description\":\"The Best Casual Games!\",\"publisher\":{\"@id\":\"https:\/\/www.iplay.com\/en\/#organization\"},\"potentialAction\":[{\"@type\":\"SearchAction\",\"target\":{\"@type\":\"EntryPoint\",\"urlTemplate\":\"https:\/\/www.iplay.com\/en\/?s={search_term_string}\"},\"query-input\":{\"@type\":\"PropertyValueSpecification\",\"valueRequired\":true,\"valueName\":\"search_term_string\"}}],\"inLanguage\":\"fr-FR\"},{\"@type\":\"Organization\",\"@id\":\"https:\/\/www.iplay.com\/en\/#organization\",\"name\":\"IPlay\",\"url\":\"https:\/\/www.iplay.com\/en\/\",\"logo\":{\"@type\":\"ImageObject\",\"inLanguage\":\"fr-FR\",\"@id\":\"https:\/\/www.iplay.com\/en\/#\/schema\/logo\/image\/\",\"url\":\"https:\/\/www.iplay.com\/wp-content\/uploads\/2023\/11\/Group-6100.svg\",\"contentUrl\":\"https:\/\/www.iplay.com\/wp-content\/uploads\/2023\/11\/Group-6100.svg\",\"width\":98,\"height\":25,\"caption\":\"IPlay\"},\"image\":{\"@id\":\"https:\/\/www.iplay.com\/en\/#\/schema\/logo\/image\/\"}}]}<\/script>\n<!-- \/ Yoast SEO Premium plugin. -->","yoast_head_json":{"title":"Solitaire Tripeaks Harvest - Jouez sur IPlay","description":"Prenez soin de votre ferme en jouant au solitaire tripeaks !","robots":{"index":"index","follow":"follow","max-snippet":"max-snippet:-1","max-image-preview":"max-image-preview:large","max-video-preview":"max-video-preview:-1"},"canonical":"https:\/\/www.iplay.com\/fr\/games\/solitaire-tripeaks-harvest\/","og_locale":"fr_FR","og_type":"article","og_title":"Solitaire Tripeaks Harvest","og_description":"Prenez soin de votre ferme en jouant au solitaire tripeaks !","og_url":"https:\/\/www.iplay.com\/fr\/games\/solitaire-tripeaks-harvest\/","og_site_name":"IPlay","twitter_card":"summary_large_image","schema":{"@context":"https:\/\/schema.org","@graph":[{"@type":"WebPage","@id":"https:\/\/www.iplay.com\/fr\/games\/solitaire-tripeaks-harvest\/","url":"https:\/\/www.iplay.com\/fr\/games\/solitaire-tripeaks-harvest\/","name":"Solitaire Tripeaks Harvest - Jouez sur IPlay","isPartOf":{"@id":"https:\/\/www.iplay.com\/en\/#website"},"datePublished":"2024-04-08T16:52:05+00:00","description":"Prenez soin de votre ferme en jouant au solitaire tripeaks !","breadcrumb":{"@id":"https:\/\/www.iplay.com\/fr\/games\/solitaire-tripeaks-harvest\/#breadcrumb"},"inLanguage":"fr-FR","potentialAction":[{"@type":"ReadAction","target":["https:\/\/www.iplay.com\/fr\/games\/solitaire-tripeaks-harvest\/"]}]},{"@type":"BreadcrumbList","@id":"https:\/\/www.iplay.com\/fr\/games\/solitaire-tripeaks-harvest\/#breadcrumb","itemListElement":[{"@type":"ListItem","position":1,"name":"Home","item":"https:\/\/www.iplay.com\/fr\/home-page-2\/"},{"@type":"ListItem","position":2,"name":"Shop","item":"https:\/\/www.iplay.com\/en\/shop\/"},{"@type":"ListItem","position":3,"name":"Solitaire Tripeaks Harvest"}]},{"@type":"WebSite","@id":"https:\/\/www.iplay.com\/en\/#website","url":"https:\/\/www.iplay.com\/en\/","name":"IPlay","description":"The Best Casual Games!","publisher":{"@id":"https:\/\/www.iplay.com\/en\/#organization"},"potentialAction":[{"@type":"SearchAction","target":{"@type":"EntryPoint","urlTemplate":"https:\/\/www.iplay.com\/en\/?s={search_term_string}"},"query-input":{"@type":"PropertyValueSpecification","valueRequired":true,"valueName":"search_term_string"}}],"inLanguage":"fr-FR"},{"@type":"Organization","@id":"https:\/\/www.iplay.com\/en\/#organization","name":"IPlay","url":"https:\/\/www.iplay.com\/en\/","logo":{"@type":"ImageObject","inLanguage":"fr-FR","@id":"https:\/\/www.iplay.com\/en\/#\/schema\/logo\/image\/","url":"https:\/\/www.iplay.com\/wp-content\/uploads\/2023\/11\/Group-6100.svg","contentUrl":"https:\/\/www.iplay.com\/wp-content\/uploads\/2023\/11\/Group-6100.svg","width":98,"height":25,"caption":"IPlay"},"image":{"@id":"https:\/\/www.iplay.com\/en\/#\/schema\/logo\/image\/"}}]}},"_links":{"self":[{"href":"https:\/\/www.iplay.com\/fr\/wp-json\/wp\/v2\/product\/133668","targetHints":{"allow":["GET"]}}],"collection":[{"href":"https:\/\/www.iplay.com\/fr\/wp-json\/wp\/v2\/product"}],"about":[{"href":"https:\/\/www.iplay.com\/fr\/wp-json\/wp\/v2\/types\/product"}],"author":[{"embeddable":true,"href":"https:\/\/www.iplay.com\/fr\/wp-json\/wp\/v2\/users\/325"}],"replies":[{"embeddable":true,"href":"https:\/\/www.iplay.com\/fr\/wp-json\/wp\/v2\/comments?post=133668"}],"wp:attachment":[{"href":"https:\/\/www.iplay.com\/fr\/wp-json\/wp\/v2\/media?parent=133668"}],"wp:term":[{"taxonomy":"product_brand","embeddable":true,"href":"https:\/\/www.iplay.com\/fr\/wp-json\/wp\/v2\/product_brand?post=133668"},{"taxonomy":"product_cat","embeddable":true,"href":"https:\/\/www.iplay.com\/fr\/wp-json\/wp\/v2\/product_cat?post=133668"},{"taxonomy":"product_tag","embeddable":true,"href":"https:\/\/www.iplay.com\/fr\/wp-json\/wp\/v2\/product_tag?post=133668"}],"curies":[{"name":"wp","href":"https:\/\/api.w.org\/{rel}","templated":true}]}}