{"id":133520,"date":"2024-07-01T22:06:51","date_gmt":"2024-07-01T22:06:51","guid":{"rendered":"https:\/\/www.iplay.com\/games\/fidget-spinner-multiplayers\/"},"modified":"2024-07-01T22:06:51","modified_gmt":"2024-07-01T22:06:51","slug":"fidget-spinner-multiplayers","status":"publish","type":"product","link":"https:\/\/www.iplay.com\/fr\/games\/fidget-spinner-multiplayers\/","title":{"rendered":"Fidget spinner multiplayers"},"content":{"rendered":"<p>La recherche du meilleur joueur de Fidget Spinner au monde a commenc\u00e9 ! Dans ce jeu multijoueur exaltant, les joueurs sont plong\u00e9s dans une bataille contre quatre adversaires en ligne. Pour gravir les \u00e9chelons et revendiquer le titre de meilleur spinner, il faut surpasser et d\u00e9jouer ses rivaux \u00e0 l\u2019aide de son fidget spinner choisi. Qu\u2019il s\u2019agisse de plastique, d\u2019acier, d\u2019or, de titane ou de carbone, chaque c\u00f4ne promet une touche unique \u00e0 la concurrence.   <\/p>\n<p>Les m\u00e9canismes du jeu sont con\u00e7us pour \u00eatre simples mais engageants. Le c\u00f4ne tournera automatiquement, et d\u2019une simple pression sur le bouton, il acc\u00e9l\u00e9rera et se propulsera en ligne droite. L\u2019objectif est de pousser strat\u00e9giquement les spinners des autres joueurs hors du cercle d\u00e9sign\u00e9. Le succ\u00e8s de cette op\u00e9ration rapporte 2 points pour chaque adversaire expuls\u00e9. Attention toutefois ! Chaque fois que votre spinner est forc\u00e9 de sortir du cercle, un point est d\u00e9duit.     <\/p>\n<p>Le jeu met l\u2019accent sur les r\u00e9flexes rapides et la planification strat\u00e9gique, faisant de chaque instant un test de comp\u00e9tence passionnant. Au fur et \u00e0 mesure que la comp\u00e9tition s\u2019intensifie, seuls les joueurs les plus habiles parviendront \u00e0 rester dans le cercle et \u00e0 accumuler les meilleurs scores. Le d\u00e9fi vous attend : pr\u00e9parez-vous, pr\u00e9parez-vous et filez vers la victoire !<\/p>\n","protected":false},"excerpt":{"rendered":"<p>Repoussez d\u2019autres Fidget Spinners dans ce jeu multijoueur.<\/p>\n","protected":false},"author":333,"featured_media":37726,"comment_status":"open","ping_status":"closed","template":"","meta":{"_acf_changed":false,"inline_featured_image":false},"product_brand":[],"product_cat":[151,179],"product_tag":[285,305,287],"class_list":{"0":"post-133520","1":"product","2":"type-product","3":"status-publish","4":"has-post-thumbnail","6":"product_cat-arcade-fr","7":"product_cat-mobile-games-fr","8":"product_tag-play-on-mac-fr","9":"product_tag-play-on-mobile-fr","10":"product_tag-play-on-pc-fr","12":"first","13":"instock","14":"shipping-taxable","15":"purchasable","16":"product-type-html5_game"},"acf":[],"yoast_head":"<!-- This site is optimized with the Yoast SEO Premium plugin v25.2 (Yoast SEO v25.2) - https:\/\/yoast.com\/wordpress\/plugins\/seo\/ -->\n<title>Fidget spinner multIPlayers - Jouez sur IPlay<\/title>\n<meta name=\"description\" content=\"Repoussez d\u2019autres Fidget Spinners dans ce jeu multijoueur.\" \/>\n<meta name=\"robots\" content=\"index, follow, max-snippet:-1, max-image-preview:large, max-video-preview:-1\" \/>\n<link rel=\"canonical\" href=\"https:\/\/www.iplay.com\/fr\/games\/fidget-spinner-multiplayers\/\" \/>\n<meta property=\"og:locale\" content=\"fr_FR\" \/>\n<meta property=\"og:type\" content=\"article\" \/>\n<meta property=\"og:title\" content=\"Fidget spinner multiplayers\" \/>\n<meta property=\"og:description\" content=\"Repoussez d\u2019autres Fidget Spinners dans ce jeu multijoueur.\" \/>\n<meta property=\"og:url\" content=\"https:\/\/www.iplay.com\/fr\/games\/fidget-spinner-multiplayers\/\" \/>\n<meta property=\"og:site_name\" content=\"IPlay\" \/>\n<meta property=\"og:image\" content=\"https:\/\/www.iplay.com\/wp-content\/uploads\/2024\/07\/400x400-fidgetSpinnerMultiplayers.webp\" \/>\n\t<meta property=\"og:image:width\" content=\"400\" \/>\n\t<meta property=\"og:image:height\" content=\"400\" \/>\n\t<meta property=\"og:image:type\" content=\"image\/webp\" \/>\n<meta name=\"twitter:card\" content=\"summary_large_image\" \/>\n<meta name=\"twitter:label1\" content=\"Dur\u00e9e de lecture estim\u00e9e\" \/>\n\t<meta name=\"twitter:data1\" content=\"1 minute\" \/>\n<script type=\"application\/ld+json\" class=\"yoast-schema-graph\">{\"@context\":\"https:\/\/schema.org\",\"@graph\":[{\"@type\":\"WebPage\",\"@id\":\"https:\/\/www.iplay.com\/fr\/games\/fidget-spinner-multiplayers\/\",\"url\":\"https:\/\/www.iplay.com\/fr\/games\/fidget-spinner-multiplayers\/\",\"name\":\"Fidget spinner multIPlayers - Jouez sur IPlay\",\"isPartOf\":{\"@id\":\"https:\/\/www.iplay.com\/en\/#website\"},\"primaryImageOfPage\":{\"@id\":\"https:\/\/www.iplay.com\/fr\/games\/fidget-spinner-multiplayers\/#primaryimage\"},\"image\":{\"@id\":\"https:\/\/www.iplay.com\/fr\/games\/fidget-spinner-multiplayers\/#primaryimage\"},\"thumbnailUrl\":\"https:\/\/www.iplay.com\/wp-content\/uploads\/2024\/07\/400x400-fidgetSpinnerMultiplayers.webp\",\"datePublished\":\"2024-07-01T22:06:51+00:00\",\"description\":\"Repoussez d\u2019autres Fidget Spinners dans ce jeu multijoueur.\",\"breadcrumb\":{\"@id\":\"https:\/\/www.iplay.com\/fr\/games\/fidget-spinner-multiplayers\/#breadcrumb\"},\"inLanguage\":\"fr-FR\",\"potentialAction\":[{\"@type\":\"ReadAction\",\"target\":[\"https:\/\/www.iplay.com\/fr\/games\/fidget-spinner-multiplayers\/\"]}]},{\"@type\":\"ImageObject\",\"inLanguage\":\"fr-FR\",\"@id\":\"https:\/\/www.iplay.com\/fr\/games\/fidget-spinner-multiplayers\/#primaryimage\",\"url\":\"https:\/\/www.iplay.com\/wp-content\/uploads\/2024\/07\/400x400-fidgetSpinnerMultiplayers.webp\",\"contentUrl\":\"https:\/\/www.iplay.com\/wp-content\/uploads\/2024\/07\/400x400-fidgetSpinnerMultiplayers.webp\",\"width\":400,\"height\":400},{\"@type\":\"BreadcrumbList\",\"@id\":\"https:\/\/www.iplay.com\/fr\/games\/fidget-spinner-multiplayers\/#breadcrumb\",\"itemListElement\":[{\"@type\":\"ListItem\",\"position\":1,\"name\":\"Home\",\"item\":\"https:\/\/www.iplay.com\/fr\/home-page-2\/\"},{\"@type\":\"ListItem\",\"position\":2,\"name\":\"Shop\",\"item\":\"https:\/\/www.iplay.com\/en\/shop\/\"},{\"@type\":\"ListItem\",\"position\":3,\"name\":\"Fidget spinner multiplayers\"}]},{\"@type\":\"WebSite\",\"@id\":\"https:\/\/www.iplay.com\/en\/#website\",\"url\":\"https:\/\/www.iplay.com\/en\/\",\"name\":\"IPlay\",\"description\":\"The Best Casual Games!\",\"publisher\":{\"@id\":\"https:\/\/www.iplay.com\/en\/#organization\"},\"potentialAction\":[{\"@type\":\"SearchAction\",\"target\":{\"@type\":\"EntryPoint\",\"urlTemplate\":\"https:\/\/www.iplay.com\/en\/?s={search_term_string}\"},\"query-input\":{\"@type\":\"PropertyValueSpecification\",\"valueRequired\":true,\"valueName\":\"search_term_string\"}}],\"inLanguage\":\"fr-FR\"},{\"@type\":\"Organization\",\"@id\":\"https:\/\/www.iplay.com\/en\/#organization\",\"name\":\"IPlay\",\"url\":\"https:\/\/www.iplay.com\/en\/\",\"logo\":{\"@type\":\"ImageObject\",\"inLanguage\":\"fr-FR\",\"@id\":\"https:\/\/www.iplay.com\/en\/#\/schema\/logo\/image\/\",\"url\":\"https:\/\/www.iplay.com\/wp-content\/uploads\/2023\/11\/Group-6100.svg\",\"contentUrl\":\"https:\/\/www.iplay.com\/wp-content\/uploads\/2023\/11\/Group-6100.svg\",\"width\":98,\"height\":25,\"caption\":\"IPlay\"},\"image\":{\"@id\":\"https:\/\/www.iplay.com\/en\/#\/schema\/logo\/image\/\"}}]}<\/script>\n<!-- \/ Yoast SEO Premium plugin. -->","yoast_head_json":{"title":"Fidget spinner multIPlayers - Jouez sur IPlay","description":"Repoussez d\u2019autres Fidget Spinners dans ce jeu multijoueur.","robots":{"index":"index","follow":"follow","max-snippet":"max-snippet:-1","max-image-preview":"max-image-preview:large","max-video-preview":"max-video-preview:-1"},"canonical":"https:\/\/www.iplay.com\/fr\/games\/fidget-spinner-multiplayers\/","og_locale":"fr_FR","og_type":"article","og_title":"Fidget spinner multiplayers","og_description":"Repoussez d\u2019autres Fidget Spinners dans ce jeu multijoueur.","og_url":"https:\/\/www.iplay.com\/fr\/games\/fidget-spinner-multiplayers\/","og_site_name":"IPlay","og_image":[{"width":400,"height":400,"url":"https:\/\/www.iplay.com\/wp-content\/uploads\/2024\/07\/400x400-fidgetSpinnerMultiplayers.webp","type":"image\/webp"}],"twitter_card":"summary_large_image","twitter_misc":{"Dur\u00e9e de lecture estim\u00e9e":"1 minute"},"schema":{"@context":"https:\/\/schema.org","@graph":[{"@type":"WebPage","@id":"https:\/\/www.iplay.com\/fr\/games\/fidget-spinner-multiplayers\/","url":"https:\/\/www.iplay.com\/fr\/games\/fidget-spinner-multiplayers\/","name":"Fidget spinner multIPlayers - Jouez sur IPlay","isPartOf":{"@id":"https:\/\/www.iplay.com\/en\/#website"},"primaryImageOfPage":{"@id":"https:\/\/www.iplay.com\/fr\/games\/fidget-spinner-multiplayers\/#primaryimage"},"image":{"@id":"https:\/\/www.iplay.com\/fr\/games\/fidget-spinner-multiplayers\/#primaryimage"},"thumbnailUrl":"https:\/\/www.iplay.com\/wp-content\/uploads\/2024\/07\/400x400-fidgetSpinnerMultiplayers.webp","datePublished":"2024-07-01T22:06:51+00:00","description":"Repoussez d\u2019autres Fidget Spinners dans ce jeu multijoueur.","breadcrumb":{"@id":"https:\/\/www.iplay.com\/fr\/games\/fidget-spinner-multiplayers\/#breadcrumb"},"inLanguage":"fr-FR","potentialAction":[{"@type":"ReadAction","target":["https:\/\/www.iplay.com\/fr\/games\/fidget-spinner-multiplayers\/"]}]},{"@type":"ImageObject","inLanguage":"fr-FR","@id":"https:\/\/www.iplay.com\/fr\/games\/fidget-spinner-multiplayers\/#primaryimage","url":"https:\/\/www.iplay.com\/wp-content\/uploads\/2024\/07\/400x400-fidgetSpinnerMultiplayers.webp","contentUrl":"https:\/\/www.iplay.com\/wp-content\/uploads\/2024\/07\/400x400-fidgetSpinnerMultiplayers.webp","width":400,"height":400},{"@type":"BreadcrumbList","@id":"https:\/\/www.iplay.com\/fr\/games\/fidget-spinner-multiplayers\/#breadcrumb","itemListElement":[{"@type":"ListItem","position":1,"name":"Home","item":"https:\/\/www.iplay.com\/fr\/home-page-2\/"},{"@type":"ListItem","position":2,"name":"Shop","item":"https:\/\/www.iplay.com\/en\/shop\/"},{"@type":"ListItem","position":3,"name":"Fidget spinner multiplayers"}]},{"@type":"WebSite","@id":"https:\/\/www.iplay.com\/en\/#website","url":"https:\/\/www.iplay.com\/en\/","name":"IPlay","description":"The Best Casual Games!","publisher":{"@id":"https:\/\/www.iplay.com\/en\/#organization"},"potentialAction":[{"@type":"SearchAction","target":{"@type":"EntryPoint","urlTemplate":"https:\/\/www.iplay.com\/en\/?s={search_term_string}"},"query-input":{"@type":"PropertyValueSpecification","valueRequired":true,"valueName":"search_term_string"}}],"inLanguage":"fr-FR"},{"@type":"Organization","@id":"https:\/\/www.iplay.com\/en\/#organization","name":"IPlay","url":"https:\/\/www.iplay.com\/en\/","logo":{"@type":"ImageObject","inLanguage":"fr-FR","@id":"https:\/\/www.iplay.com\/en\/#\/schema\/logo\/image\/","url":"https:\/\/www.iplay.com\/wp-content\/uploads\/2023\/11\/Group-6100.svg","contentUrl":"https:\/\/www.iplay.com\/wp-content\/uploads\/2023\/11\/Group-6100.svg","width":98,"height":25,"caption":"IPlay"},"image":{"@id":"https:\/\/www.iplay.com\/en\/#\/schema\/logo\/image\/"}}]}},"_links":{"self":[{"href":"https:\/\/www.iplay.com\/fr\/wp-json\/wp\/v2\/product\/133520","targetHints":{"allow":["GET"]}}],"collection":[{"href":"https:\/\/www.iplay.com\/fr\/wp-json\/wp\/v2\/product"}],"about":[{"href":"https:\/\/www.iplay.com\/fr\/wp-json\/wp\/v2\/types\/product"}],"author":[{"embeddable":true,"href":"https:\/\/www.iplay.com\/fr\/wp-json\/wp\/v2\/users\/333"}],"replies":[{"embeddable":true,"href":"https:\/\/www.iplay.com\/fr\/wp-json\/wp\/v2\/comments?post=133520"}],"wp:featuredmedia":[{"embeddable":true,"href":"https:\/\/www.iplay.com\/fr\/wp-json\/wp\/v2\/media\/37726"}],"wp:attachment":[{"href":"https:\/\/www.iplay.com\/fr\/wp-json\/wp\/v2\/media?parent=133520"}],"wp:term":[{"taxonomy":"product_brand","embeddable":true,"href":"https:\/\/www.iplay.com\/fr\/wp-json\/wp\/v2\/product_brand?post=133520"},{"taxonomy":"product_cat","embeddable":true,"href":"https:\/\/www.iplay.com\/fr\/wp-json\/wp\/v2\/product_cat?post=133520"},{"taxonomy":"product_tag","embeddable":true,"href":"https:\/\/www.iplay.com\/fr\/wp-json\/wp\/v2\/product_tag?post=133520"}],"curies":[{"name":"wp","href":"https:\/\/api.w.org\/{rel}","templated":true}]}}