{"id":133494,"date":"2024-07-01T22:06:52","date_gmt":"2024-07-01T22:06:52","guid":{"rendered":"https:\/\/www.iplay.com\/games\/fill-in-puzzles\/"},"modified":"2024-07-01T22:06:52","modified_gmt":"2024-07-01T22:06:52","slug":"fill-in-puzzles","status":"publish","type":"product","link":"https:\/\/www.iplay.com\/fr\/games\/fill-in-puzzles\/","title":{"rendered":"Fill In Puzzles"},"content":{"rendered":"<p>Dans ce jeu de puzzle captivant et satisfaisant, les joueurs sont charg\u00e9s de remplir une grille enti\u00e8rement avec des couleurs.<\/p>\n<p>Les chiffres affich\u00e9s sur la grille indiquent combien de cases doivent \u00eatre remplies avec une couleur particuli\u00e8re, offrant un gameplay clair et intuitif.<\/p>\n<p>Lorsque les joueurs font glisser la couleur d\u2019une tuile num\u00e9rot\u00e9e, ils doivent faire correspondre le nombre de cases adjacentes \u00e0 la valeur indiqu\u00e9e.<\/p>\n<p>Les niveaux initiaux offrent une courbe d\u2019apprentissage facile, mais au fur et \u00e0 mesure que les joueurs progressent, les \u00e9nigmes deviennent de plus en plus complexes, mettant \u00e0 l\u2019\u00e9preuve \u00e0 la fois leur r\u00e9flexion strat\u00e9gique et leurs comp\u00e9tences en r\u00e9solution de probl\u00e8mes \u00e0 travers des centaines de niveaux.<\/p>\n","protected":false},"excerpt":{"rendered":"<p>Remplissez les bo\u00eetes avec les bonnes couleurs ; C\u2019est satisfaisant !<\/p>\n","protected":false},"author":333,"featured_media":37761,"comment_status":"open","ping_status":"closed","template":"","meta":{"_acf_changed":false,"inline_featured_image":false},"product_brand":[],"product_cat":[179,193],"product_tag":[285,305,287],"class_list":{"0":"post-133494","1":"product","2":"type-product","3":"status-publish","4":"has-post-thumbnail","6":"product_cat-mobile-games-fr","7":"product_cat-puzzle-fr","8":"product_tag-play-on-mac-fr","9":"product_tag-play-on-mobile-fr","10":"product_tag-play-on-pc-fr","12":"first","13":"instock","14":"shipping-taxable","15":"purchasable","16":"product-type-html5_game"},"acf":[],"yoast_head":"<!-- This site is optimized with the Yoast SEO Premium plugin v25.2 (Yoast SEO v25.2) - https:\/\/yoast.com\/wordpress\/plugins\/seo\/ -->\n<title>Fill In Puzzles - Jouez sur IPlay<\/title>\n<meta name=\"description\" content=\"Remplissez les bo\u00eetes avec les bonnes couleurs ; C\u2019est satisfaisant !\" \/>\n<meta name=\"robots\" content=\"index, follow, max-snippet:-1, max-image-preview:large, max-video-preview:-1\" \/>\n<link rel=\"canonical\" href=\"https:\/\/www.iplay.com\/fr\/games\/fill-in-puzzles\/\" \/>\n<meta property=\"og:locale\" content=\"fr_FR\" \/>\n<meta property=\"og:type\" content=\"article\" \/>\n<meta property=\"og:title\" content=\"Fill In Puzzles\" \/>\n<meta property=\"og:description\" content=\"Remplissez les bo\u00eetes avec les bonnes couleurs ; C\u2019est satisfaisant !\" \/>\n<meta property=\"og:url\" content=\"https:\/\/www.iplay.com\/fr\/games\/fill-in-puzzles\/\" \/>\n<meta property=\"og:site_name\" content=\"IPlay\" \/>\n<meta property=\"og:image\" content=\"https:\/\/www.iplay.com\/wp-content\/uploads\/2024\/07\/400x400-fillInPuzzles.webp\" \/>\n\t<meta property=\"og:image:width\" content=\"400\" \/>\n\t<meta property=\"og:image:height\" content=\"400\" \/>\n\t<meta property=\"og:image:type\" content=\"image\/webp\" \/>\n<meta name=\"twitter:card\" content=\"summary_large_image\" \/>\n<meta name=\"twitter:label1\" content=\"Dur\u00e9e de lecture estim\u00e9e\" \/>\n\t<meta name=\"twitter:data1\" content=\"1 minute\" \/>\n<script type=\"application\/ld+json\" class=\"yoast-schema-graph\">{\"@context\":\"https:\/\/schema.org\",\"@graph\":[{\"@type\":\"WebPage\",\"@id\":\"https:\/\/www.iplay.com\/fr\/games\/fill-in-puzzles\/\",\"url\":\"https:\/\/www.iplay.com\/fr\/games\/fill-in-puzzles\/\",\"name\":\"Fill In Puzzles - Jouez sur IPlay\",\"isPartOf\":{\"@id\":\"https:\/\/www.iplay.com\/en\/#website\"},\"primaryImageOfPage\":{\"@id\":\"https:\/\/www.iplay.com\/fr\/games\/fill-in-puzzles\/#primaryimage\"},\"image\":{\"@id\":\"https:\/\/www.iplay.com\/fr\/games\/fill-in-puzzles\/#primaryimage\"},\"thumbnailUrl\":\"https:\/\/www.iplay.com\/wp-content\/uploads\/2024\/07\/400x400-fillInPuzzles.webp\",\"datePublished\":\"2024-07-01T22:06:52+00:00\",\"description\":\"Remplissez les bo\u00eetes avec les bonnes couleurs ; C\u2019est satisfaisant !\",\"breadcrumb\":{\"@id\":\"https:\/\/www.iplay.com\/fr\/games\/fill-in-puzzles\/#breadcrumb\"},\"inLanguage\":\"fr-FR\",\"potentialAction\":[{\"@type\":\"ReadAction\",\"target\":[\"https:\/\/www.iplay.com\/fr\/games\/fill-in-puzzles\/\"]}]},{\"@type\":\"ImageObject\",\"inLanguage\":\"fr-FR\",\"@id\":\"https:\/\/www.iplay.com\/fr\/games\/fill-in-puzzles\/#primaryimage\",\"url\":\"https:\/\/www.iplay.com\/wp-content\/uploads\/2024\/07\/400x400-fillInPuzzles.webp\",\"contentUrl\":\"https:\/\/www.iplay.com\/wp-content\/uploads\/2024\/07\/400x400-fillInPuzzles.webp\",\"width\":400,\"height\":400},{\"@type\":\"BreadcrumbList\",\"@id\":\"https:\/\/www.iplay.com\/fr\/games\/fill-in-puzzles\/#breadcrumb\",\"itemListElement\":[{\"@type\":\"ListItem\",\"position\":1,\"name\":\"Home\",\"item\":\"https:\/\/www.iplay.com\/fr\/home-page-2\/\"},{\"@type\":\"ListItem\",\"position\":2,\"name\":\"Shop\",\"item\":\"https:\/\/www.iplay.com\/en\/shop\/\"},{\"@type\":\"ListItem\",\"position\":3,\"name\":\"Fill In Puzzles\"}]},{\"@type\":\"WebSite\",\"@id\":\"https:\/\/www.iplay.com\/en\/#website\",\"url\":\"https:\/\/www.iplay.com\/en\/\",\"name\":\"IPlay\",\"description\":\"The Best Casual Games!\",\"publisher\":{\"@id\":\"https:\/\/www.iplay.com\/en\/#organization\"},\"potentialAction\":[{\"@type\":\"SearchAction\",\"target\":{\"@type\":\"EntryPoint\",\"urlTemplate\":\"https:\/\/www.iplay.com\/en\/?s={search_term_string}\"},\"query-input\":{\"@type\":\"PropertyValueSpecification\",\"valueRequired\":true,\"valueName\":\"search_term_string\"}}],\"inLanguage\":\"fr-FR\"},{\"@type\":\"Organization\",\"@id\":\"https:\/\/www.iplay.com\/en\/#organization\",\"name\":\"IPlay\",\"url\":\"https:\/\/www.iplay.com\/en\/\",\"logo\":{\"@type\":\"ImageObject\",\"inLanguage\":\"fr-FR\",\"@id\":\"https:\/\/www.iplay.com\/en\/#\/schema\/logo\/image\/\",\"url\":\"https:\/\/www.iplay.com\/wp-content\/uploads\/2023\/11\/Group-6100.svg\",\"contentUrl\":\"https:\/\/www.iplay.com\/wp-content\/uploads\/2023\/11\/Group-6100.svg\",\"width\":98,\"height\":25,\"caption\":\"IPlay\"},\"image\":{\"@id\":\"https:\/\/www.iplay.com\/en\/#\/schema\/logo\/image\/\"}}]}<\/script>\n<!-- \/ Yoast SEO Premium plugin. -->","yoast_head_json":{"title":"Fill In Puzzles - Jouez sur IPlay","description":"Remplissez les bo\u00eetes avec les bonnes couleurs ; C\u2019est satisfaisant !","robots":{"index":"index","follow":"follow","max-snippet":"max-snippet:-1","max-image-preview":"max-image-preview:large","max-video-preview":"max-video-preview:-1"},"canonical":"https:\/\/www.iplay.com\/fr\/games\/fill-in-puzzles\/","og_locale":"fr_FR","og_type":"article","og_title":"Fill In Puzzles","og_description":"Remplissez les bo\u00eetes avec les bonnes couleurs ; C\u2019est satisfaisant !","og_url":"https:\/\/www.iplay.com\/fr\/games\/fill-in-puzzles\/","og_site_name":"IPlay","og_image":[{"width":400,"height":400,"url":"https:\/\/www.iplay.com\/wp-content\/uploads\/2024\/07\/400x400-fillInPuzzles.webp","type":"image\/webp"}],"twitter_card":"summary_large_image","twitter_misc":{"Dur\u00e9e de lecture estim\u00e9e":"1 minute"},"schema":{"@context":"https:\/\/schema.org","@graph":[{"@type":"WebPage","@id":"https:\/\/www.iplay.com\/fr\/games\/fill-in-puzzles\/","url":"https:\/\/www.iplay.com\/fr\/games\/fill-in-puzzles\/","name":"Fill In Puzzles - Jouez sur IPlay","isPartOf":{"@id":"https:\/\/www.iplay.com\/en\/#website"},"primaryImageOfPage":{"@id":"https:\/\/www.iplay.com\/fr\/games\/fill-in-puzzles\/#primaryimage"},"image":{"@id":"https:\/\/www.iplay.com\/fr\/games\/fill-in-puzzles\/#primaryimage"},"thumbnailUrl":"https:\/\/www.iplay.com\/wp-content\/uploads\/2024\/07\/400x400-fillInPuzzles.webp","datePublished":"2024-07-01T22:06:52+00:00","description":"Remplissez les bo\u00eetes avec les bonnes couleurs ; C\u2019est satisfaisant !","breadcrumb":{"@id":"https:\/\/www.iplay.com\/fr\/games\/fill-in-puzzles\/#breadcrumb"},"inLanguage":"fr-FR","potentialAction":[{"@type":"ReadAction","target":["https:\/\/www.iplay.com\/fr\/games\/fill-in-puzzles\/"]}]},{"@type":"ImageObject","inLanguage":"fr-FR","@id":"https:\/\/www.iplay.com\/fr\/games\/fill-in-puzzles\/#primaryimage","url":"https:\/\/www.iplay.com\/wp-content\/uploads\/2024\/07\/400x400-fillInPuzzles.webp","contentUrl":"https:\/\/www.iplay.com\/wp-content\/uploads\/2024\/07\/400x400-fillInPuzzles.webp","width":400,"height":400},{"@type":"BreadcrumbList","@id":"https:\/\/www.iplay.com\/fr\/games\/fill-in-puzzles\/#breadcrumb","itemListElement":[{"@type":"ListItem","position":1,"name":"Home","item":"https:\/\/www.iplay.com\/fr\/home-page-2\/"},{"@type":"ListItem","position":2,"name":"Shop","item":"https:\/\/www.iplay.com\/en\/shop\/"},{"@type":"ListItem","position":3,"name":"Fill In Puzzles"}]},{"@type":"WebSite","@id":"https:\/\/www.iplay.com\/en\/#website","url":"https:\/\/www.iplay.com\/en\/","name":"IPlay","description":"The Best Casual Games!","publisher":{"@id":"https:\/\/www.iplay.com\/en\/#organization"},"potentialAction":[{"@type":"SearchAction","target":{"@type":"EntryPoint","urlTemplate":"https:\/\/www.iplay.com\/en\/?s={search_term_string}"},"query-input":{"@type":"PropertyValueSpecification","valueRequired":true,"valueName":"search_term_string"}}],"inLanguage":"fr-FR"},{"@type":"Organization","@id":"https:\/\/www.iplay.com\/en\/#organization","name":"IPlay","url":"https:\/\/www.iplay.com\/en\/","logo":{"@type":"ImageObject","inLanguage":"fr-FR","@id":"https:\/\/www.iplay.com\/en\/#\/schema\/logo\/image\/","url":"https:\/\/www.iplay.com\/wp-content\/uploads\/2023\/11\/Group-6100.svg","contentUrl":"https:\/\/www.iplay.com\/wp-content\/uploads\/2023\/11\/Group-6100.svg","width":98,"height":25,"caption":"IPlay"},"image":{"@id":"https:\/\/www.iplay.com\/en\/#\/schema\/logo\/image\/"}}]}},"_links":{"self":[{"href":"https:\/\/www.iplay.com\/fr\/wp-json\/wp\/v2\/product\/133494","targetHints":{"allow":["GET"]}}],"collection":[{"href":"https:\/\/www.iplay.com\/fr\/wp-json\/wp\/v2\/product"}],"about":[{"href":"https:\/\/www.iplay.com\/fr\/wp-json\/wp\/v2\/types\/product"}],"author":[{"embeddable":true,"href":"https:\/\/www.iplay.com\/fr\/wp-json\/wp\/v2\/users\/333"}],"replies":[{"embeddable":true,"href":"https:\/\/www.iplay.com\/fr\/wp-json\/wp\/v2\/comments?post=133494"}],"wp:featuredmedia":[{"embeddable":true,"href":"https:\/\/www.iplay.com\/fr\/wp-json\/wp\/v2\/media\/37761"}],"wp:attachment":[{"href":"https:\/\/www.iplay.com\/fr\/wp-json\/wp\/v2\/media?parent=133494"}],"wp:term":[{"taxonomy":"product_brand","embeddable":true,"href":"https:\/\/www.iplay.com\/fr\/wp-json\/wp\/v2\/product_brand?post=133494"},{"taxonomy":"product_cat","embeddable":true,"href":"https:\/\/www.iplay.com\/fr\/wp-json\/wp\/v2\/product_cat?post=133494"},{"taxonomy":"product_tag","embeddable":true,"href":"https:\/\/www.iplay.com\/fr\/wp-json\/wp\/v2\/product_tag?post=133494"}],"curies":[{"name":"wp","href":"https:\/\/api.w.org\/{rel}","templated":true}]}}