{"id":133381,"date":"2025-05-02T07:30:53","date_gmt":"2025-05-02T07:30:53","guid":{"rendered":"https:\/\/www.iplay.com\/?post_type=product&p=133381"},"modified":"2025-04-29T17:07:48","modified_gmt":"2025-04-29T17:07:48","slug":"pop-art-23","status":"publish","type":"product","link":"https:\/\/www.iplay.com\/fr\/games\/pop-art-23\/","title":{"rendered":"Pop Art 23"},"content":{"rendered":"<p class=\"whitespace-pre-wrap break-words\">La cr\u00e9ativit\u00e9 est lib\u00e9r\u00e9e \u00e0 travers cette d\u00e9licieuse aventure de couleur par num\u00e9ros, o\u00f9 le tracas de la s\u00e9lection des couleurs est compl\u00e8tement \u00e9limin\u00e9. La joie de donner vie \u00e0 des images vibrantes devient le seul centre d\u2019int\u00e9r\u00eat, car il suffit de suivre des sections num\u00e9rot\u00e9es pour transformer des toiles vierges en chefs-d\u2019\u0153uvre \u00e9blouissants. <\/p>\n<p class=\"whitespace-pre-wrap break-words\">Une collection vari\u00e9e de designs attrayants est fournie, \u00e0 travers laquelle l\u2019expression artistique est r\u00e9alis\u00e9e sans pression ni difficult\u00e9. Que l\u2019enthousiasme pour l\u2019art soit d\u00e9j\u00e0 \u00e9tabli ou que la cr\u00e9ation d\u00e9contract\u00e9e soit pr\u00e9f\u00e9r\u00e9e, la m\u00e9thode de relaxation parfaite est d\u00e9couverte ici. <\/p>\n<p class=\"whitespace-pre-wrap break-words\">Des heures de divertissement apaisant sont appr\u00e9ci\u00e9es alors que le monde color\u00e9 de Pop Art 23 est explor\u00e9, offrant une \u00e9vasion du stress quotidien gr\u00e2ce \u00e0 un engagement cr\u00e9atif.<\/p>\n<p>&nbsp;<\/p>\n<p class=\"whitespace-pre-wrap break-words\"><strong>Fonctionnalit\u00e9s<\/strong><\/p>\n<ul class=\"[&amp;:not(:last-child)_ul]:pb-1 [&amp;:not(:last-child)_ol]:pb-1 list-disc space-y-1.5 pl-7\">\n<li class=\"whitespace-normal break-words\">64 \u0153uvres d\u2019art \u00e9poustouflantes sont d\u00e9couvertes et r\u00e9alis\u00e9es, chacune remplie de charme et de d\u00e9tails vibrants<\/li>\n<li class=\"whitespace-normal break-words\">Une exp\u00e9rience de peinture relaxante et sans effort est appr\u00e9ci\u00e9e par les artistes de tous niveaux<\/li>\n<li class=\"whitespace-normal break-words\">Des heures de cr\u00e9ativit\u00e9 et de plaisir sont consomm\u00e9es, parfaitement con\u00e7ues pour se d\u00e9tendre de l\u2019agitation quotidienne<\/li>\n<\/ul>\n","protected":false},"excerpt":{"rendered":"<p>D\u00e9tendez-vous avec l\u2019exp\u00e9rience de peinture sans stress de Pop Art 23 &#8211; Suivez simplement les chiffres pour cr\u00e9er des chefs-d\u2019\u0153uvre vibrants &#8211; aucun choix de couleur n\u2019est requis !<\/p>\n","protected":false},"author":21,"featured_media":133295,"comment_status":"open","ping_status":"closed","template":"","meta":{"_acf_changed":false,"inline_featured_image":false},"product_brand":[],"product_cat":[183],"product_tag":[287],"class_list":{"0":"post-133381","1":"product","2":"type-product","3":"status-publish","4":"has-post-thumbnail","6":"product_cat-paint-by-numbers-series-fr","7":"product_tag-play-on-pc-fr","9":"first","10":"instock","11":"shipping-taxable","12":"purchasable","13":"product-type-simple"},"acf":[],"yoast_head":"<!-- This site is optimized with the Yoast SEO Premium plugin v25.2 (Yoast SEO v25.2) - https:\/\/yoast.com\/wordpress\/plugins\/seo\/ -->\n<title>D\u00e9tendez-vous avec Pop Art 23 : l\u2019exp\u00e9rience ultime de la peinture par num\u00e9ros<\/title>\n<meta name=\"description\" content=\"D\u00e9tendez-vous avec l\u2019exp\u00e9rience de peinture sans stress de Pop Art 23 - Suivez simplement les chiffres pour cr\u00e9er des chefs-d\u2019\u0153uvre vibrants - aucun choix de couleur n\u2019est requis !\" \/>\n<meta name=\"robots\" content=\"index, follow, max-snippet:-1, max-image-preview:large, max-video-preview:-1\" \/>\n<link rel=\"canonical\" href=\"https:\/\/www.iplay.com\/en\/games\/pop-art-23\/\" \/>\n<meta property=\"og:locale\" content=\"fr_FR\" \/>\n<meta property=\"og:type\" content=\"article\" \/>\n<meta property=\"og:title\" content=\"Pop Art 23\" \/>\n<meta property=\"og:description\" content=\"D\u00e9tendez-vous avec l\u2019exp\u00e9rience de peinture sans stress de Pop Art 23 - Suivez simplement les chiffres pour cr\u00e9er des chefs-d\u2019\u0153uvre vibrants - aucun choix de couleur n\u2019est requis !\" \/>\n<meta property=\"og:url\" content=\"https:\/\/www.iplay.com\/en\/games\/pop-art-23\/\" \/>\n<meta property=\"og:site_name\" content=\"IPlay\" \/>\n<meta property=\"og:image\" content=\"https:\/\/www.iplay.com\/wp-content\/uploads\/2025\/04\/pop_art_23_large_video_screenshot.webp\" \/>\n\t<meta property=\"og:image:width\" content=\"715\" \/>\n\t<meta property=\"og:image:height\" content=\"485\" \/>\n\t<meta property=\"og:image:type\" content=\"image\/webp\" \/>\n<meta name=\"twitter:card\" content=\"summary_large_image\" \/>\n<meta name=\"twitter:label1\" content=\"Dur\u00e9e de lecture estim\u00e9e\" \/>\n\t<meta name=\"twitter:data1\" content=\"1 minute\" \/>\n<script type=\"application\/ld+json\" class=\"yoast-schema-graph\">{\"@context\":\"https:\/\/schema.org\",\"@graph\":[{\"@type\":\"WebPage\",\"@id\":\"https:\/\/www.iplay.com\/en\/games\/pop-art-23\/\",\"url\":\"https:\/\/www.iplay.com\/en\/games\/pop-art-23\/\",\"name\":\"D\u00e9tendez-vous avec Pop Art 23 : l\u2019exp\u00e9rience ultime de la peinture par num\u00e9ros\",\"isPartOf\":{\"@id\":\"https:\/\/www.iplay.com\/en\/#website\"},\"primaryImageOfPage\":{\"@id\":\"https:\/\/www.iplay.com\/en\/games\/pop-art-23\/#primaryimage\"},\"image\":{\"@id\":\"https:\/\/www.iplay.com\/en\/games\/pop-art-23\/#primaryimage\"},\"thumbnailUrl\":\"https:\/\/www.iplay.com\/wp-content\/uploads\/2025\/04\/pop_art_23_large_video_screenshot.webp\",\"datePublished\":\"2025-05-02T07:30:53+00:00\",\"description\":\"D\u00e9tendez-vous avec l\u2019exp\u00e9rience de peinture sans stress de Pop Art 23 - Suivez simplement les chiffres pour cr\u00e9er des chefs-d\u2019\u0153uvre vibrants - aucun choix de couleur n\u2019est requis !\",\"breadcrumb\":{\"@id\":\"https:\/\/www.iplay.com\/en\/games\/pop-art-23\/#breadcrumb\"},\"inLanguage\":\"fr-FR\",\"potentialAction\":[{\"@type\":\"ReadAction\",\"target\":[\"https:\/\/www.iplay.com\/en\/games\/pop-art-23\/\"]}]},{\"@type\":\"ImageObject\",\"inLanguage\":\"fr-FR\",\"@id\":\"https:\/\/www.iplay.com\/en\/games\/pop-art-23\/#primaryimage\",\"url\":\"https:\/\/www.iplay.com\/wp-content\/uploads\/2025\/04\/pop_art_23_large_video_screenshot.webp\",\"contentUrl\":\"https:\/\/www.iplay.com\/wp-content\/uploads\/2025\/04\/pop_art_23_large_video_screenshot.webp\",\"width\":715,\"height\":485},{\"@type\":\"BreadcrumbList\",\"@id\":\"https:\/\/www.iplay.com\/en\/games\/pop-art-23\/#breadcrumb\",\"itemListElement\":[{\"@type\":\"ListItem\",\"position\":1,\"name\":\"Home\",\"item\":\"https:\/\/www.iplay.com\/fr\/home-page-2\/\"},{\"@type\":\"ListItem\",\"position\":2,\"name\":\"Shop\",\"item\":\"https:\/\/www.iplay.com\/en\/shop\/\"},{\"@type\":\"ListItem\",\"position\":3,\"name\":\"Pop Art 23\"}]},{\"@type\":\"WebSite\",\"@id\":\"https:\/\/www.iplay.com\/en\/#website\",\"url\":\"https:\/\/www.iplay.com\/en\/\",\"name\":\"IPlay\",\"description\":\"The Best Casual Games!\",\"publisher\":{\"@id\":\"https:\/\/www.iplay.com\/en\/#organization\"},\"potentialAction\":[{\"@type\":\"SearchAction\",\"target\":{\"@type\":\"EntryPoint\",\"urlTemplate\":\"https:\/\/www.iplay.com\/en\/?s={search_term_string}\"},\"query-input\":{\"@type\":\"PropertyValueSpecification\",\"valueRequired\":true,\"valueName\":\"search_term_string\"}}],\"inLanguage\":\"fr-FR\"},{\"@type\":\"Organization\",\"@id\":\"https:\/\/www.iplay.com\/en\/#organization\",\"name\":\"IPlay\",\"url\":\"https:\/\/www.iplay.com\/en\/\",\"logo\":{\"@type\":\"ImageObject\",\"inLanguage\":\"fr-FR\",\"@id\":\"https:\/\/www.iplay.com\/en\/#\/schema\/logo\/image\/\",\"url\":\"https:\/\/www.iplay.com\/wp-content\/uploads\/2023\/11\/Group-6100.svg\",\"contentUrl\":\"https:\/\/www.iplay.com\/wp-content\/uploads\/2023\/11\/Group-6100.svg\",\"width\":98,\"height\":25,\"caption\":\"IPlay\"},\"image\":{\"@id\":\"https:\/\/www.iplay.com\/en\/#\/schema\/logo\/image\/\"}}]}<\/script>\n<!-- \/ Yoast SEO Premium plugin. -->","yoast_head_json":{"title":"D\u00e9tendez-vous avec Pop Art 23 : l\u2019exp\u00e9rience ultime de la peinture par num\u00e9ros","description":"D\u00e9tendez-vous avec l\u2019exp\u00e9rience de peinture sans stress de Pop Art 23 - Suivez simplement les chiffres pour cr\u00e9er des chefs-d\u2019\u0153uvre vibrants - aucun choix de couleur n\u2019est requis !","robots":{"index":"index","follow":"follow","max-snippet":"max-snippet:-1","max-image-preview":"max-image-preview:large","max-video-preview":"max-video-preview:-1"},"canonical":"https:\/\/www.iplay.com\/en\/games\/pop-art-23\/","og_locale":"fr_FR","og_type":"article","og_title":"Pop Art 23","og_description":"D\u00e9tendez-vous avec l\u2019exp\u00e9rience de peinture sans stress de Pop Art 23 - Suivez simplement les chiffres pour cr\u00e9er des chefs-d\u2019\u0153uvre vibrants - aucun choix de couleur n\u2019est requis !","og_url":"https:\/\/www.iplay.com\/en\/games\/pop-art-23\/","og_site_name":"IPlay","og_image":[{"width":715,"height":485,"url":"https:\/\/www.iplay.com\/wp-content\/uploads\/2025\/04\/pop_art_23_large_video_screenshot.webp","type":"image\/webp"}],"twitter_card":"summary_large_image","twitter_misc":{"Dur\u00e9e de lecture estim\u00e9e":"1 minute"},"schema":{"@context":"https:\/\/schema.org","@graph":[{"@type":"WebPage","@id":"https:\/\/www.iplay.com\/en\/games\/pop-art-23\/","url":"https:\/\/www.iplay.com\/en\/games\/pop-art-23\/","name":"D\u00e9tendez-vous avec Pop Art 23 : l\u2019exp\u00e9rience ultime de la peinture par num\u00e9ros","isPartOf":{"@id":"https:\/\/www.iplay.com\/en\/#website"},"primaryImageOfPage":{"@id":"https:\/\/www.iplay.com\/en\/games\/pop-art-23\/#primaryimage"},"image":{"@id":"https:\/\/www.iplay.com\/en\/games\/pop-art-23\/#primaryimage"},"thumbnailUrl":"https:\/\/www.iplay.com\/wp-content\/uploads\/2025\/04\/pop_art_23_large_video_screenshot.webp","datePublished":"2025-05-02T07:30:53+00:00","description":"D\u00e9tendez-vous avec l\u2019exp\u00e9rience de peinture sans stress de Pop Art 23 - Suivez simplement les chiffres pour cr\u00e9er des chefs-d\u2019\u0153uvre vibrants - aucun choix de couleur n\u2019est requis !","breadcrumb":{"@id":"https:\/\/www.iplay.com\/en\/games\/pop-art-23\/#breadcrumb"},"inLanguage":"fr-FR","potentialAction":[{"@type":"ReadAction","target":["https:\/\/www.iplay.com\/en\/games\/pop-art-23\/"]}]},{"@type":"ImageObject","inLanguage":"fr-FR","@id":"https:\/\/www.iplay.com\/en\/games\/pop-art-23\/#primaryimage","url":"https:\/\/www.iplay.com\/wp-content\/uploads\/2025\/04\/pop_art_23_large_video_screenshot.webp","contentUrl":"https:\/\/www.iplay.com\/wp-content\/uploads\/2025\/04\/pop_art_23_large_video_screenshot.webp","width":715,"height":485},{"@type":"BreadcrumbList","@id":"https:\/\/www.iplay.com\/en\/games\/pop-art-23\/#breadcrumb","itemListElement":[{"@type":"ListItem","position":1,"name":"Home","item":"https:\/\/www.iplay.com\/fr\/home-page-2\/"},{"@type":"ListItem","position":2,"name":"Shop","item":"https:\/\/www.iplay.com\/en\/shop\/"},{"@type":"ListItem","position":3,"name":"Pop Art 23"}]},{"@type":"WebSite","@id":"https:\/\/www.iplay.com\/en\/#website","url":"https:\/\/www.iplay.com\/en\/","name":"IPlay","description":"The Best Casual Games!","publisher":{"@id":"https:\/\/www.iplay.com\/en\/#organization"},"potentialAction":[{"@type":"SearchAction","target":{"@type":"EntryPoint","urlTemplate":"https:\/\/www.iplay.com\/en\/?s={search_term_string}"},"query-input":{"@type":"PropertyValueSpecification","valueRequired":true,"valueName":"search_term_string"}}],"inLanguage":"fr-FR"},{"@type":"Organization","@id":"https:\/\/www.iplay.com\/en\/#organization","name":"IPlay","url":"https:\/\/www.iplay.com\/en\/","logo":{"@type":"ImageObject","inLanguage":"fr-FR","@id":"https:\/\/www.iplay.com\/en\/#\/schema\/logo\/image\/","url":"https:\/\/www.iplay.com\/wp-content\/uploads\/2023\/11\/Group-6100.svg","contentUrl":"https:\/\/www.iplay.com\/wp-content\/uploads\/2023\/11\/Group-6100.svg","width":98,"height":25,"caption":"IPlay"},"image":{"@id":"https:\/\/www.iplay.com\/en\/#\/schema\/logo\/image\/"}}]}},"_links":{"self":[{"href":"https:\/\/www.iplay.com\/fr\/wp-json\/wp\/v2\/product\/133381","targetHints":{"allow":["GET"]}}],"collection":[{"href":"https:\/\/www.iplay.com\/fr\/wp-json\/wp\/v2\/product"}],"about":[{"href":"https:\/\/www.iplay.com\/fr\/wp-json\/wp\/v2\/types\/product"}],"author":[{"embeddable":true,"href":"https:\/\/www.iplay.com\/fr\/wp-json\/wp\/v2\/users\/21"}],"replies":[{"embeddable":true,"href":"https:\/\/www.iplay.com\/fr\/wp-json\/wp\/v2\/comments?post=133381"}],"wp:featuredmedia":[{"embeddable":true,"href":"https:\/\/www.iplay.com\/fr\/wp-json\/wp\/v2\/media\/133295"}],"wp:attachment":[{"href":"https:\/\/www.iplay.com\/fr\/wp-json\/wp\/v2\/media?parent=133381"}],"wp:term":[{"taxonomy":"product_brand","embeddable":true,"href":"https:\/\/www.iplay.com\/fr\/wp-json\/wp\/v2\/product_brand?post=133381"},{"taxonomy":"product_cat","embeddable":true,"href":"https:\/\/www.iplay.com\/fr\/wp-json\/wp\/v2\/product_cat?post=133381"},{"taxonomy":"product_tag","embeddable":true,"href":"https:\/\/www.iplay.com\/fr\/wp-json\/wp\/v2\/product_tag?post=133381"}],"curies":[{"name":"wp","href":"https:\/\/api.w.org\/{rel}","templated":true}]}}