{"id":133375,"date":"2025-05-02T08:30:31","date_gmt":"2025-05-02T08:30:31","guid":{"rendered":"https:\/\/www.iplay.com\/?post_type=product&p=133375"},"modified":"2025-05-02T08:30:31","modified_gmt":"2025-05-02T08:30:31","slug":"holiday-in-europe-wonders-of-germany-collectors-edition","status":"publish","type":"product","link":"https:\/\/www.iplay.com\/fr\/games\/holiday-in-europe-wonders-of-germany-collectors-edition\/","title":{"rendered":"Holiday in Europe: Wonders of Germany Collector&#8217;s Edition"},"content":{"rendered":"<div class=\"flex-1 flex flex-col gap-3 px-4 max-w-3xl mx-auto w-full pt-1\">\n<div data-test-render-count=\"1\">\n<div>\n<div class=\"group relative -tracking-[0.015em] pb-3\" data-is-streaming=\"false\">\n<div class=\"font-claude-message relative leading-[1.65rem] [&amp;_pre&lt;encoded_tag_closed \/&gt;div]:bg-bg-000\/50 [&amp;_pre&lt;encoded_tag_closed \/&gt;div]:border-0.5 [&amp;_pre&lt;encoded_tag_closed \/&gt;div]:border-border-400 [&amp;_.ignore-pre-bg&lt;encoded_tag_closed \/&gt;div]:bg-transparent [&amp;&lt;encoded_tag_closed \/&gt;div&lt;encoded_tag_closed \/&gt;div&lt;encoded_tag_closed \/&gt;:is(p,blockquote,h1,h2,h3,h4,h5,h6)]:pl-2 [&amp;&lt;encoded_tag_closed \/&gt;div&lt;encoded_tag_closed \/&gt;div&lt;encoded_tag_closed \/&gt;:is(p,blockquote,ul,ol,h1,h2,h3,h4,h5,h6)]:pr-8\">\n<div>\n<div class=\"grid-cols-1 grid gap-2.5 [&amp;_&lt;encoded_tag_closed \/&gt;_*]:min-w-0\">\n<p class=\"whitespace-pre-wrap break-words\">Un voyage extraordinaire est offert \u00e0 travers cette exp\u00e9rience immersive, o\u00f9 l\u2019histoire, la culture et les traditions culinaires de l\u2019Allemagne prennent vie. Le riche patrimoine de cette nation europ\u00e9enne est explor\u00e9 au fur et \u00e0 mesure que les joueurs d\u00e9couvrent des histoires fascinantes derri\u00e8re des monuments embl\u00e9matiques. <\/p>\n<p class=\"whitespace-pre-wrap break-words\">Des rues berlinoises intemporelles sont travers\u00e9es, la grandeur de la porte de Brandebourg est \u00e9merveill\u00e9e et la beaut\u00e9 \u00e9poustouflante des Alpes bavaroises est captur\u00e9e \u00e0 travers des environnements virtuels d\u00e9taill\u00e9s. Les saveurs authentiques de la cuisine allemande traditionnelle sont savour\u00e9es, des saucisses copieuses de la Marienplatz de Munich aux sp\u00e9cialit\u00e9s r\u00e9gionales, chacune ayant sa propre histoire \u00e0 raconter. <\/p>\n<p class=\"whitespace-pre-wrap break-words\">Un m\u00e9lange harmonieux d\u2019histoire et de modernit\u00e9 est d\u00e9couvert dans cette terre vibrante, o\u00f9 les traditions sont v\u00e9cues \u00e0 travers un gameplay interactif. L\u2019\u00e2me de l\u2019Allemagne est r\u00e9v\u00e9l\u00e9e lorsque des liens sont \u00e9tablis avec ses habitants chaleureux et leur h\u00e9ritage culturel captivant. <\/p>\n<p class=\"whitespace-pre-wrap break-words\">Plus qu\u2019un simple jeu est pr\u00e9sent\u00e9 ici, une aventure \u00e0 travers le c\u0153ur de l\u2019Europe est livr\u00e9e, remplie d\u2019\u00e9merveillement, de d\u00e9couverte et de plaisir \u00e0 chaque tournant.<\/p>\n<p>&nbsp;<\/p>\n<p class=\"whitespace-pre-wrap break-words\"><strong>Caract\u00e9ristiques de l\u2019\u00e9dition collector<\/strong><\/p>\n<ul class=\"[&amp;:not(:last-child)_ul]:pb-1 [&amp;:not(:last-child)_ol]:pb-1 list-disc space-y-1.5 pl-7\">\n<li class=\"whitespace-normal break-words\">Un chapitre bonus exclusif est d\u00e9bloqu\u00e9, permettant une immersion plus profonde dans l\u2019aventure allemande<\/li>\n<li class=\"whitespace-normal break-words\">Des objets suppl\u00e9mentaires sont trouv\u00e9s et collect\u00e9s, ce qui am\u00e9liore l\u2019exp\u00e9rience de jeu globale<\/li>\n<li class=\"whitespace-normal break-words\">Un tr\u00e9sor d\u2019extras est appr\u00e9ci\u00e9, y compris des fonds d\u2019\u00e9cran t\u00e9l\u00e9chargeables, un lecteur de musique et des art conceptuels<\/li>\n<\/ul>\n<\/div>\n<\/div>\n<\/div>\n<div class=\"absolute bottom-0 right-2 pointer-events-none\">\n<div class=\"rounded-lg transition min-w-max pointer-events-auto translate-x-2 translate-y-full pt-2\"><\/div>\n<\/div>\n<\/div>\n<\/div>\n<\/div>\n<div><\/div>\n<div aria-hidden=\"true\"><\/div>\n<\/div>\n<div class=\"sticky bottom-0 mx-auto w-full pt-6 z-[5]\"><\/div>\n","protected":false},"excerpt":{"rendered":"<p>Explorez les sites embl\u00e9matiques de l\u2019Allemagne, savourez une cuisine traditionnelle et d\u00e9couvrez un riche patrimoine culturel dans cette aventure europ\u00e9enne immersive.<\/p>\n","protected":false},"author":320,"featured_media":133321,"comment_status":"open","ping_status":"closed","template":"","meta":{"_acf_changed":false,"inline_featured_image":false},"product_brand":[],"product_cat":[165],"product_tag":[287],"class_list":{"0":"post-133375","1":"product","2":"type-product","3":"status-publish","4":"has-post-thumbnail","6":"product_cat-hidden-object-fr","7":"product_tag-play-on-pc-fr","9":"first","10":"instock","11":"shipping-taxable","12":"purchasable","13":"product-type-simple"},"acf":[],"yoast_head":"<!-- This site is optimized with the Yoast SEO Premium plugin v25.2 (Yoast SEO v25.2) - https:\/\/yoast.com\/wordpress\/plugins\/seo\/ -->\n<title>Vacances en Europe\u00a0: d\u00e9couvrez les sites et la culture embl\u00e9matiques de l\u2019Allemagne<\/title>\n<meta name=\"description\" content=\"Explorez les sites embl\u00e9matiques de l\u2019Allemagne, savourez une cuisine traditionnelle et d\u00e9couvrez un riche patrimoine culturel dans cette aventure europ\u00e9enne immersive.\" \/>\n<meta name=\"robots\" content=\"index, follow, max-snippet:-1, max-image-preview:large, max-video-preview:-1\" \/>\n<link rel=\"canonical\" href=\"https:\/\/www.iplay.com\/en\/games\/holiday-in-europe-wonders-of-germany-collectors-edition\/\" \/>\n<meta property=\"og:locale\" content=\"fr_FR\" \/>\n<meta property=\"og:type\" content=\"article\" \/>\n<meta property=\"og:title\" content=\"Holiday in Europe: Wonders of Germany Collector&#039;s Edition\" \/>\n<meta property=\"og:description\" content=\"Explorez les sites embl\u00e9matiques de l\u2019Allemagne, savourez une cuisine traditionnelle et d\u00e9couvrez un riche patrimoine culturel dans cette aventure europ\u00e9enne immersive.\" \/>\n<meta property=\"og:url\" content=\"https:\/\/www.iplay.com\/en\/games\/holiday-in-europe-wonders-of-germany-collectors-edition\/\" \/>\n<meta property=\"og:site_name\" content=\"IPlay\" \/>\n<meta property=\"og:image\" content=\"https:\/\/www.iplay.com\/wp-content\/uploads\/2025\/04\/holiday_in_europe_wonders_of_germany_collectors_edition_large_video_screenshot.webp\" \/>\n\t<meta property=\"og:image:width\" content=\"715\" \/>\n\t<meta property=\"og:image:height\" content=\"485\" \/>\n\t<meta property=\"og:image:type\" content=\"image\/webp\" \/>\n<meta name=\"twitter:card\" content=\"summary_large_image\" \/>\n<meta name=\"twitter:label1\" content=\"Dur\u00e9e de lecture estim\u00e9e\" \/>\n\t<meta name=\"twitter:data1\" content=\"1 minute\" \/>\n<script type=\"application\/ld+json\" class=\"yoast-schema-graph\">{\"@context\":\"https:\/\/schema.org\",\"@graph\":[{\"@type\":\"WebPage\",\"@id\":\"https:\/\/www.iplay.com\/en\/games\/holiday-in-europe-wonders-of-germany-collectors-edition\/\",\"url\":\"https:\/\/www.iplay.com\/en\/games\/holiday-in-europe-wonders-of-germany-collectors-edition\/\",\"name\":\"Vacances en Europe\u00a0: d\u00e9couvrez les sites et la culture embl\u00e9matiques de l\u2019Allemagne\",\"isPartOf\":{\"@id\":\"https:\/\/www.iplay.com\/en\/#website\"},\"primaryImageOfPage\":{\"@id\":\"https:\/\/www.iplay.com\/en\/games\/holiday-in-europe-wonders-of-germany-collectors-edition\/#primaryimage\"},\"image\":{\"@id\":\"https:\/\/www.iplay.com\/en\/games\/holiday-in-europe-wonders-of-germany-collectors-edition\/#primaryimage\"},\"thumbnailUrl\":\"https:\/\/www.iplay.com\/wp-content\/uploads\/2025\/04\/holiday_in_europe_wonders_of_germany_collectors_edition_large_video_screenshot.webp\",\"datePublished\":\"2025-05-02T08:30:31+00:00\",\"description\":\"Explorez les sites embl\u00e9matiques de l\u2019Allemagne, savourez une cuisine traditionnelle et d\u00e9couvrez un riche patrimoine culturel dans cette aventure europ\u00e9enne immersive.\",\"breadcrumb\":{\"@id\":\"https:\/\/www.iplay.com\/en\/games\/holiday-in-europe-wonders-of-germany-collectors-edition\/#breadcrumb\"},\"inLanguage\":\"fr-FR\",\"potentialAction\":[{\"@type\":\"ReadAction\",\"target\":[\"https:\/\/www.iplay.com\/en\/games\/holiday-in-europe-wonders-of-germany-collectors-edition\/\"]}]},{\"@type\":\"ImageObject\",\"inLanguage\":\"fr-FR\",\"@id\":\"https:\/\/www.iplay.com\/en\/games\/holiday-in-europe-wonders-of-germany-collectors-edition\/#primaryimage\",\"url\":\"https:\/\/www.iplay.com\/wp-content\/uploads\/2025\/04\/holiday_in_europe_wonders_of_germany_collectors_edition_large_video_screenshot.webp\",\"contentUrl\":\"https:\/\/www.iplay.com\/wp-content\/uploads\/2025\/04\/holiday_in_europe_wonders_of_germany_collectors_edition_large_video_screenshot.webp\",\"width\":715,\"height\":485},{\"@type\":\"BreadcrumbList\",\"@id\":\"https:\/\/www.iplay.com\/en\/games\/holiday-in-europe-wonders-of-germany-collectors-edition\/#breadcrumb\",\"itemListElement\":[{\"@type\":\"ListItem\",\"position\":1,\"name\":\"Home\",\"item\":\"https:\/\/www.iplay.com\/fr\/home-page-2\/\"},{\"@type\":\"ListItem\",\"position\":2,\"name\":\"Shop\",\"item\":\"https:\/\/www.iplay.com\/en\/shop\/\"},{\"@type\":\"ListItem\",\"position\":3,\"name\":\"Holiday in Europe: Wonders of Germany Collector&#8217;s Edition\"}]},{\"@type\":\"WebSite\",\"@id\":\"https:\/\/www.iplay.com\/en\/#website\",\"url\":\"https:\/\/www.iplay.com\/en\/\",\"name\":\"IPlay\",\"description\":\"The Best Casual Games!\",\"publisher\":{\"@id\":\"https:\/\/www.iplay.com\/en\/#organization\"},\"potentialAction\":[{\"@type\":\"SearchAction\",\"target\":{\"@type\":\"EntryPoint\",\"urlTemplate\":\"https:\/\/www.iplay.com\/en\/?s={search_term_string}\"},\"query-input\":{\"@type\":\"PropertyValueSpecification\",\"valueRequired\":true,\"valueName\":\"search_term_string\"}}],\"inLanguage\":\"fr-FR\"},{\"@type\":\"Organization\",\"@id\":\"https:\/\/www.iplay.com\/en\/#organization\",\"name\":\"IPlay\",\"url\":\"https:\/\/www.iplay.com\/en\/\",\"logo\":{\"@type\":\"ImageObject\",\"inLanguage\":\"fr-FR\",\"@id\":\"https:\/\/www.iplay.com\/en\/#\/schema\/logo\/image\/\",\"url\":\"https:\/\/www.iplay.com\/wp-content\/uploads\/2023\/11\/Group-6100.svg\",\"contentUrl\":\"https:\/\/www.iplay.com\/wp-content\/uploads\/2023\/11\/Group-6100.svg\",\"width\":98,\"height\":25,\"caption\":\"IPlay\"},\"image\":{\"@id\":\"https:\/\/www.iplay.com\/en\/#\/schema\/logo\/image\/\"}}]}<\/script>\n<!-- \/ Yoast SEO Premium plugin. -->","yoast_head_json":{"title":"Vacances en Europe\u00a0: d\u00e9couvrez les sites et la culture embl\u00e9matiques de l\u2019Allemagne","description":"Explorez les sites embl\u00e9matiques de l\u2019Allemagne, savourez une cuisine traditionnelle et d\u00e9couvrez un riche patrimoine culturel dans cette aventure europ\u00e9enne immersive.","robots":{"index":"index","follow":"follow","max-snippet":"max-snippet:-1","max-image-preview":"max-image-preview:large","max-video-preview":"max-video-preview:-1"},"canonical":"https:\/\/www.iplay.com\/en\/games\/holiday-in-europe-wonders-of-germany-collectors-edition\/","og_locale":"fr_FR","og_type":"article","og_title":"Holiday in Europe: Wonders of Germany Collector's Edition","og_description":"Explorez les sites embl\u00e9matiques de l\u2019Allemagne, savourez une cuisine traditionnelle et d\u00e9couvrez un riche patrimoine culturel dans cette aventure europ\u00e9enne immersive.","og_url":"https:\/\/www.iplay.com\/en\/games\/holiday-in-europe-wonders-of-germany-collectors-edition\/","og_site_name":"IPlay","og_image":[{"width":715,"height":485,"url":"https:\/\/www.iplay.com\/wp-content\/uploads\/2025\/04\/holiday_in_europe_wonders_of_germany_collectors_edition_large_video_screenshot.webp","type":"image\/webp"}],"twitter_card":"summary_large_image","twitter_misc":{"Dur\u00e9e de lecture estim\u00e9e":"1 minute"},"schema":{"@context":"https:\/\/schema.org","@graph":[{"@type":"WebPage","@id":"https:\/\/www.iplay.com\/en\/games\/holiday-in-europe-wonders-of-germany-collectors-edition\/","url":"https:\/\/www.iplay.com\/en\/games\/holiday-in-europe-wonders-of-germany-collectors-edition\/","name":"Vacances en Europe\u00a0: d\u00e9couvrez les sites et la culture embl\u00e9matiques de l\u2019Allemagne","isPartOf":{"@id":"https:\/\/www.iplay.com\/en\/#website"},"primaryImageOfPage":{"@id":"https:\/\/www.iplay.com\/en\/games\/holiday-in-europe-wonders-of-germany-collectors-edition\/#primaryimage"},"image":{"@id":"https:\/\/www.iplay.com\/en\/games\/holiday-in-europe-wonders-of-germany-collectors-edition\/#primaryimage"},"thumbnailUrl":"https:\/\/www.iplay.com\/wp-content\/uploads\/2025\/04\/holiday_in_europe_wonders_of_germany_collectors_edition_large_video_screenshot.webp","datePublished":"2025-05-02T08:30:31+00:00","description":"Explorez les sites embl\u00e9matiques de l\u2019Allemagne, savourez une cuisine traditionnelle et d\u00e9couvrez un riche patrimoine culturel dans cette aventure europ\u00e9enne immersive.","breadcrumb":{"@id":"https:\/\/www.iplay.com\/en\/games\/holiday-in-europe-wonders-of-germany-collectors-edition\/#breadcrumb"},"inLanguage":"fr-FR","potentialAction":[{"@type":"ReadAction","target":["https:\/\/www.iplay.com\/en\/games\/holiday-in-europe-wonders-of-germany-collectors-edition\/"]}]},{"@type":"ImageObject","inLanguage":"fr-FR","@id":"https:\/\/www.iplay.com\/en\/games\/holiday-in-europe-wonders-of-germany-collectors-edition\/#primaryimage","url":"https:\/\/www.iplay.com\/wp-content\/uploads\/2025\/04\/holiday_in_europe_wonders_of_germany_collectors_edition_large_video_screenshot.webp","contentUrl":"https:\/\/www.iplay.com\/wp-content\/uploads\/2025\/04\/holiday_in_europe_wonders_of_germany_collectors_edition_large_video_screenshot.webp","width":715,"height":485},{"@type":"BreadcrumbList","@id":"https:\/\/www.iplay.com\/en\/games\/holiday-in-europe-wonders-of-germany-collectors-edition\/#breadcrumb","itemListElement":[{"@type":"ListItem","position":1,"name":"Home","item":"https:\/\/www.iplay.com\/fr\/home-page-2\/"},{"@type":"ListItem","position":2,"name":"Shop","item":"https:\/\/www.iplay.com\/en\/shop\/"},{"@type":"ListItem","position":3,"name":"Holiday in Europe: Wonders of Germany Collector&#8217;s Edition"}]},{"@type":"WebSite","@id":"https:\/\/www.iplay.com\/en\/#website","url":"https:\/\/www.iplay.com\/en\/","name":"IPlay","description":"The Best Casual Games!","publisher":{"@id":"https:\/\/www.iplay.com\/en\/#organization"},"potentialAction":[{"@type":"SearchAction","target":{"@type":"EntryPoint","urlTemplate":"https:\/\/www.iplay.com\/en\/?s={search_term_string}"},"query-input":{"@type":"PropertyValueSpecification","valueRequired":true,"valueName":"search_term_string"}}],"inLanguage":"fr-FR"},{"@type":"Organization","@id":"https:\/\/www.iplay.com\/en\/#organization","name":"IPlay","url":"https:\/\/www.iplay.com\/en\/","logo":{"@type":"ImageObject","inLanguage":"fr-FR","@id":"https:\/\/www.iplay.com\/en\/#\/schema\/logo\/image\/","url":"https:\/\/www.iplay.com\/wp-content\/uploads\/2023\/11\/Group-6100.svg","contentUrl":"https:\/\/www.iplay.com\/wp-content\/uploads\/2023\/11\/Group-6100.svg","width":98,"height":25,"caption":"IPlay"},"image":{"@id":"https:\/\/www.iplay.com\/en\/#\/schema\/logo\/image\/"}}]}},"_links":{"self":[{"href":"https:\/\/www.iplay.com\/fr\/wp-json\/wp\/v2\/product\/133375","targetHints":{"allow":["GET"]}}],"collection":[{"href":"https:\/\/www.iplay.com\/fr\/wp-json\/wp\/v2\/product"}],"about":[{"href":"https:\/\/www.iplay.com\/fr\/wp-json\/wp\/v2\/types\/product"}],"author":[{"embeddable":true,"href":"https:\/\/www.iplay.com\/fr\/wp-json\/wp\/v2\/users\/320"}],"replies":[{"embeddable":true,"href":"https:\/\/www.iplay.com\/fr\/wp-json\/wp\/v2\/comments?post=133375"}],"wp:featuredmedia":[{"embeddable":true,"href":"https:\/\/www.iplay.com\/fr\/wp-json\/wp\/v2\/media\/133321"}],"wp:attachment":[{"href":"https:\/\/www.iplay.com\/fr\/wp-json\/wp\/v2\/media?parent=133375"}],"wp:term":[{"taxonomy":"product_brand","embeddable":true,"href":"https:\/\/www.iplay.com\/fr\/wp-json\/wp\/v2\/product_brand?post=133375"},{"taxonomy":"product_cat","embeddable":true,"href":"https:\/\/www.iplay.com\/fr\/wp-json\/wp\/v2\/product_cat?post=133375"},{"taxonomy":"product_tag","embeddable":true,"href":"https:\/\/www.iplay.com\/fr\/wp-json\/wp\/v2\/product_tag?post=133375"}],"curies":[{"name":"wp","href":"https:\/\/api.w.org\/{rel}","templated":true}]}}