{"id":133373,"date":"2025-05-02T10:30:49","date_gmt":"2025-05-02T10:30:49","guid":{"rendered":"https:\/\/www.iplay.com\/?post_type=product&p=133373"},"modified":"2025-05-02T10:30:49","modified_gmt":"2025-05-02T10:30:49","slug":"find-all-things-collectors-edition","status":"publish","type":"product","link":"https:\/\/www.iplay.com\/fr\/games\/find-all-things-collectors-edition\/","title":{"rendered":"Find All Things &#8211; Collector&#8217;s Edition"},"content":{"rendered":"<p class=\"whitespace-pre-wrap break-words\">Un monde vibrant d\u2019\u00e9nigmes et d\u2019exploration est pr\u00e9sent\u00e9 dans cette collection captivante, o\u00f9 divers mini-jeux et d\u00e9fis sont combin\u00e9s dans des environnements th\u00e9matiques. Des paysages japonais sereins aux ateliers de r\u00e9paration automobile anim\u00e9s, une grande vari\u00e9t\u00e9 de d\u00e9cors est explor\u00e9e au fur et \u00e0 mesure que les talents de d\u00e9tective sont lib\u00e9r\u00e9s. <\/p>\n<p class=\"whitespace-pre-wrap break-words\">Des objets cach\u00e9s sont d\u00e9couverts, des paires sont associ\u00e9es, des \u00e9nigmes captivantes sont abord\u00e9es et des jeux de match-3 sont jou\u00e9s &#8211; tous soigneusement con\u00e7us pour que la concentration et la m\u00e9moire puissent \u00eatre aiguis\u00e9es. \u00c0 chaque niveau termin\u00e9, des pi\u00e8ces sont gagn\u00e9es qui peuvent \u00eatre d\u00e9pens\u00e9es pour des objets de collection, ce qui permet de meubler et de personnaliser les espaces personnels avec des touches cr\u00e9atives. <\/p>\n<p class=\"whitespace-pre-wrap break-words\">Des casse-t\u00eate complexes sont r\u00e9solus et un gameplay relaxant est propos\u00e9, garantissant un divertissement sans fin pour les joueurs de tous \u00e2ges. Avec l\u2019\u00c9dition Collector, l\u2019aventure est consid\u00e9rablement am\u00e9lior\u00e9e gr\u00e2ce \u00e0 des \u00e9tapes suppl\u00e9mentaires, des fonctionnalit\u00e9s exclusives et une immersion plus profonde dans ce voyage rempli de puzzles. <\/p>\n<p>&nbsp;<\/p>\n<p class=\"whitespace-pre-wrap break-words\"><strong>Fonctionnalit\u00e9s:<\/strong><\/p>\n<ul class=\"[&amp;:not(:last-child)_ul]:pb-1 [&amp;:not(:last-child)_ol]:pb-1 list-disc space-y-1.5 pl-7\">\n<li class=\"whitespace-normal break-words\">60 niveaux diff\u00e9rents \u00e0 travers 15 lieux th\u00e9matiques sont explor\u00e9s, des cadres paisibles aux centres anim\u00e9s<\/li>\n<li class=\"whitespace-normal break-words\">Les capacit\u00e9s d\u2019observation sont mises \u00e0 l\u2019\u00e9preuve par des chasses d\u2019objets cach\u00e9s et des jeux d\u2019association de paires<\/li>\n<li class=\"whitespace-normal break-words\">La d\u00e9tente est obtenue gr\u00e2ce \u00e0 un gameplay apaisant et d\u00e9contract\u00e9, parfait pour se d\u00e9tendre<\/li>\n<li class=\"whitespace-normal break-words\">Les capacit\u00e9s de r\u00e9solution de probl\u00e8mes sont aiguis\u00e9es au fur et \u00e0 mesure que des \u00e9nigmes complexes et des casse-t\u00eate sont r\u00e9solus<\/li>\n<\/ul>\n<p>&nbsp;<\/p>\n<p class=\"whitespace-pre-wrap break-words\"><strong>Caract\u00e9ristiques de l\u2019\u00e9dition collector :<\/strong><\/p>\n<ul class=\"[&amp;:not(:last-child)_ul]:pb-1 [&amp;:not(:last-child)_ol]:pb-1 list-disc space-y-1.5 pl-7\">\n<li class=\"whitespace-normal break-words\">6 \u00e9tapes suppl\u00e9mentaires avec 24 niveaux suppl\u00e9mentaires sont pr\u00e9vues pour un plaisir prolong\u00e9<\/li>\n<li class=\"whitespace-normal break-words\">La salle des souvenirs est d\u00e9verrouill\u00e9e et meubl\u00e9e, ajoutant une dimension interactive<\/li>\n<li class=\"whitespace-normal break-words\">Un lecteur de musique est accessible, gr\u00e2ce auquel l\u2019exp\u00e9rience est am\u00e9lior\u00e9e avec des airs d\u00e9licieux<\/li>\n<li class=\"whitespace-normal break-words\">Les fonds d\u2019\u00e9cran sont appr\u00e9ci\u00e9s, apportant le charme du jeu aux environnements quotidiens<\/li>\n<\/ul>\n","protected":false},"excerpt":{"rendered":"<p>D\u00e9couvrez des objets cach\u00e9s dans des lieux th\u00e9matiques allant du Japon aux ateliers de r\u00e9paration automobile &#8211; R\u00e9solvez des \u00e9nigmes, gagnez des pi\u00e8ces et meublez votre chambre personnelle !<\/p>\n","protected":false},"author":38,"featured_media":133367,"comment_status":"open","ping_status":"closed","template":"","meta":{"_acf_changed":false,"inline_featured_image":false},"product_brand":[],"product_cat":[165],"product_tag":[287],"class_list":{"0":"post-133373","1":"product","2":"type-product","3":"status-publish","4":"has-post-thumbnail","6":"product_cat-hidden-object-fr","7":"product_tag-play-on-pc-fr","9":"first","10":"instock","11":"shipping-taxable","12":"purchasable","13":"product-type-simple"},"acf":[],"yoast_head":"<!-- This site is optimized with the Yoast SEO Premium plugin v25.2 (Yoast SEO v25.2) - https:\/\/yoast.com\/wordpress\/plugins\/seo\/ -->\n<title>Trouvez tout - CE : un monde vibrant d\u2019\u00e9nigmes et d\u2019exploration<\/title>\n<meta name=\"description\" content=\"D\u00e9couvrez des objets cach\u00e9s dans des lieux th\u00e9matiques allant du Japon aux ateliers de r\u00e9paration automobile - R\u00e9solvez des \u00e9nigmes, gagnez des pi\u00e8ces et meublez votre chambre personnelle !\" \/>\n<meta name=\"robots\" content=\"index, follow, max-snippet:-1, max-image-preview:large, max-video-preview:-1\" \/>\n<link rel=\"canonical\" href=\"https:\/\/www.iplay.com\/en\/games\/find-all-things-collectors-edition\/\" \/>\n<meta property=\"og:locale\" content=\"fr_FR\" \/>\n<meta property=\"og:type\" content=\"article\" \/>\n<meta property=\"og:title\" content=\"Find All Things - Collector&#039;s Edition\" \/>\n<meta property=\"og:description\" content=\"D\u00e9couvrez des objets cach\u00e9s dans des lieux th\u00e9matiques allant du Japon aux ateliers de r\u00e9paration automobile - R\u00e9solvez des \u00e9nigmes, gagnez des pi\u00e8ces et meublez votre chambre personnelle !\" \/>\n<meta property=\"og:url\" content=\"https:\/\/www.iplay.com\/en\/games\/find-all-things-collectors-edition\/\" \/>\n<meta property=\"og:site_name\" content=\"IPlay\" \/>\n<meta property=\"og:image\" content=\"https:\/\/www.iplay.com\/wp-content\/uploads\/2025\/04\/find_all_things_-_collectors_edition_large_video_screenshot.webp\" \/>\n\t<meta property=\"og:image:width\" content=\"715\" \/>\n\t<meta property=\"og:image:height\" content=\"485\" \/>\n\t<meta property=\"og:image:type\" content=\"image\/webp\" \/>\n<meta name=\"twitter:card\" content=\"summary_large_image\" \/>\n<meta name=\"twitter:label1\" content=\"Dur\u00e9e de lecture estim\u00e9e\" \/>\n\t<meta name=\"twitter:data1\" content=\"2 minutes\" \/>\n<script type=\"application\/ld+json\" class=\"yoast-schema-graph\">{\"@context\":\"https:\/\/schema.org\",\"@graph\":[{\"@type\":\"WebPage\",\"@id\":\"https:\/\/www.iplay.com\/en\/games\/find-all-things-collectors-edition\/\",\"url\":\"https:\/\/www.iplay.com\/en\/games\/find-all-things-collectors-edition\/\",\"name\":\"Trouvez tout - CE : un monde vibrant d\u2019\u00e9nigmes et d\u2019exploration\",\"isPartOf\":{\"@id\":\"https:\/\/www.iplay.com\/en\/#website\"},\"primaryImageOfPage\":{\"@id\":\"https:\/\/www.iplay.com\/en\/games\/find-all-things-collectors-edition\/#primaryimage\"},\"image\":{\"@id\":\"https:\/\/www.iplay.com\/en\/games\/find-all-things-collectors-edition\/#primaryimage\"},\"thumbnailUrl\":\"https:\/\/www.iplay.com\/wp-content\/uploads\/2025\/04\/find_all_things_-_collectors_edition_large_video_screenshot.webp\",\"datePublished\":\"2025-05-02T10:30:49+00:00\",\"description\":\"D\u00e9couvrez des objets cach\u00e9s dans des lieux th\u00e9matiques allant du Japon aux ateliers de r\u00e9paration automobile - R\u00e9solvez des \u00e9nigmes, gagnez des pi\u00e8ces et meublez votre chambre personnelle !\",\"breadcrumb\":{\"@id\":\"https:\/\/www.iplay.com\/en\/games\/find-all-things-collectors-edition\/#breadcrumb\"},\"inLanguage\":\"fr-FR\",\"potentialAction\":[{\"@type\":\"ReadAction\",\"target\":[\"https:\/\/www.iplay.com\/en\/games\/find-all-things-collectors-edition\/\"]}]},{\"@type\":\"ImageObject\",\"inLanguage\":\"fr-FR\",\"@id\":\"https:\/\/www.iplay.com\/en\/games\/find-all-things-collectors-edition\/#primaryimage\",\"url\":\"https:\/\/www.iplay.com\/wp-content\/uploads\/2025\/04\/find_all_things_-_collectors_edition_large_video_screenshot.webp\",\"contentUrl\":\"https:\/\/www.iplay.com\/wp-content\/uploads\/2025\/04\/find_all_things_-_collectors_edition_large_video_screenshot.webp\",\"width\":715,\"height\":485},{\"@type\":\"BreadcrumbList\",\"@id\":\"https:\/\/www.iplay.com\/en\/games\/find-all-things-collectors-edition\/#breadcrumb\",\"itemListElement\":[{\"@type\":\"ListItem\",\"position\":1,\"name\":\"Home\",\"item\":\"https:\/\/www.iplay.com\/fr\/home-page-2\/\"},{\"@type\":\"ListItem\",\"position\":2,\"name\":\"Shop\",\"item\":\"https:\/\/www.iplay.com\/en\/shop\/\"},{\"@type\":\"ListItem\",\"position\":3,\"name\":\"Find All Things &#8211; Collector&#8217;s Edition\"}]},{\"@type\":\"WebSite\",\"@id\":\"https:\/\/www.iplay.com\/en\/#website\",\"url\":\"https:\/\/www.iplay.com\/en\/\",\"name\":\"IPlay\",\"description\":\"The Best Casual Games!\",\"publisher\":{\"@id\":\"https:\/\/www.iplay.com\/en\/#organization\"},\"potentialAction\":[{\"@type\":\"SearchAction\",\"target\":{\"@type\":\"EntryPoint\",\"urlTemplate\":\"https:\/\/www.iplay.com\/en\/?s={search_term_string}\"},\"query-input\":{\"@type\":\"PropertyValueSpecification\",\"valueRequired\":true,\"valueName\":\"search_term_string\"}}],\"inLanguage\":\"fr-FR\"},{\"@type\":\"Organization\",\"@id\":\"https:\/\/www.iplay.com\/en\/#organization\",\"name\":\"IPlay\",\"url\":\"https:\/\/www.iplay.com\/en\/\",\"logo\":{\"@type\":\"ImageObject\",\"inLanguage\":\"fr-FR\",\"@id\":\"https:\/\/www.iplay.com\/en\/#\/schema\/logo\/image\/\",\"url\":\"https:\/\/www.iplay.com\/wp-content\/uploads\/2023\/11\/Group-6100.svg\",\"contentUrl\":\"https:\/\/www.iplay.com\/wp-content\/uploads\/2023\/11\/Group-6100.svg\",\"width\":98,\"height\":25,\"caption\":\"IPlay\"},\"image\":{\"@id\":\"https:\/\/www.iplay.com\/en\/#\/schema\/logo\/image\/\"}}]}<\/script>\n<!-- \/ Yoast SEO Premium plugin. -->","yoast_head_json":{"title":"Trouvez tout - CE : un monde vibrant d\u2019\u00e9nigmes et d\u2019exploration","description":"D\u00e9couvrez des objets cach\u00e9s dans des lieux th\u00e9matiques allant du Japon aux ateliers de r\u00e9paration automobile - R\u00e9solvez des \u00e9nigmes, gagnez des pi\u00e8ces et meublez votre chambre personnelle !","robots":{"index":"index","follow":"follow","max-snippet":"max-snippet:-1","max-image-preview":"max-image-preview:large","max-video-preview":"max-video-preview:-1"},"canonical":"https:\/\/www.iplay.com\/en\/games\/find-all-things-collectors-edition\/","og_locale":"fr_FR","og_type":"article","og_title":"Find All Things - Collector's Edition","og_description":"D\u00e9couvrez des objets cach\u00e9s dans des lieux th\u00e9matiques allant du Japon aux ateliers de r\u00e9paration automobile - R\u00e9solvez des \u00e9nigmes, gagnez des pi\u00e8ces et meublez votre chambre personnelle !","og_url":"https:\/\/www.iplay.com\/en\/games\/find-all-things-collectors-edition\/","og_site_name":"IPlay","og_image":[{"width":715,"height":485,"url":"https:\/\/www.iplay.com\/wp-content\/uploads\/2025\/04\/find_all_things_-_collectors_edition_large_video_screenshot.webp","type":"image\/webp"}],"twitter_card":"summary_large_image","twitter_misc":{"Dur\u00e9e de lecture estim\u00e9e":"2 minutes"},"schema":{"@context":"https:\/\/schema.org","@graph":[{"@type":"WebPage","@id":"https:\/\/www.iplay.com\/en\/games\/find-all-things-collectors-edition\/","url":"https:\/\/www.iplay.com\/en\/games\/find-all-things-collectors-edition\/","name":"Trouvez tout - CE : un monde vibrant d\u2019\u00e9nigmes et d\u2019exploration","isPartOf":{"@id":"https:\/\/www.iplay.com\/en\/#website"},"primaryImageOfPage":{"@id":"https:\/\/www.iplay.com\/en\/games\/find-all-things-collectors-edition\/#primaryimage"},"image":{"@id":"https:\/\/www.iplay.com\/en\/games\/find-all-things-collectors-edition\/#primaryimage"},"thumbnailUrl":"https:\/\/www.iplay.com\/wp-content\/uploads\/2025\/04\/find_all_things_-_collectors_edition_large_video_screenshot.webp","datePublished":"2025-05-02T10:30:49+00:00","description":"D\u00e9couvrez des objets cach\u00e9s dans des lieux th\u00e9matiques allant du Japon aux ateliers de r\u00e9paration automobile - R\u00e9solvez des \u00e9nigmes, gagnez des pi\u00e8ces et meublez votre chambre personnelle !","breadcrumb":{"@id":"https:\/\/www.iplay.com\/en\/games\/find-all-things-collectors-edition\/#breadcrumb"},"inLanguage":"fr-FR","potentialAction":[{"@type":"ReadAction","target":["https:\/\/www.iplay.com\/en\/games\/find-all-things-collectors-edition\/"]}]},{"@type":"ImageObject","inLanguage":"fr-FR","@id":"https:\/\/www.iplay.com\/en\/games\/find-all-things-collectors-edition\/#primaryimage","url":"https:\/\/www.iplay.com\/wp-content\/uploads\/2025\/04\/find_all_things_-_collectors_edition_large_video_screenshot.webp","contentUrl":"https:\/\/www.iplay.com\/wp-content\/uploads\/2025\/04\/find_all_things_-_collectors_edition_large_video_screenshot.webp","width":715,"height":485},{"@type":"BreadcrumbList","@id":"https:\/\/www.iplay.com\/en\/games\/find-all-things-collectors-edition\/#breadcrumb","itemListElement":[{"@type":"ListItem","position":1,"name":"Home","item":"https:\/\/www.iplay.com\/fr\/home-page-2\/"},{"@type":"ListItem","position":2,"name":"Shop","item":"https:\/\/www.iplay.com\/en\/shop\/"},{"@type":"ListItem","position":3,"name":"Find All Things &#8211; Collector&#8217;s Edition"}]},{"@type":"WebSite","@id":"https:\/\/www.iplay.com\/en\/#website","url":"https:\/\/www.iplay.com\/en\/","name":"IPlay","description":"The Best Casual Games!","publisher":{"@id":"https:\/\/www.iplay.com\/en\/#organization"},"potentialAction":[{"@type":"SearchAction","target":{"@type":"EntryPoint","urlTemplate":"https:\/\/www.iplay.com\/en\/?s={search_term_string}"},"query-input":{"@type":"PropertyValueSpecification","valueRequired":true,"valueName":"search_term_string"}}],"inLanguage":"fr-FR"},{"@type":"Organization","@id":"https:\/\/www.iplay.com\/en\/#organization","name":"IPlay","url":"https:\/\/www.iplay.com\/en\/","logo":{"@type":"ImageObject","inLanguage":"fr-FR","@id":"https:\/\/www.iplay.com\/en\/#\/schema\/logo\/image\/","url":"https:\/\/www.iplay.com\/wp-content\/uploads\/2023\/11\/Group-6100.svg","contentUrl":"https:\/\/www.iplay.com\/wp-content\/uploads\/2023\/11\/Group-6100.svg","width":98,"height":25,"caption":"IPlay"},"image":{"@id":"https:\/\/www.iplay.com\/en\/#\/schema\/logo\/image\/"}}]}},"_links":{"self":[{"href":"https:\/\/www.iplay.com\/fr\/wp-json\/wp\/v2\/product\/133373","targetHints":{"allow":["GET"]}}],"collection":[{"href":"https:\/\/www.iplay.com\/fr\/wp-json\/wp\/v2\/product"}],"about":[{"href":"https:\/\/www.iplay.com\/fr\/wp-json\/wp\/v2\/types\/product"}],"author":[{"embeddable":true,"href":"https:\/\/www.iplay.com\/fr\/wp-json\/wp\/v2\/users\/38"}],"replies":[{"embeddable":true,"href":"https:\/\/www.iplay.com\/fr\/wp-json\/wp\/v2\/comments?post=133373"}],"wp:featuredmedia":[{"embeddable":true,"href":"https:\/\/www.iplay.com\/fr\/wp-json\/wp\/v2\/media\/133367"}],"wp:attachment":[{"href":"https:\/\/www.iplay.com\/fr\/wp-json\/wp\/v2\/media?parent=133373"}],"wp:term":[{"taxonomy":"product_brand","embeddable":true,"href":"https:\/\/www.iplay.com\/fr\/wp-json\/wp\/v2\/product_brand?post=133373"},{"taxonomy":"product_cat","embeddable":true,"href":"https:\/\/www.iplay.com\/fr\/wp-json\/wp\/v2\/product_cat?post=133373"},{"taxonomy":"product_tag","embeddable":true,"href":"https:\/\/www.iplay.com\/fr\/wp-json\/wp\/v2\/product_tag?post=133373"}],"curies":[{"name":"wp","href":"https:\/\/api.w.org\/{rel}","templated":true}]}}