{"id":133235,"date":"2022-10-30T00:00:00","date_gmt":"2022-10-30T00:00:00","guid":{"rendered":"https:\/\/www.iplay.com\/games\/halloween-chronicles-behind-the-door-collectors-edition\/"},"modified":"2022-10-30T00:00:00","modified_gmt":"2022-10-30T00:00:00","slug":"halloween-chronicles-behind-the-door-collectors-edition","status":"publish","type":"product","link":"https:\/\/www.iplay.com\/fr\/games\/halloween-chronicles-behind-the-door-collectors-edition\/","title":{"rendered":"Halloween Chronicles: Behind the Door Collector&#8217;s Edition"},"content":{"rendered":"<p>Exactement ce qu\u2019il faut pour Halloween&nbsp;! Savourez le prochain \u00e9pisode terrifiant de la s\u00e9rie de livres <em>Halloween Chronicles<\/em> ! Personne n\u2019\u00e9tait pr\u00e9par\u00e9 \u00e0 la v\u00e9rit\u00e9, m\u00eame si vous et vos amis aviez lu les mises en garde et entendu les histoires. Ce n\u2019\u00e9tait qu\u2019un jeu, apr\u00e8s tout ! Cet Halloween, tentez votre chance et entrez dans un monde terrifiant o\u00f9 des cr\u00e9atures mythiques et des monstres bien connus se d\u00e9cha\u00eenent et o\u00f9 les lois de la r\u00e9alit\u00e9 ne s\u2019appliquent pas. Dans votre qu\u00eate pour rentrer chez vous et sauver vos amis du mal\u00e9fique Kriben, vous affronterez des monstres que l\u2019on ne trouve que dans les r\u00eaves. Pr\u00e9parez-vous \u00e0 r\u00e9soudre des \u00e9nigmes difficiles et \u00e0 rechercher des objets cach\u00e9s dans ce jeu d\u2019aventure et de puzzle d\u2019objets cach\u00e9s !      <\/p>\n<p>&nbsp;<\/p>\n<p>&nbsp;<\/p>\n<p><strong>Fonctionnalit\u00e9s:<\/strong><\/p>\n<p>&nbsp;<\/p>\n<p>&#8211; Jouez au jeu bonus pour sauver votre s\u0153ur d\u2019un rituel mal\u00e9fique !<\/p>\n<p>&#8211; Rejouez \u00e0 vos mini-jeux et SOC pr\u00e9f\u00e9r\u00e9s pour d\u00e9bloquer des succ\u00e8s !<\/p>\n<p>&#8211; Il y a une tonne de morphes \u00e0 localiser, de figurines de monstres \u00e0 acqu\u00e9rir et d\u2019argent \u00e0 d\u00e9penser pour des biens magiques !<\/p>\n<p>&#8211; Affrontez les obstacles de Kriben en utilisant le guide de strat\u00e9gie utile !<\/p>\n<p>&#8211; Fonds d\u2019\u00e9cran et bandes sonores t\u00e9l\u00e9chargeables pour maintenir l\u2019ambiance festive tout au long de la saison !<\/p>\n","protected":false},"excerpt":{"rendered":"<p>Exactement ce qu\u2019il faut pour Halloween&nbsp;! Appr\u00e9ciez cet \u00e9pisode horrifiant des Chroniques d\u2019Halloween ! <\/p>\n","protected":false},"author":17,"featured_media":75631,"comment_status":"open","ping_status":"closed","template":"","meta":{"_acf_changed":false,"inline_featured_image":false},"product_brand":[],"product_cat":[165],"product_tag":[287],"class_list":{"0":"post-133235","1":"product","2":"type-product","3":"status-publish","4":"has-post-thumbnail","6":"product_cat-hidden-object-fr","7":"product_tag-play-on-pc-fr","9":"first","10":"instock","11":"shipping-taxable","12":"purchasable","13":"product-type-simple"},"acf":[],"yoast_head":"<!-- This site is optimized with the Yoast SEO Premium plugin v25.2 (Yoast SEO v25.2) - https:\/\/yoast.com\/wordpress\/plugins\/seo\/ -->\n<title>Les Chroniques d\u2019Halloween\u00a0: Derri\u00e8re la porte \u00c9dition Collector - La s\u00e9rie Les Chroniques d\u2019Halloween apporte une nouvelle partie horrifique<\/title>\n<meta name=\"description\" content=\"Exactement ce qu\u2019il faut pour Halloween&nbsp;! Appr\u00e9ciez cet \u00e9pisode horrifiant des Chroniques d\u2019Halloween !\" \/>\n<meta name=\"robots\" content=\"index, follow, max-snippet:-1, max-image-preview:large, max-video-preview:-1\" \/>\n<link rel=\"canonical\" href=\"https:\/\/www.iplay.com\/fr\/games\/halloween-chronicles-behind-the-door-collectors-edition\/\" \/>\n<meta property=\"og:locale\" content=\"fr_FR\" \/>\n<meta property=\"og:type\" content=\"article\" \/>\n<meta property=\"og:title\" content=\"Halloween Chronicles: Behind the Door Collector&#039;s Edition\" \/>\n<meta property=\"og:description\" content=\"Exactement ce qu\u2019il faut pour Halloween&nbsp;! Appr\u00e9ciez cet \u00e9pisode horrifiant des Chroniques d\u2019Halloween !\" \/>\n<meta property=\"og:url\" content=\"https:\/\/www.iplay.com\/fr\/games\/halloween-chronicles-behind-the-door-collectors-edition\/\" \/>\n<meta property=\"og:site_name\" content=\"IPlay\" \/>\n<meta property=\"og:image\" content=\"https:\/\/www.iplay.com\/wp-content\/uploads\/2023\/12\/large_square_tile_image-2221.jpg\" \/>\n\t<meta property=\"og:image:width\" content=\"310\" \/>\n\t<meta property=\"og:image:height\" content=\"310\" \/>\n\t<meta property=\"og:image:type\" content=\"image\/jpeg\" \/>\n<meta name=\"twitter:card\" content=\"summary_large_image\" \/>\n<meta name=\"twitter:label1\" content=\"Dur\u00e9e de lecture estim\u00e9e\" \/>\n\t<meta name=\"twitter:data1\" content=\"1 minute\" \/>\n<script type=\"application\/ld+json\" class=\"yoast-schema-graph\">{\"@context\":\"https:\/\/schema.org\",\"@graph\":[{\"@type\":\"WebPage\",\"@id\":\"https:\/\/www.iplay.com\/fr\/games\/halloween-chronicles-behind-the-door-collectors-edition\/\",\"url\":\"https:\/\/www.iplay.com\/fr\/games\/halloween-chronicles-behind-the-door-collectors-edition\/\",\"name\":\"Les Chroniques d\u2019Halloween\u00a0: Derri\u00e8re la porte \u00c9dition Collector - La s\u00e9rie Les Chroniques d\u2019Halloween apporte une nouvelle partie horrifique\",\"isPartOf\":{\"@id\":\"https:\/\/www.iplay.com\/en\/#website\"},\"primaryImageOfPage\":{\"@id\":\"https:\/\/www.iplay.com\/fr\/games\/halloween-chronicles-behind-the-door-collectors-edition\/#primaryimage\"},\"image\":{\"@id\":\"https:\/\/www.iplay.com\/fr\/games\/halloween-chronicles-behind-the-door-collectors-edition\/#primaryimage\"},\"thumbnailUrl\":\"https:\/\/www.iplay.com\/wp-content\/uploads\/2023\/12\/large_square_tile_image-2221.jpg\",\"datePublished\":\"2022-10-30T00:00:00+00:00\",\"description\":\"Exactement ce qu\u2019il faut pour Halloween&nbsp;! Appr\u00e9ciez cet \u00e9pisode horrifiant des Chroniques d\u2019Halloween !\",\"breadcrumb\":{\"@id\":\"https:\/\/www.iplay.com\/fr\/games\/halloween-chronicles-behind-the-door-collectors-edition\/#breadcrumb\"},\"inLanguage\":\"fr-FR\",\"potentialAction\":[{\"@type\":\"ReadAction\",\"target\":[\"https:\/\/www.iplay.com\/fr\/games\/halloween-chronicles-behind-the-door-collectors-edition\/\"]}]},{\"@type\":\"ImageObject\",\"inLanguage\":\"fr-FR\",\"@id\":\"https:\/\/www.iplay.com\/fr\/games\/halloween-chronicles-behind-the-door-collectors-edition\/#primaryimage\",\"url\":\"https:\/\/www.iplay.com\/wp-content\/uploads\/2023\/12\/large_square_tile_image-2221.jpg\",\"contentUrl\":\"https:\/\/www.iplay.com\/wp-content\/uploads\/2023\/12\/large_square_tile_image-2221.jpg\",\"width\":310,\"height\":310},{\"@type\":\"BreadcrumbList\",\"@id\":\"https:\/\/www.iplay.com\/fr\/games\/halloween-chronicles-behind-the-door-collectors-edition\/#breadcrumb\",\"itemListElement\":[{\"@type\":\"ListItem\",\"position\":1,\"name\":\"Home\",\"item\":\"https:\/\/www.iplay.com\/fr\/home-page-2\/\"},{\"@type\":\"ListItem\",\"position\":2,\"name\":\"Shop\",\"item\":\"https:\/\/www.iplay.com\/en\/shop\/\"},{\"@type\":\"ListItem\",\"position\":3,\"name\":\"Halloween Chronicles: Behind the Door Collector&#8217;s Edition\"}]},{\"@type\":\"WebSite\",\"@id\":\"https:\/\/www.iplay.com\/en\/#website\",\"url\":\"https:\/\/www.iplay.com\/en\/\",\"name\":\"IPlay\",\"description\":\"The Best Casual Games!\",\"publisher\":{\"@id\":\"https:\/\/www.iplay.com\/en\/#organization\"},\"potentialAction\":[{\"@type\":\"SearchAction\",\"target\":{\"@type\":\"EntryPoint\",\"urlTemplate\":\"https:\/\/www.iplay.com\/en\/?s={search_term_string}\"},\"query-input\":{\"@type\":\"PropertyValueSpecification\",\"valueRequired\":true,\"valueName\":\"search_term_string\"}}],\"inLanguage\":\"fr-FR\"},{\"@type\":\"Organization\",\"@id\":\"https:\/\/www.iplay.com\/en\/#organization\",\"name\":\"IPlay\",\"url\":\"https:\/\/www.iplay.com\/en\/\",\"logo\":{\"@type\":\"ImageObject\",\"inLanguage\":\"fr-FR\",\"@id\":\"https:\/\/www.iplay.com\/en\/#\/schema\/logo\/image\/\",\"url\":\"https:\/\/www.iplay.com\/wp-content\/uploads\/2023\/11\/Group-6100.svg\",\"contentUrl\":\"https:\/\/www.iplay.com\/wp-content\/uploads\/2023\/11\/Group-6100.svg\",\"width\":98,\"height\":25,\"caption\":\"IPlay\"},\"image\":{\"@id\":\"https:\/\/www.iplay.com\/en\/#\/schema\/logo\/image\/\"}}]}<\/script>\n<!-- \/ Yoast SEO Premium plugin. -->","yoast_head_json":{"title":"Les Chroniques d\u2019Halloween\u00a0: Derri\u00e8re la porte \u00c9dition Collector - La s\u00e9rie Les Chroniques d\u2019Halloween apporte une nouvelle partie horrifique","description":"Exactement ce qu\u2019il faut pour Halloween&nbsp;! Appr\u00e9ciez cet \u00e9pisode horrifiant des Chroniques d\u2019Halloween !","robots":{"index":"index","follow":"follow","max-snippet":"max-snippet:-1","max-image-preview":"max-image-preview:large","max-video-preview":"max-video-preview:-1"},"canonical":"https:\/\/www.iplay.com\/fr\/games\/halloween-chronicles-behind-the-door-collectors-edition\/","og_locale":"fr_FR","og_type":"article","og_title":"Halloween Chronicles: Behind the Door Collector's Edition","og_description":"Exactement ce qu\u2019il faut pour Halloween&nbsp;! Appr\u00e9ciez cet \u00e9pisode horrifiant des Chroniques d\u2019Halloween !","og_url":"https:\/\/www.iplay.com\/fr\/games\/halloween-chronicles-behind-the-door-collectors-edition\/","og_site_name":"IPlay","og_image":[{"width":310,"height":310,"url":"https:\/\/www.iplay.com\/wp-content\/uploads\/2023\/12\/large_square_tile_image-2221.jpg","type":"image\/jpeg"}],"twitter_card":"summary_large_image","twitter_misc":{"Dur\u00e9e de lecture estim\u00e9e":"1 minute"},"schema":{"@context":"https:\/\/schema.org","@graph":[{"@type":"WebPage","@id":"https:\/\/www.iplay.com\/fr\/games\/halloween-chronicles-behind-the-door-collectors-edition\/","url":"https:\/\/www.iplay.com\/fr\/games\/halloween-chronicles-behind-the-door-collectors-edition\/","name":"Les Chroniques d\u2019Halloween\u00a0: Derri\u00e8re la porte \u00c9dition Collector - La s\u00e9rie Les Chroniques d\u2019Halloween apporte une nouvelle partie horrifique","isPartOf":{"@id":"https:\/\/www.iplay.com\/en\/#website"},"primaryImageOfPage":{"@id":"https:\/\/www.iplay.com\/fr\/games\/halloween-chronicles-behind-the-door-collectors-edition\/#primaryimage"},"image":{"@id":"https:\/\/www.iplay.com\/fr\/games\/halloween-chronicles-behind-the-door-collectors-edition\/#primaryimage"},"thumbnailUrl":"https:\/\/www.iplay.com\/wp-content\/uploads\/2023\/12\/large_square_tile_image-2221.jpg","datePublished":"2022-10-30T00:00:00+00:00","description":"Exactement ce qu\u2019il faut pour Halloween&nbsp;! Appr\u00e9ciez cet \u00e9pisode horrifiant des Chroniques d\u2019Halloween !","breadcrumb":{"@id":"https:\/\/www.iplay.com\/fr\/games\/halloween-chronicles-behind-the-door-collectors-edition\/#breadcrumb"},"inLanguage":"fr-FR","potentialAction":[{"@type":"ReadAction","target":["https:\/\/www.iplay.com\/fr\/games\/halloween-chronicles-behind-the-door-collectors-edition\/"]}]},{"@type":"ImageObject","inLanguage":"fr-FR","@id":"https:\/\/www.iplay.com\/fr\/games\/halloween-chronicles-behind-the-door-collectors-edition\/#primaryimage","url":"https:\/\/www.iplay.com\/wp-content\/uploads\/2023\/12\/large_square_tile_image-2221.jpg","contentUrl":"https:\/\/www.iplay.com\/wp-content\/uploads\/2023\/12\/large_square_tile_image-2221.jpg","width":310,"height":310},{"@type":"BreadcrumbList","@id":"https:\/\/www.iplay.com\/fr\/games\/halloween-chronicles-behind-the-door-collectors-edition\/#breadcrumb","itemListElement":[{"@type":"ListItem","position":1,"name":"Home","item":"https:\/\/www.iplay.com\/fr\/home-page-2\/"},{"@type":"ListItem","position":2,"name":"Shop","item":"https:\/\/www.iplay.com\/en\/shop\/"},{"@type":"ListItem","position":3,"name":"Halloween Chronicles: Behind the Door Collector&#8217;s Edition"}]},{"@type":"WebSite","@id":"https:\/\/www.iplay.com\/en\/#website","url":"https:\/\/www.iplay.com\/en\/","name":"IPlay","description":"The Best Casual Games!","publisher":{"@id":"https:\/\/www.iplay.com\/en\/#organization"},"potentialAction":[{"@type":"SearchAction","target":{"@type":"EntryPoint","urlTemplate":"https:\/\/www.iplay.com\/en\/?s={search_term_string}"},"query-input":{"@type":"PropertyValueSpecification","valueRequired":true,"valueName":"search_term_string"}}],"inLanguage":"fr-FR"},{"@type":"Organization","@id":"https:\/\/www.iplay.com\/en\/#organization","name":"IPlay","url":"https:\/\/www.iplay.com\/en\/","logo":{"@type":"ImageObject","inLanguage":"fr-FR","@id":"https:\/\/www.iplay.com\/en\/#\/schema\/logo\/image\/","url":"https:\/\/www.iplay.com\/wp-content\/uploads\/2023\/11\/Group-6100.svg","contentUrl":"https:\/\/www.iplay.com\/wp-content\/uploads\/2023\/11\/Group-6100.svg","width":98,"height":25,"caption":"IPlay"},"image":{"@id":"https:\/\/www.iplay.com\/en\/#\/schema\/logo\/image\/"}}]}},"_links":{"self":[{"href":"https:\/\/www.iplay.com\/fr\/wp-json\/wp\/v2\/product\/133235","targetHints":{"allow":["GET"]}}],"collection":[{"href":"https:\/\/www.iplay.com\/fr\/wp-json\/wp\/v2\/product"}],"about":[{"href":"https:\/\/www.iplay.com\/fr\/wp-json\/wp\/v2\/types\/product"}],"author":[{"embeddable":true,"href":"https:\/\/www.iplay.com\/fr\/wp-json\/wp\/v2\/users\/17"}],"replies":[{"embeddable":true,"href":"https:\/\/www.iplay.com\/fr\/wp-json\/wp\/v2\/comments?post=133235"}],"wp:featuredmedia":[{"embeddable":true,"href":"https:\/\/www.iplay.com\/fr\/wp-json\/wp\/v2\/media\/75631"}],"wp:attachment":[{"href":"https:\/\/www.iplay.com\/fr\/wp-json\/wp\/v2\/media?parent=133235"}],"wp:term":[{"taxonomy":"product_brand","embeddable":true,"href":"https:\/\/www.iplay.com\/fr\/wp-json\/wp\/v2\/product_brand?post=133235"},{"taxonomy":"product_cat","embeddable":true,"href":"https:\/\/www.iplay.com\/fr\/wp-json\/wp\/v2\/product_cat?post=133235"},{"taxonomy":"product_tag","embeddable":true,"href":"https:\/\/www.iplay.com\/fr\/wp-json\/wp\/v2\/product_tag?post=133235"}],"curies":[{"name":"wp","href":"https:\/\/api.w.org\/{rel}","templated":true}]}}